{"id":4510,"date":"2024-01-26T14:05:41","date_gmt":"2024-01-26T13:05:41","guid":{"rendered":"https:\/\/wp.kristdemokraterna.se\/uppsala\/?page_id=4510"},"modified":"2025-06-14T01:04:25","modified_gmt":"2025-06-13T23:04:25","slug":"budget-2024","status":"publish","type":"page","link":"https:\/\/wp.kristdemokraterna.se\/uppsala\/kd-i-uppsala-kommun\/arsmote2025\/budget-2024\/","title":{"rendered":"Budget 2024"},"content":{"rendered":"<p><img loading=\"lazy\" decoding=\"async\" src=\"http:\/\/wp.kristdemokraterna.se\/uppsala\/files\/2024\/01\/familjefotongbg2021-5-2000x490.jpeg\" alt=\"\" width=\"2000\" height=\"490\" \/><\/p>\n<h2>SUNDA V\u00c4RDERINGAR STARKARE UPPSALA<\/h2>\n<p>2024 kommer bli ett tufft \u00e5r. Rysslands invasion av Ukraina och det p\u00e5f\u00f6ljande instabila<br \/>\ns\u00e4kerhetsl\u00e4get, inflation, stigande r\u00e4ntor, kommande l\u00e5gkonjunktur och utmaningar n\u00e4r det g\u00e4ller<br \/>\nbristande integration och os\u00e4kerhet i kommunen ger oss ov\u00e4ntade och stora utmaningar.<br \/>\nVi beh\u00f6ver nu prioritera k\u00e4rnverksamheten \u2013 skola och omsorg, och ta bort on\u00f6diga verksamheter<br \/>\noch administration som tynger kommunen. Vi har inte r\u00e5d med storvulna investeringar i form av ett<br \/>\nnytt sp\u00e5rv\u00e4gssystem i Uppsala, huvudsakligen finansierat med kommunala medel.<br \/>\nBarnen \u00e4r framtiden, och de \u00e4ldre f\u00f6rtj\u00e4nar v\u00e5r tacksamhet. Viktiga v\u00e4rden beh\u00f6ver v\u00e4rnas, s\u00e5 att<br \/>\nrespekt och relationer st\u00e5r i centrum i st\u00e4llet f\u00f6r oh\u00e4mmad tillv\u00e4xt. Uppsala m\u00e5ste byggas s\u00e5 att vi<br \/>\nf\u00f6rvaltar v\u00e5r kommun v\u00e4l f\u00f6r kommande generationer, v\u00e5r gemensamma milj\u00f6 \u00e4r inte bara v\u00e5r utan<br \/>\nframf\u00f6r allt det uppv\u00e4xande sl\u00e4ktets. De naturliga gemenskaperna och de sammanhang vi lever i \u00e4r<br \/>\nviktigare \u00e4n allt annat, d\u00e4rf\u00f6r m\u00e5ste vi uppr\u00e4tth\u00e5lla gr\u00e4nserna f\u00f6r politikens ingrepp.<br \/>\nUppsala beh\u00f6ver ett nytt, borgerligt styre, f\u00f6r att inte riskera att bli en Stockholmsf\u00f6rort. Vi beh\u00f6ver<br \/>\nbygga bost\u00e4der som uppsalaborna efterfr\u00e5gar, sm\u00e5hus och egnahem, \u00e4ven inne i staden. P\u00e5<br \/>\nlandsbygden beh\u00f6ver ocks\u00e5 m\u00f6jligheterna att stycka av tomter och utveckla de stationssamh\u00e4llen<br \/>\nsom finns st\u00e4rkas. Man ska kunna bo \u00e4ven p\u00e5 landsbygden, f\u00e5 den service man beh\u00f6ver lokalt, och<br \/>\nkunna ta sig in till Uppsala med bil. Flaskhalsar och fordonshinder f\u00e5r inte st\u00e5 i v\u00e4gen f\u00f6r n\u00f6dv\u00e4ndiga<br \/>\ntransporter. Samtidigt ska innerstaden vara en attraktiv och tillg\u00e4nglig historisk k\u00e4rna som bevarar sin<br \/>\nklassiska pr\u00e4gel.<\/p>\n<p>I denna budget prioriterar vi k\u00e4rnverksamheten, men ser ocks\u00e5 till att pengarna anv\u00e4nds till r\u00e4tt<br \/>\nsaker. Genom sunda avv\u00e4gningar och n\u00f6dv\u00e4ndiga prioriteringar m\u00f6jligg\u00f6r vi skattes\u00e4nkningar med en<br \/>\n25-\u00f6ring per \u00e5r 2024-2025. Samtidigt som vi bygger \u00e4ldreomsorgen, f\u00f6rskola- och skola, och de<br \/>\nsociala verksamheterna starkare.<\/p>\n<p>Budgeten inneh\u00e5ller fyra huvudomr\u00e5den.<\/p>\n<h4>1. Sunda v\u00e4rderingar<\/h4>\n<p>Ett samh\u00e4lle kan inte byggas utan en fast grundval. Familjerna och de v\u00e4rderingar som b\u00e4r<br \/>\nsamh\u00e4llsgemenskapen \u00e4r fundamenten i kommunen. Vi beh\u00f6ver ytterligare st\u00e4rka och f\u00f6rsvara de<br \/>\nv\u00e4rderingar som under sekler byggt upp v\u00e5r stad och kommun s\u00e5som demokrati, ansvar, flit,<br \/>\nj\u00e4mst\u00e4lldhet, frihet, solidaritet och f\u00f6retagsamhet.<\/p>\n<h4>2.God ekonomi<\/h4>\n<p>Uppsala beh\u00f6ver en god och ansvarsfull ekonomisk f\u00f6rvaltning d\u00e4r vi hush\u00e5llar med skattebetalarnas<br \/>\nmedel och ser till att de anv\u00e4nds till kommunens k\u00e4rnverksamhet och inget annat. Skola och omsorg<br \/>\n\u00e4r de st\u00f6rsta delarna av kommunens verksamhet, och de ska prioriteras och h\u00e5lla h\u00f6gsta kvalitet.<\/p>\n<h4>3. Trivsam stad och landsbygd<\/h4>\n<p>Uppsala har vuxit snabbt p\u00e5 senare tid, och tillv\u00e4xten har accelererat. Vi f\u00e5r inte riskera i att falla i<br \/>\nfallgroparna under miljonprogrammets tid, utan tillv\u00e4xten m\u00e5ste g\u00e5 hand i hand med en ansvarsfull<br \/>\nutbyggnad och skola och \u00e4ldreomsorg, av infrastruktur och av trivsamma bostadsomr\u00e5den, b\u00e5de i<br \/>\nstaden och p\u00e5 landsbygden. Kollektivtrafiken \u00e4r viktig, men vi f\u00e5r v\u00e4nta med ett nytt<br \/>\nkollektivtrafiksystem (sp\u00e5rv\u00e4g enligt nuvarande f\u00f6rslag) tills behoven \u00e4r st\u00f6rre, och i st\u00e4llet prioritera<br \/>\nsm\u00e5husutbyggnad f\u00f6r \u00f6kad trivsel. Uppsala \u00e4r l\u00e4rdomsstaden och ska s\u00e5 f\u00f6rbli, med slott, domkyrka<br \/>\noch universitet i centrum.<\/p>\n<h4>4. S\u00e4krare Uppsala<\/h4>\n<p>Vi lever i en turbulent tid, d\u00e4r b\u00e5de den yttre och den inre s\u00e4kerheten hotas. Vi m\u00e5ste d\u00e4rf\u00f6r<br \/>\nprioritera arbetet med att st\u00e4rka s\u00e4kerheten och ge v\u00e5ra inv\u00e5nare m\u00f6jlighet att r\u00f6ra sig fritt och<br \/>\ntryggt i kommunen. Samverkan mellan skola, socialtj\u00e4nst och polis fungerar redan bra men kan<br \/>\nutvecklas ytterligare, och s\u00e4kerhetsarbetet beh\u00f6ver genomsyra hela kommunens verksamhet.<\/p>\n<p>Budgeten i sin helhet g\u00e5r att l\u00e4sa via l\u00e4nken nedan.<\/p>\n<p><a href=\"http:\/\/wp.kristdemokraterna.se\/uppsala\/files\/2024\/01\/kd-mal-och-budget-2024.pdf\">KD M\u00c5L OCH BUDGET 2024<\/a><\/p>\n","protected":false},"excerpt":{"rendered":"<p>SUNDA V\u00c4RDERINGAR STARKARE UPPSALA 2024 kommer bli ett tufft \u00e5r. Rysslands invasion av Ukraina och det p\u00e5f\u00f6ljande instabila s\u00e4kerhetsl\u00e4get, inflation, stigande r\u00e4ntor, kommande l\u00e5gkonjunktur och utmaningar n\u00e4r det g\u00e4ller bristande integration och os\u00e4kerhet i kommunen ger oss ov\u00e4ntade och stora utmaningar. Vi beh\u00f6ver nu prioritera k\u00e4rnverksamheten \u2013 skola och omsorg, och ta bort on\u00f6diga verksamheter <a class=\"read-more-link\" href=\"https:\/\/wp.kristdemokraterna.se\/uppsala\/kd-i-uppsala-kommun\/arsmote2025\/budget-2024\/\">Read More<\/a><\/p>\n","protected":false},"author":1071,"featured_media":0,"parent":3790,"menu_order":5,"comment_status":"closed","ping_status":"closed","template":"","meta":{"_acf_changed":false,"footnotes":""},"class_list":["post-4510","page","type-page","status-publish","hentry"],"acf":[],"yoast_head":"<!-- This site is optimized with the Yoast SEO plugin v27.3 - https:\/\/yoast.com\/product\/yoast-seo-wordpress\/ -->\n<title>Budget 2024 | Kristdemokraterna | Uppsala<\/title>\n<meta name=\"robots\" content=\"index, follow, max-snippet:-1, max-image-preview:large, max-video-preview:-1\" \/>\n<link rel=\"canonical\" href=\"https:\/\/wp.kristdemokraterna.se\/uppsala\/kd-i-uppsala-kommun\/arsmote2025\/budget-2024\/\" \/>\n<meta property=\"og:locale\" content=\"sv_SE\" \/>\n<meta property=\"og:type\" content=\"article\" \/>\n<meta property=\"og:title\" content=\"Budget 2024 | Kristdemokraterna | Uppsala\" \/>\n<meta property=\"og:description\" content=\"SUNDA V\u00c4RDERINGAR STARKARE UPPSALA 2024 kommer bli ett tufft \u00e5r. Rysslands invasion av Ukraina och det p\u00e5f\u00f6ljande instabila s\u00e4kerhetsl\u00e4get, inflation, stigande r\u00e4ntor, kommande l\u00e5gkonjunktur och utmaningar n\u00e4r det g\u00e4ller bristande integration och os\u00e4kerhet i kommunen ger oss ov\u00e4ntade och stora utmaningar. Vi beh\u00f6ver nu prioritera k\u00e4rnverksamheten \u2013 skola och omsorg, och ta bort on\u00f6diga verksamheter Read More\" \/>\n<meta property=\"og:url\" content=\"https:\/\/wp.kristdemokraterna.se\/uppsala\/kd-i-uppsala-kommun\/arsmote2025\/budget-2024\/\" \/>\n<meta property=\"og:site_name\" content=\"Kristdemokraterna | Uppsala\" \/>\n<meta property=\"article:publisher\" content=\"https:\/\/www.facebook.com\/UppsalaKD\/\" \/>\n<meta property=\"article:modified_time\" content=\"2025-06-13T23:04:25+00:00\" \/>\n<meta property=\"og:image\" content=\"http:\/\/wp.kristdemokraterna.se\/uppsala\/files\/2024\/01\/familjefotongbg2021-5-2000x490.jpeg\" \/>\n<meta name=\"twitter:card\" content=\"summary_large_image\" \/>\n<meta name=\"twitter:label1\" content=\"Ber\u00e4knad l\u00e4stid\" \/>\n\t<meta name=\"twitter:data1\" content=\"4 minuter\" \/>\n<script type=\"application\/ld+json\" class=\"yoast-schema-graph\">{\"@context\":\"https:\\\/\\\/schema.org\",\"@graph\":[{\"@type\":\"WebPage\",\"@id\":\"https:\\\/\\\/wp.kristdemokraterna.se\\\/uppsala\\\/kd-i-uppsala-kommun\\\/arsmote2025\\\/budget-2024\\\/\",\"url\":\"https:\\\/\\\/wp.kristdemokraterna.se\\\/uppsala\\\/kd-i-uppsala-kommun\\\/arsmote2025\\\/budget-2024\\\/\",\"name\":\"Budget 2024 | Kristdemokraterna | Uppsala\",\"isPartOf\":{\"@id\":\"https:\\\/\\\/wp.kristdemokraterna.se\\\/uppsala\\\/#website\"},\"primaryImageOfPage\":{\"@id\":\"https:\\\/\\\/wp.kristdemokraterna.se\\\/uppsala\\\/kd-i-uppsala-kommun\\\/arsmote2025\\\/budget-2024\\\/#primaryimage\"},\"image\":{\"@id\":\"https:\\\/\\\/wp.kristdemokraterna.se\\\/uppsala\\\/kd-i-uppsala-kommun\\\/arsmote2025\\\/budget-2024\\\/#primaryimage\"},\"thumbnailUrl\":\"http:\\\/\\\/wp.kristdemokraterna.se\\\/uppsala\\\/files\\\/2024\\\/01\\\/familjefotongbg2021-5-2000x490.jpeg\",\"datePublished\":\"2024-01-26T13:05:41+00:00\",\"dateModified\":\"2025-06-13T23:04:25+00:00\",\"breadcrumb\":{\"@id\":\"https:\\\/\\\/wp.kristdemokraterna.se\\\/uppsala\\\/kd-i-uppsala-kommun\\\/arsmote2025\\\/budget-2024\\\/#breadcrumb\"},\"inLanguage\":\"sv-SE\",\"potentialAction\":[{\"@type\":\"ReadAction\",\"target\":[\"https:\\\/\\\/wp.kristdemokraterna.se\\\/uppsala\\\/kd-i-uppsala-kommun\\\/arsmote2025\\\/budget-2024\\\/\"]}]},{\"@type\":\"ImageObject\",\"inLanguage\":\"sv-SE\",\"@id\":\"https:\\\/\\\/wp.kristdemokraterna.se\\\/uppsala\\\/kd-i-uppsala-kommun\\\/arsmote2025\\\/budget-2024\\\/#primaryimage\",\"url\":\"http:\\\/\\\/wp.kristdemokraterna.se\\\/uppsala\\\/files\\\/2024\\\/01\\\/familjefotongbg2021-5-2000x490.jpeg\",\"contentUrl\":\"http:\\\/\\\/wp.kristdemokraterna.se\\\/uppsala\\\/files\\\/2024\\\/01\\\/familjefotongbg2021-5-2000x490.jpeg\"},{\"@type\":\"BreadcrumbList\",\"@id\":\"https:\\\/\\\/wp.kristdemokraterna.se\\\/uppsala\\\/kd-i-uppsala-kommun\\\/arsmote2025\\\/budget-2024\\\/#breadcrumb\",\"itemListElement\":[{\"@type\":\"ListItem\",\"position\":1,\"name\":\"Hem\",\"item\":\"https:\\\/\\\/wp.kristdemokraterna.se\\\/uppsala\\\/\"},{\"@type\":\"ListItem\",\"position\":2,\"name\":\"Kristdemokraterna i Uppsala Kommun\",\"item\":\"https:\\\/\\\/wp.kristdemokraterna.se\\\/uppsala\\\/kd-i-uppsala-kommun\\\/\"},{\"@type\":\"ListItem\",\"position\":3,\"name\":\"\u00c5rsm\u00f6te 2025\",\"item\":\"https:\\\/\\\/wp.kristdemokraterna.se\\\/uppsala\\\/kd-i-uppsala-kommun\\\/arsmote2025\\\/\"},{\"@type\":\"ListItem\",\"position\":4,\"name\":\"Budget 2024\"}]},{\"@type\":\"WebSite\",\"@id\":\"https:\\\/\\\/wp.kristdemokraterna.se\\\/uppsala\\\/#website\",\"url\":\"https:\\\/\\\/wp.kristdemokraterna.se\\\/uppsala\\\/\",\"name\":\"Kristdemokraterna Uppsala\",\"description\":\"Tryggare Uppsala\",\"publisher\":{\"@id\":\"https:\\\/\\\/wp.kristdemokraterna.se\\\/uppsala\\\/#organization\"},\"inLanguage\":\"sv-SE\"},{\"@type\":\"Organization\",\"@id\":\"https:\\\/\\\/wp.kristdemokraterna.se\\\/uppsala\\\/#organization\",\"name\":\"Kristdemokraterna Uppsala\",\"url\":\"https:\\\/\\\/wp.kristdemokraterna.se\\\/uppsala\\\/\",\"logo\":{\"@type\":\"ImageObject\",\"inLanguage\":\"sv-SE\",\"@id\":\"https:\\\/\\\/wp.kristdemokraterna.se\\\/uppsala\\\/#\\\/schema\\\/logo\\\/image\\\/\",\"url\":\"https:\\\/\\\/wp.kristdemokraterna.se\\\/uppsala\\\/files\\\/2019\\\/10\\\/kd-uppsala.png\",\"contentUrl\":\"https:\\\/\\\/wp.kristdemokraterna.se\\\/uppsala\\\/files\\\/2019\\\/10\\\/kd-uppsala.png\",\"width\":804,\"height\":421,\"caption\":\"Kristdemokraterna Uppsala\"},\"image\":{\"@id\":\"https:\\\/\\\/wp.kristdemokraterna.se\\\/uppsala\\\/#\\\/schema\\\/logo\\\/image\\\/\"},\"sameAs\":[\"https:\\\/\\\/www.facebook.com\\\/UppsalaKD\\\/\",\"https:\\\/\\\/www.instagram.com\\\/uppsalakd\\\/\"]}]}<\/script>\n<!-- \/ Yoast SEO plugin. -->","yoast_head_json":{"title":"Budget 2024 | Kristdemokraterna | Uppsala","robots":{"index":"index","follow":"follow","max-snippet":"max-snippet:-1","max-image-preview":"max-image-preview:large","max-video-preview":"max-video-preview:-1"},"canonical":"https:\/\/wp.kristdemokraterna.se\/uppsala\/kd-i-uppsala-kommun\/arsmote2025\/budget-2024\/","og_locale":"sv_SE","og_type":"article","og_title":"Budget 2024 | Kristdemokraterna | Uppsala","og_description":"SUNDA V\u00c4RDERINGAR STARKARE UPPSALA 2024 kommer bli ett tufft \u00e5r. Rysslands invasion av Ukraina och det p\u00e5f\u00f6ljande instabila s\u00e4kerhetsl\u00e4get, inflation, stigande r\u00e4ntor, kommande l\u00e5gkonjunktur och utmaningar n\u00e4r det g\u00e4ller bristande integration och os\u00e4kerhet i kommunen ger oss ov\u00e4ntade och stora utmaningar. Vi beh\u00f6ver nu prioritera k\u00e4rnverksamheten \u2013 skola och omsorg, och ta bort on\u00f6diga verksamheter Read More","og_url":"https:\/\/wp.kristdemokraterna.se\/uppsala\/kd-i-uppsala-kommun\/arsmote2025\/budget-2024\/","og_site_name":"Kristdemokraterna | Uppsala","article_publisher":"https:\/\/www.facebook.com\/UppsalaKD\/","article_modified_time":"2025-06-13T23:04:25+00:00","og_image":[{"url":"http:\/\/wp.kristdemokraterna.se\/uppsala\/files\/2024\/01\/familjefotongbg2021-5-2000x490.jpeg","type":"","width":"","height":""}],"twitter_card":"summary_large_image","twitter_misc":{"Ber\u00e4knad l\u00e4stid":"4 minuter"},"schema":{"@context":"https:\/\/schema.org","@graph":[{"@type":"WebPage","@id":"https:\/\/wp.kristdemokraterna.se\/uppsala\/kd-i-uppsala-kommun\/arsmote2025\/budget-2024\/","url":"https:\/\/wp.kristdemokraterna.se\/uppsala\/kd-i-uppsala-kommun\/arsmote2025\/budget-2024\/","name":"Budget 2024 | Kristdemokraterna | Uppsala","isPartOf":{"@id":"https:\/\/wp.kristdemokraterna.se\/uppsala\/#website"},"primaryImageOfPage":{"@id":"https:\/\/wp.kristdemokraterna.se\/uppsala\/kd-i-uppsala-kommun\/arsmote2025\/budget-2024\/#primaryimage"},"image":{"@id":"https:\/\/wp.kristdemokraterna.se\/uppsala\/kd-i-uppsala-kommun\/arsmote2025\/budget-2024\/#primaryimage"},"thumbnailUrl":"http:\/\/wp.kristdemokraterna.se\/uppsala\/files\/2024\/01\/familjefotongbg2021-5-2000x490.jpeg","datePublished":"2024-01-26T13:05:41+00:00","dateModified":"2025-06-13T23:04:25+00:00","breadcrumb":{"@id":"https:\/\/wp.kristdemokraterna.se\/uppsala\/kd-i-uppsala-kommun\/arsmote2025\/budget-2024\/#breadcrumb"},"inLanguage":"sv-SE","potentialAction":[{"@type":"ReadAction","target":["https:\/\/wp.kristdemokraterna.se\/uppsala\/kd-i-uppsala-kommun\/arsmote2025\/budget-2024\/"]}]},{"@type":"ImageObject","inLanguage":"sv-SE","@id":"https:\/\/wp.kristdemokraterna.se\/uppsala\/kd-i-uppsala-kommun\/arsmote2025\/budget-2024\/#primaryimage","url":"http:\/\/wp.kristdemokraterna.se\/uppsala\/files\/2024\/01\/familjefotongbg2021-5-2000x490.jpeg","contentUrl":"http:\/\/wp.kristdemokraterna.se\/uppsala\/files\/2024\/01\/familjefotongbg2021-5-2000x490.jpeg"},{"@type":"BreadcrumbList","@id":"https:\/\/wp.kristdemokraterna.se\/uppsala\/kd-i-uppsala-kommun\/arsmote2025\/budget-2024\/#breadcrumb","itemListElement":[{"@type":"ListItem","position":1,"name":"Hem","item":"https:\/\/wp.kristdemokraterna.se\/uppsala\/"},{"@type":"ListItem","position":2,"name":"Kristdemokraterna i Uppsala Kommun","item":"https:\/\/wp.kristdemokraterna.se\/uppsala\/kd-i-uppsala-kommun\/"},{"@type":"ListItem","position":3,"name":"\u00c5rsm\u00f6te 2025","item":"https:\/\/wp.kristdemokraterna.se\/uppsala\/kd-i-uppsala-kommun\/arsmote2025\/"},{"@type":"ListItem","position":4,"name":"Budget 2024"}]},{"@type":"WebSite","@id":"https:\/\/wp.kristdemokraterna.se\/uppsala\/#website","url":"https:\/\/wp.kristdemokraterna.se\/uppsala\/","name":"Kristdemokraterna Uppsala","description":"Tryggare Uppsala","publisher":{"@id":"https:\/\/wp.kristdemokraterna.se\/uppsala\/#organization"},"inLanguage":"sv-SE"},{"@type":"Organization","@id":"https:\/\/wp.kristdemokraterna.se\/uppsala\/#organization","name":"Kristdemokraterna Uppsala","url":"https:\/\/wp.kristdemokraterna.se\/uppsala\/","logo":{"@type":"ImageObject","inLanguage":"sv-SE","@id":"https:\/\/wp.kristdemokraterna.se\/uppsala\/#\/schema\/logo\/image\/","url":"https:\/\/wp.kristdemokraterna.se\/uppsala\/files\/2019\/10\/kd-uppsala.png","contentUrl":"https:\/\/wp.kristdemokraterna.se\/uppsala\/files\/2019\/10\/kd-uppsala.png","width":804,"height":421,"caption":"Kristdemokraterna Uppsala"},"image":{"@id":"https:\/\/wp.kristdemokraterna.se\/uppsala\/#\/schema\/logo\/image\/"},"sameAs":["https:\/\/www.facebook.com\/UppsalaKD\/","https:\/\/www.instagram.com\/uppsalakd\/"]}]}},"_links":{"self":[{"href":"https:\/\/wp.kristdemokraterna.se\/uppsala\/wp-json\/wp\/v2\/pages\/4510","targetHints":{"allow":["GET"]}}],"collection":[{"href":"https:\/\/wp.kristdemokraterna.se\/uppsala\/wp-json\/wp\/v2\/pages"}],"about":[{"href":"https:\/\/wp.kristdemokraterna.se\/uppsala\/wp-json\/wp\/v2\/types\/page"}],"author":[{"embeddable":true,"href":"https:\/\/wp.kristdemokraterna.se\/uppsala\/wp-json\/wp\/v2\/users\/1071"}],"replies":[{"embeddable":true,"href":"https:\/\/wp.kristdemokraterna.se\/uppsala\/wp-json\/wp\/v2\/comments?post=4510"}],"version-history":[{"count":10,"href":"https:\/\/wp.kristdemokraterna.se\/uppsala\/wp-json\/wp\/v2\/pages\/4510\/revisions"}],"predecessor-version":[{"id":4789,"href":"https:\/\/wp.kristdemokraterna.se\/uppsala\/wp-json\/wp\/v2\/pages\/4510\/revisions\/4789"}],"up":[{"embeddable":true,"href":"https:\/\/wp.kristdemokraterna.se\/uppsala\/wp-json\/wp\/v2\/pages\/3790"}],"wp:attachment":[{"href":"https:\/\/wp.kristdemokraterna.se\/uppsala\/wp-json\/wp\/v2\/media?parent=4510"}],"curies":[{"name":"wp","href":"https:\/\/api.w.org\/{rel}","templated":true}]}}