{"id":4747,"date":"2024-04-16T21:28:24","date_gmt":"2024-04-16T19:28:24","guid":{"rendered":"https:\/\/wp.kristdemokraterna.se\/uppsala\/?page_id=4747"},"modified":"2025-10-24T09:25:42","modified_gmt":"2025-10-24T07:25:42","slug":"foretradare-i-uppsala-kommun","status":"publish","type":"page","link":"https:\/\/wp.kristdemokraterna.se\/uppsala\/kd-i-uppsala-kommun\/foretradare-i-uppsala-kommun\/","title":{"rendered":"Politiska f\u00f6retr\u00e4dare i Uppsala kommun"},"content":{"rendered":"<p><img loading=\"lazy\" decoding=\"async\" class=\"size-medium wp-image-4405\" src=\"http:\/\/wp.kristdemokraterna.se\/uppsala\/files\/2023\/10\/jonas-rund-300x300.png\" alt=\"\" width=\"300\" height=\"300\" srcset=\"https:\/\/wp.kristdemokraterna.se\/uppsala\/files\/2023\/10\/jonas-rund-300x300.png 300w, https:\/\/wp.kristdemokraterna.se\/uppsala\/files\/2023\/10\/jonas-rund-540x540.png 540w, https:\/\/wp.kristdemokraterna.se\/uppsala\/files\/2023\/10\/jonas-rund-150x150.png 150w, https:\/\/wp.kristdemokraterna.se\/uppsala\/files\/2023\/10\/jonas-rund-768x768.png 768w, https:\/\/wp.kristdemokraterna.se\/uppsala\/files\/2023\/10\/jonas-rund-200x200.png 200w, https:\/\/wp.kristdemokraterna.se\/uppsala\/files\/2023\/10\/jonas-rund-370x370.png 370w, https:\/\/wp.kristdemokraterna.se\/uppsala\/files\/2023\/10\/jonas-rund-90x90.png 90w, https:\/\/wp.kristdemokraterna.se\/uppsala\/files\/2023\/10\/jonas-rund-770x770.png 770w, https:\/\/wp.kristdemokraterna.se\/uppsala\/files\/2023\/10\/jonas-rund-450x450.png 450w, https:\/\/wp.kristdemokraterna.se\/uppsala\/files\/2023\/10\/jonas-rund-280x280.png 280w, https:\/\/wp.kristdemokraterna.se\/uppsala\/files\/2023\/10\/jonas-rund-340x340.png 340w, https:\/\/wp.kristdemokraterna.se\/uppsala\/files\/2023\/10\/jonas-rund-56x56.png 56w, https:\/\/wp.kristdemokraterna.se\/uppsala\/files\/2023\/10\/jonas-rund.png 1080w\" sizes=\"auto, (max-width: 300px) 100vw, 300px\" \/><\/p>\n<p><strong>Jonas Segersam, Kommunalr\u00e5d<\/strong><strong><br \/>\n<\/strong><em>Gruppledare<\/em><br \/>\n\u00c4ldren\u00e4mnden <em>vice ordf\u00f6rande<\/em><br \/>\nKommunstyrelsen inkl. arbetsutskott <em>ledamot<\/em><br \/>\nKommunfullm\u00e4ktige <em>ledamot<\/em><\/p>\n<p><strong>Evelina Solem<br \/>\n<\/strong>Kommunfullm\u00e4ktige <em>ledamot<br \/>\n<\/em>J\u00e4mst\u00e4lldhetsr\u00e5det v<em>ice ordf\u00f6rande<\/em><br \/>\nOmsorgsn\u00e4mnden <em>ledamot<\/em><\/p>\n<p><strong>Eva Moberg<\/strong><br \/>\nKommunfullm\u00e4ktige <em>ledamot<\/em><br \/>\nArbetsmarknadsn\u00e4mnden <em>ledamot<\/em><\/p>\n<p><strong>Christian Hermanson<\/strong><br \/>\nKommunfullm\u00e4ktige <em>ledamot<br \/>\n<\/em>R\u00e4ddningsn\u00e4mnden <em>vice ordf\u00f6rande<\/em><\/p>\n<p><strong>Magnus Wikberg<\/strong><br \/>\nKommunfullm\u00e4ktige <em>ledamot<\/em><br \/>\nUppsala Konsert och Kongress AB\u00a0<em>vice ordf\u00f6rande<\/em><br \/>\nPlan- och byggnadsn\u00e4mnden <em>ledamot<\/em><\/p>\n<p><strong>Leif Bostr\u00f6m<\/strong><br \/>\nKommunfullm\u00e4ktige <em>ledamot<\/em><br \/>\nSocialn\u00e4mnden <em>ledamot<\/em><\/p>\n<p><strong>Sara Borgstr\u00f6m<\/strong><br \/>\nKommunfullm\u00e4ktige <em>ers\u00e4ttare<\/em><br \/>\nKulturn\u00e4mnden <em>ledamot<\/em><\/p>\n<p><strong>Martin Wisell<\/strong><br \/>\nKommunfullm\u00e4ktige <em>ers\u00e4ttare<\/em><\/p>\n<p><strong>Viktoria Lautmann<\/strong><br \/>\nKommunfullm\u00e4ktige <em>ers\u00e4ttare<br \/>\n<\/em>Utbildningsn\u00e4mnden <em>ledamot<\/em><\/p>\n","protected":false},"excerpt":{"rendered":"<p>Jonas Segersam, Kommunalr\u00e5d Gruppledare \u00c4ldren\u00e4mnden vice ordf\u00f6rande Kommunstyrelsen inkl. arbetsutskott ledamot Kommunfullm\u00e4ktige ledamot Evelina Solem Kommunfullm\u00e4ktige ledamot J\u00e4mst\u00e4lldhetsr\u00e5det vice ordf\u00f6rande Omsorgsn\u00e4mnden ledamot Eva Moberg Kommunfullm\u00e4ktige ledamot Arbetsmarknadsn\u00e4mnden ledamot Christian Hermanson Kommunfullm\u00e4ktige ledamot R\u00e4ddningsn\u00e4mnden vice ordf\u00f6rande Magnus Wikberg Kommunfullm\u00e4ktige ledamot Uppsala Konsert och Kongress AB\u00a0vice ordf\u00f6rande Plan- och byggnadsn\u00e4mnden ledamot Leif Bostr\u00f6m Kommunfullm\u00e4ktige ledamot Socialn\u00e4mnden ledamot <a class=\"read-more-link\" href=\"https:\/\/wp.kristdemokraterna.se\/uppsala\/kd-i-uppsala-kommun\/foretradare-i-uppsala-kommun\/\">Read More<\/a><\/p>\n","protected":false},"author":1055,"featured_media":0,"parent":3447,"menu_order":1,"comment_status":"closed","ping_status":"closed","template":"","meta":{"_acf_changed":false,"footnotes":""},"class_list":["post-4747","page","type-page","status-publish","hentry"],"acf":[],"yoast_head":"<!-- This site is optimized with the Yoast SEO plugin v27.3 - https:\/\/yoast.com\/product\/yoast-seo-wordpress\/ -->\n<title>Politiska f\u00f6retr\u00e4dare i Uppsala kommun | Kristdemokraterna | Uppsala<\/title>\n<meta name=\"robots\" content=\"index, follow, max-snippet:-1, max-image-preview:large, max-video-preview:-1\" \/>\n<link rel=\"canonical\" href=\"https:\/\/wp.kristdemokraterna.se\/uppsala\/kd-i-uppsala-kommun\/foretradare-i-uppsala-kommun\/\" \/>\n<meta property=\"og:locale\" content=\"sv_SE\" \/>\n<meta property=\"og:type\" content=\"article\" \/>\n<meta property=\"og:title\" content=\"Politiska f\u00f6retr\u00e4dare i Uppsala kommun | Kristdemokraterna | Uppsala\" \/>\n<meta property=\"og:description\" content=\"Jonas Segersam, Kommunalr\u00e5d Gruppledare \u00c4ldren\u00e4mnden vice ordf\u00f6rande Kommunstyrelsen inkl. arbetsutskott ledamot Kommunfullm\u00e4ktige ledamot Evelina Solem Kommunfullm\u00e4ktige ledamot J\u00e4mst\u00e4lldhetsr\u00e5det vice ordf\u00f6rande Omsorgsn\u00e4mnden ledamot Eva Moberg Kommunfullm\u00e4ktige ledamot Arbetsmarknadsn\u00e4mnden ledamot Christian Hermanson Kommunfullm\u00e4ktige ledamot R\u00e4ddningsn\u00e4mnden vice ordf\u00f6rande Magnus Wikberg Kommunfullm\u00e4ktige ledamot Uppsala Konsert och Kongress AB\u00a0vice ordf\u00f6rande Plan- och byggnadsn\u00e4mnden ledamot Leif Bostr\u00f6m Kommunfullm\u00e4ktige ledamot Socialn\u00e4mnden ledamot Read More\" \/>\n<meta property=\"og:url\" content=\"https:\/\/wp.kristdemokraterna.se\/uppsala\/kd-i-uppsala-kommun\/foretradare-i-uppsala-kommun\/\" \/>\n<meta property=\"og:site_name\" content=\"Kristdemokraterna | Uppsala\" \/>\n<meta property=\"article:publisher\" content=\"https:\/\/www.facebook.com\/UppsalaKD\/\" \/>\n<meta property=\"article:modified_time\" content=\"2025-10-24T07:25:42+00:00\" \/>\n<meta property=\"og:image\" content=\"https:\/\/wp.kristdemokraterna.se\/uppsala\/files\/2023\/10\/jonas-rund.png\" \/>\n\t<meta property=\"og:image:width\" content=\"1080\" \/>\n\t<meta property=\"og:image:height\" content=\"1080\" \/>\n\t<meta property=\"og:image:type\" content=\"image\/png\" \/>\n<meta name=\"twitter:card\" content=\"summary_large_image\" \/>\n<meta name=\"twitter:label1\" content=\"Ber\u00e4knad l\u00e4stid\" \/>\n\t<meta name=\"twitter:data1\" content=\"1 minut\" \/>\n<script type=\"application\/ld+json\" class=\"yoast-schema-graph\">{\"@context\":\"https:\\\/\\\/schema.org\",\"@graph\":[{\"@type\":\"WebPage\",\"@id\":\"https:\\\/\\\/wp.kristdemokraterna.se\\\/uppsala\\\/kd-i-uppsala-kommun\\\/foretradare-i-uppsala-kommun\\\/\",\"url\":\"https:\\\/\\\/wp.kristdemokraterna.se\\\/uppsala\\\/kd-i-uppsala-kommun\\\/foretradare-i-uppsala-kommun\\\/\",\"name\":\"Politiska f\u00f6retr\u00e4dare i Uppsala kommun | Kristdemokraterna | Uppsala\",\"isPartOf\":{\"@id\":\"https:\\\/\\\/wp.kristdemokraterna.se\\\/uppsala\\\/#website\"},\"primaryImageOfPage\":{\"@id\":\"https:\\\/\\\/wp.kristdemokraterna.se\\\/uppsala\\\/kd-i-uppsala-kommun\\\/foretradare-i-uppsala-kommun\\\/#primaryimage\"},\"image\":{\"@id\":\"https:\\\/\\\/wp.kristdemokraterna.se\\\/uppsala\\\/kd-i-uppsala-kommun\\\/foretradare-i-uppsala-kommun\\\/#primaryimage\"},\"thumbnailUrl\":\"http:\\\/\\\/wp.kristdemokraterna.se\\\/uppsala\\\/files\\\/2023\\\/10\\\/jonas-rund-300x300.png\",\"datePublished\":\"2024-04-16T19:28:24+00:00\",\"dateModified\":\"2025-10-24T07:25:42+00:00\",\"breadcrumb\":{\"@id\":\"https:\\\/\\\/wp.kristdemokraterna.se\\\/uppsala\\\/kd-i-uppsala-kommun\\\/foretradare-i-uppsala-kommun\\\/#breadcrumb\"},\"inLanguage\":\"sv-SE\",\"potentialAction\":[{\"@type\":\"ReadAction\",\"target\":[\"https:\\\/\\\/wp.kristdemokraterna.se\\\/uppsala\\\/kd-i-uppsala-kommun\\\/foretradare-i-uppsala-kommun\\\/\"]}]},{\"@type\":\"ImageObject\",\"inLanguage\":\"sv-SE\",\"@id\":\"https:\\\/\\\/wp.kristdemokraterna.se\\\/uppsala\\\/kd-i-uppsala-kommun\\\/foretradare-i-uppsala-kommun\\\/#primaryimage\",\"url\":\"http:\\\/\\\/wp.kristdemokraterna.se\\\/uppsala\\\/files\\\/2023\\\/10\\\/jonas-rund-300x300.png\",\"contentUrl\":\"http:\\\/\\\/wp.kristdemokraterna.se\\\/uppsala\\\/files\\\/2023\\\/10\\\/jonas-rund-300x300.png\"},{\"@type\":\"BreadcrumbList\",\"@id\":\"https:\\\/\\\/wp.kristdemokraterna.se\\\/uppsala\\\/kd-i-uppsala-kommun\\\/foretradare-i-uppsala-kommun\\\/#breadcrumb\",\"itemListElement\":[{\"@type\":\"ListItem\",\"position\":1,\"name\":\"Hem\",\"item\":\"https:\\\/\\\/wp.kristdemokraterna.se\\\/uppsala\\\/\"},{\"@type\":\"ListItem\",\"position\":2,\"name\":\"Kristdemokraterna i Uppsala Kommun\",\"item\":\"https:\\\/\\\/wp.kristdemokraterna.se\\\/uppsala\\\/kd-i-uppsala-kommun\\\/\"},{\"@type\":\"ListItem\",\"position\":3,\"name\":\"Politiska f\u00f6retr\u00e4dare i Uppsala kommun\"}]},{\"@type\":\"WebSite\",\"@id\":\"https:\\\/\\\/wp.kristdemokraterna.se\\\/uppsala\\\/#website\",\"url\":\"https:\\\/\\\/wp.kristdemokraterna.se\\\/uppsala\\\/\",\"name\":\"Kristdemokraterna Uppsala\",\"description\":\"Tryggare Uppsala\",\"publisher\":{\"@id\":\"https:\\\/\\\/wp.kristdemokraterna.se\\\/uppsala\\\/#organization\"},\"inLanguage\":\"sv-SE\"},{\"@type\":\"Organization\",\"@id\":\"https:\\\/\\\/wp.kristdemokraterna.se\\\/uppsala\\\/#organization\",\"name\":\"Kristdemokraterna Uppsala\",\"url\":\"https:\\\/\\\/wp.kristdemokraterna.se\\\/uppsala\\\/\",\"logo\":{\"@type\":\"ImageObject\",\"inLanguage\":\"sv-SE\",\"@id\":\"https:\\\/\\\/wp.kristdemokraterna.se\\\/uppsala\\\/#\\\/schema\\\/logo\\\/image\\\/\",\"url\":\"https:\\\/\\\/wp.kristdemokraterna.se\\\/uppsala\\\/files\\\/2019\\\/10\\\/kd-uppsala.png\",\"contentUrl\":\"https:\\\/\\\/wp.kristdemokraterna.se\\\/uppsala\\\/files\\\/2019\\\/10\\\/kd-uppsala.png\",\"width\":804,\"height\":421,\"caption\":\"Kristdemokraterna Uppsala\"},\"image\":{\"@id\":\"https:\\\/\\\/wp.kristdemokraterna.se\\\/uppsala\\\/#\\\/schema\\\/logo\\\/image\\\/\"},\"sameAs\":[\"https:\\\/\\\/www.facebook.com\\\/UppsalaKD\\\/\",\"https:\\\/\\\/www.instagram.com\\\/uppsalakd\\\/\"]}]}<\/script>\n<!-- \/ Yoast SEO plugin. -->","yoast_head_json":{"title":"Politiska f\u00f6retr\u00e4dare i Uppsala kommun | Kristdemokraterna | Uppsala","robots":{"index":"index","follow":"follow","max-snippet":"max-snippet:-1","max-image-preview":"max-image-preview:large","max-video-preview":"max-video-preview:-1"},"canonical":"https:\/\/wp.kristdemokraterna.se\/uppsala\/kd-i-uppsala-kommun\/foretradare-i-uppsala-kommun\/","og_locale":"sv_SE","og_type":"article","og_title":"Politiska f\u00f6retr\u00e4dare i Uppsala kommun | Kristdemokraterna | Uppsala","og_description":"Jonas Segersam, Kommunalr\u00e5d Gruppledare \u00c4ldren\u00e4mnden vice ordf\u00f6rande Kommunstyrelsen inkl. arbetsutskott ledamot Kommunfullm\u00e4ktige ledamot Evelina Solem Kommunfullm\u00e4ktige ledamot J\u00e4mst\u00e4lldhetsr\u00e5det vice ordf\u00f6rande Omsorgsn\u00e4mnden ledamot Eva Moberg Kommunfullm\u00e4ktige ledamot Arbetsmarknadsn\u00e4mnden ledamot Christian Hermanson Kommunfullm\u00e4ktige ledamot R\u00e4ddningsn\u00e4mnden vice ordf\u00f6rande Magnus Wikberg Kommunfullm\u00e4ktige ledamot Uppsala Konsert och Kongress AB\u00a0vice ordf\u00f6rande Plan- och byggnadsn\u00e4mnden ledamot Leif Bostr\u00f6m Kommunfullm\u00e4ktige ledamot Socialn\u00e4mnden ledamot Read More","og_url":"https:\/\/wp.kristdemokraterna.se\/uppsala\/kd-i-uppsala-kommun\/foretradare-i-uppsala-kommun\/","og_site_name":"Kristdemokraterna | Uppsala","article_publisher":"https:\/\/www.facebook.com\/UppsalaKD\/","article_modified_time":"2025-10-24T07:25:42+00:00","og_image":[{"width":1080,"height":1080,"url":"https:\/\/wp.kristdemokraterna.se\/uppsala\/files\/2023\/10\/jonas-rund.png","type":"image\/png"}],"twitter_card":"summary_large_image","twitter_misc":{"Ber\u00e4knad l\u00e4stid":"1 minut"},"schema":{"@context":"https:\/\/schema.org","@graph":[{"@type":"WebPage","@id":"https:\/\/wp.kristdemokraterna.se\/uppsala\/kd-i-uppsala-kommun\/foretradare-i-uppsala-kommun\/","url":"https:\/\/wp.kristdemokraterna.se\/uppsala\/kd-i-uppsala-kommun\/foretradare-i-uppsala-kommun\/","name":"Politiska f\u00f6retr\u00e4dare i Uppsala kommun | Kristdemokraterna | Uppsala","isPartOf":{"@id":"https:\/\/wp.kristdemokraterna.se\/uppsala\/#website"},"primaryImageOfPage":{"@id":"https:\/\/wp.kristdemokraterna.se\/uppsala\/kd-i-uppsala-kommun\/foretradare-i-uppsala-kommun\/#primaryimage"},"image":{"@id":"https:\/\/wp.kristdemokraterna.se\/uppsala\/kd-i-uppsala-kommun\/foretradare-i-uppsala-kommun\/#primaryimage"},"thumbnailUrl":"http:\/\/wp.kristdemokraterna.se\/uppsala\/files\/2023\/10\/jonas-rund-300x300.png","datePublished":"2024-04-16T19:28:24+00:00","dateModified":"2025-10-24T07:25:42+00:00","breadcrumb":{"@id":"https:\/\/wp.kristdemokraterna.se\/uppsala\/kd-i-uppsala-kommun\/foretradare-i-uppsala-kommun\/#breadcrumb"},"inLanguage":"sv-SE","potentialAction":[{"@type":"ReadAction","target":["https:\/\/wp.kristdemokraterna.se\/uppsala\/kd-i-uppsala-kommun\/foretradare-i-uppsala-kommun\/"]}]},{"@type":"ImageObject","inLanguage":"sv-SE","@id":"https:\/\/wp.kristdemokraterna.se\/uppsala\/kd-i-uppsala-kommun\/foretradare-i-uppsala-kommun\/#primaryimage","url":"http:\/\/wp.kristdemokraterna.se\/uppsala\/files\/2023\/10\/jonas-rund-300x300.png","contentUrl":"http:\/\/wp.kristdemokraterna.se\/uppsala\/files\/2023\/10\/jonas-rund-300x300.png"},{"@type":"BreadcrumbList","@id":"https:\/\/wp.kristdemokraterna.se\/uppsala\/kd-i-uppsala-kommun\/foretradare-i-uppsala-kommun\/#breadcrumb","itemListElement":[{"@type":"ListItem","position":1,"name":"Hem","item":"https:\/\/wp.kristdemokraterna.se\/uppsala\/"},{"@type":"ListItem","position":2,"name":"Kristdemokraterna i Uppsala Kommun","item":"https:\/\/wp.kristdemokraterna.se\/uppsala\/kd-i-uppsala-kommun\/"},{"@type":"ListItem","position":3,"name":"Politiska f\u00f6retr\u00e4dare i Uppsala kommun"}]},{"@type":"WebSite","@id":"https:\/\/wp.kristdemokraterna.se\/uppsala\/#website","url":"https:\/\/wp.kristdemokraterna.se\/uppsala\/","name":"Kristdemokraterna Uppsala","description":"Tryggare Uppsala","publisher":{"@id":"https:\/\/wp.kristdemokraterna.se\/uppsala\/#organization"},"inLanguage":"sv-SE"},{"@type":"Organization","@id":"https:\/\/wp.kristdemokraterna.se\/uppsala\/#organization","name":"Kristdemokraterna Uppsala","url":"https:\/\/wp.kristdemokraterna.se\/uppsala\/","logo":{"@type":"ImageObject","inLanguage":"sv-SE","@id":"https:\/\/wp.kristdemokraterna.se\/uppsala\/#\/schema\/logo\/image\/","url":"https:\/\/wp.kristdemokraterna.se\/uppsala\/files\/2019\/10\/kd-uppsala.png","contentUrl":"https:\/\/wp.kristdemokraterna.se\/uppsala\/files\/2019\/10\/kd-uppsala.png","width":804,"height":421,"caption":"Kristdemokraterna Uppsala"},"image":{"@id":"https:\/\/wp.kristdemokraterna.se\/uppsala\/#\/schema\/logo\/image\/"},"sameAs":["https:\/\/www.facebook.com\/UppsalaKD\/","https:\/\/www.instagram.com\/uppsalakd\/"]}]}},"_links":{"self":[{"href":"https:\/\/wp.kristdemokraterna.se\/uppsala\/wp-json\/wp\/v2\/pages\/4747","targetHints":{"allow":["GET"]}}],"collection":[{"href":"https:\/\/wp.kristdemokraterna.se\/uppsala\/wp-json\/wp\/v2\/pages"}],"about":[{"href":"https:\/\/wp.kristdemokraterna.se\/uppsala\/wp-json\/wp\/v2\/types\/page"}],"author":[{"embeddable":true,"href":"https:\/\/wp.kristdemokraterna.se\/uppsala\/wp-json\/wp\/v2\/users\/1055"}],"replies":[{"embeddable":true,"href":"https:\/\/wp.kristdemokraterna.se\/uppsala\/wp-json\/wp\/v2\/comments?post=4747"}],"version-history":[{"count":6,"href":"https:\/\/wp.kristdemokraterna.se\/uppsala\/wp-json\/wp\/v2\/pages\/4747\/revisions"}],"predecessor-version":[{"id":4945,"href":"https:\/\/wp.kristdemokraterna.se\/uppsala\/wp-json\/wp\/v2\/pages\/4747\/revisions\/4945"}],"up":[{"embeddable":true,"href":"https:\/\/wp.kristdemokraterna.se\/uppsala\/wp-json\/wp\/v2\/pages\/3447"}],"wp:attachment":[{"href":"https:\/\/wp.kristdemokraterna.se\/uppsala\/wp-json\/wp\/v2\/media?parent=4747"}],"curies":[{"name":"wp","href":"https:\/\/api.w.org\/{rel}","templated":true}]}}