{"id":4781,"date":"2024-06-19T14:13:24","date_gmt":"2024-06-19T12:13:24","guid":{"rendered":"https:\/\/wp.kristdemokraterna.se\/uppsala\/?page_id=4781"},"modified":"2024-08-22T00:00:33","modified_gmt":"2024-08-21T22:00:33","slug":"kd-s-budget-for-region-uppsala-2025-2027","status":"publish","type":"page","link":"https:\/\/wp.kristdemokraterna.se\/uppsala\/regionen\/kd-s-budget-for-region-uppsala-2025-2027\/","title":{"rendered":"Budget f\u00f6r 2025-2027"},"content":{"rendered":"<p><img loading=\"lazy\" decoding=\"async\" class=\"size-medium wp-image-4796\" src=\"http:\/\/wp.kristdemokraterna.se\/uppsala\/files\/2024\/06\/rpb-2025-2027-300x183.png\" alt=\"\" width=\"300\" height=\"183\" srcset=\"https:\/\/wp.kristdemokraterna.se\/uppsala\/files\/2024\/06\/rpb-2025-2027-300x183.png 300w, https:\/\/wp.kristdemokraterna.se\/uppsala\/files\/2024\/06\/rpb-2025-2027-540x330.png 540w, https:\/\/wp.kristdemokraterna.se\/uppsala\/files\/2024\/06\/rpb-2025-2027-768x469.png 768w, https:\/\/wp.kristdemokraterna.se\/uppsala\/files\/2024\/06\/rpb-2025-2027-328x200.png 328w, https:\/\/wp.kristdemokraterna.se\/uppsala\/files\/2024\/06\/rpb-2025-2027-370x226.png 370w, https:\/\/wp.kristdemokraterna.se\/uppsala\/files\/2024\/06\/rpb-2025-2027-770x470.png 770w, https:\/\/wp.kristdemokraterna.se\/uppsala\/files\/2024\/06\/rpb-2025-2027-450x275.png 450w, https:\/\/wp.kristdemokraterna.se\/uppsala\/files\/2024\/06\/rpb-2025-2027-280x171.png 280w, https:\/\/wp.kristdemokraterna.se\/uppsala\/files\/2024\/06\/rpb-2025-2027-340x208.png 340w, https:\/\/wp.kristdemokraterna.se\/uppsala\/files\/2024\/06\/rpb-2025-2027-200x122.png 200w, https:\/\/wp.kristdemokraterna.se\/uppsala\/files\/2024\/06\/rpb-2025-2027-92x56.png 92w, https:\/\/wp.kristdemokraterna.se\/uppsala\/files\/2024\/06\/rpb-2025-2027.png 940w\" sizes=\"auto, (max-width: 300px) 100vw, 300px\" \/><\/p>\n<h2>Ett Gott Liv &#8211; reformer f\u00f6r Region Uppsala 2025-2027<\/h2>\n<p>Den 18-19 juni klubbar Region Uppsala plan och budget f\u00f6r 2025-2027. Kristdemokraternas f\u00f6rslag till budget inneh\u00e5ller viktiga reformer f\u00f6r v\u00e5rt l\u00e4n, vilket kan l\u00e4sas h\u00e4r; \u00a0<a href=\"http:\/\/wp.kristdemokraterna.se\/uppsala\/files\/2024\/06\/kd-rpb-2025-2027.pdf\">KD RPB 2025-2027<\/a>.<br \/>\nF\u00f6r en mer \u00f6versiktlig presentation h\u00e4nvisas <a href=\"https:\/\/www.canva.com\/design\/DAGH7_swn9k\/oN9tR6kl7rkZntSNW8P0Tw\/edit?utm_content=DAGH7_swn9k&amp;utm_campaign=designshare&amp;utm_medium=link2&amp;utm_source=sharebutton\">hit<\/a>.<\/p>\n<p><strong>En \u00f6versikt av Kristdemokraternas reformer:<\/strong><\/p>\n<ul>\n<li style=\"font-weight: 400\">Nationell styrning och finansiering av sjukv\u00e5rden \u2013 en anpassning av skattesats till riksgenomsnittet f\u00f6r regioner.<\/li>\n<li style=\"font-weight: 400\">Ny finansieringsmodell f\u00f6r sjukhusv\u00e5rden<\/li>\n<li style=\"font-weight: 400\">B\u00e4ttre aff\u00e4rer \u2013 ett s\u00e4tt att minska Region Uppsalas kostnader<\/li>\n<li style=\"font-weight: 400\">St\u00e4rkt strategisk ledning f\u00f6r h\u00e4lso- och sjukv\u00e5rd<\/li>\n<li style=\"font-weight: 400\">Kapade v\u00e5rdk\u00f6er<\/li>\n<li style=\"font-weight: 400\">Sammanslagning av psykiatri och habilitering<\/li>\n<li style=\"font-weight: 400\">Precisionsmedicin m\u00f6ter framtidens v\u00e5rdbehov<\/li>\n<li style=\"font-weight: 400\">Bolagisering av folktandv\u00e5rden<\/li>\n<li style=\"font-weight: 400\">St\u00e4rk prim\u00e4rv\u00e5rdens organisation<\/li>\n<li style=\"font-weight: 400\">St\u00e4rk prim\u00e4rv\u00e5rdens ekonomi<\/li>\n<li style=\"font-weight: 400\">Mobil prim\u00e4rv\u00e5rd &#8211; utbyggd \u00e4ldrev\u00e5rdsenhet (\u00c4VE) och mobila n\u00e4rv\u00e5rdsteam (MNT)<\/li>\n<li style=\"font-weight: 400\">N\u00e4rmottagningar<\/li>\n<li style=\"font-weight: 400\">En prim\u00e4rv\u00e5rd f\u00f6r de med st\u00f6rst behov &#8211; habiliteringens husl\u00e4karmottagning<\/li>\n<li style=\"font-weight: 400\">Kraftens hus \u2013 en st\u00e4rkt rehabilitering f\u00f6r cancerpatienter<\/li>\n<li style=\"font-weight: 400\">En offentligt driven slott- och konferensanl\u00e4ggning: en d\u00e5lig id\u00e9<\/li>\n<li style=\"font-weight: 400\">Skottpengar p\u00e5 skarv<\/li>\n<\/ul>\n","protected":false},"excerpt":{"rendered":"<p>Ett Gott Liv &#8211; reformer f\u00f6r Region Uppsala 2025-2027 Den 18-19 juni klubbar Region Uppsala plan och budget f\u00f6r 2025-2027. Kristdemokraternas f\u00f6rslag till budget inneh\u00e5ller viktiga reformer f\u00f6r v\u00e5rt l\u00e4n, vilket kan l\u00e4sas h\u00e4r; \u00a0KD RPB 2025-2027. F\u00f6r en mer \u00f6versiktlig presentation h\u00e4nvisas hit. En \u00f6versikt av Kristdemokraternas reformer: Nationell styrning och finansiering av sjukv\u00e5rden <a class=\"read-more-link\" href=\"https:\/\/wp.kristdemokraterna.se\/uppsala\/regionen\/kd-s-budget-for-region-uppsala-2025-2027\/\">Read More<\/a><\/p>\n","protected":false},"author":1055,"featured_media":0,"parent":3451,"menu_order":7,"comment_status":"closed","ping_status":"closed","template":"","meta":{"_acf_changed":false,"footnotes":""},"class_list":["post-4781","page","type-page","status-publish","hentry"],"acf":[],"yoast_head":"<!-- This site is optimized with the Yoast SEO plugin v27.4 - https:\/\/yoast.com\/product\/yoast-seo-wordpress\/ -->\n<title>Budget f\u00f6r 2025-2027 | Kristdemokraterna | Uppsala<\/title>\n<meta name=\"robots\" content=\"index, follow, max-snippet:-1, max-image-preview:large, max-video-preview:-1\" \/>\n<link rel=\"canonical\" href=\"https:\/\/wp.kristdemokraterna.se\/uppsala\/regionen\/kd-s-budget-for-region-uppsala-2025-2027\/\" \/>\n<meta property=\"og:locale\" content=\"sv_SE\" \/>\n<meta property=\"og:type\" content=\"article\" \/>\n<meta property=\"og:title\" content=\"Budget f\u00f6r 2025-2027 | Kristdemokraterna | Uppsala\" \/>\n<meta property=\"og:description\" content=\"Ett Gott Liv &#8211; reformer f\u00f6r Region Uppsala 2025-2027 Den 18-19 juni klubbar Region Uppsala plan och budget f\u00f6r 2025-2027. Kristdemokraternas f\u00f6rslag till budget inneh\u00e5ller viktiga reformer f\u00f6r v\u00e5rt l\u00e4n, vilket kan l\u00e4sas h\u00e4r; \u00a0KD RPB 2025-2027. F\u00f6r en mer \u00f6versiktlig presentation h\u00e4nvisas hit. En \u00f6versikt av Kristdemokraternas reformer: Nationell styrning och finansiering av sjukv\u00e5rden Read More\" \/>\n<meta property=\"og:url\" content=\"https:\/\/wp.kristdemokraterna.se\/uppsala\/regionen\/kd-s-budget-for-region-uppsala-2025-2027\/\" \/>\n<meta property=\"og:site_name\" content=\"Kristdemokraterna | Uppsala\" \/>\n<meta property=\"article:publisher\" content=\"https:\/\/www.facebook.com\/UppsalaKD\/\" \/>\n<meta property=\"article:modified_time\" content=\"2024-08-21T22:00:33+00:00\" \/>\n<meta property=\"og:image\" content=\"http:\/\/wp.kristdemokraterna.se\/uppsala\/files\/2024\/06\/rpb-2025-2027-300x183.png\" \/>\n<meta name=\"twitter:card\" content=\"summary_large_image\" \/>\n<meta name=\"twitter:label1\" content=\"Ber\u00e4knad l\u00e4stid\" \/>\n\t<meta name=\"twitter:data1\" content=\"1 minut\" \/>\n<script type=\"application\/ld+json\" class=\"yoast-schema-graph\">{\"@context\":\"https:\\\/\\\/schema.org\",\"@graph\":[{\"@type\":\"WebPage\",\"@id\":\"https:\\\/\\\/wp.kristdemokraterna.se\\\/uppsala\\\/regionen\\\/kd-s-budget-for-region-uppsala-2025-2027\\\/\",\"url\":\"https:\\\/\\\/wp.kristdemokraterna.se\\\/uppsala\\\/regionen\\\/kd-s-budget-for-region-uppsala-2025-2027\\\/\",\"name\":\"Budget f\u00f6r 2025-2027 | Kristdemokraterna | Uppsala\",\"isPartOf\":{\"@id\":\"https:\\\/\\\/wp.kristdemokraterna.se\\\/uppsala\\\/#website\"},\"primaryImageOfPage\":{\"@id\":\"https:\\\/\\\/wp.kristdemokraterna.se\\\/uppsala\\\/regionen\\\/kd-s-budget-for-region-uppsala-2025-2027\\\/#primaryimage\"},\"image\":{\"@id\":\"https:\\\/\\\/wp.kristdemokraterna.se\\\/uppsala\\\/regionen\\\/kd-s-budget-for-region-uppsala-2025-2027\\\/#primaryimage\"},\"thumbnailUrl\":\"http:\\\/\\\/wp.kristdemokraterna.se\\\/uppsala\\\/files\\\/2024\\\/06\\\/rpb-2025-2027-300x183.png\",\"datePublished\":\"2024-06-19T12:13:24+00:00\",\"dateModified\":\"2024-08-21T22:00:33+00:00\",\"breadcrumb\":{\"@id\":\"https:\\\/\\\/wp.kristdemokraterna.se\\\/uppsala\\\/regionen\\\/kd-s-budget-for-region-uppsala-2025-2027\\\/#breadcrumb\"},\"inLanguage\":\"sv-SE\",\"potentialAction\":[{\"@type\":\"ReadAction\",\"target\":[\"https:\\\/\\\/wp.kristdemokraterna.se\\\/uppsala\\\/regionen\\\/kd-s-budget-for-region-uppsala-2025-2027\\\/\"]}]},{\"@type\":\"ImageObject\",\"inLanguage\":\"sv-SE\",\"@id\":\"https:\\\/\\\/wp.kristdemokraterna.se\\\/uppsala\\\/regionen\\\/kd-s-budget-for-region-uppsala-2025-2027\\\/#primaryimage\",\"url\":\"http:\\\/\\\/wp.kristdemokraterna.se\\\/uppsala\\\/files\\\/2024\\\/06\\\/rpb-2025-2027-300x183.png\",\"contentUrl\":\"http:\\\/\\\/wp.kristdemokraterna.se\\\/uppsala\\\/files\\\/2024\\\/06\\\/rpb-2025-2027-300x183.png\"},{\"@type\":\"BreadcrumbList\",\"@id\":\"https:\\\/\\\/wp.kristdemokraterna.se\\\/uppsala\\\/regionen\\\/kd-s-budget-for-region-uppsala-2025-2027\\\/#breadcrumb\",\"itemListElement\":[{\"@type\":\"ListItem\",\"position\":1,\"name\":\"Hem\",\"item\":\"https:\\\/\\\/wp.kristdemokraterna.se\\\/uppsala\\\/\"},{\"@type\":\"ListItem\",\"position\":2,\"name\":\"Kristdemokraterna i Region Uppsala\",\"item\":\"https:\\\/\\\/wp.kristdemokraterna.se\\\/uppsala\\\/regionen\\\/\"},{\"@type\":\"ListItem\",\"position\":3,\"name\":\"Budget f\u00f6r 2025-2027\"}]},{\"@type\":\"WebSite\",\"@id\":\"https:\\\/\\\/wp.kristdemokraterna.se\\\/uppsala\\\/#website\",\"url\":\"https:\\\/\\\/wp.kristdemokraterna.se\\\/uppsala\\\/\",\"name\":\"Kristdemokraterna Uppsala\",\"description\":\"Tryggare Uppsala\",\"publisher\":{\"@id\":\"https:\\\/\\\/wp.kristdemokraterna.se\\\/uppsala\\\/#organization\"},\"inLanguage\":\"sv-SE\"},{\"@type\":\"Organization\",\"@id\":\"https:\\\/\\\/wp.kristdemokraterna.se\\\/uppsala\\\/#organization\",\"name\":\"Kristdemokraterna Uppsala\",\"url\":\"https:\\\/\\\/wp.kristdemokraterna.se\\\/uppsala\\\/\",\"logo\":{\"@type\":\"ImageObject\",\"inLanguage\":\"sv-SE\",\"@id\":\"https:\\\/\\\/wp.kristdemokraterna.se\\\/uppsala\\\/#\\\/schema\\\/logo\\\/image\\\/\",\"url\":\"https:\\\/\\\/wp.kristdemokraterna.se\\\/uppsala\\\/files\\\/2019\\\/10\\\/kd-uppsala.png\",\"contentUrl\":\"https:\\\/\\\/wp.kristdemokraterna.se\\\/uppsala\\\/files\\\/2019\\\/10\\\/kd-uppsala.png\",\"width\":804,\"height\":421,\"caption\":\"Kristdemokraterna Uppsala\"},\"image\":{\"@id\":\"https:\\\/\\\/wp.kristdemokraterna.se\\\/uppsala\\\/#\\\/schema\\\/logo\\\/image\\\/\"},\"sameAs\":[\"https:\\\/\\\/www.facebook.com\\\/UppsalaKD\\\/\",\"https:\\\/\\\/www.instagram.com\\\/uppsalakd\\\/\"]}]}<\/script>\n<!-- \/ Yoast SEO plugin. -->","yoast_head_json":{"title":"Budget f\u00f6r 2025-2027 | Kristdemokraterna | Uppsala","robots":{"index":"index","follow":"follow","max-snippet":"max-snippet:-1","max-image-preview":"max-image-preview:large","max-video-preview":"max-video-preview:-1"},"canonical":"https:\/\/wp.kristdemokraterna.se\/uppsala\/regionen\/kd-s-budget-for-region-uppsala-2025-2027\/","og_locale":"sv_SE","og_type":"article","og_title":"Budget f\u00f6r 2025-2027 | Kristdemokraterna | Uppsala","og_description":"Ett Gott Liv &#8211; reformer f\u00f6r Region Uppsala 2025-2027 Den 18-19 juni klubbar Region Uppsala plan och budget f\u00f6r 2025-2027. Kristdemokraternas f\u00f6rslag till budget inneh\u00e5ller viktiga reformer f\u00f6r v\u00e5rt l\u00e4n, vilket kan l\u00e4sas h\u00e4r; \u00a0KD RPB 2025-2027. F\u00f6r en mer \u00f6versiktlig presentation h\u00e4nvisas hit. En \u00f6versikt av Kristdemokraternas reformer: Nationell styrning och finansiering av sjukv\u00e5rden Read More","og_url":"https:\/\/wp.kristdemokraterna.se\/uppsala\/regionen\/kd-s-budget-for-region-uppsala-2025-2027\/","og_site_name":"Kristdemokraterna | Uppsala","article_publisher":"https:\/\/www.facebook.com\/UppsalaKD\/","article_modified_time":"2024-08-21T22:00:33+00:00","og_image":[{"url":"http:\/\/wp.kristdemokraterna.se\/uppsala\/files\/2024\/06\/rpb-2025-2027-300x183.png","type":"","width":"","height":""}],"twitter_card":"summary_large_image","twitter_misc":{"Ber\u00e4knad l\u00e4stid":"1 minut"},"schema":{"@context":"https:\/\/schema.org","@graph":[{"@type":"WebPage","@id":"https:\/\/wp.kristdemokraterna.se\/uppsala\/regionen\/kd-s-budget-for-region-uppsala-2025-2027\/","url":"https:\/\/wp.kristdemokraterna.se\/uppsala\/regionen\/kd-s-budget-for-region-uppsala-2025-2027\/","name":"Budget f\u00f6r 2025-2027 | Kristdemokraterna | Uppsala","isPartOf":{"@id":"https:\/\/wp.kristdemokraterna.se\/uppsala\/#website"},"primaryImageOfPage":{"@id":"https:\/\/wp.kristdemokraterna.se\/uppsala\/regionen\/kd-s-budget-for-region-uppsala-2025-2027\/#primaryimage"},"image":{"@id":"https:\/\/wp.kristdemokraterna.se\/uppsala\/regionen\/kd-s-budget-for-region-uppsala-2025-2027\/#primaryimage"},"thumbnailUrl":"http:\/\/wp.kristdemokraterna.se\/uppsala\/files\/2024\/06\/rpb-2025-2027-300x183.png","datePublished":"2024-06-19T12:13:24+00:00","dateModified":"2024-08-21T22:00:33+00:00","breadcrumb":{"@id":"https:\/\/wp.kristdemokraterna.se\/uppsala\/regionen\/kd-s-budget-for-region-uppsala-2025-2027\/#breadcrumb"},"inLanguage":"sv-SE","potentialAction":[{"@type":"ReadAction","target":["https:\/\/wp.kristdemokraterna.se\/uppsala\/regionen\/kd-s-budget-for-region-uppsala-2025-2027\/"]}]},{"@type":"ImageObject","inLanguage":"sv-SE","@id":"https:\/\/wp.kristdemokraterna.se\/uppsala\/regionen\/kd-s-budget-for-region-uppsala-2025-2027\/#primaryimage","url":"http:\/\/wp.kristdemokraterna.se\/uppsala\/files\/2024\/06\/rpb-2025-2027-300x183.png","contentUrl":"http:\/\/wp.kristdemokraterna.se\/uppsala\/files\/2024\/06\/rpb-2025-2027-300x183.png"},{"@type":"BreadcrumbList","@id":"https:\/\/wp.kristdemokraterna.se\/uppsala\/regionen\/kd-s-budget-for-region-uppsala-2025-2027\/#breadcrumb","itemListElement":[{"@type":"ListItem","position":1,"name":"Hem","item":"https:\/\/wp.kristdemokraterna.se\/uppsala\/"},{"@type":"ListItem","position":2,"name":"Kristdemokraterna i Region Uppsala","item":"https:\/\/wp.kristdemokraterna.se\/uppsala\/regionen\/"},{"@type":"ListItem","position":3,"name":"Budget f\u00f6r 2025-2027"}]},{"@type":"WebSite","@id":"https:\/\/wp.kristdemokraterna.se\/uppsala\/#website","url":"https:\/\/wp.kristdemokraterna.se\/uppsala\/","name":"Kristdemokraterna Uppsala","description":"Tryggare Uppsala","publisher":{"@id":"https:\/\/wp.kristdemokraterna.se\/uppsala\/#organization"},"inLanguage":"sv-SE"},{"@type":"Organization","@id":"https:\/\/wp.kristdemokraterna.se\/uppsala\/#organization","name":"Kristdemokraterna Uppsala","url":"https:\/\/wp.kristdemokraterna.se\/uppsala\/","logo":{"@type":"ImageObject","inLanguage":"sv-SE","@id":"https:\/\/wp.kristdemokraterna.se\/uppsala\/#\/schema\/logo\/image\/","url":"https:\/\/wp.kristdemokraterna.se\/uppsala\/files\/2019\/10\/kd-uppsala.png","contentUrl":"https:\/\/wp.kristdemokraterna.se\/uppsala\/files\/2019\/10\/kd-uppsala.png","width":804,"height":421,"caption":"Kristdemokraterna Uppsala"},"image":{"@id":"https:\/\/wp.kristdemokraterna.se\/uppsala\/#\/schema\/logo\/image\/"},"sameAs":["https:\/\/www.facebook.com\/UppsalaKD\/","https:\/\/www.instagram.com\/uppsalakd\/"]}]}},"_links":{"self":[{"href":"https:\/\/wp.kristdemokraterna.se\/uppsala\/wp-json\/wp\/v2\/pages\/4781","targetHints":{"allow":["GET"]}}],"collection":[{"href":"https:\/\/wp.kristdemokraterna.se\/uppsala\/wp-json\/wp\/v2\/pages"}],"about":[{"href":"https:\/\/wp.kristdemokraterna.se\/uppsala\/wp-json\/wp\/v2\/types\/page"}],"author":[{"embeddable":true,"href":"https:\/\/wp.kristdemokraterna.se\/uppsala\/wp-json\/wp\/v2\/users\/1055"}],"replies":[{"embeddable":true,"href":"https:\/\/wp.kristdemokraterna.se\/uppsala\/wp-json\/wp\/v2\/comments?post=4781"}],"version-history":[{"count":4,"href":"https:\/\/wp.kristdemokraterna.se\/uppsala\/wp-json\/wp\/v2\/pages\/4781\/revisions"}],"predecessor-version":[{"id":4826,"href":"https:\/\/wp.kristdemokraterna.se\/uppsala\/wp-json\/wp\/v2\/pages\/4781\/revisions\/4826"}],"up":[{"embeddable":true,"href":"https:\/\/wp.kristdemokraterna.se\/uppsala\/wp-json\/wp\/v2\/pages\/3451"}],"wp:attachment":[{"href":"https:\/\/wp.kristdemokraterna.se\/uppsala\/wp-json\/wp\/v2\/media?parent=4781"}],"curies":[{"name":"wp","href":"https:\/\/api.w.org\/{rel}","templated":true}]}}