{"id":4814,"date":"2024-08-21T14:39:28","date_gmt":"2024-08-21T12:39:28","guid":{"rendered":"https:\/\/wp.kristdemokraterna.se\/uppsala\/?page_id=4814"},"modified":"2024-08-22T00:12:38","modified_gmt":"2024-08-21T22:12:38","slug":"lokalt-program-savja","status":"publish","type":"page","link":"https:\/\/wp.kristdemokraterna.se\/uppsala\/kd-i-uppsala-kommun\/kommunprogram-uppsala\/lokalt-program-savja\/","title":{"rendered":"Lokalt program: S\u00e4vja"},"content":{"rendered":"<p>Uppsala kommun best\u00e5r inte bara av stadsk\u00e4rnan, i kommunen finns m\u00e5nga orter och omr\u00e5den som f\u00f6rtj\u00e4nar politikernas uppm\u00e4rksamhet. D\u00e4rf\u00f6r har vi Kristdemokrater i Uppsala arbetat fram tre lokala program f\u00f6r omr\u00e5dena: Storvreta, Bj\u00f6rklinge och S\u00e4vja.<\/p>\n<p>Dessa fr\u00e5gor driver vi f\u00f6r S\u00e4vja:<\/p>\n<p><strong>Stoppa planerna p\u00e5 22 000 nya bost\u00e4der<\/strong><br \/>\nVi \u00e4r emot planerna p\u00e5 21 500 bost\u00e4der i syd\u00f6stra Uppsala, som kommer kr\u00e4va t\u00e4tt byggda h\u00f6ga hus med fler bost\u00e4der p\u00e5 liten yta \u00e4n i vissa problem\u00ad f\u00f6rorter. H\u00f6gre hus ger ingen m\u00e4nsklig skala och bidrar till misstrivsel och skugga.<\/p>\n<p><strong>H\u00e5ll ned h\u00f6jden och t\u00e4theten<\/strong><br \/>\nDe huskroppar som ligger n\u00e4rmast j\u00e4rnv\u00e4gsstationen b\u00f6r inte vara h\u00f6gre \u00e4n 4-5 v\u00e5ningar. Forskning visar att det \u00e4r vid denna maxh\u00f6jd som boende i husen fortfarande k\u00e4nner varandra och f\u00f6r\u00e4ldrar fortfarande v\u00e5gar sl\u00e4ppa ut sina barn ensamma f\u00f6r att leka.<\/p>\n<p><strong>Nej till sp\u00e5rvagn<\/strong><br \/>\nAtt fatta beslut om ett nytt kollektivtrafiksystem tillsammans med den massiva utbyggnaden vore ett stort och n\u00e4stan o\u00e5terkalleligt misstag. Vi vill utveckla syd\u00f6stra Uppsala p\u00e5 ett annat s\u00e4tt.<\/p>\n<p><strong>Bevara gr\u00f6nomr\u00e5den och jordbruksmark<\/strong><br \/>\nLinn\u00e9s S\u00e4vja och den lantliga pr\u00e4geln, ocks\u00e5 ut\u00f6ver f\u00e4lten mot Linn\u00e9s Hammarby, b\u00f6r bevaras. Jordbruksmarken tillh\u00f6r den mest b\u00f6rdiga som finns i Sverige och Uppsala b\u00f6r fortsatt vara en stad \u201dp\u00e5 sl\u00e4tten\u201d. Ny bebyggelse b\u00f6r hellre l\u00e4ggas i skogen mellan E4 och j\u00e4rnv\u00e4gen \u00e4n t\u00e4tt inp\u00e5 nuvarande bost\u00e4der.<\/p>\n<p><strong>G\u00f6r om planerna<\/strong><br \/>\nDe flesta \u00f6nskar f\u00f6rr eller senare bo i ett eget hus, och d\u00e4rf\u00f6r har vi f\u00f6reslagit \u201dS\u00f6derby Tr\u00e4dg\u00e5rdsstad\u201d med egnahem i skogsbrynet nedanf\u00f6r Danmarks S\u00f6derby. Hela planen som siktar mot ett nytt miljonprogram i Lunsenskogen beh\u00f6ver g\u00f6ras om och f\u00f6rankras hos befolkningen.<\/p>\n<p><strong>Utveckla S\u00e4vja utifr\u00e5n sin egen s\u00e4rart<\/strong><br \/>\nVi beh\u00f6ver en stadsdel som \u00e4r fortsatt naturn\u00e4ra och attraktiv, som m\u00e5ste f\u00e5 v\u00e4xa i sin egen takt. Service ska finnas kvar med v\u00e5rdcentral, \u00e4ldreboenden, skolor och f\u00f6rskolor och verksamheten ska h\u00e5lla h\u00f6g kvalitet. Tillv\u00e4xten ska ske organiskt och utifr\u00e5n stadsdelens nuvarande pr\u00e4gel.<\/p>\n<p>Klicka <a href=\"https:\/\/wp.kristdemokraterna.se\/uppsala\/files\/2018\/10\/savja-final.pdf\">h\u00e4r<\/a> f\u00f6r direktl\u00e4nk till v\u00e5rt program f\u00f6r S\u00e4vja.<\/p>\n<p>&nbsp;<\/p>\n","protected":false},"excerpt":{"rendered":"<p>Uppsala kommun best\u00e5r inte bara av stadsk\u00e4rnan, i kommunen finns m\u00e5nga orter och omr\u00e5den som f\u00f6rtj\u00e4nar politikernas uppm\u00e4rksamhet. D\u00e4rf\u00f6r har vi Kristdemokrater i Uppsala arbetat fram tre lokala program f\u00f6r omr\u00e5dena: Storvreta, Bj\u00f6rklinge och S\u00e4vja. Dessa fr\u00e5gor driver vi f\u00f6r S\u00e4vja: Stoppa planerna p\u00e5 22 000 nya bost\u00e4der Vi \u00e4r emot planerna p\u00e5 21 500 <a class=\"read-more-link\" href=\"https:\/\/wp.kristdemokraterna.se\/uppsala\/kd-i-uppsala-kommun\/kommunprogram-uppsala\/lokalt-program-savja\/\">Read More<\/a><\/p>\n","protected":false},"author":1055,"featured_media":0,"parent":4807,"menu_order":3,"comment_status":"closed","ping_status":"closed","template":"","meta":{"_acf_changed":false,"footnotes":""},"class_list":["post-4814","page","type-page","status-publish","hentry"],"acf":[],"yoast_head":"<!-- This site is optimized with the Yoast SEO plugin v27.3 - https:\/\/yoast.com\/product\/yoast-seo-wordpress\/ -->\n<title>Lokalt program: S\u00e4vja | Kristdemokraterna | Uppsala<\/title>\n<meta name=\"robots\" content=\"index, follow, max-snippet:-1, max-image-preview:large, max-video-preview:-1\" \/>\n<link rel=\"canonical\" href=\"https:\/\/wp.kristdemokraterna.se\/uppsala\/kd-i-uppsala-kommun\/kommunprogram-uppsala\/lokalt-program-savja\/\" \/>\n<meta property=\"og:locale\" content=\"sv_SE\" \/>\n<meta property=\"og:type\" content=\"article\" \/>\n<meta property=\"og:title\" content=\"Lokalt program: S\u00e4vja | Kristdemokraterna | Uppsala\" \/>\n<meta property=\"og:description\" content=\"Uppsala kommun best\u00e5r inte bara av stadsk\u00e4rnan, i kommunen finns m\u00e5nga orter och omr\u00e5den som f\u00f6rtj\u00e4nar politikernas uppm\u00e4rksamhet. D\u00e4rf\u00f6r har vi Kristdemokrater i Uppsala arbetat fram tre lokala program f\u00f6r omr\u00e5dena: Storvreta, Bj\u00f6rklinge och S\u00e4vja. Dessa fr\u00e5gor driver vi f\u00f6r S\u00e4vja: Stoppa planerna p\u00e5 22 000 nya bost\u00e4der Vi \u00e4r emot planerna p\u00e5 21 500 Read More\" \/>\n<meta property=\"og:url\" content=\"https:\/\/wp.kristdemokraterna.se\/uppsala\/kd-i-uppsala-kommun\/kommunprogram-uppsala\/lokalt-program-savja\/\" \/>\n<meta property=\"og:site_name\" content=\"Kristdemokraterna | Uppsala\" \/>\n<meta property=\"article:publisher\" content=\"https:\/\/www.facebook.com\/UppsalaKD\/\" \/>\n<meta property=\"article:modified_time\" content=\"2024-08-21T22:12:38+00:00\" \/>\n<meta property=\"og:image\" content=\"https:\/\/wp.kristdemokraterna.se\/uppsala\/files\/2021\/12\/kom1.png\" \/>\n\t<meta property=\"og:image:width\" content=\"770\" \/>\n\t<meta property=\"og:image:height\" content=\"404\" \/>\n\t<meta property=\"og:image:type\" content=\"image\/png\" \/>\n<meta name=\"twitter:card\" content=\"summary_large_image\" \/>\n<meta name=\"twitter:label1\" content=\"Ber\u00e4knad l\u00e4stid\" \/>\n\t<meta name=\"twitter:data1\" content=\"2 minuter\" \/>\n<script type=\"application\/ld+json\" class=\"yoast-schema-graph\">{\"@context\":\"https:\\\/\\\/schema.org\",\"@graph\":[{\"@type\":\"WebPage\",\"@id\":\"https:\\\/\\\/wp.kristdemokraterna.se\\\/uppsala\\\/kd-i-uppsala-kommun\\\/kommunprogram-uppsala\\\/lokalt-program-savja\\\/\",\"url\":\"https:\\\/\\\/wp.kristdemokraterna.se\\\/uppsala\\\/kd-i-uppsala-kommun\\\/kommunprogram-uppsala\\\/lokalt-program-savja\\\/\",\"name\":\"Lokalt program: S\u00e4vja | Kristdemokraterna | Uppsala\",\"isPartOf\":{\"@id\":\"https:\\\/\\\/wp.kristdemokraterna.se\\\/uppsala\\\/#website\"},\"datePublished\":\"2024-08-21T12:39:28+00:00\",\"dateModified\":\"2024-08-21T22:12:38+00:00\",\"breadcrumb\":{\"@id\":\"https:\\\/\\\/wp.kristdemokraterna.se\\\/uppsala\\\/kd-i-uppsala-kommun\\\/kommunprogram-uppsala\\\/lokalt-program-savja\\\/#breadcrumb\"},\"inLanguage\":\"sv-SE\",\"potentialAction\":[{\"@type\":\"ReadAction\",\"target\":[\"https:\\\/\\\/wp.kristdemokraterna.se\\\/uppsala\\\/kd-i-uppsala-kommun\\\/kommunprogram-uppsala\\\/lokalt-program-savja\\\/\"]}]},{\"@type\":\"BreadcrumbList\",\"@id\":\"https:\\\/\\\/wp.kristdemokraterna.se\\\/uppsala\\\/kd-i-uppsala-kommun\\\/kommunprogram-uppsala\\\/lokalt-program-savja\\\/#breadcrumb\",\"itemListElement\":[{\"@type\":\"ListItem\",\"position\":1,\"name\":\"Hem\",\"item\":\"https:\\\/\\\/wp.kristdemokraterna.se\\\/uppsala\\\/\"},{\"@type\":\"ListItem\",\"position\":2,\"name\":\"Kristdemokraterna i Uppsala Kommun\",\"item\":\"https:\\\/\\\/wp.kristdemokraterna.se\\\/uppsala\\\/kd-i-uppsala-kommun\\\/\"},{\"@type\":\"ListItem\",\"position\":3,\"name\":\"Kommunprogram Uppsala\",\"item\":\"https:\\\/\\\/wp.kristdemokraterna.se\\\/uppsala\\\/kd-i-uppsala-kommun\\\/kommunprogram-uppsala\\\/\"},{\"@type\":\"ListItem\",\"position\":4,\"name\":\"Lokalt program: S\u00e4vja\"}]},{\"@type\":\"WebSite\",\"@id\":\"https:\\\/\\\/wp.kristdemokraterna.se\\\/uppsala\\\/#website\",\"url\":\"https:\\\/\\\/wp.kristdemokraterna.se\\\/uppsala\\\/\",\"name\":\"Kristdemokraterna Uppsala\",\"description\":\"Tryggare Uppsala\",\"publisher\":{\"@id\":\"https:\\\/\\\/wp.kristdemokraterna.se\\\/uppsala\\\/#organization\"},\"inLanguage\":\"sv-SE\"},{\"@type\":\"Organization\",\"@id\":\"https:\\\/\\\/wp.kristdemokraterna.se\\\/uppsala\\\/#organization\",\"name\":\"Kristdemokraterna Uppsala\",\"url\":\"https:\\\/\\\/wp.kristdemokraterna.se\\\/uppsala\\\/\",\"logo\":{\"@type\":\"ImageObject\",\"inLanguage\":\"sv-SE\",\"@id\":\"https:\\\/\\\/wp.kristdemokraterna.se\\\/uppsala\\\/#\\\/schema\\\/logo\\\/image\\\/\",\"url\":\"https:\\\/\\\/wp.kristdemokraterna.se\\\/uppsala\\\/files\\\/2019\\\/10\\\/kd-uppsala.png\",\"contentUrl\":\"https:\\\/\\\/wp.kristdemokraterna.se\\\/uppsala\\\/files\\\/2019\\\/10\\\/kd-uppsala.png\",\"width\":804,\"height\":421,\"caption\":\"Kristdemokraterna Uppsala\"},\"image\":{\"@id\":\"https:\\\/\\\/wp.kristdemokraterna.se\\\/uppsala\\\/#\\\/schema\\\/logo\\\/image\\\/\"},\"sameAs\":[\"https:\\\/\\\/www.facebook.com\\\/UppsalaKD\\\/\",\"https:\\\/\\\/www.instagram.com\\\/uppsalakd\\\/\"]}]}<\/script>\n<!-- \/ Yoast SEO plugin. -->","yoast_head_json":{"title":"Lokalt program: S\u00e4vja | Kristdemokraterna | Uppsala","robots":{"index":"index","follow":"follow","max-snippet":"max-snippet:-1","max-image-preview":"max-image-preview:large","max-video-preview":"max-video-preview:-1"},"canonical":"https:\/\/wp.kristdemokraterna.se\/uppsala\/kd-i-uppsala-kommun\/kommunprogram-uppsala\/lokalt-program-savja\/","og_locale":"sv_SE","og_type":"article","og_title":"Lokalt program: S\u00e4vja | Kristdemokraterna | Uppsala","og_description":"Uppsala kommun best\u00e5r inte bara av stadsk\u00e4rnan, i kommunen finns m\u00e5nga orter och omr\u00e5den som f\u00f6rtj\u00e4nar politikernas uppm\u00e4rksamhet. D\u00e4rf\u00f6r har vi Kristdemokrater i Uppsala arbetat fram tre lokala program f\u00f6r omr\u00e5dena: Storvreta, Bj\u00f6rklinge och S\u00e4vja. Dessa fr\u00e5gor driver vi f\u00f6r S\u00e4vja: Stoppa planerna p\u00e5 22 000 nya bost\u00e4der Vi \u00e4r emot planerna p\u00e5 21 500 Read More","og_url":"https:\/\/wp.kristdemokraterna.se\/uppsala\/kd-i-uppsala-kommun\/kommunprogram-uppsala\/lokalt-program-savja\/","og_site_name":"Kristdemokraterna | Uppsala","article_publisher":"https:\/\/www.facebook.com\/UppsalaKD\/","article_modified_time":"2024-08-21T22:12:38+00:00","og_image":[{"width":770,"height":404,"url":"https:\/\/wp.kristdemokraterna.se\/uppsala\/files\/2021\/12\/kom1.png","type":"image\/png"}],"twitter_card":"summary_large_image","twitter_misc":{"Ber\u00e4knad l\u00e4stid":"2 minuter"},"schema":{"@context":"https:\/\/schema.org","@graph":[{"@type":"WebPage","@id":"https:\/\/wp.kristdemokraterna.se\/uppsala\/kd-i-uppsala-kommun\/kommunprogram-uppsala\/lokalt-program-savja\/","url":"https:\/\/wp.kristdemokraterna.se\/uppsala\/kd-i-uppsala-kommun\/kommunprogram-uppsala\/lokalt-program-savja\/","name":"Lokalt program: S\u00e4vja | Kristdemokraterna | Uppsala","isPartOf":{"@id":"https:\/\/wp.kristdemokraterna.se\/uppsala\/#website"},"datePublished":"2024-08-21T12:39:28+00:00","dateModified":"2024-08-21T22:12:38+00:00","breadcrumb":{"@id":"https:\/\/wp.kristdemokraterna.se\/uppsala\/kd-i-uppsala-kommun\/kommunprogram-uppsala\/lokalt-program-savja\/#breadcrumb"},"inLanguage":"sv-SE","potentialAction":[{"@type":"ReadAction","target":["https:\/\/wp.kristdemokraterna.se\/uppsala\/kd-i-uppsala-kommun\/kommunprogram-uppsala\/lokalt-program-savja\/"]}]},{"@type":"BreadcrumbList","@id":"https:\/\/wp.kristdemokraterna.se\/uppsala\/kd-i-uppsala-kommun\/kommunprogram-uppsala\/lokalt-program-savja\/#breadcrumb","itemListElement":[{"@type":"ListItem","position":1,"name":"Hem","item":"https:\/\/wp.kristdemokraterna.se\/uppsala\/"},{"@type":"ListItem","position":2,"name":"Kristdemokraterna i Uppsala Kommun","item":"https:\/\/wp.kristdemokraterna.se\/uppsala\/kd-i-uppsala-kommun\/"},{"@type":"ListItem","position":3,"name":"Kommunprogram Uppsala","item":"https:\/\/wp.kristdemokraterna.se\/uppsala\/kd-i-uppsala-kommun\/kommunprogram-uppsala\/"},{"@type":"ListItem","position":4,"name":"Lokalt program: S\u00e4vja"}]},{"@type":"WebSite","@id":"https:\/\/wp.kristdemokraterna.se\/uppsala\/#website","url":"https:\/\/wp.kristdemokraterna.se\/uppsala\/","name":"Kristdemokraterna Uppsala","description":"Tryggare Uppsala","publisher":{"@id":"https:\/\/wp.kristdemokraterna.se\/uppsala\/#organization"},"inLanguage":"sv-SE"},{"@type":"Organization","@id":"https:\/\/wp.kristdemokraterna.se\/uppsala\/#organization","name":"Kristdemokraterna Uppsala","url":"https:\/\/wp.kristdemokraterna.se\/uppsala\/","logo":{"@type":"ImageObject","inLanguage":"sv-SE","@id":"https:\/\/wp.kristdemokraterna.se\/uppsala\/#\/schema\/logo\/image\/","url":"https:\/\/wp.kristdemokraterna.se\/uppsala\/files\/2019\/10\/kd-uppsala.png","contentUrl":"https:\/\/wp.kristdemokraterna.se\/uppsala\/files\/2019\/10\/kd-uppsala.png","width":804,"height":421,"caption":"Kristdemokraterna Uppsala"},"image":{"@id":"https:\/\/wp.kristdemokraterna.se\/uppsala\/#\/schema\/logo\/image\/"},"sameAs":["https:\/\/www.facebook.com\/UppsalaKD\/","https:\/\/www.instagram.com\/uppsalakd\/"]}]}},"_links":{"self":[{"href":"https:\/\/wp.kristdemokraterna.se\/uppsala\/wp-json\/wp\/v2\/pages\/4814","targetHints":{"allow":["GET"]}}],"collection":[{"href":"https:\/\/wp.kristdemokraterna.se\/uppsala\/wp-json\/wp\/v2\/pages"}],"about":[{"href":"https:\/\/wp.kristdemokraterna.se\/uppsala\/wp-json\/wp\/v2\/types\/page"}],"author":[{"embeddable":true,"href":"https:\/\/wp.kristdemokraterna.se\/uppsala\/wp-json\/wp\/v2\/users\/1055"}],"replies":[{"embeddable":true,"href":"https:\/\/wp.kristdemokraterna.se\/uppsala\/wp-json\/wp\/v2\/comments?post=4814"}],"version-history":[{"count":4,"href":"https:\/\/wp.kristdemokraterna.se\/uppsala\/wp-json\/wp\/v2\/pages\/4814\/revisions"}],"predecessor-version":[{"id":4831,"href":"https:\/\/wp.kristdemokraterna.se\/uppsala\/wp-json\/wp\/v2\/pages\/4814\/revisions\/4831"}],"up":[{"embeddable":true,"href":"https:\/\/wp.kristdemokraterna.se\/uppsala\/wp-json\/wp\/v2\/pages\/4807"}],"wp:attachment":[{"href":"https:\/\/wp.kristdemokraterna.se\/uppsala\/wp-json\/wp\/v2\/media?parent=4814"}],"curies":[{"name":"wp","href":"https:\/\/api.w.org\/{rel}","templated":true}]}}