{"id":4873,"date":"2025-01-13T15:22:13","date_gmt":"2025-01-13T14:22:13","guid":{"rendered":"https:\/\/wp.kristdemokraterna.se\/uppsala\/?page_id=4873"},"modified":"2025-10-29T08:43:36","modified_gmt":"2025-10-29T07:43:36","slug":"var-partiavdelningsstyrelse","status":"publish","type":"page","link":"https:\/\/wp.kristdemokraterna.se\/uppsala\/kd-i-uppsala-kommun\/var-partiavdelningsstyrelse\/","title":{"rendered":"V\u00e5r partiavdelningsstyrelse"},"content":{"rendered":"<p><strong style=\"font-size: 16px\">Magnus Wikberg <\/strong><em>ordf\u00f6rande<br \/>\n<\/em><a>magnus.wikberg@kristdemokraterna.se<\/a><\/p>\n<p><strong>Cecilia Hamenius <\/strong><em>1:a vice ordf\u00f6rande<\/em><\/p>\n<p><strong>Inga-Lill Aronsson <\/strong><em>2:a vice ordf\u00f6rande<\/em><\/p>\n<p><strong>Sten Aleman <\/strong><em>ledamot<\/em><\/p>\n<p><strong>Albin Strandman <\/strong><em>ledamot<\/em><\/p>\n<p><strong>Oskar Knutsson <\/strong><em>l<\/em><em>edamot<\/em><\/p>\n<p><strong>Leif Bostr\u00f6m<\/strong><em> ledamot<\/em><\/p>\n<p><strong>Krister Ericsson <\/strong><em>ledamot<\/em><\/p>\n<p>Adjungerade:<\/p>\n<p><strong>Kommunalr\u00e5d<\/strong> Jonas Segersam<\/p>\n<p><strong>Kommunpolitisk sekreterare<\/strong> H\u00e9l\u00e8ne Brodin Rheindorf<\/p>\n<p><strong>Distriktsombudsman<\/strong> Eva Moberg<\/p>\n<p>Adam Renberg<\/p>\n<p>Disa Mentzer<\/p>\n<p><strong>Kass\u00f6r<\/strong> \u00c5sa Mika (ing\u00e5r inte i styrelsen)<\/p>\n<header><\/header>\n<header><\/header>\n<header><\/header>\n","protected":false},"excerpt":{"rendered":"<p>Magnus Wikberg ordf\u00f6rande magnus.wikberg@kristdemokraterna.se Cecilia Hamenius 1:a vice ordf\u00f6rande Inga-Lill Aronsson 2:a vice ordf\u00f6rande Sten Aleman ledamot Albin Strandman ledamot Oskar Knutsson ledamot Leif Bostr\u00f6m ledamot Krister Ericsson ledamot Adjungerade: Kommunalr\u00e5d Jonas Segersam Kommunpolitisk sekreterare H\u00e9l\u00e8ne Brodin Rheindorf Distriktsombudsman Eva Moberg Adam Renberg Disa Mentzer Kass\u00f6r \u00c5sa Mika (ing\u00e5r inte i styrelsen)<\/p>\n","protected":false},"author":1064,"featured_media":0,"parent":3447,"menu_order":6,"comment_status":"closed","ping_status":"closed","template":"","meta":{"_acf_changed":false,"footnotes":""},"class_list":["post-4873","page","type-page","status-publish","hentry"],"acf":[],"yoast_head":"<!-- This site is optimized with the Yoast SEO plugin v27.4 - https:\/\/yoast.com\/product\/yoast-seo-wordpress\/ -->\n<title>V\u00e5r partiavdelningsstyrelse | Kristdemokraterna | Uppsala<\/title>\n<meta name=\"robots\" content=\"index, follow, max-snippet:-1, max-image-preview:large, max-video-preview:-1\" \/>\n<link rel=\"canonical\" href=\"https:\/\/wp.kristdemokraterna.se\/uppsala\/kd-i-uppsala-kommun\/var-partiavdelningsstyrelse\/\" \/>\n<meta property=\"og:locale\" content=\"sv_SE\" \/>\n<meta property=\"og:type\" content=\"article\" \/>\n<meta property=\"og:title\" content=\"V\u00e5r partiavdelningsstyrelse | Kristdemokraterna | Uppsala\" \/>\n<meta property=\"og:description\" content=\"Magnus Wikberg ordf\u00f6rande magnus.wikberg@kristdemokraterna.se Cecilia Hamenius 1:a vice ordf\u00f6rande Inga-Lill Aronsson 2:a vice ordf\u00f6rande Sten Aleman ledamot Albin Strandman ledamot Oskar Knutsson ledamot Leif Bostr\u00f6m ledamot Krister Ericsson ledamot Adjungerade: Kommunalr\u00e5d Jonas Segersam Kommunpolitisk sekreterare H\u00e9l\u00e8ne Brodin Rheindorf Distriktsombudsman Eva Moberg Adam Renberg Disa Mentzer Kass\u00f6r \u00c5sa Mika (ing\u00e5r inte i styrelsen)\" \/>\n<meta property=\"og:url\" content=\"https:\/\/wp.kristdemokraterna.se\/uppsala\/kd-i-uppsala-kommun\/var-partiavdelningsstyrelse\/\" \/>\n<meta property=\"og:site_name\" content=\"Kristdemokraterna | Uppsala\" \/>\n<meta property=\"article:publisher\" content=\"https:\/\/www.facebook.com\/UppsalaKD\/\" \/>\n<meta property=\"article:modified_time\" content=\"2025-10-29T07:43:36+00:00\" \/>\n<meta property=\"og:image\" content=\"https:\/\/wp.kristdemokraterna.se\/uppsala\/files\/2021\/12\/kom1.png\" \/>\n\t<meta property=\"og:image:width\" content=\"770\" \/>\n\t<meta property=\"og:image:height\" content=\"404\" \/>\n\t<meta property=\"og:image:type\" content=\"image\/png\" \/>\n<meta name=\"twitter:card\" content=\"summary_large_image\" \/>\n<meta name=\"twitter:label1\" content=\"Ber\u00e4knad l\u00e4stid\" \/>\n\t<meta name=\"twitter:data1\" content=\"1 minut\" \/>\n<script type=\"application\/ld+json\" class=\"yoast-schema-graph\">{\"@context\":\"https:\\\/\\\/schema.org\",\"@graph\":[{\"@type\":\"WebPage\",\"@id\":\"https:\\\/\\\/wp.kristdemokraterna.se\\\/uppsala\\\/kd-i-uppsala-kommun\\\/var-partiavdelningsstyrelse\\\/\",\"url\":\"https:\\\/\\\/wp.kristdemokraterna.se\\\/uppsala\\\/kd-i-uppsala-kommun\\\/var-partiavdelningsstyrelse\\\/\",\"name\":\"V\u00e5r partiavdelningsstyrelse | Kristdemokraterna | Uppsala\",\"isPartOf\":{\"@id\":\"https:\\\/\\\/wp.kristdemokraterna.se\\\/uppsala\\\/#website\"},\"datePublished\":\"2025-01-13T14:22:13+00:00\",\"dateModified\":\"2025-10-29T07:43:36+00:00\",\"breadcrumb\":{\"@id\":\"https:\\\/\\\/wp.kristdemokraterna.se\\\/uppsala\\\/kd-i-uppsala-kommun\\\/var-partiavdelningsstyrelse\\\/#breadcrumb\"},\"inLanguage\":\"sv-SE\",\"potentialAction\":[{\"@type\":\"ReadAction\",\"target\":[\"https:\\\/\\\/wp.kristdemokraterna.se\\\/uppsala\\\/kd-i-uppsala-kommun\\\/var-partiavdelningsstyrelse\\\/\"]}]},{\"@type\":\"BreadcrumbList\",\"@id\":\"https:\\\/\\\/wp.kristdemokraterna.se\\\/uppsala\\\/kd-i-uppsala-kommun\\\/var-partiavdelningsstyrelse\\\/#breadcrumb\",\"itemListElement\":[{\"@type\":\"ListItem\",\"position\":1,\"name\":\"Hem\",\"item\":\"https:\\\/\\\/wp.kristdemokraterna.se\\\/uppsala\\\/\"},{\"@type\":\"ListItem\",\"position\":2,\"name\":\"Kristdemokraterna i Uppsala Kommun\",\"item\":\"https:\\\/\\\/wp.kristdemokraterna.se\\\/uppsala\\\/kd-i-uppsala-kommun\\\/\"},{\"@type\":\"ListItem\",\"position\":3,\"name\":\"V\u00e5r partiavdelningsstyrelse\"}]},{\"@type\":\"WebSite\",\"@id\":\"https:\\\/\\\/wp.kristdemokraterna.se\\\/uppsala\\\/#website\",\"url\":\"https:\\\/\\\/wp.kristdemokraterna.se\\\/uppsala\\\/\",\"name\":\"Kristdemokraterna Uppsala\",\"description\":\"Tryggare Uppsala\",\"publisher\":{\"@id\":\"https:\\\/\\\/wp.kristdemokraterna.se\\\/uppsala\\\/#organization\"},\"inLanguage\":\"sv-SE\"},{\"@type\":\"Organization\",\"@id\":\"https:\\\/\\\/wp.kristdemokraterna.se\\\/uppsala\\\/#organization\",\"name\":\"Kristdemokraterna Uppsala\",\"url\":\"https:\\\/\\\/wp.kristdemokraterna.se\\\/uppsala\\\/\",\"logo\":{\"@type\":\"ImageObject\",\"inLanguage\":\"sv-SE\",\"@id\":\"https:\\\/\\\/wp.kristdemokraterna.se\\\/uppsala\\\/#\\\/schema\\\/logo\\\/image\\\/\",\"url\":\"https:\\\/\\\/wp.kristdemokraterna.se\\\/uppsala\\\/files\\\/2019\\\/10\\\/kd-uppsala.png\",\"contentUrl\":\"https:\\\/\\\/wp.kristdemokraterna.se\\\/uppsala\\\/files\\\/2019\\\/10\\\/kd-uppsala.png\",\"width\":804,\"height\":421,\"caption\":\"Kristdemokraterna Uppsala\"},\"image\":{\"@id\":\"https:\\\/\\\/wp.kristdemokraterna.se\\\/uppsala\\\/#\\\/schema\\\/logo\\\/image\\\/\"},\"sameAs\":[\"https:\\\/\\\/www.facebook.com\\\/UppsalaKD\\\/\",\"https:\\\/\\\/www.instagram.com\\\/uppsalakd\\\/\"]}]}<\/script>\n<!-- \/ Yoast SEO plugin. -->","yoast_head_json":{"title":"V\u00e5r partiavdelningsstyrelse | Kristdemokraterna | Uppsala","robots":{"index":"index","follow":"follow","max-snippet":"max-snippet:-1","max-image-preview":"max-image-preview:large","max-video-preview":"max-video-preview:-1"},"canonical":"https:\/\/wp.kristdemokraterna.se\/uppsala\/kd-i-uppsala-kommun\/var-partiavdelningsstyrelse\/","og_locale":"sv_SE","og_type":"article","og_title":"V\u00e5r partiavdelningsstyrelse | Kristdemokraterna | Uppsala","og_description":"Magnus Wikberg ordf\u00f6rande magnus.wikberg@kristdemokraterna.se Cecilia Hamenius 1:a vice ordf\u00f6rande Inga-Lill Aronsson 2:a vice ordf\u00f6rande Sten Aleman ledamot Albin Strandman ledamot Oskar Knutsson ledamot Leif Bostr\u00f6m ledamot Krister Ericsson ledamot Adjungerade: Kommunalr\u00e5d Jonas Segersam Kommunpolitisk sekreterare H\u00e9l\u00e8ne Brodin Rheindorf Distriktsombudsman Eva Moberg Adam Renberg Disa Mentzer Kass\u00f6r \u00c5sa Mika (ing\u00e5r inte i styrelsen)","og_url":"https:\/\/wp.kristdemokraterna.se\/uppsala\/kd-i-uppsala-kommun\/var-partiavdelningsstyrelse\/","og_site_name":"Kristdemokraterna | Uppsala","article_publisher":"https:\/\/www.facebook.com\/UppsalaKD\/","article_modified_time":"2025-10-29T07:43:36+00:00","og_image":[{"width":770,"height":404,"url":"https:\/\/wp.kristdemokraterna.se\/uppsala\/files\/2021\/12\/kom1.png","type":"image\/png"}],"twitter_card":"summary_large_image","twitter_misc":{"Ber\u00e4knad l\u00e4stid":"1 minut"},"schema":{"@context":"https:\/\/schema.org","@graph":[{"@type":"WebPage","@id":"https:\/\/wp.kristdemokraterna.se\/uppsala\/kd-i-uppsala-kommun\/var-partiavdelningsstyrelse\/","url":"https:\/\/wp.kristdemokraterna.se\/uppsala\/kd-i-uppsala-kommun\/var-partiavdelningsstyrelse\/","name":"V\u00e5r partiavdelningsstyrelse | Kristdemokraterna | Uppsala","isPartOf":{"@id":"https:\/\/wp.kristdemokraterna.se\/uppsala\/#website"},"datePublished":"2025-01-13T14:22:13+00:00","dateModified":"2025-10-29T07:43:36+00:00","breadcrumb":{"@id":"https:\/\/wp.kristdemokraterna.se\/uppsala\/kd-i-uppsala-kommun\/var-partiavdelningsstyrelse\/#breadcrumb"},"inLanguage":"sv-SE","potentialAction":[{"@type":"ReadAction","target":["https:\/\/wp.kristdemokraterna.se\/uppsala\/kd-i-uppsala-kommun\/var-partiavdelningsstyrelse\/"]}]},{"@type":"BreadcrumbList","@id":"https:\/\/wp.kristdemokraterna.se\/uppsala\/kd-i-uppsala-kommun\/var-partiavdelningsstyrelse\/#breadcrumb","itemListElement":[{"@type":"ListItem","position":1,"name":"Hem","item":"https:\/\/wp.kristdemokraterna.se\/uppsala\/"},{"@type":"ListItem","position":2,"name":"Kristdemokraterna i Uppsala Kommun","item":"https:\/\/wp.kristdemokraterna.se\/uppsala\/kd-i-uppsala-kommun\/"},{"@type":"ListItem","position":3,"name":"V\u00e5r partiavdelningsstyrelse"}]},{"@type":"WebSite","@id":"https:\/\/wp.kristdemokraterna.se\/uppsala\/#website","url":"https:\/\/wp.kristdemokraterna.se\/uppsala\/","name":"Kristdemokraterna Uppsala","description":"Tryggare Uppsala","publisher":{"@id":"https:\/\/wp.kristdemokraterna.se\/uppsala\/#organization"},"inLanguage":"sv-SE"},{"@type":"Organization","@id":"https:\/\/wp.kristdemokraterna.se\/uppsala\/#organization","name":"Kristdemokraterna Uppsala","url":"https:\/\/wp.kristdemokraterna.se\/uppsala\/","logo":{"@type":"ImageObject","inLanguage":"sv-SE","@id":"https:\/\/wp.kristdemokraterna.se\/uppsala\/#\/schema\/logo\/image\/","url":"https:\/\/wp.kristdemokraterna.se\/uppsala\/files\/2019\/10\/kd-uppsala.png","contentUrl":"https:\/\/wp.kristdemokraterna.se\/uppsala\/files\/2019\/10\/kd-uppsala.png","width":804,"height":421,"caption":"Kristdemokraterna Uppsala"},"image":{"@id":"https:\/\/wp.kristdemokraterna.se\/uppsala\/#\/schema\/logo\/image\/"},"sameAs":["https:\/\/www.facebook.com\/UppsalaKD\/","https:\/\/www.instagram.com\/uppsalakd\/"]}]}},"_links":{"self":[{"href":"https:\/\/wp.kristdemokraterna.se\/uppsala\/wp-json\/wp\/v2\/pages\/4873","targetHints":{"allow":["GET"]}}],"collection":[{"href":"https:\/\/wp.kristdemokraterna.se\/uppsala\/wp-json\/wp\/v2\/pages"}],"about":[{"href":"https:\/\/wp.kristdemokraterna.se\/uppsala\/wp-json\/wp\/v2\/types\/page"}],"author":[{"embeddable":true,"href":"https:\/\/wp.kristdemokraterna.se\/uppsala\/wp-json\/wp\/v2\/users\/1064"}],"replies":[{"embeddable":true,"href":"https:\/\/wp.kristdemokraterna.se\/uppsala\/wp-json\/wp\/v2\/comments?post=4873"}],"version-history":[{"count":10,"href":"https:\/\/wp.kristdemokraterna.se\/uppsala\/wp-json\/wp\/v2\/pages\/4873\/revisions"}],"predecessor-version":[{"id":4951,"href":"https:\/\/wp.kristdemokraterna.se\/uppsala\/wp-json\/wp\/v2\/pages\/4873\/revisions\/4951"}],"up":[{"embeddable":true,"href":"https:\/\/wp.kristdemokraterna.se\/uppsala\/wp-json\/wp\/v2\/pages\/3447"}],"wp:attachment":[{"href":"https:\/\/wp.kristdemokraterna.se\/uppsala\/wp-json\/wp\/v2\/media?parent=4873"}],"curies":[{"name":"wp","href":"https:\/\/api.w.org\/{rel}","templated":true}]}}