{"id":4932,"date":"2025-06-14T06:14:04","date_gmt":"2025-06-14T04:14:04","guid":{"rendered":"https:\/\/wp.kristdemokraterna.se\/uppsala\/?page_id=4932"},"modified":"2025-06-14T06:15:36","modified_gmt":"2025-06-14T04:15:36","slug":"budget-for-2026-2028","status":"publish","type":"page","link":"https:\/\/wp.kristdemokraterna.se\/uppsala\/regionen\/budget-for-2026-2028\/","title":{"rendered":"Budget f\u00f6r 2026-2028"},"content":{"rendered":"<p><img loading=\"lazy\" decoding=\"async\" class=\"alignnone size-medium wp-image-4933\" src=\"http:\/\/wp.kristdemokraterna.se\/uppsala\/files\/2025\/06\/budget-2026-2028-300x183.png\" alt=\"\" width=\"300\" height=\"183\" srcset=\"https:\/\/wp.kristdemokraterna.se\/uppsala\/files\/2025\/06\/budget-2026-2028-300x183.png 300w, https:\/\/wp.kristdemokraterna.se\/uppsala\/files\/2025\/06\/budget-2026-2028-540x330.png 540w, https:\/\/wp.kristdemokraterna.se\/uppsala\/files\/2025\/06\/budget-2026-2028-768x469.png 768w, https:\/\/wp.kristdemokraterna.se\/uppsala\/files\/2025\/06\/budget-2026-2028-328x200.png 328w, https:\/\/wp.kristdemokraterna.se\/uppsala\/files\/2025\/06\/budget-2026-2028-370x226.png 370w, https:\/\/wp.kristdemokraterna.se\/uppsala\/files\/2025\/06\/budget-2026-2028-770x470.png 770w, https:\/\/wp.kristdemokraterna.se\/uppsala\/files\/2025\/06\/budget-2026-2028-450x275.png 450w, https:\/\/wp.kristdemokraterna.se\/uppsala\/files\/2025\/06\/budget-2026-2028-280x171.png 280w, https:\/\/wp.kristdemokraterna.se\/uppsala\/files\/2025\/06\/budget-2026-2028-340x208.png 340w, https:\/\/wp.kristdemokraterna.se\/uppsala\/files\/2025\/06\/budget-2026-2028-200x122.png 200w, https:\/\/wp.kristdemokraterna.se\/uppsala\/files\/2025\/06\/budget-2026-2028-92x56.png 92w, https:\/\/wp.kristdemokraterna.se\/uppsala\/files\/2025\/06\/budget-2026-2028.png 940w\" sizes=\"auto, (max-width: 300px) 100vw, 300px\" \/><\/p>\n<h2>Ett Gott Liv \u2013 reformer f\u00f6r Region Uppsala 2026-2028<\/h2>\n<p>Den 10-11 juni klubbade Region Uppsala plan och budget f\u00f6r 2026-2026. Kristdemokraternas f\u00f6rslag till budget inneh\u00e5ller viktiga reformer f\u00f6r v\u00e5rt l\u00e4n och kan l\u00e4sas h\u00e4r; \u00a0<a href=\"http:\/\/wp.kristdemokraterna.se\/uppsala\/files\/2025\/06\/kd-rpb-2026-2028.pdf\">KD RPB 2026-2028.<\/a><\/p>\n<p>Budgeten \u00e4r strukturerad enligt nedan, och g\u00e5r att l\u00e4sa i sin helhet via l\u00e4nken ovan.<\/p>\n<h3>ATTRAKTIV ARBETSGIVARE<\/h3>\n<ul>\n<li>Arbetsmilj\u00f6certifiering<\/li>\n<li>Kompetensf\u00f6rs\u00f6rjning: Specialiteter<\/li>\n<li>Kompetensf\u00f6rs\u00f6rjning: Seniorpremie<\/li>\n<li>Mindre administration, mer Ai<\/li>\n<li>Parkering vid Uppsala akademiska sjukhus<\/li>\n<li>Resepolicy f\u00f6r social h\u00e5llbarhet<\/li>\n<li>St\u00e4rkt civilt f\u00f6rsvar<\/li>\n<\/ul>\n<h3>H\u00d6G TILLG\u00c4NGLIGHET<\/h3>\n<ul>\n<li>1177 \u2013 Sjukv\u00e5rdsr\u00e5dgivning utan u\u00f6<\/li>\n<li>Cancerv\u00e5rd: Kraftens hus &amp; kortare k\u00f6er<\/li>\n<li>\u201dN\u00e4rmottagning\u201d, en ny v\u00e5rdniv\u00e5<\/li>\n<li>Precisionsmedicin<\/li>\n<li>Psykiatrilyftet<\/li>\n<li>Revidera prim\u00e4rv\u00e5rdsuppdraget<\/li>\n<li>Samlat v\u00e5rdansvar f\u00f6r psykiatri &amp; habilitering<\/li>\n<li>\u00d6kad patienttrygghet med patientansvarig l\u00e4kare (Pal)<\/li>\n<li>\u00d6kad v\u00e5rdkapacitet: Kortare k\u00f6er\/b\u00e4ttre tillg\u00e4nglighet<\/li>\n<li>\u00d6kad\u00a0tillg\u00e4nglighet i h\u00f6rselv\u00e5rden<\/li>\n<\/ul>\n<h3>GOD KVALITET MED EKONOMI I BALANS<\/h3>\n<ul>\n<li>Akademiska sjukhuset i Enk\u00f6ping<\/li>\n<li>Bek\u00e4mpa v\u00e4lf\u00e4rdsbrottslighet<\/li>\n<li>Finansiering genom best\u00e4llar-utf\u00f6rarmodell<\/li>\n<li>F\u00f6rb\u00e4ttrad upphandlingsfunktion<\/li>\n<li>F\u00f6rlossningsv\u00e5rd<\/li>\n<li>God\u00a0kvalitet och omst\u00e4llning till effektiv och n\u00e4ra v\u00e5rd<\/li>\n<li>Minskad administration<\/li>\n<li>Mobila team &amp; \u00e4ldrev\u00e5rdsenhet<\/li>\n<li>N\u00e4ra v\u00e5rd<\/li>\n<li>St\u00e4rkt strategisk ledning f\u00f6r H\u00e4lso- och sjukv\u00e5rd<\/li>\n<li>Utveckling av habiliteringens husl\u00e4karmottagning<\/li>\n<li>Utvecklad styrning prim\u00e4rv\u00e5rden<\/li>\n<li>V\u00e5ga ompr\u00f6va f\u00f6rvaltningsformer<\/li>\n<li>Region Uppsalas fastigheter<\/li>\n<li>\u00d6kad statlig styrning<\/li>\n<\/ul>\n<h3>H\u00c5LLBAR KONKURRENSKRAFTIG UTVECKLING<\/h3>\n<ul>\n<li>Infrastruktur<br \/>\n&#8211; Arosl\u00e4nken<br \/>\n&#8211; Framkomlighet<br \/>\n&#8211; Riksv\u00e4g 55<br \/>\n&#8211; V\u00e4g 288<\/li>\n<li>Kollektivtrafik<br \/>\n&#8211; Biljettpris<br \/>\n&#8211; Int\u00e4kter via reklam<br \/>\n&#8211; Ringlinje i Uppsala l\u00e4n<br \/>\n&#8211; Sommarlovskort<br \/>\n&#8211; Tillg\u00e4nglighetsgaranti i kollektivtrafiken<\/li>\n<li>Kultur &amp; Bildning<br \/>\n&#8211; Studief\u00f6rbund &amp; Folkh\u00f6gskola<br \/>\n&#8211; Hitta Kultur<br \/>\n&#8211; Kulturinstitutioner<br \/>\n&#8211; Kultursamverkansmodellen<\/li>\n<li>Regional Utveckling<br \/>\n&#8211; Arlanda flygplats<br \/>\n&#8211; Gr\u00f6n n\u00e4ring<br \/>\n&#8211; Skydda Upplandskusten fr\u00e5n skarv<br \/>\n&#8211; Utred Rullsands Camping<br \/>\n&#8211; \u00d6kat Ansvar f\u00f6r Regionala utvecklingsn\u00e4mnden (RUN)<\/li>\n<\/ul>\n","protected":false},"excerpt":{"rendered":"<p>Ett Gott Liv \u2013 reformer f\u00f6r Region Uppsala 2026-2028 Den 10-11 juni klubbade Region Uppsala plan och budget f\u00f6r 2026-2026. Kristdemokraternas f\u00f6rslag till budget inneh\u00e5ller viktiga reformer f\u00f6r v\u00e5rt l\u00e4n och kan l\u00e4sas h\u00e4r; \u00a0KD RPB 2026-2028. Budgeten \u00e4r strukturerad enligt nedan, och g\u00e5r att l\u00e4sa i sin helhet via l\u00e4nken ovan. ATTRAKTIV ARBETSGIVARE Arbetsmilj\u00f6certifiering <a class=\"read-more-link\" href=\"https:\/\/wp.kristdemokraterna.se\/uppsala\/regionen\/budget-for-2026-2028\/\">Read More<\/a><\/p>\n","protected":false},"author":1055,"featured_media":0,"parent":3451,"menu_order":3,"comment_status":"closed","ping_status":"closed","template":"","meta":{"_acf_changed":false,"footnotes":""},"class_list":["post-4932","page","type-page","status-publish","hentry"],"acf":[],"yoast_head":"<!-- This site is optimized with the Yoast SEO plugin v27.4 - https:\/\/yoast.com\/product\/yoast-seo-wordpress\/ -->\n<title>Budget f\u00f6r 2026-2028 | Kristdemokraterna | Uppsala<\/title>\n<meta name=\"robots\" content=\"index, follow, max-snippet:-1, max-image-preview:large, max-video-preview:-1\" \/>\n<link rel=\"canonical\" href=\"https:\/\/wp.kristdemokraterna.se\/uppsala\/regionen\/budget-for-2026-2028\/\" \/>\n<meta property=\"og:locale\" content=\"sv_SE\" \/>\n<meta property=\"og:type\" content=\"article\" \/>\n<meta property=\"og:title\" content=\"Budget f\u00f6r 2026-2028 | Kristdemokraterna | Uppsala\" \/>\n<meta property=\"og:description\" content=\"Ett Gott Liv \u2013 reformer f\u00f6r Region Uppsala 2026-2028 Den 10-11 juni klubbade Region Uppsala plan och budget f\u00f6r 2026-2026. Kristdemokraternas f\u00f6rslag till budget inneh\u00e5ller viktiga reformer f\u00f6r v\u00e5rt l\u00e4n och kan l\u00e4sas h\u00e4r; \u00a0KD RPB 2026-2028. Budgeten \u00e4r strukturerad enligt nedan, och g\u00e5r att l\u00e4sa i sin helhet via l\u00e4nken ovan. ATTRAKTIV ARBETSGIVARE Arbetsmilj\u00f6certifiering Read More\" \/>\n<meta property=\"og:url\" content=\"https:\/\/wp.kristdemokraterna.se\/uppsala\/regionen\/budget-for-2026-2028\/\" \/>\n<meta property=\"og:site_name\" content=\"Kristdemokraterna | Uppsala\" \/>\n<meta property=\"article:publisher\" content=\"https:\/\/www.facebook.com\/UppsalaKD\/\" \/>\n<meta property=\"article:modified_time\" content=\"2025-06-14T04:15:36+00:00\" \/>\n<meta property=\"og:image\" content=\"https:\/\/wp.kristdemokraterna.se\/uppsala\/files\/2025\/06\/budget-2026-2028.png\" \/>\n\t<meta property=\"og:image:width\" content=\"940\" \/>\n\t<meta property=\"og:image:height\" content=\"574\" \/>\n\t<meta property=\"og:image:type\" content=\"image\/png\" \/>\n<meta name=\"twitter:card\" content=\"summary_large_image\" \/>\n<meta name=\"twitter:label1\" content=\"Ber\u00e4knad l\u00e4stid\" \/>\n\t<meta name=\"twitter:data1\" content=\"2 minuter\" \/>\n<script type=\"application\/ld+json\" class=\"yoast-schema-graph\">{\"@context\":\"https:\\\/\\\/schema.org\",\"@graph\":[{\"@type\":\"WebPage\",\"@id\":\"https:\\\/\\\/wp.kristdemokraterna.se\\\/uppsala\\\/regionen\\\/budget-for-2026-2028\\\/\",\"url\":\"https:\\\/\\\/wp.kristdemokraterna.se\\\/uppsala\\\/regionen\\\/budget-for-2026-2028\\\/\",\"name\":\"Budget f\u00f6r 2026-2028 | Kristdemokraterna | Uppsala\",\"isPartOf\":{\"@id\":\"https:\\\/\\\/wp.kristdemokraterna.se\\\/uppsala\\\/#website\"},\"primaryImageOfPage\":{\"@id\":\"https:\\\/\\\/wp.kristdemokraterna.se\\\/uppsala\\\/regionen\\\/budget-for-2026-2028\\\/#primaryimage\"},\"image\":{\"@id\":\"https:\\\/\\\/wp.kristdemokraterna.se\\\/uppsala\\\/regionen\\\/budget-for-2026-2028\\\/#primaryimage\"},\"thumbnailUrl\":\"http:\\\/\\\/wp.kristdemokraterna.se\\\/uppsala\\\/files\\\/2025\\\/06\\\/budget-2026-2028-300x183.png\",\"datePublished\":\"2025-06-14T04:14:04+00:00\",\"dateModified\":\"2025-06-14T04:15:36+00:00\",\"breadcrumb\":{\"@id\":\"https:\\\/\\\/wp.kristdemokraterna.se\\\/uppsala\\\/regionen\\\/budget-for-2026-2028\\\/#breadcrumb\"},\"inLanguage\":\"sv-SE\",\"potentialAction\":[{\"@type\":\"ReadAction\",\"target\":[\"https:\\\/\\\/wp.kristdemokraterna.se\\\/uppsala\\\/regionen\\\/budget-for-2026-2028\\\/\"]}]},{\"@type\":\"ImageObject\",\"inLanguage\":\"sv-SE\",\"@id\":\"https:\\\/\\\/wp.kristdemokraterna.se\\\/uppsala\\\/regionen\\\/budget-for-2026-2028\\\/#primaryimage\",\"url\":\"https:\\\/\\\/wp.kristdemokraterna.se\\\/uppsala\\\/files\\\/2025\\\/06\\\/budget-2026-2028.png\",\"contentUrl\":\"https:\\\/\\\/wp.kristdemokraterna.se\\\/uppsala\\\/files\\\/2025\\\/06\\\/budget-2026-2028.png\",\"width\":940,\"height\":574},{\"@type\":\"BreadcrumbList\",\"@id\":\"https:\\\/\\\/wp.kristdemokraterna.se\\\/uppsala\\\/regionen\\\/budget-for-2026-2028\\\/#breadcrumb\",\"itemListElement\":[{\"@type\":\"ListItem\",\"position\":1,\"name\":\"Hem\",\"item\":\"https:\\\/\\\/wp.kristdemokraterna.se\\\/uppsala\\\/\"},{\"@type\":\"ListItem\",\"position\":2,\"name\":\"Kristdemokraterna i Region Uppsala\",\"item\":\"https:\\\/\\\/wp.kristdemokraterna.se\\\/uppsala\\\/regionen\\\/\"},{\"@type\":\"ListItem\",\"position\":3,\"name\":\"Budget f\u00f6r 2026-2028\"}]},{\"@type\":\"WebSite\",\"@id\":\"https:\\\/\\\/wp.kristdemokraterna.se\\\/uppsala\\\/#website\",\"url\":\"https:\\\/\\\/wp.kristdemokraterna.se\\\/uppsala\\\/\",\"name\":\"Kristdemokraterna Uppsala\",\"description\":\"Tryggare Uppsala\",\"publisher\":{\"@id\":\"https:\\\/\\\/wp.kristdemokraterna.se\\\/uppsala\\\/#organization\"},\"inLanguage\":\"sv-SE\"},{\"@type\":\"Organization\",\"@id\":\"https:\\\/\\\/wp.kristdemokraterna.se\\\/uppsala\\\/#organization\",\"name\":\"Kristdemokraterna Uppsala\",\"url\":\"https:\\\/\\\/wp.kristdemokraterna.se\\\/uppsala\\\/\",\"logo\":{\"@type\":\"ImageObject\",\"inLanguage\":\"sv-SE\",\"@id\":\"https:\\\/\\\/wp.kristdemokraterna.se\\\/uppsala\\\/#\\\/schema\\\/logo\\\/image\\\/\",\"url\":\"https:\\\/\\\/wp.kristdemokraterna.se\\\/uppsala\\\/files\\\/2019\\\/10\\\/kd-uppsala.png\",\"contentUrl\":\"https:\\\/\\\/wp.kristdemokraterna.se\\\/uppsala\\\/files\\\/2019\\\/10\\\/kd-uppsala.png\",\"width\":804,\"height\":421,\"caption\":\"Kristdemokraterna Uppsala\"},\"image\":{\"@id\":\"https:\\\/\\\/wp.kristdemokraterna.se\\\/uppsala\\\/#\\\/schema\\\/logo\\\/image\\\/\"},\"sameAs\":[\"https:\\\/\\\/www.facebook.com\\\/UppsalaKD\\\/\",\"https:\\\/\\\/www.instagram.com\\\/uppsalakd\\\/\"]}]}<\/script>\n<!-- \/ Yoast SEO plugin. -->","yoast_head_json":{"title":"Budget f\u00f6r 2026-2028 | Kristdemokraterna | Uppsala","robots":{"index":"index","follow":"follow","max-snippet":"max-snippet:-1","max-image-preview":"max-image-preview:large","max-video-preview":"max-video-preview:-1"},"canonical":"https:\/\/wp.kristdemokraterna.se\/uppsala\/regionen\/budget-for-2026-2028\/","og_locale":"sv_SE","og_type":"article","og_title":"Budget f\u00f6r 2026-2028 | Kristdemokraterna | Uppsala","og_description":"Ett Gott Liv \u2013 reformer f\u00f6r Region Uppsala 2026-2028 Den 10-11 juni klubbade Region Uppsala plan och budget f\u00f6r 2026-2026. Kristdemokraternas f\u00f6rslag till budget inneh\u00e5ller viktiga reformer f\u00f6r v\u00e5rt l\u00e4n och kan l\u00e4sas h\u00e4r; \u00a0KD RPB 2026-2028. Budgeten \u00e4r strukturerad enligt nedan, och g\u00e5r att l\u00e4sa i sin helhet via l\u00e4nken ovan. ATTRAKTIV ARBETSGIVARE Arbetsmilj\u00f6certifiering Read More","og_url":"https:\/\/wp.kristdemokraterna.se\/uppsala\/regionen\/budget-for-2026-2028\/","og_site_name":"Kristdemokraterna | Uppsala","article_publisher":"https:\/\/www.facebook.com\/UppsalaKD\/","article_modified_time":"2025-06-14T04:15:36+00:00","og_image":[{"width":940,"height":574,"url":"https:\/\/wp.kristdemokraterna.se\/uppsala\/files\/2025\/06\/budget-2026-2028.png","type":"image\/png"}],"twitter_card":"summary_large_image","twitter_misc":{"Ber\u00e4knad l\u00e4stid":"2 minuter"},"schema":{"@context":"https:\/\/schema.org","@graph":[{"@type":"WebPage","@id":"https:\/\/wp.kristdemokraterna.se\/uppsala\/regionen\/budget-for-2026-2028\/","url":"https:\/\/wp.kristdemokraterna.se\/uppsala\/regionen\/budget-for-2026-2028\/","name":"Budget f\u00f6r 2026-2028 | Kristdemokraterna | Uppsala","isPartOf":{"@id":"https:\/\/wp.kristdemokraterna.se\/uppsala\/#website"},"primaryImageOfPage":{"@id":"https:\/\/wp.kristdemokraterna.se\/uppsala\/regionen\/budget-for-2026-2028\/#primaryimage"},"image":{"@id":"https:\/\/wp.kristdemokraterna.se\/uppsala\/regionen\/budget-for-2026-2028\/#primaryimage"},"thumbnailUrl":"http:\/\/wp.kristdemokraterna.se\/uppsala\/files\/2025\/06\/budget-2026-2028-300x183.png","datePublished":"2025-06-14T04:14:04+00:00","dateModified":"2025-06-14T04:15:36+00:00","breadcrumb":{"@id":"https:\/\/wp.kristdemokraterna.se\/uppsala\/regionen\/budget-for-2026-2028\/#breadcrumb"},"inLanguage":"sv-SE","potentialAction":[{"@type":"ReadAction","target":["https:\/\/wp.kristdemokraterna.se\/uppsala\/regionen\/budget-for-2026-2028\/"]}]},{"@type":"ImageObject","inLanguage":"sv-SE","@id":"https:\/\/wp.kristdemokraterna.se\/uppsala\/regionen\/budget-for-2026-2028\/#primaryimage","url":"https:\/\/wp.kristdemokraterna.se\/uppsala\/files\/2025\/06\/budget-2026-2028.png","contentUrl":"https:\/\/wp.kristdemokraterna.se\/uppsala\/files\/2025\/06\/budget-2026-2028.png","width":940,"height":574},{"@type":"BreadcrumbList","@id":"https:\/\/wp.kristdemokraterna.se\/uppsala\/regionen\/budget-for-2026-2028\/#breadcrumb","itemListElement":[{"@type":"ListItem","position":1,"name":"Hem","item":"https:\/\/wp.kristdemokraterna.se\/uppsala\/"},{"@type":"ListItem","position":2,"name":"Kristdemokraterna i Region Uppsala","item":"https:\/\/wp.kristdemokraterna.se\/uppsala\/regionen\/"},{"@type":"ListItem","position":3,"name":"Budget f\u00f6r 2026-2028"}]},{"@type":"WebSite","@id":"https:\/\/wp.kristdemokraterna.se\/uppsala\/#website","url":"https:\/\/wp.kristdemokraterna.se\/uppsala\/","name":"Kristdemokraterna Uppsala","description":"Tryggare Uppsala","publisher":{"@id":"https:\/\/wp.kristdemokraterna.se\/uppsala\/#organization"},"inLanguage":"sv-SE"},{"@type":"Organization","@id":"https:\/\/wp.kristdemokraterna.se\/uppsala\/#organization","name":"Kristdemokraterna Uppsala","url":"https:\/\/wp.kristdemokraterna.se\/uppsala\/","logo":{"@type":"ImageObject","inLanguage":"sv-SE","@id":"https:\/\/wp.kristdemokraterna.se\/uppsala\/#\/schema\/logo\/image\/","url":"https:\/\/wp.kristdemokraterna.se\/uppsala\/files\/2019\/10\/kd-uppsala.png","contentUrl":"https:\/\/wp.kristdemokraterna.se\/uppsala\/files\/2019\/10\/kd-uppsala.png","width":804,"height":421,"caption":"Kristdemokraterna Uppsala"},"image":{"@id":"https:\/\/wp.kristdemokraterna.se\/uppsala\/#\/schema\/logo\/image\/"},"sameAs":["https:\/\/www.facebook.com\/UppsalaKD\/","https:\/\/www.instagram.com\/uppsalakd\/"]}]}},"_links":{"self":[{"href":"https:\/\/wp.kristdemokraterna.se\/uppsala\/wp-json\/wp\/v2\/pages\/4932","targetHints":{"allow":["GET"]}}],"collection":[{"href":"https:\/\/wp.kristdemokraterna.se\/uppsala\/wp-json\/wp\/v2\/pages"}],"about":[{"href":"https:\/\/wp.kristdemokraterna.se\/uppsala\/wp-json\/wp\/v2\/types\/page"}],"author":[{"embeddable":true,"href":"https:\/\/wp.kristdemokraterna.se\/uppsala\/wp-json\/wp\/v2\/users\/1055"}],"replies":[{"embeddable":true,"href":"https:\/\/wp.kristdemokraterna.se\/uppsala\/wp-json\/wp\/v2\/comments?post=4932"}],"version-history":[{"count":4,"href":"https:\/\/wp.kristdemokraterna.se\/uppsala\/wp-json\/wp\/v2\/pages\/4932\/revisions"}],"predecessor-version":[{"id":4941,"href":"https:\/\/wp.kristdemokraterna.se\/uppsala\/wp-json\/wp\/v2\/pages\/4932\/revisions\/4941"}],"up":[{"embeddable":true,"href":"https:\/\/wp.kristdemokraterna.se\/uppsala\/wp-json\/wp\/v2\/pages\/3451"}],"wp:attachment":[{"href":"https:\/\/wp.kristdemokraterna.se\/uppsala\/wp-json\/wp\/v2\/media?parent=4932"}],"curies":[{"name":"wp","href":"https:\/\/api.w.org\/{rel}","templated":true}]}}