{"id":1345,"date":"2022-05-26T20:59:59","date_gmt":"2022-05-26T18:59:59","guid":{"rendered":"https:\/\/wp.kristdemokraterna.se\/vaggeryd\/?page_id=1345"},"modified":"2023-02-09T17:33:49","modified_gmt":"2023-02-09T16:33:49","slug":"val-2022","status":"publish","type":"page","link":"https:\/\/wp.kristdemokraterna.se\/vaggeryd\/val-2022\/","title":{"rendered":"Vall\u00f6ften"},"content":{"rendered":"<p>I valet 2022 gav vi vall\u00f6ften som \u00e4r den valplattform vi jobbar med under mandatperioden.<\/p>\n<p><img loading=\"lazy\" decoding=\"async\" class=\"alignnone wp-image-1323\" src=\"http:\/\/wp.kristdemokraterna.se\/vaggeryd\/files\/2022\/05\/gruppbild_start.jpg\" alt=\"\" width=\"911\" height=\"683\" srcset=\"https:\/\/wp.kristdemokraterna.se\/vaggeryd\/files\/2022\/05\/gruppbild_start.jpg 2000w, https:\/\/wp.kristdemokraterna.se\/vaggeryd\/files\/2022\/05\/gruppbild_start-300x225.jpg 300w, https:\/\/wp.kristdemokraterna.se\/vaggeryd\/files\/2022\/05\/gruppbild_start-540x405.jpg 540w, https:\/\/wp.kristdemokraterna.se\/vaggeryd\/files\/2022\/05\/gruppbild_start-768x576.jpg 768w, https:\/\/wp.kristdemokraterna.se\/vaggeryd\/files\/2022\/05\/gruppbild_start-1536x1152.jpg 1536w, https:\/\/wp.kristdemokraterna.se\/vaggeryd\/files\/2022\/05\/gruppbild_start-267x200.jpg 267w, https:\/\/wp.kristdemokraterna.se\/vaggeryd\/files\/2022\/05\/gruppbild_start-370x278.jpg 370w, https:\/\/wp.kristdemokraterna.se\/vaggeryd\/files\/2022\/05\/gruppbild_start-770x578.jpg 770w, https:\/\/wp.kristdemokraterna.se\/vaggeryd\/files\/2022\/05\/gruppbild_start-450x338.jpg 450w, https:\/\/wp.kristdemokraterna.se\/vaggeryd\/files\/2022\/05\/gruppbild_start-280x210.jpg 280w, https:\/\/wp.kristdemokraterna.se\/vaggeryd\/files\/2022\/05\/gruppbild_start-340x255.jpg 340w, https:\/\/wp.kristdemokraterna.se\/vaggeryd\/files\/2022\/05\/gruppbild_start-200x150.jpg 200w, https:\/\/wp.kristdemokraterna.se\/vaggeryd\/files\/2022\/05\/gruppbild_start-75x56.jpg 75w\" sizes=\"auto, (max-width: 911px) 100vw, 911px\" \/><br \/>\n<a href=\"http:\/\/wp.kristdemokraterna.se\/vaggeryd\/files\/2022\/05\/kommunfolder.pdf\" target=\"_blank\" rel=\"noopener\">L\u00e4s<\/a> eller se <a href=\"https:\/\/youtube.com\/shorts\/ZUzoalrft0M\" target=\"_blank\" rel=\"noopener\">video<\/a> om vilka fr\u00e5gor vi brinner f\u00f6r.<br \/>\nL\u00e4s vad vi vill g\u00f6ra d\u00e4r du bor &#8211; <a href=\"http:\/\/wp.kristdemokraterna.se\/vaggeryd\/files\/2022\/08\/bondstorp.pdf\">Bondstorp<\/a>, <a href=\"http:\/\/wp.kristdemokraterna.se\/vaggeryd\/files\/2022\/08\/byarum.pdf\">Byarum<\/a>, <a href=\"http:\/\/wp.kristdemokraterna.se\/vaggeryd\/files\/2022\/08\/gotafors.pdf\">G\u00f6tafors<\/a>, <a href=\"http:\/\/wp.kristdemokraterna.se\/vaggeryd\/files\/2022\/08\/hok.pdf\">Hok<\/a> , <a href=\"http:\/\/wp.kristdemokraterna.se\/vaggeryd\/files\/2022\/08\/klevshult.pdf\">Klevshult<\/a>, Skillingaryd (kommer), <a href=\"http:\/\/wp.kristdemokraterna.se\/vaggeryd\/files\/2022\/08\/svenarum.pdf\">Svenarum<\/a>, <a href=\"http:\/\/wp.kristdemokraterna.se\/vaggeryd\/files\/2022\/08\/sodra-park.pdf\">S\u00f6dra park<\/a>.<\/p>\n<p><img loading=\"lazy\" decoding=\"async\" class=\"alignnone size-medium wp-image-1350\" src=\"http:\/\/wp.kristdemokraterna.se\/vaggeryd\/files\/2022\/05\/jenny_webb-2-225x300.jpg\" alt=\"\" width=\"225\" height=\"300\" srcset=\"https:\/\/wp.kristdemokraterna.se\/vaggeryd\/files\/2022\/05\/jenny_webb-2-225x300.jpg 225w, https:\/\/wp.kristdemokraterna.se\/vaggeryd\/files\/2022\/05\/jenny_webb-2-405x540.jpg 405w, https:\/\/wp.kristdemokraterna.se\/vaggeryd\/files\/2022\/05\/jenny_webb-2-768x1024.jpg 768w, https:\/\/wp.kristdemokraterna.se\/vaggeryd\/files\/2022\/05\/jenny_webb-2-150x200.jpg 150w, https:\/\/wp.kristdemokraterna.se\/vaggeryd\/files\/2022\/05\/jenny_webb-2-370x493.jpg 370w, https:\/\/wp.kristdemokraterna.se\/vaggeryd\/files\/2022\/05\/jenny_webb-2-770x1027.jpg 770w, https:\/\/wp.kristdemokraterna.se\/vaggeryd\/files\/2022\/05\/jenny_webb-2-450x600.jpg 450w, https:\/\/wp.kristdemokraterna.se\/vaggeryd\/files\/2022\/05\/jenny_webb-2-280x373.jpg 280w, https:\/\/wp.kristdemokraterna.se\/vaggeryd\/files\/2022\/05\/jenny_webb-2-340x453.jpg 340w, https:\/\/wp.kristdemokraterna.se\/vaggeryd\/files\/2022\/05\/jenny_webb-2-42x56.jpg 42w, https:\/\/wp.kristdemokraterna.se\/vaggeryd\/files\/2022\/05\/jenny_webb-2.jpg 1128w\" sizes=\"auto, (max-width: 225px) 100vw, 225px\" \/>\u00a0 \u00a0 \u00a0 \u00a0 <img loading=\"lazy\" decoding=\"async\" class=\"alignnone size-medium wp-image-1351\" src=\"http:\/\/wp.kristdemokraterna.se\/vaggeryd\/files\/2022\/05\/thomas_webb-225x300.jpg\" alt=\"\" width=\"225\" height=\"300\" srcset=\"https:\/\/wp.kristdemokraterna.se\/vaggeryd\/files\/2022\/05\/thomas_webb-225x300.jpg 225w, https:\/\/wp.kristdemokraterna.se\/vaggeryd\/files\/2022\/05\/thomas_webb-405x540.jpg 405w, https:\/\/wp.kristdemokraterna.se\/vaggeryd\/files\/2022\/05\/thomas_webb-768x1024.jpg 768w, https:\/\/wp.kristdemokraterna.se\/vaggeryd\/files\/2022\/05\/thomas_webb-1152x1536.jpg 1152w, https:\/\/wp.kristdemokraterna.se\/vaggeryd\/files\/2022\/05\/thomas_webb-1536x2048.jpg 1536w, https:\/\/wp.kristdemokraterna.se\/vaggeryd\/files\/2022\/05\/thomas_webb-150x200.jpg 150w, https:\/\/wp.kristdemokraterna.se\/vaggeryd\/files\/2022\/05\/thomas_webb-370x493.jpg 370w, https:\/\/wp.kristdemokraterna.se\/vaggeryd\/files\/2022\/05\/thomas_webb-770x1027.jpg 770w, https:\/\/wp.kristdemokraterna.se\/vaggeryd\/files\/2022\/05\/thomas_webb-450x600.jpg 450w, https:\/\/wp.kristdemokraterna.se\/vaggeryd\/files\/2022\/05\/thomas_webb-280x373.jpg 280w, https:\/\/wp.kristdemokraterna.se\/vaggeryd\/files\/2022\/05\/thomas_webb-340x453.jpg 340w, https:\/\/wp.kristdemokraterna.se\/vaggeryd\/files\/2022\/05\/thomas_webb-42x56.jpg 42w, https:\/\/wp.kristdemokraterna.se\/vaggeryd\/files\/2022\/05\/thomas_webb.jpg 1773w\" sizes=\"auto, (max-width: 225px) 100vw, 225px\" \/><br \/>\n<a href=\"http:\/\/wp.kristdemokraterna.se\/vaggeryd\/files\/2022\/05\/jenny.pdf\" target=\"_blank\" rel=\"noopener\">L\u00e4s<\/a> eller se <a href=\"https:\/\/youtube.com\/shorts\/aG-PzixOVKc\" target=\"_blank\" rel=\"noopener\">video<\/a> om <strong>Jenny Larsen, <\/strong>Skillingaryd. \u00a0<a href=\"http:\/\/wp.kristdemokraterna.se\/vaggeryd\/files\/2022\/05\/thomas.pdf\" target=\"_blank\" rel=\"noopener\">L\u00e4s<\/a> eller se <a href=\"https:\/\/youtube.com\/shorts\/s7TInIcQikU\" target=\"_blank\" rel=\"noopener\">video<\/a> om <strong>Thomas Axelsson, <\/strong>Vaggeryd<strong>.<\/strong><\/p>\n<p><img loading=\"lazy\" decoding=\"async\" class=\"alignnone size-medium wp-image-1352\" src=\"http:\/\/wp.kristdemokraterna.se\/vaggeryd\/files\/2022\/05\/nicklas_webb-225x300.jpg\" alt=\"\" width=\"225\" height=\"300\" srcset=\"https:\/\/wp.kristdemokraterna.se\/vaggeryd\/files\/2022\/05\/nicklas_webb-225x300.jpg 225w, https:\/\/wp.kristdemokraterna.se\/vaggeryd\/files\/2022\/05\/nicklas_webb-405x540.jpg 405w, https:\/\/wp.kristdemokraterna.se\/vaggeryd\/files\/2022\/05\/nicklas_webb-768x1024.jpg 768w, https:\/\/wp.kristdemokraterna.se\/vaggeryd\/files\/2022\/05\/nicklas_webb-1152x1536.jpg 1152w, https:\/\/wp.kristdemokraterna.se\/vaggeryd\/files\/2022\/05\/nicklas_webb-1536x2048.jpg 1536w, https:\/\/wp.kristdemokraterna.se\/vaggeryd\/files\/2022\/05\/nicklas_webb-150x200.jpg 150w, https:\/\/wp.kristdemokraterna.se\/vaggeryd\/files\/2022\/05\/nicklas_webb-370x493.jpg 370w, https:\/\/wp.kristdemokraterna.se\/vaggeryd\/files\/2022\/05\/nicklas_webb-770x1027.jpg 770w, https:\/\/wp.kristdemokraterna.se\/vaggeryd\/files\/2022\/05\/nicklas_webb-450x600.jpg 450w, https:\/\/wp.kristdemokraterna.se\/vaggeryd\/files\/2022\/05\/nicklas_webb-280x373.jpg 280w, https:\/\/wp.kristdemokraterna.se\/vaggeryd\/files\/2022\/05\/nicklas_webb-340x453.jpg 340w, https:\/\/wp.kristdemokraterna.se\/vaggeryd\/files\/2022\/05\/nicklas_webb-42x56.jpg 42w, https:\/\/wp.kristdemokraterna.se\/vaggeryd\/files\/2022\/05\/nicklas_webb.jpg 1773w\" sizes=\"auto, (max-width: 225px) 100vw, 225px\" \/>\u00a0 \u00a0 <img loading=\"lazy\" decoding=\"async\" class=\"alignnone size-medium wp-image-1358\" src=\"http:\/\/wp.kristdemokraterna.se\/vaggeryd\/files\/2022\/05\/jan-eric-webb-225x300.jpg\" alt=\"\" width=\"225\" height=\"300\" srcset=\"https:\/\/wp.kristdemokraterna.se\/vaggeryd\/files\/2022\/05\/jan-eric-webb-225x300.jpg 225w, https:\/\/wp.kristdemokraterna.se\/vaggeryd\/files\/2022\/05\/jan-eric-webb-405x540.jpg 405w, https:\/\/wp.kristdemokraterna.se\/vaggeryd\/files\/2022\/05\/jan-eric-webb-768x1024.jpg 768w, https:\/\/wp.kristdemokraterna.se\/vaggeryd\/files\/2022\/05\/jan-eric-webb-1152x1536.jpg 1152w, https:\/\/wp.kristdemokraterna.se\/vaggeryd\/files\/2022\/05\/jan-eric-webb-1536x2048.jpg 1536w, https:\/\/wp.kristdemokraterna.se\/vaggeryd\/files\/2022\/05\/jan-eric-webb-150x200.jpg 150w, https:\/\/wp.kristdemokraterna.se\/vaggeryd\/files\/2022\/05\/jan-eric-webb-370x493.jpg 370w, https:\/\/wp.kristdemokraterna.se\/vaggeryd\/files\/2022\/05\/jan-eric-webb-770x1027.jpg 770w, https:\/\/wp.kristdemokraterna.se\/vaggeryd\/files\/2022\/05\/jan-eric-webb-450x600.jpg 450w, https:\/\/wp.kristdemokraterna.se\/vaggeryd\/files\/2022\/05\/jan-eric-webb-280x373.jpg 280w, https:\/\/wp.kristdemokraterna.se\/vaggeryd\/files\/2022\/05\/jan-eric-webb-340x453.jpg 340w, https:\/\/wp.kristdemokraterna.se\/vaggeryd\/files\/2022\/05\/jan-eric-webb-42x56.jpg 42w, https:\/\/wp.kristdemokraterna.se\/vaggeryd\/files\/2022\/05\/jan-eric-webb.jpg 1773w\" sizes=\"auto, (max-width: 225px) 100vw, 225px\" \/><br \/>\n<a href=\"http:\/\/wp.kristdemokraterna.se\/vaggeryd\/files\/2022\/06\/nicklas.pdf\" target=\"_blank\" rel=\"noopener\">L\u00e4s<\/a> eller se <a href=\"https:\/\/youtube.com\/shorts\/6VE0IjitBZ8\" target=\"_blank\" rel=\"noopener\">video<\/a> om <strong>Nicklas Nordquist, <\/strong>Svenarum<strong>. <\/strong><a href=\"http:\/\/wp.kristdemokraterna.se\/vaggeryd\/files\/2022\/05\/jan-erik.pdf\" target=\"_blank\" rel=\"noopener\">L\u00e4s<\/a> eller se <a href=\"https:\/\/youtube.com\/shorts\/6VE0IjitBZ8\" target=\"_blank\" rel=\"noopener\">video<\/a> om <strong>Jan Eric Victor, <\/strong>Svenarum<strong>.\u00a0<\/strong><\/p>\n<p><img loading=\"lazy\" decoding=\"async\" class=\"alignnone size-medium wp-image-1359\" src=\"http:\/\/wp.kristdemokraterna.se\/vaggeryd\/files\/2022\/05\/peter_webb-225x300.jpg\" alt=\"\" width=\"225\" height=\"300\" srcset=\"https:\/\/wp.kristdemokraterna.se\/vaggeryd\/files\/2022\/05\/peter_webb-225x300.jpg 225w, https:\/\/wp.kristdemokraterna.se\/vaggeryd\/files\/2022\/05\/peter_webb-405x540.jpg 405w, https:\/\/wp.kristdemokraterna.se\/vaggeryd\/files\/2022\/05\/peter_webb-768x1024.jpg 768w, https:\/\/wp.kristdemokraterna.se\/vaggeryd\/files\/2022\/05\/peter_webb-1152x1536.jpg 1152w, https:\/\/wp.kristdemokraterna.se\/vaggeryd\/files\/2022\/05\/peter_webb-1536x2048.jpg 1536w, https:\/\/wp.kristdemokraterna.se\/vaggeryd\/files\/2022\/05\/peter_webb-150x200.jpg 150w, https:\/\/wp.kristdemokraterna.se\/vaggeryd\/files\/2022\/05\/peter_webb-370x493.jpg 370w, https:\/\/wp.kristdemokraterna.se\/vaggeryd\/files\/2022\/05\/peter_webb-770x1027.jpg 770w, https:\/\/wp.kristdemokraterna.se\/vaggeryd\/files\/2022\/05\/peter_webb-450x600.jpg 450w, https:\/\/wp.kristdemokraterna.se\/vaggeryd\/files\/2022\/05\/peter_webb-280x373.jpg 280w, https:\/\/wp.kristdemokraterna.se\/vaggeryd\/files\/2022\/05\/peter_webb-340x453.jpg 340w, https:\/\/wp.kristdemokraterna.se\/vaggeryd\/files\/2022\/05\/peter_webb-42x56.jpg 42w, https:\/\/wp.kristdemokraterna.se\/vaggeryd\/files\/2022\/05\/peter_webb.jpg 1773w\" sizes=\"auto, (max-width: 225px) 100vw, 225px\" \/>\u00a0 \u00a0 \u00a0<img loading=\"lazy\" decoding=\"async\" class=\"alignnone size-medium wp-image-1361\" src=\"http:\/\/wp.kristdemokraterna.se\/vaggeryd\/files\/2022\/05\/robin_webb-225x300.jpg\" alt=\"\" width=\"225\" height=\"300\" srcset=\"https:\/\/wp.kristdemokraterna.se\/vaggeryd\/files\/2022\/05\/robin_webb-225x300.jpg 225w, https:\/\/wp.kristdemokraterna.se\/vaggeryd\/files\/2022\/05\/robin_webb-405x540.jpg 405w, https:\/\/wp.kristdemokraterna.se\/vaggeryd\/files\/2022\/05\/robin_webb-768x1024.jpg 768w, https:\/\/wp.kristdemokraterna.se\/vaggeryd\/files\/2022\/05\/robin_webb-1152x1536.jpg 1152w, https:\/\/wp.kristdemokraterna.se\/vaggeryd\/files\/2022\/05\/robin_webb-1536x2048.jpg 1536w, https:\/\/wp.kristdemokraterna.se\/vaggeryd\/files\/2022\/05\/robin_webb-150x200.jpg 150w, https:\/\/wp.kristdemokraterna.se\/vaggeryd\/files\/2022\/05\/robin_webb-370x493.jpg 370w, https:\/\/wp.kristdemokraterna.se\/vaggeryd\/files\/2022\/05\/robin_webb-770x1027.jpg 770w, https:\/\/wp.kristdemokraterna.se\/vaggeryd\/files\/2022\/05\/robin_webb-450x600.jpg 450w, https:\/\/wp.kristdemokraterna.se\/vaggeryd\/files\/2022\/05\/robin_webb-280x373.jpg 280w, https:\/\/wp.kristdemokraterna.se\/vaggeryd\/files\/2022\/05\/robin_webb-340x453.jpg 340w, https:\/\/wp.kristdemokraterna.se\/vaggeryd\/files\/2022\/05\/robin_webb-42x56.jpg 42w, https:\/\/wp.kristdemokraterna.se\/vaggeryd\/files\/2022\/05\/robin_webb.jpg 1773w\" sizes=\"auto, (max-width: 225px) 100vw, 225px\" \/><br \/>\n<strong>\u00a0<\/strong><a href=\"http:\/\/wp.kristdemokraterna.se\/vaggeryd\/files\/2022\/05\/peter.pdf\" target=\"_blank\" rel=\"noopener\">L\u00e4s<\/a> eller se <a href=\"https:\/\/youtube.com\/shorts\/XJW2PHYMw8M\" target=\"_blank\" rel=\"noopener\">video<\/a> om <strong>Peter Jahns\u00e9n<\/strong>, Vaggeryd. <a href=\"http:\/\/wp.kristdemokraterna.se\/vaggeryd\/files\/2022\/05\/robin.pdf\" target=\"_blank\" rel=\"noopener\">L\u00e4s<\/a> eller se <a href=\"https:\/\/youtube.com\/shorts\/qoe2HwDZvwY\" target=\"_blank\" rel=\"noopener\">video<\/a> om <strong>Robin Ahln\u00e9r<\/strong>, Hagshult<strong>.<\/strong><\/p>\n<p><img loading=\"lazy\" decoding=\"async\" class=\"alignnone size-medium wp-image-1357\" src=\"http:\/\/wp.kristdemokraterna.se\/vaggeryd\/files\/2022\/05\/elisabeth_webb-225x300.jpg\" alt=\"\" width=\"225\" height=\"300\" srcset=\"https:\/\/wp.kristdemokraterna.se\/vaggeryd\/files\/2022\/05\/elisabeth_webb-225x300.jpg 225w, https:\/\/wp.kristdemokraterna.se\/vaggeryd\/files\/2022\/05\/elisabeth_webb-405x540.jpg 405w, https:\/\/wp.kristdemokraterna.se\/vaggeryd\/files\/2022\/05\/elisabeth_webb-768x1024.jpg 768w, https:\/\/wp.kristdemokraterna.se\/vaggeryd\/files\/2022\/05\/elisabeth_webb-1152x1536.jpg 1152w, https:\/\/wp.kristdemokraterna.se\/vaggeryd\/files\/2022\/05\/elisabeth_webb-1536x2048.jpg 1536w, https:\/\/wp.kristdemokraterna.se\/vaggeryd\/files\/2022\/05\/elisabeth_webb-150x200.jpg 150w, https:\/\/wp.kristdemokraterna.se\/vaggeryd\/files\/2022\/05\/elisabeth_webb-370x493.jpg 370w, https:\/\/wp.kristdemokraterna.se\/vaggeryd\/files\/2022\/05\/elisabeth_webb-770x1027.jpg 770w, https:\/\/wp.kristdemokraterna.se\/vaggeryd\/files\/2022\/05\/elisabeth_webb-450x600.jpg 450w, https:\/\/wp.kristdemokraterna.se\/vaggeryd\/files\/2022\/05\/elisabeth_webb-280x373.jpg 280w, https:\/\/wp.kristdemokraterna.se\/vaggeryd\/files\/2022\/05\/elisabeth_webb-340x453.jpg 340w, https:\/\/wp.kristdemokraterna.se\/vaggeryd\/files\/2022\/05\/elisabeth_webb-42x56.jpg 42w, https:\/\/wp.kristdemokraterna.se\/vaggeryd\/files\/2022\/05\/elisabeth_webb.jpg 1773w\" sizes=\"auto, (max-width: 225px) 100vw, 225px\" \/>\u00a0 \u00a0 \u00a0<img loading=\"lazy\" decoding=\"async\" class=\"alignnone size-medium wp-image-1356\" src=\"http:\/\/wp.kristdemokraterna.se\/vaggeryd\/files\/2022\/05\/tina_webb-225x300.jpg\" alt=\"\" width=\"225\" height=\"300\" srcset=\"https:\/\/wp.kristdemokraterna.se\/vaggeryd\/files\/2022\/05\/tina_webb-225x300.jpg 225w, https:\/\/wp.kristdemokraterna.se\/vaggeryd\/files\/2022\/05\/tina_webb-405x540.jpg 405w, https:\/\/wp.kristdemokraterna.se\/vaggeryd\/files\/2022\/05\/tina_webb-768x1024.jpg 768w, https:\/\/wp.kristdemokraterna.se\/vaggeryd\/files\/2022\/05\/tina_webb-1152x1536.jpg 1152w, https:\/\/wp.kristdemokraterna.se\/vaggeryd\/files\/2022\/05\/tina_webb-1536x2048.jpg 1536w, https:\/\/wp.kristdemokraterna.se\/vaggeryd\/files\/2022\/05\/tina_webb-150x200.jpg 150w, https:\/\/wp.kristdemokraterna.se\/vaggeryd\/files\/2022\/05\/tina_webb-370x493.jpg 370w, https:\/\/wp.kristdemokraterna.se\/vaggeryd\/files\/2022\/05\/tina_webb-770x1027.jpg 770w, https:\/\/wp.kristdemokraterna.se\/vaggeryd\/files\/2022\/05\/tina_webb-450x600.jpg 450w, https:\/\/wp.kristdemokraterna.se\/vaggeryd\/files\/2022\/05\/tina_webb-280x373.jpg 280w, https:\/\/wp.kristdemokraterna.se\/vaggeryd\/files\/2022\/05\/tina_webb-340x453.jpg 340w, https:\/\/wp.kristdemokraterna.se\/vaggeryd\/files\/2022\/05\/tina_webb-42x56.jpg 42w, https:\/\/wp.kristdemokraterna.se\/vaggeryd\/files\/2022\/05\/tina_webb.jpg 1773w\" sizes=\"auto, (max-width: 225px) 100vw, 225px\" \/><br \/>\n<a href=\"http:\/\/wp.kristdemokraterna.se\/vaggeryd\/files\/2022\/05\/elisabeth.pdf\" target=\"_blank\" rel=\"noopener\">L\u00e4s<\/a> eller se <a href=\"https:\/\/youtube.com\/shorts\/Q_LIknagnMg\" target=\"_blank\" rel=\"noopener\">video<\/a> om <strong>Elisabeth Blom<\/strong>, Tofteryd<strong>. <\/strong><a href=\"http:\/\/wp.kristdemokraterna.se\/vaggeryd\/files\/2022\/05\/tina-1.pdf\" target=\"_blank\" rel=\"noopener\">L\u00e4s<\/a> eller se <a href=\"https:\/\/youtube.com\/shorts\/XEojOhuZFEI\" target=\"_blank\" rel=\"noopener\">video<\/a> om <strong>Tina Karlsson<\/strong>, Hok<strong>.\u00a0<\/strong><\/p>\n<p><img loading=\"lazy\" decoding=\"async\" class=\"alignnone size-medium wp-image-1466\" src=\"http:\/\/wp.kristdemokraterna.se\/vaggeryd\/files\/2022\/08\/emma-politik-2-av-5-243x300.jpeg\" alt=\"\" width=\"243\" height=\"300\" srcset=\"https:\/\/wp.kristdemokraterna.se\/vaggeryd\/files\/2022\/08\/emma-politik-2-av-5-243x300.jpeg 243w, https:\/\/wp.kristdemokraterna.se\/vaggeryd\/files\/2022\/08\/emma-politik-2-av-5-437x540.jpeg 437w, https:\/\/wp.kristdemokraterna.se\/vaggeryd\/files\/2022\/08\/emma-politik-2-av-5-768x950.jpeg 768w, https:\/\/wp.kristdemokraterna.se\/vaggeryd\/files\/2022\/08\/emma-politik-2-av-5-1242x1536.jpeg 1242w, https:\/\/wp.kristdemokraterna.se\/vaggeryd\/files\/2022\/08\/emma-politik-2-av-5-1656x2048.jpeg 1656w, https:\/\/wp.kristdemokraterna.se\/vaggeryd\/files\/2022\/08\/emma-politik-2-av-5-162x200.jpeg 162w, https:\/\/wp.kristdemokraterna.se\/vaggeryd\/files\/2022\/08\/emma-politik-2-av-5-370x458.jpeg 370w, https:\/\/wp.kristdemokraterna.se\/vaggeryd\/files\/2022\/08\/emma-politik-2-av-5-770x952.jpeg 770w, https:\/\/wp.kristdemokraterna.se\/vaggeryd\/files\/2022\/08\/emma-politik-2-av-5-450x557.jpeg 450w, https:\/\/wp.kristdemokraterna.se\/vaggeryd\/files\/2022\/08\/emma-politik-2-av-5-280x346.jpeg 280w, https:\/\/wp.kristdemokraterna.se\/vaggeryd\/files\/2022\/08\/emma-politik-2-av-5-340x420.jpeg 340w, https:\/\/wp.kristdemokraterna.se\/vaggeryd\/files\/2022\/08\/emma-politik-2-av-5-45x56.jpeg 45w\" sizes=\"auto, (max-width: 243px) 100vw, 243px\" \/><\/p>\n<p>Emma Ewaldsson kandiderar p\u00e5 plats nr 3 p\u00e5 regionvalslistan. Emma brinner f\u00f6r att arbeta f\u00f6r de sociala fr\u00e5gorna, arbetet f\u00f6r barn och unga med psykisk oh\u00e4lsa. att det ska bli fler familjecentraler, arbetet med v\u00e5ld i n\u00e4ra relationer, f\u00f6rhindra anorexia, \u00e4tst\u00f6rningar, suicid. Det m\u00e5ste finnas fler familjehem och jourhem,<\/p>\n","protected":false},"excerpt":{"rendered":"<p>I valet 2022 gav vi vall\u00f6ften som \u00e4r den valplattform vi jobbar med under mandatperioden. L\u00e4s eller se video om vilka fr\u00e5gor vi brinner f\u00f6r. L\u00e4s vad vi vill g\u00f6ra d\u00e4r du bor &#8211; Bondstorp, Byarum, G\u00f6tafors, Hok , Klevshult, Skillingaryd (kommer), Svenarum, S\u00f6dra park. \u00a0 \u00a0 \u00a0 \u00a0 L\u00e4s eller se video om Jenny <a class=\"read-more-link\" href=\"https:\/\/wp.kristdemokraterna.se\/vaggeryd\/val-2022\/\">Read More<\/a><\/p>\n","protected":false},"author":447,"featured_media":0,"parent":0,"menu_order":0,"comment_status":"closed","ping_status":"closed","template":"","meta":{"_acf_changed":false,"footnotes":""},"class_list":["post-1345","page","type-page","status-publish","hentry"],"acf":[],"yoast_head":"<!-- This site is optimized with the Yoast SEO plugin v27.4 - https:\/\/yoast.com\/product\/yoast-seo-wordpress\/ -->\n<title>Vall\u00f6ften - Vaggeryd<\/title>\n<meta name=\"robots\" content=\"index, follow, max-snippet:-1, max-image-preview:large, max-video-preview:-1\" \/>\n<link rel=\"canonical\" href=\"https:\/\/wp.kristdemokraterna.se\/vaggeryd\/val-2022\/\" \/>\n<meta property=\"og:locale\" content=\"sv_SE\" \/>\n<meta property=\"og:type\" content=\"article\" \/>\n<meta property=\"og:title\" content=\"Vall\u00f6ften - Vaggeryd\" \/>\n<meta property=\"og:description\" content=\"I valet 2022 gav vi vall\u00f6ften som \u00e4r den valplattform vi jobbar med under mandatperioden. L\u00e4s eller se video om vilka fr\u00e5gor vi brinner f\u00f6r. L\u00e4s vad vi vill g\u00f6ra d\u00e4r du bor &#8211; Bondstorp, Byarum, G\u00f6tafors, Hok , Klevshult, Skillingaryd (kommer), Svenarum, S\u00f6dra park. \u00a0 \u00a0 \u00a0 \u00a0 L\u00e4s eller se video om Jenny Read More\" \/>\n<meta property=\"og:url\" content=\"https:\/\/wp.kristdemokraterna.se\/vaggeryd\/val-2022\/\" \/>\n<meta property=\"og:site_name\" content=\"Vaggeryd\" \/>\n<meta property=\"article:modified_time\" content=\"2023-02-09T16:33:49+00:00\" \/>\n<meta property=\"og:image\" content=\"http:\/\/wp.kristdemokraterna.se\/vaggeryd\/files\/2022\/05\/gruppbild_start.jpg\" \/>\n<meta name=\"twitter:card\" content=\"summary_large_image\" \/>\n<meta name=\"twitter:label1\" content=\"Ber\u00e4knad l\u00e4stid\" \/>\n\t<meta name=\"twitter:data1\" content=\"3 minuter\" \/>\n<script type=\"application\/ld+json\" class=\"yoast-schema-graph\">{\"@context\":\"https:\\\/\\\/schema.org\",\"@graph\":[{\"@type\":\"WebPage\",\"@id\":\"https:\\\/\\\/wp.kristdemokraterna.se\\\/vaggeryd\\\/val-2022\\\/\",\"url\":\"https:\\\/\\\/wp.kristdemokraterna.se\\\/vaggeryd\\\/val-2022\\\/\",\"name\":\"Vall\u00f6ften - Vaggeryd\",\"isPartOf\":{\"@id\":\"https:\\\/\\\/wp.kristdemokraterna.se\\\/vaggeryd\\\/#website\"},\"primaryImageOfPage\":{\"@id\":\"https:\\\/\\\/wp.kristdemokraterna.se\\\/vaggeryd\\\/val-2022\\\/#primaryimage\"},\"image\":{\"@id\":\"https:\\\/\\\/wp.kristdemokraterna.se\\\/vaggeryd\\\/val-2022\\\/#primaryimage\"},\"thumbnailUrl\":\"http:\\\/\\\/wp.kristdemokraterna.se\\\/vaggeryd\\\/files\\\/2022\\\/05\\\/gruppbild_start.jpg\",\"datePublished\":\"2022-05-26T18:59:59+00:00\",\"dateModified\":\"2023-02-09T16:33:49+00:00\",\"breadcrumb\":{\"@id\":\"https:\\\/\\\/wp.kristdemokraterna.se\\\/vaggeryd\\\/val-2022\\\/#breadcrumb\"},\"inLanguage\":\"sv-SE\",\"potentialAction\":[{\"@type\":\"ReadAction\",\"target\":[\"https:\\\/\\\/wp.kristdemokraterna.se\\\/vaggeryd\\\/val-2022\\\/\"]}]},{\"@type\":\"ImageObject\",\"inLanguage\":\"sv-SE\",\"@id\":\"https:\\\/\\\/wp.kristdemokraterna.se\\\/vaggeryd\\\/val-2022\\\/#primaryimage\",\"url\":\"https:\\\/\\\/wp.kristdemokraterna.se\\\/vaggeryd\\\/files\\\/2022\\\/05\\\/gruppbild_start.jpg\",\"contentUrl\":\"https:\\\/\\\/wp.kristdemokraterna.se\\\/vaggeryd\\\/files\\\/2022\\\/05\\\/gruppbild_start.jpg\",\"width\":2000,\"height\":1500},{\"@type\":\"BreadcrumbList\",\"@id\":\"https:\\\/\\\/wp.kristdemokraterna.se\\\/vaggeryd\\\/val-2022\\\/#breadcrumb\",\"itemListElement\":[{\"@type\":\"ListItem\",\"position\":1,\"name\":\"Hem\",\"item\":\"https:\\\/\\\/wp.kristdemokraterna.se\\\/vaggeryd\\\/\"},{\"@type\":\"ListItem\",\"position\":2,\"name\":\"Vall\u00f6ften\"}]},{\"@type\":\"WebSite\",\"@id\":\"https:\\\/\\\/wp.kristdemokraterna.se\\\/vaggeryd\\\/#website\",\"url\":\"https:\\\/\\\/wp.kristdemokraterna.se\\\/vaggeryd\\\/\",\"name\":\"Vaggeryd\",\"description\":\"Kristdemokraterna Familjens r\u00f6st\",\"inLanguage\":\"sv-SE\"}]}<\/script>\n<!-- \/ Yoast SEO plugin. -->","yoast_head_json":{"title":"Vall\u00f6ften - Vaggeryd","robots":{"index":"index","follow":"follow","max-snippet":"max-snippet:-1","max-image-preview":"max-image-preview:large","max-video-preview":"max-video-preview:-1"},"canonical":"https:\/\/wp.kristdemokraterna.se\/vaggeryd\/val-2022\/","og_locale":"sv_SE","og_type":"article","og_title":"Vall\u00f6ften - Vaggeryd","og_description":"I valet 2022 gav vi vall\u00f6ften som \u00e4r den valplattform vi jobbar med under mandatperioden. L\u00e4s eller se video om vilka fr\u00e5gor vi brinner f\u00f6r. L\u00e4s vad vi vill g\u00f6ra d\u00e4r du bor &#8211; Bondstorp, Byarum, G\u00f6tafors, Hok , Klevshult, Skillingaryd (kommer), Svenarum, S\u00f6dra park. \u00a0 \u00a0 \u00a0 \u00a0 L\u00e4s eller se video om Jenny Read More","og_url":"https:\/\/wp.kristdemokraterna.se\/vaggeryd\/val-2022\/","og_site_name":"Vaggeryd","article_modified_time":"2023-02-09T16:33:49+00:00","og_image":[{"url":"http:\/\/wp.kristdemokraterna.se\/vaggeryd\/files\/2022\/05\/gruppbild_start.jpg","type":"","width":"","height":""}],"twitter_card":"summary_large_image","twitter_misc":{"Ber\u00e4knad l\u00e4stid":"3 minuter"},"schema":{"@context":"https:\/\/schema.org","@graph":[{"@type":"WebPage","@id":"https:\/\/wp.kristdemokraterna.se\/vaggeryd\/val-2022\/","url":"https:\/\/wp.kristdemokraterna.se\/vaggeryd\/val-2022\/","name":"Vall\u00f6ften - Vaggeryd","isPartOf":{"@id":"https:\/\/wp.kristdemokraterna.se\/vaggeryd\/#website"},"primaryImageOfPage":{"@id":"https:\/\/wp.kristdemokraterna.se\/vaggeryd\/val-2022\/#primaryimage"},"image":{"@id":"https:\/\/wp.kristdemokraterna.se\/vaggeryd\/val-2022\/#primaryimage"},"thumbnailUrl":"http:\/\/wp.kristdemokraterna.se\/vaggeryd\/files\/2022\/05\/gruppbild_start.jpg","datePublished":"2022-05-26T18:59:59+00:00","dateModified":"2023-02-09T16:33:49+00:00","breadcrumb":{"@id":"https:\/\/wp.kristdemokraterna.se\/vaggeryd\/val-2022\/#breadcrumb"},"inLanguage":"sv-SE","potentialAction":[{"@type":"ReadAction","target":["https:\/\/wp.kristdemokraterna.se\/vaggeryd\/val-2022\/"]}]},{"@type":"ImageObject","inLanguage":"sv-SE","@id":"https:\/\/wp.kristdemokraterna.se\/vaggeryd\/val-2022\/#primaryimage","url":"https:\/\/wp.kristdemokraterna.se\/vaggeryd\/files\/2022\/05\/gruppbild_start.jpg","contentUrl":"https:\/\/wp.kristdemokraterna.se\/vaggeryd\/files\/2022\/05\/gruppbild_start.jpg","width":2000,"height":1500},{"@type":"BreadcrumbList","@id":"https:\/\/wp.kristdemokraterna.se\/vaggeryd\/val-2022\/#breadcrumb","itemListElement":[{"@type":"ListItem","position":1,"name":"Hem","item":"https:\/\/wp.kristdemokraterna.se\/vaggeryd\/"},{"@type":"ListItem","position":2,"name":"Vall\u00f6ften"}]},{"@type":"WebSite","@id":"https:\/\/wp.kristdemokraterna.se\/vaggeryd\/#website","url":"https:\/\/wp.kristdemokraterna.se\/vaggeryd\/","name":"Vaggeryd","description":"Kristdemokraterna Familjens r\u00f6st","inLanguage":"sv-SE"}]}},"_links":{"self":[{"href":"https:\/\/wp.kristdemokraterna.se\/vaggeryd\/wp-json\/wp\/v2\/pages\/1345","targetHints":{"allow":["GET"]}}],"collection":[{"href":"https:\/\/wp.kristdemokraterna.se\/vaggeryd\/wp-json\/wp\/v2\/pages"}],"about":[{"href":"https:\/\/wp.kristdemokraterna.se\/vaggeryd\/wp-json\/wp\/v2\/types\/page"}],"author":[{"embeddable":true,"href":"https:\/\/wp.kristdemokraterna.se\/vaggeryd\/wp-json\/wp\/v2\/users\/447"}],"replies":[{"embeddable":true,"href":"https:\/\/wp.kristdemokraterna.se\/vaggeryd\/wp-json\/wp\/v2\/comments?post=1345"}],"version-history":[{"count":17,"href":"https:\/\/wp.kristdemokraterna.se\/vaggeryd\/wp-json\/wp\/v2\/pages\/1345\/revisions"}],"predecessor-version":[{"id":1537,"href":"https:\/\/wp.kristdemokraterna.se\/vaggeryd\/wp-json\/wp\/v2\/pages\/1345\/revisions\/1537"}],"wp:attachment":[{"href":"https:\/\/wp.kristdemokraterna.se\/vaggeryd\/wp-json\/wp\/v2\/media?parent=1345"}],"curies":[{"name":"wp","href":"https:\/\/api.w.org\/{rel}","templated":true}]}}