{"id":59,"date":"2013-03-03T20:00:04","date_gmt":"2013-03-03T19:00:04","guid":{"rendered":"http:\/\/wp.kristdemokraterna.se\/vaggeryd\/?page_id=59"},"modified":"2022-08-11T15:58:07","modified_gmt":"2022-08-11T13:58:07","slug":"pa-gang","status":"publish","type":"page","link":"https:\/\/wp.kristdemokraterna.se\/vaggeryd\/pa-gang\/","title":{"rendered":"P\u00e5 G"},"content":{"rendered":"<p><em>V\u00e5ra gruppm\u00f6ten \u00e4r \u00f6ppna f\u00f6r medlemmar och intresserade av v\u00e5r politik. Kallelse skickas till aktiva politiker och styrelsemedlemmar. Vill du ha kallelse s\u00e5 h\u00f6r av dig till ordf\u00f6rande Thomas Axelsson.<br \/>\nEfter v\u00e5ra gruppm\u00f6ten \u00e4r det m\u00f6ten med 5-kl\u00f6vern d\u00e4r vi diskuterar gemensamma fr\u00e5gor. Dessa m\u00f6ten h\u00e5lls oftast p\u00e5 Centrum i Vaggeryd (folkets hus).\u00a0<\/em><strong><br \/>\n<\/strong><\/p>\n<div> <a href=\"https:\/\/calendar.google.com\/calendar\/embed?src=c_3hpnhoriv1hficpqv7b5k27sbc%40group.calendar.google.com&amp;ctz=Europe%2FStockholm\">Kalender<\/a><\/div>\n<div>Prenumerera p\u00e5 kalendern genom att kopiera <a href=\"https:\/\/calendar.google.com\/calendar\/u\/0?cid=Y18zaHBuaG9yaXYxaGZpY3BxdjdiNWsyN3NiY0Bncm91cC5jYWxlbmRhci5nb29nbGUuY29t\">l\u00e4nken<\/a><\/div>\n<div><\/p>\n<h2>H\u00f6sten 2022<\/h2>\n<h3>Augusti<\/h3>\n<p>15 Ledningsgrupp femkl\u00f6vern<br \/>\n27\u00a0 Vaggerydsdagen<br \/>\n29 KD Gruppm\u00f6te<\/p>\n<h3>September<\/h3>\n<p>11 Valvaka<br \/>\n12 Ledningsgrupp femkl\u00f6vern<br \/>\n14 KD Styrelsem\u00f6te<br \/>\n26 Femkl\u00f6verm\u00f6te\/Gruppm\u00f6te<\/p>\n<h3>Oktober<\/h3>\n<p>10 Ledningsgrupp femkl\u00f6vern<br \/>\n24 KD Gruppm\u00f6te<strong><br \/>\n<\/strong><\/p>\n<h3>\u00a0November<\/h3>\n<p>7 Ledningsgrupp femkl\u00f6vern<br \/>\n14 Femkl\u00f6verm\u00f6te \/Gruppm\u00f6te<br \/>\n<em>? H\u00f6stkonvent<\/em><\/p>\n<h3>December<\/h3>\n<p>7 KD Styrelsem\u00f6te<br \/>\n13 KD Gruppm\u00f6te<\/p>\n<h3>Kalender<\/h3>\n<p>[googleapps domain=&#8221;calendar&#8221; dir=&#8221;calendar\/embed&#8221; query=&#8221;height=600&amp;wkst=1&amp;bgcolor=%23ffffff&amp;ctz=Europe%2FStockholm&amp;src=Y18zaHBuaG9yaXYxaGZpY3BxdjdiNWsyN3NiY0Bncm91cC5jYWxlbmRhci5nb29nbGUuY29t&amp;color=%23039BE5&#8243; width=&#8221;100%&#8221; height=&#8221;600px&#8221; \/]<\/p>\n<\/div>\n","protected":false},"excerpt":{"rendered":"<p>V\u00e5ra gruppm\u00f6ten \u00e4r \u00f6ppna f\u00f6r medlemmar och intresserade av v\u00e5r politik. Kallelse skickas till aktiva politiker och styrelsemedlemmar. Vill du ha kallelse s\u00e5 h\u00f6r av dig till ordf\u00f6rande Thomas Axelsson. Efter v\u00e5ra gruppm\u00f6ten \u00e4r det m\u00f6ten med 5-kl\u00f6vern d\u00e4r vi diskuterar gemensamma fr\u00e5gor. Dessa m\u00f6ten h\u00e5lls oftast p\u00e5 Centrum i Vaggeryd (folkets hus).\u00a0 Kalender Prenumerera <a class=\"read-more-link\" href=\"https:\/\/wp.kristdemokraterna.se\/vaggeryd\/pa-gang\/\">Read More<\/a><\/p>\n","protected":false},"author":447,"featured_media":0,"parent":0,"menu_order":0,"comment_status":"closed","ping_status":"closed","template":"","meta":{"_acf_changed":false,"footnotes":""},"class_list":["post-59","page","type-page","status-publish","hentry"],"acf":[],"yoast_head":"<!-- This site is optimized with the Yoast SEO plugin v27.4 - https:\/\/yoast.com\/product\/yoast-seo-wordpress\/ -->\n<title>P\u00e5 G - Vaggeryd<\/title>\n<meta name=\"robots\" content=\"index, follow, max-snippet:-1, max-image-preview:large, max-video-preview:-1\" \/>\n<link rel=\"canonical\" href=\"https:\/\/wp.kristdemokraterna.se\/vaggeryd\/pa-gang\/\" \/>\n<meta property=\"og:locale\" content=\"sv_SE\" \/>\n<meta property=\"og:type\" content=\"article\" \/>\n<meta property=\"og:title\" content=\"P\u00e5 G - Vaggeryd\" \/>\n<meta property=\"og:description\" content=\"V\u00e5ra gruppm\u00f6ten \u00e4r \u00f6ppna f\u00f6r medlemmar och intresserade av v\u00e5r politik. Kallelse skickas till aktiva politiker och styrelsemedlemmar. Vill du ha kallelse s\u00e5 h\u00f6r av dig till ordf\u00f6rande Thomas Axelsson. Efter v\u00e5ra gruppm\u00f6ten \u00e4r det m\u00f6ten med 5-kl\u00f6vern d\u00e4r vi diskuterar gemensamma fr\u00e5gor. Dessa m\u00f6ten h\u00e5lls oftast p\u00e5 Centrum i Vaggeryd (folkets hus).\u00a0 Kalender Prenumerera Read More\" \/>\n<meta property=\"og:url\" content=\"https:\/\/wp.kristdemokraterna.se\/vaggeryd\/pa-gang\/\" \/>\n<meta property=\"og:site_name\" content=\"Vaggeryd\" \/>\n<meta property=\"article:modified_time\" content=\"2022-08-11T13:58:07+00:00\" \/>\n<meta name=\"twitter:card\" content=\"summary_large_image\" \/>\n<meta name=\"twitter:label1\" content=\"Ber\u00e4knad l\u00e4stid\" \/>\n\t<meta name=\"twitter:data1\" content=\"1 minut\" \/>\n<script type=\"application\/ld+json\" class=\"yoast-schema-graph\">{\"@context\":\"https:\\\/\\\/schema.org\",\"@graph\":[{\"@type\":\"WebPage\",\"@id\":\"https:\\\/\\\/wp.kristdemokraterna.se\\\/vaggeryd\\\/pa-gang\\\/\",\"url\":\"https:\\\/\\\/wp.kristdemokraterna.se\\\/vaggeryd\\\/pa-gang\\\/\",\"name\":\"P\u00e5 G - Vaggeryd\",\"isPartOf\":{\"@id\":\"https:\\\/\\\/wp.kristdemokraterna.se\\\/vaggeryd\\\/#website\"},\"datePublished\":\"2013-03-03T19:00:04+00:00\",\"dateModified\":\"2022-08-11T13:58:07+00:00\",\"breadcrumb\":{\"@id\":\"https:\\\/\\\/wp.kristdemokraterna.se\\\/vaggeryd\\\/pa-gang\\\/#breadcrumb\"},\"inLanguage\":\"sv-SE\",\"potentialAction\":[{\"@type\":\"ReadAction\",\"target\":[\"https:\\\/\\\/wp.kristdemokraterna.se\\\/vaggeryd\\\/pa-gang\\\/\"]}]},{\"@type\":\"BreadcrumbList\",\"@id\":\"https:\\\/\\\/wp.kristdemokraterna.se\\\/vaggeryd\\\/pa-gang\\\/#breadcrumb\",\"itemListElement\":[{\"@type\":\"ListItem\",\"position\":1,\"name\":\"Hem\",\"item\":\"https:\\\/\\\/wp.kristdemokraterna.se\\\/vaggeryd\\\/\"},{\"@type\":\"ListItem\",\"position\":2,\"name\":\"P\u00e5 G\"}]},{\"@type\":\"WebSite\",\"@id\":\"https:\\\/\\\/wp.kristdemokraterna.se\\\/vaggeryd\\\/#website\",\"url\":\"https:\\\/\\\/wp.kristdemokraterna.se\\\/vaggeryd\\\/\",\"name\":\"Vaggeryd\",\"description\":\"Kristdemokraterna Familjens r\u00f6st\",\"inLanguage\":\"sv-SE\"}]}<\/script>\n<!-- \/ Yoast SEO plugin. -->","yoast_head_json":{"title":"P\u00e5 G - Vaggeryd","robots":{"index":"index","follow":"follow","max-snippet":"max-snippet:-1","max-image-preview":"max-image-preview:large","max-video-preview":"max-video-preview:-1"},"canonical":"https:\/\/wp.kristdemokraterna.se\/vaggeryd\/pa-gang\/","og_locale":"sv_SE","og_type":"article","og_title":"P\u00e5 G - Vaggeryd","og_description":"V\u00e5ra gruppm\u00f6ten \u00e4r \u00f6ppna f\u00f6r medlemmar och intresserade av v\u00e5r politik. Kallelse skickas till aktiva politiker och styrelsemedlemmar. Vill du ha kallelse s\u00e5 h\u00f6r av dig till ordf\u00f6rande Thomas Axelsson. Efter v\u00e5ra gruppm\u00f6ten \u00e4r det m\u00f6ten med 5-kl\u00f6vern d\u00e4r vi diskuterar gemensamma fr\u00e5gor. Dessa m\u00f6ten h\u00e5lls oftast p\u00e5 Centrum i Vaggeryd (folkets hus).\u00a0 Kalender Prenumerera Read More","og_url":"https:\/\/wp.kristdemokraterna.se\/vaggeryd\/pa-gang\/","og_site_name":"Vaggeryd","article_modified_time":"2022-08-11T13:58:07+00:00","twitter_card":"summary_large_image","twitter_misc":{"Ber\u00e4knad l\u00e4stid":"1 minut"},"schema":{"@context":"https:\/\/schema.org","@graph":[{"@type":"WebPage","@id":"https:\/\/wp.kristdemokraterna.se\/vaggeryd\/pa-gang\/","url":"https:\/\/wp.kristdemokraterna.se\/vaggeryd\/pa-gang\/","name":"P\u00e5 G - Vaggeryd","isPartOf":{"@id":"https:\/\/wp.kristdemokraterna.se\/vaggeryd\/#website"},"datePublished":"2013-03-03T19:00:04+00:00","dateModified":"2022-08-11T13:58:07+00:00","breadcrumb":{"@id":"https:\/\/wp.kristdemokraterna.se\/vaggeryd\/pa-gang\/#breadcrumb"},"inLanguage":"sv-SE","potentialAction":[{"@type":"ReadAction","target":["https:\/\/wp.kristdemokraterna.se\/vaggeryd\/pa-gang\/"]}]},{"@type":"BreadcrumbList","@id":"https:\/\/wp.kristdemokraterna.se\/vaggeryd\/pa-gang\/#breadcrumb","itemListElement":[{"@type":"ListItem","position":1,"name":"Hem","item":"https:\/\/wp.kristdemokraterna.se\/vaggeryd\/"},{"@type":"ListItem","position":2,"name":"P\u00e5 G"}]},{"@type":"WebSite","@id":"https:\/\/wp.kristdemokraterna.se\/vaggeryd\/#website","url":"https:\/\/wp.kristdemokraterna.se\/vaggeryd\/","name":"Vaggeryd","description":"Kristdemokraterna Familjens r\u00f6st","inLanguage":"sv-SE"}]}},"_links":{"self":[{"href":"https:\/\/wp.kristdemokraterna.se\/vaggeryd\/wp-json\/wp\/v2\/pages\/59","targetHints":{"allow":["GET"]}}],"collection":[{"href":"https:\/\/wp.kristdemokraterna.se\/vaggeryd\/wp-json\/wp\/v2\/pages"}],"about":[{"href":"https:\/\/wp.kristdemokraterna.se\/vaggeryd\/wp-json\/wp\/v2\/types\/page"}],"author":[{"embeddable":true,"href":"https:\/\/wp.kristdemokraterna.se\/vaggeryd\/wp-json\/wp\/v2\/users\/447"}],"replies":[{"embeddable":true,"href":"https:\/\/wp.kristdemokraterna.se\/vaggeryd\/wp-json\/wp\/v2\/comments?post=59"}],"version-history":[{"count":66,"href":"https:\/\/wp.kristdemokraterna.se\/vaggeryd\/wp-json\/wp\/v2\/pages\/59\/revisions"}],"predecessor-version":[{"id":1454,"href":"https:\/\/wp.kristdemokraterna.se\/vaggeryd\/wp-json\/wp\/v2\/pages\/59\/revisions\/1454"}],"wp:attachment":[{"href":"https:\/\/wp.kristdemokraterna.se\/vaggeryd\/wp-json\/wp\/v2\/media?parent=59"}],"curies":[{"name":"wp","href":"https:\/\/api.w.org\/{rel}","templated":true}]}}