{"id":864,"date":"2018-07-21T11:55:02","date_gmt":"2018-07-21T09:55:02","guid":{"rendered":"http:\/\/wp.kristdemokraterna.se\/vaggeryd\/?page_id=864"},"modified":"2026-03-01T18:45:44","modified_gmt":"2026-03-01T17:45:44","slug":"dina-politiker-2","status":"publish","type":"page","link":"https:\/\/wp.kristdemokraterna.se\/vaggeryd\/dina-politiker-2\/","title":{"rendered":"Dina politiker"},"content":{"rendered":"<p><a href=\"https:\/\/kristdemokraterna.se\/vart-parti\/foretradare\/kd-lokalt\/jonkopings-lan\/vaggeryd\"><em>Kontaktuppgifter<\/em><\/a><\/p>\n<p><strong>Kommunfullm\u00e4ktige<\/strong><br \/>\nOrdinarie: Thomas Axelsson (gruppledare), Jenny Larsen, Jan Eric Victor, Peter Jahns\u00e9n, ers\u00e4ttare: Robin Ahln\u00e9r, Elisabet Blom<\/p>\n<p><strong>Kommunstyrelsen:<\/strong><br \/>\nOrdinarie: Thomas Axelsson, ers\u00e4ttare: Robin Ahln\u00e9r<\/p>\n<p><strong>Socialn\u00e4mnden<\/strong><br \/>\nOrdinarie: Jenny Larsen, ers\u00e4ttare: Tina Karlsson<\/p>\n<p><strong>Barn- och Utbildningsn\u00e4mnden<\/strong><br \/>\nOrdinarie: Robin Ahln\u00e9r (Vice ordf\u00f6rande), ers\u00e4ttare: Maritha Bengtsson<\/p>\n<p><strong>Teknisk n\u00e4mnd<\/strong><br \/>\nOrdinarie: Philip Bohman<\/p>\n<p><strong>Kultur- och Fritidsn\u00e4mnden<\/strong><br \/>\nOrdinarie: Jan Eric Victor (Vice ordf\u00f6rande), ers\u00e4ttare: Anette Repo<\/p>\n<p><strong>Milj\u00f6- och Byggnadsn\u00e4mnden<\/strong><br \/>\nOrdinarie: Oscar Smit Oscarsson<\/p>\n<p><strong>Elverksstyrelsen\/Vaggeryds Energi<\/strong><br \/>\nOrdinarie: Peter Jahns\u00e9n, Ers\u00e4ttare: Johnny Wackt<\/p>\n<p><strong>VSBO<\/strong><br \/>\nErs\u00e4ttare: Ros-Marie Axelsson<\/p>\n<p><strong>Valn\u00e4mnden<\/strong><br \/>\nOrdinarie: Maritha Bengtsson, Ers\u00e4ttare: Elisabeth Blom<\/p>\n<p>&nbsp;<\/p>\n","protected":false},"excerpt":{"rendered":"<p>Kontaktuppgifter Kommunfullm\u00e4ktige Ordinarie: Thomas Axelsson (gruppledare), Jenny Larsen, Jan Eric Victor, Peter Jahns\u00e9n, ers\u00e4ttare: Robin Ahln\u00e9r, Elisabet Blom Kommunstyrelsen: Ordinarie: Thomas Axelsson, ers\u00e4ttare: Robin Ahln\u00e9r Socialn\u00e4mnden Ordinarie: Jenny Larsen, ers\u00e4ttare: Tina Karlsson Barn- och Utbildningsn\u00e4mnden Ordinarie: Robin Ahln\u00e9r (Vice ordf\u00f6rande), ers\u00e4ttare: Maritha Bengtsson Teknisk n\u00e4mnd Ordinarie: Philip Bohman Kultur- och Fritidsn\u00e4mnden Ordinarie: Jan Eric Victor <a class=\"read-more-link\" href=\"https:\/\/wp.kristdemokraterna.se\/vaggeryd\/dina-politiker-2\/\">Read More<\/a><\/p>\n","protected":false},"author":447,"featured_media":0,"parent":0,"menu_order":0,"comment_status":"closed","ping_status":"closed","template":"","meta":{"_acf_changed":false,"footnotes":""},"class_list":["post-864","page","type-page","status-publish","hentry"],"acf":[],"yoast_head":"<!-- This site is optimized with the Yoast SEO plugin v27.4 - https:\/\/yoast.com\/product\/yoast-seo-wordpress\/ -->\n<title>Dina politiker - Vaggeryd<\/title>\n<meta name=\"robots\" content=\"index, follow, max-snippet:-1, max-image-preview:large, max-video-preview:-1\" \/>\n<link rel=\"canonical\" href=\"https:\/\/wp.kristdemokraterna.se\/vaggeryd\/dina-politiker-2\/\" \/>\n<meta property=\"og:locale\" content=\"sv_SE\" \/>\n<meta property=\"og:type\" content=\"article\" \/>\n<meta property=\"og:title\" content=\"Dina politiker - Vaggeryd\" \/>\n<meta property=\"og:description\" content=\"Kontaktuppgifter Kommunfullm\u00e4ktige Ordinarie: Thomas Axelsson (gruppledare), Jenny Larsen, Jan Eric Victor, Peter Jahns\u00e9n, ers\u00e4ttare: Robin Ahln\u00e9r, Elisabet Blom Kommunstyrelsen: Ordinarie: Thomas Axelsson, ers\u00e4ttare: Robin Ahln\u00e9r Socialn\u00e4mnden Ordinarie: Jenny Larsen, ers\u00e4ttare: Tina Karlsson Barn- och Utbildningsn\u00e4mnden Ordinarie: Robin Ahln\u00e9r (Vice ordf\u00f6rande), ers\u00e4ttare: Maritha Bengtsson Teknisk n\u00e4mnd Ordinarie: Philip Bohman Kultur- och Fritidsn\u00e4mnden Ordinarie: Jan Eric Victor Read More\" \/>\n<meta property=\"og:url\" content=\"https:\/\/wp.kristdemokraterna.se\/vaggeryd\/dina-politiker-2\/\" \/>\n<meta property=\"og:site_name\" content=\"Vaggeryd\" \/>\n<meta property=\"article:modified_time\" content=\"2026-03-01T17:45:44+00:00\" \/>\n<meta name=\"twitter:card\" content=\"summary_large_image\" \/>\n<meta name=\"twitter:label1\" content=\"Ber\u00e4knad l\u00e4stid\" \/>\n\t<meta name=\"twitter:data1\" content=\"1 minut\" \/>\n<script type=\"application\/ld+json\" class=\"yoast-schema-graph\">{\"@context\":\"https:\\\/\\\/schema.org\",\"@graph\":[{\"@type\":\"WebPage\",\"@id\":\"https:\\\/\\\/wp.kristdemokraterna.se\\\/vaggeryd\\\/dina-politiker-2\\\/\",\"url\":\"https:\\\/\\\/wp.kristdemokraterna.se\\\/vaggeryd\\\/dina-politiker-2\\\/\",\"name\":\"Dina politiker - Vaggeryd\",\"isPartOf\":{\"@id\":\"https:\\\/\\\/wp.kristdemokraterna.se\\\/vaggeryd\\\/#website\"},\"datePublished\":\"2018-07-21T09:55:02+00:00\",\"dateModified\":\"2026-03-01T17:45:44+00:00\",\"breadcrumb\":{\"@id\":\"https:\\\/\\\/wp.kristdemokraterna.se\\\/vaggeryd\\\/dina-politiker-2\\\/#breadcrumb\"},\"inLanguage\":\"sv-SE\",\"potentialAction\":[{\"@type\":\"ReadAction\",\"target\":[\"https:\\\/\\\/wp.kristdemokraterna.se\\\/vaggeryd\\\/dina-politiker-2\\\/\"]}]},{\"@type\":\"BreadcrumbList\",\"@id\":\"https:\\\/\\\/wp.kristdemokraterna.se\\\/vaggeryd\\\/dina-politiker-2\\\/#breadcrumb\",\"itemListElement\":[{\"@type\":\"ListItem\",\"position\":1,\"name\":\"Hem\",\"item\":\"https:\\\/\\\/wp.kristdemokraterna.se\\\/vaggeryd\\\/\"},{\"@type\":\"ListItem\",\"position\":2,\"name\":\"Dina politiker\"}]},{\"@type\":\"WebSite\",\"@id\":\"https:\\\/\\\/wp.kristdemokraterna.se\\\/vaggeryd\\\/#website\",\"url\":\"https:\\\/\\\/wp.kristdemokraterna.se\\\/vaggeryd\\\/\",\"name\":\"Vaggeryd\",\"description\":\"Kristdemokraterna Familjens r\u00f6st\",\"inLanguage\":\"sv-SE\"}]}<\/script>\n<!-- \/ Yoast SEO plugin. -->","yoast_head_json":{"title":"Dina politiker - Vaggeryd","robots":{"index":"index","follow":"follow","max-snippet":"max-snippet:-1","max-image-preview":"max-image-preview:large","max-video-preview":"max-video-preview:-1"},"canonical":"https:\/\/wp.kristdemokraterna.se\/vaggeryd\/dina-politiker-2\/","og_locale":"sv_SE","og_type":"article","og_title":"Dina politiker - Vaggeryd","og_description":"Kontaktuppgifter Kommunfullm\u00e4ktige Ordinarie: Thomas Axelsson (gruppledare), Jenny Larsen, Jan Eric Victor, Peter Jahns\u00e9n, ers\u00e4ttare: Robin Ahln\u00e9r, Elisabet Blom Kommunstyrelsen: Ordinarie: Thomas Axelsson, ers\u00e4ttare: Robin Ahln\u00e9r Socialn\u00e4mnden Ordinarie: Jenny Larsen, ers\u00e4ttare: Tina Karlsson Barn- och Utbildningsn\u00e4mnden Ordinarie: Robin Ahln\u00e9r (Vice ordf\u00f6rande), ers\u00e4ttare: Maritha Bengtsson Teknisk n\u00e4mnd Ordinarie: Philip Bohman Kultur- och Fritidsn\u00e4mnden Ordinarie: Jan Eric Victor Read More","og_url":"https:\/\/wp.kristdemokraterna.se\/vaggeryd\/dina-politiker-2\/","og_site_name":"Vaggeryd","article_modified_time":"2026-03-01T17:45:44+00:00","twitter_card":"summary_large_image","twitter_misc":{"Ber\u00e4knad l\u00e4stid":"1 minut"},"schema":{"@context":"https:\/\/schema.org","@graph":[{"@type":"WebPage","@id":"https:\/\/wp.kristdemokraterna.se\/vaggeryd\/dina-politiker-2\/","url":"https:\/\/wp.kristdemokraterna.se\/vaggeryd\/dina-politiker-2\/","name":"Dina politiker - Vaggeryd","isPartOf":{"@id":"https:\/\/wp.kristdemokraterna.se\/vaggeryd\/#website"},"datePublished":"2018-07-21T09:55:02+00:00","dateModified":"2026-03-01T17:45:44+00:00","breadcrumb":{"@id":"https:\/\/wp.kristdemokraterna.se\/vaggeryd\/dina-politiker-2\/#breadcrumb"},"inLanguage":"sv-SE","potentialAction":[{"@type":"ReadAction","target":["https:\/\/wp.kristdemokraterna.se\/vaggeryd\/dina-politiker-2\/"]}]},{"@type":"BreadcrumbList","@id":"https:\/\/wp.kristdemokraterna.se\/vaggeryd\/dina-politiker-2\/#breadcrumb","itemListElement":[{"@type":"ListItem","position":1,"name":"Hem","item":"https:\/\/wp.kristdemokraterna.se\/vaggeryd\/"},{"@type":"ListItem","position":2,"name":"Dina politiker"}]},{"@type":"WebSite","@id":"https:\/\/wp.kristdemokraterna.se\/vaggeryd\/#website","url":"https:\/\/wp.kristdemokraterna.se\/vaggeryd\/","name":"Vaggeryd","description":"Kristdemokraterna Familjens r\u00f6st","inLanguage":"sv-SE"}]}},"_links":{"self":[{"href":"https:\/\/wp.kristdemokraterna.se\/vaggeryd\/wp-json\/wp\/v2\/pages\/864","targetHints":{"allow":["GET"]}}],"collection":[{"href":"https:\/\/wp.kristdemokraterna.se\/vaggeryd\/wp-json\/wp\/v2\/pages"}],"about":[{"href":"https:\/\/wp.kristdemokraterna.se\/vaggeryd\/wp-json\/wp\/v2\/types\/page"}],"author":[{"embeddable":true,"href":"https:\/\/wp.kristdemokraterna.se\/vaggeryd\/wp-json\/wp\/v2\/users\/447"}],"replies":[{"embeddable":true,"href":"https:\/\/wp.kristdemokraterna.se\/vaggeryd\/wp-json\/wp\/v2\/comments?post=864"}],"version-history":[{"count":49,"href":"https:\/\/wp.kristdemokraterna.se\/vaggeryd\/wp-json\/wp\/v2\/pages\/864\/revisions"}],"predecessor-version":[{"id":1582,"href":"https:\/\/wp.kristdemokraterna.se\/vaggeryd\/wp-json\/wp\/v2\/pages\/864\/revisions\/1582"}],"wp:attachment":[{"href":"https:\/\/wp.kristdemokraterna.se\/vaggeryd\/wp-json\/wp\/v2\/media?parent=864"}],"curies":[{"name":"wp","href":"https:\/\/api.w.org\/{rel}","templated":true}]}}