{"id":441,"date":"2017-04-21T12:59:36","date_gmt":"2017-04-21T10:59:36","guid":{"rendered":"http:\/\/wp.kristdemokraterna.se\/vargarda\/?page_id=441"},"modified":"2025-02-18T08:38:44","modified_gmt":"2025-02-18T07:38:44","slug":"kontakta-oss","status":"publish","type":"page","link":"https:\/\/wp.kristdemokraterna.se\/vargarda\/kontakta-oss\/","title":{"rendered":"Styrelsen"},"content":{"rendered":"<h1>Partiavdelningsstyrelsen<\/h1>\n<p><a href=\"https:\/\/kristdemokraterna.se\/vart-parti\/foretradare\/kd-lokalt\/vastra-gotaland\/vargarda\">Se v\u00e5r styrelse och f\u00f6rtroendevalda h\u00e4r<\/a><\/p>\n<p>&nbsp;<\/p>\n","protected":false},"excerpt":{"rendered":"<p>Partiavdelningsstyrelsen Se v\u00e5r styrelse och f\u00f6rtroendevalda h\u00e4r &nbsp;<\/p>\n","protected":false},"author":435,"featured_media":0,"parent":0,"menu_order":0,"comment_status":"closed","ping_status":"closed","template":"","meta":{"_acf_changed":false,"footnotes":""},"class_list":["post-441","page","type-page","status-publish","hentry"],"acf":[],"yoast_head":"<!-- This site is optimized with the Yoast SEO plugin v27.3 - https:\/\/yoast.com\/product\/yoast-seo-wordpress\/ -->\n<title>Styrelsen - V\u00e5rg\u00e5rda<\/title>\n<meta name=\"robots\" content=\"index, follow, max-snippet:-1, max-image-preview:large, max-video-preview:-1\" \/>\n<link rel=\"canonical\" href=\"https:\/\/wp.kristdemokraterna.se\/vargarda\/kontakta-oss\/\" \/>\n<meta property=\"og:locale\" content=\"sv_SE\" \/>\n<meta property=\"og:type\" content=\"article\" \/>\n<meta property=\"og:title\" content=\"Styrelsen - V\u00e5rg\u00e5rda\" \/>\n<meta property=\"og:description\" content=\"Partiavdelningsstyrelsen Se v\u00e5r styrelse och f\u00f6rtroendevalda h\u00e4r &nbsp;\" \/>\n<meta property=\"og:url\" content=\"https:\/\/wp.kristdemokraterna.se\/vargarda\/kontakta-oss\/\" \/>\n<meta property=\"og:site_name\" content=\"V\u00e5rg\u00e5rda\" \/>\n<meta property=\"article:modified_time\" content=\"2025-02-18T07:38:44+00:00\" \/>\n<meta name=\"twitter:card\" content=\"summary_large_image\" \/>\n<meta name=\"twitter:label1\" content=\"Ber\u00e4knad l\u00e4stid\" \/>\n\t<meta name=\"twitter:data1\" content=\"1 minut\" \/>\n<script type=\"application\/ld+json\" class=\"yoast-schema-graph\">{\"@context\":\"https:\\\/\\\/schema.org\",\"@graph\":[{\"@type\":\"WebPage\",\"@id\":\"https:\\\/\\\/wp.kristdemokraterna.se\\\/vargarda\\\/kontakta-oss\\\/\",\"url\":\"https:\\\/\\\/wp.kristdemokraterna.se\\\/vargarda\\\/kontakta-oss\\\/\",\"name\":\"Styrelsen - V\u00e5rg\u00e5rda\",\"isPartOf\":{\"@id\":\"https:\\\/\\\/wp.kristdemokraterna.se\\\/vargarda\\\/#website\"},\"datePublished\":\"2017-04-21T10:59:36+00:00\",\"dateModified\":\"2025-02-18T07:38:44+00:00\",\"breadcrumb\":{\"@id\":\"https:\\\/\\\/wp.kristdemokraterna.se\\\/vargarda\\\/kontakta-oss\\\/#breadcrumb\"},\"inLanguage\":\"sv-SE\",\"potentialAction\":[{\"@type\":\"ReadAction\",\"target\":[\"https:\\\/\\\/wp.kristdemokraterna.se\\\/vargarda\\\/kontakta-oss\\\/\"]}]},{\"@type\":\"BreadcrumbList\",\"@id\":\"https:\\\/\\\/wp.kristdemokraterna.se\\\/vargarda\\\/kontakta-oss\\\/#breadcrumb\",\"itemListElement\":[{\"@type\":\"ListItem\",\"position\":1,\"name\":\"Hem\",\"item\":\"https:\\\/\\\/wp.kristdemokraterna.se\\\/vargarda\\\/\"},{\"@type\":\"ListItem\",\"position\":2,\"name\":\"Styrelsen\"}]},{\"@type\":\"WebSite\",\"@id\":\"https:\\\/\\\/wp.kristdemokraterna.se\\\/vargarda\\\/#website\",\"url\":\"https:\\\/\\\/wp.kristdemokraterna.se\\\/vargarda\\\/\",\"name\":\"V\u00e5rg\u00e5rda\",\"description\":\"Hur f\u00e5r du ihop det? Det ska vara l\u00e4ttare att f\u00e5 ihop familjeliv och arbetsliv!\",\"inLanguage\":\"sv-SE\"}]}<\/script>\n<!-- \/ Yoast SEO plugin. -->","yoast_head_json":{"title":"Styrelsen - V\u00e5rg\u00e5rda","robots":{"index":"index","follow":"follow","max-snippet":"max-snippet:-1","max-image-preview":"max-image-preview:large","max-video-preview":"max-video-preview:-1"},"canonical":"https:\/\/wp.kristdemokraterna.se\/vargarda\/kontakta-oss\/","og_locale":"sv_SE","og_type":"article","og_title":"Styrelsen - V\u00e5rg\u00e5rda","og_description":"Partiavdelningsstyrelsen Se v\u00e5r styrelse och f\u00f6rtroendevalda h\u00e4r &nbsp;","og_url":"https:\/\/wp.kristdemokraterna.se\/vargarda\/kontakta-oss\/","og_site_name":"V\u00e5rg\u00e5rda","article_modified_time":"2025-02-18T07:38:44+00:00","twitter_card":"summary_large_image","twitter_misc":{"Ber\u00e4knad l\u00e4stid":"1 minut"},"schema":{"@context":"https:\/\/schema.org","@graph":[{"@type":"WebPage","@id":"https:\/\/wp.kristdemokraterna.se\/vargarda\/kontakta-oss\/","url":"https:\/\/wp.kristdemokraterna.se\/vargarda\/kontakta-oss\/","name":"Styrelsen - V\u00e5rg\u00e5rda","isPartOf":{"@id":"https:\/\/wp.kristdemokraterna.se\/vargarda\/#website"},"datePublished":"2017-04-21T10:59:36+00:00","dateModified":"2025-02-18T07:38:44+00:00","breadcrumb":{"@id":"https:\/\/wp.kristdemokraterna.se\/vargarda\/kontakta-oss\/#breadcrumb"},"inLanguage":"sv-SE","potentialAction":[{"@type":"ReadAction","target":["https:\/\/wp.kristdemokraterna.se\/vargarda\/kontakta-oss\/"]}]},{"@type":"BreadcrumbList","@id":"https:\/\/wp.kristdemokraterna.se\/vargarda\/kontakta-oss\/#breadcrumb","itemListElement":[{"@type":"ListItem","position":1,"name":"Hem","item":"https:\/\/wp.kristdemokraterna.se\/vargarda\/"},{"@type":"ListItem","position":2,"name":"Styrelsen"}]},{"@type":"WebSite","@id":"https:\/\/wp.kristdemokraterna.se\/vargarda\/#website","url":"https:\/\/wp.kristdemokraterna.se\/vargarda\/","name":"V\u00e5rg\u00e5rda","description":"Hur f\u00e5r du ihop det? Det ska vara l\u00e4ttare att f\u00e5 ihop familjeliv och arbetsliv!","inLanguage":"sv-SE"}]}},"_links":{"self":[{"href":"https:\/\/wp.kristdemokraterna.se\/vargarda\/wp-json\/wp\/v2\/pages\/441","targetHints":{"allow":["GET"]}}],"collection":[{"href":"https:\/\/wp.kristdemokraterna.se\/vargarda\/wp-json\/wp\/v2\/pages"}],"about":[{"href":"https:\/\/wp.kristdemokraterna.se\/vargarda\/wp-json\/wp\/v2\/types\/page"}],"author":[{"embeddable":true,"href":"https:\/\/wp.kristdemokraterna.se\/vargarda\/wp-json\/wp\/v2\/users\/435"}],"replies":[{"embeddable":true,"href":"https:\/\/wp.kristdemokraterna.se\/vargarda\/wp-json\/wp\/v2\/comments?post=441"}],"version-history":[{"count":6,"href":"https:\/\/wp.kristdemokraterna.se\/vargarda\/wp-json\/wp\/v2\/pages\/441\/revisions"}],"predecessor-version":[{"id":759,"href":"https:\/\/wp.kristdemokraterna.se\/vargarda\/wp-json\/wp\/v2\/pages\/441\/revisions\/759"}],"wp:attachment":[{"href":"https:\/\/wp.kristdemokraterna.se\/vargarda\/wp-json\/wp\/v2\/media?parent=441"}],"curies":[{"name":"wp","href":"https:\/\/api.w.org\/{rel}","templated":true}]}}