{"id":1224,"date":"2023-03-03T11:55:45","date_gmt":"2023-03-03T10:55:45","guid":{"rendered":"https:\/\/wp.kristdemokraterna.se\/varmdo\/?page_id=1224"},"modified":"2026-03-05T15:25:56","modified_gmt":"2026-03-05T14:25:56","slug":"vara-politiker","status":"publish","type":"page","link":"https:\/\/wp.kristdemokraterna.se\/varmdo\/vara-politiker\/vara-politiker\/","title":{"rendered":"V\u00e5ra politiker"},"content":{"rendered":"<p><img loading=\"lazy\" decoding=\"async\" class=\"\" src=\"https:\/\/static.bonniernews.se\/ba\/5abd2559-e9da-4166-9c3e-220fe4f2c74c.png?crop=907%2C511%2Cx0%2Cy46&amp;width=980&amp;format=pjpg&amp;auto=avif\" alt=\"Han \u00e4r KD V\u00e4rmd\u00f6s nya gruppledare \u2013 Nacka V\u00e4rmd\u00f6 Posten\" width=\"298\" height=\"168\" \/><\/p>\n<p><strong>Bj\u00f6rn Alld\u00e9n<\/strong><br \/>\nGruppledare<\/p>\n<p>Ledamot i Kommunfullm\u00e4ktige<br \/>\nLedamot i Kommunstyrelsen<br \/>\nLedamot i Milj\u00f6- och klimatutskott<\/p>\n<p><a href=\"mailto:bjorn.allden@varmdo.se\">bjorn.allden@varmdo.se<\/a><\/p>\n<p>&nbsp;<\/p>\n<p><img loading=\"lazy\" decoding=\"async\" class=\"alignnone size-medium wp-image-1173\" src=\"http:\/\/wp.kristdemokraterna.se\/varmdo\/files\/2022\/07\/tobias-4-300x205.jpg\" alt=\"\" width=\"300\" height=\"205\" srcset=\"https:\/\/wp.kristdemokraterna.se\/varmdo\/files\/2022\/07\/tobias-4-300x205.jpg 300w, https:\/\/wp.kristdemokraterna.se\/varmdo\/files\/2022\/07\/tobias-4-1024x698.jpg 1024w, https:\/\/wp.kristdemokraterna.se\/varmdo\/files\/2022\/07\/tobias-4-768x524.jpg 768w, https:\/\/wp.kristdemokraterna.se\/varmdo\/files\/2022\/07\/tobias-4-1536x1047.jpg 1536w, https:\/\/wp.kristdemokraterna.se\/varmdo\/files\/2022\/07\/tobias-4-2048x1396.jpg 2048w, https:\/\/wp.kristdemokraterna.se\/varmdo\/files\/2022\/07\/tobias-4-293x200.jpg 293w, https:\/\/wp.kristdemokraterna.se\/varmdo\/files\/2022\/07\/tobias-4-370x252.jpg 370w, https:\/\/wp.kristdemokraterna.se\/varmdo\/files\/2022\/07\/tobias-4-770x525.jpg 770w, https:\/\/wp.kristdemokraterna.se\/varmdo\/files\/2022\/07\/tobias-4-450x307.jpg 450w, https:\/\/wp.kristdemokraterna.se\/varmdo\/files\/2022\/07\/tobias-4-280x191.jpg 280w, https:\/\/wp.kristdemokraterna.se\/varmdo\/files\/2022\/07\/tobias-4-340x232.jpg 340w, https:\/\/wp.kristdemokraterna.se\/varmdo\/files\/2022\/07\/tobias-4-200x136.jpg 200w, https:\/\/wp.kristdemokraterna.se\/varmdo\/files\/2022\/07\/tobias-4-82x56.jpg 82w\" sizes=\"auto, (max-width: 300px) 100vw, 300px\" \/><\/p>\n<p><strong>Tobias S\u00f6derstedt<\/strong><\/p>\n<p>Ers\u00e4ttare i Kultur och fritidsn\u00e4mnden<\/p>\n<p><a href=\"mailto:tobias.soderstedt@varmdo.se\">tobias.soderstedt@varmdo.se<\/a><\/p>\n<p><img loading=\"lazy\" decoding=\"async\" class=\"alignnone size-medium wp-image-1174\" src=\"http:\/\/wp.kristdemokraterna.se\/varmdo\/files\/2022\/07\/jessica-3-300x205.jpg\" alt=\"\" width=\"300\" height=\"205\" srcset=\"https:\/\/wp.kristdemokraterna.se\/varmdo\/files\/2022\/07\/jessica-3-300x205.jpg 300w, https:\/\/wp.kristdemokraterna.se\/varmdo\/files\/2022\/07\/jessica-3-1024x701.jpg 1024w, https:\/\/wp.kristdemokraterna.se\/varmdo\/files\/2022\/07\/jessica-3-768x526.jpg 768w, https:\/\/wp.kristdemokraterna.se\/varmdo\/files\/2022\/07\/jessica-3-1536x1052.jpg 1536w, https:\/\/wp.kristdemokraterna.se\/varmdo\/files\/2022\/07\/jessica-3-2048x1402.jpg 2048w, https:\/\/wp.kristdemokraterna.se\/varmdo\/files\/2022\/07\/jessica-3-292x200.jpg 292w, https:\/\/wp.kristdemokraterna.se\/varmdo\/files\/2022\/07\/jessica-3-370x253.jpg 370w, https:\/\/wp.kristdemokraterna.se\/varmdo\/files\/2022\/07\/jessica-3-770x527.jpg 770w, https:\/\/wp.kristdemokraterna.se\/varmdo\/files\/2022\/07\/jessica-3-450x308.jpg 450w, https:\/\/wp.kristdemokraterna.se\/varmdo\/files\/2022\/07\/jessica-3-280x192.jpg 280w, https:\/\/wp.kristdemokraterna.se\/varmdo\/files\/2022\/07\/jessica-3-340x233.jpg 340w, https:\/\/wp.kristdemokraterna.se\/varmdo\/files\/2022\/07\/jessica-3-200x137.jpg 200w, https:\/\/wp.kristdemokraterna.se\/varmdo\/files\/2022\/07\/jessica-3-82x56.jpg 82w\" sizes=\"auto, (max-width: 300px) 100vw, 300px\" \/><\/p>\n<p><strong>Jessica Becker\u00a0<\/strong><\/p>\n<p>Ledamot i Kommunfullm\u00e4ktige<br \/>\nErs\u00e4ttare i Bygg-,milj\u00f6- och h\u00e4lsoskyddsn\u00e4mnden<\/p>\n<p><a href=\"mailto:jessica.becker@varmdo.se\">jessica.becker@varmdo.se<\/a><\/p>\n<p><img loading=\"lazy\" decoding=\"async\" class=\"alignnone size-medium wp-image-773\" src=\"http:\/\/wp.kristdemokraterna.se\/varmdo\/files\/2018\/05\/kd-v-24-300x216.jpg\" alt=\"\" width=\"300\" height=\"216\" srcset=\"https:\/\/wp.kristdemokraterna.se\/varmdo\/files\/2018\/05\/kd-v-24-300x216.jpg 300w, https:\/\/wp.kristdemokraterna.se\/varmdo\/files\/2018\/05\/kd-v-24-768x553.jpg 768w, https:\/\/wp.kristdemokraterna.se\/varmdo\/files\/2018\/05\/kd-v-24-1024x737.jpg 1024w, https:\/\/wp.kristdemokraterna.se\/varmdo\/files\/2018\/05\/kd-v-24-278x200.jpg 278w, https:\/\/wp.kristdemokraterna.se\/varmdo\/files\/2018\/05\/kd-v-24-370x266.jpg 370w, https:\/\/wp.kristdemokraterna.se\/varmdo\/files\/2018\/05\/kd-v-24-770x554.jpg 770w, https:\/\/wp.kristdemokraterna.se\/varmdo\/files\/2018\/05\/kd-v-24-450x324.jpg 450w, https:\/\/wp.kristdemokraterna.se\/varmdo\/files\/2018\/05\/kd-v-24-280x202.jpg 280w, https:\/\/wp.kristdemokraterna.se\/varmdo\/files\/2018\/05\/kd-v-24-340x245.jpg 340w, https:\/\/wp.kristdemokraterna.se\/varmdo\/files\/2018\/05\/kd-v-24-200x144.jpg 200w, https:\/\/wp.kristdemokraterna.se\/varmdo\/files\/2018\/05\/kd-v-24-78x56.jpg 78w\" sizes=\"auto, (max-width: 300px) 100vw, 300px\" \/><\/p>\n<p><strong>Peter Br\u00e4nnstr\u00f6m<\/strong><\/p>\n<p>Ers\u00e4ttare i Kommunfullm\u00e4ktige<br \/>\nLedamot V\u00e4rmd\u00f6 hamnar AB<\/p>\n<p><a href=\"mailto:peter.brannstrom@varmdo.se\">peter.brannstrom@varmdo.se<\/a><\/p>\n<p>&nbsp;<\/p>\n<p><strong>Ulrik Lindgren<\/strong><\/p>\n<p>Ledamot i Grundskolen\u00e4mnden<\/p>\n<p><a href=\"mailto:ulrik.lindgren@varmdo.se\">ulrik.lindgren@varmdo.se<\/a><\/p>\n<p>&nbsp;<\/p>\n<p><b>Jonas Danson<\/b><\/p>\n<p>Ers\u00e4ttare i Grundskolen\u00e4mnden<\/p>\n<p><a href=\"mailto:jonas.danson@varmdo.se\">jonas.danson@varmdo.se<\/a><\/p>\n<p>&nbsp;<\/p>\n<p><strong>Jan Boman<\/strong><\/p>\n<p>Ledamot i Socialn\u00e4mnden<\/p>\n<p><a href=\"mailto:jan.boman@varmdo.se\">jan.boman@varmdo.se<\/a><\/p>\n<p>&nbsp;<\/p>\n<p><strong>Per-Olof Fransson<\/strong><\/p>\n<p>Ledamot i Kommunfullm\u00e4ktige<\/p>\n<p><a href=\"mailto:per-olof.fransson@varmdo.se\">per-olof.fransson@varmdo.se<\/a><\/p>\n<p>&nbsp;<\/p>\n<p><strong>Ove Johansson<\/strong><\/p>\n<p>Ledamot i F\u00f6rskolen\u00e4mnden<\/p>\n<p>Ers\u00e4ttare i Bygg-,milj\u00f6- och h\u00e4lsoskyddsn\u00e4mnden<\/p>\n<p>Ers\u00e4ttare i Tekniska n\u00e4mnden<\/p>\n<p><a href=\"mailto:ove.johansson@varmdo.se\">ove.johansson@varmdo.se<\/a><\/p>\n<p>&nbsp;<\/p>\n<p><strong>Ulf Kjellson<\/strong><\/p>\n<p>Ers\u00e4ttare i F\u00f6rskolen\u00e4mnden<\/p>\n<p>Ers\u00e4ttare i Socialn\u00e4mnden<\/p>\n<p>Ers\u00e4ttare i Gymnasie-, vuxenutbildnings-, och arbetslivsn\u00e4mnden<\/p>\n<p><a href=\"mailto:ulf.kjellson@varmdo.se\">ulf.kjellson@varmdo.se<\/a><\/p>\n<p>&nbsp;<\/p>\n<p><b>Gunilla Nordstr\u00f6m\u00a0<\/b><\/p>\n<p>Ers\u00e4ttare i V\u00e5rd- och omsorgsn\u00e4mnden<\/p>\n<p>&nbsp;<\/p>\n<p><strong>Dan Wimund<\/strong><\/p>\n<p>Partiavdelningsordf\u00f6rande<\/p>\n<p>Ledamot i Valn\u00e4mnden<\/p>\n<p>Ledamot i V\u00e5rd- och omsorgsn\u00e4mnden<\/p>\n<p>Ers\u00e4ttare i Kultur- och fritidsn\u00e4mnden<\/p>\n<p><a href=\"mailto:dan.wimund@varmdo.se\">dan.wimund@varmdo.se<\/a><\/p>\n","protected":false},"excerpt":{"rendered":"<p>Bj\u00f6rn Alld\u00e9n Gruppledare Ledamot i Kommunfullm\u00e4ktige Ledamot i Kommunstyrelsen Ledamot i Milj\u00f6- och klimatutskott bjorn.allden@varmdo.se &nbsp; Tobias S\u00f6derstedt Ers\u00e4ttare i Kultur och fritidsn\u00e4mnden tobias.soderstedt@varmdo.se Jessica Becker\u00a0 Ledamot i Kommunfullm\u00e4ktige Ers\u00e4ttare i Bygg-,milj\u00f6- och h\u00e4lsoskyddsn\u00e4mnden jessica.becker@varmdo.se Peter Br\u00e4nnstr\u00f6m Ers\u00e4ttare i Kommunfullm\u00e4ktige Ledamot V\u00e4rmd\u00f6 hamnar AB peter.brannstrom@varmdo.se &nbsp; Ulrik Lindgren Ledamot i Grundskolen\u00e4mnden ulrik.lindgren@varmdo.se &nbsp; Jonas Danson <a class=\"read-more-link\" href=\"https:\/\/wp.kristdemokraterna.se\/varmdo\/vara-politiker\/vara-politiker\/\">Read More<\/a><\/p>\n","protected":false},"author":771,"featured_media":0,"parent":409,"menu_order":0,"comment_status":"closed","ping_status":"closed","template":"","meta":{"_acf_changed":false,"footnotes":""},"class_list":["post-1224","page","type-page","status-publish","hentry"],"acf":[],"yoast_head":"<!-- This site is optimized with the Yoast SEO plugin v27.4 - https:\/\/yoast.com\/product\/yoast-seo-wordpress\/ -->\n<title>V\u00e5ra politiker - Kristdemokraterna i V\u00e4rmd\u00f6<\/title>\n<meta name=\"robots\" content=\"index, follow, max-snippet:-1, max-image-preview:large, max-video-preview:-1\" \/>\n<link rel=\"canonical\" href=\"https:\/\/wp.kristdemokraterna.se\/varmdo\/vara-politiker\/vara-politiker\/\" \/>\n<meta property=\"og:locale\" content=\"sv_SE\" \/>\n<meta property=\"og:type\" content=\"article\" \/>\n<meta property=\"og:title\" content=\"V\u00e5ra politiker - Kristdemokraterna i V\u00e4rmd\u00f6\" \/>\n<meta property=\"og:description\" content=\"Bj\u00f6rn Alld\u00e9n Gruppledare Ledamot i Kommunfullm\u00e4ktige Ledamot i Kommunstyrelsen Ledamot i Milj\u00f6- och klimatutskott bjorn.allden@varmdo.se &nbsp; Tobias S\u00f6derstedt Ers\u00e4ttare i Kultur och fritidsn\u00e4mnden tobias.soderstedt@varmdo.se Jessica Becker\u00a0 Ledamot i Kommunfullm\u00e4ktige Ers\u00e4ttare i Bygg-,milj\u00f6- och h\u00e4lsoskyddsn\u00e4mnden jessica.becker@varmdo.se Peter Br\u00e4nnstr\u00f6m Ers\u00e4ttare i Kommunfullm\u00e4ktige Ledamot V\u00e4rmd\u00f6 hamnar AB peter.brannstrom@varmdo.se &nbsp; Ulrik Lindgren Ledamot i Grundskolen\u00e4mnden ulrik.lindgren@varmdo.se &nbsp; Jonas Danson Read More\" \/>\n<meta property=\"og:url\" content=\"https:\/\/wp.kristdemokraterna.se\/varmdo\/vara-politiker\/vara-politiker\/\" \/>\n<meta property=\"og:site_name\" content=\"Kristdemokraterna i V\u00e4rmd\u00f6\" \/>\n<meta property=\"article:modified_time\" content=\"2026-03-05T14:25:56+00:00\" \/>\n<meta property=\"og:image\" content=\"https:\/\/static.bonniernews.se\/ba\/5abd2559-e9da-4166-9c3e-220fe4f2c74c.png?crop=907%2C511%2Cx0%2Cy46&amp;width=980&amp;format=pjpg&amp;auto=avif\" \/>\n<meta name=\"twitter:card\" content=\"summary_large_image\" \/>\n<meta name=\"twitter:label1\" content=\"Ber\u00e4knad l\u00e4stid\" \/>\n\t<meta name=\"twitter:data1\" content=\"2 minuter\" \/>\n<script type=\"application\/ld+json\" class=\"yoast-schema-graph\">{\"@context\":\"https:\\\/\\\/schema.org\",\"@graph\":[{\"@type\":\"WebPage\",\"@id\":\"https:\\\/\\\/wp.kristdemokraterna.se\\\/varmdo\\\/vara-politiker\\\/vara-politiker\\\/\",\"url\":\"https:\\\/\\\/wp.kristdemokraterna.se\\\/varmdo\\\/vara-politiker\\\/vara-politiker\\\/\",\"name\":\"V\u00e5ra politiker - Kristdemokraterna i V\u00e4rmd\u00f6\",\"isPartOf\":{\"@id\":\"https:\\\/\\\/wp.kristdemokraterna.se\\\/varmdo\\\/#website\"},\"primaryImageOfPage\":{\"@id\":\"https:\\\/\\\/wp.kristdemokraterna.se\\\/varmdo\\\/vara-politiker\\\/vara-politiker\\\/#primaryimage\"},\"image\":{\"@id\":\"https:\\\/\\\/wp.kristdemokraterna.se\\\/varmdo\\\/vara-politiker\\\/vara-politiker\\\/#primaryimage\"},\"thumbnailUrl\":\"https:\\\/\\\/static.bonniernews.se\\\/ba\\\/5abd2559-e9da-4166-9c3e-220fe4f2c74c.png?crop=907%2C511%2Cx0%2Cy46&amp;width=980&amp;format=pjpg&amp;auto=avif\",\"datePublished\":\"2023-03-03T10:55:45+00:00\",\"dateModified\":\"2026-03-05T14:25:56+00:00\",\"breadcrumb\":{\"@id\":\"https:\\\/\\\/wp.kristdemokraterna.se\\\/varmdo\\\/vara-politiker\\\/vara-politiker\\\/#breadcrumb\"},\"inLanguage\":\"sv-SE\",\"potentialAction\":[{\"@type\":\"ReadAction\",\"target\":[\"https:\\\/\\\/wp.kristdemokraterna.se\\\/varmdo\\\/vara-politiker\\\/vara-politiker\\\/\"]}]},{\"@type\":\"ImageObject\",\"inLanguage\":\"sv-SE\",\"@id\":\"https:\\\/\\\/wp.kristdemokraterna.se\\\/varmdo\\\/vara-politiker\\\/vara-politiker\\\/#primaryimage\",\"url\":\"https:\\\/\\\/static.bonniernews.se\\\/ba\\\/5abd2559-e9da-4166-9c3e-220fe4f2c74c.png?crop=907%2C511%2Cx0%2Cy46&amp;width=980&amp;format=pjpg&amp;auto=avif\",\"contentUrl\":\"https:\\\/\\\/static.bonniernews.se\\\/ba\\\/5abd2559-e9da-4166-9c3e-220fe4f2c74c.png?crop=907%2C511%2Cx0%2Cy46&amp;width=980&amp;format=pjpg&amp;auto=avif\"},{\"@type\":\"BreadcrumbList\",\"@id\":\"https:\\\/\\\/wp.kristdemokraterna.se\\\/varmdo\\\/vara-politiker\\\/vara-politiker\\\/#breadcrumb\",\"itemListElement\":[{\"@type\":\"ListItem\",\"position\":1,\"name\":\"Hem\",\"item\":\"https:\\\/\\\/wp.kristdemokraterna.se\\\/varmdo\\\/\"},{\"@type\":\"ListItem\",\"position\":2,\"name\":\"V\u00e5ra f\u00f6rtroendevalda\",\"item\":\"https:\\\/\\\/wp.kristdemokraterna.se\\\/varmdo\\\/vara-politiker\\\/\"},{\"@type\":\"ListItem\",\"position\":3,\"name\":\"V\u00e5ra politiker\"}]},{\"@type\":\"WebSite\",\"@id\":\"https:\\\/\\\/wp.kristdemokraterna.se\\\/varmdo\\\/#website\",\"url\":\"https:\\\/\\\/wp.kristdemokraterna.se\\\/varmdo\\\/\",\"name\":\"Kristdemokraterna i V\u00e4rmd\u00f6\",\"description\":\"En till Kristdemokraterna webbplats\",\"inLanguage\":\"sv-SE\"}]}<\/script>\n<!-- \/ Yoast SEO plugin. -->","yoast_head_json":{"title":"V\u00e5ra politiker - Kristdemokraterna i V\u00e4rmd\u00f6","robots":{"index":"index","follow":"follow","max-snippet":"max-snippet:-1","max-image-preview":"max-image-preview:large","max-video-preview":"max-video-preview:-1"},"canonical":"https:\/\/wp.kristdemokraterna.se\/varmdo\/vara-politiker\/vara-politiker\/","og_locale":"sv_SE","og_type":"article","og_title":"V\u00e5ra politiker - Kristdemokraterna i V\u00e4rmd\u00f6","og_description":"Bj\u00f6rn Alld\u00e9n Gruppledare Ledamot i Kommunfullm\u00e4ktige Ledamot i Kommunstyrelsen Ledamot i Milj\u00f6- och klimatutskott bjorn.allden@varmdo.se &nbsp; Tobias S\u00f6derstedt Ers\u00e4ttare i Kultur och fritidsn\u00e4mnden tobias.soderstedt@varmdo.se Jessica Becker\u00a0 Ledamot i Kommunfullm\u00e4ktige Ers\u00e4ttare i Bygg-,milj\u00f6- och h\u00e4lsoskyddsn\u00e4mnden jessica.becker@varmdo.se Peter Br\u00e4nnstr\u00f6m Ers\u00e4ttare i Kommunfullm\u00e4ktige Ledamot V\u00e4rmd\u00f6 hamnar AB peter.brannstrom@varmdo.se &nbsp; Ulrik Lindgren Ledamot i Grundskolen\u00e4mnden ulrik.lindgren@varmdo.se &nbsp; Jonas Danson Read More","og_url":"https:\/\/wp.kristdemokraterna.se\/varmdo\/vara-politiker\/vara-politiker\/","og_site_name":"Kristdemokraterna i V\u00e4rmd\u00f6","article_modified_time":"2026-03-05T14:25:56+00:00","og_image":[{"url":"https:\/\/static.bonniernews.se\/ba\/5abd2559-e9da-4166-9c3e-220fe4f2c74c.png?crop=907%2C511%2Cx0%2Cy46&amp;width=980&amp;format=pjpg&amp;auto=avif","type":"","width":"","height":""}],"twitter_card":"summary_large_image","twitter_misc":{"Ber\u00e4knad l\u00e4stid":"2 minuter"},"schema":{"@context":"https:\/\/schema.org","@graph":[{"@type":"WebPage","@id":"https:\/\/wp.kristdemokraterna.se\/varmdo\/vara-politiker\/vara-politiker\/","url":"https:\/\/wp.kristdemokraterna.se\/varmdo\/vara-politiker\/vara-politiker\/","name":"V\u00e5ra politiker - Kristdemokraterna i V\u00e4rmd\u00f6","isPartOf":{"@id":"https:\/\/wp.kristdemokraterna.se\/varmdo\/#website"},"primaryImageOfPage":{"@id":"https:\/\/wp.kristdemokraterna.se\/varmdo\/vara-politiker\/vara-politiker\/#primaryimage"},"image":{"@id":"https:\/\/wp.kristdemokraterna.se\/varmdo\/vara-politiker\/vara-politiker\/#primaryimage"},"thumbnailUrl":"https:\/\/static.bonniernews.se\/ba\/5abd2559-e9da-4166-9c3e-220fe4f2c74c.png?crop=907%2C511%2Cx0%2Cy46&amp;width=980&amp;format=pjpg&amp;auto=avif","datePublished":"2023-03-03T10:55:45+00:00","dateModified":"2026-03-05T14:25:56+00:00","breadcrumb":{"@id":"https:\/\/wp.kristdemokraterna.se\/varmdo\/vara-politiker\/vara-politiker\/#breadcrumb"},"inLanguage":"sv-SE","potentialAction":[{"@type":"ReadAction","target":["https:\/\/wp.kristdemokraterna.se\/varmdo\/vara-politiker\/vara-politiker\/"]}]},{"@type":"ImageObject","inLanguage":"sv-SE","@id":"https:\/\/wp.kristdemokraterna.se\/varmdo\/vara-politiker\/vara-politiker\/#primaryimage","url":"https:\/\/static.bonniernews.se\/ba\/5abd2559-e9da-4166-9c3e-220fe4f2c74c.png?crop=907%2C511%2Cx0%2Cy46&amp;width=980&amp;format=pjpg&amp;auto=avif","contentUrl":"https:\/\/static.bonniernews.se\/ba\/5abd2559-e9da-4166-9c3e-220fe4f2c74c.png?crop=907%2C511%2Cx0%2Cy46&amp;width=980&amp;format=pjpg&amp;auto=avif"},{"@type":"BreadcrumbList","@id":"https:\/\/wp.kristdemokraterna.se\/varmdo\/vara-politiker\/vara-politiker\/#breadcrumb","itemListElement":[{"@type":"ListItem","position":1,"name":"Hem","item":"https:\/\/wp.kristdemokraterna.se\/varmdo\/"},{"@type":"ListItem","position":2,"name":"V\u00e5ra f\u00f6rtroendevalda","item":"https:\/\/wp.kristdemokraterna.se\/varmdo\/vara-politiker\/"},{"@type":"ListItem","position":3,"name":"V\u00e5ra politiker"}]},{"@type":"WebSite","@id":"https:\/\/wp.kristdemokraterna.se\/varmdo\/#website","url":"https:\/\/wp.kristdemokraterna.se\/varmdo\/","name":"Kristdemokraterna i V\u00e4rmd\u00f6","description":"En till Kristdemokraterna webbplats","inLanguage":"sv-SE"}]}},"_links":{"self":[{"href":"https:\/\/wp.kristdemokraterna.se\/varmdo\/wp-json\/wp\/v2\/pages\/1224","targetHints":{"allow":["GET"]}}],"collection":[{"href":"https:\/\/wp.kristdemokraterna.se\/varmdo\/wp-json\/wp\/v2\/pages"}],"about":[{"href":"https:\/\/wp.kristdemokraterna.se\/varmdo\/wp-json\/wp\/v2\/types\/page"}],"author":[{"embeddable":true,"href":"https:\/\/wp.kristdemokraterna.se\/varmdo\/wp-json\/wp\/v2\/users\/771"}],"replies":[{"embeddable":true,"href":"https:\/\/wp.kristdemokraterna.se\/varmdo\/wp-json\/wp\/v2\/comments?post=1224"}],"version-history":[{"count":8,"href":"https:\/\/wp.kristdemokraterna.se\/varmdo\/wp-json\/wp\/v2\/pages\/1224\/revisions"}],"predecessor-version":[{"id":1248,"href":"https:\/\/wp.kristdemokraterna.se\/varmdo\/wp-json\/wp\/v2\/pages\/1224\/revisions\/1248"}],"up":[{"embeddable":true,"href":"https:\/\/wp.kristdemokraterna.se\/varmdo\/wp-json\/wp\/v2\/pages\/409"}],"wp:attachment":[{"href":"https:\/\/wp.kristdemokraterna.se\/varmdo\/wp-json\/wp\/v2\/media?parent=1224"}],"curies":[{"name":"wp","href":"https:\/\/api.w.org\/{rel}","templated":true}]}}