{"id":1273,"date":"2026-03-09T11:08:42","date_gmt":"2026-03-09T10:08:42","guid":{"rendered":"https:\/\/wp.kristdemokraterna.se\/varmdo\/?page_id=1273"},"modified":"2026-03-09T11:08:42","modified_gmt":"2026-03-09T10:08:42","slug":"vara-sociala-medier","status":"publish","type":"page","link":"https:\/\/wp.kristdemokraterna.se\/varmdo\/startsida\/vara-sociala-medier\/","title":{"rendered":"V\u00e5ra sociala medier"},"content":{"rendered":"<p><a href=\"https:\/\/www.instagram.com\/kristdemokraterna_varmdo\/\">Instagram<\/a><\/p>\n<p><a href=\"https:\/\/www.facebook.com\/kristdemokraternavarmdo\/?locale=sv_SE\">Facebook<\/a><\/p>\n","protected":false},"excerpt":{"rendered":"<p>Instagram Facebook<\/p>\n","protected":false},"author":1109,"featured_media":0,"parent":265,"menu_order":0,"comment_status":"closed","ping_status":"closed","template":"","meta":{"_acf_changed":false,"footnotes":""},"class_list":["post-1273","page","type-page","status-publish","hentry"],"acf":[],"yoast_head":"<!-- This site is optimized with the Yoast SEO plugin v27.3 - https:\/\/yoast.com\/product\/yoast-seo-wordpress\/ -->\n<title>V\u00e5ra sociala medier - Kristdemokraterna i V\u00e4rmd\u00f6<\/title>\n<meta name=\"robots\" content=\"index, follow, max-snippet:-1, max-image-preview:large, max-video-preview:-1\" \/>\n<link rel=\"canonical\" href=\"https:\/\/wp.kristdemokraterna.se\/varmdo\/startsida\/vara-sociala-medier\/\" \/>\n<meta property=\"og:locale\" content=\"sv_SE\" \/>\n<meta property=\"og:type\" content=\"article\" \/>\n<meta property=\"og:title\" content=\"V\u00e5ra sociala medier - Kristdemokraterna i V\u00e4rmd\u00f6\" \/>\n<meta property=\"og:description\" content=\"Instagram Facebook\" \/>\n<meta property=\"og:url\" content=\"https:\/\/wp.kristdemokraterna.se\/varmdo\/startsida\/vara-sociala-medier\/\" \/>\n<meta property=\"og:site_name\" content=\"Kristdemokraterna i V\u00e4rmd\u00f6\" \/>\n<meta name=\"twitter:card\" content=\"summary_large_image\" \/>\n<meta name=\"twitter:label1\" content=\"Ber\u00e4knad l\u00e4stid\" \/>\n\t<meta name=\"twitter:data1\" content=\"1 minut\" \/>\n<script type=\"application\/ld+json\" class=\"yoast-schema-graph\">{\"@context\":\"https:\\\/\\\/schema.org\",\"@graph\":[{\"@type\":\"WebPage\",\"@id\":\"https:\\\/\\\/wp.kristdemokraterna.se\\\/varmdo\\\/startsida\\\/vara-sociala-medier\\\/\",\"url\":\"https:\\\/\\\/wp.kristdemokraterna.se\\\/varmdo\\\/startsida\\\/vara-sociala-medier\\\/\",\"name\":\"V\u00e5ra sociala medier - Kristdemokraterna i V\u00e4rmd\u00f6\",\"isPartOf\":{\"@id\":\"https:\\\/\\\/wp.kristdemokraterna.se\\\/varmdo\\\/#website\"},\"datePublished\":\"2026-03-09T10:08:42+00:00\",\"breadcrumb\":{\"@id\":\"https:\\\/\\\/wp.kristdemokraterna.se\\\/varmdo\\\/startsida\\\/vara-sociala-medier\\\/#breadcrumb\"},\"inLanguage\":\"sv-SE\",\"potentialAction\":[{\"@type\":\"ReadAction\",\"target\":[\"https:\\\/\\\/wp.kristdemokraterna.se\\\/varmdo\\\/startsida\\\/vara-sociala-medier\\\/\"]}]},{\"@type\":\"BreadcrumbList\",\"@id\":\"https:\\\/\\\/wp.kristdemokraterna.se\\\/varmdo\\\/startsida\\\/vara-sociala-medier\\\/#breadcrumb\",\"itemListElement\":[{\"@type\":\"ListItem\",\"position\":1,\"name\":\"Hem\",\"item\":\"https:\\\/\\\/wp.kristdemokraterna.se\\\/varmdo\\\/\"},{\"@type\":\"ListItem\",\"position\":2,\"name\":\"Startsida\",\"item\":\"https:\\\/\\\/wp.kristdemokraterna.se\\\/varmdo\\\/\"},{\"@type\":\"ListItem\",\"position\":3,\"name\":\"V\u00e5ra sociala medier\"}]},{\"@type\":\"WebSite\",\"@id\":\"https:\\\/\\\/wp.kristdemokraterna.se\\\/varmdo\\\/#website\",\"url\":\"https:\\\/\\\/wp.kristdemokraterna.se\\\/varmdo\\\/\",\"name\":\"Kristdemokraterna i V\u00e4rmd\u00f6\",\"description\":\"En till Kristdemokraterna webbplats\",\"inLanguage\":\"sv-SE\"}]}<\/script>\n<!-- \/ Yoast SEO plugin. -->","yoast_head_json":{"title":"V\u00e5ra sociala medier - Kristdemokraterna i V\u00e4rmd\u00f6","robots":{"index":"index","follow":"follow","max-snippet":"max-snippet:-1","max-image-preview":"max-image-preview:large","max-video-preview":"max-video-preview:-1"},"canonical":"https:\/\/wp.kristdemokraterna.se\/varmdo\/startsida\/vara-sociala-medier\/","og_locale":"sv_SE","og_type":"article","og_title":"V\u00e5ra sociala medier - Kristdemokraterna i V\u00e4rmd\u00f6","og_description":"Instagram Facebook","og_url":"https:\/\/wp.kristdemokraterna.se\/varmdo\/startsida\/vara-sociala-medier\/","og_site_name":"Kristdemokraterna i V\u00e4rmd\u00f6","twitter_card":"summary_large_image","twitter_misc":{"Ber\u00e4knad l\u00e4stid":"1 minut"},"schema":{"@context":"https:\/\/schema.org","@graph":[{"@type":"WebPage","@id":"https:\/\/wp.kristdemokraterna.se\/varmdo\/startsida\/vara-sociala-medier\/","url":"https:\/\/wp.kristdemokraterna.se\/varmdo\/startsida\/vara-sociala-medier\/","name":"V\u00e5ra sociala medier - Kristdemokraterna i V\u00e4rmd\u00f6","isPartOf":{"@id":"https:\/\/wp.kristdemokraterna.se\/varmdo\/#website"},"datePublished":"2026-03-09T10:08:42+00:00","breadcrumb":{"@id":"https:\/\/wp.kristdemokraterna.se\/varmdo\/startsida\/vara-sociala-medier\/#breadcrumb"},"inLanguage":"sv-SE","potentialAction":[{"@type":"ReadAction","target":["https:\/\/wp.kristdemokraterna.se\/varmdo\/startsida\/vara-sociala-medier\/"]}]},{"@type":"BreadcrumbList","@id":"https:\/\/wp.kristdemokraterna.se\/varmdo\/startsida\/vara-sociala-medier\/#breadcrumb","itemListElement":[{"@type":"ListItem","position":1,"name":"Hem","item":"https:\/\/wp.kristdemokraterna.se\/varmdo\/"},{"@type":"ListItem","position":2,"name":"Startsida","item":"https:\/\/wp.kristdemokraterna.se\/varmdo\/"},{"@type":"ListItem","position":3,"name":"V\u00e5ra sociala medier"}]},{"@type":"WebSite","@id":"https:\/\/wp.kristdemokraterna.se\/varmdo\/#website","url":"https:\/\/wp.kristdemokraterna.se\/varmdo\/","name":"Kristdemokraterna i V\u00e4rmd\u00f6","description":"En till Kristdemokraterna webbplats","inLanguage":"sv-SE"}]}},"_links":{"self":[{"href":"https:\/\/wp.kristdemokraterna.se\/varmdo\/wp-json\/wp\/v2\/pages\/1273","targetHints":{"allow":["GET"]}}],"collection":[{"href":"https:\/\/wp.kristdemokraterna.se\/varmdo\/wp-json\/wp\/v2\/pages"}],"about":[{"href":"https:\/\/wp.kristdemokraterna.se\/varmdo\/wp-json\/wp\/v2\/types\/page"}],"author":[{"embeddable":true,"href":"https:\/\/wp.kristdemokraterna.se\/varmdo\/wp-json\/wp\/v2\/users\/1109"}],"replies":[{"embeddable":true,"href":"https:\/\/wp.kristdemokraterna.se\/varmdo\/wp-json\/wp\/v2\/comments?post=1273"}],"version-history":[{"count":1,"href":"https:\/\/wp.kristdemokraterna.se\/varmdo\/wp-json\/wp\/v2\/pages\/1273\/revisions"}],"predecessor-version":[{"id":1274,"href":"https:\/\/wp.kristdemokraterna.se\/varmdo\/wp-json\/wp\/v2\/pages\/1273\/revisions\/1274"}],"up":[{"embeddable":true,"href":"https:\/\/wp.kristdemokraterna.se\/varmdo\/wp-json\/wp\/v2\/pages\/265"}],"wp:attachment":[{"href":"https:\/\/wp.kristdemokraterna.se\/varmdo\/wp-json\/wp\/v2\/media?parent=1273"}],"curies":[{"name":"wp","href":"https:\/\/api.w.org\/{rel}","templated":true}]}}