{"id":409,"date":"2018-01-12T12:02:37","date_gmt":"2018-01-12T11:02:37","guid":{"rendered":"http:\/\/wp.kristdemokraterna.se\/varmdo2\/?page_id=409"},"modified":"2023-03-03T12:05:17","modified_gmt":"2023-03-03T11:05:17","slug":"vara-politiker","status":"publish","type":"page","link":"https:\/\/wp.kristdemokraterna.se\/varmdo\/vara-politiker\/","title":{"rendered":"V\u00e5ra f\u00f6rtroendevalda"},"content":{"rendered":"<p>I valet 2022 fick vi 5,05 % vilket gav oss tre ledam\u00f6ter och tv\u00e5 ers\u00e4ttare i Kommunfullm\u00e4ktige.<\/p>\n<p>Kristdemokraterna representeras i de flesta n\u00e4mnderna, <a href=\"https:\/\/wp.kristdemokraterna.se\/varmdo\/vara-politiker\/vara-politiker\/\">se vilka uppdrag vi har h\u00e4r<\/a><\/p>\n","protected":false},"excerpt":{"rendered":"<p>I valet 2022 fick vi 5,05 % vilket gav oss tre ledam\u00f6ter och tv\u00e5 ers\u00e4ttare i Kommunfullm\u00e4ktige. Kristdemokraterna representeras i de flesta n\u00e4mnderna, se vilka uppdrag vi har h\u00e4r<\/p>\n","protected":false},"author":444,"featured_media":0,"parent":0,"menu_order":0,"comment_status":"closed","ping_status":"closed","template":"page.php","meta":{"_acf_changed":false,"footnotes":""},"class_list":["post-409","page","type-page","status-publish","hentry"],"acf":[],"yoast_head":"<!-- This site is optimized with the Yoast SEO plugin v27.3 - https:\/\/yoast.com\/product\/yoast-seo-wordpress\/ -->\n<title>V\u00e5ra f\u00f6rtroendevalda - Kristdemokraterna i V\u00e4rmd\u00f6<\/title>\n<meta name=\"robots\" content=\"index, follow, max-snippet:-1, max-image-preview:large, max-video-preview:-1\" \/>\n<link rel=\"canonical\" href=\"https:\/\/wp.kristdemokraterna.se\/varmdo\/vara-politiker\/\" \/>\n<meta property=\"og:locale\" content=\"sv_SE\" \/>\n<meta property=\"og:type\" content=\"article\" \/>\n<meta property=\"og:title\" content=\"V\u00e5ra f\u00f6rtroendevalda - Kristdemokraterna i V\u00e4rmd\u00f6\" \/>\n<meta property=\"og:description\" content=\"I valet 2022 fick vi 5,05 % vilket gav oss tre ledam\u00f6ter och tv\u00e5 ers\u00e4ttare i Kommunfullm\u00e4ktige. Kristdemokraterna representeras i de flesta n\u00e4mnderna, se vilka uppdrag vi har h\u00e4r\" \/>\n<meta property=\"og:url\" content=\"https:\/\/wp.kristdemokraterna.se\/varmdo\/vara-politiker\/\" \/>\n<meta property=\"og:site_name\" content=\"Kristdemokraterna i V\u00e4rmd\u00f6\" \/>\n<meta property=\"article:modified_time\" content=\"2023-03-03T11:05:17+00:00\" \/>\n<meta name=\"twitter:card\" content=\"summary_large_image\" \/>\n<meta name=\"twitter:label1\" content=\"Ber\u00e4knad l\u00e4stid\" \/>\n\t<meta name=\"twitter:data1\" content=\"1 minut\" \/>\n<script type=\"application\/ld+json\" class=\"yoast-schema-graph\">{\"@context\":\"https:\\\/\\\/schema.org\",\"@graph\":[{\"@type\":\"WebPage\",\"@id\":\"https:\\\/\\\/wp.kristdemokraterna.se\\\/varmdo\\\/vara-politiker\\\/\",\"url\":\"https:\\\/\\\/wp.kristdemokraterna.se\\\/varmdo\\\/vara-politiker\\\/\",\"name\":\"V\u00e5ra f\u00f6rtroendevalda - Kristdemokraterna i V\u00e4rmd\u00f6\",\"isPartOf\":{\"@id\":\"https:\\\/\\\/wp.kristdemokraterna.se\\\/varmdo\\\/#website\"},\"datePublished\":\"2018-01-12T11:02:37+00:00\",\"dateModified\":\"2023-03-03T11:05:17+00:00\",\"breadcrumb\":{\"@id\":\"https:\\\/\\\/wp.kristdemokraterna.se\\\/varmdo\\\/vara-politiker\\\/#breadcrumb\"},\"inLanguage\":\"sv-SE\",\"potentialAction\":[{\"@type\":\"ReadAction\",\"target\":[\"https:\\\/\\\/wp.kristdemokraterna.se\\\/varmdo\\\/vara-politiker\\\/\"]}]},{\"@type\":\"BreadcrumbList\",\"@id\":\"https:\\\/\\\/wp.kristdemokraterna.se\\\/varmdo\\\/vara-politiker\\\/#breadcrumb\",\"itemListElement\":[{\"@type\":\"ListItem\",\"position\":1,\"name\":\"Hem\",\"item\":\"https:\\\/\\\/wp.kristdemokraterna.se\\\/varmdo\\\/\"},{\"@type\":\"ListItem\",\"position\":2,\"name\":\"V\u00e5ra f\u00f6rtroendevalda\"}]},{\"@type\":\"WebSite\",\"@id\":\"https:\\\/\\\/wp.kristdemokraterna.se\\\/varmdo\\\/#website\",\"url\":\"https:\\\/\\\/wp.kristdemokraterna.se\\\/varmdo\\\/\",\"name\":\"Kristdemokraterna i V\u00e4rmd\u00f6\",\"description\":\"En till Kristdemokraterna webbplats\",\"inLanguage\":\"sv-SE\"}]}<\/script>\n<!-- \/ Yoast SEO plugin. -->","yoast_head_json":{"title":"V\u00e5ra f\u00f6rtroendevalda - Kristdemokraterna i V\u00e4rmd\u00f6","robots":{"index":"index","follow":"follow","max-snippet":"max-snippet:-1","max-image-preview":"max-image-preview:large","max-video-preview":"max-video-preview:-1"},"canonical":"https:\/\/wp.kristdemokraterna.se\/varmdo\/vara-politiker\/","og_locale":"sv_SE","og_type":"article","og_title":"V\u00e5ra f\u00f6rtroendevalda - Kristdemokraterna i V\u00e4rmd\u00f6","og_description":"I valet 2022 fick vi 5,05 % vilket gav oss tre ledam\u00f6ter och tv\u00e5 ers\u00e4ttare i Kommunfullm\u00e4ktige. Kristdemokraterna representeras i de flesta n\u00e4mnderna, se vilka uppdrag vi har h\u00e4r","og_url":"https:\/\/wp.kristdemokraterna.se\/varmdo\/vara-politiker\/","og_site_name":"Kristdemokraterna i V\u00e4rmd\u00f6","article_modified_time":"2023-03-03T11:05:17+00:00","twitter_card":"summary_large_image","twitter_misc":{"Ber\u00e4knad l\u00e4stid":"1 minut"},"schema":{"@context":"https:\/\/schema.org","@graph":[{"@type":"WebPage","@id":"https:\/\/wp.kristdemokraterna.se\/varmdo\/vara-politiker\/","url":"https:\/\/wp.kristdemokraterna.se\/varmdo\/vara-politiker\/","name":"V\u00e5ra f\u00f6rtroendevalda - Kristdemokraterna i V\u00e4rmd\u00f6","isPartOf":{"@id":"https:\/\/wp.kristdemokraterna.se\/varmdo\/#website"},"datePublished":"2018-01-12T11:02:37+00:00","dateModified":"2023-03-03T11:05:17+00:00","breadcrumb":{"@id":"https:\/\/wp.kristdemokraterna.se\/varmdo\/vara-politiker\/#breadcrumb"},"inLanguage":"sv-SE","potentialAction":[{"@type":"ReadAction","target":["https:\/\/wp.kristdemokraterna.se\/varmdo\/vara-politiker\/"]}]},{"@type":"BreadcrumbList","@id":"https:\/\/wp.kristdemokraterna.se\/varmdo\/vara-politiker\/#breadcrumb","itemListElement":[{"@type":"ListItem","position":1,"name":"Hem","item":"https:\/\/wp.kristdemokraterna.se\/varmdo\/"},{"@type":"ListItem","position":2,"name":"V\u00e5ra f\u00f6rtroendevalda"}]},{"@type":"WebSite","@id":"https:\/\/wp.kristdemokraterna.se\/varmdo\/#website","url":"https:\/\/wp.kristdemokraterna.se\/varmdo\/","name":"Kristdemokraterna i V\u00e4rmd\u00f6","description":"En till Kristdemokraterna webbplats","inLanguage":"sv-SE"}]}},"_links":{"self":[{"href":"https:\/\/wp.kristdemokraterna.se\/varmdo\/wp-json\/wp\/v2\/pages\/409","targetHints":{"allow":["GET"]}}],"collection":[{"href":"https:\/\/wp.kristdemokraterna.se\/varmdo\/wp-json\/wp\/v2\/pages"}],"about":[{"href":"https:\/\/wp.kristdemokraterna.se\/varmdo\/wp-json\/wp\/v2\/types\/page"}],"author":[{"embeddable":true,"href":"https:\/\/wp.kristdemokraterna.se\/varmdo\/wp-json\/wp\/v2\/users\/444"}],"replies":[{"embeddable":true,"href":"https:\/\/wp.kristdemokraterna.se\/varmdo\/wp-json\/wp\/v2\/comments?post=409"}],"version-history":[{"count":19,"href":"https:\/\/wp.kristdemokraterna.se\/varmdo\/wp-json\/wp\/v2\/pages\/409\/revisions"}],"predecessor-version":[{"id":1228,"href":"https:\/\/wp.kristdemokraterna.se\/varmdo\/wp-json\/wp\/v2\/pages\/409\/revisions\/1228"}],"wp:attachment":[{"href":"https:\/\/wp.kristdemokraterna.se\/varmdo\/wp-json\/wp\/v2\/media?parent=409"}],"curies":[{"name":"wp","href":"https:\/\/api.w.org\/{rel}","templated":true}]}}