{"id":637,"date":"2018-04-29T16:30:55","date_gmt":"2018-04-29T14:30:55","guid":{"rendered":"http:\/\/wp.kristdemokraterna.se\/varmdo\/?page_id=637"},"modified":"2022-07-17T12:52:32","modified_gmt":"2022-07-17T10:52:32","slug":"valmanifest-2022","status":"publish","type":"page","link":"https:\/\/wp.kristdemokraterna.se\/varmdo\/val-2022\/valmanifest-2022\/","title":{"rendered":"Handlingsprogram 2022-2026"},"content":{"rendered":"<p>B\u00e4ste V\u00e4rmd\u00f6bo,<\/p>\n<p>V\u00e4rmd\u00f6 ska vara en kommun d\u00e4r det ska vara l\u00e4tt att bo, men ocks\u00e5 leva och utvecklas f\u00f6r gammal som f\u00f6r ung. Vi ska erbjuda en bra barnomsorg och f\u00f6rskoleverksamhet och en skola i toppklass. Det ska finnas ett rikt kultur- och idrottsliv i kommunen f\u00f6r att skapa en fungerande vardag. Men vi vill ocks\u00e5 se fler f\u00f6retag och ett rikt n\u00e4ringsliv i kommunen s\u00e5 att fler V\u00e4rmd\u00f6bor inte ska beh\u00f6va pendla till andra kommuner f\u00f6r att arbeta. Och n\u00e4r vi blir \u00e4ldre och inte l\u00e4ngre klarar oss sj\u00e4lva ska det finnas en v\u00e4l utbyggd \u00e4ldreomsorg.<\/p>\n<p>Men f\u00f6r att erbjuda en bra f\u00f6rskola, en bra skola och en v\u00e4l fungerande \u00e4ldreomsorg och ett rikt n\u00e4ringsliv s\u00e5 m\u00e5ste politiken kunna f\u00f6rena hj\u00e4rna och hj\u00e4rta. Med hj\u00e4rna menar vi att en god ekonomisk hush\u00e5llning \u00e4r centralt. Till skillnad fr\u00e5n v\u00e5ra kamrater p\u00e5 v\u00e4nsterkanten i politiken tror vi inte att h\u00f6ga skatter \u00e4r l\u00f6sningen p\u00e5 alla problem. Genom en ansvarsfull hush\u00e5llning med v\u00e5ra gemensamma resurser kan vi skapa resurser \u00e5t de som beh\u00f6ver det mest. En oansvarsfull ekonomisk politik sl\u00e5r alltid h\u00e5rdast mot de med knappa resurser. Tack vare en god ekonomisk hush\u00e5llning har vi ocks\u00e5 kunnat ge V\u00e4rmd\u00f6borna pengar tillbaka genom att s\u00e4nka kommunalskatten.\u00a0 Det vill vi forts\u00e4tta att g\u00f6ra n\u00e4r utrymme ges.<\/p>\n<p>Med hj\u00e4rta menar vi omsorgen om de svagaste och inte minst de \u00e4ldre som har varit med och byggt samh\u00e4llet vi andra sk\u00f6rdar frukterna av idag. Vi beh\u00f6ver fler \u00e4ldreboenden i kommunen och p\u00e5 sikt vill vi ha en \u00e4ldreboendegaranti. En \u00e5ldring ska inte beh\u00f6va k\u00e4nna otryggheten av att eventuellt nekas ett anpassat boende.<\/p>\n<p>Det ska vara enkelt att leva och bo p\u00e5 V\u00e4rmd\u00f6. Kristdemokraterna s\u00e4ger nej till jakten p\u00e5 bilismen. Vi ska underl\u00e4tta f\u00f6r V\u00e4rmd\u00f6borna att ta kollektivtrafiken till och fr\u00e5n arbetet, inte straffa bilisterna. Det \u00e4r utsl\u00e4ppen vi ska jaga, inte transporterna.<\/p>\n<p>Styrelsen f\u00f6r Kristdemokraterna i V\u00e4rmd\u00f6 juni 2022<\/p>\n","protected":false},"excerpt":{"rendered":"<p>B\u00e4ste V\u00e4rmd\u00f6bo, V\u00e4rmd\u00f6 ska vara en kommun d\u00e4r det ska vara l\u00e4tt att bo, men ocks\u00e5 leva och utvecklas f\u00f6r gammal som f\u00f6r ung. Vi ska erbjuda en bra barnomsorg och f\u00f6rskoleverksamhet och en skola i toppklass. Det ska finnas ett rikt kultur- och idrottsliv i kommunen f\u00f6r att skapa en fungerande vardag. Men vi <a class=\"read-more-link\" href=\"https:\/\/wp.kristdemokraterna.se\/varmdo\/val-2022\/valmanifest-2022\/\">Read More<\/a><\/p>\n","protected":false},"author":771,"featured_media":0,"parent":1130,"menu_order":0,"comment_status":"closed","ping_status":"closed","template":"","meta":{"_acf_changed":false,"footnotes":""},"class_list":["post-637","page","type-page","status-publish","hentry"],"acf":[],"yoast_head":"<!-- This site is optimized with the Yoast SEO plugin v27.4 - https:\/\/yoast.com\/product\/yoast-seo-wordpress\/ -->\n<title>Handlingsprogram 2022-2026 - Kristdemokraterna i V\u00e4rmd\u00f6<\/title>\n<meta name=\"robots\" content=\"index, follow, max-snippet:-1, max-image-preview:large, max-video-preview:-1\" \/>\n<link rel=\"canonical\" href=\"https:\/\/wp.kristdemokraterna.se\/varmdo\/val-2022\/valmanifest-2022\/\" \/>\n<meta property=\"og:locale\" content=\"sv_SE\" \/>\n<meta property=\"og:type\" content=\"article\" \/>\n<meta property=\"og:title\" content=\"Handlingsprogram 2022-2026 - Kristdemokraterna i V\u00e4rmd\u00f6\" \/>\n<meta property=\"og:description\" content=\"B\u00e4ste V\u00e4rmd\u00f6bo, V\u00e4rmd\u00f6 ska vara en kommun d\u00e4r det ska vara l\u00e4tt att bo, men ocks\u00e5 leva och utvecklas f\u00f6r gammal som f\u00f6r ung. Vi ska erbjuda en bra barnomsorg och f\u00f6rskoleverksamhet och en skola i toppklass. Det ska finnas ett rikt kultur- och idrottsliv i kommunen f\u00f6r att skapa en fungerande vardag. Men vi Read More\" \/>\n<meta property=\"og:url\" content=\"https:\/\/wp.kristdemokraterna.se\/varmdo\/val-2022\/valmanifest-2022\/\" \/>\n<meta property=\"og:site_name\" content=\"Kristdemokraterna i V\u00e4rmd\u00f6\" \/>\n<meta property=\"article:modified_time\" content=\"2022-07-17T10:52:32+00:00\" \/>\n<meta name=\"twitter:card\" content=\"summary_large_image\" \/>\n<meta name=\"twitter:label1\" content=\"Ber\u00e4knad l\u00e4stid\" \/>\n\t<meta name=\"twitter:data1\" content=\"2 minuter\" \/>\n<script type=\"application\/ld+json\" class=\"yoast-schema-graph\">{\"@context\":\"https:\\\/\\\/schema.org\",\"@graph\":[{\"@type\":\"WebPage\",\"@id\":\"https:\\\/\\\/wp.kristdemokraterna.se\\\/varmdo\\\/val-2022\\\/valmanifest-2022\\\/\",\"url\":\"https:\\\/\\\/wp.kristdemokraterna.se\\\/varmdo\\\/val-2022\\\/valmanifest-2022\\\/\",\"name\":\"Handlingsprogram 2022-2026 - Kristdemokraterna i V\u00e4rmd\u00f6\",\"isPartOf\":{\"@id\":\"https:\\\/\\\/wp.kristdemokraterna.se\\\/varmdo\\\/#website\"},\"datePublished\":\"2018-04-29T14:30:55+00:00\",\"dateModified\":\"2022-07-17T10:52:32+00:00\",\"breadcrumb\":{\"@id\":\"https:\\\/\\\/wp.kristdemokraterna.se\\\/varmdo\\\/val-2022\\\/valmanifest-2022\\\/#breadcrumb\"},\"inLanguage\":\"sv-SE\",\"potentialAction\":[{\"@type\":\"ReadAction\",\"target\":[\"https:\\\/\\\/wp.kristdemokraterna.se\\\/varmdo\\\/val-2022\\\/valmanifest-2022\\\/\"]}]},{\"@type\":\"BreadcrumbList\",\"@id\":\"https:\\\/\\\/wp.kristdemokraterna.se\\\/varmdo\\\/val-2022\\\/valmanifest-2022\\\/#breadcrumb\",\"itemListElement\":[{\"@type\":\"ListItem\",\"position\":1,\"name\":\"Hem\",\"item\":\"https:\\\/\\\/wp.kristdemokraterna.se\\\/varmdo\\\/\"},{\"@type\":\"ListItem\",\"position\":2,\"name\":\"Valet 2026\",\"item\":\"https:\\\/\\\/wp.kristdemokraterna.se\\\/varmdo\\\/val-2022\\\/\"},{\"@type\":\"ListItem\",\"position\":3,\"name\":\"Handlingsprogram 2022-2026\"}]},{\"@type\":\"WebSite\",\"@id\":\"https:\\\/\\\/wp.kristdemokraterna.se\\\/varmdo\\\/#website\",\"url\":\"https:\\\/\\\/wp.kristdemokraterna.se\\\/varmdo\\\/\",\"name\":\"Kristdemokraterna i V\u00e4rmd\u00f6\",\"description\":\"En till Kristdemokraterna webbplats\",\"inLanguage\":\"sv-SE\"}]}<\/script>\n<!-- \/ Yoast SEO plugin. -->","yoast_head_json":{"title":"Handlingsprogram 2022-2026 - Kristdemokraterna i V\u00e4rmd\u00f6","robots":{"index":"index","follow":"follow","max-snippet":"max-snippet:-1","max-image-preview":"max-image-preview:large","max-video-preview":"max-video-preview:-1"},"canonical":"https:\/\/wp.kristdemokraterna.se\/varmdo\/val-2022\/valmanifest-2022\/","og_locale":"sv_SE","og_type":"article","og_title":"Handlingsprogram 2022-2026 - Kristdemokraterna i V\u00e4rmd\u00f6","og_description":"B\u00e4ste V\u00e4rmd\u00f6bo, V\u00e4rmd\u00f6 ska vara en kommun d\u00e4r det ska vara l\u00e4tt att bo, men ocks\u00e5 leva och utvecklas f\u00f6r gammal som f\u00f6r ung. Vi ska erbjuda en bra barnomsorg och f\u00f6rskoleverksamhet och en skola i toppklass. Det ska finnas ett rikt kultur- och idrottsliv i kommunen f\u00f6r att skapa en fungerande vardag. Men vi Read More","og_url":"https:\/\/wp.kristdemokraterna.se\/varmdo\/val-2022\/valmanifest-2022\/","og_site_name":"Kristdemokraterna i V\u00e4rmd\u00f6","article_modified_time":"2022-07-17T10:52:32+00:00","twitter_card":"summary_large_image","twitter_misc":{"Ber\u00e4knad l\u00e4stid":"2 minuter"},"schema":{"@context":"https:\/\/schema.org","@graph":[{"@type":"WebPage","@id":"https:\/\/wp.kristdemokraterna.se\/varmdo\/val-2022\/valmanifest-2022\/","url":"https:\/\/wp.kristdemokraterna.se\/varmdo\/val-2022\/valmanifest-2022\/","name":"Handlingsprogram 2022-2026 - Kristdemokraterna i V\u00e4rmd\u00f6","isPartOf":{"@id":"https:\/\/wp.kristdemokraterna.se\/varmdo\/#website"},"datePublished":"2018-04-29T14:30:55+00:00","dateModified":"2022-07-17T10:52:32+00:00","breadcrumb":{"@id":"https:\/\/wp.kristdemokraterna.se\/varmdo\/val-2022\/valmanifest-2022\/#breadcrumb"},"inLanguage":"sv-SE","potentialAction":[{"@type":"ReadAction","target":["https:\/\/wp.kristdemokraterna.se\/varmdo\/val-2022\/valmanifest-2022\/"]}]},{"@type":"BreadcrumbList","@id":"https:\/\/wp.kristdemokraterna.se\/varmdo\/val-2022\/valmanifest-2022\/#breadcrumb","itemListElement":[{"@type":"ListItem","position":1,"name":"Hem","item":"https:\/\/wp.kristdemokraterna.se\/varmdo\/"},{"@type":"ListItem","position":2,"name":"Valet 2026","item":"https:\/\/wp.kristdemokraterna.se\/varmdo\/val-2022\/"},{"@type":"ListItem","position":3,"name":"Handlingsprogram 2022-2026"}]},{"@type":"WebSite","@id":"https:\/\/wp.kristdemokraterna.se\/varmdo\/#website","url":"https:\/\/wp.kristdemokraterna.se\/varmdo\/","name":"Kristdemokraterna i V\u00e4rmd\u00f6","description":"En till Kristdemokraterna webbplats","inLanguage":"sv-SE"}]}},"_links":{"self":[{"href":"https:\/\/wp.kristdemokraterna.se\/varmdo\/wp-json\/wp\/v2\/pages\/637","targetHints":{"allow":["GET"]}}],"collection":[{"href":"https:\/\/wp.kristdemokraterna.se\/varmdo\/wp-json\/wp\/v2\/pages"}],"about":[{"href":"https:\/\/wp.kristdemokraterna.se\/varmdo\/wp-json\/wp\/v2\/types\/page"}],"author":[{"embeddable":true,"href":"https:\/\/wp.kristdemokraterna.se\/varmdo\/wp-json\/wp\/v2\/users\/771"}],"replies":[{"embeddable":true,"href":"https:\/\/wp.kristdemokraterna.se\/varmdo\/wp-json\/wp\/v2\/comments?post=637"}],"version-history":[{"count":7,"href":"https:\/\/wp.kristdemokraterna.se\/varmdo\/wp-json\/wp\/v2\/pages\/637\/revisions"}],"predecessor-version":[{"id":1199,"href":"https:\/\/wp.kristdemokraterna.se\/varmdo\/wp-json\/wp\/v2\/pages\/637\/revisions\/1199"}],"up":[{"embeddable":true,"href":"https:\/\/wp.kristdemokraterna.se\/varmdo\/wp-json\/wp\/v2\/pages\/1130"}],"wp:attachment":[{"href":"https:\/\/wp.kristdemokraterna.se\/varmdo\/wp-json\/wp\/v2\/media?parent=637"}],"curies":[{"name":"wp","href":"https:\/\/api.w.org\/{rel}","templated":true}]}}