{"id":639,"date":"2018-04-29T16:37:27","date_gmt":"2018-04-29T14:37:27","guid":{"rendered":"http:\/\/wp.kristdemokraterna.se\/varmdo\/?page_id=639"},"modified":"2022-06-12T12:59:06","modified_gmt":"2022-06-12T10:59:06","slug":"jobb-och-naringsliv","status":"publish","type":"page","link":"https:\/\/wp.kristdemokraterna.se\/varmdo\/val-2022\/valmanifest-2022\/jobb-och-naringsliv\/","title":{"rendered":"Ett f\u00f6retagarv\u00e4nligt V\u00e4rmd\u00f6"},"content":{"rendered":"<p>V\u00e4rmd\u00f6 \u00e4r en kommun med m\u00e5nga sm\u00e5- och medelstora f\u00f6retag. Dessa f\u00f6retagare m\u00f6ts av en byr\u00e5krati som best\u00e5r av 1 200 lagar, 2 200 f\u00f6rordningar, 8 100 f\u00f6reskrifter och allm\u00e4nna r\u00e5d samt 94 000 000 blanketter.<\/p>\n<p>Kristdemokraterna i V\u00e4rmd\u00f6 vill skapa en h\u00e5llbar samh\u00e4llsutveckling, d\u00e4r h\u00e4nsyn tas b\u00e5de till sm\u00e5f\u00f6retagares vardag och till behovet av att kontrollera och s\u00e4kerst\u00e4lla att verksamheterna drivs och fungerar som de ska.<\/p>\n<p>R\u00e4ttviks kommun har utvecklat konceptet \u201dtillv\u00e4xt och tillsyn\u201d, som b\u00e5de tar h\u00e4nsyn till sm\u00e5f\u00f6retagares vardag och behovet av tillsyn f\u00f6r att kontrollera och s\u00e4kerst\u00e4lla att verksamheterna drivs och fungerar som de ska. R\u00e4ttviks kommun har f\u00f6r\u00e4ndrat sitt s\u00e4tt att ta ut avgifter, kommunicera med f\u00f6retagare samt prata om h\u00e5llbarhet. I korthet inneb\u00e4r R\u00e4ttviksmodellen mindre byr\u00e5krati och enklare regler f\u00f6r sm\u00e5f\u00f6retagare. Det handlar bland annat om att ta bort f\u00f6rskottsbetalning f\u00f6r tillsyn och ist\u00e4llet inf\u00f6ra r\u00e5dgivande samtal och faktura i efterskott. Detta f\u00f6r att underl\u00e4tta f\u00f6r kommunens f\u00f6retagare.<\/p>\n<p>Det h\u00e4r arbetet \u00e4r inte enkelt. F\u00f6r\u00e4ndring kan vara skr\u00e4mmande f\u00f6r m\u00e5nga och den svenska regeltill\u00e4mpningen \u00e4r en stark kultur.<\/p>\n<p>En kommun med v\u00e4lm\u00e5ende och framg\u00e5ngsrika f\u00f6retag har l\u00e4gre arbetsl\u00f6shet, h\u00f6gre tillv\u00e4xt och b\u00e4ttre f\u00f6ruts\u00e4ttningar att finansiera v\u00e4lf\u00e4rden. Att f\u00f6rb\u00e4ttra attityderna till f\u00f6retagande \u00e4r d\u00e4rf\u00f6r en angel\u00e4gen politisk fr\u00e5ga. V\u00e4rmd\u00f6 har b\u00f6rjat kl\u00e4ttra upp\u00e5t i rankningarna av kommuners f\u00f6retagsklimat. Det \u00e4r en utveckling som ska forts\u00e4tta och \u00f6ka. Ytterst \u00e4r det en fr\u00e5ga om attityder, service och f\u00f6rst\u00e5else f\u00f6r f\u00f6retagens vardag och villkor. Genom ett bra f\u00f6retagsklimat lockar vi fler f\u00f6retag till kommunen vilket ger jobb och \u00f6kade skatteint\u00e4kter.<\/p>\n<p><strong><br \/>\nKristdemokraterna anser att:<\/strong><\/p>\n<ul>\n<li>V\u00e4rmd\u00f6 ska bli en av Sveriges tio-i-topp rankade kommuner n\u00e4r det g\u00e4ller n\u00e4ringslivsklimat.<\/li>\n<li>kommunen ska ha en v\u00e4lkomnande attityd och skapa enkla kontaktv\u00e4gar gentemot n\u00e4ringslivet, inklusive arbetsintegrerande sociala f\u00f6retag.<\/li>\n<li>det ska finnas \u2013 och l\u00f6pande f\u00f6ljas upp \u2013 en policy mot osund konkurrens fr\u00e5n kommunalt driven verksamhet.<\/li>\n<li>kommunen ska inte \u00e4ga bolag som driver verksamhet p\u00e5 den \u00f6ppna marknaden, d v s konkurrerar med privata f\u00f6retag.<\/li>\n<li>gymnasieskolan ska uppmuntra fler elever att starta och driva f\u00f6retag, exempelvis med st\u00f6d av Ung F\u00f6retagsamhet.<\/li>\n<li>gymnasieelever ska erbjudas att bli \u201dSommarlovsentrepren\u00f6rer\u201d.<\/li>\n<li>kommunledningen b\u00f6r varje m\u00e5nad genomf\u00f6ra \u00e5tminstone tv\u00e5 f\u00f6retagsbes\u00f6k.<\/li>\n<li>Vuxen- och arbetslivsn\u00e4mnden ska fortsatt i samverkan med n\u00e4ringslivet arbeta f\u00f6r att fler personer l\u00e5ngt fr\u00e5n arbetsmarknaden ska kunna f\u00e5 praktikplats och arbete<\/li>\n<\/ul>\n","protected":false},"excerpt":{"rendered":"<p>V\u00e4rmd\u00f6 \u00e4r en kommun med m\u00e5nga sm\u00e5- och medelstora f\u00f6retag. Dessa f\u00f6retagare m\u00f6ts av en byr\u00e5krati som best\u00e5r av 1 200 lagar, 2 200 f\u00f6rordningar, 8 100 f\u00f6reskrifter och allm\u00e4nna r\u00e5d samt 94 000 000 blanketter. Kristdemokraterna i V\u00e4rmd\u00f6 vill skapa en h\u00e5llbar samh\u00e4llsutveckling, d\u00e4r h\u00e4nsyn tas b\u00e5de till sm\u00e5f\u00f6retagares vardag och till behovet av <a class=\"read-more-link\" href=\"https:\/\/wp.kristdemokraterna.se\/varmdo\/val-2022\/valmanifest-2022\/jobb-och-naringsliv\/\">Read More<\/a><\/p>\n","protected":false},"author":771,"featured_media":0,"parent":637,"menu_order":1,"comment_status":"closed","ping_status":"closed","template":"","meta":{"_acf_changed":false,"footnotes":""},"class_list":["post-639","page","type-page","status-publish","hentry"],"acf":[],"yoast_head":"<!-- This site is optimized with the Yoast SEO plugin v27.4 - https:\/\/yoast.com\/product\/yoast-seo-wordpress\/ -->\n<title>Ett f\u00f6retagarv\u00e4nligt V\u00e4rmd\u00f6 - Kristdemokraterna i V\u00e4rmd\u00f6<\/title>\n<meta name=\"robots\" content=\"index, follow, max-snippet:-1, max-image-preview:large, max-video-preview:-1\" \/>\n<link rel=\"canonical\" href=\"https:\/\/wp.kristdemokraterna.se\/varmdo\/val-2022\/valmanifest-2022\/jobb-och-naringsliv\/\" \/>\n<meta property=\"og:locale\" content=\"sv_SE\" \/>\n<meta property=\"og:type\" content=\"article\" \/>\n<meta property=\"og:title\" content=\"Ett f\u00f6retagarv\u00e4nligt V\u00e4rmd\u00f6 - Kristdemokraterna i V\u00e4rmd\u00f6\" \/>\n<meta property=\"og:description\" content=\"V\u00e4rmd\u00f6 \u00e4r en kommun med m\u00e5nga sm\u00e5- och medelstora f\u00f6retag. Dessa f\u00f6retagare m\u00f6ts av en byr\u00e5krati som best\u00e5r av 1 200 lagar, 2 200 f\u00f6rordningar, 8 100 f\u00f6reskrifter och allm\u00e4nna r\u00e5d samt 94 000 000 blanketter. Kristdemokraterna i V\u00e4rmd\u00f6 vill skapa en h\u00e5llbar samh\u00e4llsutveckling, d\u00e4r h\u00e4nsyn tas b\u00e5de till sm\u00e5f\u00f6retagares vardag och till behovet av Read More\" \/>\n<meta property=\"og:url\" content=\"https:\/\/wp.kristdemokraterna.se\/varmdo\/val-2022\/valmanifest-2022\/jobb-och-naringsliv\/\" \/>\n<meta property=\"og:site_name\" content=\"Kristdemokraterna i V\u00e4rmd\u00f6\" \/>\n<meta property=\"article:modified_time\" content=\"2022-06-12T10:59:06+00:00\" \/>\n<meta name=\"twitter:card\" content=\"summary_large_image\" \/>\n<meta name=\"twitter:label1\" content=\"Ber\u00e4knad l\u00e4stid\" \/>\n\t<meta name=\"twitter:data1\" content=\"2 minuter\" \/>\n<script type=\"application\/ld+json\" class=\"yoast-schema-graph\">{\"@context\":\"https:\\\/\\\/schema.org\",\"@graph\":[{\"@type\":\"WebPage\",\"@id\":\"https:\\\/\\\/wp.kristdemokraterna.se\\\/varmdo\\\/val-2022\\\/valmanifest-2022\\\/jobb-och-naringsliv\\\/\",\"url\":\"https:\\\/\\\/wp.kristdemokraterna.se\\\/varmdo\\\/val-2022\\\/valmanifest-2022\\\/jobb-och-naringsliv\\\/\",\"name\":\"Ett f\u00f6retagarv\u00e4nligt V\u00e4rmd\u00f6 - Kristdemokraterna i V\u00e4rmd\u00f6\",\"isPartOf\":{\"@id\":\"https:\\\/\\\/wp.kristdemokraterna.se\\\/varmdo\\\/#website\"},\"datePublished\":\"2018-04-29T14:37:27+00:00\",\"dateModified\":\"2022-06-12T10:59:06+00:00\",\"breadcrumb\":{\"@id\":\"https:\\\/\\\/wp.kristdemokraterna.se\\\/varmdo\\\/val-2022\\\/valmanifest-2022\\\/jobb-och-naringsliv\\\/#breadcrumb\"},\"inLanguage\":\"sv-SE\",\"potentialAction\":[{\"@type\":\"ReadAction\",\"target\":[\"https:\\\/\\\/wp.kristdemokraterna.se\\\/varmdo\\\/val-2022\\\/valmanifest-2022\\\/jobb-och-naringsliv\\\/\"]}]},{\"@type\":\"BreadcrumbList\",\"@id\":\"https:\\\/\\\/wp.kristdemokraterna.se\\\/varmdo\\\/val-2022\\\/valmanifest-2022\\\/jobb-och-naringsliv\\\/#breadcrumb\",\"itemListElement\":[{\"@type\":\"ListItem\",\"position\":1,\"name\":\"Hem\",\"item\":\"https:\\\/\\\/wp.kristdemokraterna.se\\\/varmdo\\\/\"},{\"@type\":\"ListItem\",\"position\":2,\"name\":\"Valet 2026\",\"item\":\"https:\\\/\\\/wp.kristdemokraterna.se\\\/varmdo\\\/val-2022\\\/\"},{\"@type\":\"ListItem\",\"position\":3,\"name\":\"Handlingsprogram 2022-2026\",\"item\":\"https:\\\/\\\/wp.kristdemokraterna.se\\\/varmdo\\\/val-2022\\\/valmanifest-2022\\\/\"},{\"@type\":\"ListItem\",\"position\":4,\"name\":\"Ett f\u00f6retagarv\u00e4nligt V\u00e4rmd\u00f6\"}]},{\"@type\":\"WebSite\",\"@id\":\"https:\\\/\\\/wp.kristdemokraterna.se\\\/varmdo\\\/#website\",\"url\":\"https:\\\/\\\/wp.kristdemokraterna.se\\\/varmdo\\\/\",\"name\":\"Kristdemokraterna i V\u00e4rmd\u00f6\",\"description\":\"En till Kristdemokraterna webbplats\",\"inLanguage\":\"sv-SE\"}]}<\/script>\n<!-- \/ Yoast SEO plugin. -->","yoast_head_json":{"title":"Ett f\u00f6retagarv\u00e4nligt V\u00e4rmd\u00f6 - Kristdemokraterna i V\u00e4rmd\u00f6","robots":{"index":"index","follow":"follow","max-snippet":"max-snippet:-1","max-image-preview":"max-image-preview:large","max-video-preview":"max-video-preview:-1"},"canonical":"https:\/\/wp.kristdemokraterna.se\/varmdo\/val-2022\/valmanifest-2022\/jobb-och-naringsliv\/","og_locale":"sv_SE","og_type":"article","og_title":"Ett f\u00f6retagarv\u00e4nligt V\u00e4rmd\u00f6 - Kristdemokraterna i V\u00e4rmd\u00f6","og_description":"V\u00e4rmd\u00f6 \u00e4r en kommun med m\u00e5nga sm\u00e5- och medelstora f\u00f6retag. Dessa f\u00f6retagare m\u00f6ts av en byr\u00e5krati som best\u00e5r av 1 200 lagar, 2 200 f\u00f6rordningar, 8 100 f\u00f6reskrifter och allm\u00e4nna r\u00e5d samt 94 000 000 blanketter. Kristdemokraterna i V\u00e4rmd\u00f6 vill skapa en h\u00e5llbar samh\u00e4llsutveckling, d\u00e4r h\u00e4nsyn tas b\u00e5de till sm\u00e5f\u00f6retagares vardag och till behovet av Read More","og_url":"https:\/\/wp.kristdemokraterna.se\/varmdo\/val-2022\/valmanifest-2022\/jobb-och-naringsliv\/","og_site_name":"Kristdemokraterna i V\u00e4rmd\u00f6","article_modified_time":"2022-06-12T10:59:06+00:00","twitter_card":"summary_large_image","twitter_misc":{"Ber\u00e4knad l\u00e4stid":"2 minuter"},"schema":{"@context":"https:\/\/schema.org","@graph":[{"@type":"WebPage","@id":"https:\/\/wp.kristdemokraterna.se\/varmdo\/val-2022\/valmanifest-2022\/jobb-och-naringsliv\/","url":"https:\/\/wp.kristdemokraterna.se\/varmdo\/val-2022\/valmanifest-2022\/jobb-och-naringsliv\/","name":"Ett f\u00f6retagarv\u00e4nligt V\u00e4rmd\u00f6 - Kristdemokraterna i V\u00e4rmd\u00f6","isPartOf":{"@id":"https:\/\/wp.kristdemokraterna.se\/varmdo\/#website"},"datePublished":"2018-04-29T14:37:27+00:00","dateModified":"2022-06-12T10:59:06+00:00","breadcrumb":{"@id":"https:\/\/wp.kristdemokraterna.se\/varmdo\/val-2022\/valmanifest-2022\/jobb-och-naringsliv\/#breadcrumb"},"inLanguage":"sv-SE","potentialAction":[{"@type":"ReadAction","target":["https:\/\/wp.kristdemokraterna.se\/varmdo\/val-2022\/valmanifest-2022\/jobb-och-naringsliv\/"]}]},{"@type":"BreadcrumbList","@id":"https:\/\/wp.kristdemokraterna.se\/varmdo\/val-2022\/valmanifest-2022\/jobb-och-naringsliv\/#breadcrumb","itemListElement":[{"@type":"ListItem","position":1,"name":"Hem","item":"https:\/\/wp.kristdemokraterna.se\/varmdo\/"},{"@type":"ListItem","position":2,"name":"Valet 2026","item":"https:\/\/wp.kristdemokraterna.se\/varmdo\/val-2022\/"},{"@type":"ListItem","position":3,"name":"Handlingsprogram 2022-2026","item":"https:\/\/wp.kristdemokraterna.se\/varmdo\/val-2022\/valmanifest-2022\/"},{"@type":"ListItem","position":4,"name":"Ett f\u00f6retagarv\u00e4nligt V\u00e4rmd\u00f6"}]},{"@type":"WebSite","@id":"https:\/\/wp.kristdemokraterna.se\/varmdo\/#website","url":"https:\/\/wp.kristdemokraterna.se\/varmdo\/","name":"Kristdemokraterna i V\u00e4rmd\u00f6","description":"En till Kristdemokraterna webbplats","inLanguage":"sv-SE"}]}},"_links":{"self":[{"href":"https:\/\/wp.kristdemokraterna.se\/varmdo\/wp-json\/wp\/v2\/pages\/639","targetHints":{"allow":["GET"]}}],"collection":[{"href":"https:\/\/wp.kristdemokraterna.se\/varmdo\/wp-json\/wp\/v2\/pages"}],"about":[{"href":"https:\/\/wp.kristdemokraterna.se\/varmdo\/wp-json\/wp\/v2\/types\/page"}],"author":[{"embeddable":true,"href":"https:\/\/wp.kristdemokraterna.se\/varmdo\/wp-json\/wp\/v2\/users\/771"}],"replies":[{"embeddable":true,"href":"https:\/\/wp.kristdemokraterna.se\/varmdo\/wp-json\/wp\/v2\/comments?post=639"}],"version-history":[{"count":4,"href":"https:\/\/wp.kristdemokraterna.se\/varmdo\/wp-json\/wp\/v2\/pages\/639\/revisions"}],"predecessor-version":[{"id":1103,"href":"https:\/\/wp.kristdemokraterna.se\/varmdo\/wp-json\/wp\/v2\/pages\/639\/revisions\/1103"}],"up":[{"embeddable":true,"href":"https:\/\/wp.kristdemokraterna.se\/varmdo\/wp-json\/wp\/v2\/pages\/637"}],"wp:attachment":[{"href":"https:\/\/wp.kristdemokraterna.se\/varmdo\/wp-json\/wp\/v2\/media?parent=639"}],"curies":[{"name":"wp","href":"https:\/\/api.w.org\/{rel}","templated":true}]}}