{"id":648,"date":"2018-04-29T16:41:28","date_gmt":"2018-04-29T14:41:28","guid":{"rendered":"http:\/\/wp.kristdemokraterna.se\/varmdo\/?page_id=648"},"modified":"2022-06-21T09:30:16","modified_gmt":"2022-06-21T07:30:16","slug":"ett-samhalle-for-alla","status":"publish","type":"page","link":"https:\/\/wp.kristdemokraterna.se\/varmdo\/val-2022\/valmanifest-2022\/ett-samhalle-for-alla\/","title":{"rendered":"Ett V\u00e4rmd\u00f6 f\u00f6r alla"},"content":{"rendered":"<p>Detta \u00e4r en utg\u00e5ngspunkt f\u00f6r v\u00e5r politik n\u00e4r det g\u00e4ller personer med olika typer av funktionsneds\u00e4ttning men \u00e4ven personer som p\u00e5 olika s\u00e4tt hamnat i ett socialt utanf\u00f6rskap eller en social utsatthet. Gemensamt f\u00f6r oss m\u00e4nniskor \u00e4r att vi \u00e4r sociala varelser med behov av sm\u00e5, naturliga gemenskaper. D\u00e4rf\u00f6r b\u00f6r i normalfallet familjen och andra anh\u00f6riga ges en central plats i det st\u00f6d som ges. Men den egna familjen \u00e4r inte alltid tillr\u00e4cklig f\u00f6r att klara av alla utmaningar. Insatserna ska st\u00f6dja n\u00e4r det brister och stimulera de positiva krafter som finns hos varje person &#8211; det personliga ansvaret ska alltid beaktas. Risken f\u00f6r diskriminering och negativ s\u00e4rbehandling \u00e4r n\u00e5got som m\u00e5ste beaktas. Idag finns tyv\u00e4rr m\u00e5nga som lever i olika typer av utsatthet, s\u00e4rskilt s\u00e5rbara \u00e4r barn i otrygga hem. Runt var femte barn lever exempelvis i f\u00f6rh\u00e5llanden d\u00e4r b\u00e5da eller n\u00e5gon f\u00f6r\u00e4lder har ett riskbruk eller missbruk av alkohol. Alltf\u00f6r m\u00e5nga ungdomar har \u00e4ven sj\u00e4lva destruktiva dryckes- och drogvanor.<\/p>\n<p>Den \u00f6kande psykiska oh\u00e4lsan bland barn och unga \u00e4r en av v\u00e5r tids st\u00f6rsta utmaningar. Det kr\u00e4vs s\u00e5v\u00e4l f\u00f6rebyggande som akuta insatser.<\/p>\n<p><strong>Kristdemokraterna anser att: <\/strong><\/p>\n<ul>\n<li>Hamnens verksamhet ska utvecklas f\u00f6r att \u00e4nnu b\u00e4ttre st\u00f6dja framf\u00f6rallt barn och st\u00e4rka st\u00f6det till f\u00f6r\u00e4ldrar.<\/li>\n<li>det ska finnas en familjecentral i V\u00e4rmd\u00f6.<\/li>\n<li>samarbetet Socialtj\u00e4nst, Skola, Polis och Fritid, SSPF, ska utvecklas.<\/li>\n<li>strukturer f\u00f6r samverkan mellan f\u00f6rskola , skola, socialtj\u00e4nst och ungdomspsykiatrin m\u00e5ste st\u00e4rkas f\u00f6r att barn i behov av st\u00f6d ska kunna f\u00e5ngas upp i tid.<\/li>\n<li>kommunen ska utveckla arbetet med att uppt\u00e4cka och f\u00f6rebygga v\u00e5ld i n\u00e4ra relationer liksom hedersrelaterat v\u00e5ld och f\u00f6rtryck.<\/li>\n<li>det sociala arbetet ska ha fokus p\u00e5 att f\u00f6rebygga och hj\u00e4lpa personer att inte hamna i ett beroende av f\u00f6rs\u00f6rjningsst\u00f6d.<\/li>\n<li>samverkan med f\u00f6rs\u00e4kringskassa och arbetsf\u00f6rmedling ska utvecklas f\u00f6r att minska antalet personer med ekonomiskt f\u00f6rs\u00f6rjningsst\u00f6d.<\/li>\n<li>kommunen ska fortsatt vara ett f\u00f6red\u00f6me i att anst\u00e4lla fler personer med funktionsneds\u00e4ttning.<\/li>\n<li>utifr\u00e5n f\u00f6rm\u00e5ga och f\u00f6ruts\u00e4ttningar ska praktik, l\u00e4rlingsplats eller ordinarie arbete kunna pr\u00f6vas som alternativ till daglig verksamhet.<\/li>\n<li>kommunen ska i sin bostadsf\u00f6rs\u00f6rjningsplan ha en tydlig ambition att s\u00e4kerst\u00e4lla f\u00f6rs\u00f6rjningen av bost\u00e4der f\u00f6r personer med funktionsvariation.<\/li>\n<\/ul>\n<ul>\n<li>utbudet av kultur- och fritidsaktiviteter f\u00f6r personer med funktionsvariation ska utvecklas.<\/li>\n<li>Bostad f\u00f6rst-modellen ska utmynna i en \u201dtak \u00f6ver huvudet-garanti\u201d.<\/li>\n<li>Kvinnojouren, brottsofferjouren och Manscentrum ska vara viktiga samarbetspartners f\u00f6r kommunen.<\/li>\n<li>en l\u00e5ngsiktig och h\u00e5llbar plan f\u00f6r korttidsverksamhet m\u00e5ste tas fram.<\/li>\n<\/ul>\n","protected":false},"excerpt":{"rendered":"<p>Detta \u00e4r en utg\u00e5ngspunkt f\u00f6r v\u00e5r politik n\u00e4r det g\u00e4ller personer med olika typer av funktionsneds\u00e4ttning men \u00e4ven personer som p\u00e5 olika s\u00e4tt hamnat i ett socialt utanf\u00f6rskap eller en social utsatthet. Gemensamt f\u00f6r oss m\u00e4nniskor \u00e4r att vi \u00e4r sociala varelser med behov av sm\u00e5, naturliga gemenskaper. D\u00e4rf\u00f6r b\u00f6r i normalfallet familjen och andra <a class=\"read-more-link\" href=\"https:\/\/wp.kristdemokraterna.se\/varmdo\/val-2022\/valmanifest-2022\/ett-samhalle-for-alla\/\">Read More<\/a><\/p>\n","protected":false},"author":771,"featured_media":0,"parent":637,"menu_order":0,"comment_status":"closed","ping_status":"closed","template":"","meta":{"_acf_changed":false,"footnotes":""},"class_list":["post-648","page","type-page","status-publish","hentry"],"acf":[],"yoast_head":"<!-- This site is optimized with the Yoast SEO plugin v27.3 - https:\/\/yoast.com\/product\/yoast-seo-wordpress\/ -->\n<title>Ett V\u00e4rmd\u00f6 f\u00f6r alla - Kristdemokraterna i V\u00e4rmd\u00f6<\/title>\n<meta name=\"robots\" content=\"index, follow, max-snippet:-1, max-image-preview:large, max-video-preview:-1\" \/>\n<link rel=\"canonical\" href=\"https:\/\/wp.kristdemokraterna.se\/varmdo\/val-2022\/valmanifest-2022\/ett-samhalle-for-alla\/\" \/>\n<meta property=\"og:locale\" content=\"sv_SE\" \/>\n<meta property=\"og:type\" content=\"article\" \/>\n<meta property=\"og:title\" content=\"Ett V\u00e4rmd\u00f6 f\u00f6r alla - Kristdemokraterna i V\u00e4rmd\u00f6\" \/>\n<meta property=\"og:description\" content=\"Detta \u00e4r en utg\u00e5ngspunkt f\u00f6r v\u00e5r politik n\u00e4r det g\u00e4ller personer med olika typer av funktionsneds\u00e4ttning men \u00e4ven personer som p\u00e5 olika s\u00e4tt hamnat i ett socialt utanf\u00f6rskap eller en social utsatthet. Gemensamt f\u00f6r oss m\u00e4nniskor \u00e4r att vi \u00e4r sociala varelser med behov av sm\u00e5, naturliga gemenskaper. D\u00e4rf\u00f6r b\u00f6r i normalfallet familjen och andra Read More\" \/>\n<meta property=\"og:url\" content=\"https:\/\/wp.kristdemokraterna.se\/varmdo\/val-2022\/valmanifest-2022\/ett-samhalle-for-alla\/\" \/>\n<meta property=\"og:site_name\" content=\"Kristdemokraterna i V\u00e4rmd\u00f6\" \/>\n<meta property=\"article:modified_time\" content=\"2022-06-21T07:30:16+00:00\" \/>\n<meta name=\"twitter:card\" content=\"summary_large_image\" \/>\n<meta name=\"twitter:label1\" content=\"Ber\u00e4knad l\u00e4stid\" \/>\n\t<meta name=\"twitter:data1\" content=\"2 minuter\" \/>\n<script type=\"application\/ld+json\" class=\"yoast-schema-graph\">{\"@context\":\"https:\\\/\\\/schema.org\",\"@graph\":[{\"@type\":\"WebPage\",\"@id\":\"https:\\\/\\\/wp.kristdemokraterna.se\\\/varmdo\\\/val-2022\\\/valmanifest-2022\\\/ett-samhalle-for-alla\\\/\",\"url\":\"https:\\\/\\\/wp.kristdemokraterna.se\\\/varmdo\\\/val-2022\\\/valmanifest-2022\\\/ett-samhalle-for-alla\\\/\",\"name\":\"Ett V\u00e4rmd\u00f6 f\u00f6r alla - Kristdemokraterna i V\u00e4rmd\u00f6\",\"isPartOf\":{\"@id\":\"https:\\\/\\\/wp.kristdemokraterna.se\\\/varmdo\\\/#website\"},\"datePublished\":\"2018-04-29T14:41:28+00:00\",\"dateModified\":\"2022-06-21T07:30:16+00:00\",\"breadcrumb\":{\"@id\":\"https:\\\/\\\/wp.kristdemokraterna.se\\\/varmdo\\\/val-2022\\\/valmanifest-2022\\\/ett-samhalle-for-alla\\\/#breadcrumb\"},\"inLanguage\":\"sv-SE\",\"potentialAction\":[{\"@type\":\"ReadAction\",\"target\":[\"https:\\\/\\\/wp.kristdemokraterna.se\\\/varmdo\\\/val-2022\\\/valmanifest-2022\\\/ett-samhalle-for-alla\\\/\"]}]},{\"@type\":\"BreadcrumbList\",\"@id\":\"https:\\\/\\\/wp.kristdemokraterna.se\\\/varmdo\\\/val-2022\\\/valmanifest-2022\\\/ett-samhalle-for-alla\\\/#breadcrumb\",\"itemListElement\":[{\"@type\":\"ListItem\",\"position\":1,\"name\":\"Hem\",\"item\":\"https:\\\/\\\/wp.kristdemokraterna.se\\\/varmdo\\\/\"},{\"@type\":\"ListItem\",\"position\":2,\"name\":\"Valet 2026\",\"item\":\"https:\\\/\\\/wp.kristdemokraterna.se\\\/varmdo\\\/val-2022\\\/\"},{\"@type\":\"ListItem\",\"position\":3,\"name\":\"Handlingsprogram 2022-2026\",\"item\":\"https:\\\/\\\/wp.kristdemokraterna.se\\\/varmdo\\\/val-2022\\\/valmanifest-2022\\\/\"},{\"@type\":\"ListItem\",\"position\":4,\"name\":\"Ett V\u00e4rmd\u00f6 f\u00f6r alla\"}]},{\"@type\":\"WebSite\",\"@id\":\"https:\\\/\\\/wp.kristdemokraterna.se\\\/varmdo\\\/#website\",\"url\":\"https:\\\/\\\/wp.kristdemokraterna.se\\\/varmdo\\\/\",\"name\":\"Kristdemokraterna i V\u00e4rmd\u00f6\",\"description\":\"En till Kristdemokraterna webbplats\",\"inLanguage\":\"sv-SE\"}]}<\/script>\n<!-- \/ Yoast SEO plugin. -->","yoast_head_json":{"title":"Ett V\u00e4rmd\u00f6 f\u00f6r alla - Kristdemokraterna i V\u00e4rmd\u00f6","robots":{"index":"index","follow":"follow","max-snippet":"max-snippet:-1","max-image-preview":"max-image-preview:large","max-video-preview":"max-video-preview:-1"},"canonical":"https:\/\/wp.kristdemokraterna.se\/varmdo\/val-2022\/valmanifest-2022\/ett-samhalle-for-alla\/","og_locale":"sv_SE","og_type":"article","og_title":"Ett V\u00e4rmd\u00f6 f\u00f6r alla - Kristdemokraterna i V\u00e4rmd\u00f6","og_description":"Detta \u00e4r en utg\u00e5ngspunkt f\u00f6r v\u00e5r politik n\u00e4r det g\u00e4ller personer med olika typer av funktionsneds\u00e4ttning men \u00e4ven personer som p\u00e5 olika s\u00e4tt hamnat i ett socialt utanf\u00f6rskap eller en social utsatthet. Gemensamt f\u00f6r oss m\u00e4nniskor \u00e4r att vi \u00e4r sociala varelser med behov av sm\u00e5, naturliga gemenskaper. D\u00e4rf\u00f6r b\u00f6r i normalfallet familjen och andra Read More","og_url":"https:\/\/wp.kristdemokraterna.se\/varmdo\/val-2022\/valmanifest-2022\/ett-samhalle-for-alla\/","og_site_name":"Kristdemokraterna i V\u00e4rmd\u00f6","article_modified_time":"2022-06-21T07:30:16+00:00","twitter_card":"summary_large_image","twitter_misc":{"Ber\u00e4knad l\u00e4stid":"2 minuter"},"schema":{"@context":"https:\/\/schema.org","@graph":[{"@type":"WebPage","@id":"https:\/\/wp.kristdemokraterna.se\/varmdo\/val-2022\/valmanifest-2022\/ett-samhalle-for-alla\/","url":"https:\/\/wp.kristdemokraterna.se\/varmdo\/val-2022\/valmanifest-2022\/ett-samhalle-for-alla\/","name":"Ett V\u00e4rmd\u00f6 f\u00f6r alla - Kristdemokraterna i V\u00e4rmd\u00f6","isPartOf":{"@id":"https:\/\/wp.kristdemokraterna.se\/varmdo\/#website"},"datePublished":"2018-04-29T14:41:28+00:00","dateModified":"2022-06-21T07:30:16+00:00","breadcrumb":{"@id":"https:\/\/wp.kristdemokraterna.se\/varmdo\/val-2022\/valmanifest-2022\/ett-samhalle-for-alla\/#breadcrumb"},"inLanguage":"sv-SE","potentialAction":[{"@type":"ReadAction","target":["https:\/\/wp.kristdemokraterna.se\/varmdo\/val-2022\/valmanifest-2022\/ett-samhalle-for-alla\/"]}]},{"@type":"BreadcrumbList","@id":"https:\/\/wp.kristdemokraterna.se\/varmdo\/val-2022\/valmanifest-2022\/ett-samhalle-for-alla\/#breadcrumb","itemListElement":[{"@type":"ListItem","position":1,"name":"Hem","item":"https:\/\/wp.kristdemokraterna.se\/varmdo\/"},{"@type":"ListItem","position":2,"name":"Valet 2026","item":"https:\/\/wp.kristdemokraterna.se\/varmdo\/val-2022\/"},{"@type":"ListItem","position":3,"name":"Handlingsprogram 2022-2026","item":"https:\/\/wp.kristdemokraterna.se\/varmdo\/val-2022\/valmanifest-2022\/"},{"@type":"ListItem","position":4,"name":"Ett V\u00e4rmd\u00f6 f\u00f6r alla"}]},{"@type":"WebSite","@id":"https:\/\/wp.kristdemokraterna.se\/varmdo\/#website","url":"https:\/\/wp.kristdemokraterna.se\/varmdo\/","name":"Kristdemokraterna i V\u00e4rmd\u00f6","description":"En till Kristdemokraterna webbplats","inLanguage":"sv-SE"}]}},"_links":{"self":[{"href":"https:\/\/wp.kristdemokraterna.se\/varmdo\/wp-json\/wp\/v2\/pages\/648","targetHints":{"allow":["GET"]}}],"collection":[{"href":"https:\/\/wp.kristdemokraterna.se\/varmdo\/wp-json\/wp\/v2\/pages"}],"about":[{"href":"https:\/\/wp.kristdemokraterna.se\/varmdo\/wp-json\/wp\/v2\/types\/page"}],"author":[{"embeddable":true,"href":"https:\/\/wp.kristdemokraterna.se\/varmdo\/wp-json\/wp\/v2\/users\/771"}],"replies":[{"embeddable":true,"href":"https:\/\/wp.kristdemokraterna.se\/varmdo\/wp-json\/wp\/v2\/comments?post=648"}],"version-history":[{"count":4,"href":"https:\/\/wp.kristdemokraterna.se\/varmdo\/wp-json\/wp\/v2\/pages\/648\/revisions"}],"predecessor-version":[{"id":1153,"href":"https:\/\/wp.kristdemokraterna.se\/varmdo\/wp-json\/wp\/v2\/pages\/648\/revisions\/1153"}],"up":[{"embeddable":true,"href":"https:\/\/wp.kristdemokraterna.se\/varmdo\/wp-json\/wp\/v2\/pages\/637"}],"wp:attachment":[{"href":"https:\/\/wp.kristdemokraterna.se\/varmdo\/wp-json\/wp\/v2\/media?parent=648"}],"curies":[{"name":"wp","href":"https:\/\/api.w.org\/{rel}","templated":true}]}}