{"id":650,"date":"2018-04-29T16:45:38","date_gmt":"2018-04-29T14:45:38","guid":{"rendered":"http:\/\/wp.kristdemokraterna.se\/varmdo\/?page_id=650"},"modified":"2022-06-12T12:51:34","modified_gmt":"2022-06-12T10:51:34","slug":"integration-och-samhallsgemenskap","status":"publish","type":"page","link":"https:\/\/wp.kristdemokraterna.se\/varmdo\/val-2022\/valmanifest-2022\/integration-och-samhallsgemenskap\/","title":{"rendered":"Integration"},"content":{"rendered":"<p>En vital samh\u00e4llsgemenskap inneb\u00e4r att medborgarna k\u00e4nner delaktighet och tar ansvar inte bara f\u00f6r de n\u00e4rmaste utan f\u00f6r hela samh\u00e4llet. Denna k\u00e4nsla av delaktighet, tillit och ansvarstagande \u00e4r avg\u00f6rande f\u00f6r ett gott samh\u00e4lle. Den \u00e4r dessutom en god grund f\u00f6r en fungerande integration. Om integrationen d\u00e4remot misslyckas \u00e4r det i sig ett hot mot samh\u00e4llsgemenskapen. H\u00e4r st\u00e4lls krav p\u00e5 oss som bor h\u00e4r sedan l\u00e4nge att vara \u00f6ppna och inkluderande men ocks\u00e5 p\u00e5 dem som kommer hit att anstr\u00e4nga sig att bli en del av sitt nya land och acceptera de grundl\u00e4ggande v\u00e4rderingar v\u00e5rt land vilar p\u00e5. Att bygga upp parallellsamh\u00e4llen f\u00e5r inte vara ett alternativ.<\/p>\n<p>N\u00e4r m\u00e5nga invandrare kommer till ett land under kort tid s\u00e4tts samh\u00e4llsgemenskapen p\u00e5 prov. Att de som kommer hit snabbt l\u00e4r sig spr\u00e5ket och kommer i egen f\u00f6rs\u00f6rjning \u00e4r avg\u00f6rande. Vi har redan idag problem med s\u00e5 kallade utanf\u00f6rskapsomr\u00e5den. Om vi inte lyckas med integrationen kommer problemen att f\u00f6rdjupas.<\/p>\n<p><strong>Kristdemokraterna anser att: <\/strong><\/p>\n<ul>\n<li>f\u00f6r att erh\u00e5lla f\u00f6rs\u00f6rjningsst\u00f6d ska man g\u00e5 SFI och kurs i samh\u00e4llsorientering.<\/li>\n<li>introduktionsutbildning i spr\u00e5k och samh\u00e4llskunskap f\u00f6r nyanl\u00e4nda b\u00f6r vara obligatorisk.<\/li>\n<li>lovskola ska erbjudas alla elever som inte n\u00e5r m\u00e5len i svenska som andraspr\u00e5k.<\/li>\n<li>personalen inom f\u00f6rskola, skola och socialtj\u00e4nst ska fortbildas f\u00f6r att kunna uppt\u00e4cka och bem\u00f6ta hedersproblematik.<\/li>\n<li>arbeta f\u00f6r att praktikplatser f\u00f6r nyanl\u00e4nda ska tillhandah\u00e5llas i samverkan mellan arbetsf\u00f6rmedling, kommun och n\u00e4ringsliv.<\/li>\n<li>f\u00f6rs\u00f6rjningsst\u00f6d ska kombineras med aktivitetskrav.<\/li>\n<li>det lokala n\u00e4ringslivet ska uppmuntras att delta i mentorskapsprogram f\u00f6r nysvenskar som vill starta eget.<\/li>\n<li>preventiva \u00e5tg\u00e4rder \u00e4r viktiga f\u00f6r att f\u00f6rebygga att barn och ungdomar hamnar i droger och kriminalitet.<\/li>\n<\/ul>\n<p><strong><em>\u00a0<\/em><\/strong><\/p>\n<p>&nbsp;<\/p>\n","protected":false},"excerpt":{"rendered":"<p>En vital samh\u00e4llsgemenskap inneb\u00e4r att medborgarna k\u00e4nner delaktighet och tar ansvar inte bara f\u00f6r de n\u00e4rmaste utan f\u00f6r hela samh\u00e4llet. Denna k\u00e4nsla av delaktighet, tillit och ansvarstagande \u00e4r avg\u00f6rande f\u00f6r ett gott samh\u00e4lle. Den \u00e4r dessutom en god grund f\u00f6r en fungerande integration. Om integrationen d\u00e4remot misslyckas \u00e4r det i sig ett hot mot samh\u00e4llsgemenskapen. <a class=\"read-more-link\" href=\"https:\/\/wp.kristdemokraterna.se\/varmdo\/val-2022\/valmanifest-2022\/integration-och-samhallsgemenskap\/\">Read More<\/a><\/p>\n","protected":false},"author":771,"featured_media":0,"parent":637,"menu_order":0,"comment_status":"closed","ping_status":"closed","template":"","meta":{"_acf_changed":false,"footnotes":""},"class_list":["post-650","page","type-page","status-publish","hentry"],"acf":[],"yoast_head":"<!-- This site is optimized with the Yoast SEO plugin v27.3 - https:\/\/yoast.com\/product\/yoast-seo-wordpress\/ -->\n<title>Integration - Kristdemokraterna i V\u00e4rmd\u00f6<\/title>\n<meta name=\"robots\" content=\"index, follow, max-snippet:-1, max-image-preview:large, max-video-preview:-1\" \/>\n<link rel=\"canonical\" href=\"https:\/\/wp.kristdemokraterna.se\/varmdo\/val-2022\/valmanifest-2022\/integration-och-samhallsgemenskap\/\" \/>\n<meta property=\"og:locale\" content=\"sv_SE\" \/>\n<meta property=\"og:type\" content=\"article\" \/>\n<meta property=\"og:title\" content=\"Integration - Kristdemokraterna i V\u00e4rmd\u00f6\" \/>\n<meta property=\"og:description\" content=\"En vital samh\u00e4llsgemenskap inneb\u00e4r att medborgarna k\u00e4nner delaktighet och tar ansvar inte bara f\u00f6r de n\u00e4rmaste utan f\u00f6r hela samh\u00e4llet. Denna k\u00e4nsla av delaktighet, tillit och ansvarstagande \u00e4r avg\u00f6rande f\u00f6r ett gott samh\u00e4lle. Den \u00e4r dessutom en god grund f\u00f6r en fungerande integration. Om integrationen d\u00e4remot misslyckas \u00e4r det i sig ett hot mot samh\u00e4llsgemenskapen. Read More\" \/>\n<meta property=\"og:url\" content=\"https:\/\/wp.kristdemokraterna.se\/varmdo\/val-2022\/valmanifest-2022\/integration-och-samhallsgemenskap\/\" \/>\n<meta property=\"og:site_name\" content=\"Kristdemokraterna i V\u00e4rmd\u00f6\" \/>\n<meta property=\"article:modified_time\" content=\"2022-06-12T10:51:34+00:00\" \/>\n<meta name=\"twitter:card\" content=\"summary_large_image\" \/>\n<meta name=\"twitter:label1\" content=\"Ber\u00e4knad l\u00e4stid\" \/>\n\t<meta name=\"twitter:data1\" content=\"2 minuter\" \/>\n<script type=\"application\/ld+json\" class=\"yoast-schema-graph\">{\"@context\":\"https:\\\/\\\/schema.org\",\"@graph\":[{\"@type\":\"WebPage\",\"@id\":\"https:\\\/\\\/wp.kristdemokraterna.se\\\/varmdo\\\/val-2022\\\/valmanifest-2022\\\/integration-och-samhallsgemenskap\\\/\",\"url\":\"https:\\\/\\\/wp.kristdemokraterna.se\\\/varmdo\\\/val-2022\\\/valmanifest-2022\\\/integration-och-samhallsgemenskap\\\/\",\"name\":\"Integration - Kristdemokraterna i V\u00e4rmd\u00f6\",\"isPartOf\":{\"@id\":\"https:\\\/\\\/wp.kristdemokraterna.se\\\/varmdo\\\/#website\"},\"datePublished\":\"2018-04-29T14:45:38+00:00\",\"dateModified\":\"2022-06-12T10:51:34+00:00\",\"breadcrumb\":{\"@id\":\"https:\\\/\\\/wp.kristdemokraterna.se\\\/varmdo\\\/val-2022\\\/valmanifest-2022\\\/integration-och-samhallsgemenskap\\\/#breadcrumb\"},\"inLanguage\":\"sv-SE\",\"potentialAction\":[{\"@type\":\"ReadAction\",\"target\":[\"https:\\\/\\\/wp.kristdemokraterna.se\\\/varmdo\\\/val-2022\\\/valmanifest-2022\\\/integration-och-samhallsgemenskap\\\/\"]}]},{\"@type\":\"BreadcrumbList\",\"@id\":\"https:\\\/\\\/wp.kristdemokraterna.se\\\/varmdo\\\/val-2022\\\/valmanifest-2022\\\/integration-och-samhallsgemenskap\\\/#breadcrumb\",\"itemListElement\":[{\"@type\":\"ListItem\",\"position\":1,\"name\":\"Hem\",\"item\":\"https:\\\/\\\/wp.kristdemokraterna.se\\\/varmdo\\\/\"},{\"@type\":\"ListItem\",\"position\":2,\"name\":\"Valet 2026\",\"item\":\"https:\\\/\\\/wp.kristdemokraterna.se\\\/varmdo\\\/val-2022\\\/\"},{\"@type\":\"ListItem\",\"position\":3,\"name\":\"Handlingsprogram 2022-2026\",\"item\":\"https:\\\/\\\/wp.kristdemokraterna.se\\\/varmdo\\\/val-2022\\\/valmanifest-2022\\\/\"},{\"@type\":\"ListItem\",\"position\":4,\"name\":\"Integration\"}]},{\"@type\":\"WebSite\",\"@id\":\"https:\\\/\\\/wp.kristdemokraterna.se\\\/varmdo\\\/#website\",\"url\":\"https:\\\/\\\/wp.kristdemokraterna.se\\\/varmdo\\\/\",\"name\":\"Kristdemokraterna i V\u00e4rmd\u00f6\",\"description\":\"En till Kristdemokraterna webbplats\",\"inLanguage\":\"sv-SE\"}]}<\/script>\n<!-- \/ Yoast SEO plugin. -->","yoast_head_json":{"title":"Integration - Kristdemokraterna i V\u00e4rmd\u00f6","robots":{"index":"index","follow":"follow","max-snippet":"max-snippet:-1","max-image-preview":"max-image-preview:large","max-video-preview":"max-video-preview:-1"},"canonical":"https:\/\/wp.kristdemokraterna.se\/varmdo\/val-2022\/valmanifest-2022\/integration-och-samhallsgemenskap\/","og_locale":"sv_SE","og_type":"article","og_title":"Integration - Kristdemokraterna i V\u00e4rmd\u00f6","og_description":"En vital samh\u00e4llsgemenskap inneb\u00e4r att medborgarna k\u00e4nner delaktighet och tar ansvar inte bara f\u00f6r de n\u00e4rmaste utan f\u00f6r hela samh\u00e4llet. Denna k\u00e4nsla av delaktighet, tillit och ansvarstagande \u00e4r avg\u00f6rande f\u00f6r ett gott samh\u00e4lle. Den \u00e4r dessutom en god grund f\u00f6r en fungerande integration. Om integrationen d\u00e4remot misslyckas \u00e4r det i sig ett hot mot samh\u00e4llsgemenskapen. Read More","og_url":"https:\/\/wp.kristdemokraterna.se\/varmdo\/val-2022\/valmanifest-2022\/integration-och-samhallsgemenskap\/","og_site_name":"Kristdemokraterna i V\u00e4rmd\u00f6","article_modified_time":"2022-06-12T10:51:34+00:00","twitter_card":"summary_large_image","twitter_misc":{"Ber\u00e4knad l\u00e4stid":"2 minuter"},"schema":{"@context":"https:\/\/schema.org","@graph":[{"@type":"WebPage","@id":"https:\/\/wp.kristdemokraterna.se\/varmdo\/val-2022\/valmanifest-2022\/integration-och-samhallsgemenskap\/","url":"https:\/\/wp.kristdemokraterna.se\/varmdo\/val-2022\/valmanifest-2022\/integration-och-samhallsgemenskap\/","name":"Integration - Kristdemokraterna i V\u00e4rmd\u00f6","isPartOf":{"@id":"https:\/\/wp.kristdemokraterna.se\/varmdo\/#website"},"datePublished":"2018-04-29T14:45:38+00:00","dateModified":"2022-06-12T10:51:34+00:00","breadcrumb":{"@id":"https:\/\/wp.kristdemokraterna.se\/varmdo\/val-2022\/valmanifest-2022\/integration-och-samhallsgemenskap\/#breadcrumb"},"inLanguage":"sv-SE","potentialAction":[{"@type":"ReadAction","target":["https:\/\/wp.kristdemokraterna.se\/varmdo\/val-2022\/valmanifest-2022\/integration-och-samhallsgemenskap\/"]}]},{"@type":"BreadcrumbList","@id":"https:\/\/wp.kristdemokraterna.se\/varmdo\/val-2022\/valmanifest-2022\/integration-och-samhallsgemenskap\/#breadcrumb","itemListElement":[{"@type":"ListItem","position":1,"name":"Hem","item":"https:\/\/wp.kristdemokraterna.se\/varmdo\/"},{"@type":"ListItem","position":2,"name":"Valet 2026","item":"https:\/\/wp.kristdemokraterna.se\/varmdo\/val-2022\/"},{"@type":"ListItem","position":3,"name":"Handlingsprogram 2022-2026","item":"https:\/\/wp.kristdemokraterna.se\/varmdo\/val-2022\/valmanifest-2022\/"},{"@type":"ListItem","position":4,"name":"Integration"}]},{"@type":"WebSite","@id":"https:\/\/wp.kristdemokraterna.se\/varmdo\/#website","url":"https:\/\/wp.kristdemokraterna.se\/varmdo\/","name":"Kristdemokraterna i V\u00e4rmd\u00f6","description":"En till Kristdemokraterna webbplats","inLanguage":"sv-SE"}]}},"_links":{"self":[{"href":"https:\/\/wp.kristdemokraterna.se\/varmdo\/wp-json\/wp\/v2\/pages\/650","targetHints":{"allow":["GET"]}}],"collection":[{"href":"https:\/\/wp.kristdemokraterna.se\/varmdo\/wp-json\/wp\/v2\/pages"}],"about":[{"href":"https:\/\/wp.kristdemokraterna.se\/varmdo\/wp-json\/wp\/v2\/types\/page"}],"author":[{"embeddable":true,"href":"https:\/\/wp.kristdemokraterna.se\/varmdo\/wp-json\/wp\/v2\/users\/771"}],"replies":[{"embeddable":true,"href":"https:\/\/wp.kristdemokraterna.se\/varmdo\/wp-json\/wp\/v2\/comments?post=650"}],"version-history":[{"count":5,"href":"https:\/\/wp.kristdemokraterna.se\/varmdo\/wp-json\/wp\/v2\/pages\/650\/revisions"}],"predecessor-version":[{"id":1095,"href":"https:\/\/wp.kristdemokraterna.se\/varmdo\/wp-json\/wp\/v2\/pages\/650\/revisions\/1095"}],"up":[{"embeddable":true,"href":"https:\/\/wp.kristdemokraterna.se\/varmdo\/wp-json\/wp\/v2\/pages\/637"}],"wp:attachment":[{"href":"https:\/\/wp.kristdemokraterna.se\/varmdo\/wp-json\/wp\/v2\/media?parent=650"}],"curies":[{"name":"wp","href":"https:\/\/api.w.org\/{rel}","templated":true}]}}