{"id":656,"date":"2018-04-29T16:46:51","date_gmt":"2018-04-29T14:46:51","guid":{"rendered":"http:\/\/wp.kristdemokraterna.se\/varmdo\/?page_id=656"},"modified":"2022-06-12T12:54:50","modified_gmt":"2022-06-12T10:54:50","slug":"ett-hallbart-varmdo","status":"publish","type":"page","link":"https:\/\/wp.kristdemokraterna.se\/varmdo\/val-2022\/valmanifest-2022\/ett-hallbart-varmdo\/","title":{"rendered":"Ett h\u00e5llbart V\u00e4rmd\u00f6"},"content":{"rendered":"<p>V\u00e4rmd\u00f6 \u00e4r landet n\u00e4ra staden. \u00a0Det \u00e4r jordbrukslandskap, skog och sk\u00e4rg\u00e5rd. Bebyggelsen \u00e4r utspridd, som satelliter som kretsar kring k\u00e4rnan i Gustavsbergs Centrum. Det \u00e4r i regel l\u00e5nga avst\u00e5nd f\u00f6r att ta sig fr\u00e5n bostaden till k\u00f6pcentrat eller idrottsaktiviteten. Det h\u00e4r g\u00f6r att f\u00f6r m\u00e5nga V\u00e4rmd\u00f6bor utg\u00f6r bilen en omistlig del i vardagen.<\/p>\n<p>Vi anser inte att kommunen ska f\u00f6rsv\u00e5ra f\u00f6r bilresandet, vi ska ist\u00e4llet g\u00f6ra det enklare att v\u00e4lja kollektiva trafikmedel f\u00f6r i synnerhet arbetsresorna. Vi ska ha ett bra utbud av infartsparkeringar och h\u00f6g busst\u00e4thet i rusningstrafik.\u00a0 V\u00e4gtransporternas klimatproblem l\u00f6ses inte genom att begr\u00e4nsa transporterna. Utan transporter har vi inget samh\u00e4lle. Det \u00e4r utsl\u00e4ppen vi ska jaga, inte transporterna.<\/p>\n<p>Det \u00e4r ocks\u00e5 m\u00e5nga som s\u00f6ker sig ut till V\u00e4rmd\u00f6 under sommarm\u00e5naderna, b\u00e5de sommarg\u00e4ster men ocks\u00e5 tillf\u00e4lliga bes\u00f6kare som s\u00f6ker rekreation och bad under helger och lediga stunder och idrottsaktiviteter i V\u00e4rmd\u00f6s lokala idrottsf\u00f6reningar med mera. \u00c4ven f\u00f6r dessa \u00e4r bilen ett n\u00f6dv\u00e4ndigt transportmedel och V\u00e4rmd\u00f6s v\u00e4gn\u00e4t blir d\u00e4rf\u00f6r en viktig fr\u00e5ga\u00a0 \u00e4ven f\u00f6r barnfamiljer i angr\u00e4nsande kommuner.<\/p>\n<p>Det finns sp\u00e5rreservat fr\u00e5n Stockholm till V\u00e4rmd\u00f6 som p\u00e5 sikt skulle m\u00f6jligg\u00f6ra f\u00f6r sp\u00e5rbunden kollektivtrafik till och fr\u00e5n V\u00e4rmd\u00f6. Det skulle sannolikt bli v\u00e4ldigt dyrt och f\u00f6r att bli l\u00f6nsamt f\u00f6rutsatta en \u00e4n mer betydande befolknings\u00f6kning. Det finns mer kostnadseffektiva l\u00f6sningar, till exempel s.k BRT \u2013 bussar(Bus Rapid Transport), bussar med extra h\u00f6g kapacitet som g\u00e5r i egna k\u00f6rf\u00e4lt i t\u00e4t trafik. Ett annat alternativ skulle kunna vara att anl\u00e4gga en elv\u00e4g fr\u00e5n Ingar\u00f6krysset till Stockholm. Kommunen b\u00f6r aktivt f\u00f6lja utvecklingen av elv\u00e4garna och i samr\u00e5d med Trafikverket och Region Stockholm utreda m\u00f6jligheterna att anl\u00e4gga en elv\u00e4g mellan Ingar\u00f6krysset och Slussen.<\/p>\n<p>Vi ska inte inf\u00f6ra parkeringsavgifter p\u00e5 kommunala v\u00e4gar f\u00f6r bilisterna, vi ska ist\u00e4llet arbeta f\u00f6r fler laddstationer f\u00f6r personbilar s\u00e5 att vi underl\u00e4ttar f\u00f6r alla de som nu funderar p\u00e5 att k\u00f6pa en elbil.<\/p>\n<p>Vi ska bygga mer bost\u00e4der i tr\u00e4. Byggandet av bost\u00e4der orsakar nationellt lika mycket koldioxidutsl\u00e4pp som den samlade personbilstrafiken. Genom en \u00f6verg\u00e5ng till tr\u00e4byggnation minskas utsl\u00e4ppen med 30-40 procent j\u00e4mf\u00f6rt med motsvarande byggnation i traditionell byggnadsteknik.<\/p>\n<p>Och n\u00e4r kommunen upphandlar ska det st\u00e4llas relevanta milj\u00f6- och klimatkrav och kraven ska f\u00f6ljas upp.<\/p>\n<p><strong>Kristdemokraterna anser att: <\/strong><\/p>\n<ul>\n<li>det beh\u00f6vs fler infartsparkeringar.<\/li>\n<li>V\u00e4rmd\u00f6 kommun inte ska inf\u00f6ra kommunala parkeringsavgifter och inte ha l\u00e5ga parkeringsnormer vid planering av nya bostadsomr\u00e5den.<\/li>\n<li>i samband med planering av nya bostadsomr\u00e5den ska det tillses att det finns laddplatser f\u00f6r elfordon.<\/li>\n<\/ul>\n<ul>\n<li>vindkraftsprojektet utanf\u00f6r Sandhamn skulle inneb\u00e4ra ett allvarligt ingrepp i v\u00e5r unika natur- och sk\u00e4rg\u00e5rdsmilj\u00f6.<\/li>\n<li>kommunen ska driva p\u00e5 Region Stockholm att vidta \u00e5tg\u00e4rder f\u00f6r att g\u00f6ra kollektivtrafikresandet \u00e4n mer attraktivt, exempelvis genom att korta restider och \u00f6ka tillg\u00e4ngligheten.<\/li>\n<li>kapacitetsf\u00f6rst\u00e4rkande \u00e5tg\u00e4rder f\u00f6r kollektivtrafiken mellan Ingar\u00f6krysset och Stockholm b\u00f6r utredas, t ex BRT-busstrafik eller anl\u00e4ggandet av elv\u00e4g f\u00f6r i f\u00f6rsta hand bussar<u>.<br \/>\n<\/u><\/li>\n<li>V\u00e4rmd\u00f6 ska arbeta f\u00f6r en \u00f6kad andel ekologiska och n\u00e4rproducerade livsmedel i m\u00e5ltidsverksamheten inom f\u00f6rskola, skola och \u00e4ldreomsorg<\/li>\n<\/ul>\n<ul>\n<li>V\u00e4rmd\u00f6 ska bygga mer bost\u00e4der och offentliga lokaler i modern tr\u00e4byggnadsteknik n\u00e4r kommunen bygger \u00e5t sig sj\u00e4lv och uppmuntra andra akt\u00f6rer att bygga i tr\u00e4 enligt den antagna tr\u00e4byggnadsstrategin.<\/li>\n<li>upphandling av n\u00e4rodlade livsmedel ska fr\u00e4mjas genom mindre omfattande upphandlingar f\u00f6r att fler och mindre leverant\u00f6rer ska kunna medverka.<\/li>\n<li>st\u00e4lla relevanta milj\u00f6krav vid upphandlingar.<\/li>\n<li>kommunen ska satsa p\u00e5 fortsatt utbyggnad och underh\u00e5ll av g\u00e5ng- och cykelv\u00e4gsn\u00e4tet.<\/li>\n<\/ul>\n<ul>\n<li>m\u00e4ngden avfall ska minska, s\u00e5v\u00e4l kommunalt avfall, verksamhetsavfall, avfall under producentansvar samt avfall fr\u00e5n offentliga milj\u00f6er.<\/li>\n<li>andelen kommunalt avfall inklusive grovanfall som \u00e5teranv\u00e4nds eller material\u00e5tervinns ska \u00f6ka.<\/li>\n<\/ul>\n<ul>\n<li>kommunen ska s\u00e4lja vindkraftsverket som kommunen \u00e4ger i Sundsvall.<\/li>\n<\/ul>\n<ul>\n<li>fler v\u00e5tmarker ska restaureras runt om i kommunen<\/li>\n<\/ul>\n","protected":false},"excerpt":{"rendered":"<p>V\u00e4rmd\u00f6 \u00e4r landet n\u00e4ra staden. \u00a0Det \u00e4r jordbrukslandskap, skog och sk\u00e4rg\u00e5rd. Bebyggelsen \u00e4r utspridd, som satelliter som kretsar kring k\u00e4rnan i Gustavsbergs Centrum. Det \u00e4r i regel l\u00e5nga avst\u00e5nd f\u00f6r att ta sig fr\u00e5n bostaden till k\u00f6pcentrat eller idrottsaktiviteten. Det h\u00e4r g\u00f6r att f\u00f6r m\u00e5nga V\u00e4rmd\u00f6bor utg\u00f6r bilen en omistlig del i vardagen. Vi anser <a class=\"read-more-link\" href=\"https:\/\/wp.kristdemokraterna.se\/varmdo\/val-2022\/valmanifest-2022\/ett-hallbart-varmdo\/\">Read More<\/a><\/p>\n","protected":false},"author":771,"featured_media":0,"parent":637,"menu_order":0,"comment_status":"closed","ping_status":"closed","template":"","meta":{"_acf_changed":false,"footnotes":""},"class_list":["post-656","page","type-page","status-publish","hentry"],"acf":[],"yoast_head":"<!-- This site is optimized with the Yoast SEO plugin v27.3 - https:\/\/yoast.com\/product\/yoast-seo-wordpress\/ -->\n<title>Ett h\u00e5llbart V\u00e4rmd\u00f6 - Kristdemokraterna i V\u00e4rmd\u00f6<\/title>\n<meta name=\"robots\" content=\"index, follow, max-snippet:-1, max-image-preview:large, max-video-preview:-1\" \/>\n<link rel=\"canonical\" href=\"https:\/\/wp.kristdemokraterna.se\/varmdo\/val-2022\/valmanifest-2022\/ett-hallbart-varmdo\/\" \/>\n<meta property=\"og:locale\" content=\"sv_SE\" \/>\n<meta property=\"og:type\" content=\"article\" \/>\n<meta property=\"og:title\" content=\"Ett h\u00e5llbart V\u00e4rmd\u00f6 - Kristdemokraterna i V\u00e4rmd\u00f6\" \/>\n<meta property=\"og:description\" content=\"V\u00e4rmd\u00f6 \u00e4r landet n\u00e4ra staden. \u00a0Det \u00e4r jordbrukslandskap, skog och sk\u00e4rg\u00e5rd. Bebyggelsen \u00e4r utspridd, som satelliter som kretsar kring k\u00e4rnan i Gustavsbergs Centrum. Det \u00e4r i regel l\u00e5nga avst\u00e5nd f\u00f6r att ta sig fr\u00e5n bostaden till k\u00f6pcentrat eller idrottsaktiviteten. Det h\u00e4r g\u00f6r att f\u00f6r m\u00e5nga V\u00e4rmd\u00f6bor utg\u00f6r bilen en omistlig del i vardagen. Vi anser Read More\" \/>\n<meta property=\"og:url\" content=\"https:\/\/wp.kristdemokraterna.se\/varmdo\/val-2022\/valmanifest-2022\/ett-hallbart-varmdo\/\" \/>\n<meta property=\"og:site_name\" content=\"Kristdemokraterna i V\u00e4rmd\u00f6\" \/>\n<meta property=\"article:modified_time\" content=\"2022-06-12T10:54:50+00:00\" \/>\n<meta name=\"twitter:card\" content=\"summary_large_image\" \/>\n<meta name=\"twitter:label1\" content=\"Ber\u00e4knad l\u00e4stid\" \/>\n\t<meta name=\"twitter:data1\" content=\"4 minuter\" \/>\n<script type=\"application\/ld+json\" class=\"yoast-schema-graph\">{\"@context\":\"https:\\\/\\\/schema.org\",\"@graph\":[{\"@type\":\"WebPage\",\"@id\":\"https:\\\/\\\/wp.kristdemokraterna.se\\\/varmdo\\\/val-2022\\\/valmanifest-2022\\\/ett-hallbart-varmdo\\\/\",\"url\":\"https:\\\/\\\/wp.kristdemokraterna.se\\\/varmdo\\\/val-2022\\\/valmanifest-2022\\\/ett-hallbart-varmdo\\\/\",\"name\":\"Ett h\u00e5llbart V\u00e4rmd\u00f6 - Kristdemokraterna i V\u00e4rmd\u00f6\",\"isPartOf\":{\"@id\":\"https:\\\/\\\/wp.kristdemokraterna.se\\\/varmdo\\\/#website\"},\"datePublished\":\"2018-04-29T14:46:51+00:00\",\"dateModified\":\"2022-06-12T10:54:50+00:00\",\"breadcrumb\":{\"@id\":\"https:\\\/\\\/wp.kristdemokraterna.se\\\/varmdo\\\/val-2022\\\/valmanifest-2022\\\/ett-hallbart-varmdo\\\/#breadcrumb\"},\"inLanguage\":\"sv-SE\",\"potentialAction\":[{\"@type\":\"ReadAction\",\"target\":[\"https:\\\/\\\/wp.kristdemokraterna.se\\\/varmdo\\\/val-2022\\\/valmanifest-2022\\\/ett-hallbart-varmdo\\\/\"]}]},{\"@type\":\"BreadcrumbList\",\"@id\":\"https:\\\/\\\/wp.kristdemokraterna.se\\\/varmdo\\\/val-2022\\\/valmanifest-2022\\\/ett-hallbart-varmdo\\\/#breadcrumb\",\"itemListElement\":[{\"@type\":\"ListItem\",\"position\":1,\"name\":\"Hem\",\"item\":\"https:\\\/\\\/wp.kristdemokraterna.se\\\/varmdo\\\/\"},{\"@type\":\"ListItem\",\"position\":2,\"name\":\"Valet 2026\",\"item\":\"https:\\\/\\\/wp.kristdemokraterna.se\\\/varmdo\\\/val-2022\\\/\"},{\"@type\":\"ListItem\",\"position\":3,\"name\":\"Handlingsprogram 2022-2026\",\"item\":\"https:\\\/\\\/wp.kristdemokraterna.se\\\/varmdo\\\/val-2022\\\/valmanifest-2022\\\/\"},{\"@type\":\"ListItem\",\"position\":4,\"name\":\"Ett h\u00e5llbart V\u00e4rmd\u00f6\"}]},{\"@type\":\"WebSite\",\"@id\":\"https:\\\/\\\/wp.kristdemokraterna.se\\\/varmdo\\\/#website\",\"url\":\"https:\\\/\\\/wp.kristdemokraterna.se\\\/varmdo\\\/\",\"name\":\"Kristdemokraterna i V\u00e4rmd\u00f6\",\"description\":\"En till Kristdemokraterna webbplats\",\"inLanguage\":\"sv-SE\"}]}<\/script>\n<!-- \/ Yoast SEO plugin. -->","yoast_head_json":{"title":"Ett h\u00e5llbart V\u00e4rmd\u00f6 - Kristdemokraterna i V\u00e4rmd\u00f6","robots":{"index":"index","follow":"follow","max-snippet":"max-snippet:-1","max-image-preview":"max-image-preview:large","max-video-preview":"max-video-preview:-1"},"canonical":"https:\/\/wp.kristdemokraterna.se\/varmdo\/val-2022\/valmanifest-2022\/ett-hallbart-varmdo\/","og_locale":"sv_SE","og_type":"article","og_title":"Ett h\u00e5llbart V\u00e4rmd\u00f6 - Kristdemokraterna i V\u00e4rmd\u00f6","og_description":"V\u00e4rmd\u00f6 \u00e4r landet n\u00e4ra staden. \u00a0Det \u00e4r jordbrukslandskap, skog och sk\u00e4rg\u00e5rd. Bebyggelsen \u00e4r utspridd, som satelliter som kretsar kring k\u00e4rnan i Gustavsbergs Centrum. Det \u00e4r i regel l\u00e5nga avst\u00e5nd f\u00f6r att ta sig fr\u00e5n bostaden till k\u00f6pcentrat eller idrottsaktiviteten. Det h\u00e4r g\u00f6r att f\u00f6r m\u00e5nga V\u00e4rmd\u00f6bor utg\u00f6r bilen en omistlig del i vardagen. Vi anser Read More","og_url":"https:\/\/wp.kristdemokraterna.se\/varmdo\/val-2022\/valmanifest-2022\/ett-hallbart-varmdo\/","og_site_name":"Kristdemokraterna i V\u00e4rmd\u00f6","article_modified_time":"2022-06-12T10:54:50+00:00","twitter_card":"summary_large_image","twitter_misc":{"Ber\u00e4knad l\u00e4stid":"4 minuter"},"schema":{"@context":"https:\/\/schema.org","@graph":[{"@type":"WebPage","@id":"https:\/\/wp.kristdemokraterna.se\/varmdo\/val-2022\/valmanifest-2022\/ett-hallbart-varmdo\/","url":"https:\/\/wp.kristdemokraterna.se\/varmdo\/val-2022\/valmanifest-2022\/ett-hallbart-varmdo\/","name":"Ett h\u00e5llbart V\u00e4rmd\u00f6 - Kristdemokraterna i V\u00e4rmd\u00f6","isPartOf":{"@id":"https:\/\/wp.kristdemokraterna.se\/varmdo\/#website"},"datePublished":"2018-04-29T14:46:51+00:00","dateModified":"2022-06-12T10:54:50+00:00","breadcrumb":{"@id":"https:\/\/wp.kristdemokraterna.se\/varmdo\/val-2022\/valmanifest-2022\/ett-hallbart-varmdo\/#breadcrumb"},"inLanguage":"sv-SE","potentialAction":[{"@type":"ReadAction","target":["https:\/\/wp.kristdemokraterna.se\/varmdo\/val-2022\/valmanifest-2022\/ett-hallbart-varmdo\/"]}]},{"@type":"BreadcrumbList","@id":"https:\/\/wp.kristdemokraterna.se\/varmdo\/val-2022\/valmanifest-2022\/ett-hallbart-varmdo\/#breadcrumb","itemListElement":[{"@type":"ListItem","position":1,"name":"Hem","item":"https:\/\/wp.kristdemokraterna.se\/varmdo\/"},{"@type":"ListItem","position":2,"name":"Valet 2026","item":"https:\/\/wp.kristdemokraterna.se\/varmdo\/val-2022\/"},{"@type":"ListItem","position":3,"name":"Handlingsprogram 2022-2026","item":"https:\/\/wp.kristdemokraterna.se\/varmdo\/val-2022\/valmanifest-2022\/"},{"@type":"ListItem","position":4,"name":"Ett h\u00e5llbart V\u00e4rmd\u00f6"}]},{"@type":"WebSite","@id":"https:\/\/wp.kristdemokraterna.se\/varmdo\/#website","url":"https:\/\/wp.kristdemokraterna.se\/varmdo\/","name":"Kristdemokraterna i V\u00e4rmd\u00f6","description":"En till Kristdemokraterna webbplats","inLanguage":"sv-SE"}]}},"_links":{"self":[{"href":"https:\/\/wp.kristdemokraterna.se\/varmdo\/wp-json\/wp\/v2\/pages\/656","targetHints":{"allow":["GET"]}}],"collection":[{"href":"https:\/\/wp.kristdemokraterna.se\/varmdo\/wp-json\/wp\/v2\/pages"}],"about":[{"href":"https:\/\/wp.kristdemokraterna.se\/varmdo\/wp-json\/wp\/v2\/types\/page"}],"author":[{"embeddable":true,"href":"https:\/\/wp.kristdemokraterna.se\/varmdo\/wp-json\/wp\/v2\/users\/771"}],"replies":[{"embeddable":true,"href":"https:\/\/wp.kristdemokraterna.se\/varmdo\/wp-json\/wp\/v2\/comments?post=656"}],"version-history":[{"count":6,"href":"https:\/\/wp.kristdemokraterna.se\/varmdo\/wp-json\/wp\/v2\/pages\/656\/revisions"}],"predecessor-version":[{"id":1099,"href":"https:\/\/wp.kristdemokraterna.se\/varmdo\/wp-json\/wp\/v2\/pages\/656\/revisions\/1099"}],"up":[{"embeddable":true,"href":"https:\/\/wp.kristdemokraterna.se\/varmdo\/wp-json\/wp\/v2\/pages\/637"}],"wp:attachment":[{"href":"https:\/\/wp.kristdemokraterna.se\/varmdo\/wp-json\/wp\/v2\/media?parent=656"}],"curies":[{"name":"wp","href":"https:\/\/api.w.org\/{rel}","templated":true}]}}