{"id":660,"date":"2018-04-29T16:48:18","date_gmt":"2018-04-29T14:48:18","guid":{"rendered":"http:\/\/wp.kristdemokraterna.se\/varmdo\/?page_id=660"},"modified":"2022-06-12T12:57:48","modified_gmt":"2022-06-12T10:57:48","slug":"varna-och-utveckla-skargarden","status":"publish","type":"page","link":"https:\/\/wp.kristdemokraterna.se\/varmdo\/val-2022\/valmanifest-2022\/varna-och-utveckla-skargarden\/","title":{"rendered":"V\u00e4rna och utveckla sk\u00e4rg\u00e5rden"},"content":{"rendered":"<p>Kristdemokraterna vill verka f\u00f6r f\u00f6rb\u00e4ttrade f\u00f6ruts\u00e4ttningar att b\u00e5de bo och verka i sk\u00e4rg\u00e5rden. Sk\u00e4rg\u00e5rden \u00e4r ett viktigt turistm\u00e5l och vill vi att den h\u00e5llbara turismen ska \u00f6ka m\u00e5ste m\u00e4nniskor b\u00e5de kunna bo och driva verksamhet i sk\u00e4rg\u00e5rden. Allt h\u00e4nger ihop.<\/p>\n<p>I en sk\u00e4rg\u00e5rdskommun som V\u00e4rmd\u00f6 \u00e4r b\u00e5tlivet rikt och utg\u00f6r en viktig del av 10.000 tals V\u00e4rmd\u00f6bors fritid och arbetssituation. Det \u00e4r viktigt att kommunen st\u00f6ttar med m\u00f6jligheter och l\u00f6sningar s\u00e5 att b\u00e5tlivet kan forts\u00e4tta att vara en del av v\u00e5r vardag och fritid.<\/p>\n<p>V\u00e5ra fritidsb\u00e5tar och arbetsb\u00e5tar har sedan l\u00e5ng tid tillbaka varit en f\u00f6ruts\u00e4ttning f\u00f6r rekreation men ocks\u00e5 ett s\u00e4tt att \u00f6verleva d\u00e5 fiske, transport och hantverkare har samma behov som fritidsb\u00e5tlivet vad g\u00e4ller hamnar, egna bryggor och vinteruppst\u00e4llning i anslutning till hamnarna och b\u00e5tklubbar.<\/p>\n<p>Kommersiella marinor, ideella b\u00e5tklubbar, tomtf\u00f6reningar med b\u00e5tplatser och bryggor men \u00e4ven privata egna sm\u00e5 hamnar har samma behov av lyh\u00f6rdhet och prioritering fr\u00e5n kommunens sida d\u00e5 verksamheten ofta har p\u00e5g\u00e5tt i m\u00e5nga generationer bak\u00e5t i tiden.\u00a0 D\u00e4rf\u00f6r anser vi att kommunen kan ytterligare f\u00f6rb\u00e4ttra f\u00f6ruts\u00e4ttningarna f\u00f6r de medborgare som \u00e4r beroende av b\u00e5tlivet.<\/p>\n<p>&nbsp;<\/p>\n<p><strong>KRISTDEMOKRATERNA ANSER ATT<\/strong><\/p>\n<ul>\n<li>den digitala infrastrukturen \u00e4r avg\u00f6rande f\u00f6r den bofasta befolkningen, exempelvis tillg\u00e5ng till bredband, fj\u00e4rrundervisning i skolorna, tillg\u00e5ng till l\u00e4kare och hj\u00e4lp f\u00f6r de \u00e4ldre via digitala kanaler.<\/li>\n<li>avloppsfr\u00e5gan i sk\u00e4rg\u00e5rden ska l\u00f6sas.<\/li>\n<li>strandskyddsregelverket m\u00e5ste g\u00f6ras om fr\u00e5n grunden. Idag f\u00f6rsv\u00e5rar det en utveckling av boende i sk\u00e4rg\u00e5rden.<\/li>\n<li>Horstensleden inte ska byggas.<\/li>\n<li>n\u00e4ringslivet i sk\u00e4rg\u00e5rden ska breddas och underl\u00e4ttas. Mindre kr\u00e5ngel f\u00f6r restauranger och handel i sk\u00e4rg\u00e5rden.<\/li>\n<li>kommunen ska utreda hur vattenv\u00e4garna kan utnyttjas b\u00e4ttre f\u00f6r arbetsplatspendling.<\/li>\n<li>kommunen ska i samr\u00e5d med Storstockholm och Region Stockholm verka f\u00f6r en l\u00e4mplig plats av luftburna transporter av olika slag. Syftet \u00e4r att skapa en levande sk\u00e4rg\u00e5rd med luftburen hemtj\u00e4nst, skoltransporter, samt kunna skicka medicin och varor med tyngre dr\u00f6nare, samt erbjuda en \u00e5teretablering av ambulanshelikoptern inom kommunen.<\/li>\n<li>Utveckla bes\u00f6ksn\u00e4ringen<\/li>\n<\/ul>\n","protected":false},"excerpt":{"rendered":"<p>Kristdemokraterna vill verka f\u00f6r f\u00f6rb\u00e4ttrade f\u00f6ruts\u00e4ttningar att b\u00e5de bo och verka i sk\u00e4rg\u00e5rden. Sk\u00e4rg\u00e5rden \u00e4r ett viktigt turistm\u00e5l och vill vi att den h\u00e5llbara turismen ska \u00f6ka m\u00e5ste m\u00e4nniskor b\u00e5de kunna bo och driva verksamhet i sk\u00e4rg\u00e5rden. Allt h\u00e4nger ihop. I en sk\u00e4rg\u00e5rdskommun som V\u00e4rmd\u00f6 \u00e4r b\u00e5tlivet rikt och utg\u00f6r en viktig del av 10.000 <a class=\"read-more-link\" href=\"https:\/\/wp.kristdemokraterna.se\/varmdo\/val-2022\/valmanifest-2022\/varna-och-utveckla-skargarden\/\">Read More<\/a><\/p>\n","protected":false},"author":771,"featured_media":0,"parent":637,"menu_order":0,"comment_status":"closed","ping_status":"closed","template":"","meta":{"_acf_changed":false,"footnotes":""},"class_list":["post-660","page","type-page","status-publish","hentry"],"acf":[],"yoast_head":"<!-- This site is optimized with the Yoast SEO plugin v27.3 - https:\/\/yoast.com\/product\/yoast-seo-wordpress\/ -->\n<title>V\u00e4rna och utveckla sk\u00e4rg\u00e5rden - Kristdemokraterna i V\u00e4rmd\u00f6<\/title>\n<meta name=\"robots\" content=\"index, follow, max-snippet:-1, max-image-preview:large, max-video-preview:-1\" \/>\n<link rel=\"canonical\" href=\"https:\/\/wp.kristdemokraterna.se\/varmdo\/val-2022\/valmanifest-2022\/varna-och-utveckla-skargarden\/\" \/>\n<meta property=\"og:locale\" content=\"sv_SE\" \/>\n<meta property=\"og:type\" content=\"article\" \/>\n<meta property=\"og:title\" content=\"V\u00e4rna och utveckla sk\u00e4rg\u00e5rden - Kristdemokraterna i V\u00e4rmd\u00f6\" \/>\n<meta property=\"og:description\" content=\"Kristdemokraterna vill verka f\u00f6r f\u00f6rb\u00e4ttrade f\u00f6ruts\u00e4ttningar att b\u00e5de bo och verka i sk\u00e4rg\u00e5rden. Sk\u00e4rg\u00e5rden \u00e4r ett viktigt turistm\u00e5l och vill vi att den h\u00e5llbara turismen ska \u00f6ka m\u00e5ste m\u00e4nniskor b\u00e5de kunna bo och driva verksamhet i sk\u00e4rg\u00e5rden. Allt h\u00e4nger ihop. I en sk\u00e4rg\u00e5rdskommun som V\u00e4rmd\u00f6 \u00e4r b\u00e5tlivet rikt och utg\u00f6r en viktig del av 10.000 Read More\" \/>\n<meta property=\"og:url\" content=\"https:\/\/wp.kristdemokraterna.se\/varmdo\/val-2022\/valmanifest-2022\/varna-och-utveckla-skargarden\/\" \/>\n<meta property=\"og:site_name\" content=\"Kristdemokraterna i V\u00e4rmd\u00f6\" \/>\n<meta property=\"article:modified_time\" content=\"2022-06-12T10:57:48+00:00\" \/>\n<meta name=\"twitter:card\" content=\"summary_large_image\" \/>\n<meta name=\"twitter:label1\" content=\"Ber\u00e4knad l\u00e4stid\" \/>\n\t<meta name=\"twitter:data1\" content=\"2 minuter\" \/>\n<script type=\"application\/ld+json\" class=\"yoast-schema-graph\">{\"@context\":\"https:\\\/\\\/schema.org\",\"@graph\":[{\"@type\":\"WebPage\",\"@id\":\"https:\\\/\\\/wp.kristdemokraterna.se\\\/varmdo\\\/val-2022\\\/valmanifest-2022\\\/varna-och-utveckla-skargarden\\\/\",\"url\":\"https:\\\/\\\/wp.kristdemokraterna.se\\\/varmdo\\\/val-2022\\\/valmanifest-2022\\\/varna-och-utveckla-skargarden\\\/\",\"name\":\"V\u00e4rna och utveckla sk\u00e4rg\u00e5rden - Kristdemokraterna i V\u00e4rmd\u00f6\",\"isPartOf\":{\"@id\":\"https:\\\/\\\/wp.kristdemokraterna.se\\\/varmdo\\\/#website\"},\"datePublished\":\"2018-04-29T14:48:18+00:00\",\"dateModified\":\"2022-06-12T10:57:48+00:00\",\"breadcrumb\":{\"@id\":\"https:\\\/\\\/wp.kristdemokraterna.se\\\/varmdo\\\/val-2022\\\/valmanifest-2022\\\/varna-och-utveckla-skargarden\\\/#breadcrumb\"},\"inLanguage\":\"sv-SE\",\"potentialAction\":[{\"@type\":\"ReadAction\",\"target\":[\"https:\\\/\\\/wp.kristdemokraterna.se\\\/varmdo\\\/val-2022\\\/valmanifest-2022\\\/varna-och-utveckla-skargarden\\\/\"]}]},{\"@type\":\"BreadcrumbList\",\"@id\":\"https:\\\/\\\/wp.kristdemokraterna.se\\\/varmdo\\\/val-2022\\\/valmanifest-2022\\\/varna-och-utveckla-skargarden\\\/#breadcrumb\",\"itemListElement\":[{\"@type\":\"ListItem\",\"position\":1,\"name\":\"Hem\",\"item\":\"https:\\\/\\\/wp.kristdemokraterna.se\\\/varmdo\\\/\"},{\"@type\":\"ListItem\",\"position\":2,\"name\":\"Valet 2026\",\"item\":\"https:\\\/\\\/wp.kristdemokraterna.se\\\/varmdo\\\/val-2022\\\/\"},{\"@type\":\"ListItem\",\"position\":3,\"name\":\"Handlingsprogram 2022-2026\",\"item\":\"https:\\\/\\\/wp.kristdemokraterna.se\\\/varmdo\\\/val-2022\\\/valmanifest-2022\\\/\"},{\"@type\":\"ListItem\",\"position\":4,\"name\":\"V\u00e4rna och utveckla sk\u00e4rg\u00e5rden\"}]},{\"@type\":\"WebSite\",\"@id\":\"https:\\\/\\\/wp.kristdemokraterna.se\\\/varmdo\\\/#website\",\"url\":\"https:\\\/\\\/wp.kristdemokraterna.se\\\/varmdo\\\/\",\"name\":\"Kristdemokraterna i V\u00e4rmd\u00f6\",\"description\":\"En till Kristdemokraterna webbplats\",\"inLanguage\":\"sv-SE\"}]}<\/script>\n<!-- \/ Yoast SEO plugin. -->","yoast_head_json":{"title":"V\u00e4rna och utveckla sk\u00e4rg\u00e5rden - Kristdemokraterna i V\u00e4rmd\u00f6","robots":{"index":"index","follow":"follow","max-snippet":"max-snippet:-1","max-image-preview":"max-image-preview:large","max-video-preview":"max-video-preview:-1"},"canonical":"https:\/\/wp.kristdemokraterna.se\/varmdo\/val-2022\/valmanifest-2022\/varna-och-utveckla-skargarden\/","og_locale":"sv_SE","og_type":"article","og_title":"V\u00e4rna och utveckla sk\u00e4rg\u00e5rden - Kristdemokraterna i V\u00e4rmd\u00f6","og_description":"Kristdemokraterna vill verka f\u00f6r f\u00f6rb\u00e4ttrade f\u00f6ruts\u00e4ttningar att b\u00e5de bo och verka i sk\u00e4rg\u00e5rden. Sk\u00e4rg\u00e5rden \u00e4r ett viktigt turistm\u00e5l och vill vi att den h\u00e5llbara turismen ska \u00f6ka m\u00e5ste m\u00e4nniskor b\u00e5de kunna bo och driva verksamhet i sk\u00e4rg\u00e5rden. Allt h\u00e4nger ihop. I en sk\u00e4rg\u00e5rdskommun som V\u00e4rmd\u00f6 \u00e4r b\u00e5tlivet rikt och utg\u00f6r en viktig del av 10.000 Read More","og_url":"https:\/\/wp.kristdemokraterna.se\/varmdo\/val-2022\/valmanifest-2022\/varna-och-utveckla-skargarden\/","og_site_name":"Kristdemokraterna i V\u00e4rmd\u00f6","article_modified_time":"2022-06-12T10:57:48+00:00","twitter_card":"summary_large_image","twitter_misc":{"Ber\u00e4knad l\u00e4stid":"2 minuter"},"schema":{"@context":"https:\/\/schema.org","@graph":[{"@type":"WebPage","@id":"https:\/\/wp.kristdemokraterna.se\/varmdo\/val-2022\/valmanifest-2022\/varna-och-utveckla-skargarden\/","url":"https:\/\/wp.kristdemokraterna.se\/varmdo\/val-2022\/valmanifest-2022\/varna-och-utveckla-skargarden\/","name":"V\u00e4rna och utveckla sk\u00e4rg\u00e5rden - Kristdemokraterna i V\u00e4rmd\u00f6","isPartOf":{"@id":"https:\/\/wp.kristdemokraterna.se\/varmdo\/#website"},"datePublished":"2018-04-29T14:48:18+00:00","dateModified":"2022-06-12T10:57:48+00:00","breadcrumb":{"@id":"https:\/\/wp.kristdemokraterna.se\/varmdo\/val-2022\/valmanifest-2022\/varna-och-utveckla-skargarden\/#breadcrumb"},"inLanguage":"sv-SE","potentialAction":[{"@type":"ReadAction","target":["https:\/\/wp.kristdemokraterna.se\/varmdo\/val-2022\/valmanifest-2022\/varna-och-utveckla-skargarden\/"]}]},{"@type":"BreadcrumbList","@id":"https:\/\/wp.kristdemokraterna.se\/varmdo\/val-2022\/valmanifest-2022\/varna-och-utveckla-skargarden\/#breadcrumb","itemListElement":[{"@type":"ListItem","position":1,"name":"Hem","item":"https:\/\/wp.kristdemokraterna.se\/varmdo\/"},{"@type":"ListItem","position":2,"name":"Valet 2026","item":"https:\/\/wp.kristdemokraterna.se\/varmdo\/val-2022\/"},{"@type":"ListItem","position":3,"name":"Handlingsprogram 2022-2026","item":"https:\/\/wp.kristdemokraterna.se\/varmdo\/val-2022\/valmanifest-2022\/"},{"@type":"ListItem","position":4,"name":"V\u00e4rna och utveckla sk\u00e4rg\u00e5rden"}]},{"@type":"WebSite","@id":"https:\/\/wp.kristdemokraterna.se\/varmdo\/#website","url":"https:\/\/wp.kristdemokraterna.se\/varmdo\/","name":"Kristdemokraterna i V\u00e4rmd\u00f6","description":"En till Kristdemokraterna webbplats","inLanguage":"sv-SE"}]}},"_links":{"self":[{"href":"https:\/\/wp.kristdemokraterna.se\/varmdo\/wp-json\/wp\/v2\/pages\/660","targetHints":{"allow":["GET"]}}],"collection":[{"href":"https:\/\/wp.kristdemokraterna.se\/varmdo\/wp-json\/wp\/v2\/pages"}],"about":[{"href":"https:\/\/wp.kristdemokraterna.se\/varmdo\/wp-json\/wp\/v2\/types\/page"}],"author":[{"embeddable":true,"href":"https:\/\/wp.kristdemokraterna.se\/varmdo\/wp-json\/wp\/v2\/users\/771"}],"replies":[{"embeddable":true,"href":"https:\/\/wp.kristdemokraterna.se\/varmdo\/wp-json\/wp\/v2\/comments?post=660"}],"version-history":[{"count":4,"href":"https:\/\/wp.kristdemokraterna.se\/varmdo\/wp-json\/wp\/v2\/pages\/660\/revisions"}],"predecessor-version":[{"id":1102,"href":"https:\/\/wp.kristdemokraterna.se\/varmdo\/wp-json\/wp\/v2\/pages\/660\/revisions\/1102"}],"up":[{"embeddable":true,"href":"https:\/\/wp.kristdemokraterna.se\/varmdo\/wp-json\/wp\/v2\/pages\/637"}],"wp:attachment":[{"href":"https:\/\/wp.kristdemokraterna.se\/varmdo\/wp-json\/wp\/v2\/media?parent=660"}],"curies":[{"name":"wp","href":"https:\/\/api.w.org\/{rel}","templated":true}]}}