{"id":683,"date":"2018-05-02T20:52:44","date_gmt":"2018-05-02T18:52:44","guid":{"rendered":"http:\/\/wp.kristdemokraterna.se\/varmdo\/?page_id=683"},"modified":"2026-03-05T16:01:32","modified_gmt":"2026-03-05T15:01:32","slug":"politikomraden","status":"publish","type":"page","link":"https:\/\/wp.kristdemokraterna.se\/varmdo\/politikomraden\/","title":{"rendered":"Centrala politikomr\u00e5den p\u00e5 riksplanet"},"content":{"rendered":"<h3>Arbete och f\u00f6retagande<\/h3>\n<p>Fler m\u00e5ste ha ett jobb att g\u00e5 till. Idag \u00e4r tr\u00f6sklarna in p\u00e5 arbetsmarknaden f\u00f6r h\u00f6ga och alldeles f\u00f6r m\u00e5nga st\u00e5r utanf\u00f6r arbetslivet och m\u00f6jligheten att f\u00f6rs\u00f6rja sig sj\u00e4lv. Kristdemokraterna driver p\u00e5 f\u00f6r att f\u00e5 fler i arbete genom bland annat f\u00f6rst\u00e4rkta nystartsjobb, fler platser p\u00e5 Yrkesvux och f\u00f6rb\u00e4ttrad matchning p\u00e5 arbetsmarknaden.<br \/>\n<a href=\"https:\/\/kristdemokraterna.se\/var-politik\/politikomraden\/arbete--foretagande\">L\u00e4s mer om v\u00e5ra f\u00f6rslag<\/a><\/p>\n<h3>Ekonomi och skatter<\/h3>\n<p>Skatterna \u00e4r f\u00f6r h\u00f6ga i Sverige. Kristdemokraterna vill se l\u00e4gre skatter p\u00e5 arbete och pension f\u00f6r att fler ska f\u00e5 beh\u00e5lla mer av sina inkomster. D\u00e4rf\u00f6r genomf\u00f6r vi i regeringsst\u00e4llning breda skattes\u00e4nkningar f\u00f6r l\u00f6ntagare och pension\u00e4rer.<br \/>\n<a href=\"https:\/\/kristdemokraterna.se\/var-politik\/politikomraden\/ekonomi--skatter\">L\u00e4s mer om v\u00e5ra f\u00f6rslag<\/a><\/p>\n<h3>Europasamarbetet<\/h3>\n<p><i><\/i>Kristdemokraterna vill ha ett smalare och vassare EU med t\u00e4tare samarbete kring trygghet, milj\u00f6, migrations- och handelsfr\u00e5gor.<br \/>\n<a href=\"https:\/\/kristdemokraterna.se\/var-politik\/politikomraden\/om-europasamarbetet\">L\u00e4s mer om v\u00e5ra f\u00f6rslag<\/a><\/p>\n<h3>Familj<\/h3>\n<p>Kristdemokraterna vill st\u00e4rka familjens roll i samh\u00e4llet. Familjen \u00e4r den viktigaste gemenskapen och den grund som samh\u00e4llet st\u00e5r p\u00e5. Barn som v\u00e4xer upp i trygga familjer f\u00e5r goda f\u00f6ruts\u00e4ttningar att klara livets utmaningar. Politiken ska d\u00e4rf\u00f6r st\u00f6dja familjerna, inte styra. Kristdemokraterna vill uppv\u00e4rdera f\u00f6r\u00e4ldraskapet, m\u00f6jligg\u00f6ra mer tid f\u00f6r barnen, \u00f6ka familjers handlingsutrymme, m\u00f6jligg\u00f6ra olika barnomsorgsformer samt st\u00e4rka barnfamiljers ekonomi.<br \/>\n<a href=\"https:\/\/kristdemokraterna.se\/var-politik\/politikomraden\/familj\">L\u00e4s mer om v\u00e5ra f\u00f6rslag<\/a><\/p>\n<h3>F\u00f6rsvar<\/h3>\n<p><i><\/i>Sveriges f\u00f6rsvar \u00e4r f\u00f6r litet f\u00f6r att kunna m\u00f6ta det allvarliga s\u00e4kerhetspolitiska l\u00e4get. Det svenska f\u00f6rsvaret ska kunna m\u00f6ta ett v\u00e4pnat angrepp mot Sverige. Medborgarnas frihet och trygghet i det dagliga livet bygger ytterst p\u00e5 att staten kan tillgodose s\u00e5v\u00e4l inre som yttre s\u00e4kerhet. Ett starkt f\u00f6rsvar av Sverige inneb\u00e4r ocks\u00e5 ett starkt f\u00f6rsvar av friheten, demokratin och respekten f\u00f6r m\u00e4nniskov\u00e4rdet. Kristdemokraterna anser d\u00e4rf\u00f6r att ett starkt f\u00f6rsvar alltid ska vara statens k\u00e4rnuppgift. Sveriges f\u00f6rsvar \u00e4r f\u00f6r litet f\u00f6r att kunna m\u00f6ta det allvarliga s\u00e4kerhetspolitiska l\u00e4get. Det svenska f\u00f6rsvaret ska kunna m\u00f6ta ett v\u00e4pnat angrepp mot Sverige. Medborgarnas frihet och trygghet i det dagliga livet bygger ytterst p\u00e5 att staten kan tillgodose s\u00e5v\u00e4l inre som yttre s\u00e4kerhet. Ett starkt f\u00f6rsvar av Sverige inneb\u00e4r ocks\u00e5 ett starkt f\u00f6rsvar av friheten, demokratin och respekten f\u00f6r m\u00e4nniskov\u00e4rdet. Kristdemokraterna anser d\u00e4rf\u00f6r att ett starkt f\u00f6rsvar alltid ska vara statens k\u00e4rnuppgift.<\/p>\n<p><a href=\"https:\/\/kristdemokraterna.se\/var-politik\/politikomraden\/forsvar\">L\u00e4s mer om v\u00e5ra f\u00f6rslag <\/a><\/p>\n<h3>Jord- och skogsbruk<\/h3>\n<p>Vi vill att jordbruket ska kunna f\u00f6rse hela Sverige med livsmedel. Idag \u00e4r Sveriges sj\u00e4lvf\u00f6rs\u00f6rjningsgrad alldeles f\u00f6r l\u00e5g. Vi vill ge b\u00f6nderna minskat regelkr\u00e5ngel och b\u00e4ttre ekonomiska f\u00f6ruts\u00e4ttningar. Det \u00f6kar ocks\u00e5 det svenska jordbrukets konkurrenskraft.<br \/>\n<a href=\"http:\/\/kristdemokraterna.se\/var-politik\/politikomraden\/jord--skogsbruk\">L\u00e4s mer om v\u00e5ra f\u00f6rslag<\/a><\/p>\n<h3>J\u00e4mst\u00e4lldhet<\/h3>\n<div id=\"svid12_533f690b17f7294399b14f40\" class=\"sv-text-portlet sv-use-margins\">\n<div class=\"sv-text-portlet-content\">\n<p class=\"font-description\">Kvinnor och m\u00e4n ska ha lika villkor att forma sitt liv utifr\u00e5n sina egna \u00f6nskem\u00e5l. D\u00e4r \u00e4r samh\u00e4llet inte i dag. Det finns hem d\u00e4r kvinnor inte f\u00e5r g\u00e5 ut eller v\u00e4lja vem de vill gifta sig med. Utseendefixering och h\u00e5rda prestationskrav skapar stress och driver m\u00e5nga unga kvinnor mot psykisk oh\u00e4lsa. V\u00e5ld i n\u00e4ra relationer \u00e4r ett allvarligt, och till stora delar dolt, samh\u00e4llsproblem.<\/p>\n<\/div>\n<\/div>\n<p><a href=\"https:\/\/kristdemokraterna.se\/var-politik\/politikomraden\/jamstalldhet\">L\u00e4s mer om v\u00e5ra f\u00f6rslag<\/a><\/p>\n<h3>Kommunikationer och IT<\/h3>\n<div id=\"svid12_533f690b17f7294399b14f35\" class=\"sv-text-portlet sv-use-margins\">\n<div class=\"sv-text-portlet-content\">\n<p class=\"font-description\">Vi vill ha goda transport- och kommunikationsm\u00f6jligheter \u00f6ver hela Sverige. Vi vill f\u00f6rb\u00e4ttra m\u00e4nniskors vardag, exempelvis genom ett s\u00e4kert helt\u00e4ckande v\u00e4gn\u00e4t i hela Sverige, b\u00e4ttre cykelv\u00e4gar och god kollektivtrafik i st\u00e4derna.<\/p>\n<\/div>\n<\/div>\n<p><a href=\"https:\/\/kristdemokraterna.se\/var-politik\/politikomraden\/kommunikationer--it\">L\u00e4s mer om v\u00e5ra f\u00f6rslag<\/a><\/p>\n<h3>Kultur och media<\/h3>\n<p><i><\/i>Kultur uppst\u00e5r i m\u00f6tet mellan m\u00e4nniskor och skapas av oss alla gemensamt. Kulturen ger oss mening i nuet, men kulturen b\u00e4r ocks\u00e5 v\u00e5ra historiska r\u00f6tter och f\u00f6der visioner f\u00f6r framtiden. Kulturen bidrar till att vidga den egna verkligheten och fantasin. Den kan hj\u00e4lpa oss att v\u00e4xa som empatiska och ink\u00e4nnande m\u00e4nniskor. Kulturen, precis som moralen, h\u00e5ller ihop gemenskaper och skapar f\u00f6ruts\u00e4ttningar f\u00f6r ett gott samh\u00e4lle.<br \/>\n<a href=\"https:\/\/kristdemokraterna.se\/var-politik\/politikomraden\/kultur\">L\u00e4s mer om v\u00e5ra f\u00f6rslag<\/a><\/p>\n<h3>Migration och integration<\/h3>\n<p>F\u00f6r Kristdemokraterna \u00e4r det centralt att migrationspolitiken \u00e4r l\u00e5ngsiktigt ansvarsfull, r\u00e4ttss\u00e4ker, human och \u00f6verblickbar. Sverige har tidigare tagit emot fler asyls\u00f6kande \u00e4n vi klarat av att integrera och inte tagit krafttag mot utnyttjandet av asylsystemet och framv\u00e4xten av parallellsamh\u00e4llen. Kristdemokraterna menar att det svenska samh\u00e4llet brustit i ansvaret att introducera nyanl\u00e4nda inv\u00e5nare i de grundl\u00e4ggande v\u00e4rderingar och normer som r\u00e5der i Sverige. En annan viktig del i att \u00e5stadkomma en lyckad integration \u00e4r tydliga f\u00f6rv\u00e4ntningar p\u00e5 den nyanl\u00e4ndes eget initiativ och bidrag f\u00f6r att inkluderas i det svenska samh\u00e4llet. Det svenska samh\u00e4llets tidigare avsaknad av positiva f\u00f6rv\u00e4ntningar p\u00e5 de nyanl\u00e4nda har avsev\u00e4rt f\u00f6rsv\u00e5rat integrationen. Kristdemokraterna har i regeringsst\u00e4llning arbetat f\u00f6romfattande reformer f\u00f6r att komma till r\u00e4tta med dessa brister. En lyckad integration kr\u00e4ver en fortsatt stram migrationspolitik d\u00e4r det \u00e4r rimligt att prioritera de mest utsatta flyktingarna.<\/p>\n<p>S\u00e4kra och lagliga v\u00e4gar, s\u00e5som kvotflyktingsystemet, b\u00f6r d\u00e4rf\u00f6r vara den huvudsakliga metoden att s\u00f6ka asyl i Sverige. Utg\u00e5ngspunkten \u00e4r att flyktingar och alternativt skyddsbeh\u00f6vande s\u00f6ker skydd i f\u00f6rsta s\u00e4kra land, att v\u00e4rna asylr\u00e4tten, att f\u00f6rsvara \u00f6ppenheten och den fria r\u00f6rligheten inom EU genom st\u00e4rkt kontroll av EU:s yttre gr\u00e4ns. Vi vill motverka irregulj\u00e4r migration, motverka m\u00e4nniskosmuggling och ha ett st\u00f6rre fokus p\u00e5 att hj\u00e4lpa flyktingar i n\u00e4romr\u00e5det.<\/p>\n<p><i><\/i><a href=\"http:\/\/kristdemokraterna.se\/var-politik\/politikomraden\/migration-och-integration\">L\u00e4s mer om v\u00e5ra f\u00f6rslag<\/a><\/p>\n<h3>Milj\u00f6 och energi<\/h3>\n<p><i><\/i>Vi ska \u00f6verl\u00e4mna en v\u00e4rld som n\u00e4sta generation kan ha som hem. D\u00e4rf\u00f6r beh\u00f6ver vi en ansvarsfull politik som brukar och respekterar v\u00e5r naturmilj\u00f6 med dess livsbetingelser f\u00f6r olika arter och som resurs f\u00f6r m\u00e4nniskan. Vi vill st\u00e4lla om till en l\u00e5ngsiktigt h\u00e5llbar energif\u00f6rs\u00f6rjning, vilket bidrar till m\u00e4nniskors v\u00e4lf\u00e4rd. Det \u00e4r ett etiskt problem att det fr\u00e4mst \u00e4r v\u00e4rldens fattigaste m\u00e4nniskor som betalar det h\u00f6gsta priset n\u00e4r jordens medeltemperatur \u00f6kar.<\/p>\n<p><a href=\"https:\/\/kristdemokraterna.se\/var-politik\/politikomraden\/miljo--energi\">L\u00e4s mer om v\u00e5ra f\u00f6rslag<\/a><\/p>\n<h3>Skola och utbildning<\/h3>\n<p>V\u00e5r utbildningspolitik fokuserar p\u00e5 kunskap, klassisk bildning och arbetsro. Vi arbetar f\u00f6r en skola d\u00e4r ingen h\u00e5lls tillbaka, ingen l\u00e4mnas efter och d\u00e4r alla barn behandlas med respekt.<\/p>\n<p><a href=\"http:\/\/kristdemokraterna.se\/var-politik\/politikomraden\/skola--utbildning\">L\u00e4s mer om v\u00e5ra f\u00f6rslag<\/a><\/p>\n<h3>Trossamfund och religion<\/h3>\n<p><i><\/i>Kristen etik utg\u00f6r till stor del den v\u00e4rdegrund som v\u00e5rt samh\u00e4lle vilar p\u00e5. Att vara medveten om sin egen historiska identitet skapar trygga medborgare och \u00e4r en viktig f\u00f6ruts\u00e4ttning f\u00f6r att kunna f\u00f6rst\u00e5 m\u00e4nniskor med annan religi\u00f6s och kulturell bakgrund. Civilsamh\u00e4llet \u00e4r en av samh\u00e4llets grundbultar och v\u00e5r politik str\u00e4var efter att st\u00e4rka det civila samh\u00e4llet och d\u00e4rmed de mellanm\u00e4nskliga kontakterna. H\u00e4r ing\u00e5r hj\u00e4lporganisationer, kyrkor, idrottsf\u00f6reningar och sociala f\u00f6retag.<br \/>\n<a href=\"https:\/\/kristdemokraterna.se\/var-politik\/politikomraden\/trossamfund--religion\">L\u00e4s mer om v\u00e5ra f\u00f6rslag.<\/a><\/p>\n<h3>V\u00e5rd och omsorg<\/h3>\n<p>Svensk h\u00e4lso- och sjukv\u00e5rd och \u00e4ldreomsorg h\u00e5ller en god kvalitet och har h\u00f6gt f\u00f6rtroende. Samtidigt finns flera utmaningar. Sedan vi tilltr\u00e4dde i regeringen 2022 har Kristdemokraterna sj\u00f6satt flertalet av satsningarna nedan. Vi driver p\u00e5 f\u00f6r att f\u00f6rb\u00e4ttra v\u00e5rden och st\u00e4rka \u00e4ldreomsorgen.<br \/>\n<a href=\"https:\/\/kristdemokraterna.se\/var-politik\/politikomraden\/vard--omsorg\">L\u00e4s mer om v\u00e5ra f\u00f6rslag<\/a><\/p>\n","protected":false},"excerpt":{"rendered":"<p>Arbete och f\u00f6retagande Fler m\u00e5ste ha ett jobb att g\u00e5 till. Idag \u00e4r tr\u00f6sklarna in p\u00e5 arbetsmarknaden f\u00f6r h\u00f6ga och alldeles f\u00f6r m\u00e5nga st\u00e5r utanf\u00f6r arbetslivet och m\u00f6jligheten att f\u00f6rs\u00f6rja sig sj\u00e4lv. Kristdemokraterna driver p\u00e5 f\u00f6r att f\u00e5 fler i arbete genom bland annat f\u00f6rst\u00e4rkta nystartsjobb, fler platser p\u00e5 Yrkesvux och f\u00f6rb\u00e4ttrad matchning p\u00e5 arbetsmarknaden. <a class=\"read-more-link\" href=\"https:\/\/wp.kristdemokraterna.se\/varmdo\/politikomraden\/\">Read More<\/a><\/p>\n","protected":false},"author":771,"featured_media":0,"parent":0,"menu_order":0,"comment_status":"closed","ping_status":"closed","template":"","meta":{"_acf_changed":false,"footnotes":""},"class_list":["post-683","page","type-page","status-publish","hentry"],"acf":[],"yoast_head":"<!-- This site is optimized with the Yoast SEO plugin v27.3 - https:\/\/yoast.com\/product\/yoast-seo-wordpress\/ -->\n<title>Centrala politikomr\u00e5den p\u00e5 riksplanet - Kristdemokraterna i V\u00e4rmd\u00f6<\/title>\n<meta name=\"robots\" content=\"index, follow, max-snippet:-1, max-image-preview:large, max-video-preview:-1\" \/>\n<link rel=\"canonical\" href=\"https:\/\/wp.kristdemokraterna.se\/varmdo\/politikomraden\/\" \/>\n<meta property=\"og:locale\" content=\"sv_SE\" \/>\n<meta property=\"og:type\" content=\"article\" \/>\n<meta property=\"og:title\" content=\"Centrala politikomr\u00e5den p\u00e5 riksplanet - Kristdemokraterna i V\u00e4rmd\u00f6\" \/>\n<meta property=\"og:description\" content=\"Arbete och f\u00f6retagande Fler m\u00e5ste ha ett jobb att g\u00e5 till. Idag \u00e4r tr\u00f6sklarna in p\u00e5 arbetsmarknaden f\u00f6r h\u00f6ga och alldeles f\u00f6r m\u00e5nga st\u00e5r utanf\u00f6r arbetslivet och m\u00f6jligheten att f\u00f6rs\u00f6rja sig sj\u00e4lv. Kristdemokraterna driver p\u00e5 f\u00f6r att f\u00e5 fler i arbete genom bland annat f\u00f6rst\u00e4rkta nystartsjobb, fler platser p\u00e5 Yrkesvux och f\u00f6rb\u00e4ttrad matchning p\u00e5 arbetsmarknaden. Read More\" \/>\n<meta property=\"og:url\" content=\"https:\/\/wp.kristdemokraterna.se\/varmdo\/politikomraden\/\" \/>\n<meta property=\"og:site_name\" content=\"Kristdemokraterna i V\u00e4rmd\u00f6\" \/>\n<meta property=\"article:modified_time\" content=\"2026-03-05T15:01:32+00:00\" \/>\n<meta name=\"twitter:card\" content=\"summary_large_image\" \/>\n<meta name=\"twitter:label1\" content=\"Ber\u00e4knad l\u00e4stid\" \/>\n\t<meta name=\"twitter:data1\" content=\"6 minuter\" \/>\n<script type=\"application\/ld+json\" class=\"yoast-schema-graph\">{\"@context\":\"https:\\\/\\\/schema.org\",\"@graph\":[{\"@type\":\"WebPage\",\"@id\":\"https:\\\/\\\/wp.kristdemokraterna.se\\\/varmdo\\\/politikomraden\\\/\",\"url\":\"https:\\\/\\\/wp.kristdemokraterna.se\\\/varmdo\\\/politikomraden\\\/\",\"name\":\"Centrala politikomr\u00e5den p\u00e5 riksplanet - Kristdemokraterna i V\u00e4rmd\u00f6\",\"isPartOf\":{\"@id\":\"https:\\\/\\\/wp.kristdemokraterna.se\\\/varmdo\\\/#website\"},\"datePublished\":\"2018-05-02T18:52:44+00:00\",\"dateModified\":\"2026-03-05T15:01:32+00:00\",\"breadcrumb\":{\"@id\":\"https:\\\/\\\/wp.kristdemokraterna.se\\\/varmdo\\\/politikomraden\\\/#breadcrumb\"},\"inLanguage\":\"sv-SE\",\"potentialAction\":[{\"@type\":\"ReadAction\",\"target\":[\"https:\\\/\\\/wp.kristdemokraterna.se\\\/varmdo\\\/politikomraden\\\/\"]}]},{\"@type\":\"BreadcrumbList\",\"@id\":\"https:\\\/\\\/wp.kristdemokraterna.se\\\/varmdo\\\/politikomraden\\\/#breadcrumb\",\"itemListElement\":[{\"@type\":\"ListItem\",\"position\":1,\"name\":\"Hem\",\"item\":\"https:\\\/\\\/wp.kristdemokraterna.se\\\/varmdo\\\/\"},{\"@type\":\"ListItem\",\"position\":2,\"name\":\"Centrala politikomr\u00e5den p\u00e5 riksplanet\"}]},{\"@type\":\"WebSite\",\"@id\":\"https:\\\/\\\/wp.kristdemokraterna.se\\\/varmdo\\\/#website\",\"url\":\"https:\\\/\\\/wp.kristdemokraterna.se\\\/varmdo\\\/\",\"name\":\"Kristdemokraterna i V\u00e4rmd\u00f6\",\"description\":\"En till Kristdemokraterna webbplats\",\"inLanguage\":\"sv-SE\"}]}<\/script>\n<!-- \/ Yoast SEO plugin. -->","yoast_head_json":{"title":"Centrala politikomr\u00e5den p\u00e5 riksplanet - Kristdemokraterna i V\u00e4rmd\u00f6","robots":{"index":"index","follow":"follow","max-snippet":"max-snippet:-1","max-image-preview":"max-image-preview:large","max-video-preview":"max-video-preview:-1"},"canonical":"https:\/\/wp.kristdemokraterna.se\/varmdo\/politikomraden\/","og_locale":"sv_SE","og_type":"article","og_title":"Centrala politikomr\u00e5den p\u00e5 riksplanet - Kristdemokraterna i V\u00e4rmd\u00f6","og_description":"Arbete och f\u00f6retagande Fler m\u00e5ste ha ett jobb att g\u00e5 till. Idag \u00e4r tr\u00f6sklarna in p\u00e5 arbetsmarknaden f\u00f6r h\u00f6ga och alldeles f\u00f6r m\u00e5nga st\u00e5r utanf\u00f6r arbetslivet och m\u00f6jligheten att f\u00f6rs\u00f6rja sig sj\u00e4lv. Kristdemokraterna driver p\u00e5 f\u00f6r att f\u00e5 fler i arbete genom bland annat f\u00f6rst\u00e4rkta nystartsjobb, fler platser p\u00e5 Yrkesvux och f\u00f6rb\u00e4ttrad matchning p\u00e5 arbetsmarknaden. Read More","og_url":"https:\/\/wp.kristdemokraterna.se\/varmdo\/politikomraden\/","og_site_name":"Kristdemokraterna i V\u00e4rmd\u00f6","article_modified_time":"2026-03-05T15:01:32+00:00","twitter_card":"summary_large_image","twitter_misc":{"Ber\u00e4knad l\u00e4stid":"6 minuter"},"schema":{"@context":"https:\/\/schema.org","@graph":[{"@type":"WebPage","@id":"https:\/\/wp.kristdemokraterna.se\/varmdo\/politikomraden\/","url":"https:\/\/wp.kristdemokraterna.se\/varmdo\/politikomraden\/","name":"Centrala politikomr\u00e5den p\u00e5 riksplanet - Kristdemokraterna i V\u00e4rmd\u00f6","isPartOf":{"@id":"https:\/\/wp.kristdemokraterna.se\/varmdo\/#website"},"datePublished":"2018-05-02T18:52:44+00:00","dateModified":"2026-03-05T15:01:32+00:00","breadcrumb":{"@id":"https:\/\/wp.kristdemokraterna.se\/varmdo\/politikomraden\/#breadcrumb"},"inLanguage":"sv-SE","potentialAction":[{"@type":"ReadAction","target":["https:\/\/wp.kristdemokraterna.se\/varmdo\/politikomraden\/"]}]},{"@type":"BreadcrumbList","@id":"https:\/\/wp.kristdemokraterna.se\/varmdo\/politikomraden\/#breadcrumb","itemListElement":[{"@type":"ListItem","position":1,"name":"Hem","item":"https:\/\/wp.kristdemokraterna.se\/varmdo\/"},{"@type":"ListItem","position":2,"name":"Centrala politikomr\u00e5den p\u00e5 riksplanet"}]},{"@type":"WebSite","@id":"https:\/\/wp.kristdemokraterna.se\/varmdo\/#website","url":"https:\/\/wp.kristdemokraterna.se\/varmdo\/","name":"Kristdemokraterna i V\u00e4rmd\u00f6","description":"En till Kristdemokraterna webbplats","inLanguage":"sv-SE"}]}},"_links":{"self":[{"href":"https:\/\/wp.kristdemokraterna.se\/varmdo\/wp-json\/wp\/v2\/pages\/683","targetHints":{"allow":["GET"]}}],"collection":[{"href":"https:\/\/wp.kristdemokraterna.se\/varmdo\/wp-json\/wp\/v2\/pages"}],"about":[{"href":"https:\/\/wp.kristdemokraterna.se\/varmdo\/wp-json\/wp\/v2\/types\/page"}],"author":[{"embeddable":true,"href":"https:\/\/wp.kristdemokraterna.se\/varmdo\/wp-json\/wp\/v2\/users\/771"}],"replies":[{"embeddable":true,"href":"https:\/\/wp.kristdemokraterna.se\/varmdo\/wp-json\/wp\/v2\/comments?post=683"}],"version-history":[{"count":5,"href":"https:\/\/wp.kristdemokraterna.se\/varmdo\/wp-json\/wp\/v2\/pages\/683\/revisions"}],"predecessor-version":[{"id":1253,"href":"https:\/\/wp.kristdemokraterna.se\/varmdo\/wp-json\/wp\/v2\/pages\/683\/revisions\/1253"}],"wp:attachment":[{"href":"https:\/\/wp.kristdemokraterna.se\/varmdo\/wp-json\/wp\/v2\/media?parent=683"}],"curies":[{"name":"wp","href":"https:\/\/api.w.org\/{rel}","templated":true}]}}