{"id":693,"date":"2018-05-02T21:14:55","date_gmt":"2018-05-02T19:14:55","guid":{"rendered":"http:\/\/wp.kristdemokraterna.se\/varmdo\/?page_id=693"},"modified":"2022-06-12T13:00:21","modified_gmt":"2022-06-12T11:00:21","slug":"gymnasieskola","status":"publish","type":"page","link":"https:\/\/wp.kristdemokraterna.se\/varmdo\/val-2022\/valmanifest-2022\/gymnasieskola\/","title":{"rendered":"Ett tryggare V\u00e4rmd\u00f6"},"content":{"rendered":"<p>Sverige beh\u00f6ver fler poliser, polisen beh\u00f6ver fler maktmedel och vi beh\u00f6ver sk\u00e4rpta straff. Men vi f\u00e5r inte gl\u00f6mma det f\u00f6rebyggande arbetet och arbetet f\u00f6r att i alla l\u00e4gen st\u00f6tta familjen. Familjens roll att fostra och leda de unga \u00e4r av st\u00f6rsta vikt.<\/p>\n<p>F\u00f6r att en kommun ska vara attraktiv kr\u00e4vs det att medborgarna upplever den som trygg. Att bygga ett samh\u00e4lle d\u00e4r m\u00e4nniskor k\u00e4nner sig trygga handlar om att ta till sig en m\u00e4ngd olika perspektiv. Alltifr\u00e5n att skapa naturliga m\u00f6tesplatser och hur vi arbetar med ljuss\u00e4ttning till att bek\u00e4mpa organiserad brottslighet och allt d\u00e4remellan. I grunden handlar det dock om ett samh\u00e4lle d\u00e4r medborgarna k\u00e4nner tillit, tillit till varandra och tillit till samh\u00e4llets institutioner. H\u00e4r fyller det civila samh\u00e4llet en betydelsefull roll. I f\u00f6reningsengagemang fostras vi till tillit, ansvarstagande och civilkurage.<\/p>\n<p>Sedan millennieskiftet har tyv\u00e4rr grovt kriminella ungdomsg\u00e4ng blivit ett fenomen i Sverige. M\u00e5nga upplever att otryggheten har \u00f6kat.<\/p>\n<p><strong>Kristdemokraterna anser att:<\/strong><\/p>\n<ul>\n<li>arbetet med belysningsstrategin ska forts\u00e4tta. \u00d6kad belysning \u00e4r fr\u00e5n brottspreventionssynpunkt den mest kostnadseffektiva \u00e5tg\u00e4rden.<\/li>\n<li>polisen ska finnas etablerad i kommunen.<\/li>\n<li>aktivt uppf\u00f6ljningsarbete ska g\u00f6ras inom socialtj\u00e4nsten f\u00f6r att uppm\u00e4rksamma personer som \u00e5terkommande f\u00f6rekommer i \u00e4renden inom barn- och ungdomsenheten.<\/li>\n<li>otryggheten i Gustavsbergs centrum \u00f6kar. Gustavsbergsprojektet m\u00e5ste intensifieras.<\/li>\n<li>trygghetsperspektivet ska vara en integrerad del i stadsbyggnadsarbetet f\u00f6r att undvika att milj\u00f6er skapas som upplevs otrygga.<\/li>\n<li>klotter ska omedelbart avl\u00e4gsnas f\u00f6r att minska upplevelsen av otrygghet. Det b\u00f6r g\u00f6ras m\u00f6jligt att p\u00e5 V\u00e4rmd\u00f6 kommuns hemsida anm\u00e4la klotter om inte kommunen ska utveckla en app.<\/li>\n<li>kommunen ska ha en v\u00e4l upparbetad kontakt med polisen f\u00f6r att tillsammans kunna motverka organiserad brottslighet.<\/li>\n<li>dialog ska f\u00f6ras mellan kommunen och polisen med syfte att komma fram till s\u00e5 kallade medborgarl\u00f6ften som en del i det brottsf\u00f6rebyggande och trygghetsskapande arbetet.<\/li>\n<li>Familjecentral \u00e4r en viktig f\u00f6rebyggande och trygghetsskapande m\u00f6tesplats som ska finnas i V\u00e4rmd\u00f6.<\/li>\n<\/ul>\n","protected":false},"excerpt":{"rendered":"<p>Sverige beh\u00f6ver fler poliser, polisen beh\u00f6ver fler maktmedel och vi beh\u00f6ver sk\u00e4rpta straff. Men vi f\u00e5r inte gl\u00f6mma det f\u00f6rebyggande arbetet och arbetet f\u00f6r att i alla l\u00e4gen st\u00f6tta familjen. Familjens roll att fostra och leda de unga \u00e4r av st\u00f6rsta vikt. F\u00f6r att en kommun ska vara attraktiv kr\u00e4vs det att medborgarna upplever den <a class=\"read-more-link\" href=\"https:\/\/wp.kristdemokraterna.se\/varmdo\/val-2022\/valmanifest-2022\/gymnasieskola\/\">Read More<\/a><\/p>\n","protected":false},"author":771,"featured_media":0,"parent":637,"menu_order":0,"comment_status":"closed","ping_status":"closed","template":"","meta":{"_acf_changed":false,"footnotes":""},"class_list":["post-693","page","type-page","status-publish","hentry"],"acf":[],"yoast_head":"<!-- This site is optimized with the Yoast SEO plugin v27.3 - https:\/\/yoast.com\/product\/yoast-seo-wordpress\/ -->\n<title>Ett tryggare V\u00e4rmd\u00f6 - Kristdemokraterna i V\u00e4rmd\u00f6<\/title>\n<meta name=\"robots\" content=\"index, follow, max-snippet:-1, max-image-preview:large, max-video-preview:-1\" \/>\n<link rel=\"canonical\" href=\"https:\/\/wp.kristdemokraterna.se\/varmdo\/val-2022\/valmanifest-2022\/gymnasieskola\/\" \/>\n<meta property=\"og:locale\" content=\"sv_SE\" \/>\n<meta property=\"og:type\" content=\"article\" \/>\n<meta property=\"og:title\" content=\"Ett tryggare V\u00e4rmd\u00f6 - Kristdemokraterna i V\u00e4rmd\u00f6\" \/>\n<meta property=\"og:description\" content=\"Sverige beh\u00f6ver fler poliser, polisen beh\u00f6ver fler maktmedel och vi beh\u00f6ver sk\u00e4rpta straff. Men vi f\u00e5r inte gl\u00f6mma det f\u00f6rebyggande arbetet och arbetet f\u00f6r att i alla l\u00e4gen st\u00f6tta familjen. Familjens roll att fostra och leda de unga \u00e4r av st\u00f6rsta vikt. F\u00f6r att en kommun ska vara attraktiv kr\u00e4vs det att medborgarna upplever den Read More\" \/>\n<meta property=\"og:url\" content=\"https:\/\/wp.kristdemokraterna.se\/varmdo\/val-2022\/valmanifest-2022\/gymnasieskola\/\" \/>\n<meta property=\"og:site_name\" content=\"Kristdemokraterna i V\u00e4rmd\u00f6\" \/>\n<meta property=\"article:modified_time\" content=\"2022-06-12T11:00:21+00:00\" \/>\n<meta name=\"twitter:card\" content=\"summary_large_image\" \/>\n<meta name=\"twitter:label1\" content=\"Ber\u00e4knad l\u00e4stid\" \/>\n\t<meta name=\"twitter:data1\" content=\"2 minuter\" \/>\n<script type=\"application\/ld+json\" class=\"yoast-schema-graph\">{\"@context\":\"https:\\\/\\\/schema.org\",\"@graph\":[{\"@type\":\"WebPage\",\"@id\":\"https:\\\/\\\/wp.kristdemokraterna.se\\\/varmdo\\\/val-2022\\\/valmanifest-2022\\\/gymnasieskola\\\/\",\"url\":\"https:\\\/\\\/wp.kristdemokraterna.se\\\/varmdo\\\/val-2022\\\/valmanifest-2022\\\/gymnasieskola\\\/\",\"name\":\"Ett tryggare V\u00e4rmd\u00f6 - Kristdemokraterna i V\u00e4rmd\u00f6\",\"isPartOf\":{\"@id\":\"https:\\\/\\\/wp.kristdemokraterna.se\\\/varmdo\\\/#website\"},\"datePublished\":\"2018-05-02T19:14:55+00:00\",\"dateModified\":\"2022-06-12T11:00:21+00:00\",\"breadcrumb\":{\"@id\":\"https:\\\/\\\/wp.kristdemokraterna.se\\\/varmdo\\\/val-2022\\\/valmanifest-2022\\\/gymnasieskola\\\/#breadcrumb\"},\"inLanguage\":\"sv-SE\",\"potentialAction\":[{\"@type\":\"ReadAction\",\"target\":[\"https:\\\/\\\/wp.kristdemokraterna.se\\\/varmdo\\\/val-2022\\\/valmanifest-2022\\\/gymnasieskola\\\/\"]}]},{\"@type\":\"BreadcrumbList\",\"@id\":\"https:\\\/\\\/wp.kristdemokraterna.se\\\/varmdo\\\/val-2022\\\/valmanifest-2022\\\/gymnasieskola\\\/#breadcrumb\",\"itemListElement\":[{\"@type\":\"ListItem\",\"position\":1,\"name\":\"Hem\",\"item\":\"https:\\\/\\\/wp.kristdemokraterna.se\\\/varmdo\\\/\"},{\"@type\":\"ListItem\",\"position\":2,\"name\":\"Valet 2026\",\"item\":\"https:\\\/\\\/wp.kristdemokraterna.se\\\/varmdo\\\/val-2022\\\/\"},{\"@type\":\"ListItem\",\"position\":3,\"name\":\"Handlingsprogram 2022-2026\",\"item\":\"https:\\\/\\\/wp.kristdemokraterna.se\\\/varmdo\\\/val-2022\\\/valmanifest-2022\\\/\"},{\"@type\":\"ListItem\",\"position\":4,\"name\":\"Ett tryggare V\u00e4rmd\u00f6\"}]},{\"@type\":\"WebSite\",\"@id\":\"https:\\\/\\\/wp.kristdemokraterna.se\\\/varmdo\\\/#website\",\"url\":\"https:\\\/\\\/wp.kristdemokraterna.se\\\/varmdo\\\/\",\"name\":\"Kristdemokraterna i V\u00e4rmd\u00f6\",\"description\":\"En till Kristdemokraterna webbplats\",\"inLanguage\":\"sv-SE\"}]}<\/script>\n<!-- \/ Yoast SEO plugin. -->","yoast_head_json":{"title":"Ett tryggare V\u00e4rmd\u00f6 - Kristdemokraterna i V\u00e4rmd\u00f6","robots":{"index":"index","follow":"follow","max-snippet":"max-snippet:-1","max-image-preview":"max-image-preview:large","max-video-preview":"max-video-preview:-1"},"canonical":"https:\/\/wp.kristdemokraterna.se\/varmdo\/val-2022\/valmanifest-2022\/gymnasieskola\/","og_locale":"sv_SE","og_type":"article","og_title":"Ett tryggare V\u00e4rmd\u00f6 - Kristdemokraterna i V\u00e4rmd\u00f6","og_description":"Sverige beh\u00f6ver fler poliser, polisen beh\u00f6ver fler maktmedel och vi beh\u00f6ver sk\u00e4rpta straff. Men vi f\u00e5r inte gl\u00f6mma det f\u00f6rebyggande arbetet och arbetet f\u00f6r att i alla l\u00e4gen st\u00f6tta familjen. Familjens roll att fostra och leda de unga \u00e4r av st\u00f6rsta vikt. F\u00f6r att en kommun ska vara attraktiv kr\u00e4vs det att medborgarna upplever den Read More","og_url":"https:\/\/wp.kristdemokraterna.se\/varmdo\/val-2022\/valmanifest-2022\/gymnasieskola\/","og_site_name":"Kristdemokraterna i V\u00e4rmd\u00f6","article_modified_time":"2022-06-12T11:00:21+00:00","twitter_card":"summary_large_image","twitter_misc":{"Ber\u00e4knad l\u00e4stid":"2 minuter"},"schema":{"@context":"https:\/\/schema.org","@graph":[{"@type":"WebPage","@id":"https:\/\/wp.kristdemokraterna.se\/varmdo\/val-2022\/valmanifest-2022\/gymnasieskola\/","url":"https:\/\/wp.kristdemokraterna.se\/varmdo\/val-2022\/valmanifest-2022\/gymnasieskola\/","name":"Ett tryggare V\u00e4rmd\u00f6 - Kristdemokraterna i V\u00e4rmd\u00f6","isPartOf":{"@id":"https:\/\/wp.kristdemokraterna.se\/varmdo\/#website"},"datePublished":"2018-05-02T19:14:55+00:00","dateModified":"2022-06-12T11:00:21+00:00","breadcrumb":{"@id":"https:\/\/wp.kristdemokraterna.se\/varmdo\/val-2022\/valmanifest-2022\/gymnasieskola\/#breadcrumb"},"inLanguage":"sv-SE","potentialAction":[{"@type":"ReadAction","target":["https:\/\/wp.kristdemokraterna.se\/varmdo\/val-2022\/valmanifest-2022\/gymnasieskola\/"]}]},{"@type":"BreadcrumbList","@id":"https:\/\/wp.kristdemokraterna.se\/varmdo\/val-2022\/valmanifest-2022\/gymnasieskola\/#breadcrumb","itemListElement":[{"@type":"ListItem","position":1,"name":"Hem","item":"https:\/\/wp.kristdemokraterna.se\/varmdo\/"},{"@type":"ListItem","position":2,"name":"Valet 2026","item":"https:\/\/wp.kristdemokraterna.se\/varmdo\/val-2022\/"},{"@type":"ListItem","position":3,"name":"Handlingsprogram 2022-2026","item":"https:\/\/wp.kristdemokraterna.se\/varmdo\/val-2022\/valmanifest-2022\/"},{"@type":"ListItem","position":4,"name":"Ett tryggare V\u00e4rmd\u00f6"}]},{"@type":"WebSite","@id":"https:\/\/wp.kristdemokraterna.se\/varmdo\/#website","url":"https:\/\/wp.kristdemokraterna.se\/varmdo\/","name":"Kristdemokraterna i V\u00e4rmd\u00f6","description":"En till Kristdemokraterna webbplats","inLanguage":"sv-SE"}]}},"_links":{"self":[{"href":"https:\/\/wp.kristdemokraterna.se\/varmdo\/wp-json\/wp\/v2\/pages\/693","targetHints":{"allow":["GET"]}}],"collection":[{"href":"https:\/\/wp.kristdemokraterna.se\/varmdo\/wp-json\/wp\/v2\/pages"}],"about":[{"href":"https:\/\/wp.kristdemokraterna.se\/varmdo\/wp-json\/wp\/v2\/types\/page"}],"author":[{"embeddable":true,"href":"https:\/\/wp.kristdemokraterna.se\/varmdo\/wp-json\/wp\/v2\/users\/771"}],"replies":[{"embeddable":true,"href":"https:\/\/wp.kristdemokraterna.se\/varmdo\/wp-json\/wp\/v2\/comments?post=693"}],"version-history":[{"count":5,"href":"https:\/\/wp.kristdemokraterna.se\/varmdo\/wp-json\/wp\/v2\/pages\/693\/revisions"}],"predecessor-version":[{"id":1104,"href":"https:\/\/wp.kristdemokraterna.se\/varmdo\/wp-json\/wp\/v2\/pages\/693\/revisions\/1104"}],"up":[{"embeddable":true,"href":"https:\/\/wp.kristdemokraterna.se\/varmdo\/wp-json\/wp\/v2\/pages\/637"}],"wp:attachment":[{"href":"https:\/\/wp.kristdemokraterna.se\/varmdo\/wp-json\/wp\/v2\/media?parent=693"}],"curies":[{"name":"wp","href":"https:\/\/api.w.org\/{rel}","templated":true}]}}