{"id":702,"date":"2018-05-03T07:51:28","date_gmt":"2018-05-03T05:51:28","guid":{"rendered":"http:\/\/wp.kristdemokraterna.se\/varmdo\/?page_id=702"},"modified":"2022-07-14T15:54:00","modified_gmt":"2022-07-14T13:54:00","slug":"sa-bygger-vi-varmdo","status":"publish","type":"page","link":"https:\/\/wp.kristdemokraterna.se\/varmdo\/val-2022\/valmanifest-2022\/sa-bygger-vi-varmdo\/","title":{"rendered":"S\u00e5 bygger vi V\u00e4rmd\u00f6"},"content":{"rendered":"<p>Ett samh\u00e4llsbyggande utifr\u00e5n en kristdemokratisk v\u00e4rdegrund inneb\u00e4r att planera f\u00f6r trygga och vackra milj\u00f6er. S\u00e4rskild h\u00e4nsyn b\u00f6r tas till arkitektoniska och kulturella v\u00e4rden samt V\u00e4rmd\u00f6s unika sm\u00e5skaliga sk\u00e4rg\u00e5rdskarakt\u00e4r. Vi beh\u00f6ver inte fler byggnader som sticker ut, vi beh\u00f6ver fler byggnader som sm\u00e4lter in. En god arkitektur g\u00f6r m\u00e4nniskor p\u00e5 gott hum\u00f6r men ocks\u00e5 positivt inst\u00e4llda till ny bebyggelse och v\u00e4lkomnande till nya kommuninv\u00e5nare.<\/p>\n<p>Visst beh\u00f6ver samh\u00e4llen f\u00f6rt\u00e4tas, men Kristdemokraterna anser att det r\u00e5der en f\u00f6rt\u00e4tningshysteri. En majoritet av svenskarna vill bo i villa, n\u00e5gon g\u00e5ng i livet. V\u00e4rmd\u00f6 lider av underskott p\u00e5 sm\u00e5hus.\u00a0 Vi vill se moderna tr\u00e4dg\u00e5rdsst\u00e4der i V\u00e4rmd\u00f6.<\/p>\n<p>F\u00f6r att utveckla sk\u00e4rg\u00e5rden beh\u00f6vs det skapas f\u00f6ruts\u00e4ttningar f\u00f6r bost\u00e4der i \u00f6verkomliga prisklasser \u00e4ven i sk\u00e4rg\u00e5rden.<\/p>\n<p>Bilen \u00e4r omistlig f\u00f6r m\u00e5nga V\u00e4rmd\u00f6s vardag. V\u00e4rmd\u00f6 \u00e4r inte S\u00f6dermalm. Det m\u00e5ste kommunen ta h\u00e4nsyn till i planeringen av nya bostadsomr\u00e5den. Vi s\u00e4ger nej till alltf\u00f6r l\u00e5ga P-normer i samband med planl\u00e4ggning av nya bostadsomr\u00e5den.<\/p>\n<p>De yttre centralorterna Djur\u00f6, Stavsn\u00e4s, Brunn och Hemmesta ska utvecklas med omsorg. Fastigheterna i de yttre centralorterna ska sm\u00e4lta in i omgivande arkitektur. Sex- eller sjuv\u00e5ningsh\u00f6ga fastigheter inte \u00e4r aktuella.<\/p>\n<p>V\u00e4rmd\u00f6s v\u00e4ginfrastruktur \u00e4r underdimensionerad. Det m\u00e5ste vi ta h\u00e4nsyn till i den fortsatta bebyggelseplaneringen.<\/p>\n<p><strong>Kristdemokraterna anser att:<\/strong><\/p>\n<ul>\n<li>vid planering av framtida bebyggelse i centrala omr\u00e5den ska Arkitekturprogrammet och tr\u00e4byggnadsstrategin vara styrande.<\/li>\n<li>det beh\u00f6vs ett helhetsgrepp p\u00e5 trafiksituationen vid M\u00f6lnvik, Grisslingerakan, \u00c5lst\u00e4ket och Sk\u00e4rg\u00e5rdsv\u00e4rden och Trafikverket m\u00e5ste prioritera V\u00e4rmd\u00f6s utsatta v\u00e4ginfrastruktur.<\/li>\n<li>f\u00f6r att undvika att v\u00e4garna sv\u00e4mmar \u00f6ver m\u00e5ste vi v\u00e4xa med f\u00f6rnuft.<\/li>\n<li>det m\u00e5ste planeras f\u00f6r nya bost\u00e4der i \u00f6verkomliga prisklasser p\u00e5 M\u00f6ja d\u00e4r kommunen \u00e4ger mark.<\/li>\n<li>kommunen ska bygga mer i modern tr\u00e4byggnation.<\/li>\n<li>om de boende vill inreda k\u00e4llare eller vind till bostad ska detta inte hindras i planerna i s k PFO-omr\u00e5den om inga s\u00e4rskilda sk\u00e4l f\u00f6religger.<\/li>\n<li>i en vidstr\u00e4ckt kommun som V\u00e4rmd\u00f6 kan inte bilen gl\u00f6mmas bort i planeringen av bostadsomr\u00e5den. V\u00e4rmd\u00f6borna \u00e4r och kommer under \u00f6versk\u00e5dlig framtid vara beroende av bilen.<\/li>\n<li>i de planerade centrumomr\u00e5dena ska bottenv\u00e5ningar s\u00e5 l\u00e5ngt som m\u00f6jligt planeras f\u00f6r annat \u00e4n bost\u00e4der s\u00e5som arbetsplatser och kommersiella verksamheter. Detta bidrar till en levande stad med r\u00f6relse.<\/li>\n<li>f\u00f6rskolor, skolor, \u00e4ldreboenden och LSS-bost\u00e4der ska finnas med tidigt i planarbetet.<\/li>\n<li>att\u00a0 arbetet med att ta bort 60\/40 begr\u00e4nsningen i kvarvarande omr\u00e5den ska forts\u00e4tta.<\/li>\n<li>Skurubron ska inte avgiftsfinansieras.<\/li>\n<li>ska vara \u00f6ppen att pr\u00f6va nya v\u00e4gl\u00f6sningar f\u00f6r b\u00e4ttre framkomlighet i flera kommundelar<\/li>\n<li>den \u00d6stliga f\u00f6rbindelsen ska byggas.<\/li>\n<li>f\u00f6rbindelserna till Vaxholm, Roslagen och de norra delarna av Stockholm b\u00f6r f\u00f6rb\u00e4ttras f\u00f6r att underl\u00e4tta f\u00f6r de som arbetar i de norra delarna av Stockholm.<\/li>\n<li>Gustavsbergsprojektet ska prioriteras.<\/li>\n<li>det beh\u00f6vs fler bost\u00e4der \u00e5t unga, till exempel genom korttidskontrakt<u>.<\/u><\/li>\n<li>kommunen ska uppmuntra hyresg\u00e4ster i V\u00e4rmd\u00f6 Bost\u00e4der som \u00f6nskar att ombilda till bostadsr\u00e4ttsf\u00f6rening. Det ger medel till V\u00e4rmd\u00f6 Bost\u00e4der att bygga nya hyresr\u00e4tter.<\/li>\n<li>V\u00e4rmd\u00f6 bostadsk\u00f6 ska tas tillbaka.<\/li>\n<li>V\u00e4rmd\u00f6 kommun har m\u00e5nga fritidshusomr\u00e5den som permanentas. F\u00f6r att V\u00e4rmd\u00f6 ska klara bostadsf\u00f6rs\u00f6rjningen m\u00e5ste kommunen vara tillm\u00f6tesg\u00e5ende s\u00e5 l\u00e5ngt det bara g\u00e5r till att skapa fler byggr\u00e4tter om de boende i omr\u00e5det s\u00e5 \u00f6nskar i samband med planl\u00e4ggningen.<\/li>\n<li>n\u00e4r nya omr\u00e5den planeras ska kommunen efterstr\u00e4va en blandning av olika uppl\u00e5telseformer.<\/li>\n<li>vid markanvisningar b\u00f6r kommunen s\u00e5 l\u00e5ngt m\u00f6jligt s\u00e4lja mindre marklotter f\u00f6r att underl\u00e4tta \u00e4ven f\u00f6r mindre byggherrar att k\u00f6pa mark.<\/li>\n<li>inga parkeringsavgifter ska tas ut p\u00e5 kommunala v\u00e4gar, kommunala parkeringar och infartsparkeringar.<\/li>\n<li>Trafikverket ska uppmuntras till att bygga om Trafikplats H\u00e5lludden och Ingar\u00f6krysset till moderna och fullt fungerande trafikplatser.<\/li>\n<li>i n\u00e4rheten av skolor ska planskilda \u00f6verg\u00e5ngar efterstr\u00e4vas i st\u00f6rsta m\u00f6jliga utstr\u00e4ckning s\u00e5 att barn p\u00e5 ett tryggt s\u00e4tt kan ta sig till och fr\u00e5n skolan.<\/li>\n<li>utveckla befintliga och skapa fler kommunala badplatser runt om i kommunen likt Grisslinge och S\u00f6dersved.<\/li>\n<\/ul>\n<p>&nbsp;<\/p>\n","protected":false},"excerpt":{"rendered":"<p>Ett samh\u00e4llsbyggande utifr\u00e5n en kristdemokratisk v\u00e4rdegrund inneb\u00e4r att planera f\u00f6r trygga och vackra milj\u00f6er. S\u00e4rskild h\u00e4nsyn b\u00f6r tas till arkitektoniska och kulturella v\u00e4rden samt V\u00e4rmd\u00f6s unika sm\u00e5skaliga sk\u00e4rg\u00e5rdskarakt\u00e4r. Vi beh\u00f6ver inte fler byggnader som sticker ut, vi beh\u00f6ver fler byggnader som sm\u00e4lter in. En god arkitektur g\u00f6r m\u00e4nniskor p\u00e5 gott hum\u00f6r men ocks\u00e5 positivt inst\u00e4llda <a class=\"read-more-link\" href=\"https:\/\/wp.kristdemokraterna.se\/varmdo\/val-2022\/valmanifest-2022\/sa-bygger-vi-varmdo\/\">Read More<\/a><\/p>\n","protected":false},"author":771,"featured_media":0,"parent":637,"menu_order":0,"comment_status":"closed","ping_status":"closed","template":"","meta":{"_acf_changed":false,"footnotes":""},"class_list":["post-702","page","type-page","status-publish","hentry"],"acf":[],"yoast_head":"<!-- This site is optimized with the Yoast SEO plugin v27.4 - https:\/\/yoast.com\/product\/yoast-seo-wordpress\/ -->\n<title>S\u00e5 bygger vi V\u00e4rmd\u00f6 - Kristdemokraterna i V\u00e4rmd\u00f6<\/title>\n<meta name=\"robots\" content=\"index, follow, max-snippet:-1, max-image-preview:large, max-video-preview:-1\" \/>\n<link rel=\"canonical\" href=\"https:\/\/wp.kristdemokraterna.se\/varmdo\/val-2022\/valmanifest-2022\/sa-bygger-vi-varmdo\/\" \/>\n<meta property=\"og:locale\" content=\"sv_SE\" \/>\n<meta property=\"og:type\" content=\"article\" \/>\n<meta property=\"og:title\" content=\"S\u00e5 bygger vi V\u00e4rmd\u00f6 - Kristdemokraterna i V\u00e4rmd\u00f6\" \/>\n<meta property=\"og:description\" content=\"Ett samh\u00e4llsbyggande utifr\u00e5n en kristdemokratisk v\u00e4rdegrund inneb\u00e4r att planera f\u00f6r trygga och vackra milj\u00f6er. S\u00e4rskild h\u00e4nsyn b\u00f6r tas till arkitektoniska och kulturella v\u00e4rden samt V\u00e4rmd\u00f6s unika sm\u00e5skaliga sk\u00e4rg\u00e5rdskarakt\u00e4r. Vi beh\u00f6ver inte fler byggnader som sticker ut, vi beh\u00f6ver fler byggnader som sm\u00e4lter in. En god arkitektur g\u00f6r m\u00e4nniskor p\u00e5 gott hum\u00f6r men ocks\u00e5 positivt inst\u00e4llda Read More\" \/>\n<meta property=\"og:url\" content=\"https:\/\/wp.kristdemokraterna.se\/varmdo\/val-2022\/valmanifest-2022\/sa-bygger-vi-varmdo\/\" \/>\n<meta property=\"og:site_name\" content=\"Kristdemokraterna i V\u00e4rmd\u00f6\" \/>\n<meta property=\"article:modified_time\" content=\"2022-07-14T13:54:00+00:00\" \/>\n<meta name=\"twitter:card\" content=\"summary_large_image\" \/>\n<meta name=\"twitter:label1\" content=\"Ber\u00e4knad l\u00e4stid\" \/>\n\t<meta name=\"twitter:data1\" content=\"3 minuter\" \/>\n<script type=\"application\/ld+json\" class=\"yoast-schema-graph\">{\"@context\":\"https:\\\/\\\/schema.org\",\"@graph\":[{\"@type\":\"WebPage\",\"@id\":\"https:\\\/\\\/wp.kristdemokraterna.se\\\/varmdo\\\/val-2022\\\/valmanifest-2022\\\/sa-bygger-vi-varmdo\\\/\",\"url\":\"https:\\\/\\\/wp.kristdemokraterna.se\\\/varmdo\\\/val-2022\\\/valmanifest-2022\\\/sa-bygger-vi-varmdo\\\/\",\"name\":\"S\u00e5 bygger vi V\u00e4rmd\u00f6 - Kristdemokraterna i V\u00e4rmd\u00f6\",\"isPartOf\":{\"@id\":\"https:\\\/\\\/wp.kristdemokraterna.se\\\/varmdo\\\/#website\"},\"datePublished\":\"2018-05-03T05:51:28+00:00\",\"dateModified\":\"2022-07-14T13:54:00+00:00\",\"breadcrumb\":{\"@id\":\"https:\\\/\\\/wp.kristdemokraterna.se\\\/varmdo\\\/val-2022\\\/valmanifest-2022\\\/sa-bygger-vi-varmdo\\\/#breadcrumb\"},\"inLanguage\":\"sv-SE\",\"potentialAction\":[{\"@type\":\"ReadAction\",\"target\":[\"https:\\\/\\\/wp.kristdemokraterna.se\\\/varmdo\\\/val-2022\\\/valmanifest-2022\\\/sa-bygger-vi-varmdo\\\/\"]}]},{\"@type\":\"BreadcrumbList\",\"@id\":\"https:\\\/\\\/wp.kristdemokraterna.se\\\/varmdo\\\/val-2022\\\/valmanifest-2022\\\/sa-bygger-vi-varmdo\\\/#breadcrumb\",\"itemListElement\":[{\"@type\":\"ListItem\",\"position\":1,\"name\":\"Hem\",\"item\":\"https:\\\/\\\/wp.kristdemokraterna.se\\\/varmdo\\\/\"},{\"@type\":\"ListItem\",\"position\":2,\"name\":\"Valet 2026\",\"item\":\"https:\\\/\\\/wp.kristdemokraterna.se\\\/varmdo\\\/val-2022\\\/\"},{\"@type\":\"ListItem\",\"position\":3,\"name\":\"Handlingsprogram 2022-2026\",\"item\":\"https:\\\/\\\/wp.kristdemokraterna.se\\\/varmdo\\\/val-2022\\\/valmanifest-2022\\\/\"},{\"@type\":\"ListItem\",\"position\":4,\"name\":\"S\u00e5 bygger vi V\u00e4rmd\u00f6\"}]},{\"@type\":\"WebSite\",\"@id\":\"https:\\\/\\\/wp.kristdemokraterna.se\\\/varmdo\\\/#website\",\"url\":\"https:\\\/\\\/wp.kristdemokraterna.se\\\/varmdo\\\/\",\"name\":\"Kristdemokraterna i V\u00e4rmd\u00f6\",\"description\":\"En till Kristdemokraterna webbplats\",\"inLanguage\":\"sv-SE\"}]}<\/script>\n<!-- \/ Yoast SEO plugin. -->","yoast_head_json":{"title":"S\u00e5 bygger vi V\u00e4rmd\u00f6 - Kristdemokraterna i V\u00e4rmd\u00f6","robots":{"index":"index","follow":"follow","max-snippet":"max-snippet:-1","max-image-preview":"max-image-preview:large","max-video-preview":"max-video-preview:-1"},"canonical":"https:\/\/wp.kristdemokraterna.se\/varmdo\/val-2022\/valmanifest-2022\/sa-bygger-vi-varmdo\/","og_locale":"sv_SE","og_type":"article","og_title":"S\u00e5 bygger vi V\u00e4rmd\u00f6 - Kristdemokraterna i V\u00e4rmd\u00f6","og_description":"Ett samh\u00e4llsbyggande utifr\u00e5n en kristdemokratisk v\u00e4rdegrund inneb\u00e4r att planera f\u00f6r trygga och vackra milj\u00f6er. S\u00e4rskild h\u00e4nsyn b\u00f6r tas till arkitektoniska och kulturella v\u00e4rden samt V\u00e4rmd\u00f6s unika sm\u00e5skaliga sk\u00e4rg\u00e5rdskarakt\u00e4r. Vi beh\u00f6ver inte fler byggnader som sticker ut, vi beh\u00f6ver fler byggnader som sm\u00e4lter in. En god arkitektur g\u00f6r m\u00e4nniskor p\u00e5 gott hum\u00f6r men ocks\u00e5 positivt inst\u00e4llda Read More","og_url":"https:\/\/wp.kristdemokraterna.se\/varmdo\/val-2022\/valmanifest-2022\/sa-bygger-vi-varmdo\/","og_site_name":"Kristdemokraterna i V\u00e4rmd\u00f6","article_modified_time":"2022-07-14T13:54:00+00:00","twitter_card":"summary_large_image","twitter_misc":{"Ber\u00e4knad l\u00e4stid":"3 minuter"},"schema":{"@context":"https:\/\/schema.org","@graph":[{"@type":"WebPage","@id":"https:\/\/wp.kristdemokraterna.se\/varmdo\/val-2022\/valmanifest-2022\/sa-bygger-vi-varmdo\/","url":"https:\/\/wp.kristdemokraterna.se\/varmdo\/val-2022\/valmanifest-2022\/sa-bygger-vi-varmdo\/","name":"S\u00e5 bygger vi V\u00e4rmd\u00f6 - Kristdemokraterna i V\u00e4rmd\u00f6","isPartOf":{"@id":"https:\/\/wp.kristdemokraterna.se\/varmdo\/#website"},"datePublished":"2018-05-03T05:51:28+00:00","dateModified":"2022-07-14T13:54:00+00:00","breadcrumb":{"@id":"https:\/\/wp.kristdemokraterna.se\/varmdo\/val-2022\/valmanifest-2022\/sa-bygger-vi-varmdo\/#breadcrumb"},"inLanguage":"sv-SE","potentialAction":[{"@type":"ReadAction","target":["https:\/\/wp.kristdemokraterna.se\/varmdo\/val-2022\/valmanifest-2022\/sa-bygger-vi-varmdo\/"]}]},{"@type":"BreadcrumbList","@id":"https:\/\/wp.kristdemokraterna.se\/varmdo\/val-2022\/valmanifest-2022\/sa-bygger-vi-varmdo\/#breadcrumb","itemListElement":[{"@type":"ListItem","position":1,"name":"Hem","item":"https:\/\/wp.kristdemokraterna.se\/varmdo\/"},{"@type":"ListItem","position":2,"name":"Valet 2026","item":"https:\/\/wp.kristdemokraterna.se\/varmdo\/val-2022\/"},{"@type":"ListItem","position":3,"name":"Handlingsprogram 2022-2026","item":"https:\/\/wp.kristdemokraterna.se\/varmdo\/val-2022\/valmanifest-2022\/"},{"@type":"ListItem","position":4,"name":"S\u00e5 bygger vi V\u00e4rmd\u00f6"}]},{"@type":"WebSite","@id":"https:\/\/wp.kristdemokraterna.se\/varmdo\/#website","url":"https:\/\/wp.kristdemokraterna.se\/varmdo\/","name":"Kristdemokraterna i V\u00e4rmd\u00f6","description":"En till Kristdemokraterna webbplats","inLanguage":"sv-SE"}]}},"_links":{"self":[{"href":"https:\/\/wp.kristdemokraterna.se\/varmdo\/wp-json\/wp\/v2\/pages\/702","targetHints":{"allow":["GET"]}}],"collection":[{"href":"https:\/\/wp.kristdemokraterna.se\/varmdo\/wp-json\/wp\/v2\/pages"}],"about":[{"href":"https:\/\/wp.kristdemokraterna.se\/varmdo\/wp-json\/wp\/v2\/types\/page"}],"author":[{"embeddable":true,"href":"https:\/\/wp.kristdemokraterna.se\/varmdo\/wp-json\/wp\/v2\/users\/771"}],"replies":[{"embeddable":true,"href":"https:\/\/wp.kristdemokraterna.se\/varmdo\/wp-json\/wp\/v2\/comments?post=702"}],"version-history":[{"count":6,"href":"https:\/\/wp.kristdemokraterna.se\/varmdo\/wp-json\/wp\/v2\/pages\/702\/revisions"}],"predecessor-version":[{"id":1169,"href":"https:\/\/wp.kristdemokraterna.se\/varmdo\/wp-json\/wp\/v2\/pages\/702\/revisions\/1169"}],"up":[{"embeddable":true,"href":"https:\/\/wp.kristdemokraterna.se\/varmdo\/wp-json\/wp\/v2\/pages\/637"}],"wp:attachment":[{"href":"https:\/\/wp.kristdemokraterna.se\/varmdo\/wp-json\/wp\/v2\/media?parent=702"}],"curies":[{"name":"wp","href":"https:\/\/api.w.org\/{rel}","templated":true}]}}