{"id":742,"date":"2018-05-19T10:41:23","date_gmt":"2018-05-19T08:41:23","guid":{"rendered":"http:\/\/wp.kristdemokraterna.se\/varmdo\/?page_id=742"},"modified":"2026-03-13T10:34:12","modified_gmt":"2026-03-13T09:34:12","slug":"vi-som-kandiderar-till-kommunfullmaktige","status":"publish","type":"page","link":"https:\/\/wp.kristdemokraterna.se\/varmdo\/val-2022\/vi-som-kandiderar-till-kommunfullmaktige\/","title":{"rendered":"Vi som kandiderar till kommunfullm\u00e4ktige 2026"},"content":{"rendered":"<p><strong>V\u00e5ra sex toppkandidater p\u00e5 listan till kommunfullm\u00e4ktige:<\/strong><\/p>\n<p><img loading=\"lazy\" decoding=\"async\" class=\"\" src=\"https:\/\/static.bonniernews.se\/ba\/5abd2559-e9da-4166-9c3e-220fe4f2c74c.png?crop=907%2C511%2Cx0%2Cy46&amp;width=980&amp;format=pjpg&amp;auto=avif\" alt=\"Han \u00e4r KD V\u00e4rmd\u00f6s nya gruppledare \u2013 Nacka V\u00e4rmd\u00f6 Posten\" width=\"219\" height=\"124\" \/><\/p>\n<p><strong>1. Bj\u00f6rn Alld\u00e9n\u00a0<\/strong><\/p>\n<p><span lang=\"SV\">Bj\u00f6rn Alld\u00e9n \u00e4r civilingenj\u00f6r och leder ett tech-bolag. <\/span><span lang=\"SV\">Bj\u00f6rn vill fr\u00e4mja tillv\u00e4xt av befintliga f\u00f6retag och underl\u00e4tta f\u00f6r nyetablering. V\u00e4rmd\u00f6 ska vara ett levande samh\u00e4lle med gemenskap mellan \u00e4ldre, yrkesverksamma, studerande och barn.<\/span><\/p>\n<p><a href=\"https:\/\/wp.kristdemokraterna.se\/varmdo\/val-2022\/vi-som-kandiderar-till-kommunfullmaktige\/jessica-3\/\" rel=\"attachment wp-att-1174\"><img loading=\"lazy\" decoding=\"async\" class=\"alignnone size-medium wp-image-1174\" src=\"http:\/\/wp.kristdemokraterna.se\/varmdo\/files\/2022\/07\/jessica-3-300x205.jpg\" alt=\"\" width=\"300\" height=\"205\" srcset=\"https:\/\/wp.kristdemokraterna.se\/varmdo\/files\/2022\/07\/jessica-3-300x205.jpg 300w, https:\/\/wp.kristdemokraterna.se\/varmdo\/files\/2022\/07\/jessica-3-1024x701.jpg 1024w, https:\/\/wp.kristdemokraterna.se\/varmdo\/files\/2022\/07\/jessica-3-768x526.jpg 768w, https:\/\/wp.kristdemokraterna.se\/varmdo\/files\/2022\/07\/jessica-3-1536x1052.jpg 1536w, https:\/\/wp.kristdemokraterna.se\/varmdo\/files\/2022\/07\/jessica-3-2048x1402.jpg 2048w, https:\/\/wp.kristdemokraterna.se\/varmdo\/files\/2022\/07\/jessica-3-292x200.jpg 292w, https:\/\/wp.kristdemokraterna.se\/varmdo\/files\/2022\/07\/jessica-3-370x253.jpg 370w, https:\/\/wp.kristdemokraterna.se\/varmdo\/files\/2022\/07\/jessica-3-770x527.jpg 770w, https:\/\/wp.kristdemokraterna.se\/varmdo\/files\/2022\/07\/jessica-3-450x308.jpg 450w, https:\/\/wp.kristdemokraterna.se\/varmdo\/files\/2022\/07\/jessica-3-280x192.jpg 280w, https:\/\/wp.kristdemokraterna.se\/varmdo\/files\/2022\/07\/jessica-3-340x233.jpg 340w, https:\/\/wp.kristdemokraterna.se\/varmdo\/files\/2022\/07\/jessica-3-200x137.jpg 200w, https:\/\/wp.kristdemokraterna.se\/varmdo\/files\/2022\/07\/jessica-3-82x56.jpg 82w\" sizes=\"auto, (max-width: 300px) 100vw, 300px\" \/><\/a><\/p>\n<p><strong>2. Jessica Becker\u00a0<\/strong><\/p>\n<p>&nbsp;<\/p>\n<p><strong>3. Dan Wimund\u00a0<\/strong><\/p>\n<p>&nbsp;<\/p>\n<p><strong><a href=\"https:\/\/wp.kristdemokraterna.se\/varmdo\/val-2022\/vi-som-kandiderar-till-kommunfullmaktige\/namnlost\/\" rel=\"attachment wp-att-1270\"><img loading=\"lazy\" decoding=\"async\" class=\"alignnone wp-image-1270\" src=\"http:\/\/wp.kristdemokraterna.se\/varmdo\/files\/2026\/03\/namnlost-225x300.jpg\" alt=\"\" width=\"152\" height=\"203\" srcset=\"https:\/\/wp.kristdemokraterna.se\/varmdo\/files\/2026\/03\/namnlost-225x300.jpg 225w, https:\/\/wp.kristdemokraterna.se\/varmdo\/files\/2026\/03\/namnlost-767x1024.jpg 767w, https:\/\/wp.kristdemokraterna.se\/varmdo\/files\/2026\/03\/namnlost-768x1025.jpg 768w, https:\/\/wp.kristdemokraterna.se\/varmdo\/files\/2026\/03\/namnlost-150x200.jpg 150w, https:\/\/wp.kristdemokraterna.se\/varmdo\/files\/2026\/03\/namnlost-370x494.jpg 370w, https:\/\/wp.kristdemokraterna.se\/varmdo\/files\/2026\/03\/namnlost-770x1028.jpg 770w, https:\/\/wp.kristdemokraterna.se\/varmdo\/files\/2026\/03\/namnlost-450x601.jpg 450w, https:\/\/wp.kristdemokraterna.se\/varmdo\/files\/2026\/03\/namnlost-280x374.jpg 280w, https:\/\/wp.kristdemokraterna.se\/varmdo\/files\/2026\/03\/namnlost-340x454.jpg 340w, https:\/\/wp.kristdemokraterna.se\/varmdo\/files\/2026\/03\/namnlost-42x56.jpg 42w, https:\/\/wp.kristdemokraterna.se\/varmdo\/files\/2026\/03\/namnlost.jpg 968w\" sizes=\"auto, (max-width: 152px) 100vw, 152px\" \/><\/a><\/strong><\/p>\n<p><strong>4. Ove Johansson<\/strong><\/p>\n<div>Ove Johansson bor i Lugnet i Gustavsberg. Till vardags \u00e4r han projektledare tekniskt inomhusklimat. Ove brinner f\u00f6r samh\u00e4llsbyggnadsfr\u00e5gor och familjepolitik under en kvalitativ och effektiv f\u00f6rvaltning.<\/div>\n<div><\/div>\n<div><\/div>\n<div><img loading=\"lazy\" decoding=\"async\" class=\"\" src=\"https:\/\/mail.google.com\/mail\/u\/0?ui=2&amp;ik=634720c5c1&amp;attid=0.0.2&amp;permmsgid=msg-f:1859200689719049231&amp;th=19cd352d44dd7c0f&amp;view=fimg&amp;fur=ip&amp;permmsgid=msg-f:1859200689719049231&amp;sz=s0-l75-ft&amp;attbid=ANGjdJ_VvLG6HVF0m-hcC81_OqdY7C14vyQDsB_yYhAKjNsvkoB0Kawn3eu7pzvf-rbJxB4DjxSXf6SpR8gH9YdjGGxLxRVsuIFKg-WkMXZJJxLY-1zOO0gWbrYNVRg&amp;disp=emb&amp;zw\" alt=\"IMG_2423.jpeg\" width=\"185\" height=\"159\" \/><\/div>\n<p><strong>5. Jan Boman<\/strong><\/p>\n<p>Jan Boman bor i Stavsn\u00e4s, och \u00e4r utbildad F\u00f6rsamlingspedagog, arbetar idag som Ungdomssamordnare i Nacka. Mitt patos lever i det sociala arbetet, att v\u00e4rna medm\u00e4nniskans v\u00e4rdighet och skydda dess grundl\u00e4ggande r\u00e4ttigheter. \u201dEcce homo &#8211; se m\u00e4nniskan\u201d<\/p>\n<p><strong><a href=\"https:\/\/wp.kristdemokraterna.se\/varmdo\/val-2022\/vi-som-kandiderar-till-kommunfullmaktige\/madde-2\/\" rel=\"attachment wp-att-1171\"><img loading=\"lazy\" decoding=\"async\" class=\"alignnone size-medium wp-image-1171\" src=\"http:\/\/wp.kristdemokraterna.se\/varmdo\/files\/2022\/07\/madde-2-300x200.jpg\" alt=\"\" width=\"300\" height=\"200\" srcset=\"https:\/\/wp.kristdemokraterna.se\/varmdo\/files\/2022\/07\/madde-2-300x200.jpg 300w, https:\/\/wp.kristdemokraterna.se\/varmdo\/files\/2022\/07\/madde-2-1024x682.jpg 1024w, https:\/\/wp.kristdemokraterna.se\/varmdo\/files\/2022\/07\/madde-2-768x511.jpg 768w, https:\/\/wp.kristdemokraterna.se\/varmdo\/files\/2022\/07\/madde-2-1536x1022.jpg 1536w, https:\/\/wp.kristdemokraterna.se\/varmdo\/files\/2022\/07\/madde-2-2048x1363.jpg 2048w, https:\/\/wp.kristdemokraterna.se\/varmdo\/files\/2022\/07\/madde-2-370x246.jpg 370w, https:\/\/wp.kristdemokraterna.se\/varmdo\/files\/2022\/07\/madde-2-770x513.jpg 770w, https:\/\/wp.kristdemokraterna.se\/varmdo\/files\/2022\/07\/madde-2-450x300.jpg 450w, https:\/\/wp.kristdemokraterna.se\/varmdo\/files\/2022\/07\/madde-2-280x186.jpg 280w, https:\/\/wp.kristdemokraterna.se\/varmdo\/files\/2022\/07\/madde-2-340x226.jpg 340w, https:\/\/wp.kristdemokraterna.se\/varmdo\/files\/2022\/07\/madde-2-200x133.jpg 200w, https:\/\/wp.kristdemokraterna.se\/varmdo\/files\/2022\/07\/madde-2-84x56.jpg 84w\" sizes=\"auto, (max-width: 300px) 100vw, 300px\" \/><\/a><\/strong><\/p>\n<p><strong>6. Madeleine Stjernstr\u00f6m<\/strong><\/p>\n<p>Madeleine Stjernstr\u00f6m bor i idylliska Stavsn\u00e4s och arbetar till vardags som kommunikat\u00f6r. I politiken drivs hon av en stark vilja att g\u00f6ra skillnad f\u00f6r dem som har det sv\u00e5rast \u2014 b\u00e5de i v\u00e5rt eget samh\u00e4lle och runt om i v\u00e4rlden. Att lyfta de mest utsattas r\u00f6ster och arbeta f\u00f6r r\u00e4ttvisa \u00e4r hennes st\u00f6rsta drivkraft.<\/p>\n","protected":false},"excerpt":{"rendered":"<p>V\u00e5ra sex toppkandidater p\u00e5 listan till kommunfullm\u00e4ktige: 1. Bj\u00f6rn Alld\u00e9n\u00a0 Bj\u00f6rn Alld\u00e9n \u00e4r civilingenj\u00f6r och leder ett tech-bolag. Bj\u00f6rn vill fr\u00e4mja tillv\u00e4xt av befintliga f\u00f6retag och underl\u00e4tta f\u00f6r nyetablering. V\u00e4rmd\u00f6 ska vara ett levande samh\u00e4lle med gemenskap mellan \u00e4ldre, yrkesverksamma, studerande och barn. 2. Jessica Becker\u00a0 &nbsp; 3. Dan Wimund\u00a0 &nbsp; 4. Ove Johansson Ove <a class=\"read-more-link\" href=\"https:\/\/wp.kristdemokraterna.se\/varmdo\/val-2022\/vi-som-kandiderar-till-kommunfullmaktige\/\">Read More<\/a><\/p>\n","protected":false},"author":771,"featured_media":0,"parent":1130,"menu_order":4,"comment_status":"closed","ping_status":"closed","template":"","meta":{"_acf_changed":false,"footnotes":""},"class_list":["post-742","page","type-page","status-publish","hentry"],"acf":[],"yoast_head":"<!-- This site is optimized with the Yoast SEO plugin v27.3 - https:\/\/yoast.com\/product\/yoast-seo-wordpress\/ -->\n<title>Vi som kandiderar till kommunfullm\u00e4ktige 2026 - Kristdemokraterna i V\u00e4rmd\u00f6<\/title>\n<meta name=\"robots\" content=\"index, follow, max-snippet:-1, max-image-preview:large, max-video-preview:-1\" \/>\n<link rel=\"canonical\" href=\"https:\/\/wp.kristdemokraterna.se\/varmdo\/val-2022\/vi-som-kandiderar-till-kommunfullmaktige\/\" \/>\n<meta property=\"og:locale\" content=\"sv_SE\" \/>\n<meta property=\"og:type\" content=\"article\" \/>\n<meta property=\"og:title\" content=\"Vi som kandiderar till kommunfullm\u00e4ktige 2026 - Kristdemokraterna i V\u00e4rmd\u00f6\" \/>\n<meta property=\"og:description\" content=\"V\u00e5ra sex toppkandidater p\u00e5 listan till kommunfullm\u00e4ktige: 1. Bj\u00f6rn Alld\u00e9n\u00a0 Bj\u00f6rn Alld\u00e9n \u00e4r civilingenj\u00f6r och leder ett tech-bolag. Bj\u00f6rn vill fr\u00e4mja tillv\u00e4xt av befintliga f\u00f6retag och underl\u00e4tta f\u00f6r nyetablering. V\u00e4rmd\u00f6 ska vara ett levande samh\u00e4lle med gemenskap mellan \u00e4ldre, yrkesverksamma, studerande och barn. 2. Jessica Becker\u00a0 &nbsp; 3. Dan Wimund\u00a0 &nbsp; 4. Ove Johansson Ove Read More\" \/>\n<meta property=\"og:url\" content=\"https:\/\/wp.kristdemokraterna.se\/varmdo\/val-2022\/vi-som-kandiderar-till-kommunfullmaktige\/\" \/>\n<meta property=\"og:site_name\" content=\"Kristdemokraterna i V\u00e4rmd\u00f6\" \/>\n<meta property=\"article:modified_time\" content=\"2026-03-13T09:34:12+00:00\" \/>\n<meta property=\"og:image\" content=\"https:\/\/static.bonniernews.se\/ba\/5abd2559-e9da-4166-9c3e-220fe4f2c74c.png?crop=907%2C511%2Cx0%2Cy46&amp;width=980&amp;format=pjpg&amp;auto=avif\" \/>\n<meta name=\"twitter:card\" content=\"summary_large_image\" \/>\n<meta name=\"twitter:label1\" content=\"Ber\u00e4knad l\u00e4stid\" \/>\n\t<meta name=\"twitter:data1\" content=\"2 minuter\" \/>\n<script type=\"application\/ld+json\" class=\"yoast-schema-graph\">{\"@context\":\"https:\\\/\\\/schema.org\",\"@graph\":[{\"@type\":\"WebPage\",\"@id\":\"https:\\\/\\\/wp.kristdemokraterna.se\\\/varmdo\\\/val-2022\\\/vi-som-kandiderar-till-kommunfullmaktige\\\/\",\"url\":\"https:\\\/\\\/wp.kristdemokraterna.se\\\/varmdo\\\/val-2022\\\/vi-som-kandiderar-till-kommunfullmaktige\\\/\",\"name\":\"Vi som kandiderar till kommunfullm\u00e4ktige 2026 - Kristdemokraterna i V\u00e4rmd\u00f6\",\"isPartOf\":{\"@id\":\"https:\\\/\\\/wp.kristdemokraterna.se\\\/varmdo\\\/#website\"},\"primaryImageOfPage\":{\"@id\":\"https:\\\/\\\/wp.kristdemokraterna.se\\\/varmdo\\\/val-2022\\\/vi-som-kandiderar-till-kommunfullmaktige\\\/#primaryimage\"},\"image\":{\"@id\":\"https:\\\/\\\/wp.kristdemokraterna.se\\\/varmdo\\\/val-2022\\\/vi-som-kandiderar-till-kommunfullmaktige\\\/#primaryimage\"},\"thumbnailUrl\":\"https:\\\/\\\/static.bonniernews.se\\\/ba\\\/5abd2559-e9da-4166-9c3e-220fe4f2c74c.png?crop=907%2C511%2Cx0%2Cy46&amp;width=980&amp;format=pjpg&amp;auto=avif\",\"datePublished\":\"2018-05-19T08:41:23+00:00\",\"dateModified\":\"2026-03-13T09:34:12+00:00\",\"breadcrumb\":{\"@id\":\"https:\\\/\\\/wp.kristdemokraterna.se\\\/varmdo\\\/val-2022\\\/vi-som-kandiderar-till-kommunfullmaktige\\\/#breadcrumb\"},\"inLanguage\":\"sv-SE\",\"potentialAction\":[{\"@type\":\"ReadAction\",\"target\":[\"https:\\\/\\\/wp.kristdemokraterna.se\\\/varmdo\\\/val-2022\\\/vi-som-kandiderar-till-kommunfullmaktige\\\/\"]}]},{\"@type\":\"ImageObject\",\"inLanguage\":\"sv-SE\",\"@id\":\"https:\\\/\\\/wp.kristdemokraterna.se\\\/varmdo\\\/val-2022\\\/vi-som-kandiderar-till-kommunfullmaktige\\\/#primaryimage\",\"url\":\"https:\\\/\\\/static.bonniernews.se\\\/ba\\\/5abd2559-e9da-4166-9c3e-220fe4f2c74c.png?crop=907%2C511%2Cx0%2Cy46&amp;width=980&amp;format=pjpg&amp;auto=avif\",\"contentUrl\":\"https:\\\/\\\/static.bonniernews.se\\\/ba\\\/5abd2559-e9da-4166-9c3e-220fe4f2c74c.png?crop=907%2C511%2Cx0%2Cy46&amp;width=980&amp;format=pjpg&amp;auto=avif\"},{\"@type\":\"BreadcrumbList\",\"@id\":\"https:\\\/\\\/wp.kristdemokraterna.se\\\/varmdo\\\/val-2022\\\/vi-som-kandiderar-till-kommunfullmaktige\\\/#breadcrumb\",\"itemListElement\":[{\"@type\":\"ListItem\",\"position\":1,\"name\":\"Hem\",\"item\":\"https:\\\/\\\/wp.kristdemokraterna.se\\\/varmdo\\\/\"},{\"@type\":\"ListItem\",\"position\":2,\"name\":\"Valet 2026\",\"item\":\"https:\\\/\\\/wp.kristdemokraterna.se\\\/varmdo\\\/val-2022\\\/\"},{\"@type\":\"ListItem\",\"position\":3,\"name\":\"Vi som kandiderar till kommunfullm\u00e4ktige 2026\"}]},{\"@type\":\"WebSite\",\"@id\":\"https:\\\/\\\/wp.kristdemokraterna.se\\\/varmdo\\\/#website\",\"url\":\"https:\\\/\\\/wp.kristdemokraterna.se\\\/varmdo\\\/\",\"name\":\"Kristdemokraterna i V\u00e4rmd\u00f6\",\"description\":\"En till Kristdemokraterna webbplats\",\"inLanguage\":\"sv-SE\"}]}<\/script>\n<!-- \/ Yoast SEO plugin. -->","yoast_head_json":{"title":"Vi som kandiderar till kommunfullm\u00e4ktige 2026 - Kristdemokraterna i V\u00e4rmd\u00f6","robots":{"index":"index","follow":"follow","max-snippet":"max-snippet:-1","max-image-preview":"max-image-preview:large","max-video-preview":"max-video-preview:-1"},"canonical":"https:\/\/wp.kristdemokraterna.se\/varmdo\/val-2022\/vi-som-kandiderar-till-kommunfullmaktige\/","og_locale":"sv_SE","og_type":"article","og_title":"Vi som kandiderar till kommunfullm\u00e4ktige 2026 - Kristdemokraterna i V\u00e4rmd\u00f6","og_description":"V\u00e5ra sex toppkandidater p\u00e5 listan till kommunfullm\u00e4ktige: 1. Bj\u00f6rn Alld\u00e9n\u00a0 Bj\u00f6rn Alld\u00e9n \u00e4r civilingenj\u00f6r och leder ett tech-bolag. Bj\u00f6rn vill fr\u00e4mja tillv\u00e4xt av befintliga f\u00f6retag och underl\u00e4tta f\u00f6r nyetablering. V\u00e4rmd\u00f6 ska vara ett levande samh\u00e4lle med gemenskap mellan \u00e4ldre, yrkesverksamma, studerande och barn. 2. Jessica Becker\u00a0 &nbsp; 3. Dan Wimund\u00a0 &nbsp; 4. Ove Johansson Ove Read More","og_url":"https:\/\/wp.kristdemokraterna.se\/varmdo\/val-2022\/vi-som-kandiderar-till-kommunfullmaktige\/","og_site_name":"Kristdemokraterna i V\u00e4rmd\u00f6","article_modified_time":"2026-03-13T09:34:12+00:00","og_image":[{"url":"https:\/\/static.bonniernews.se\/ba\/5abd2559-e9da-4166-9c3e-220fe4f2c74c.png?crop=907%2C511%2Cx0%2Cy46&amp;width=980&amp;format=pjpg&amp;auto=avif","type":"","width":"","height":""}],"twitter_card":"summary_large_image","twitter_misc":{"Ber\u00e4knad l\u00e4stid":"2 minuter"},"schema":{"@context":"https:\/\/schema.org","@graph":[{"@type":"WebPage","@id":"https:\/\/wp.kristdemokraterna.se\/varmdo\/val-2022\/vi-som-kandiderar-till-kommunfullmaktige\/","url":"https:\/\/wp.kristdemokraterna.se\/varmdo\/val-2022\/vi-som-kandiderar-till-kommunfullmaktige\/","name":"Vi som kandiderar till kommunfullm\u00e4ktige 2026 - Kristdemokraterna i V\u00e4rmd\u00f6","isPartOf":{"@id":"https:\/\/wp.kristdemokraterna.se\/varmdo\/#website"},"primaryImageOfPage":{"@id":"https:\/\/wp.kristdemokraterna.se\/varmdo\/val-2022\/vi-som-kandiderar-till-kommunfullmaktige\/#primaryimage"},"image":{"@id":"https:\/\/wp.kristdemokraterna.se\/varmdo\/val-2022\/vi-som-kandiderar-till-kommunfullmaktige\/#primaryimage"},"thumbnailUrl":"https:\/\/static.bonniernews.se\/ba\/5abd2559-e9da-4166-9c3e-220fe4f2c74c.png?crop=907%2C511%2Cx0%2Cy46&amp;width=980&amp;format=pjpg&amp;auto=avif","datePublished":"2018-05-19T08:41:23+00:00","dateModified":"2026-03-13T09:34:12+00:00","breadcrumb":{"@id":"https:\/\/wp.kristdemokraterna.se\/varmdo\/val-2022\/vi-som-kandiderar-till-kommunfullmaktige\/#breadcrumb"},"inLanguage":"sv-SE","potentialAction":[{"@type":"ReadAction","target":["https:\/\/wp.kristdemokraterna.se\/varmdo\/val-2022\/vi-som-kandiderar-till-kommunfullmaktige\/"]}]},{"@type":"ImageObject","inLanguage":"sv-SE","@id":"https:\/\/wp.kristdemokraterna.se\/varmdo\/val-2022\/vi-som-kandiderar-till-kommunfullmaktige\/#primaryimage","url":"https:\/\/static.bonniernews.se\/ba\/5abd2559-e9da-4166-9c3e-220fe4f2c74c.png?crop=907%2C511%2Cx0%2Cy46&amp;width=980&amp;format=pjpg&amp;auto=avif","contentUrl":"https:\/\/static.bonniernews.se\/ba\/5abd2559-e9da-4166-9c3e-220fe4f2c74c.png?crop=907%2C511%2Cx0%2Cy46&amp;width=980&amp;format=pjpg&amp;auto=avif"},{"@type":"BreadcrumbList","@id":"https:\/\/wp.kristdemokraterna.se\/varmdo\/val-2022\/vi-som-kandiderar-till-kommunfullmaktige\/#breadcrumb","itemListElement":[{"@type":"ListItem","position":1,"name":"Hem","item":"https:\/\/wp.kristdemokraterna.se\/varmdo\/"},{"@type":"ListItem","position":2,"name":"Valet 2026","item":"https:\/\/wp.kristdemokraterna.se\/varmdo\/val-2022\/"},{"@type":"ListItem","position":3,"name":"Vi som kandiderar till kommunfullm\u00e4ktige 2026"}]},{"@type":"WebSite","@id":"https:\/\/wp.kristdemokraterna.se\/varmdo\/#website","url":"https:\/\/wp.kristdemokraterna.se\/varmdo\/","name":"Kristdemokraterna i V\u00e4rmd\u00f6","description":"En till Kristdemokraterna webbplats","inLanguage":"sv-SE"}]}},"_links":{"self":[{"href":"https:\/\/wp.kristdemokraterna.se\/varmdo\/wp-json\/wp\/v2\/pages\/742","targetHints":{"allow":["GET"]}}],"collection":[{"href":"https:\/\/wp.kristdemokraterna.se\/varmdo\/wp-json\/wp\/v2\/pages"}],"about":[{"href":"https:\/\/wp.kristdemokraterna.se\/varmdo\/wp-json\/wp\/v2\/types\/page"}],"author":[{"embeddable":true,"href":"https:\/\/wp.kristdemokraterna.se\/varmdo\/wp-json\/wp\/v2\/users\/771"}],"replies":[{"embeddable":true,"href":"https:\/\/wp.kristdemokraterna.se\/varmdo\/wp-json\/wp\/v2\/comments?post=742"}],"version-history":[{"count":22,"href":"https:\/\/wp.kristdemokraterna.se\/varmdo\/wp-json\/wp\/v2\/pages\/742\/revisions"}],"predecessor-version":[{"id":1286,"href":"https:\/\/wp.kristdemokraterna.se\/varmdo\/wp-json\/wp\/v2\/pages\/742\/revisions\/1286"}],"up":[{"embeddable":true,"href":"https:\/\/wp.kristdemokraterna.se\/varmdo\/wp-json\/wp\/v2\/pages\/1130"}],"wp:attachment":[{"href":"https:\/\/wp.kristdemokraterna.se\/varmdo\/wp-json\/wp\/v2\/media?parent=742"}],"curies":[{"name":"wp","href":"https:\/\/api.w.org\/{rel}","templated":true}]}}