{"id":265,"date":"2017-11-29T16:47:40","date_gmt":"2017-11-29T15:47:40","guid":{"rendered":"http:\/\/wp.kristdemokraterna.se\/varmland2\/?page_id=265"},"modified":"2026-01-26T16:36:22","modified_gmt":"2026-01-26T15:36:22","slug":"startsida","status":"publish","type":"page","link":"https:\/\/wp.kristdemokraterna.se\/varmland\/","title":{"rendered":"Startsida"},"content":{"rendered":"<div id=\"svid12_295bb74f18f7759f8e7242c\" class=\"sv-text-portlet sv-use-margins sv-skip-spacer\">\n<div class=\"sv-text-portlet-content\">\n<p data-start=\"55\" data-end=\"785\">Under 2025 har Kristdemokraternas regiongrupp i V\u00e4rmland fortsatt att arbeta m\u00e5lmedvetet f\u00f6r att st\u00e4rka v\u00e4rml\u00e4nningarnas h\u00e4lsa och v\u00e4lf\u00e4rd. Tillsammans med \u00f6vriga borgerliga partier i V\u00e4rmland lade vi fram en budget med <strong data-start=\"275\" data-end=\"331\">100 miljoner kronor extra till h\u00e4lso- och sjukv\u00e5rden<\/strong> \u2013 en satsning f\u00f6r att korta v\u00e5rdk\u00f6erna och f\u00f6rb\u00e4ttra v\u00e5rden f\u00f6r v\u00e4rml\u00e4nningarna. Vi har ocks\u00e5 drivit p\u00e5 f\u00f6r att hela l\u00e4net ska ha en god v\u00e5rd: bland annat lyfte v\u00e5rt regionr\u00e5d Sara Hallin tillsammans med sjukv\u00e5rdsministern behovet av <strong data-start=\"603\" data-end=\"654\">st\u00e4rkta satsningar p\u00e5 prim\u00e4rv\u00e5rden i glesbygden<\/strong>, n\u00e5got regeringen nu avs\u00e4tter 150 miljoner kronor till \u2013 en viktig insats f\u00f6r en j\u00e4mlik v\u00e5rd.<\/p>\n<p data-start=\"787\" data-end=\"1004\">Vi har dessutom varit <strong data-start=\"809\" data-end=\"844\">aktiva i den politiska debatten<\/strong> och l\u00e4mnat in flera initiativ, motioner och interpellationer som adresserar v\u00e4rml\u00e4nningarnas behov och utmaningar. N\u00e5gra exempel p\u00e5 v\u00e5rt engagemang under \u00e5ret:<\/p>\n<ul data-start=\"1006\" data-end=\"2828\">\n<li data-start=\"1006\" data-end=\"1241\">\n<p data-start=\"1008\" data-end=\"1241\">Vi kr\u00e4vde ett <strong data-start=\"1022\" data-end=\"1076\">omedelbart stopp f\u00f6r den omstridda PEth-testningen<\/strong> i V\u00e4rmland, f\u00f6r att v\u00e4rna r\u00e4ttss\u00e4kerheten och integriteten f\u00f6r enskilda som riskerar att f\u00e5 k\u00f6rkort indragna p\u00e5 os\u00e4ker grund.<\/p>\n<\/li>\n<li data-start=\"1242\" data-end=\"1947\">\n<p data-start=\"1244\" data-end=\"1947\">N\u00e4r intensivv\u00e5rdsavdelningen vid <strong data-start=\"1277\" data-end=\"1326\">Sjukhuset i Arvika hotades av sommarst\u00e4ngning<\/strong>, reagerade vi kraftfullt. Genom en ins\u00e4ndare i Arvika Nyheter fr\u00e5gade v\u00e5ra f\u00f6retr\u00e4dare hur detta kunde till\u00e5tas \u2013 vi m\u00e5lade upp den verklighet som v\u00e4ntade: <em data-start=\"1483\" data-end=\"1632\">\u201cT\u00e4nk dig att en anh\u00f6rig pl\u00f6tsligt blir sv\u00e5rt sjuk \u2013 men intensivv\u00e5rdsplatserna i Arvika \u00e4r st\u00e4ngda&#8230; det \u00e4r verkligheten som v\u00e4ntar denna sommar\u201d<\/em>. Vi forts\u00e4tter st\u00e5 upp f\u00f6r trygg akutsjukv\u00e5rd i v\u00e4stra V\u00e4rmland och har \u00e4ven drivit p\u00e5 nationellt f\u00f6r en <strong data-start=\"1775\" data-end=\"1818\">stopplag mot nedl\u00e4ggning av akutsjukhus<\/strong>, s\u00e5 att inga fler akutmottagningar l\u00e4ggs ner innan en garanterad v\u00e5rdniv\u00e5 finns p\u00e5 plats.<\/p>\n<\/li>\n<li data-start=\"1948\" data-end=\"2420\">\n<p data-start=\"1950\" data-end=\"2420\">Vi har h\u00e5llit liv i debatten kring de st\u00e4ngda <strong data-start=\"1996\" data-end=\"2026\">rehabiliteringsbass\u00e4ngerna<\/strong>. En f\u00e4rsk enk\u00e4t fr\u00e5n Reumatikerf\u00f6rbundet visar att m\u00e5nga patienters h\u00e4lsa har f\u00f6rs\u00e4mrats sedan bass\u00e4ngerna st\u00e4ngdes \u2013 ett tydligt tecken p\u00e5 att tr\u00e4ning i varmt vatten <strong data-start=\"2231\" data-end=\"2267\">inte kan ers\u00e4ttas av n\u00e5got annat<\/strong>. Vi har kr\u00e4vt att majoriteten tar fram ett fullgott alternativ s\u00e5 att denna viktiga rehabilitering kan forts\u00e4tta.<\/p>\n<\/li>\n<li data-start=\"2421\" data-end=\"2828\">\n<p data-start=\"2423\" data-end=\"2828\">Vi har ocks\u00e5 uppm\u00e4rksammat brister i <strong data-start=\"2460\" data-end=\"2474\">psykiatrin<\/strong> \u2013 bland annat hur v\u00e5rden drabbas n\u00e4r resurser dras in i glesare delar av l\u00e4net. Till exempel har det psykiatriska mobila teamet f\u00f6rsvunnit i Torsby\/Hagfors, n\u00e5got vi kritiserat skarpt d\u00e5 det f\u00f6rs\u00e4mrar tillg\u00e4ngligheten till v\u00e5rd i norra V\u00e4rmland. Vi kr\u00e4ver att psykiatrin prioriteras och att hela V\u00e4rmland f\u00e5r en likv\u00e4rdig tillg\u00e5ng till psykiatrisk v\u00e5rd.<\/p>\n<\/li>\n<\/ul>\n<p data-start=\"2830\" data-end=\"3265\" data-is-only-node=\"\">Vi ser tillbaka p\u00e5 <strong data-start=\"2849\" data-end=\"2895\">ett \u00e5r av h\u00e5rt arbete och viktiga insatser<\/strong>, men vi vet att det finns mycket kvar att g\u00f6ra. Med samma engagemang och beslutsamhet kommer vi under 2026 forts\u00e4tta att arbeta f\u00f6r att f\u00e5 genomslag f\u00f6r v\u00e5r kristdemokratiska politik. <strong data-start=\"3080\" data-end=\"3115\">Tillsammans med v\u00e4rml\u00e4nningarna<\/strong> bygger vi en h\u00e5llbar och trygg framtid d\u00e4r m\u00e4nniskan alltid st\u00e5r i centrum.<\/p>\n<\/div>\n<\/div>\n<p>&nbsp;<\/p>\n","protected":false},"excerpt":{"rendered":"<p>Under 2025 har Kristdemokraternas regiongrupp i V\u00e4rmland fortsatt att arbeta m\u00e5lmedvetet f\u00f6r att st\u00e4rka v\u00e4rml\u00e4nningarnas h\u00e4lsa och v\u00e4lf\u00e4rd. Tillsammans med \u00f6vriga borgerliga partier i V\u00e4rmland lade vi fram en budget med 100 miljoner kronor extra till h\u00e4lso- och sjukv\u00e5rden \u2013 en satsning f\u00f6r att korta v\u00e5rdk\u00f6erna och f\u00f6rb\u00e4ttra v\u00e5rden f\u00f6r v\u00e4rml\u00e4nningarna. Vi har ocks\u00e5 drivit <a class=\"read-more-link\" href=\"https:\/\/wp.kristdemokraterna.se\/varmland\/\">Read More<\/a><\/p>\n","protected":false},"author":770,"featured_media":0,"parent":0,"menu_order":0,"comment_status":"closed","ping_status":"closed","template":"index.php","meta":{"_acf_changed":false,"footnotes":""},"class_list":["post-265","page","type-page","status-publish","hentry"],"acf":[],"yoast_head":"<!-- This site is optimized with the Yoast SEO plugin v27.3 - https:\/\/yoast.com\/product\/yoast-seo-wordpress\/ -->\n<title>Startsida - Kristdemokraterna i V\u00e4rmland<\/title>\n<meta name=\"robots\" content=\"index, follow, max-snippet:-1, max-image-preview:large, max-video-preview:-1\" \/>\n<link rel=\"canonical\" href=\"https:\/\/wp.kristdemokraterna.se\/varmland\/\" \/>\n<meta property=\"og:locale\" content=\"sv_SE\" \/>\n<meta property=\"og:type\" content=\"article\" \/>\n<meta property=\"og:title\" content=\"Startsida - Kristdemokraterna i V\u00e4rmland\" \/>\n<meta property=\"og:description\" content=\"Under 2025 har Kristdemokraternas regiongrupp i V\u00e4rmland fortsatt att arbeta m\u00e5lmedvetet f\u00f6r att st\u00e4rka v\u00e4rml\u00e4nningarnas h\u00e4lsa och v\u00e4lf\u00e4rd. Tillsammans med \u00f6vriga borgerliga partier i V\u00e4rmland lade vi fram en budget med 100 miljoner kronor extra till h\u00e4lso- och sjukv\u00e5rden \u2013 en satsning f\u00f6r att korta v\u00e5rdk\u00f6erna och f\u00f6rb\u00e4ttra v\u00e5rden f\u00f6r v\u00e4rml\u00e4nningarna. Vi har ocks\u00e5 drivit Read More\" \/>\n<meta property=\"og:url\" content=\"https:\/\/wp.kristdemokraterna.se\/varmland\/\" \/>\n<meta property=\"og:site_name\" content=\"Kristdemokraterna i V\u00e4rmland\" \/>\n<meta property=\"article:modified_time\" content=\"2026-01-26T15:36:22+00:00\" \/>\n<meta name=\"twitter:card\" content=\"summary_large_image\" \/>\n<meta name=\"twitter:label1\" content=\"Ber\u00e4knad l\u00e4stid\" \/>\n\t<meta name=\"twitter:data1\" content=\"3 minuter\" \/>\n<script type=\"application\/ld+json\" class=\"yoast-schema-graph\">{\"@context\":\"https:\\\/\\\/schema.org\",\"@graph\":[{\"@type\":\"WebPage\",\"@id\":\"https:\\\/\\\/wp.kristdemokraterna.se\\\/varmland\\\/\",\"url\":\"https:\\\/\\\/wp.kristdemokraterna.se\\\/varmland\\\/\",\"name\":\"Startsida - Kristdemokraterna i V\u00e4rmland\",\"isPartOf\":{\"@id\":\"https:\\\/\\\/wp.kristdemokraterna.se\\\/varmland\\\/#website\"},\"datePublished\":\"2017-11-29T15:47:40+00:00\",\"dateModified\":\"2026-01-26T15:36:22+00:00\",\"breadcrumb\":{\"@id\":\"https:\\\/\\\/wp.kristdemokraterna.se\\\/varmland\\\/#breadcrumb\"},\"inLanguage\":\"sv-SE\",\"potentialAction\":[{\"@type\":\"ReadAction\",\"target\":[\"https:\\\/\\\/wp.kristdemokraterna.se\\\/varmland\\\/\"]}]},{\"@type\":\"BreadcrumbList\",\"@id\":\"https:\\\/\\\/wp.kristdemokraterna.se\\\/varmland\\\/#breadcrumb\",\"itemListElement\":[{\"@type\":\"ListItem\",\"position\":1,\"name\":\"Hem\",\"item\":\"https:\\\/\\\/wp.kristdemokraterna.se\\\/varmland\\\/\"},{\"@type\":\"ListItem\",\"position\":2,\"name\":\"Startsida\"}]},{\"@type\":\"WebSite\",\"@id\":\"https:\\\/\\\/wp.kristdemokraterna.se\\\/varmland\\\/#website\",\"url\":\"https:\\\/\\\/wp.kristdemokraterna.se\\\/varmland\\\/\",\"name\":\"Kristdemokraterna i V\u00e4rmland\",\"description\":\"En till Kristdemokraterna webbplats\",\"inLanguage\":\"sv-SE\"}]}<\/script>\n<!-- \/ Yoast SEO plugin. -->","yoast_head_json":{"title":"Startsida - Kristdemokraterna i V\u00e4rmland","robots":{"index":"index","follow":"follow","max-snippet":"max-snippet:-1","max-image-preview":"max-image-preview:large","max-video-preview":"max-video-preview:-1"},"canonical":"https:\/\/wp.kristdemokraterna.se\/varmland\/","og_locale":"sv_SE","og_type":"article","og_title":"Startsida - Kristdemokraterna i V\u00e4rmland","og_description":"Under 2025 har Kristdemokraternas regiongrupp i V\u00e4rmland fortsatt att arbeta m\u00e5lmedvetet f\u00f6r att st\u00e4rka v\u00e4rml\u00e4nningarnas h\u00e4lsa och v\u00e4lf\u00e4rd. Tillsammans med \u00f6vriga borgerliga partier i V\u00e4rmland lade vi fram en budget med 100 miljoner kronor extra till h\u00e4lso- och sjukv\u00e5rden \u2013 en satsning f\u00f6r att korta v\u00e5rdk\u00f6erna och f\u00f6rb\u00e4ttra v\u00e5rden f\u00f6r v\u00e4rml\u00e4nningarna. Vi har ocks\u00e5 drivit Read More","og_url":"https:\/\/wp.kristdemokraterna.se\/varmland\/","og_site_name":"Kristdemokraterna i V\u00e4rmland","article_modified_time":"2026-01-26T15:36:22+00:00","twitter_card":"summary_large_image","twitter_misc":{"Ber\u00e4knad l\u00e4stid":"3 minuter"},"schema":{"@context":"https:\/\/schema.org","@graph":[{"@type":"WebPage","@id":"https:\/\/wp.kristdemokraterna.se\/varmland\/","url":"https:\/\/wp.kristdemokraterna.se\/varmland\/","name":"Startsida - Kristdemokraterna i V\u00e4rmland","isPartOf":{"@id":"https:\/\/wp.kristdemokraterna.se\/varmland\/#website"},"datePublished":"2017-11-29T15:47:40+00:00","dateModified":"2026-01-26T15:36:22+00:00","breadcrumb":{"@id":"https:\/\/wp.kristdemokraterna.se\/varmland\/#breadcrumb"},"inLanguage":"sv-SE","potentialAction":[{"@type":"ReadAction","target":["https:\/\/wp.kristdemokraterna.se\/varmland\/"]}]},{"@type":"BreadcrumbList","@id":"https:\/\/wp.kristdemokraterna.se\/varmland\/#breadcrumb","itemListElement":[{"@type":"ListItem","position":1,"name":"Hem","item":"https:\/\/wp.kristdemokraterna.se\/varmland\/"},{"@type":"ListItem","position":2,"name":"Startsida"}]},{"@type":"WebSite","@id":"https:\/\/wp.kristdemokraterna.se\/varmland\/#website","url":"https:\/\/wp.kristdemokraterna.se\/varmland\/","name":"Kristdemokraterna i V\u00e4rmland","description":"En till Kristdemokraterna webbplats","inLanguage":"sv-SE"}]}},"_links":{"self":[{"href":"https:\/\/wp.kristdemokraterna.se\/varmland\/wp-json\/wp\/v2\/pages\/265","targetHints":{"allow":["GET"]}}],"collection":[{"href":"https:\/\/wp.kristdemokraterna.se\/varmland\/wp-json\/wp\/v2\/pages"}],"about":[{"href":"https:\/\/wp.kristdemokraterna.se\/varmland\/wp-json\/wp\/v2\/types\/page"}],"author":[{"embeddable":true,"href":"https:\/\/wp.kristdemokraterna.se\/varmland\/wp-json\/wp\/v2\/users\/770"}],"replies":[{"embeddable":true,"href":"https:\/\/wp.kristdemokraterna.se\/varmland\/wp-json\/wp\/v2\/comments?post=265"}],"version-history":[{"count":230,"href":"https:\/\/wp.kristdemokraterna.se\/varmland\/wp-json\/wp\/v2\/pages\/265\/revisions"}],"predecessor-version":[{"id":1215,"href":"https:\/\/wp.kristdemokraterna.se\/varmland\/wp-json\/wp\/v2\/pages\/265\/revisions\/1215"}],"wp:attachment":[{"href":"https:\/\/wp.kristdemokraterna.se\/varmland\/wp-json\/wp\/v2\/media?parent=265"}],"curies":[{"name":"wp","href":"https:\/\/api.w.org\/{rel}","templated":true}]}}