{"id":363,"date":"2017-12-04T16:11:27","date_gmt":"2017-12-04T15:11:27","guid":{"rendered":"http:\/\/wp.kristdemokraterna.se\/varmland2\/?page_id=363"},"modified":"2025-03-07T14:57:28","modified_gmt":"2025-03-07T13:57:28","slug":"kontakta-oss-2","status":"publish","type":"page","link":"https:\/\/wp.kristdemokraterna.se\/varmland\/kontakta-oss-2\/","title":{"rendered":"Kontakta oss!"},"content":{"rendered":"<p><strong>Kristdemokraterna i V\u00e4rmland<br \/>\n<\/strong>Barkassens kontorshotell<br \/>\nLagergrens gata 2<br \/>\n65226 Karlstad,<\/p>\n<p>&nbsp;<\/p>\n<p><strong>Styrelsens presidium<br \/>\nKjell-Arne Ottosson, partidistriktsordf\u00f6rande<br \/>\n<\/strong>Telefon: 073-056 31 23<br \/>\nEpost: <a href=\"mailto:kjell-arne.ottosson@kristdemokraterna.se\">kjell-arne.ottosson@kristdemokraterna.se<\/a><\/p>\n<p><strong>Sara Hallin, 1:e vice partidistriktsordf\u00f6rande<\/strong><br \/>\nTelefon: 070-473 03 28<br \/>\nEpost:<a href=\"mailto:sara.hallin@regionvarmland.se\">sara.hallin@regionvarmland.se<\/a><\/p>\n<p><strong>Mathias Joelsson, 2:e vice partidistriktsordf\u00f6rande<\/strong><br \/>\nTelefon: 076 110 41 33<br \/>\nE-post: <a href=\"mailto:mattias.joelsson@gmail.com\">mattias.joelsson@gmail.com<\/a><\/p>\n<p><strong>Kass\u00f6r:<\/strong><br \/>\n<b>Mathias Joelsson<\/b><br \/>\nTelefon: 076 110 41 33<br \/>\nE-post: <a href=\"mailto:mattias.joelsson@gmail.com\">mattias.joelsson@gmail.com<\/a><\/p>\n<p><strong>Partidistriktsombudsman:<\/strong><br \/>\n<b>Beatrice Nyman<\/b><br \/>\nTelefon: 072 548 47 90<br \/>\nE-post: <a href=\"mailto:beatrice.nyman@kristdemokraterna.se\">beatrice.nyman@kristdemokraterna.se<\/a><\/p>\n<p>&nbsp;<\/p>\n","protected":false},"excerpt":{"rendered":"<p>Kristdemokraterna i V\u00e4rmland Barkassens kontorshotell Lagergrens gata 2 65226 Karlstad, &nbsp; Styrelsens presidium Kjell-Arne Ottosson, partidistriktsordf\u00f6rande Telefon: 073-056 31 23 Epost: kjell-arne.ottosson@kristdemokraterna.se Sara Hallin, 1:e vice partidistriktsordf\u00f6rande Telefon: 070-473 03 28 Epost:sara.hallin@regionvarmland.se Mathias Joelsson, 2:e vice partidistriktsordf\u00f6rande Telefon: 076 110 41 33 E-post: mattias.joelsson@gmail.com Kass\u00f6r: Mathias Joelsson Telefon: 076 110 41 33 E-post: mattias.joelsson@gmail.com Partidistriktsombudsman: <a class=\"read-more-link\" href=\"https:\/\/wp.kristdemokraterna.se\/varmland\/kontakta-oss-2\/\">Read More<\/a><\/p>\n","protected":false},"author":770,"featured_media":0,"parent":0,"menu_order":0,"comment_status":"closed","ping_status":"closed","template":"page.php","meta":{"_acf_changed":false,"footnotes":""},"class_list":["post-363","page","type-page","status-publish","hentry"],"acf":[],"yoast_head":"<!-- This site is optimized with the Yoast SEO plugin v27.3 - https:\/\/yoast.com\/product\/yoast-seo-wordpress\/ -->\n<title>Kontakta oss! - Kristdemokraterna i V\u00e4rmland<\/title>\n<meta name=\"robots\" content=\"index, follow, max-snippet:-1, max-image-preview:large, max-video-preview:-1\" \/>\n<link rel=\"canonical\" href=\"https:\/\/wp.kristdemokraterna.se\/varmland\/kontakta-oss-2\/\" \/>\n<meta property=\"og:locale\" content=\"sv_SE\" \/>\n<meta property=\"og:type\" content=\"article\" \/>\n<meta property=\"og:title\" content=\"Kontakta oss! - Kristdemokraterna i V\u00e4rmland\" \/>\n<meta property=\"og:description\" content=\"Kristdemokraterna i V\u00e4rmland Barkassens kontorshotell Lagergrens gata 2 65226 Karlstad, &nbsp; Styrelsens presidium Kjell-Arne Ottosson, partidistriktsordf\u00f6rande Telefon: 073-056 31 23 Epost: kjell-arne.ottosson@kristdemokraterna.se Sara Hallin, 1:e vice partidistriktsordf\u00f6rande Telefon: 070-473 03 28 Epost:sara.hallin@regionvarmland.se Mathias Joelsson, 2:e vice partidistriktsordf\u00f6rande Telefon: 076 110 41 33 E-post: mattias.joelsson@gmail.com Kass\u00f6r: Mathias Joelsson Telefon: 076 110 41 33 E-post: mattias.joelsson@gmail.com Partidistriktsombudsman: Read More\" \/>\n<meta property=\"og:url\" content=\"https:\/\/wp.kristdemokraterna.se\/varmland\/kontakta-oss-2\/\" \/>\n<meta property=\"og:site_name\" content=\"Kristdemokraterna i V\u00e4rmland\" \/>\n<meta property=\"article:modified_time\" content=\"2025-03-07T13:57:28+00:00\" \/>\n<meta name=\"twitter:card\" content=\"summary_large_image\" \/>\n<meta name=\"twitter:label1\" content=\"Ber\u00e4knad l\u00e4stid\" \/>\n\t<meta name=\"twitter:data1\" content=\"1 minut\" \/>\n<script type=\"application\/ld+json\" class=\"yoast-schema-graph\">{\"@context\":\"https:\\\/\\\/schema.org\",\"@graph\":[{\"@type\":\"WebPage\",\"@id\":\"https:\\\/\\\/wp.kristdemokraterna.se\\\/varmland\\\/kontakta-oss-2\\\/\",\"url\":\"https:\\\/\\\/wp.kristdemokraterna.se\\\/varmland\\\/kontakta-oss-2\\\/\",\"name\":\"Kontakta oss! - Kristdemokraterna i V\u00e4rmland\",\"isPartOf\":{\"@id\":\"https:\\\/\\\/wp.kristdemokraterna.se\\\/varmland\\\/#website\"},\"datePublished\":\"2017-12-04T15:11:27+00:00\",\"dateModified\":\"2025-03-07T13:57:28+00:00\",\"breadcrumb\":{\"@id\":\"https:\\\/\\\/wp.kristdemokraterna.se\\\/varmland\\\/kontakta-oss-2\\\/#breadcrumb\"},\"inLanguage\":\"sv-SE\",\"potentialAction\":[{\"@type\":\"ReadAction\",\"target\":[\"https:\\\/\\\/wp.kristdemokraterna.se\\\/varmland\\\/kontakta-oss-2\\\/\"]}]},{\"@type\":\"BreadcrumbList\",\"@id\":\"https:\\\/\\\/wp.kristdemokraterna.se\\\/varmland\\\/kontakta-oss-2\\\/#breadcrumb\",\"itemListElement\":[{\"@type\":\"ListItem\",\"position\":1,\"name\":\"Hem\",\"item\":\"https:\\\/\\\/wp.kristdemokraterna.se\\\/varmland\\\/\"},{\"@type\":\"ListItem\",\"position\":2,\"name\":\"Kontakta oss!\"}]},{\"@type\":\"WebSite\",\"@id\":\"https:\\\/\\\/wp.kristdemokraterna.se\\\/varmland\\\/#website\",\"url\":\"https:\\\/\\\/wp.kristdemokraterna.se\\\/varmland\\\/\",\"name\":\"Kristdemokraterna i V\u00e4rmland\",\"description\":\"En till Kristdemokraterna webbplats\",\"inLanguage\":\"sv-SE\"}]}<\/script>\n<!-- \/ Yoast SEO plugin. -->","yoast_head_json":{"title":"Kontakta oss! - Kristdemokraterna i V\u00e4rmland","robots":{"index":"index","follow":"follow","max-snippet":"max-snippet:-1","max-image-preview":"max-image-preview:large","max-video-preview":"max-video-preview:-1"},"canonical":"https:\/\/wp.kristdemokraterna.se\/varmland\/kontakta-oss-2\/","og_locale":"sv_SE","og_type":"article","og_title":"Kontakta oss! - Kristdemokraterna i V\u00e4rmland","og_description":"Kristdemokraterna i V\u00e4rmland Barkassens kontorshotell Lagergrens gata 2 65226 Karlstad, &nbsp; Styrelsens presidium Kjell-Arne Ottosson, partidistriktsordf\u00f6rande Telefon: 073-056 31 23 Epost: kjell-arne.ottosson@kristdemokraterna.se Sara Hallin, 1:e vice partidistriktsordf\u00f6rande Telefon: 070-473 03 28 Epost:sara.hallin@regionvarmland.se Mathias Joelsson, 2:e vice partidistriktsordf\u00f6rande Telefon: 076 110 41 33 E-post: mattias.joelsson@gmail.com Kass\u00f6r: Mathias Joelsson Telefon: 076 110 41 33 E-post: mattias.joelsson@gmail.com Partidistriktsombudsman: Read More","og_url":"https:\/\/wp.kristdemokraterna.se\/varmland\/kontakta-oss-2\/","og_site_name":"Kristdemokraterna i V\u00e4rmland","article_modified_time":"2025-03-07T13:57:28+00:00","twitter_card":"summary_large_image","twitter_misc":{"Ber\u00e4knad l\u00e4stid":"1 minut"},"schema":{"@context":"https:\/\/schema.org","@graph":[{"@type":"WebPage","@id":"https:\/\/wp.kristdemokraterna.se\/varmland\/kontakta-oss-2\/","url":"https:\/\/wp.kristdemokraterna.se\/varmland\/kontakta-oss-2\/","name":"Kontakta oss! - Kristdemokraterna i V\u00e4rmland","isPartOf":{"@id":"https:\/\/wp.kristdemokraterna.se\/varmland\/#website"},"datePublished":"2017-12-04T15:11:27+00:00","dateModified":"2025-03-07T13:57:28+00:00","breadcrumb":{"@id":"https:\/\/wp.kristdemokraterna.se\/varmland\/kontakta-oss-2\/#breadcrumb"},"inLanguage":"sv-SE","potentialAction":[{"@type":"ReadAction","target":["https:\/\/wp.kristdemokraterna.se\/varmland\/kontakta-oss-2\/"]}]},{"@type":"BreadcrumbList","@id":"https:\/\/wp.kristdemokraterna.se\/varmland\/kontakta-oss-2\/#breadcrumb","itemListElement":[{"@type":"ListItem","position":1,"name":"Hem","item":"https:\/\/wp.kristdemokraterna.se\/varmland\/"},{"@type":"ListItem","position":2,"name":"Kontakta oss!"}]},{"@type":"WebSite","@id":"https:\/\/wp.kristdemokraterna.se\/varmland\/#website","url":"https:\/\/wp.kristdemokraterna.se\/varmland\/","name":"Kristdemokraterna i V\u00e4rmland","description":"En till Kristdemokraterna webbplats","inLanguage":"sv-SE"}]}},"_links":{"self":[{"href":"https:\/\/wp.kristdemokraterna.se\/varmland\/wp-json\/wp\/v2\/pages\/363","targetHints":{"allow":["GET"]}}],"collection":[{"href":"https:\/\/wp.kristdemokraterna.se\/varmland\/wp-json\/wp\/v2\/pages"}],"about":[{"href":"https:\/\/wp.kristdemokraterna.se\/varmland\/wp-json\/wp\/v2\/types\/page"}],"author":[{"embeddable":true,"href":"https:\/\/wp.kristdemokraterna.se\/varmland\/wp-json\/wp\/v2\/users\/770"}],"replies":[{"embeddable":true,"href":"https:\/\/wp.kristdemokraterna.se\/varmland\/wp-json\/wp\/v2\/comments?post=363"}],"version-history":[{"count":22,"href":"https:\/\/wp.kristdemokraterna.se\/varmland\/wp-json\/wp\/v2\/pages\/363\/revisions"}],"predecessor-version":[{"id":1007,"href":"https:\/\/wp.kristdemokraterna.se\/varmland\/wp-json\/wp\/v2\/pages\/363\/revisions\/1007"}],"wp:attachment":[{"href":"https:\/\/wp.kristdemokraterna.se\/varmland\/wp-json\/wp\/v2\/media?parent=363"}],"curies":[{"name":"wp","href":"https:\/\/api.w.org\/{rel}","templated":true}]}}