{"id":368,"date":"2017-12-04T16:44:15","date_gmt":"2017-12-04T15:44:15","guid":{"rendered":"http:\/\/wp.kristdemokraterna.se\/varmland2\/?page_id=368"},"modified":"2024-01-12T12:54:32","modified_gmt":"2024-01-12T11:54:32","slug":"om-kristdemokraterna","status":"publish","type":"page","link":"https:\/\/wp.kristdemokraterna.se\/varmland\/textsida-fullbredd\/om-kristdemokraterna\/","title":{"rendered":"Om Kristdemokraterna"},"content":{"rendered":"<p><strong><a href=\"http:\/\/wp.kristdemokraterna.se\/varmland2\/files\/2017\/04\/banner_bla1024x234.jpg\"><img loading=\"lazy\" decoding=\"async\" class=\"alignnone size-medium wp-image-176\" src=\"http:\/\/wp.kristdemokraterna.se\/varmland2\/files\/2017\/04\/banner_bla1024x234-300x69.jpg\" alt=\"\" width=\"300\" height=\"69\" srcset=\"https:\/\/wp.kristdemokraterna.se\/varmland\/files\/2017\/04\/banner_bla1024x234-300x69.jpg 300w, https:\/\/wp.kristdemokraterna.se\/varmland\/files\/2017\/04\/banner_bla1024x234-768x176.jpg 768w, https:\/\/wp.kristdemokraterna.se\/varmland\/files\/2017\/04\/banner_bla1024x234.jpg 1024w\" sizes=\"auto, (max-width: 300px) 100vw, 300px\" \/><\/a><\/strong><\/p>\n<p><b>Bes\u00f6k g\u00e4rna Kristdemokraternas nationella hemsida f\u00f6r att f\u00e5 mer information om oss och v\u00e5r politik:<br \/>\n<a href=\"https:\/\/kristdemokraterna.se\/\">https:\/\/kristdemokraterna.se\/<\/a><\/b><\/p>\n","protected":false},"excerpt":{"rendered":"<p>Bes\u00f6k g\u00e4rna Kristdemokraternas nationella hemsida f\u00f6r att f\u00e5 mer information om oss och v\u00e5r politik: https:\/\/kristdemokraterna.se\/<\/p>\n","protected":false},"author":770,"featured_media":0,"parent":272,"menu_order":0,"comment_status":"closed","ping_status":"closed","template":"page.php","meta":{"_acf_changed":false,"footnotes":""},"class_list":["post-368","page","type-page","status-publish","hentry"],"acf":[],"yoast_head":"<!-- This site is optimized with the Yoast SEO plugin v27.6 - https:\/\/yoast.com\/product\/yoast-seo-wordpress\/ -->\n<title>Om Kristdemokraterna - Kristdemokraterna i V\u00e4rmland<\/title>\n<meta name=\"robots\" content=\"index, follow, max-snippet:-1, max-image-preview:large, max-video-preview:-1\" \/>\n<link rel=\"canonical\" href=\"https:\/\/wp.kristdemokraterna.se\/varmland\/textsida-fullbredd\/om-kristdemokraterna\/\" \/>\n<meta property=\"og:locale\" content=\"sv_SE\" \/>\n<meta property=\"og:type\" content=\"article\" \/>\n<meta property=\"og:title\" content=\"Om Kristdemokraterna - Kristdemokraterna i V\u00e4rmland\" \/>\n<meta property=\"og:description\" content=\"Bes\u00f6k g\u00e4rna Kristdemokraternas nationella hemsida f\u00f6r att f\u00e5 mer information om oss och v\u00e5r politik: https:\/\/kristdemokraterna.se\/\" \/>\n<meta property=\"og:url\" content=\"https:\/\/wp.kristdemokraterna.se\/varmland\/textsida-fullbredd\/om-kristdemokraterna\/\" \/>\n<meta property=\"og:site_name\" content=\"Kristdemokraterna i V\u00e4rmland\" \/>\n<meta property=\"article:modified_time\" content=\"2024-01-12T11:54:32+00:00\" \/>\n<meta property=\"og:image\" content=\"http:\/\/wp.kristdemokraterna.se\/varmland2\/files\/2017\/04\/banner_bla1024x234-300x69.jpg\" \/>\n<meta name=\"twitter:card\" content=\"summary_large_image\" \/>\n<meta name=\"twitter:label1\" content=\"Ber\u00e4knad l\u00e4stid\" \/>\n\t<meta name=\"twitter:data1\" content=\"1 minut\" \/>\n<script type=\"application\/ld+json\" class=\"yoast-schema-graph\">{\"@context\":\"https:\\\/\\\/schema.org\",\"@graph\":[{\"@type\":\"WebPage\",\"@id\":\"https:\\\/\\\/wp.kristdemokraterna.se\\\/varmland\\\/textsida-fullbredd\\\/om-kristdemokraterna\\\/\",\"url\":\"https:\\\/\\\/wp.kristdemokraterna.se\\\/varmland\\\/textsida-fullbredd\\\/om-kristdemokraterna\\\/\",\"name\":\"Om Kristdemokraterna - Kristdemokraterna i V\u00e4rmland\",\"isPartOf\":{\"@id\":\"https:\\\/\\\/wp.kristdemokraterna.se\\\/varmland\\\/#website\"},\"primaryImageOfPage\":{\"@id\":\"https:\\\/\\\/wp.kristdemokraterna.se\\\/varmland\\\/textsida-fullbredd\\\/om-kristdemokraterna\\\/#primaryimage\"},\"image\":{\"@id\":\"https:\\\/\\\/wp.kristdemokraterna.se\\\/varmland\\\/textsida-fullbredd\\\/om-kristdemokraterna\\\/#primaryimage\"},\"thumbnailUrl\":\"http:\\\/\\\/wp.kristdemokraterna.se\\\/varmland2\\\/files\\\/2017\\\/04\\\/banner_bla1024x234-300x69.jpg\",\"datePublished\":\"2017-12-04T15:44:15+00:00\",\"dateModified\":\"2024-01-12T11:54:32+00:00\",\"breadcrumb\":{\"@id\":\"https:\\\/\\\/wp.kristdemokraterna.se\\\/varmland\\\/textsida-fullbredd\\\/om-kristdemokraterna\\\/#breadcrumb\"},\"inLanguage\":\"sv-SE\",\"potentialAction\":[{\"@type\":\"ReadAction\",\"target\":[\"https:\\\/\\\/wp.kristdemokraterna.se\\\/varmland\\\/textsida-fullbredd\\\/om-kristdemokraterna\\\/\"]}]},{\"@type\":\"ImageObject\",\"inLanguage\":\"sv-SE\",\"@id\":\"https:\\\/\\\/wp.kristdemokraterna.se\\\/varmland\\\/textsida-fullbredd\\\/om-kristdemokraterna\\\/#primaryimage\",\"url\":\"http:\\\/\\\/wp.kristdemokraterna.se\\\/varmland2\\\/files\\\/2017\\\/04\\\/banner_bla1024x234-300x69.jpg\",\"contentUrl\":\"http:\\\/\\\/wp.kristdemokraterna.se\\\/varmland2\\\/files\\\/2017\\\/04\\\/banner_bla1024x234-300x69.jpg\"},{\"@type\":\"BreadcrumbList\",\"@id\":\"https:\\\/\\\/wp.kristdemokraterna.se\\\/varmland\\\/textsida-fullbredd\\\/om-kristdemokraterna\\\/#breadcrumb\",\"itemListElement\":[{\"@type\":\"ListItem\",\"position\":1,\"name\":\"Hem\",\"item\":\"https:\\\/\\\/wp.kristdemokraterna.se\\\/varmland\\\/\"},{\"@type\":\"ListItem\",\"position\":2,\"name\":\"Vad vi st\u00e5r f\u00f6r!\",\"item\":\"https:\\\/\\\/wp.kristdemokraterna.se\\\/varmland\\\/textsida-fullbredd\\\/\"},{\"@type\":\"ListItem\",\"position\":3,\"name\":\"Om Kristdemokraterna\"}]},{\"@type\":\"WebSite\",\"@id\":\"https:\\\/\\\/wp.kristdemokraterna.se\\\/varmland\\\/#website\",\"url\":\"https:\\\/\\\/wp.kristdemokraterna.se\\\/varmland\\\/\",\"name\":\"Kristdemokraterna i V\u00e4rmland\",\"description\":\"En till Kristdemokraterna webbplats\",\"inLanguage\":\"sv-SE\"}]}<\/script>\n<!-- \/ Yoast SEO plugin. -->","yoast_head_json":{"title":"Om Kristdemokraterna - Kristdemokraterna i V\u00e4rmland","robots":{"index":"index","follow":"follow","max-snippet":"max-snippet:-1","max-image-preview":"max-image-preview:large","max-video-preview":"max-video-preview:-1"},"canonical":"https:\/\/wp.kristdemokraterna.se\/varmland\/textsida-fullbredd\/om-kristdemokraterna\/","og_locale":"sv_SE","og_type":"article","og_title":"Om Kristdemokraterna - Kristdemokraterna i V\u00e4rmland","og_description":"Bes\u00f6k g\u00e4rna Kristdemokraternas nationella hemsida f\u00f6r att f\u00e5 mer information om oss och v\u00e5r politik: https:\/\/kristdemokraterna.se\/","og_url":"https:\/\/wp.kristdemokraterna.se\/varmland\/textsida-fullbredd\/om-kristdemokraterna\/","og_site_name":"Kristdemokraterna i V\u00e4rmland","article_modified_time":"2024-01-12T11:54:32+00:00","og_image":[{"url":"http:\/\/wp.kristdemokraterna.se\/varmland2\/files\/2017\/04\/banner_bla1024x234-300x69.jpg","type":"","width":"","height":""}],"twitter_card":"summary_large_image","twitter_misc":{"Ber\u00e4knad l\u00e4stid":"1 minut"},"schema":{"@context":"https:\/\/schema.org","@graph":[{"@type":"WebPage","@id":"https:\/\/wp.kristdemokraterna.se\/varmland\/textsida-fullbredd\/om-kristdemokraterna\/","url":"https:\/\/wp.kristdemokraterna.se\/varmland\/textsida-fullbredd\/om-kristdemokraterna\/","name":"Om Kristdemokraterna - Kristdemokraterna i V\u00e4rmland","isPartOf":{"@id":"https:\/\/wp.kristdemokraterna.se\/varmland\/#website"},"primaryImageOfPage":{"@id":"https:\/\/wp.kristdemokraterna.se\/varmland\/textsida-fullbredd\/om-kristdemokraterna\/#primaryimage"},"image":{"@id":"https:\/\/wp.kristdemokraterna.se\/varmland\/textsida-fullbredd\/om-kristdemokraterna\/#primaryimage"},"thumbnailUrl":"http:\/\/wp.kristdemokraterna.se\/varmland2\/files\/2017\/04\/banner_bla1024x234-300x69.jpg","datePublished":"2017-12-04T15:44:15+00:00","dateModified":"2024-01-12T11:54:32+00:00","breadcrumb":{"@id":"https:\/\/wp.kristdemokraterna.se\/varmland\/textsida-fullbredd\/om-kristdemokraterna\/#breadcrumb"},"inLanguage":"sv-SE","potentialAction":[{"@type":"ReadAction","target":["https:\/\/wp.kristdemokraterna.se\/varmland\/textsida-fullbredd\/om-kristdemokraterna\/"]}]},{"@type":"ImageObject","inLanguage":"sv-SE","@id":"https:\/\/wp.kristdemokraterna.se\/varmland\/textsida-fullbredd\/om-kristdemokraterna\/#primaryimage","url":"http:\/\/wp.kristdemokraterna.se\/varmland2\/files\/2017\/04\/banner_bla1024x234-300x69.jpg","contentUrl":"http:\/\/wp.kristdemokraterna.se\/varmland2\/files\/2017\/04\/banner_bla1024x234-300x69.jpg"},{"@type":"BreadcrumbList","@id":"https:\/\/wp.kristdemokraterna.se\/varmland\/textsida-fullbredd\/om-kristdemokraterna\/#breadcrumb","itemListElement":[{"@type":"ListItem","position":1,"name":"Hem","item":"https:\/\/wp.kristdemokraterna.se\/varmland\/"},{"@type":"ListItem","position":2,"name":"Vad vi st\u00e5r f\u00f6r!","item":"https:\/\/wp.kristdemokraterna.se\/varmland\/textsida-fullbredd\/"},{"@type":"ListItem","position":3,"name":"Om Kristdemokraterna"}]},{"@type":"WebSite","@id":"https:\/\/wp.kristdemokraterna.se\/varmland\/#website","url":"https:\/\/wp.kristdemokraterna.se\/varmland\/","name":"Kristdemokraterna i V\u00e4rmland","description":"En till Kristdemokraterna webbplats","inLanguage":"sv-SE"}]}},"_links":{"self":[{"href":"https:\/\/wp.kristdemokraterna.se\/varmland\/wp-json\/wp\/v2\/pages\/368","targetHints":{"allow":["GET"]}}],"collection":[{"href":"https:\/\/wp.kristdemokraterna.se\/varmland\/wp-json\/wp\/v2\/pages"}],"about":[{"href":"https:\/\/wp.kristdemokraterna.se\/varmland\/wp-json\/wp\/v2\/types\/page"}],"author":[{"embeddable":true,"href":"https:\/\/wp.kristdemokraterna.se\/varmland\/wp-json\/wp\/v2\/users\/770"}],"replies":[{"embeddable":true,"href":"https:\/\/wp.kristdemokraterna.se\/varmland\/wp-json\/wp\/v2\/comments?post=368"}],"version-history":[{"count":7,"href":"https:\/\/wp.kristdemokraterna.se\/varmland\/wp-json\/wp\/v2\/pages\/368\/revisions"}],"predecessor-version":[{"id":809,"href":"https:\/\/wp.kristdemokraterna.se\/varmland\/wp-json\/wp\/v2\/pages\/368\/revisions\/809"}],"up":[{"embeddable":true,"href":"https:\/\/wp.kristdemokraterna.se\/varmland\/wp-json\/wp\/v2\/pages\/272"}],"wp:attachment":[{"href":"https:\/\/wp.kristdemokraterna.se\/varmland\/wp-json\/wp\/v2\/media?parent=368"}],"curies":[{"name":"wp","href":"https:\/\/api.w.org\/{rel}","templated":true}]}}