{"id":525,"date":"2018-06-15T16:48:44","date_gmt":"2018-06-15T14:48:44","guid":{"rendered":"http:\/\/wp.kristdemokraterna.se\/varmland2\/?page_id=525"},"modified":"2022-06-27T11:54:02","modified_gmt":"2022-06-27T09:54:02","slug":"infrastruktur","status":"publish","type":"page","link":"https:\/\/wp.kristdemokraterna.se\/varmland\/ett-varmland-dar-det-ar-gott-att-leva\/infrastruktur\/","title":{"rendered":"Infrastruktur"},"content":{"rendered":"<p><a href=\"http:\/\/wp.kristdemokraterna.se\/varmland2\/files\/2014\/04\/jarnvag_ej_logga.jpg\"><img loading=\"lazy\" decoding=\"async\" class=\"alignnone size-medium wp-image-195\" src=\"http:\/\/wp.kristdemokraterna.se\/varmland2\/files\/2014\/04\/jarnvag_ej_logga-300x164.jpg\" alt=\"\" width=\"300\" height=\"164\" srcset=\"https:\/\/wp.kristdemokraterna.se\/varmland\/files\/2014\/04\/jarnvag_ej_logga-300x164.jpg 300w, https:\/\/wp.kristdemokraterna.se\/varmland\/files\/2014\/04\/jarnvag_ej_logga.jpg 478w\" sizes=\"auto, (max-width: 300px) 100vw, 300px\" \/><\/a><\/p>\n<p><span style=\"float: none;background-color: transparent;color: #333333;font-family: Georgia,'Times New Roman','Bitstream Charter',Times,serif;font-size: 16px;font-style: normal;font-variant: normal;font-weight: 400;letter-spacing: normal;line-height: 24px;text-align: left;text-decoration: none;text-indent: 0px\">En fungerande infrastruktur \u00e4r b\u00e5de en \u00f6verlevnads- och utvecklingsfr\u00e5ga f\u00f6r v\u00e5rt l\u00e4n. St\u00e4rka V\u00e4rmlands infrastruktur &#8211; underh\u00e5llsskulden \u00e4r enorm!<\/span><\/p>\n<p><b>E18<br \/>\n<\/b> E18 \u00e4r snart fyrfilig hela str\u00e4ckan Stockholm &#8211; Oslo f\u00f6rutom \u00e5tta mil inom V\u00e4rmland. Denna olycksdrabbade str\u00e4cka m\u00e5ste ocks\u00e5 m\u00f6tessepareras och bli fyrfilig.<\/p>\n<p><span style=\"float: none;background-color: transparent;color: #333333;font-family: Georgia,'Times New Roman','Bitstream Charter',Times,serif;font-size: 16px;font-style: normal;font-variant: normal;font-weight: 400;letter-spacing: normal;line-height: 24px;text-align: left;text-decoration: none;text-indent: 0px\"><strong>J\u00e4rnv\u00e4gen<br \/>\n<\/strong>\u00c4ven j\u00e4rnv\u00e4gen m\u00e5ste utvecklas s\u00e5 att fler anv\u00e4nder sig av m\u00f6jligheten att \u00e5ka milj\u00f6v\u00e4nligt. P\u00e5 kort sikt m\u00e5ste flaskhalsen mellan Kil och Karlstad f\u00e5 dubbelsp\u00e5r. Men i ett l\u00e4ngre perspektiv \u00e4r m\u00e5let att man ska kunna \u00e5ka str\u00e4ckan Oslo &#8211; Stockholm p\u00e5 under tre timmar och till Gardemoens flygplats p\u00e5 runt en timme. Detta skulle ge helt andra m\u00f6jligheter att arbetspendla b\u00e5de till och fr\u00e5n V\u00e4rmland liksom inom l\u00e4net.<span style=\"float: none;background-color: transparent;color: #333333;font-family: Georgia,'Times New Roman','Bitstream Charter',Times,serif;font-size: 16px;font-style: normal;font-variant: normal;font-weight: 400;letter-spacing: normal;line-height: 24px;text-align: left;text-decoration: none;text-indent: 0px\"> Dessutom b\u00f6r flera av de st\u00e4ngda stationerna p\u00e5 Fryksdalsbanan och V\u00e4rmlandsbanan \u00f6ppnas p\u00e5 nytt.<\/span><\/span><\/p>\n<p><span style=\"float: none;background-color: transparent;color: #333333;font-family: Georgia,'Times New Roman','Bitstream Charter',Times,serif;font-size: 16px;font-style: normal;font-variant: normal;font-weight: 400;letter-spacing: normal;line-height: 24px;text-align: left;text-decoration: none;text-indent: 0px\"><strong>Grusv\u00e4gar<br \/>\n<\/strong>V\u00e4rmland utg\u00f6rs till stora delar av landsbygd och grusv\u00e4gn\u00e4tet \u00e4r omfattande. I stor utstr\u00e4ckning utg\u00f6rs det av enskilda v\u00e4gar d\u00e4r lokala v\u00e4gf\u00f6reningar ansvarar f\u00f6r att h\u00e5lla v\u00e4garna i skick.\u00a0 Dessa m\u00e5ste f\u00e5 ett b\u00e4ttre st\u00f6d\u00a0 till bland annat till tj\u00e4ls\u00e4kring.<\/span><\/p>\n<p><strong>Fibern\u00e4tet<\/strong><br \/>\nVi m\u00e5ste forts\u00e4tta jobba med att bygga ut fiber s\u00e5 att alla hush\u00e5ll i hela V\u00e4rmland har m\u00f6jlighet att ansluta sig. Detta ger \u00e4n st\u00f6rre m\u00f6jlighet att bo och verka i V\u00e4rmland.<\/p>\n<p><strong>Gr\u00e4nspendling<br \/>\n<\/strong>M\u00e5nga v\u00e4rml\u00e4nningar pendlar till Norge f\u00f6r att jobba. Vi har en stor geografisk f\u00f6rdel med att ligga s\u00e5 n\u00e4ra Osloomr\u00e5det. Tyv\u00e4rr har vi dock fortfarande en hel del gr\u00e4nshinder, vilka vi m\u00e5ste arbeta f\u00f6r att f\u00e5 bort. Detta g\u00e4ller inte minst skatter, men \u00e4ven problem med norska NAV vid sjukdom och arbetsl\u00f6shet. Sverige beh\u00f6ver f\u00e5 till ett avtal med Norge som underl\u00e4ttar arbetspendlingen mellan l\u00e4nderna.<\/p>\n<p>&nbsp;<\/p>\n<p>&nbsp;<\/p>\n","protected":false},"excerpt":{"rendered":"<p>En fungerande infrastruktur \u00e4r b\u00e5de en \u00f6verlevnads- och utvecklingsfr\u00e5ga f\u00f6r v\u00e5rt l\u00e4n. St\u00e4rka V\u00e4rmlands infrastruktur &#8211; underh\u00e5llsskulden \u00e4r enorm! E18 E18 \u00e4r snart fyrfilig hela str\u00e4ckan Stockholm &#8211; Oslo f\u00f6rutom \u00e5tta mil inom V\u00e4rmland. Denna olycksdrabbade str\u00e4cka m\u00e5ste ocks\u00e5 m\u00f6tessepareras och bli fyrfilig. J\u00e4rnv\u00e4gen \u00c4ven j\u00e4rnv\u00e4gen m\u00e5ste utvecklas s\u00e5 att fler anv\u00e4nder sig av m\u00f6jligheten <a class=\"read-more-link\" href=\"https:\/\/wp.kristdemokraterna.se\/varmland\/ett-varmland-dar-det-ar-gott-att-leva\/infrastruktur\/\">Read More<\/a><\/p>\n","protected":false},"author":770,"featured_media":0,"parent":517,"menu_order":0,"comment_status":"closed","ping_status":"closed","template":"","meta":{"_acf_changed":false,"footnotes":""},"class_list":["post-525","page","type-page","status-publish","hentry"],"acf":[],"yoast_head":"<!-- This site is optimized with the Yoast SEO plugin v27.3 - https:\/\/yoast.com\/product\/yoast-seo-wordpress\/ -->\n<title>Infrastruktur - Kristdemokraterna i V\u00e4rmland<\/title>\n<meta name=\"robots\" content=\"index, follow, max-snippet:-1, max-image-preview:large, max-video-preview:-1\" \/>\n<link rel=\"canonical\" href=\"https:\/\/wp.kristdemokraterna.se\/varmland\/ett-varmland-dar-det-ar-gott-att-leva\/infrastruktur\/\" \/>\n<meta property=\"og:locale\" content=\"sv_SE\" \/>\n<meta property=\"og:type\" content=\"article\" \/>\n<meta property=\"og:title\" content=\"Infrastruktur - Kristdemokraterna i V\u00e4rmland\" \/>\n<meta property=\"og:description\" content=\"En fungerande infrastruktur \u00e4r b\u00e5de en \u00f6verlevnads- och utvecklingsfr\u00e5ga f\u00f6r v\u00e5rt l\u00e4n. St\u00e4rka V\u00e4rmlands infrastruktur &#8211; underh\u00e5llsskulden \u00e4r enorm! E18 E18 \u00e4r snart fyrfilig hela str\u00e4ckan Stockholm &#8211; Oslo f\u00f6rutom \u00e5tta mil inom V\u00e4rmland. Denna olycksdrabbade str\u00e4cka m\u00e5ste ocks\u00e5 m\u00f6tessepareras och bli fyrfilig. J\u00e4rnv\u00e4gen \u00c4ven j\u00e4rnv\u00e4gen m\u00e5ste utvecklas s\u00e5 att fler anv\u00e4nder sig av m\u00f6jligheten Read More\" \/>\n<meta property=\"og:url\" content=\"https:\/\/wp.kristdemokraterna.se\/varmland\/ett-varmland-dar-det-ar-gott-att-leva\/infrastruktur\/\" \/>\n<meta property=\"og:site_name\" content=\"Kristdemokraterna i V\u00e4rmland\" \/>\n<meta property=\"article:modified_time\" content=\"2022-06-27T09:54:02+00:00\" \/>\n<meta property=\"og:image\" content=\"http:\/\/wp.kristdemokraterna.se\/varmland2\/files\/2014\/04\/jarnvag_ej_logga-300x164.jpg\" \/>\n<meta name=\"twitter:card\" content=\"summary_large_image\" \/>\n<meta name=\"twitter:label1\" content=\"Ber\u00e4knad l\u00e4stid\" \/>\n\t<meta name=\"twitter:data1\" content=\"2 minuter\" \/>\n<script type=\"application\/ld+json\" class=\"yoast-schema-graph\">{\"@context\":\"https:\\\/\\\/schema.org\",\"@graph\":[{\"@type\":\"WebPage\",\"@id\":\"https:\\\/\\\/wp.kristdemokraterna.se\\\/varmland\\\/ett-varmland-dar-det-ar-gott-att-leva\\\/infrastruktur\\\/\",\"url\":\"https:\\\/\\\/wp.kristdemokraterna.se\\\/varmland\\\/ett-varmland-dar-det-ar-gott-att-leva\\\/infrastruktur\\\/\",\"name\":\"Infrastruktur - Kristdemokraterna i V\u00e4rmland\",\"isPartOf\":{\"@id\":\"https:\\\/\\\/wp.kristdemokraterna.se\\\/varmland\\\/#website\"},\"primaryImageOfPage\":{\"@id\":\"https:\\\/\\\/wp.kristdemokraterna.se\\\/varmland\\\/ett-varmland-dar-det-ar-gott-att-leva\\\/infrastruktur\\\/#primaryimage\"},\"image\":{\"@id\":\"https:\\\/\\\/wp.kristdemokraterna.se\\\/varmland\\\/ett-varmland-dar-det-ar-gott-att-leva\\\/infrastruktur\\\/#primaryimage\"},\"thumbnailUrl\":\"http:\\\/\\\/wp.kristdemokraterna.se\\\/varmland2\\\/files\\\/2014\\\/04\\\/jarnvag_ej_logga-300x164.jpg\",\"datePublished\":\"2018-06-15T14:48:44+00:00\",\"dateModified\":\"2022-06-27T09:54:02+00:00\",\"breadcrumb\":{\"@id\":\"https:\\\/\\\/wp.kristdemokraterna.se\\\/varmland\\\/ett-varmland-dar-det-ar-gott-att-leva\\\/infrastruktur\\\/#breadcrumb\"},\"inLanguage\":\"sv-SE\",\"potentialAction\":[{\"@type\":\"ReadAction\",\"target\":[\"https:\\\/\\\/wp.kristdemokraterna.se\\\/varmland\\\/ett-varmland-dar-det-ar-gott-att-leva\\\/infrastruktur\\\/\"]}]},{\"@type\":\"ImageObject\",\"inLanguage\":\"sv-SE\",\"@id\":\"https:\\\/\\\/wp.kristdemokraterna.se\\\/varmland\\\/ett-varmland-dar-det-ar-gott-att-leva\\\/infrastruktur\\\/#primaryimage\",\"url\":\"http:\\\/\\\/wp.kristdemokraterna.se\\\/varmland2\\\/files\\\/2014\\\/04\\\/jarnvag_ej_logga-300x164.jpg\",\"contentUrl\":\"http:\\\/\\\/wp.kristdemokraterna.se\\\/varmland2\\\/files\\\/2014\\\/04\\\/jarnvag_ej_logga-300x164.jpg\"},{\"@type\":\"BreadcrumbList\",\"@id\":\"https:\\\/\\\/wp.kristdemokraterna.se\\\/varmland\\\/ett-varmland-dar-det-ar-gott-att-leva\\\/infrastruktur\\\/#breadcrumb\",\"itemListElement\":[{\"@type\":\"ListItem\",\"position\":1,\"name\":\"Hem\",\"item\":\"https:\\\/\\\/wp.kristdemokraterna.se\\\/varmland\\\/\"},{\"@type\":\"ListItem\",\"position\":2,\"name\":\"V\u00e5r politik\",\"item\":\"https:\\\/\\\/wp.kristdemokraterna.se\\\/varmland\\\/ett-varmland-dar-det-ar-gott-att-leva\\\/\"},{\"@type\":\"ListItem\",\"position\":3,\"name\":\"Infrastruktur\"}]},{\"@type\":\"WebSite\",\"@id\":\"https:\\\/\\\/wp.kristdemokraterna.se\\\/varmland\\\/#website\",\"url\":\"https:\\\/\\\/wp.kristdemokraterna.se\\\/varmland\\\/\",\"name\":\"Kristdemokraterna i V\u00e4rmland\",\"description\":\"En till Kristdemokraterna webbplats\",\"inLanguage\":\"sv-SE\"}]}<\/script>\n<!-- \/ Yoast SEO plugin. -->","yoast_head_json":{"title":"Infrastruktur - Kristdemokraterna i V\u00e4rmland","robots":{"index":"index","follow":"follow","max-snippet":"max-snippet:-1","max-image-preview":"max-image-preview:large","max-video-preview":"max-video-preview:-1"},"canonical":"https:\/\/wp.kristdemokraterna.se\/varmland\/ett-varmland-dar-det-ar-gott-att-leva\/infrastruktur\/","og_locale":"sv_SE","og_type":"article","og_title":"Infrastruktur - Kristdemokraterna i V\u00e4rmland","og_description":"En fungerande infrastruktur \u00e4r b\u00e5de en \u00f6verlevnads- och utvecklingsfr\u00e5ga f\u00f6r v\u00e5rt l\u00e4n. St\u00e4rka V\u00e4rmlands infrastruktur &#8211; underh\u00e5llsskulden \u00e4r enorm! E18 E18 \u00e4r snart fyrfilig hela str\u00e4ckan Stockholm &#8211; Oslo f\u00f6rutom \u00e5tta mil inom V\u00e4rmland. Denna olycksdrabbade str\u00e4cka m\u00e5ste ocks\u00e5 m\u00f6tessepareras och bli fyrfilig. J\u00e4rnv\u00e4gen \u00c4ven j\u00e4rnv\u00e4gen m\u00e5ste utvecklas s\u00e5 att fler anv\u00e4nder sig av m\u00f6jligheten Read More","og_url":"https:\/\/wp.kristdemokraterna.se\/varmland\/ett-varmland-dar-det-ar-gott-att-leva\/infrastruktur\/","og_site_name":"Kristdemokraterna i V\u00e4rmland","article_modified_time":"2022-06-27T09:54:02+00:00","og_image":[{"url":"http:\/\/wp.kristdemokraterna.se\/varmland2\/files\/2014\/04\/jarnvag_ej_logga-300x164.jpg","type":"","width":"","height":""}],"twitter_card":"summary_large_image","twitter_misc":{"Ber\u00e4knad l\u00e4stid":"2 minuter"},"schema":{"@context":"https:\/\/schema.org","@graph":[{"@type":"WebPage","@id":"https:\/\/wp.kristdemokraterna.se\/varmland\/ett-varmland-dar-det-ar-gott-att-leva\/infrastruktur\/","url":"https:\/\/wp.kristdemokraterna.se\/varmland\/ett-varmland-dar-det-ar-gott-att-leva\/infrastruktur\/","name":"Infrastruktur - Kristdemokraterna i V\u00e4rmland","isPartOf":{"@id":"https:\/\/wp.kristdemokraterna.se\/varmland\/#website"},"primaryImageOfPage":{"@id":"https:\/\/wp.kristdemokraterna.se\/varmland\/ett-varmland-dar-det-ar-gott-att-leva\/infrastruktur\/#primaryimage"},"image":{"@id":"https:\/\/wp.kristdemokraterna.se\/varmland\/ett-varmland-dar-det-ar-gott-att-leva\/infrastruktur\/#primaryimage"},"thumbnailUrl":"http:\/\/wp.kristdemokraterna.se\/varmland2\/files\/2014\/04\/jarnvag_ej_logga-300x164.jpg","datePublished":"2018-06-15T14:48:44+00:00","dateModified":"2022-06-27T09:54:02+00:00","breadcrumb":{"@id":"https:\/\/wp.kristdemokraterna.se\/varmland\/ett-varmland-dar-det-ar-gott-att-leva\/infrastruktur\/#breadcrumb"},"inLanguage":"sv-SE","potentialAction":[{"@type":"ReadAction","target":["https:\/\/wp.kristdemokraterna.se\/varmland\/ett-varmland-dar-det-ar-gott-att-leva\/infrastruktur\/"]}]},{"@type":"ImageObject","inLanguage":"sv-SE","@id":"https:\/\/wp.kristdemokraterna.se\/varmland\/ett-varmland-dar-det-ar-gott-att-leva\/infrastruktur\/#primaryimage","url":"http:\/\/wp.kristdemokraterna.se\/varmland2\/files\/2014\/04\/jarnvag_ej_logga-300x164.jpg","contentUrl":"http:\/\/wp.kristdemokraterna.se\/varmland2\/files\/2014\/04\/jarnvag_ej_logga-300x164.jpg"},{"@type":"BreadcrumbList","@id":"https:\/\/wp.kristdemokraterna.se\/varmland\/ett-varmland-dar-det-ar-gott-att-leva\/infrastruktur\/#breadcrumb","itemListElement":[{"@type":"ListItem","position":1,"name":"Hem","item":"https:\/\/wp.kristdemokraterna.se\/varmland\/"},{"@type":"ListItem","position":2,"name":"V\u00e5r politik","item":"https:\/\/wp.kristdemokraterna.se\/varmland\/ett-varmland-dar-det-ar-gott-att-leva\/"},{"@type":"ListItem","position":3,"name":"Infrastruktur"}]},{"@type":"WebSite","@id":"https:\/\/wp.kristdemokraterna.se\/varmland\/#website","url":"https:\/\/wp.kristdemokraterna.se\/varmland\/","name":"Kristdemokraterna i V\u00e4rmland","description":"En till Kristdemokraterna webbplats","inLanguage":"sv-SE"}]}},"_links":{"self":[{"href":"https:\/\/wp.kristdemokraterna.se\/varmland\/wp-json\/wp\/v2\/pages\/525","targetHints":{"allow":["GET"]}}],"collection":[{"href":"https:\/\/wp.kristdemokraterna.se\/varmland\/wp-json\/wp\/v2\/pages"}],"about":[{"href":"https:\/\/wp.kristdemokraterna.se\/varmland\/wp-json\/wp\/v2\/types\/page"}],"author":[{"embeddable":true,"href":"https:\/\/wp.kristdemokraterna.se\/varmland\/wp-json\/wp\/v2\/users\/770"}],"replies":[{"embeddable":true,"href":"https:\/\/wp.kristdemokraterna.se\/varmland\/wp-json\/wp\/v2\/comments?post=525"}],"version-history":[{"count":9,"href":"https:\/\/wp.kristdemokraterna.se\/varmland\/wp-json\/wp\/v2\/pages\/525\/revisions"}],"predecessor-version":[{"id":779,"href":"https:\/\/wp.kristdemokraterna.se\/varmland\/wp-json\/wp\/v2\/pages\/525\/revisions\/779"}],"up":[{"embeddable":true,"href":"https:\/\/wp.kristdemokraterna.se\/varmland\/wp-json\/wp\/v2\/pages\/517"}],"wp:attachment":[{"href":"https:\/\/wp.kristdemokraterna.se\/varmland\/wp-json\/wp\/v2\/media?parent=525"}],"curies":[{"name":"wp","href":"https:\/\/api.w.org\/{rel}","templated":true}]}}