{"id":552,"date":"2018-06-15T17:42:24","date_gmt":"2018-06-15T15:42:24","guid":{"rendered":"http:\/\/wp.kristdemokraterna.se\/varmland2\/?page_id=552"},"modified":"2018-06-15T17:42:38","modified_gmt":"2018-06-15T15:42:38","slug":"vart-principprogram-2","status":"publish","type":"page","link":"https:\/\/wp.kristdemokraterna.se\/varmland\/ett-varmland-dar-det-ar-gott-att-leva\/vart-principprogram-2\/","title":{"rendered":"V\u00e5rt principprogram"},"content":{"rendered":"<p><a href=\"http:\/\/wp.kristdemokraterna.se\/varmland2\/files\/2017\/04\/kdfallback.jpg\"><img loading=\"lazy\" decoding=\"async\" class=\"alignnone size-medium wp-image-183\" src=\"http:\/\/wp.kristdemokraterna.se\/varmland2\/files\/2017\/04\/kdfallback-300x164.jpg\" alt=\"\" width=\"300\" height=\"164\" srcset=\"https:\/\/wp.kristdemokraterna.se\/varmland\/files\/2017\/04\/kdfallback-300x164.jpg 300w, https:\/\/wp.kristdemokraterna.se\/varmland\/files\/2017\/04\/kdfallback.jpg 478w\" sizes=\"auto, (max-width: 300px) 100vw, 300px\" \/><\/a><\/p>\n<p>Vill du f\u00f6rdjupa dig? L\u00e4s v\u00e5rt\u00a0<a href=\"http:\/\/wp.kristdemokraterna.se\/varmland2\/files\/2018\/06\/principprogram.pdf\">principprogram!<\/a><\/p>\n","protected":false},"excerpt":{"rendered":"<p>Vill du f\u00f6rdjupa dig? L\u00e4s v\u00e5rt\u00a0principprogram!<\/p>\n","protected":false},"author":770,"featured_media":0,"parent":517,"menu_order":0,"comment_status":"closed","ping_status":"closed","template":"","meta":{"_acf_changed":false,"footnotes":""},"class_list":["post-552","page","type-page","status-publish","hentry"],"acf":[],"yoast_head":"<!-- This site is optimized with the Yoast SEO plugin v27.3 - https:\/\/yoast.com\/product\/yoast-seo-wordpress\/ -->\n<title>V\u00e5rt principprogram - Kristdemokraterna i V\u00e4rmland<\/title>\n<meta name=\"robots\" content=\"index, follow, max-snippet:-1, max-image-preview:large, max-video-preview:-1\" \/>\n<link rel=\"canonical\" href=\"https:\/\/wp.kristdemokraterna.se\/varmland\/ett-varmland-dar-det-ar-gott-att-leva\/vart-principprogram-2\/\" \/>\n<meta property=\"og:locale\" content=\"sv_SE\" \/>\n<meta property=\"og:type\" content=\"article\" \/>\n<meta property=\"og:title\" content=\"V\u00e5rt principprogram - Kristdemokraterna i V\u00e4rmland\" \/>\n<meta property=\"og:description\" content=\"Vill du f\u00f6rdjupa dig? L\u00e4s v\u00e5rt\u00a0principprogram!\" \/>\n<meta property=\"og:url\" content=\"https:\/\/wp.kristdemokraterna.se\/varmland\/ett-varmland-dar-det-ar-gott-att-leva\/vart-principprogram-2\/\" \/>\n<meta property=\"og:site_name\" content=\"Kristdemokraterna i V\u00e4rmland\" \/>\n<meta property=\"article:modified_time\" content=\"2018-06-15T15:42:38+00:00\" \/>\n<meta property=\"og:image\" content=\"http:\/\/wp.kristdemokraterna.se\/varmland2\/files\/2017\/04\/kdfallback-300x164.jpg\" \/>\n<meta name=\"twitter:card\" content=\"summary_large_image\" \/>\n<script type=\"application\/ld+json\" class=\"yoast-schema-graph\">{\"@context\":\"https:\\\/\\\/schema.org\",\"@graph\":[{\"@type\":\"WebPage\",\"@id\":\"https:\\\/\\\/wp.kristdemokraterna.se\\\/varmland\\\/ett-varmland-dar-det-ar-gott-att-leva\\\/vart-principprogram-2\\\/\",\"url\":\"https:\\\/\\\/wp.kristdemokraterna.se\\\/varmland\\\/ett-varmland-dar-det-ar-gott-att-leva\\\/vart-principprogram-2\\\/\",\"name\":\"V\u00e5rt principprogram - Kristdemokraterna i V\u00e4rmland\",\"isPartOf\":{\"@id\":\"https:\\\/\\\/wp.kristdemokraterna.se\\\/varmland\\\/#website\"},\"primaryImageOfPage\":{\"@id\":\"https:\\\/\\\/wp.kristdemokraterna.se\\\/varmland\\\/ett-varmland-dar-det-ar-gott-att-leva\\\/vart-principprogram-2\\\/#primaryimage\"},\"image\":{\"@id\":\"https:\\\/\\\/wp.kristdemokraterna.se\\\/varmland\\\/ett-varmland-dar-det-ar-gott-att-leva\\\/vart-principprogram-2\\\/#primaryimage\"},\"thumbnailUrl\":\"http:\\\/\\\/wp.kristdemokraterna.se\\\/varmland2\\\/files\\\/2017\\\/04\\\/kdfallback-300x164.jpg\",\"datePublished\":\"2018-06-15T15:42:24+00:00\",\"dateModified\":\"2018-06-15T15:42:38+00:00\",\"breadcrumb\":{\"@id\":\"https:\\\/\\\/wp.kristdemokraterna.se\\\/varmland\\\/ett-varmland-dar-det-ar-gott-att-leva\\\/vart-principprogram-2\\\/#breadcrumb\"},\"inLanguage\":\"sv-SE\",\"potentialAction\":[{\"@type\":\"ReadAction\",\"target\":[\"https:\\\/\\\/wp.kristdemokraterna.se\\\/varmland\\\/ett-varmland-dar-det-ar-gott-att-leva\\\/vart-principprogram-2\\\/\"]}]},{\"@type\":\"ImageObject\",\"inLanguage\":\"sv-SE\",\"@id\":\"https:\\\/\\\/wp.kristdemokraterna.se\\\/varmland\\\/ett-varmland-dar-det-ar-gott-att-leva\\\/vart-principprogram-2\\\/#primaryimage\",\"url\":\"http:\\\/\\\/wp.kristdemokraterna.se\\\/varmland2\\\/files\\\/2017\\\/04\\\/kdfallback-300x164.jpg\",\"contentUrl\":\"http:\\\/\\\/wp.kristdemokraterna.se\\\/varmland2\\\/files\\\/2017\\\/04\\\/kdfallback-300x164.jpg\"},{\"@type\":\"BreadcrumbList\",\"@id\":\"https:\\\/\\\/wp.kristdemokraterna.se\\\/varmland\\\/ett-varmland-dar-det-ar-gott-att-leva\\\/vart-principprogram-2\\\/#breadcrumb\",\"itemListElement\":[{\"@type\":\"ListItem\",\"position\":1,\"name\":\"Hem\",\"item\":\"https:\\\/\\\/wp.kristdemokraterna.se\\\/varmland\\\/\"},{\"@type\":\"ListItem\",\"position\":2,\"name\":\"V\u00e5r politik\",\"item\":\"https:\\\/\\\/wp.kristdemokraterna.se\\\/varmland\\\/ett-varmland-dar-det-ar-gott-att-leva\\\/\"},{\"@type\":\"ListItem\",\"position\":3,\"name\":\"V\u00e5rt principprogram\"}]},{\"@type\":\"WebSite\",\"@id\":\"https:\\\/\\\/wp.kristdemokraterna.se\\\/varmland\\\/#website\",\"url\":\"https:\\\/\\\/wp.kristdemokraterna.se\\\/varmland\\\/\",\"name\":\"Kristdemokraterna i V\u00e4rmland\",\"description\":\"En till Kristdemokraterna webbplats\",\"inLanguage\":\"sv-SE\"}]}<\/script>\n<!-- \/ Yoast SEO plugin. -->","yoast_head_json":{"title":"V\u00e5rt principprogram - Kristdemokraterna i V\u00e4rmland","robots":{"index":"index","follow":"follow","max-snippet":"max-snippet:-1","max-image-preview":"max-image-preview:large","max-video-preview":"max-video-preview:-1"},"canonical":"https:\/\/wp.kristdemokraterna.se\/varmland\/ett-varmland-dar-det-ar-gott-att-leva\/vart-principprogram-2\/","og_locale":"sv_SE","og_type":"article","og_title":"V\u00e5rt principprogram - Kristdemokraterna i V\u00e4rmland","og_description":"Vill du f\u00f6rdjupa dig? L\u00e4s v\u00e5rt\u00a0principprogram!","og_url":"https:\/\/wp.kristdemokraterna.se\/varmland\/ett-varmland-dar-det-ar-gott-att-leva\/vart-principprogram-2\/","og_site_name":"Kristdemokraterna i V\u00e4rmland","article_modified_time":"2018-06-15T15:42:38+00:00","og_image":[{"url":"http:\/\/wp.kristdemokraterna.se\/varmland2\/files\/2017\/04\/kdfallback-300x164.jpg","type":"","width":"","height":""}],"twitter_card":"summary_large_image","schema":{"@context":"https:\/\/schema.org","@graph":[{"@type":"WebPage","@id":"https:\/\/wp.kristdemokraterna.se\/varmland\/ett-varmland-dar-det-ar-gott-att-leva\/vart-principprogram-2\/","url":"https:\/\/wp.kristdemokraterna.se\/varmland\/ett-varmland-dar-det-ar-gott-att-leva\/vart-principprogram-2\/","name":"V\u00e5rt principprogram - Kristdemokraterna i V\u00e4rmland","isPartOf":{"@id":"https:\/\/wp.kristdemokraterna.se\/varmland\/#website"},"primaryImageOfPage":{"@id":"https:\/\/wp.kristdemokraterna.se\/varmland\/ett-varmland-dar-det-ar-gott-att-leva\/vart-principprogram-2\/#primaryimage"},"image":{"@id":"https:\/\/wp.kristdemokraterna.se\/varmland\/ett-varmland-dar-det-ar-gott-att-leva\/vart-principprogram-2\/#primaryimage"},"thumbnailUrl":"http:\/\/wp.kristdemokraterna.se\/varmland2\/files\/2017\/04\/kdfallback-300x164.jpg","datePublished":"2018-06-15T15:42:24+00:00","dateModified":"2018-06-15T15:42:38+00:00","breadcrumb":{"@id":"https:\/\/wp.kristdemokraterna.se\/varmland\/ett-varmland-dar-det-ar-gott-att-leva\/vart-principprogram-2\/#breadcrumb"},"inLanguage":"sv-SE","potentialAction":[{"@type":"ReadAction","target":["https:\/\/wp.kristdemokraterna.se\/varmland\/ett-varmland-dar-det-ar-gott-att-leva\/vart-principprogram-2\/"]}]},{"@type":"ImageObject","inLanguage":"sv-SE","@id":"https:\/\/wp.kristdemokraterna.se\/varmland\/ett-varmland-dar-det-ar-gott-att-leva\/vart-principprogram-2\/#primaryimage","url":"http:\/\/wp.kristdemokraterna.se\/varmland2\/files\/2017\/04\/kdfallback-300x164.jpg","contentUrl":"http:\/\/wp.kristdemokraterna.se\/varmland2\/files\/2017\/04\/kdfallback-300x164.jpg"},{"@type":"BreadcrumbList","@id":"https:\/\/wp.kristdemokraterna.se\/varmland\/ett-varmland-dar-det-ar-gott-att-leva\/vart-principprogram-2\/#breadcrumb","itemListElement":[{"@type":"ListItem","position":1,"name":"Hem","item":"https:\/\/wp.kristdemokraterna.se\/varmland\/"},{"@type":"ListItem","position":2,"name":"V\u00e5r politik","item":"https:\/\/wp.kristdemokraterna.se\/varmland\/ett-varmland-dar-det-ar-gott-att-leva\/"},{"@type":"ListItem","position":3,"name":"V\u00e5rt principprogram"}]},{"@type":"WebSite","@id":"https:\/\/wp.kristdemokraterna.se\/varmland\/#website","url":"https:\/\/wp.kristdemokraterna.se\/varmland\/","name":"Kristdemokraterna i V\u00e4rmland","description":"En till Kristdemokraterna webbplats","inLanguage":"sv-SE"}]}},"_links":{"self":[{"href":"https:\/\/wp.kristdemokraterna.se\/varmland\/wp-json\/wp\/v2\/pages\/552","targetHints":{"allow":["GET"]}}],"collection":[{"href":"https:\/\/wp.kristdemokraterna.se\/varmland\/wp-json\/wp\/v2\/pages"}],"about":[{"href":"https:\/\/wp.kristdemokraterna.se\/varmland\/wp-json\/wp\/v2\/types\/page"}],"author":[{"embeddable":true,"href":"https:\/\/wp.kristdemokraterna.se\/varmland\/wp-json\/wp\/v2\/users\/770"}],"replies":[{"embeddable":true,"href":"https:\/\/wp.kristdemokraterna.se\/varmland\/wp-json\/wp\/v2\/comments?post=552"}],"version-history":[{"count":1,"href":"https:\/\/wp.kristdemokraterna.se\/varmland\/wp-json\/wp\/v2\/pages\/552\/revisions"}],"predecessor-version":[{"id":553,"href":"https:\/\/wp.kristdemokraterna.se\/varmland\/wp-json\/wp\/v2\/pages\/552\/revisions\/553"}],"up":[{"embeddable":true,"href":"https:\/\/wp.kristdemokraterna.se\/varmland\/wp-json\/wp\/v2\/pages\/517"}],"wp:attachment":[{"href":"https:\/\/wp.kristdemokraterna.se\/varmland\/wp-json\/wp\/v2\/media?parent=552"}],"curies":[{"name":"wp","href":"https:\/\/api.w.org\/{rel}","templated":true}]}}