{"id":573,"date":"2018-06-18T10:56:46","date_gmt":"2018-06-18T08:56:46","guid":{"rendered":"http:\/\/wp.kristdemokraterna.se\/varmland2\/?page_id=573"},"modified":"2022-05-18T21:26:56","modified_gmt":"2022-05-18T19:26:56","slug":"karlstad","status":"publish","type":"page","link":"https:\/\/wp.kristdemokraterna.se\/varmland\/vara-foretradare\/vara-fortoendevalda\/karlstad\/","title":{"rendered":"&#8211; Karlstad"},"content":{"rendered":"<ol>\n<li>Erik Nilsson, Kommunalr\u00e5d, F\u00e4rjestad<\/li>\n<li>Linda Arvidsson, Biomedicinsk analytiker, Stodene<\/li>\n<li>Johan Lokander, Politisk sekreterare, V\u00e5lberg<\/li>\n<li>Matilda Anttonen, Student, Kronoparken<\/li>\n<li>Fredrik Roos, L\u00e4rare, Rud<\/li>\n<li>Christoffer Andersson, Org.utvecklare, Tingvallastaden<\/li>\n<li>Gabriella Alstr\u00f6m, Kommunikationschef, Sundsta<\/li>\n<li>Jan L\u00e4nsberg, L\u00e4rare, Norra Kroppk\u00e4rr<\/li>\n<li>Marie Ullenius, Pensionerad socionom, Sk\u00e5re<\/li>\n<li>Ann-Katrin Eriksson, Pensionerad logistikchef, Tullholmen<\/li>\n<li>G\u00f6ran Forsman, Gruppledare, Stodene<\/li>\n<li>Eric Hellqvist, S\u00e4ljare, F\u00e4rjestad<\/li>\n<li>P\u00e4r-Arne Claveroth, Key account manager, Strand<\/li>\n<li>Nawres Taki, Receptionist, Kronoparken<\/li>\n<li>Ulf W Eriksson, Styrelseledamot i f\u00f6retag, Tullholmen<\/li>\n<li>Thomas Brink, Socialsekreterare, Tullholmen<\/li>\n<li>Anna Kihl-Roos, Pensionerad l\u00e4rare, Tullholmen<\/li>\n<li>Stig-Arne Persson, Ekonom, V\u00e5lberg<\/li>\n<li>Kjell Gillberg, Teol.kand, Fil kand., Stockfallet<\/li>\n<li>Carina Persson, Musiker, V\u00e5lberg<\/li>\n<li>Johan Heder, Studerande, Sundsta<\/li>\n<li>Ulf Adolfsson, Pensionerad s\u00e4kerhetschef, Herrhagen<\/li>\n<li>Marcus Eklind, Entrepren\u00f6r, R\u00e5torp<\/li>\n<li>G\u00f6ran S Janson, Pensionerad flygkapten, Sundsta<\/li>\n<li>Viktor Cederholm, Extrahj\u00e4lp p\u00e5 f\u00f6rskola, Rud<\/li>\n<li>Sara Louise Kihlstr\u00f6m, L\u00e4rare, Karlstad<\/li>\n<li>Sarah Kullgren, F\u00f6rbundsordf KD-K, Hagalund<\/li>\n<li>Emil Dovr\u00e9n, Studerande, Kronoparken<\/li>\n<li>William Persson, Studerande, Tormestad<\/li>\n<li>Jonny Mattsson, \u00d6verste, Tullholmen<\/li>\n<\/ol>\n","protected":false},"excerpt":{"rendered":"<p>Erik Nilsson, Kommunalr\u00e5d, F\u00e4rjestad Linda Arvidsson, Biomedicinsk analytiker, Stodene Johan Lokander, Politisk sekreterare, V\u00e5lberg Matilda Anttonen, Student, Kronoparken Fredrik Roos, L\u00e4rare, Rud Christoffer Andersson, Org.utvecklare, Tingvallastaden Gabriella Alstr\u00f6m, Kommunikationschef, Sundsta Jan L\u00e4nsberg, L\u00e4rare, Norra Kroppk\u00e4rr Marie Ullenius, Pensionerad socionom, Sk\u00e5re Ann-Katrin Eriksson, Pensionerad logistikchef, Tullholmen G\u00f6ran Forsman, Gruppledare, Stodene Eric Hellqvist, S\u00e4ljare, F\u00e4rjestad P\u00e4r-Arne Claveroth, <a class=\"read-more-link\" href=\"https:\/\/wp.kristdemokraterna.se\/varmland\/vara-foretradare\/vara-fortoendevalda\/karlstad\/\">Read More<\/a><\/p>\n","protected":false},"author":770,"featured_media":0,"parent":564,"menu_order":0,"comment_status":"closed","ping_status":"closed","template":"","meta":{"_acf_changed":false,"footnotes":""},"class_list":["post-573","page","type-page","status-publish","hentry"],"acf":[],"yoast_head":"<!-- This site is optimized with the Yoast SEO plugin v27.6 - https:\/\/yoast.com\/product\/yoast-seo-wordpress\/ -->\n<title>- Karlstad - Kristdemokraterna i V\u00e4rmland<\/title>\n<meta name=\"robots\" content=\"index, follow, max-snippet:-1, max-image-preview:large, max-video-preview:-1\" \/>\n<link rel=\"canonical\" href=\"https:\/\/wp.kristdemokraterna.se\/varmland\/vara-foretradare\/vara-fortoendevalda\/karlstad\/\" \/>\n<meta property=\"og:locale\" content=\"sv_SE\" \/>\n<meta property=\"og:type\" content=\"article\" \/>\n<meta property=\"og:title\" content=\"- Karlstad - Kristdemokraterna i V\u00e4rmland\" \/>\n<meta property=\"og:description\" content=\"Erik Nilsson, Kommunalr\u00e5d, F\u00e4rjestad Linda Arvidsson, Biomedicinsk analytiker, Stodene Johan Lokander, Politisk sekreterare, V\u00e5lberg Matilda Anttonen, Student, Kronoparken Fredrik Roos, L\u00e4rare, Rud Christoffer Andersson, Org.utvecklare, Tingvallastaden Gabriella Alstr\u00f6m, Kommunikationschef, Sundsta Jan L\u00e4nsberg, L\u00e4rare, Norra Kroppk\u00e4rr Marie Ullenius, Pensionerad socionom, Sk\u00e5re Ann-Katrin Eriksson, Pensionerad logistikchef, Tullholmen G\u00f6ran Forsman, Gruppledare, Stodene Eric Hellqvist, S\u00e4ljare, F\u00e4rjestad P\u00e4r-Arne Claveroth, Read More\" \/>\n<meta property=\"og:url\" content=\"https:\/\/wp.kristdemokraterna.se\/varmland\/vara-foretradare\/vara-fortoendevalda\/karlstad\/\" \/>\n<meta property=\"og:site_name\" content=\"Kristdemokraterna i V\u00e4rmland\" \/>\n<meta property=\"article:modified_time\" content=\"2022-05-18T19:26:56+00:00\" \/>\n<meta name=\"twitter:card\" content=\"summary_large_image\" \/>\n<meta name=\"twitter:label1\" content=\"Ber\u00e4knad l\u00e4stid\" \/>\n\t<meta name=\"twitter:data1\" content=\"1 minut\" \/>\n<script type=\"application\/ld+json\" class=\"yoast-schema-graph\">{\"@context\":\"https:\\\/\\\/schema.org\",\"@graph\":[{\"@type\":\"WebPage\",\"@id\":\"https:\\\/\\\/wp.kristdemokraterna.se\\\/varmland\\\/vara-foretradare\\\/vara-fortoendevalda\\\/karlstad\\\/\",\"url\":\"https:\\\/\\\/wp.kristdemokraterna.se\\\/varmland\\\/vara-foretradare\\\/vara-fortoendevalda\\\/karlstad\\\/\",\"name\":\"- Karlstad - Kristdemokraterna i V\u00e4rmland\",\"isPartOf\":{\"@id\":\"https:\\\/\\\/wp.kristdemokraterna.se\\\/varmland\\\/#website\"},\"datePublished\":\"2018-06-18T08:56:46+00:00\",\"dateModified\":\"2022-05-18T19:26:56+00:00\",\"breadcrumb\":{\"@id\":\"https:\\\/\\\/wp.kristdemokraterna.se\\\/varmland\\\/vara-foretradare\\\/vara-fortoendevalda\\\/karlstad\\\/#breadcrumb\"},\"inLanguage\":\"sv-SE\",\"potentialAction\":[{\"@type\":\"ReadAction\",\"target\":[\"https:\\\/\\\/wp.kristdemokraterna.se\\\/varmland\\\/vara-foretradare\\\/vara-fortoendevalda\\\/karlstad\\\/\"]}]},{\"@type\":\"BreadcrumbList\",\"@id\":\"https:\\\/\\\/wp.kristdemokraterna.se\\\/varmland\\\/vara-foretradare\\\/vara-fortoendevalda\\\/karlstad\\\/#breadcrumb\",\"itemListElement\":[{\"@type\":\"ListItem\",\"position\":1,\"name\":\"Hem\",\"item\":\"https:\\\/\\\/wp.kristdemokraterna.se\\\/varmland\\\/\"},{\"@type\":\"ListItem\",\"position\":2,\"name\":\"V\u00e5ra f\u00f6retr\u00e4dare\",\"item\":\"https:\\\/\\\/wp.kristdemokraterna.se\\\/varmland\\\/vara-foretradare\\\/\"},{\"@type\":\"ListItem\",\"position\":3,\"name\":\"V\u00e5ra kandidater valet 2022\",\"item\":\"https:\\\/\\\/wp.kristdemokraterna.se\\\/varmland\\\/vara-foretradare\\\/vara-fortoendevalda\\\/\"},{\"@type\":\"ListItem\",\"position\":4,\"name\":\"&#8211; Karlstad\"}]},{\"@type\":\"WebSite\",\"@id\":\"https:\\\/\\\/wp.kristdemokraterna.se\\\/varmland\\\/#website\",\"url\":\"https:\\\/\\\/wp.kristdemokraterna.se\\\/varmland\\\/\",\"name\":\"Kristdemokraterna i V\u00e4rmland\",\"description\":\"En till Kristdemokraterna webbplats\",\"inLanguage\":\"sv-SE\"}]}<\/script>\n<!-- \/ Yoast SEO plugin. -->","yoast_head_json":{"title":"- Karlstad - Kristdemokraterna i V\u00e4rmland","robots":{"index":"index","follow":"follow","max-snippet":"max-snippet:-1","max-image-preview":"max-image-preview:large","max-video-preview":"max-video-preview:-1"},"canonical":"https:\/\/wp.kristdemokraterna.se\/varmland\/vara-foretradare\/vara-fortoendevalda\/karlstad\/","og_locale":"sv_SE","og_type":"article","og_title":"- Karlstad - Kristdemokraterna i V\u00e4rmland","og_description":"Erik Nilsson, Kommunalr\u00e5d, F\u00e4rjestad Linda Arvidsson, Biomedicinsk analytiker, Stodene Johan Lokander, Politisk sekreterare, V\u00e5lberg Matilda Anttonen, Student, Kronoparken Fredrik Roos, L\u00e4rare, Rud Christoffer Andersson, Org.utvecklare, Tingvallastaden Gabriella Alstr\u00f6m, Kommunikationschef, Sundsta Jan L\u00e4nsberg, L\u00e4rare, Norra Kroppk\u00e4rr Marie Ullenius, Pensionerad socionom, Sk\u00e5re Ann-Katrin Eriksson, Pensionerad logistikchef, Tullholmen G\u00f6ran Forsman, Gruppledare, Stodene Eric Hellqvist, S\u00e4ljare, F\u00e4rjestad P\u00e4r-Arne Claveroth, Read More","og_url":"https:\/\/wp.kristdemokraterna.se\/varmland\/vara-foretradare\/vara-fortoendevalda\/karlstad\/","og_site_name":"Kristdemokraterna i V\u00e4rmland","article_modified_time":"2022-05-18T19:26:56+00:00","twitter_card":"summary_large_image","twitter_misc":{"Ber\u00e4knad l\u00e4stid":"1 minut"},"schema":{"@context":"https:\/\/schema.org","@graph":[{"@type":"WebPage","@id":"https:\/\/wp.kristdemokraterna.se\/varmland\/vara-foretradare\/vara-fortoendevalda\/karlstad\/","url":"https:\/\/wp.kristdemokraterna.se\/varmland\/vara-foretradare\/vara-fortoendevalda\/karlstad\/","name":"- Karlstad - Kristdemokraterna i V\u00e4rmland","isPartOf":{"@id":"https:\/\/wp.kristdemokraterna.se\/varmland\/#website"},"datePublished":"2018-06-18T08:56:46+00:00","dateModified":"2022-05-18T19:26:56+00:00","breadcrumb":{"@id":"https:\/\/wp.kristdemokraterna.se\/varmland\/vara-foretradare\/vara-fortoendevalda\/karlstad\/#breadcrumb"},"inLanguage":"sv-SE","potentialAction":[{"@type":"ReadAction","target":["https:\/\/wp.kristdemokraterna.se\/varmland\/vara-foretradare\/vara-fortoendevalda\/karlstad\/"]}]},{"@type":"BreadcrumbList","@id":"https:\/\/wp.kristdemokraterna.se\/varmland\/vara-foretradare\/vara-fortoendevalda\/karlstad\/#breadcrumb","itemListElement":[{"@type":"ListItem","position":1,"name":"Hem","item":"https:\/\/wp.kristdemokraterna.se\/varmland\/"},{"@type":"ListItem","position":2,"name":"V\u00e5ra f\u00f6retr\u00e4dare","item":"https:\/\/wp.kristdemokraterna.se\/varmland\/vara-foretradare\/"},{"@type":"ListItem","position":3,"name":"V\u00e5ra kandidater valet 2022","item":"https:\/\/wp.kristdemokraterna.se\/varmland\/vara-foretradare\/vara-fortoendevalda\/"},{"@type":"ListItem","position":4,"name":"&#8211; Karlstad"}]},{"@type":"WebSite","@id":"https:\/\/wp.kristdemokraterna.se\/varmland\/#website","url":"https:\/\/wp.kristdemokraterna.se\/varmland\/","name":"Kristdemokraterna i V\u00e4rmland","description":"En till Kristdemokraterna webbplats","inLanguage":"sv-SE"}]}},"_links":{"self":[{"href":"https:\/\/wp.kristdemokraterna.se\/varmland\/wp-json\/wp\/v2\/pages\/573","targetHints":{"allow":["GET"]}}],"collection":[{"href":"https:\/\/wp.kristdemokraterna.se\/varmland\/wp-json\/wp\/v2\/pages"}],"about":[{"href":"https:\/\/wp.kristdemokraterna.se\/varmland\/wp-json\/wp\/v2\/types\/page"}],"author":[{"embeddable":true,"href":"https:\/\/wp.kristdemokraterna.se\/varmland\/wp-json\/wp\/v2\/users\/770"}],"replies":[{"embeddable":true,"href":"https:\/\/wp.kristdemokraterna.se\/varmland\/wp-json\/wp\/v2\/comments?post=573"}],"version-history":[{"count":3,"href":"https:\/\/wp.kristdemokraterna.se\/varmland\/wp-json\/wp\/v2\/pages\/573\/revisions"}],"predecessor-version":[{"id":757,"href":"https:\/\/wp.kristdemokraterna.se\/varmland\/wp-json\/wp\/v2\/pages\/573\/revisions\/757"}],"up":[{"embeddable":true,"href":"https:\/\/wp.kristdemokraterna.se\/varmland\/wp-json\/wp\/v2\/pages\/564"}],"wp:attachment":[{"href":"https:\/\/wp.kristdemokraterna.se\/varmland\/wp-json\/wp\/v2\/media?parent=573"}],"curies":[{"name":"wp","href":"https:\/\/api.w.org\/{rel}","templated":true}]}}