{"id":591,"date":"2022-05-18T11:17:32","date_gmt":"2022-05-18T09:17:32","guid":{"rendered":"http:\/\/wp.kristdemokraterna.se\/varmland2\/?page_id=591"},"modified":"2022-05-19T18:01:09","modified_gmt":"2022-05-19T16:01:09","slug":"arjang","status":"publish","type":"page","link":"https:\/\/wp.kristdemokraterna.se\/varmland\/vara-foretradare\/vara-fortoendevalda\/arjang\/","title":{"rendered":"&#8211; \u00c5rj\u00e4ng"},"content":{"rendered":"<ol>\n<li style=\"list-style-type: none\">\n<ol>\n<li>Stefan Moberg, Egenf\u00f6retagare, T\u00f6cksmark<\/li>\n<li>Jonas \u00c5s, F\u00f6retagare, \u00d6stervallskog<\/li>\n<li>\u00a0Kjell-Arne Ottosson, Riksdagsledamot, \u00d6stervallskog<\/li>\n<li>\u00a0Mogens Nielsen, Pastor, V:a F\u00e5gelvik<\/li>\n<li>Anneli Elofsson, Ink\u00f6pare, T\u00f6cksmark<\/li>\n<li>Bengt-Olof Lorentzon, Planerare, \u00d6stervallskog<\/li>\n<li>Agneta Nilsson, Distriktssk\u00f6terska, Sillerud<\/li>\n<li>Bo Eriksson, Centrallagerchef, T\u00f6cksmark<\/li>\n<li>Cecilia Ohlin, L\u00e4rare, Sillerud<\/li>\n<li>Gertrud Berglund, Distriktssk\u00f6terska, T\u00f6cksmark<\/li>\n<li>Lars-G\u00f6ran Larsson, Kyrkvaktm\u00e4stare, V:a F\u00e5gelvik<\/li>\n<li>David Lorentzon, Lackerare, \u00d6stervallskog<\/li>\n<li>Isak Johansson, Maskinoperat\u00f6r, Sillerud<\/li>\n<li>Anders V\u00e4sts\u00e4ter, IT-konsult, Sillbodal<\/li>\n<li>Benny Moberg, Pastor, T\u00f6cksmark<\/li>\n<li>Jenny Johansson, Undersk\u00f6terska, Sillerud<\/li>\n<li>Lennart Nilsson, Pension\u00e4r, Sillerud<\/li>\n<li>Christer Larsson, Egenf\u00f6retagare, Karlanda<\/li>\n<li>Anders Ericsson, Tullinspekt\u00f6r, V:a F\u00e5gelvik<\/li>\n<li>Peder Evertsson, Finsnickare, Sillerud<\/li>\n<li>Kerstin Andersson, Pension\u00e4r, Blomskog<\/li>\n<li>Kristin Johansson, L\u00e4rare, Blomskog<\/li>\n<li>Dan Edvinsson, Avdelningschef, V:a F\u00e5gelvik<\/li>\n<li>Mattias F\u00e4llman, Chauff\u00f6r, Sillbodal<\/li>\n<li>Per-Erik Carlsson, Skogsentrepren\u00f6r, Holmedal<\/li>\n<li>Mariann Moberg, L\u00e4rare, T\u00f6cksmark<\/li>\n<li>Jimmy Johansson, Personlig assistent, Sillerud<\/li>\n<li>Roland Moberg, Pension\u00e4r, T\u00f6cksmark<\/li>\n<\/ol>\n<\/li>\n<\/ol>\n","protected":false},"excerpt":{"rendered":"<p>Stefan Moberg, Egenf\u00f6retagare, T\u00f6cksmark Jonas \u00c5s, F\u00f6retagare, \u00d6stervallskog \u00a0Kjell-Arne Ottosson, Riksdagsledamot, \u00d6stervallskog \u00a0Mogens Nielsen, Pastor, V:a F\u00e5gelvik Anneli Elofsson, Ink\u00f6pare, T\u00f6cksmark Bengt-Olof Lorentzon, Planerare, \u00d6stervallskog Agneta Nilsson, Distriktssk\u00f6terska, Sillerud Bo Eriksson, Centrallagerchef, T\u00f6cksmark Cecilia Ohlin, L\u00e4rare, Sillerud Gertrud Berglund, Distriktssk\u00f6terska, T\u00f6cksmark Lars-G\u00f6ran Larsson, Kyrkvaktm\u00e4stare, V:a F\u00e5gelvik David Lorentzon, Lackerare, \u00d6stervallskog Isak Johansson, Maskinoperat\u00f6r, Sillerud Anders <a class=\"read-more-link\" href=\"https:\/\/wp.kristdemokraterna.se\/varmland\/vara-foretradare\/vara-fortoendevalda\/arjang\/\">Read More<\/a><\/p>\n","protected":false},"author":770,"featured_media":0,"parent":564,"menu_order":0,"comment_status":"closed","ping_status":"closed","template":"","meta":{"_acf_changed":false,"footnotes":""},"class_list":["post-591","page","type-page","status-publish","hentry"],"acf":[],"yoast_head":"<!-- This site is optimized with the Yoast SEO plugin v27.3 - https:\/\/yoast.com\/product\/yoast-seo-wordpress\/ -->\n<title>- \u00c5rj\u00e4ng - Kristdemokraterna i V\u00e4rmland<\/title>\n<meta name=\"robots\" content=\"index, follow, max-snippet:-1, max-image-preview:large, max-video-preview:-1\" \/>\n<link rel=\"canonical\" href=\"https:\/\/wp.kristdemokraterna.se\/varmland\/vara-foretradare\/vara-fortoendevalda\/arjang\/\" \/>\n<meta property=\"og:locale\" content=\"sv_SE\" \/>\n<meta property=\"og:type\" content=\"article\" \/>\n<meta property=\"og:title\" content=\"- \u00c5rj\u00e4ng - Kristdemokraterna i V\u00e4rmland\" \/>\n<meta property=\"og:description\" content=\"Stefan Moberg, Egenf\u00f6retagare, T\u00f6cksmark Jonas \u00c5s, F\u00f6retagare, \u00d6stervallskog \u00a0Kjell-Arne Ottosson, Riksdagsledamot, \u00d6stervallskog \u00a0Mogens Nielsen, Pastor, V:a F\u00e5gelvik Anneli Elofsson, Ink\u00f6pare, T\u00f6cksmark Bengt-Olof Lorentzon, Planerare, \u00d6stervallskog Agneta Nilsson, Distriktssk\u00f6terska, Sillerud Bo Eriksson, Centrallagerchef, T\u00f6cksmark Cecilia Ohlin, L\u00e4rare, Sillerud Gertrud Berglund, Distriktssk\u00f6terska, T\u00f6cksmark Lars-G\u00f6ran Larsson, Kyrkvaktm\u00e4stare, V:a F\u00e5gelvik David Lorentzon, Lackerare, \u00d6stervallskog Isak Johansson, Maskinoperat\u00f6r, Sillerud Anders Read More\" \/>\n<meta property=\"og:url\" content=\"https:\/\/wp.kristdemokraterna.se\/varmland\/vara-foretradare\/vara-fortoendevalda\/arjang\/\" \/>\n<meta property=\"og:site_name\" content=\"Kristdemokraterna i V\u00e4rmland\" \/>\n<meta property=\"article:modified_time\" content=\"2022-05-19T16:01:09+00:00\" \/>\n<meta name=\"twitter:card\" content=\"summary_large_image\" \/>\n<meta name=\"twitter:label1\" content=\"Ber\u00e4knad l\u00e4stid\" \/>\n\t<meta name=\"twitter:data1\" content=\"1 minut\" \/>\n<script type=\"application\/ld+json\" class=\"yoast-schema-graph\">{\"@context\":\"https:\\\/\\\/schema.org\",\"@graph\":[{\"@type\":\"WebPage\",\"@id\":\"https:\\\/\\\/wp.kristdemokraterna.se\\\/varmland\\\/vara-foretradare\\\/vara-fortoendevalda\\\/arjang\\\/\",\"url\":\"https:\\\/\\\/wp.kristdemokraterna.se\\\/varmland\\\/vara-foretradare\\\/vara-fortoendevalda\\\/arjang\\\/\",\"name\":\"- \u00c5rj\u00e4ng - Kristdemokraterna i V\u00e4rmland\",\"isPartOf\":{\"@id\":\"https:\\\/\\\/wp.kristdemokraterna.se\\\/varmland\\\/#website\"},\"datePublished\":\"2022-05-18T09:17:32+00:00\",\"dateModified\":\"2022-05-19T16:01:09+00:00\",\"breadcrumb\":{\"@id\":\"https:\\\/\\\/wp.kristdemokraterna.se\\\/varmland\\\/vara-foretradare\\\/vara-fortoendevalda\\\/arjang\\\/#breadcrumb\"},\"inLanguage\":\"sv-SE\",\"potentialAction\":[{\"@type\":\"ReadAction\",\"target\":[\"https:\\\/\\\/wp.kristdemokraterna.se\\\/varmland\\\/vara-foretradare\\\/vara-fortoendevalda\\\/arjang\\\/\"]}]},{\"@type\":\"BreadcrumbList\",\"@id\":\"https:\\\/\\\/wp.kristdemokraterna.se\\\/varmland\\\/vara-foretradare\\\/vara-fortoendevalda\\\/arjang\\\/#breadcrumb\",\"itemListElement\":[{\"@type\":\"ListItem\",\"position\":1,\"name\":\"Hem\",\"item\":\"https:\\\/\\\/wp.kristdemokraterna.se\\\/varmland\\\/\"},{\"@type\":\"ListItem\",\"position\":2,\"name\":\"V\u00e5ra f\u00f6retr\u00e4dare\",\"item\":\"https:\\\/\\\/wp.kristdemokraterna.se\\\/varmland\\\/vara-foretradare\\\/\"},{\"@type\":\"ListItem\",\"position\":3,\"name\":\"V\u00e5ra kandidater valet 2022\",\"item\":\"https:\\\/\\\/wp.kristdemokraterna.se\\\/varmland\\\/vara-foretradare\\\/vara-fortoendevalda\\\/\"},{\"@type\":\"ListItem\",\"position\":4,\"name\":\"&#8211; \u00c5rj\u00e4ng\"}]},{\"@type\":\"WebSite\",\"@id\":\"https:\\\/\\\/wp.kristdemokraterna.se\\\/varmland\\\/#website\",\"url\":\"https:\\\/\\\/wp.kristdemokraterna.se\\\/varmland\\\/\",\"name\":\"Kristdemokraterna i V\u00e4rmland\",\"description\":\"En till Kristdemokraterna webbplats\",\"inLanguage\":\"sv-SE\"}]}<\/script>\n<!-- \/ Yoast SEO plugin. -->","yoast_head_json":{"title":"- \u00c5rj\u00e4ng - Kristdemokraterna i V\u00e4rmland","robots":{"index":"index","follow":"follow","max-snippet":"max-snippet:-1","max-image-preview":"max-image-preview:large","max-video-preview":"max-video-preview:-1"},"canonical":"https:\/\/wp.kristdemokraterna.se\/varmland\/vara-foretradare\/vara-fortoendevalda\/arjang\/","og_locale":"sv_SE","og_type":"article","og_title":"- \u00c5rj\u00e4ng - Kristdemokraterna i V\u00e4rmland","og_description":"Stefan Moberg, Egenf\u00f6retagare, T\u00f6cksmark Jonas \u00c5s, F\u00f6retagare, \u00d6stervallskog \u00a0Kjell-Arne Ottosson, Riksdagsledamot, \u00d6stervallskog \u00a0Mogens Nielsen, Pastor, V:a F\u00e5gelvik Anneli Elofsson, Ink\u00f6pare, T\u00f6cksmark Bengt-Olof Lorentzon, Planerare, \u00d6stervallskog Agneta Nilsson, Distriktssk\u00f6terska, Sillerud Bo Eriksson, Centrallagerchef, T\u00f6cksmark Cecilia Ohlin, L\u00e4rare, Sillerud Gertrud Berglund, Distriktssk\u00f6terska, T\u00f6cksmark Lars-G\u00f6ran Larsson, Kyrkvaktm\u00e4stare, V:a F\u00e5gelvik David Lorentzon, Lackerare, \u00d6stervallskog Isak Johansson, Maskinoperat\u00f6r, Sillerud Anders Read More","og_url":"https:\/\/wp.kristdemokraterna.se\/varmland\/vara-foretradare\/vara-fortoendevalda\/arjang\/","og_site_name":"Kristdemokraterna i V\u00e4rmland","article_modified_time":"2022-05-19T16:01:09+00:00","twitter_card":"summary_large_image","twitter_misc":{"Ber\u00e4knad l\u00e4stid":"1 minut"},"schema":{"@context":"https:\/\/schema.org","@graph":[{"@type":"WebPage","@id":"https:\/\/wp.kristdemokraterna.se\/varmland\/vara-foretradare\/vara-fortoendevalda\/arjang\/","url":"https:\/\/wp.kristdemokraterna.se\/varmland\/vara-foretradare\/vara-fortoendevalda\/arjang\/","name":"- \u00c5rj\u00e4ng - Kristdemokraterna i V\u00e4rmland","isPartOf":{"@id":"https:\/\/wp.kristdemokraterna.se\/varmland\/#website"},"datePublished":"2022-05-18T09:17:32+00:00","dateModified":"2022-05-19T16:01:09+00:00","breadcrumb":{"@id":"https:\/\/wp.kristdemokraterna.se\/varmland\/vara-foretradare\/vara-fortoendevalda\/arjang\/#breadcrumb"},"inLanguage":"sv-SE","potentialAction":[{"@type":"ReadAction","target":["https:\/\/wp.kristdemokraterna.se\/varmland\/vara-foretradare\/vara-fortoendevalda\/arjang\/"]}]},{"@type":"BreadcrumbList","@id":"https:\/\/wp.kristdemokraterna.se\/varmland\/vara-foretradare\/vara-fortoendevalda\/arjang\/#breadcrumb","itemListElement":[{"@type":"ListItem","position":1,"name":"Hem","item":"https:\/\/wp.kristdemokraterna.se\/varmland\/"},{"@type":"ListItem","position":2,"name":"V\u00e5ra f\u00f6retr\u00e4dare","item":"https:\/\/wp.kristdemokraterna.se\/varmland\/vara-foretradare\/"},{"@type":"ListItem","position":3,"name":"V\u00e5ra kandidater valet 2022","item":"https:\/\/wp.kristdemokraterna.se\/varmland\/vara-foretradare\/vara-fortoendevalda\/"},{"@type":"ListItem","position":4,"name":"&#8211; \u00c5rj\u00e4ng"}]},{"@type":"WebSite","@id":"https:\/\/wp.kristdemokraterna.se\/varmland\/#website","url":"https:\/\/wp.kristdemokraterna.se\/varmland\/","name":"Kristdemokraterna i V\u00e4rmland","description":"En till Kristdemokraterna webbplats","inLanguage":"sv-SE"}]}},"_links":{"self":[{"href":"https:\/\/wp.kristdemokraterna.se\/varmland\/wp-json\/wp\/v2\/pages\/591","targetHints":{"allow":["GET"]}}],"collection":[{"href":"https:\/\/wp.kristdemokraterna.se\/varmland\/wp-json\/wp\/v2\/pages"}],"about":[{"href":"https:\/\/wp.kristdemokraterna.se\/varmland\/wp-json\/wp\/v2\/types\/page"}],"author":[{"embeddable":true,"href":"https:\/\/wp.kristdemokraterna.se\/varmland\/wp-json\/wp\/v2\/users\/770"}],"replies":[{"embeddable":true,"href":"https:\/\/wp.kristdemokraterna.se\/varmland\/wp-json\/wp\/v2\/comments?post=591"}],"version-history":[{"count":3,"href":"https:\/\/wp.kristdemokraterna.se\/varmland\/wp-json\/wp\/v2\/pages\/591\/revisions"}],"predecessor-version":[{"id":747,"href":"https:\/\/wp.kristdemokraterna.se\/varmland\/wp-json\/wp\/v2\/pages\/591\/revisions\/747"}],"up":[{"embeddable":true,"href":"https:\/\/wp.kristdemokraterna.se\/varmland\/wp-json\/wp\/v2\/pages\/564"}],"wp:attachment":[{"href":"https:\/\/wp.kristdemokraterna.se\/varmland\/wp-json\/wp\/v2\/media?parent=591"}],"curies":[{"name":"wp","href":"https:\/\/api.w.org\/{rel}","templated":true}]}}