{"id":595,"date":"2018-06-18T14:45:47","date_gmt":"2018-06-18T12:45:47","guid":{"rendered":"http:\/\/wp.kristdemokraterna.se\/varmland2\/?page_id=595"},"modified":"2019-08-15T18:50:34","modified_gmt":"2019-08-15T16:50:34","slug":"historia","status":"publish","type":"page","link":"https:\/\/wp.kristdemokraterna.se\/varmland\/om-kristdemokraterna\/historia\/","title":{"rendered":"Historia"},"content":{"rendered":"<p>Helt i strid mot samh\u00e4llsandan bildades Kristen demokratisk samling 1964. Ett parti som ville f\u00e5 in kristna v\u00e4rderingar i politiken n\u00e4r \u00f6vriga samh\u00e4llet gjorde allt f\u00f6r att g\u00f6ra upp med tidigare generationers v\u00e4rderingar. Trots att partiet utest\u00e4ngdes fr\u00e5n tv-debatter och de anst\u00e4llda fick offra b\u00e5de tid och pengar arbetade de h\u00e5rt f\u00f6r att ta sig in i riksdagen.<\/p>\n<p><strong>De tidiga \u00e5ren<\/strong><br \/>\nPartiet bildades som f\u00f6reningen Kristen Demokratisk Samling den 20 mars 1964. Den 15 april samma \u00e5r konstituerades f\u00f6reningen som ett parti och Birger Ekstedt valdes till partiordf\u00f6rande. Id\u00e9n att bilda ett parti f\u00f6regicks av gruppen Kristet samh\u00e4llsansvar, KSA, som startat 1956 f\u00f6r att lyfta fram kristna kandidater ur andra partier. En orsak var att man ville stoppa ett f\u00f6rslag om att sk\u00e4ra ner kristendoms\u00e4mnet kraftigt. Trots en namninsamling som gav 2,1 miljoner underskrifter drevs f\u00f6rslaget igenom i riksdagen.<\/p>\n<p><strong>Alf Svensson<\/strong><br \/>\nEfter att Ekstedt avlidit valdes Alf Svensson till ny partiordf\u00f6rande p\u00e5 rikstinget 20 januari 1973.<br \/>\n\u00c5r 2004, efter mer \u00e4n trettio \u00e5r som partiledare, avgick Alf Svensson till f\u00f6rm\u00e5n f\u00f6r v\u00e4rml\u00e4nningen G\u00f6ran H\u00e4gglund. 2013 blev han \u00e4ven hedersordf\u00f6rande f\u00f6r Kristdemokraterna.<\/p>\n<p><strong>F\u00f6rsta ledamoten<\/strong><br \/>\nPartiets valsiffror var relativt blygsamma under en l\u00e5ng tid. De pendlade mellan 1,4 och 1,9 procent under \u00e5ren 1964-1982. 1985 hade Kristen demokratisk samling (KDS) en valsamverkan med Centerpartiet som innebar att man gick fram med egna listor men under den gemensamma beteckningen Centern. Tanken med samarbetet var att KDS skulle kunna kringg\u00e5 fyraprocentssp\u00e4rren och ta sig in i riksdagen samtidigt som borgerligheten med KDS draghj\u00e4lp kunde f\u00e5 en icke-socialistisk majoritet i riksdagen.<br \/>\nValet blev i en bem\u00e4rkelse en framg\u00e5ng f\u00f6r KDS, man fick in Alf Svensson i riksdagen och d\u00e4rmed sin f\u00f6rsta riksdagsledamot som blivit invald f\u00f6r partiet. (Som kuriosa kan n\u00e4mnas att riksdagsledamoten f\u00f6r h\u00f6gerpartiet Dagmar Heurlin l\u00e4mnade sitt parti under p\u00e5g\u00e5ende mandatperiod i maj 1968 och gick med i KDS i st\u00e4llet. \u00c4ven om hon formellt sett d\u00e5 var \u201dvilde\u201d i riksdagen kan hon d\u00e4rmed g\u00f6ra anspr\u00e5k p\u00e5 att vara \u201dden f\u00f6rsta KDS:aren i riksdagen\u201d fram till riksdagens uppl\u00f6sning i oktober samma \u00e5r.) Dock fick partiet inte riksdagsledam\u00f6ter i proportion till den andel r\u00f6ster som tillfallit Kds vilket man ans\u00e5g sig varit lovad, och en stor del av partiets ledning ans\u00e5g sig d\u00e4rmed ha tj\u00e4nat mindre p\u00e5 samarbetet \u00e4n vad man gav till Centerpartiet i form av nya r\u00f6ster.<\/p>\n<p><strong>Riksdagsintr\u00e4det och vidare<\/strong><br \/>\nPartiet har sedan 1984 varit medlem av den kristdemokratiska internationalen CDI. 1987 bytte partiet namn till Kristdemokratiska Samh\u00e4llspartiet (KdS). Partiet fick ett genombrott vid valet 1991 med 7,1 procent av r\u00f6sterna, 26 riksdagsledam\u00f6ter och tre ministerposter n\u00e4r man bildade regering tillsammans med Moderaterna, Centerpartiet och Folkpartiet d\u00e4r Carl Bildt (M) var statsminister.<br \/>\nI riksdagsvalet 1994 var partiet n\u00e4ra att \u00e5ka ur riksdagen men h\u00f6ll sig kvar med ett valresultat bara n\u00e5got \u00f6ver fyraprocentssp\u00e4rren.<br \/>\n1996 bytte partiet namn till nuvarande Kristdemokraterna och blev en fullv\u00e4rdig medlem av EPP \u2013 European People\u00b4s Party \u2013 en sammanslutning av kristdemokratiska partier i Europa.<\/p>\n<p><strong>Nutid<\/strong><br \/>\nEfter Alf Svenssons l\u00e5nga partiledartid valdes G\u00f6ran H\u00e4gglund fr\u00e5n Bankeryd utanf\u00f6r J\u00f6nk\u00f6ping till partiledare 2004. Under \u00e5r 2006-2014 var G\u00f6ran H\u00e4gglund socialminister i Alliansregeringen. I januari 2015 meddelade G\u00f6ran H\u00e4gglund sin avg\u00e5ng som partiledare. I april 2015 valdes Ebba Busch Thor till ny partiledare f\u00f6r Kristdemokraterna.<br \/>\nKristdemokraterna hade vid \u00e5rsskiftet 2011\/12 totalt 21 600 medlemmar och finns representerat i n\u00e4stan alla kommuner och landsting. Partiet \u00e4r en del av Allians f\u00f6r Sverige som bildade regering tillsammans f\u00f6rsta g\u00e5ngen efter riksdagsvalet 2006. Alliansen vann valet \u00e4ven 2010. Under b\u00e5da mandatperioderna har Kristdemokraterna innehaft tre ministerposter. Efter valet 2014 \u00e4r Kristdemokraterna ett oppositionsparti.<\/p>\n<p><strong>Kristdemokratiska politiker<\/strong><br \/>\nEbba Busch Thor (partiledare)<\/p>\n<p><strong>Partiordf\u00f6rande<\/strong><br \/>\n1964-1972 Birger Ekstedt<br \/>\n1973-2004 Alf Svensson<br \/>\n2004-2015 G\u00f6ran H\u00e4gglund<br \/>\n2015- Ebba Busch Thor<\/p>\n<p><strong>F\u00f6rste vice partiordf\u00f6rande<\/strong><br \/>\n1964-1968 Lewi Pethrus, d\u00e4refter \u201dhedersordf\u00f6rande\u201d<br \/>\n1968-1979 \u00c5ke Gafvelin<br \/>\n1979-1982 Ernst Johansson<br \/>\n1982-1985 Maj-Lis Palo<br \/>\n1985-1993 Jan Erik \u00c5gren (riksdagsledamot 1991-1994)<br \/>\n1993-2003 Inger Davidson<br \/>\n2003-2015 Maria Larsson<br \/>\n2015- Jakob Forssmed<\/p>\n<p><strong>Andre vice partiordf\u00f6rande<\/strong><br \/>\n1965-1976 Sven Enlund<br \/>\n1976-1979 Jona Eriksson<br \/>\n1979-1982 Maj-Lis Palo<br \/>\n1982-1987 Stig Nyman (landstingsr\u00e5d 1991-1994, 1998-2002, 2006-)<br \/>\n1987-1989 Rose-Marie Frebran (riksdagsledamot 1991-2002)<br \/>\n1989-1990 Britt-Marie Laurell<br \/>\n1990-1993 Ingrid N\u00e4slund (riksdagsledamot 1991-2000)<br \/>\n1993-2003 Anders Andersson (landstingsstyrelsens ordf\u00f6rande i Kalmar l\u00e4n 2002-2006)<br \/>\n2003-2004 G\u00f6ran H\u00e4gglund<br \/>\n2004-2012 Mats Odell<br \/>\n2012\u20132015 David Lega<br \/>\n2015- Emma Henriksson<\/p>\n<p><strong>Partisekreterare<\/strong><br \/>\n1964-1972 Bertil Carlsson<br \/>\n1972-1978 Stig Nyman (landstingsr\u00e5d 1991-1994, 1998-2002, 2006\u2013)<br \/>\n1978-1985 Per Egon Johansson<br \/>\n1985-1989 Dan Ericsson (riksdagsledamot 1991-2000)<br \/>\n1989-1991 Inger Davidson<br \/>\n1991-1993 Lars Lind\u00e9n (riksdagsledamot 2002-2008)<br \/>\n1993-1994 Dan Ericsson (riksdagsledamot 1991-2000)<br \/>\n1994-2002 Sven Gunnar Persson (riksdagsledamot 2002-2008)<br \/>\n2002-2006 Urban Svensson<br \/>\n2006-2010 Lennart Sj\u00f6gren<br \/>\n2010- Acko Ankarberg Johansson<br \/>\nGruppledare i riksdagen<br \/>\n1991-2002 G\u00f6ran H\u00e4gglund<br \/>\n2002-2010 Stefan Attefall<br \/>\n2010-2012 Mats Odell<br \/>\n2012-2015 Emma Henriksson<br \/>\n2015- Andreas Carlson<\/p>\n<p><strong>Ministrar i olika regeringar<br \/>\n<\/strong><strong>Regeringen Bildt<\/strong><br \/>\n1991-1994 Alf Svensson (Bist\u00e5ndsminister)<br \/>\n1991-1994 Inger Davidsson (Civilminister)<br \/>\n1991-1994 Mats Odell (Kommunikationsminister),<\/p>\n<p><strong>Regeringen Reinfeldt I<\/strong><br \/>\n2006-2010 G\u00f6ran H\u00e4gglund (Socialminister)<br \/>\n2006-2010 Maria Larsson (\u00c4ldre- och folkh\u00e4lsominister)<br \/>\n2006-2010 Mats Odell (Kommun- och finansmarknadsminister)<\/p>\n<p><strong>Regeringen Reinfeldt II<\/strong><br \/>\n2010-2014 G\u00f6ran H\u00e4gglund (Socialminister)<br \/>\n2010-2014 Maria Larsson (Barn- och \u00e4ldreminister)<br \/>\n2010-2014 Stefan Attefall (Civil- och Bostadsminister)<\/p>\n","protected":false},"excerpt":{"rendered":"<p>Helt i strid mot samh\u00e4llsandan bildades Kristen demokratisk samling 1964. Ett parti som ville f\u00e5 in kristna v\u00e4rderingar i politiken n\u00e4r \u00f6vriga samh\u00e4llet gjorde allt f\u00f6r att g\u00f6ra upp med tidigare generationers v\u00e4rderingar. Trots att partiet utest\u00e4ngdes fr\u00e5n tv-debatter och de anst\u00e4llda fick offra b\u00e5de tid och pengar arbetade de h\u00e5rt f\u00f6r att ta sig <a class=\"read-more-link\" href=\"https:\/\/wp.kristdemokraterna.se\/varmland\/om-kristdemokraterna\/historia\/\">Read More<\/a><\/p>\n","protected":false},"author":770,"featured_media":0,"parent":593,"menu_order":2,"comment_status":"closed","ping_status":"closed","template":"","meta":{"_acf_changed":false,"footnotes":""},"class_list":["post-595","page","type-page","status-publish","hentry"],"acf":[],"yoast_head":"<!-- This site is optimized with the Yoast SEO plugin v27.3 - https:\/\/yoast.com\/product\/yoast-seo-wordpress\/ -->\n<title>Historia - Kristdemokraterna i V\u00e4rmland<\/title>\n<meta name=\"robots\" content=\"index, follow, max-snippet:-1, max-image-preview:large, max-video-preview:-1\" \/>\n<link rel=\"canonical\" href=\"https:\/\/wp.kristdemokraterna.se\/varmland\/om-kristdemokraterna\/historia\/\" \/>\n<meta property=\"og:locale\" content=\"sv_SE\" \/>\n<meta property=\"og:type\" content=\"article\" \/>\n<meta property=\"og:title\" content=\"Historia - Kristdemokraterna i V\u00e4rmland\" \/>\n<meta property=\"og:description\" content=\"Helt i strid mot samh\u00e4llsandan bildades Kristen demokratisk samling 1964. Ett parti som ville f\u00e5 in kristna v\u00e4rderingar i politiken n\u00e4r \u00f6vriga samh\u00e4llet gjorde allt f\u00f6r att g\u00f6ra upp med tidigare generationers v\u00e4rderingar. Trots att partiet utest\u00e4ngdes fr\u00e5n tv-debatter och de anst\u00e4llda fick offra b\u00e5de tid och pengar arbetade de h\u00e5rt f\u00f6r att ta sig Read More\" \/>\n<meta property=\"og:url\" content=\"https:\/\/wp.kristdemokraterna.se\/varmland\/om-kristdemokraterna\/historia\/\" \/>\n<meta property=\"og:site_name\" content=\"Kristdemokraterna i V\u00e4rmland\" \/>\n<meta property=\"article:modified_time\" content=\"2019-08-15T16:50:34+00:00\" \/>\n<meta name=\"twitter:card\" content=\"summary_large_image\" \/>\n<meta name=\"twitter:label1\" content=\"Ber\u00e4knad l\u00e4stid\" \/>\n\t<meta name=\"twitter:data1\" content=\"5 minuter\" \/>\n<script type=\"application\/ld+json\" class=\"yoast-schema-graph\">{\"@context\":\"https:\\\/\\\/schema.org\",\"@graph\":[{\"@type\":\"WebPage\",\"@id\":\"https:\\\/\\\/wp.kristdemokraterna.se\\\/varmland\\\/om-kristdemokraterna\\\/historia\\\/\",\"url\":\"https:\\\/\\\/wp.kristdemokraterna.se\\\/varmland\\\/om-kristdemokraterna\\\/historia\\\/\",\"name\":\"Historia - Kristdemokraterna i V\u00e4rmland\",\"isPartOf\":{\"@id\":\"https:\\\/\\\/wp.kristdemokraterna.se\\\/varmland\\\/#website\"},\"datePublished\":\"2018-06-18T12:45:47+00:00\",\"dateModified\":\"2019-08-15T16:50:34+00:00\",\"breadcrumb\":{\"@id\":\"https:\\\/\\\/wp.kristdemokraterna.se\\\/varmland\\\/om-kristdemokraterna\\\/historia\\\/#breadcrumb\"},\"inLanguage\":\"sv-SE\",\"potentialAction\":[{\"@type\":\"ReadAction\",\"target\":[\"https:\\\/\\\/wp.kristdemokraterna.se\\\/varmland\\\/om-kristdemokraterna\\\/historia\\\/\"]}]},{\"@type\":\"BreadcrumbList\",\"@id\":\"https:\\\/\\\/wp.kristdemokraterna.se\\\/varmland\\\/om-kristdemokraterna\\\/historia\\\/#breadcrumb\",\"itemListElement\":[{\"@type\":\"ListItem\",\"position\":1,\"name\":\"Hem\",\"item\":\"https:\\\/\\\/wp.kristdemokraterna.se\\\/varmland\\\/\"},{\"@type\":\"ListItem\",\"position\":2,\"name\":\"Om Kristdemokraterna\",\"item\":\"https:\\\/\\\/wp.kristdemokraterna.se\\\/varmland\\\/om-kristdemokraterna\\\/\"},{\"@type\":\"ListItem\",\"position\":3,\"name\":\"Historia\"}]},{\"@type\":\"WebSite\",\"@id\":\"https:\\\/\\\/wp.kristdemokraterna.se\\\/varmland\\\/#website\",\"url\":\"https:\\\/\\\/wp.kristdemokraterna.se\\\/varmland\\\/\",\"name\":\"Kristdemokraterna i V\u00e4rmland\",\"description\":\"En till Kristdemokraterna webbplats\",\"inLanguage\":\"sv-SE\"}]}<\/script>\n<!-- \/ Yoast SEO plugin. -->","yoast_head_json":{"title":"Historia - Kristdemokraterna i V\u00e4rmland","robots":{"index":"index","follow":"follow","max-snippet":"max-snippet:-1","max-image-preview":"max-image-preview:large","max-video-preview":"max-video-preview:-1"},"canonical":"https:\/\/wp.kristdemokraterna.se\/varmland\/om-kristdemokraterna\/historia\/","og_locale":"sv_SE","og_type":"article","og_title":"Historia - Kristdemokraterna i V\u00e4rmland","og_description":"Helt i strid mot samh\u00e4llsandan bildades Kristen demokratisk samling 1964. Ett parti som ville f\u00e5 in kristna v\u00e4rderingar i politiken n\u00e4r \u00f6vriga samh\u00e4llet gjorde allt f\u00f6r att g\u00f6ra upp med tidigare generationers v\u00e4rderingar. Trots att partiet utest\u00e4ngdes fr\u00e5n tv-debatter och de anst\u00e4llda fick offra b\u00e5de tid och pengar arbetade de h\u00e5rt f\u00f6r att ta sig Read More","og_url":"https:\/\/wp.kristdemokraterna.se\/varmland\/om-kristdemokraterna\/historia\/","og_site_name":"Kristdemokraterna i V\u00e4rmland","article_modified_time":"2019-08-15T16:50:34+00:00","twitter_card":"summary_large_image","twitter_misc":{"Ber\u00e4knad l\u00e4stid":"5 minuter"},"schema":{"@context":"https:\/\/schema.org","@graph":[{"@type":"WebPage","@id":"https:\/\/wp.kristdemokraterna.se\/varmland\/om-kristdemokraterna\/historia\/","url":"https:\/\/wp.kristdemokraterna.se\/varmland\/om-kristdemokraterna\/historia\/","name":"Historia - Kristdemokraterna i V\u00e4rmland","isPartOf":{"@id":"https:\/\/wp.kristdemokraterna.se\/varmland\/#website"},"datePublished":"2018-06-18T12:45:47+00:00","dateModified":"2019-08-15T16:50:34+00:00","breadcrumb":{"@id":"https:\/\/wp.kristdemokraterna.se\/varmland\/om-kristdemokraterna\/historia\/#breadcrumb"},"inLanguage":"sv-SE","potentialAction":[{"@type":"ReadAction","target":["https:\/\/wp.kristdemokraterna.se\/varmland\/om-kristdemokraterna\/historia\/"]}]},{"@type":"BreadcrumbList","@id":"https:\/\/wp.kristdemokraterna.se\/varmland\/om-kristdemokraterna\/historia\/#breadcrumb","itemListElement":[{"@type":"ListItem","position":1,"name":"Hem","item":"https:\/\/wp.kristdemokraterna.se\/varmland\/"},{"@type":"ListItem","position":2,"name":"Om Kristdemokraterna","item":"https:\/\/wp.kristdemokraterna.se\/varmland\/om-kristdemokraterna\/"},{"@type":"ListItem","position":3,"name":"Historia"}]},{"@type":"WebSite","@id":"https:\/\/wp.kristdemokraterna.se\/varmland\/#website","url":"https:\/\/wp.kristdemokraterna.se\/varmland\/","name":"Kristdemokraterna i V\u00e4rmland","description":"En till Kristdemokraterna webbplats","inLanguage":"sv-SE"}]}},"_links":{"self":[{"href":"https:\/\/wp.kristdemokraterna.se\/varmland\/wp-json\/wp\/v2\/pages\/595","targetHints":{"allow":["GET"]}}],"collection":[{"href":"https:\/\/wp.kristdemokraterna.se\/varmland\/wp-json\/wp\/v2\/pages"}],"about":[{"href":"https:\/\/wp.kristdemokraterna.se\/varmland\/wp-json\/wp\/v2\/types\/page"}],"author":[{"embeddable":true,"href":"https:\/\/wp.kristdemokraterna.se\/varmland\/wp-json\/wp\/v2\/users\/770"}],"replies":[{"embeddable":true,"href":"https:\/\/wp.kristdemokraterna.se\/varmland\/wp-json\/wp\/v2\/comments?post=595"}],"version-history":[{"count":1,"href":"https:\/\/wp.kristdemokraterna.se\/varmland\/wp-json\/wp\/v2\/pages\/595\/revisions"}],"predecessor-version":[{"id":596,"href":"https:\/\/wp.kristdemokraterna.se\/varmland\/wp-json\/wp\/v2\/pages\/595\/revisions\/596"}],"up":[{"embeddable":true,"href":"https:\/\/wp.kristdemokraterna.se\/varmland\/wp-json\/wp\/v2\/pages\/593"}],"wp:attachment":[{"href":"https:\/\/wp.kristdemokraterna.se\/varmland\/wp-json\/wp\/v2\/media?parent=595"}],"curies":[{"name":"wp","href":"https:\/\/api.w.org\/{rel}","templated":true}]}}