{"id":597,"date":"2018-06-18T14:51:56","date_gmt":"2018-06-18T12:51:56","guid":{"rendered":"http:\/\/wp.kristdemokraterna.se\/varmland2\/?page_id=597"},"modified":"2019-08-15T18:50:34","modified_gmt":"2019-08-15T16:50:34","slug":"skolarbete","status":"publish","type":"page","link":"https:\/\/wp.kristdemokraterna.se\/varmland\/om-kristdemokraterna\/skolarbete\/","title":{"rendered":"Skolarbete"},"content":{"rendered":"<p><a href=\"http:\/\/wp.kristdemokraterna.se\/varmland2\/files\/2014\/04\/skola_ej_logga.jpg\"><img loading=\"lazy\" decoding=\"async\" class=\"alignnone size-medium wp-image-207\" src=\"http:\/\/wp.kristdemokraterna.se\/varmland2\/files\/2014\/04\/skola_ej_logga-300x164.jpg\" alt=\"\" width=\"300\" height=\"164\" srcset=\"https:\/\/wp.kristdemokraterna.se\/varmland\/files\/2014\/04\/skola_ej_logga-300x164.jpg 300w, https:\/\/wp.kristdemokraterna.se\/varmland\/files\/2014\/04\/skola_ej_logga.jpg 478w\" sizes=\"auto, (max-width: 300px) 100vw, 300px\" \/><\/a><\/p>\n<p>Om du ska g\u00f6ra ett skolarbete om v\u00e5rt parti har vi samlat en del information <a href=\"https:\/\/kristdemokraterna.se\/skolarbete\/\">h\u00e4r&gt;&gt;<\/a><\/p>\n","protected":false},"excerpt":{"rendered":"<p>Om du ska g\u00f6ra ett skolarbete om v\u00e5rt parti har vi samlat en del information h\u00e4r&gt;&gt;<\/p>\n","protected":false},"author":770,"featured_media":0,"parent":593,"menu_order":3,"comment_status":"closed","ping_status":"closed","template":"","meta":{"_acf_changed":false,"footnotes":""},"class_list":["post-597","page","type-page","status-publish","hentry"],"acf":[],"yoast_head":"<!-- This site is optimized with the Yoast SEO plugin v27.3 - https:\/\/yoast.com\/product\/yoast-seo-wordpress\/ -->\n<title>Skolarbete - Kristdemokraterna i V\u00e4rmland<\/title>\n<meta name=\"robots\" content=\"index, follow, max-snippet:-1, max-image-preview:large, max-video-preview:-1\" \/>\n<link rel=\"canonical\" href=\"https:\/\/wp.kristdemokraterna.se\/varmland\/om-kristdemokraterna\/skolarbete\/\" \/>\n<meta property=\"og:locale\" content=\"sv_SE\" \/>\n<meta property=\"og:type\" content=\"article\" \/>\n<meta property=\"og:title\" content=\"Skolarbete - Kristdemokraterna i V\u00e4rmland\" \/>\n<meta property=\"og:description\" content=\"Om du ska g\u00f6ra ett skolarbete om v\u00e5rt parti har vi samlat en del information h\u00e4r&gt;&gt;\" \/>\n<meta property=\"og:url\" content=\"https:\/\/wp.kristdemokraterna.se\/varmland\/om-kristdemokraterna\/skolarbete\/\" \/>\n<meta property=\"og:site_name\" content=\"Kristdemokraterna i V\u00e4rmland\" \/>\n<meta property=\"article:modified_time\" content=\"2019-08-15T16:50:34+00:00\" \/>\n<meta property=\"og:image\" content=\"http:\/\/wp.kristdemokraterna.se\/varmland2\/files\/2014\/04\/skola_ej_logga-300x164.jpg\" \/>\n<meta name=\"twitter:card\" content=\"summary_large_image\" \/>\n<script type=\"application\/ld+json\" class=\"yoast-schema-graph\">{\"@context\":\"https:\\\/\\\/schema.org\",\"@graph\":[{\"@type\":\"WebPage\",\"@id\":\"https:\\\/\\\/wp.kristdemokraterna.se\\\/varmland\\\/om-kristdemokraterna\\\/skolarbete\\\/\",\"url\":\"https:\\\/\\\/wp.kristdemokraterna.se\\\/varmland\\\/om-kristdemokraterna\\\/skolarbete\\\/\",\"name\":\"Skolarbete - Kristdemokraterna i V\u00e4rmland\",\"isPartOf\":{\"@id\":\"https:\\\/\\\/wp.kristdemokraterna.se\\\/varmland\\\/#website\"},\"primaryImageOfPage\":{\"@id\":\"https:\\\/\\\/wp.kristdemokraterna.se\\\/varmland\\\/om-kristdemokraterna\\\/skolarbete\\\/#primaryimage\"},\"image\":{\"@id\":\"https:\\\/\\\/wp.kristdemokraterna.se\\\/varmland\\\/om-kristdemokraterna\\\/skolarbete\\\/#primaryimage\"},\"thumbnailUrl\":\"http:\\\/\\\/wp.kristdemokraterna.se\\\/varmland2\\\/files\\\/2014\\\/04\\\/skola_ej_logga-300x164.jpg\",\"datePublished\":\"2018-06-18T12:51:56+00:00\",\"dateModified\":\"2019-08-15T16:50:34+00:00\",\"breadcrumb\":{\"@id\":\"https:\\\/\\\/wp.kristdemokraterna.se\\\/varmland\\\/om-kristdemokraterna\\\/skolarbete\\\/#breadcrumb\"},\"inLanguage\":\"sv-SE\",\"potentialAction\":[{\"@type\":\"ReadAction\",\"target\":[\"https:\\\/\\\/wp.kristdemokraterna.se\\\/varmland\\\/om-kristdemokraterna\\\/skolarbete\\\/\"]}]},{\"@type\":\"ImageObject\",\"inLanguage\":\"sv-SE\",\"@id\":\"https:\\\/\\\/wp.kristdemokraterna.se\\\/varmland\\\/om-kristdemokraterna\\\/skolarbete\\\/#primaryimage\",\"url\":\"http:\\\/\\\/wp.kristdemokraterna.se\\\/varmland2\\\/files\\\/2014\\\/04\\\/skola_ej_logga-300x164.jpg\",\"contentUrl\":\"http:\\\/\\\/wp.kristdemokraterna.se\\\/varmland2\\\/files\\\/2014\\\/04\\\/skola_ej_logga-300x164.jpg\"},{\"@type\":\"BreadcrumbList\",\"@id\":\"https:\\\/\\\/wp.kristdemokraterna.se\\\/varmland\\\/om-kristdemokraterna\\\/skolarbete\\\/#breadcrumb\",\"itemListElement\":[{\"@type\":\"ListItem\",\"position\":1,\"name\":\"Hem\",\"item\":\"https:\\\/\\\/wp.kristdemokraterna.se\\\/varmland\\\/\"},{\"@type\":\"ListItem\",\"position\":2,\"name\":\"Om Kristdemokraterna\",\"item\":\"https:\\\/\\\/wp.kristdemokraterna.se\\\/varmland\\\/om-kristdemokraterna\\\/\"},{\"@type\":\"ListItem\",\"position\":3,\"name\":\"Skolarbete\"}]},{\"@type\":\"WebSite\",\"@id\":\"https:\\\/\\\/wp.kristdemokraterna.se\\\/varmland\\\/#website\",\"url\":\"https:\\\/\\\/wp.kristdemokraterna.se\\\/varmland\\\/\",\"name\":\"Kristdemokraterna i V\u00e4rmland\",\"description\":\"En till Kristdemokraterna webbplats\",\"inLanguage\":\"sv-SE\"}]}<\/script>\n<!-- \/ Yoast SEO plugin. -->","yoast_head_json":{"title":"Skolarbete - Kristdemokraterna i V\u00e4rmland","robots":{"index":"index","follow":"follow","max-snippet":"max-snippet:-1","max-image-preview":"max-image-preview:large","max-video-preview":"max-video-preview:-1"},"canonical":"https:\/\/wp.kristdemokraterna.se\/varmland\/om-kristdemokraterna\/skolarbete\/","og_locale":"sv_SE","og_type":"article","og_title":"Skolarbete - Kristdemokraterna i V\u00e4rmland","og_description":"Om du ska g\u00f6ra ett skolarbete om v\u00e5rt parti har vi samlat en del information h\u00e4r&gt;&gt;","og_url":"https:\/\/wp.kristdemokraterna.se\/varmland\/om-kristdemokraterna\/skolarbete\/","og_site_name":"Kristdemokraterna i V\u00e4rmland","article_modified_time":"2019-08-15T16:50:34+00:00","og_image":[{"url":"http:\/\/wp.kristdemokraterna.se\/varmland2\/files\/2014\/04\/skola_ej_logga-300x164.jpg","type":"","width":"","height":""}],"twitter_card":"summary_large_image","schema":{"@context":"https:\/\/schema.org","@graph":[{"@type":"WebPage","@id":"https:\/\/wp.kristdemokraterna.se\/varmland\/om-kristdemokraterna\/skolarbete\/","url":"https:\/\/wp.kristdemokraterna.se\/varmland\/om-kristdemokraterna\/skolarbete\/","name":"Skolarbete - Kristdemokraterna i V\u00e4rmland","isPartOf":{"@id":"https:\/\/wp.kristdemokraterna.se\/varmland\/#website"},"primaryImageOfPage":{"@id":"https:\/\/wp.kristdemokraterna.se\/varmland\/om-kristdemokraterna\/skolarbete\/#primaryimage"},"image":{"@id":"https:\/\/wp.kristdemokraterna.se\/varmland\/om-kristdemokraterna\/skolarbete\/#primaryimage"},"thumbnailUrl":"http:\/\/wp.kristdemokraterna.se\/varmland2\/files\/2014\/04\/skola_ej_logga-300x164.jpg","datePublished":"2018-06-18T12:51:56+00:00","dateModified":"2019-08-15T16:50:34+00:00","breadcrumb":{"@id":"https:\/\/wp.kristdemokraterna.se\/varmland\/om-kristdemokraterna\/skolarbete\/#breadcrumb"},"inLanguage":"sv-SE","potentialAction":[{"@type":"ReadAction","target":["https:\/\/wp.kristdemokraterna.se\/varmland\/om-kristdemokraterna\/skolarbete\/"]}]},{"@type":"ImageObject","inLanguage":"sv-SE","@id":"https:\/\/wp.kristdemokraterna.se\/varmland\/om-kristdemokraterna\/skolarbete\/#primaryimage","url":"http:\/\/wp.kristdemokraterna.se\/varmland2\/files\/2014\/04\/skola_ej_logga-300x164.jpg","contentUrl":"http:\/\/wp.kristdemokraterna.se\/varmland2\/files\/2014\/04\/skola_ej_logga-300x164.jpg"},{"@type":"BreadcrumbList","@id":"https:\/\/wp.kristdemokraterna.se\/varmland\/om-kristdemokraterna\/skolarbete\/#breadcrumb","itemListElement":[{"@type":"ListItem","position":1,"name":"Hem","item":"https:\/\/wp.kristdemokraterna.se\/varmland\/"},{"@type":"ListItem","position":2,"name":"Om Kristdemokraterna","item":"https:\/\/wp.kristdemokraterna.se\/varmland\/om-kristdemokraterna\/"},{"@type":"ListItem","position":3,"name":"Skolarbete"}]},{"@type":"WebSite","@id":"https:\/\/wp.kristdemokraterna.se\/varmland\/#website","url":"https:\/\/wp.kristdemokraterna.se\/varmland\/","name":"Kristdemokraterna i V\u00e4rmland","description":"En till Kristdemokraterna webbplats","inLanguage":"sv-SE"}]}},"_links":{"self":[{"href":"https:\/\/wp.kristdemokraterna.se\/varmland\/wp-json\/wp\/v2\/pages\/597","targetHints":{"allow":["GET"]}}],"collection":[{"href":"https:\/\/wp.kristdemokraterna.se\/varmland\/wp-json\/wp\/v2\/pages"}],"about":[{"href":"https:\/\/wp.kristdemokraterna.se\/varmland\/wp-json\/wp\/v2\/types\/page"}],"author":[{"embeddable":true,"href":"https:\/\/wp.kristdemokraterna.se\/varmland\/wp-json\/wp\/v2\/users\/770"}],"replies":[{"embeddable":true,"href":"https:\/\/wp.kristdemokraterna.se\/varmland\/wp-json\/wp\/v2\/comments?post=597"}],"version-history":[{"count":1,"href":"https:\/\/wp.kristdemokraterna.se\/varmland\/wp-json\/wp\/v2\/pages\/597\/revisions"}],"predecessor-version":[{"id":598,"href":"https:\/\/wp.kristdemokraterna.se\/varmland\/wp-json\/wp\/v2\/pages\/597\/revisions\/598"}],"up":[{"embeddable":true,"href":"https:\/\/wp.kristdemokraterna.se\/varmland\/wp-json\/wp\/v2\/pages\/593"}],"wp:attachment":[{"href":"https:\/\/wp.kristdemokraterna.se\/varmland\/wp-json\/wp\/v2\/media?parent=597"}],"curies":[{"name":"wp","href":"https:\/\/api.w.org\/{rel}","templated":true}]}}