{"id":635,"date":"2018-08-25T19:26:43","date_gmt":"2018-08-25T17:26:43","guid":{"rendered":"http:\/\/wp.kristdemokraterna.se\/varmland\/?page_id=635"},"modified":"2022-05-18T21:21:36","modified_gmt":"2022-05-18T19:21:36","slug":"forshaga","status":"publish","type":"page","link":"https:\/\/wp.kristdemokraterna.se\/varmland\/vara-foretradare\/vara-fortoendevalda\/forshaga\/","title":{"rendered":"&#8211; Forshaga"},"content":{"rendered":"<ol>\n<li>Magnus Sundholm, Forshaga<\/li>\n<li>Tomas Johnsson, Forshaga<\/li>\n<li>Annika Jarl Ljungsten, Forshaga<\/li>\n<li>Tobias Jensen, Forshaga<\/li>\n<li>Leif Forsberg, Deje<\/li>\n<li>Raul Sandin, Deje<\/li>\n<li>Maj Sundholm, Deje<\/li>\n<li>Alf Andersson, Forshaga<\/li>\n<\/ol>\n","protected":false},"excerpt":{"rendered":"<p>Magnus Sundholm, Forshaga Tomas Johnsson, Forshaga Annika Jarl Ljungsten, Forshaga Tobias Jensen, Forshaga Leif Forsberg, Deje Raul Sandin, Deje Maj Sundholm, Deje Alf Andersson, Forshaga<\/p>\n","protected":false},"author":770,"featured_media":0,"parent":564,"menu_order":0,"comment_status":"closed","ping_status":"closed","template":"","meta":{"_acf_changed":false,"footnotes":""},"class_list":["post-635","page","type-page","status-publish","hentry"],"acf":[],"yoast_head":"<!-- This site is optimized with the Yoast SEO plugin v27.6 - https:\/\/yoast.com\/product\/yoast-seo-wordpress\/ -->\n<title>- Forshaga - Kristdemokraterna i V\u00e4rmland<\/title>\n<meta name=\"robots\" content=\"index, follow, max-snippet:-1, max-image-preview:large, max-video-preview:-1\" \/>\n<link rel=\"canonical\" href=\"https:\/\/wp.kristdemokraterna.se\/varmland\/vara-foretradare\/vara-fortoendevalda\/forshaga\/\" \/>\n<meta property=\"og:locale\" content=\"sv_SE\" \/>\n<meta property=\"og:type\" content=\"article\" \/>\n<meta property=\"og:title\" content=\"- Forshaga - Kristdemokraterna i V\u00e4rmland\" \/>\n<meta property=\"og:description\" content=\"Magnus Sundholm, Forshaga Tomas Johnsson, Forshaga Annika Jarl Ljungsten, Forshaga Tobias Jensen, Forshaga Leif Forsberg, Deje Raul Sandin, Deje Maj Sundholm, Deje Alf Andersson, Forshaga\" \/>\n<meta property=\"og:url\" content=\"https:\/\/wp.kristdemokraterna.se\/varmland\/vara-foretradare\/vara-fortoendevalda\/forshaga\/\" \/>\n<meta property=\"og:site_name\" content=\"Kristdemokraterna i V\u00e4rmland\" \/>\n<meta property=\"article:modified_time\" content=\"2022-05-18T19:21:36+00:00\" \/>\n<meta name=\"twitter:card\" content=\"summary_large_image\" \/>\n<meta name=\"twitter:label1\" content=\"Ber\u00e4knad l\u00e4stid\" \/>\n\t<meta name=\"twitter:data1\" content=\"1 minut\" \/>\n<script type=\"application\/ld+json\" class=\"yoast-schema-graph\">{\"@context\":\"https:\\\/\\\/schema.org\",\"@graph\":[{\"@type\":\"WebPage\",\"@id\":\"https:\\\/\\\/wp.kristdemokraterna.se\\\/varmland\\\/vara-foretradare\\\/vara-fortoendevalda\\\/forshaga\\\/\",\"url\":\"https:\\\/\\\/wp.kristdemokraterna.se\\\/varmland\\\/vara-foretradare\\\/vara-fortoendevalda\\\/forshaga\\\/\",\"name\":\"- Forshaga - Kristdemokraterna i V\u00e4rmland\",\"isPartOf\":{\"@id\":\"https:\\\/\\\/wp.kristdemokraterna.se\\\/varmland\\\/#website\"},\"datePublished\":\"2018-08-25T17:26:43+00:00\",\"dateModified\":\"2022-05-18T19:21:36+00:00\",\"breadcrumb\":{\"@id\":\"https:\\\/\\\/wp.kristdemokraterna.se\\\/varmland\\\/vara-foretradare\\\/vara-fortoendevalda\\\/forshaga\\\/#breadcrumb\"},\"inLanguage\":\"sv-SE\",\"potentialAction\":[{\"@type\":\"ReadAction\",\"target\":[\"https:\\\/\\\/wp.kristdemokraterna.se\\\/varmland\\\/vara-foretradare\\\/vara-fortoendevalda\\\/forshaga\\\/\"]}]},{\"@type\":\"BreadcrumbList\",\"@id\":\"https:\\\/\\\/wp.kristdemokraterna.se\\\/varmland\\\/vara-foretradare\\\/vara-fortoendevalda\\\/forshaga\\\/#breadcrumb\",\"itemListElement\":[{\"@type\":\"ListItem\",\"position\":1,\"name\":\"Hem\",\"item\":\"https:\\\/\\\/wp.kristdemokraterna.se\\\/varmland\\\/\"},{\"@type\":\"ListItem\",\"position\":2,\"name\":\"V\u00e5ra f\u00f6retr\u00e4dare\",\"item\":\"https:\\\/\\\/wp.kristdemokraterna.se\\\/varmland\\\/vara-foretradare\\\/\"},{\"@type\":\"ListItem\",\"position\":3,\"name\":\"V\u00e5ra kandidater valet 2022\",\"item\":\"https:\\\/\\\/wp.kristdemokraterna.se\\\/varmland\\\/vara-foretradare\\\/vara-fortoendevalda\\\/\"},{\"@type\":\"ListItem\",\"position\":4,\"name\":\"&#8211; Forshaga\"}]},{\"@type\":\"WebSite\",\"@id\":\"https:\\\/\\\/wp.kristdemokraterna.se\\\/varmland\\\/#website\",\"url\":\"https:\\\/\\\/wp.kristdemokraterna.se\\\/varmland\\\/\",\"name\":\"Kristdemokraterna i V\u00e4rmland\",\"description\":\"En till Kristdemokraterna webbplats\",\"inLanguage\":\"sv-SE\"}]}<\/script>\n<!-- \/ Yoast SEO plugin. -->","yoast_head_json":{"title":"- Forshaga - Kristdemokraterna i V\u00e4rmland","robots":{"index":"index","follow":"follow","max-snippet":"max-snippet:-1","max-image-preview":"max-image-preview:large","max-video-preview":"max-video-preview:-1"},"canonical":"https:\/\/wp.kristdemokraterna.se\/varmland\/vara-foretradare\/vara-fortoendevalda\/forshaga\/","og_locale":"sv_SE","og_type":"article","og_title":"- Forshaga - Kristdemokraterna i V\u00e4rmland","og_description":"Magnus Sundholm, Forshaga Tomas Johnsson, Forshaga Annika Jarl Ljungsten, Forshaga Tobias Jensen, Forshaga Leif Forsberg, Deje Raul Sandin, Deje Maj Sundholm, Deje Alf Andersson, Forshaga","og_url":"https:\/\/wp.kristdemokraterna.se\/varmland\/vara-foretradare\/vara-fortoendevalda\/forshaga\/","og_site_name":"Kristdemokraterna i V\u00e4rmland","article_modified_time":"2022-05-18T19:21:36+00:00","twitter_card":"summary_large_image","twitter_misc":{"Ber\u00e4knad l\u00e4stid":"1 minut"},"schema":{"@context":"https:\/\/schema.org","@graph":[{"@type":"WebPage","@id":"https:\/\/wp.kristdemokraterna.se\/varmland\/vara-foretradare\/vara-fortoendevalda\/forshaga\/","url":"https:\/\/wp.kristdemokraterna.se\/varmland\/vara-foretradare\/vara-fortoendevalda\/forshaga\/","name":"- Forshaga - Kristdemokraterna i V\u00e4rmland","isPartOf":{"@id":"https:\/\/wp.kristdemokraterna.se\/varmland\/#website"},"datePublished":"2018-08-25T17:26:43+00:00","dateModified":"2022-05-18T19:21:36+00:00","breadcrumb":{"@id":"https:\/\/wp.kristdemokraterna.se\/varmland\/vara-foretradare\/vara-fortoendevalda\/forshaga\/#breadcrumb"},"inLanguage":"sv-SE","potentialAction":[{"@type":"ReadAction","target":["https:\/\/wp.kristdemokraterna.se\/varmland\/vara-foretradare\/vara-fortoendevalda\/forshaga\/"]}]},{"@type":"BreadcrumbList","@id":"https:\/\/wp.kristdemokraterna.se\/varmland\/vara-foretradare\/vara-fortoendevalda\/forshaga\/#breadcrumb","itemListElement":[{"@type":"ListItem","position":1,"name":"Hem","item":"https:\/\/wp.kristdemokraterna.se\/varmland\/"},{"@type":"ListItem","position":2,"name":"V\u00e5ra f\u00f6retr\u00e4dare","item":"https:\/\/wp.kristdemokraterna.se\/varmland\/vara-foretradare\/"},{"@type":"ListItem","position":3,"name":"V\u00e5ra kandidater valet 2022","item":"https:\/\/wp.kristdemokraterna.se\/varmland\/vara-foretradare\/vara-fortoendevalda\/"},{"@type":"ListItem","position":4,"name":"&#8211; Forshaga"}]},{"@type":"WebSite","@id":"https:\/\/wp.kristdemokraterna.se\/varmland\/#website","url":"https:\/\/wp.kristdemokraterna.se\/varmland\/","name":"Kristdemokraterna i V\u00e4rmland","description":"En till Kristdemokraterna webbplats","inLanguage":"sv-SE"}]}},"_links":{"self":[{"href":"https:\/\/wp.kristdemokraterna.se\/varmland\/wp-json\/wp\/v2\/pages\/635","targetHints":{"allow":["GET"]}}],"collection":[{"href":"https:\/\/wp.kristdemokraterna.se\/varmland\/wp-json\/wp\/v2\/pages"}],"about":[{"href":"https:\/\/wp.kristdemokraterna.se\/varmland\/wp-json\/wp\/v2\/types\/page"}],"author":[{"embeddable":true,"href":"https:\/\/wp.kristdemokraterna.se\/varmland\/wp-json\/wp\/v2\/users\/770"}],"replies":[{"embeddable":true,"href":"https:\/\/wp.kristdemokraterna.se\/varmland\/wp-json\/wp\/v2\/comments?post=635"}],"version-history":[{"count":3,"href":"https:\/\/wp.kristdemokraterna.se\/varmland\/wp-json\/wp\/v2\/pages\/635\/revisions"}],"predecessor-version":[{"id":755,"href":"https:\/\/wp.kristdemokraterna.se\/varmland\/wp-json\/wp\/v2\/pages\/635\/revisions\/755"}],"up":[{"embeddable":true,"href":"https:\/\/wp.kristdemokraterna.se\/varmland\/wp-json\/wp\/v2\/pages\/564"}],"wp:attachment":[{"href":"https:\/\/wp.kristdemokraterna.se\/varmland\/wp-json\/wp\/v2\/media?parent=635"}],"curies":[{"name":"wp","href":"https:\/\/api.w.org\/{rel}","templated":true}]}}