{"id":637,"date":"2018-08-25T19:28:50","date_gmt":"2018-08-25T17:28:50","guid":{"rendered":"http:\/\/wp.kristdemokraterna.se\/varmland\/?page_id=637"},"modified":"2022-05-18T21:31:04","modified_gmt":"2022-05-18T19:31:04","slug":"saffle","status":"publish","type":"page","link":"https:\/\/wp.kristdemokraterna.se\/varmland\/vara-foretradare\/vara-fortoendevalda\/saffle\/","title":{"rendered":"&#8211; S\u00e4ffle"},"content":{"rendered":"<ol>\n<li>Erik Augustin, f\u00f6rs\u00e4kringsutredare, V-bro<\/li>\n<li>Malin Wallerius, klinikchef, S\u00e4ffle<\/li>\n<li>Beatrice Nyman, personlig assistent, Vickersrud<\/li>\n<li>Christer Andersson, distriktschef, Kila<\/li>\n<li>Susanne \u00d6dqvist, egenf\u00f6retagare, S\u00f6dra Ny<\/li>\n<li>Olle Danielsson, lantbrukare, L\u00e5ngserud<\/li>\n<li>Marlene Augustin, hemmaf\u00f6r\u00e4lder, V-bro<\/li>\n<li>Ingalill Storm, barnsk\u00f6tare, Nys\u00e4ter<\/li>\n<li>Jan-Olof Gullberg, psykolog, Asps\u00e4ter<\/li>\n<li>Malin Nygren, begravningsr\u00e5dgivare, S\u00e4ffle<\/li>\n<li>Viktor Nygren, projektledare, S\u00e4ffle<\/li>\n<li>Ann-Mari Andersson, pension\u00e4r, S\u00e4ffle<\/li>\n<\/ol>\n","protected":false},"excerpt":{"rendered":"<p>Erik Augustin, f\u00f6rs\u00e4kringsutredare, V-bro Malin Wallerius, klinikchef, S\u00e4ffle Beatrice Nyman, personlig assistent, Vickersrud Christer Andersson, distriktschef, Kila Susanne \u00d6dqvist, egenf\u00f6retagare, S\u00f6dra Ny Olle Danielsson, lantbrukare, L\u00e5ngserud Marlene Augustin, hemmaf\u00f6r\u00e4lder, V-bro Ingalill Storm, barnsk\u00f6tare, Nys\u00e4ter Jan-Olof Gullberg, psykolog, Asps\u00e4ter Malin Nygren, begravningsr\u00e5dgivare, S\u00e4ffle Viktor Nygren, projektledare, S\u00e4ffle Ann-Mari Andersson, pension\u00e4r, S\u00e4ffle<\/p>\n","protected":false},"author":770,"featured_media":0,"parent":564,"menu_order":0,"comment_status":"closed","ping_status":"closed","template":"","meta":{"_acf_changed":false,"footnotes":""},"class_list":["post-637","page","type-page","status-publish","hentry"],"acf":[],"yoast_head":"<!-- This site is optimized with the Yoast SEO plugin v27.3 - https:\/\/yoast.com\/product\/yoast-seo-wordpress\/ -->\n<title>- S\u00e4ffle - Kristdemokraterna i V\u00e4rmland<\/title>\n<meta name=\"robots\" content=\"index, follow, max-snippet:-1, max-image-preview:large, max-video-preview:-1\" \/>\n<link rel=\"canonical\" href=\"https:\/\/wp.kristdemokraterna.se\/varmland\/vara-foretradare\/vara-fortoendevalda\/saffle\/\" \/>\n<meta property=\"og:locale\" content=\"sv_SE\" \/>\n<meta property=\"og:type\" content=\"article\" \/>\n<meta property=\"og:title\" content=\"- S\u00e4ffle - Kristdemokraterna i V\u00e4rmland\" \/>\n<meta property=\"og:description\" content=\"Erik Augustin, f\u00f6rs\u00e4kringsutredare, V-bro Malin Wallerius, klinikchef, S\u00e4ffle Beatrice Nyman, personlig assistent, Vickersrud Christer Andersson, distriktschef, Kila Susanne \u00d6dqvist, egenf\u00f6retagare, S\u00f6dra Ny Olle Danielsson, lantbrukare, L\u00e5ngserud Marlene Augustin, hemmaf\u00f6r\u00e4lder, V-bro Ingalill Storm, barnsk\u00f6tare, Nys\u00e4ter Jan-Olof Gullberg, psykolog, Asps\u00e4ter Malin Nygren, begravningsr\u00e5dgivare, S\u00e4ffle Viktor Nygren, projektledare, S\u00e4ffle Ann-Mari Andersson, pension\u00e4r, S\u00e4ffle\" \/>\n<meta property=\"og:url\" content=\"https:\/\/wp.kristdemokraterna.se\/varmland\/vara-foretradare\/vara-fortoendevalda\/saffle\/\" \/>\n<meta property=\"og:site_name\" content=\"Kristdemokraterna i V\u00e4rmland\" \/>\n<meta property=\"article:modified_time\" content=\"2022-05-18T19:31:04+00:00\" \/>\n<meta name=\"twitter:card\" content=\"summary_large_image\" \/>\n<meta name=\"twitter:label1\" content=\"Ber\u00e4knad l\u00e4stid\" \/>\n\t<meta name=\"twitter:data1\" content=\"1 minut\" \/>\n<script type=\"application\/ld+json\" class=\"yoast-schema-graph\">{\"@context\":\"https:\\\/\\\/schema.org\",\"@graph\":[{\"@type\":\"WebPage\",\"@id\":\"https:\\\/\\\/wp.kristdemokraterna.se\\\/varmland\\\/vara-foretradare\\\/vara-fortoendevalda\\\/saffle\\\/\",\"url\":\"https:\\\/\\\/wp.kristdemokraterna.se\\\/varmland\\\/vara-foretradare\\\/vara-fortoendevalda\\\/saffle\\\/\",\"name\":\"- S\u00e4ffle - Kristdemokraterna i V\u00e4rmland\",\"isPartOf\":{\"@id\":\"https:\\\/\\\/wp.kristdemokraterna.se\\\/varmland\\\/#website\"},\"datePublished\":\"2018-08-25T17:28:50+00:00\",\"dateModified\":\"2022-05-18T19:31:04+00:00\",\"breadcrumb\":{\"@id\":\"https:\\\/\\\/wp.kristdemokraterna.se\\\/varmland\\\/vara-foretradare\\\/vara-fortoendevalda\\\/saffle\\\/#breadcrumb\"},\"inLanguage\":\"sv-SE\",\"potentialAction\":[{\"@type\":\"ReadAction\",\"target\":[\"https:\\\/\\\/wp.kristdemokraterna.se\\\/varmland\\\/vara-foretradare\\\/vara-fortoendevalda\\\/saffle\\\/\"]}]},{\"@type\":\"BreadcrumbList\",\"@id\":\"https:\\\/\\\/wp.kristdemokraterna.se\\\/varmland\\\/vara-foretradare\\\/vara-fortoendevalda\\\/saffle\\\/#breadcrumb\",\"itemListElement\":[{\"@type\":\"ListItem\",\"position\":1,\"name\":\"Hem\",\"item\":\"https:\\\/\\\/wp.kristdemokraterna.se\\\/varmland\\\/\"},{\"@type\":\"ListItem\",\"position\":2,\"name\":\"V\u00e5ra f\u00f6retr\u00e4dare\",\"item\":\"https:\\\/\\\/wp.kristdemokraterna.se\\\/varmland\\\/vara-foretradare\\\/\"},{\"@type\":\"ListItem\",\"position\":3,\"name\":\"V\u00e5ra kandidater valet 2022\",\"item\":\"https:\\\/\\\/wp.kristdemokraterna.se\\\/varmland\\\/vara-foretradare\\\/vara-fortoendevalda\\\/\"},{\"@type\":\"ListItem\",\"position\":4,\"name\":\"&#8211; S\u00e4ffle\"}]},{\"@type\":\"WebSite\",\"@id\":\"https:\\\/\\\/wp.kristdemokraterna.se\\\/varmland\\\/#website\",\"url\":\"https:\\\/\\\/wp.kristdemokraterna.se\\\/varmland\\\/\",\"name\":\"Kristdemokraterna i V\u00e4rmland\",\"description\":\"En till Kristdemokraterna webbplats\",\"inLanguage\":\"sv-SE\"}]}<\/script>\n<!-- \/ Yoast SEO plugin. -->","yoast_head_json":{"title":"- S\u00e4ffle - Kristdemokraterna i V\u00e4rmland","robots":{"index":"index","follow":"follow","max-snippet":"max-snippet:-1","max-image-preview":"max-image-preview:large","max-video-preview":"max-video-preview:-1"},"canonical":"https:\/\/wp.kristdemokraterna.se\/varmland\/vara-foretradare\/vara-fortoendevalda\/saffle\/","og_locale":"sv_SE","og_type":"article","og_title":"- S\u00e4ffle - Kristdemokraterna i V\u00e4rmland","og_description":"Erik Augustin, f\u00f6rs\u00e4kringsutredare, V-bro Malin Wallerius, klinikchef, S\u00e4ffle Beatrice Nyman, personlig assistent, Vickersrud Christer Andersson, distriktschef, Kila Susanne \u00d6dqvist, egenf\u00f6retagare, S\u00f6dra Ny Olle Danielsson, lantbrukare, L\u00e5ngserud Marlene Augustin, hemmaf\u00f6r\u00e4lder, V-bro Ingalill Storm, barnsk\u00f6tare, Nys\u00e4ter Jan-Olof Gullberg, psykolog, Asps\u00e4ter Malin Nygren, begravningsr\u00e5dgivare, S\u00e4ffle Viktor Nygren, projektledare, S\u00e4ffle Ann-Mari Andersson, pension\u00e4r, S\u00e4ffle","og_url":"https:\/\/wp.kristdemokraterna.se\/varmland\/vara-foretradare\/vara-fortoendevalda\/saffle\/","og_site_name":"Kristdemokraterna i V\u00e4rmland","article_modified_time":"2022-05-18T19:31:04+00:00","twitter_card":"summary_large_image","twitter_misc":{"Ber\u00e4knad l\u00e4stid":"1 minut"},"schema":{"@context":"https:\/\/schema.org","@graph":[{"@type":"WebPage","@id":"https:\/\/wp.kristdemokraterna.se\/varmland\/vara-foretradare\/vara-fortoendevalda\/saffle\/","url":"https:\/\/wp.kristdemokraterna.se\/varmland\/vara-foretradare\/vara-fortoendevalda\/saffle\/","name":"- S\u00e4ffle - Kristdemokraterna i V\u00e4rmland","isPartOf":{"@id":"https:\/\/wp.kristdemokraterna.se\/varmland\/#website"},"datePublished":"2018-08-25T17:28:50+00:00","dateModified":"2022-05-18T19:31:04+00:00","breadcrumb":{"@id":"https:\/\/wp.kristdemokraterna.se\/varmland\/vara-foretradare\/vara-fortoendevalda\/saffle\/#breadcrumb"},"inLanguage":"sv-SE","potentialAction":[{"@type":"ReadAction","target":["https:\/\/wp.kristdemokraterna.se\/varmland\/vara-foretradare\/vara-fortoendevalda\/saffle\/"]}]},{"@type":"BreadcrumbList","@id":"https:\/\/wp.kristdemokraterna.se\/varmland\/vara-foretradare\/vara-fortoendevalda\/saffle\/#breadcrumb","itemListElement":[{"@type":"ListItem","position":1,"name":"Hem","item":"https:\/\/wp.kristdemokraterna.se\/varmland\/"},{"@type":"ListItem","position":2,"name":"V\u00e5ra f\u00f6retr\u00e4dare","item":"https:\/\/wp.kristdemokraterna.se\/varmland\/vara-foretradare\/"},{"@type":"ListItem","position":3,"name":"V\u00e5ra kandidater valet 2022","item":"https:\/\/wp.kristdemokraterna.se\/varmland\/vara-foretradare\/vara-fortoendevalda\/"},{"@type":"ListItem","position":4,"name":"&#8211; S\u00e4ffle"}]},{"@type":"WebSite","@id":"https:\/\/wp.kristdemokraterna.se\/varmland\/#website","url":"https:\/\/wp.kristdemokraterna.se\/varmland\/","name":"Kristdemokraterna i V\u00e4rmland","description":"En till Kristdemokraterna webbplats","inLanguage":"sv-SE"}]}},"_links":{"self":[{"href":"https:\/\/wp.kristdemokraterna.se\/varmland\/wp-json\/wp\/v2\/pages\/637","targetHints":{"allow":["GET"]}}],"collection":[{"href":"https:\/\/wp.kristdemokraterna.se\/varmland\/wp-json\/wp\/v2\/pages"}],"about":[{"href":"https:\/\/wp.kristdemokraterna.se\/varmland\/wp-json\/wp\/v2\/types\/page"}],"author":[{"embeddable":true,"href":"https:\/\/wp.kristdemokraterna.se\/varmland\/wp-json\/wp\/v2\/users\/770"}],"replies":[{"embeddable":true,"href":"https:\/\/wp.kristdemokraterna.se\/varmland\/wp-json\/wp\/v2\/comments?post=637"}],"version-history":[{"count":3,"href":"https:\/\/wp.kristdemokraterna.se\/varmland\/wp-json\/wp\/v2\/pages\/637\/revisions"}],"predecessor-version":[{"id":761,"href":"https:\/\/wp.kristdemokraterna.se\/varmland\/wp-json\/wp\/v2\/pages\/637\/revisions\/761"}],"up":[{"embeddable":true,"href":"https:\/\/wp.kristdemokraterna.se\/varmland\/wp-json\/wp\/v2\/pages\/564"}],"wp:attachment":[{"href":"https:\/\/wp.kristdemokraterna.se\/varmland\/wp-json\/wp\/v2\/media?parent=637"}],"curies":[{"name":"wp","href":"https:\/\/api.w.org\/{rel}","templated":true}]}}