{"id":2348,"date":"2013-09-13T17:39:12","date_gmt":"2013-09-13T15:39:12","guid":{"rendered":"http:\/\/wp.kristdemokraterna.se\/varnamo\/?page_id=2348"},"modified":"2022-08-18T20:35:27","modified_gmt":"2022-08-18T18:35:27","slug":"om-oss","status":"publish","type":"page","link":"https:\/\/wp.kristdemokraterna.se\/varnamo\/om-oss\/","title":{"rendered":"Om oss"},"content":{"rendered":"<p>Om oss i Kristdemokraterna V\u00e4rnamo<\/p>\n<h2><span style=\"color: #000000;font-weight: bold\">Kristdemokraternas lokalavdelning i V\u00e4rnamo kommun<\/span><\/h2>\n<p>Lokalavdelningen i V\u00e4rnamo kommun \u00e4r en av Kristdemokraternas \u00e4ldsta. Den startade redan samma \u00e5r som partiet, d\u00e5varande KDS, bildades \u2013 1964.<\/p>\n<h2>Kristdemokraterna i V\u00e4rnamo kommunfullm\u00e4ktige<\/h2>\n<p>Kommunfullm\u00e4ktige \u00e4r det h\u00f6gsta beslutande politiska organet i V\u00e4rnamo kommun. Kristdemokraterna har varit representerade d\u00e4r sedan 1967 d\u00e5 d\u00e5varande\u00a0<abbr title=\"Kristen Demokratisk Samling, senare Kristdemokratiska samh\u00e4llspartiet, numera Kristdemokraterna\">KDS<\/abbr>\u00a0fick tre platser.<\/p>\n<p>Under innevarande mandatperiod (2019-2022) har Kristdemokraterna fem mandat i V\u00e4rnamo kommunfullm\u00e4ktige (<del>10,67 % av antalet giltiga r\u00f6ster i valet 2014<\/del>), Kommunfullm\u00e4ktiges ordf\u00f6rande och ordf\u00f6randeskapet i Medborgarn\u00e4mnden och V\u00e4rnamo energi AB. Tillsammans med Centerpartiet, Moderaterna och Liberalerna bildar Kristdemokraterna <em>Allians f\u00f6r V\u00e4rnamo kommun<\/em>. Alliansen utg\u00f6r minoritet i V\u00e4rnamo Kommunfullm\u00e4ktige, men har majoritet i n\u00e4mnder och styrelser.<\/p>\n<hr \/>\n<ul>\n<li>[<a title=\"Styrelse och politiker, h\u00e4mtas fr\u00e5n Kristdemokraternas hemsida\" href=\"https:\/\/kristdemokraterna.se\/vart-parti\/foretradare\/kd-lokalt\/jonkopings-lan\/varnamo\" target=\"_blank\" rel=\"noopener noreferrer\">Styrelse och politiker<\/a>] \u2013 V\u00e5ra f\u00f6rtroendevalda h\u00e4mtade fr\u00e5n Kristdemokraternas medlemsregister\n<ul>\n<li>[<a title=\"\u00c5rsm\u00f6tesreferat\" href=\"http:\/\/wp.kristdemokraterna.se\/varnamo\/kategorier\/nyheter\/arsmote\/\">\u00c5rsm\u00f6ten<\/a>]\u00a0\u2013 Referat fr\u00e5n v\u00e5ra \u00e5rsm\u00f6ten sedan 1999<\/li>\n<\/ul>\n<\/li>\n<li>[<a title=\"Kristdemokrati\" href=\"http:\/\/wp.kristdemokraterna.se\/varnamo\/om-oss\/kristdemokrati\/\">Kristdemokrati<\/a>]\u00a0\u2013 V\u00e5r ideologi och politik<\/li>\n<li>[<a title=\"I v\u00e4rnamopolitiken sedan 1964\" href=\"http:\/\/wp.kristdemokraterna.se\/varnamo\/i-varnamopolitiken-sedan-1964\/\">I v\u00e4rnamopolitiken sedan 1964<\/a>]\u00a0\u2013 V\u00e5r historia\n<ul>\n<li>[<a title=\"40 \u00e5r f\u00f6r m\u00e4nniskov\u00e4rdet \u2013 Kristdemokraterna i V\u00e4rnamopolitikens centrum\" href=\"http:\/\/wp.kristdemokraterna.se\/varnamo\/i-varnamopolitiken-sedan-1964\/40-ar-for-manniskovardet-kristdemokraterna-i-varnamopolitikens-centrum\/\">40 \u00e5r f\u00f6r m\u00e4nniskov\u00e4rde \u2013 Kristdemokraterna i v\u00e4rnamopolitikens centrum<\/a>]\u00a0\u2013 Historik fr\u00e5n v\u00e5rt 40-\u00e5rsjubileum 2004<\/li>\n<li>[<a title=\"40 \u00e5r f\u00f6r m\u00e4nniskov\u00e4rdet \u2013 faktarutor\" href=\"http:\/\/wp.kristdemokraterna.se\/varnamo\/i-varnamopolitiken-sedan-1964\/40-ar-for-manniskovardet-faktarutor\/\">40 \u00e5r f\u00f6r m\u00e4nniskov\u00e4rdet \u2013 faktarutor<\/a>]\u00a0\u2013 Kortfattad historik fr\u00e5n v\u00e5rt 40-\u00e5rsjubileum 2004<\/li>\n<li>[<a title=\"P\u00e5 webben sedan 1998\" href=\"http:\/\/wp.kristdemokraterna.se\/varnamo\/i-varnamopolitiken-sedan-1964\/pa-webben-sedan-1998\/\">P\u00e5 webben sedan 1998<\/a>]\u00a0\u2013 Historik f\u00f6r v\u00e5r webbplats<\/li>\n<\/ul>\n<\/li>\n<li>[<a title=\"Vitsippan\" href=\"http:\/\/wp.kristdemokraterna.se\/varnamo\/vitsippan\/\">Vitsippan<\/a>]\u00a0\u2013 V\u00e5rt medlemsbrev<\/li>\n<\/ul>\n","protected":false},"excerpt":{"rendered":"<p>Om oss i Kristdemokraterna V\u00e4rnamo Kristdemokraternas lokalavdelning i V\u00e4rnamo kommun Lokalavdelningen i V\u00e4rnamo kommun \u00e4r en av Kristdemokraternas \u00e4ldsta. Den startade redan samma \u00e5r som partiet, d\u00e5varande KDS, bildades \u2013 1964. Kristdemokraterna i V\u00e4rnamo kommunfullm\u00e4ktige Kommunfullm\u00e4ktige \u00e4r det h\u00f6gsta beslutande politiska organet i V\u00e4rnamo kommun. Kristdemokraterna har varit representerade d\u00e4r sedan 1967 d\u00e5 d\u00e5varande\u00a0KDS\u00a0fick tre <a class=\"read-more-link\" href=\"https:\/\/wp.kristdemokraterna.se\/varnamo\/om-oss\/\">Read More<\/a><\/p>\n","protected":false},"author":412,"featured_media":9638,"parent":0,"menu_order":0,"comment_status":"closed","ping_status":"closed","template":"","meta":{"_acf_changed":false,"footnotes":""},"class_list":["post-2348","page","type-page","status-publish","hentry"],"acf":[],"yoast_head":"<!-- This site is optimized with the Yoast SEO plugin v27.4 - https:\/\/yoast.com\/product\/yoast-seo-wordpress\/ -->\n<title>Om oss - KRISTDEMOKRATERNA V\u00c4RNAMO<\/title>\n<meta name=\"description\" content=\"Om Kristdemokraterna V\u00e4rnamo, Kristdemokraternas partiavdelning i V\u00e4rnamo kommun: Styrelse, politiker, ideologi, historia och nyhetsbrev.\" \/>\n<meta name=\"robots\" content=\"index, follow, max-snippet:-1, max-image-preview:large, max-video-preview:-1\" \/>\n<link rel=\"canonical\" href=\"https:\/\/wp.kristdemokraterna.se\/varnamo\/om-oss\/\" \/>\n<meta property=\"og:locale\" content=\"sv_SE\" \/>\n<meta property=\"og:type\" content=\"article\" \/>\n<meta property=\"og:title\" content=\"Om oss - KRISTDEMOKRATERNA V\u00c4RNAMO\" \/>\n<meta property=\"og:description\" content=\"Om Kristdemokraterna V\u00e4rnamo, Kristdemokraternas partiavdelning i V\u00e4rnamo kommun: Styrelse, politiker, ideologi, historia och nyhetsbrev.\" \/>\n<meta property=\"og:url\" content=\"https:\/\/wp.kristdemokraterna.se\/varnamo\/om-oss\/\" \/>\n<meta property=\"og:site_name\" content=\"KRISTDEMOKRATERNA V\u00c4RNAMO\" \/>\n<meta property=\"article:publisher\" content=\"https:\/\/www.facebook.com\/KDVarnamo\/\" \/>\n<meta property=\"article:modified_time\" content=\"2022-08-18T18:35:27+00:00\" \/>\n<meta property=\"og:image\" content=\"https:\/\/wp.kristdemokraterna.se\/varnamo\/files\/2022\/08\/va\u2560ernamo-sida-bla-300dpi.png\" \/>\n\t<meta property=\"og:image:width\" content=\"1485\" \/>\n\t<meta property=\"og:image:height\" content=\"681\" \/>\n\t<meta property=\"og:image:type\" content=\"image\/png\" \/>\n<meta name=\"twitter:card\" content=\"summary_large_image\" \/>\n<meta name=\"twitter:site\" content=\"@KDVarnamo\" \/>\n<meta name=\"twitter:label1\" content=\"Ber\u00e4knad l\u00e4stid\" \/>\n\t<meta name=\"twitter:data1\" content=\"1 minut\" \/>\n<script type=\"application\/ld+json\" class=\"yoast-schema-graph\">{\"@context\":\"https:\\\/\\\/schema.org\",\"@graph\":[{\"@type\":\"WebPage\",\"@id\":\"https:\\\/\\\/wp.kristdemokraterna.se\\\/varnamo\\\/om-oss\\\/\",\"url\":\"https:\\\/\\\/wp.kristdemokraterna.se\\\/varnamo\\\/om-oss\\\/\",\"name\":\"Om oss - KRISTDEMOKRATERNA V\u00c4RNAMO\",\"isPartOf\":{\"@id\":\"https:\\\/\\\/wp.kristdemokraterna.se\\\/varnamo\\\/#website\"},\"primaryImageOfPage\":{\"@id\":\"https:\\\/\\\/wp.kristdemokraterna.se\\\/varnamo\\\/om-oss\\\/#primaryimage\"},\"image\":{\"@id\":\"https:\\\/\\\/wp.kristdemokraterna.se\\\/varnamo\\\/om-oss\\\/#primaryimage\"},\"thumbnailUrl\":\"https:\\\/\\\/wp.kristdemokraterna.se\\\/varnamo\\\/files\\\/2022\\\/08\\\/kd-logo-blue.png\",\"datePublished\":\"2013-09-13T15:39:12+00:00\",\"dateModified\":\"2022-08-18T18:35:27+00:00\",\"description\":\"Om Kristdemokraterna V\u00e4rnamo, Kristdemokraternas partiavdelning i V\u00e4rnamo kommun: Styrelse, politiker, ideologi, historia och nyhetsbrev.\",\"breadcrumb\":{\"@id\":\"https:\\\/\\\/wp.kristdemokraterna.se\\\/varnamo\\\/om-oss\\\/#breadcrumb\"},\"inLanguage\":\"sv-SE\",\"potentialAction\":[{\"@type\":\"ReadAction\",\"target\":[\"https:\\\/\\\/wp.kristdemokraterna.se\\\/varnamo\\\/om-oss\\\/\"]}]},{\"@type\":\"ImageObject\",\"inLanguage\":\"sv-SE\",\"@id\":\"https:\\\/\\\/wp.kristdemokraterna.se\\\/varnamo\\\/om-oss\\\/#primaryimage\",\"url\":\"https:\\\/\\\/wp.kristdemokraterna.se\\\/varnamo\\\/files\\\/2022\\\/08\\\/kd-logo-blue.png\",\"contentUrl\":\"https:\\\/\\\/wp.kristdemokraterna.se\\\/varnamo\\\/files\\\/2022\\\/08\\\/kd-logo-blue.png\",\"width\":2000,\"height\":2000,\"caption\":\"Kristdemokraternas logotyp\"},{\"@type\":\"BreadcrumbList\",\"@id\":\"https:\\\/\\\/wp.kristdemokraterna.se\\\/varnamo\\\/om-oss\\\/#breadcrumb\",\"itemListElement\":[{\"@type\":\"ListItem\",\"position\":1,\"name\":\"Hem\",\"item\":\"https:\\\/\\\/wp.kristdemokraterna.se\\\/varnamo\\\/\"},{\"@type\":\"ListItem\",\"position\":2,\"name\":\"Om oss\"}]},{\"@type\":\"WebSite\",\"@id\":\"https:\\\/\\\/wp.kristdemokraterna.se\\\/varnamo\\\/#website\",\"url\":\"https:\\\/\\\/wp.kristdemokraterna.se\\\/varnamo\\\/\",\"name\":\"KRISTDEMOKRATERNA V\u00c4RNAMO\",\"description\":\"Med hj\u00e4rta f\u00f6r V\u00e4rnamo\",\"publisher\":{\"@id\":\"https:\\\/\\\/wp.kristdemokraterna.se\\\/varnamo\\\/#organization\"},\"inLanguage\":\"sv-SE\"},{\"@type\":\"Organization\",\"@id\":\"https:\\\/\\\/wp.kristdemokraterna.se\\\/varnamo\\\/#organization\",\"name\":\"Kristdemokraterna V\u00e4rnamo\",\"url\":\"https:\\\/\\\/wp.kristdemokraterna.se\\\/varnamo\\\/\",\"logo\":{\"@type\":\"ImageObject\",\"inLanguage\":\"sv-SE\",\"@id\":\"https:\\\/\\\/wp.kristdemokraterna.se\\\/varnamo\\\/#\\\/schema\\\/logo\\\/image\\\/\",\"url\":\"https:\\\/\\\/wp.kristdemokraterna.se\\\/varnamo\\\/files\\\/2022\\\/08\\\/va\u2560ernamo-sida-bla-300dpi.png\",\"contentUrl\":\"https:\\\/\\\/wp.kristdemokraterna.se\\\/varnamo\\\/files\\\/2022\\\/08\\\/va\u2560ernamo-sida-bla-300dpi.png\",\"width\":1485,\"height\":681,\"caption\":\"Kristdemokraterna V\u00e4rnamo\"},\"image\":{\"@id\":\"https:\\\/\\\/wp.kristdemokraterna.se\\\/varnamo\\\/#\\\/schema\\\/logo\\\/image\\\/\"},\"sameAs\":[\"https:\\\/\\\/www.facebook.com\\\/KDVarnamo\\\/\",\"https:\\\/\\\/x.com\\\/KDVarnamo\",\"https:\\\/\\\/www.instagram.com\\\/\",\"https:\\\/\\\/www.youtube.com\\\/user\\\/studiokd\\\/videos\"]}]}<\/script>\n<!-- \/ Yoast SEO plugin. -->","yoast_head_json":{"title":"Om oss - KRISTDEMOKRATERNA V\u00c4RNAMO","description":"Om Kristdemokraterna V\u00e4rnamo, Kristdemokraternas partiavdelning i V\u00e4rnamo kommun: Styrelse, politiker, ideologi, historia och nyhetsbrev.","robots":{"index":"index","follow":"follow","max-snippet":"max-snippet:-1","max-image-preview":"max-image-preview:large","max-video-preview":"max-video-preview:-1"},"canonical":"https:\/\/wp.kristdemokraterna.se\/varnamo\/om-oss\/","og_locale":"sv_SE","og_type":"article","og_title":"Om oss - KRISTDEMOKRATERNA V\u00c4RNAMO","og_description":"Om Kristdemokraterna V\u00e4rnamo, Kristdemokraternas partiavdelning i V\u00e4rnamo kommun: Styrelse, politiker, ideologi, historia och nyhetsbrev.","og_url":"https:\/\/wp.kristdemokraterna.se\/varnamo\/om-oss\/","og_site_name":"KRISTDEMOKRATERNA V\u00c4RNAMO","article_publisher":"https:\/\/www.facebook.com\/KDVarnamo\/","article_modified_time":"2022-08-18T18:35:27+00:00","og_image":[{"width":1485,"height":681,"url":"https:\/\/wp.kristdemokraterna.se\/varnamo\/files\/2022\/08\/va\u2560ernamo-sida-bla-300dpi.png","type":"image\/png"}],"twitter_card":"summary_large_image","twitter_site":"@KDVarnamo","twitter_misc":{"Ber\u00e4knad l\u00e4stid":"1 minut"},"schema":{"@context":"https:\/\/schema.org","@graph":[{"@type":"WebPage","@id":"https:\/\/wp.kristdemokraterna.se\/varnamo\/om-oss\/","url":"https:\/\/wp.kristdemokraterna.se\/varnamo\/om-oss\/","name":"Om oss - KRISTDEMOKRATERNA V\u00c4RNAMO","isPartOf":{"@id":"https:\/\/wp.kristdemokraterna.se\/varnamo\/#website"},"primaryImageOfPage":{"@id":"https:\/\/wp.kristdemokraterna.se\/varnamo\/om-oss\/#primaryimage"},"image":{"@id":"https:\/\/wp.kristdemokraterna.se\/varnamo\/om-oss\/#primaryimage"},"thumbnailUrl":"https:\/\/wp.kristdemokraterna.se\/varnamo\/files\/2022\/08\/kd-logo-blue.png","datePublished":"2013-09-13T15:39:12+00:00","dateModified":"2022-08-18T18:35:27+00:00","description":"Om Kristdemokraterna V\u00e4rnamo, Kristdemokraternas partiavdelning i V\u00e4rnamo kommun: Styrelse, politiker, ideologi, historia och nyhetsbrev.","breadcrumb":{"@id":"https:\/\/wp.kristdemokraterna.se\/varnamo\/om-oss\/#breadcrumb"},"inLanguage":"sv-SE","potentialAction":[{"@type":"ReadAction","target":["https:\/\/wp.kristdemokraterna.se\/varnamo\/om-oss\/"]}]},{"@type":"ImageObject","inLanguage":"sv-SE","@id":"https:\/\/wp.kristdemokraterna.se\/varnamo\/om-oss\/#primaryimage","url":"https:\/\/wp.kristdemokraterna.se\/varnamo\/files\/2022\/08\/kd-logo-blue.png","contentUrl":"https:\/\/wp.kristdemokraterna.se\/varnamo\/files\/2022\/08\/kd-logo-blue.png","width":2000,"height":2000,"caption":"Kristdemokraternas logotyp"},{"@type":"BreadcrumbList","@id":"https:\/\/wp.kristdemokraterna.se\/varnamo\/om-oss\/#breadcrumb","itemListElement":[{"@type":"ListItem","position":1,"name":"Hem","item":"https:\/\/wp.kristdemokraterna.se\/varnamo\/"},{"@type":"ListItem","position":2,"name":"Om oss"}]},{"@type":"WebSite","@id":"https:\/\/wp.kristdemokraterna.se\/varnamo\/#website","url":"https:\/\/wp.kristdemokraterna.se\/varnamo\/","name":"KRISTDEMOKRATERNA V\u00c4RNAMO","description":"Med hj\u00e4rta f\u00f6r V\u00e4rnamo","publisher":{"@id":"https:\/\/wp.kristdemokraterna.se\/varnamo\/#organization"},"inLanguage":"sv-SE"},{"@type":"Organization","@id":"https:\/\/wp.kristdemokraterna.se\/varnamo\/#organization","name":"Kristdemokraterna V\u00e4rnamo","url":"https:\/\/wp.kristdemokraterna.se\/varnamo\/","logo":{"@type":"ImageObject","inLanguage":"sv-SE","@id":"https:\/\/wp.kristdemokraterna.se\/varnamo\/#\/schema\/logo\/image\/","url":"https:\/\/wp.kristdemokraterna.se\/varnamo\/files\/2022\/08\/va\u2560ernamo-sida-bla-300dpi.png","contentUrl":"https:\/\/wp.kristdemokraterna.se\/varnamo\/files\/2022\/08\/va\u2560ernamo-sida-bla-300dpi.png","width":1485,"height":681,"caption":"Kristdemokraterna V\u00e4rnamo"},"image":{"@id":"https:\/\/wp.kristdemokraterna.se\/varnamo\/#\/schema\/logo\/image\/"},"sameAs":["https:\/\/www.facebook.com\/KDVarnamo\/","https:\/\/x.com\/KDVarnamo","https:\/\/www.instagram.com\/","https:\/\/www.youtube.com\/user\/studiokd\/videos"]}]}},"_links":{"self":[{"href":"https:\/\/wp.kristdemokraterna.se\/varnamo\/wp-json\/wp\/v2\/pages\/2348","targetHints":{"allow":["GET"]}}],"collection":[{"href":"https:\/\/wp.kristdemokraterna.se\/varnamo\/wp-json\/wp\/v2\/pages"}],"about":[{"href":"https:\/\/wp.kristdemokraterna.se\/varnamo\/wp-json\/wp\/v2\/types\/page"}],"author":[{"embeddable":true,"href":"https:\/\/wp.kristdemokraterna.se\/varnamo\/wp-json\/wp\/v2\/users\/412"}],"replies":[{"embeddable":true,"href":"https:\/\/wp.kristdemokraterna.se\/varnamo\/wp-json\/wp\/v2\/comments?post=2348"}],"version-history":[{"count":18,"href":"https:\/\/wp.kristdemokraterna.se\/varnamo\/wp-json\/wp\/v2\/pages\/2348\/revisions"}],"predecessor-version":[{"id":9641,"href":"https:\/\/wp.kristdemokraterna.se\/varnamo\/wp-json\/wp\/v2\/pages\/2348\/revisions\/9641"}],"wp:featuredmedia":[{"embeddable":true,"href":"https:\/\/wp.kristdemokraterna.se\/varnamo\/wp-json\/wp\/v2\/media\/9638"}],"wp:attachment":[{"href":"https:\/\/wp.kristdemokraterna.se\/varnamo\/wp-json\/wp\/v2\/media?parent=2348"}],"curies":[{"name":"wp","href":"https:\/\/api.w.org\/{rel}","templated":true}]}}