{"id":2814,"date":"2013-10-17T00:42:47","date_gmt":"2013-10-16T22:42:47","guid":{"rendered":"http:\/\/wp.kristdemokraterna.se\/varnamo\/?page_id=2814"},"modified":"2018-03-17T14:21:04","modified_gmt":"2018-03-17T13:21:04","slug":"pa-webben-sedan-1998","status":"publish","type":"page","link":"https:\/\/wp.kristdemokraterna.se\/varnamo\/om-oss\/i-varnamopolitiken-sedan-1964\/pa-webben-sedan-1998\/","title":{"rendered":"P\u00e5 webben sedan 1998"},"content":{"rendered":"<p><a title=\"Kristdemokraterna surfar ut i cyberrymden\" href=\"http:\/\/wp.kristdemokraterna.se\/varnamo\/1998\/07\/24\/kristdemokraterna-surfar-ut-i-cyberrymden\/\">Den 24 juli 1998 publicerade Kristdemokraterna V\u00e4rnamo sin hemsida<\/a>,\u00a0www.jonkoping.kristdemokraterna.se\/varnamo, en av de f\u00f6rsta lokala partihemsidorna\u00a0s\u00e5v\u00e4l i kommunen som i landet. Den f\u00f6rsta versionen skrevs\u00a0i HTML 3.2 f\u00f6r att vara l\u00e4sbar i s\u00e5 m\u00e5nga webbl\u00e4sare\u00a0som m\u00f6jligt d\u00e5. Ganska snart stod det dock klart att webbplatsens struktur\u00a0och den valda HTML-versionen saknade m\u00f6jligheter att m\u00f6ta framtidens\u00a0krav p\u00e5 separation av inneh\u00e5ll och utseende, tillg\u00e4nglighet\u00a0och smidigt underh\u00e5ll.<\/p>\n<div style=\"width: 540px\" class=\"wp-caption alignnone\"><a href=\"http:\/\/wp.kristdemokraterna.se\/varnamo\/files\/2010\/08\/hemsida_version1.jpg\"><img loading=\"lazy\" decoding=\"async\" class=\" \" title=\"F\u00f6rsta versionen av Kristdemokraternas webbplats i V\u00e4rnamo, 1998.\" src=\"http:\/\/wp.kristdemokraterna.se\/varnamo\/files\/2010\/08\/hemsida_version1.jpg\" alt=\"F\u00f6rsta versionen av Kristdemokraternas webbplats i V\u00e4rnamo, 1998.\" width=\"530\" height=\"396\" \/><\/a><p class=\"wp-caption-text\">F\u00f6rsta versionen av Kristdemokraternas webbplats i V\u00e4rnamo, 1998.<\/p><\/div>\n<p>Under h\u00f6sten \u00e5r 1999 var det dags f\u00f6r en omfattande omarbetning\u00a0av hemsidan. <a title=\"Snabbare, snyggare, tillg\u00e4ngligare\" href=\"http:\/\/wp.kristdemokraterna.se\/varnamo\/1999\/10\/21\/snabbare-snyggare-tillgangligare\/\">Den 22 oktober \u00e5r 1999 kunde den andra versionen av webbplatsen\u00a0publiceras<\/a> p\u00e5 adressen\u00a0<a title=\"L\u00e4nk till Kristdemokraternas webbplats, V\u00e4rnamo\" href=\"http:\/\/www.varnamo.kristdemokraterna.se\">www.varnamo.kristdemokraterna.se<\/a>.\u00a0Efter det \u00e4r sidan uppbyggd p\u00e5 ramar (frames) och\u00a0skrivs i HTML 4.01 med all utseendeinformation i stilmallar (CSS2). Detta\u00a0har \u00f6kat hastigheten, s\u00f6kbarheten, tillg\u00e4ngligheten f\u00f6r\u00a0funktionshindrade och f\u00f6rb\u00e4ttrat utseendet. Hemsidans nuvarande\u00a0format bygger helt p\u00e5 denna omarbetning.<\/p>\n<div id=\"attachment_3937\" style=\"width: 538px\" class=\"wp-caption alignnone\"><a href=\"http:\/\/wp.kristdemokraterna.se\/varnamo\/files\/2013\/10\/hemsida_version2.jpg\"><img loading=\"lazy\" decoding=\"async\" aria-describedby=\"caption-attachment-3937\" class=\"size-full wp-image-3937\" title=\"Andra versionen av Kristdemokraternas webbplats i V\u00e4rnamo, 1999.\" src=\"http:\/\/wp.kristdemokraterna.se\/varnamo\/files\/2013\/10\/hemsida_version2.jpg\" alt=\"Andra versionen av Kristdemokraternas webbplats i V\u00e4rnamo, 1999.\" width=\"528\" height=\"396\" srcset=\"https:\/\/wp.kristdemokraterna.se\/varnamo\/files\/2013\/10\/hemsida_version2.jpg 528w, https:\/\/wp.kristdemokraterna.se\/varnamo\/files\/2013\/10\/hemsida_version2-300x225.jpg 300w, https:\/\/wp.kristdemokraterna.se\/varnamo\/files\/2013\/10\/hemsida_version2-461x346.jpg 461w, https:\/\/wp.kristdemokraterna.se\/varnamo\/files\/2013\/10\/hemsida_version2-149x112.jpg 149w\" sizes=\"auto, (max-width: 528px) 100vw, 528px\" \/><\/a><p id=\"caption-attachment-3937\" class=\"wp-caption-text\">Andra versionen av Kristdemokraternas webbplats i V\u00e4rnamo, 1999.<\/p><\/div>\n<p>Sedan dess har hemsidan utvecklats kontinuerligt och g\u00e5tt igenom ett antal sm\u00e4rre f\u00f6rb\u00e4ttringar. Efter dessa jobbar vi med XHTML och har skippat uppbyggnaden med ramar, vilket har \u00f6kat tillg\u00e4ngligheten \u00e4nd\u00e5 mera.<\/p>\n<div id=\"attachment_4087\" style=\"width: 533px\" class=\"wp-caption alignnone\"><a href=\"http:\/\/wp.kristdemokraterna.se\/varnamo\/files\/2013\/12\/hemsida_version2z.png\"><img loading=\"lazy\" decoding=\"async\" aria-describedby=\"caption-attachment-4087\" class=\"size-full wp-image-4087\" title=\"Sista versionen av Kristdemokraternas HTML-webb i V\u00e4rnamo, 2013.\" src=\"http:\/\/wp.kristdemokraterna.se\/varnamo\/files\/2013\/12\/hemsida_version2z.png\" alt=\"Sista versionen av Kristdemokraternas HTML-webb i V\u00e4rnamo, 2013.\" width=\"523\" height=\"397\" srcset=\"https:\/\/wp.kristdemokraterna.se\/varnamo\/files\/2013\/12\/hemsida_version2z.png 523w, https:\/\/wp.kristdemokraterna.se\/varnamo\/files\/2013\/12\/hemsida_version2z-300x227.png 300w, https:\/\/wp.kristdemokraterna.se\/varnamo\/files\/2013\/12\/hemsida_version2z-455x346.png 455w, https:\/\/wp.kristdemokraterna.se\/varnamo\/files\/2013\/12\/hemsida_version2z-147x112.png 147w\" sizes=\"auto, (max-width: 523px) 100vw, 523px\" \/><\/a><p id=\"caption-attachment-4087\" class=\"wp-caption-text\">Sista versionen av Kristdemokraternas HTML-webb i V\u00e4rnamo, 2013.<\/p><\/div>\n<p>Under h\u00f6sten 2013 har vi jobbat p\u00e5 att g\u00f6ra om v\u00e5r hemsida och anpassa den till Kristdemokraternas nya WordPress-plattform f\u00f6r lokala hemsidor. D\u00e4rmed l\u00e4mnar vi statiska HTML-sidor och g\u00e5r \u00f6ver till mer bloggliknande dynamiska inl\u00e4gg och sidor.<\/p>\n<p><a title=\"Nu sl\u00e4pper vi v\u00e5r nya hemsida!\" href=\"http:\/\/wp.kristdemokraterna.se\/varnamo\/2014\/02\/03\/nu-slapper-vi-var-nya-hemsida\/\">Den nya hemsidan<\/a> ger m\u00e5nga nya m\u00f6jligheter f\u00f6r anv\u00e4ndarna att s\u00f6ka efter inneh\u00e5ll. Inte minst intressant \u00e4r m\u00f6jligheten till dialog med Kristdemokraterna V\u00e4rnamo i form av kommentarer till enskilda inl\u00e4gg och en stark integration med sociala medier som Facebook, Twitter och Instagram. Det finns \u00e4ven en mobilanpassad version av hemsidan.<\/p>\n<p>Bara n\u00e5gra\u00a0m\u00e5nader efter lanseringen <a href=\"http:\/\/wp.kristdemokraterna.se\/varnamo\/2014\/08\/09\/vi-har-bytt-klader\/\">bytte vi till Kristdemokraternas nylanserade tema<\/a> som automatiskt anpassar sig till den enhet som hemsidan visas p\u00e5. Temat ger \u00e4ven m\u00f6jlighet att anv\u00e4nda bildspel.<\/p>\n<p>I mars 2018 sl\u00e4ppte\u00a0Kristdemokraterna en ny webbmall som ger samma utseende som rikssidan \u00e4ven p\u00e5 lokala webbplatser. Den \u00e4r ren och snygg i sin form och anpassad f\u00f6r sociala medier och olika plattformar. <a href=\"http:\/\/wp.kristdemokraterna.se\/varnamo\/2018\/03\/10\/dags-att-byta-utseende-igen\/\">Sj\u00e4lvklart hakade Kristdemokraterna V\u00e4rnamo p\u00e5 direkt<\/a>.<\/p>\n<hr \/>\n<h2>L\u00e4s mer<\/h2>\n<p>40 \u00e5r f\u00f6r m\u00e4nniskov\u00e4rdet \u2013 Kristdemokraterna i V\u00e4rnamopolitikens centrum:<br \/>\n[<a title=\"40 \u00e5r f\u00f6r m\u00e4nniskov\u00e4rdet \u2013 Kristdemokraterna i V\u00e4rnamopolitikens centrum\" href=\"http:\/\/wp.kristdemokraterna.se\/varnamo\/i-varnamopolitiken-sedan-1964\/40-ar-for-manniskovardet-kristdemokraterna-i-varnamopolitikens-centrum\/\">Historik<\/a>]<\/p>\n<p>Snabbfakta om Kristdemokraternas historia i V\u00e4rnamo:<br \/>\n[<a title=\"40 \u00e5r f\u00f6r m\u00e4nniskov\u00e4rdet \u2013 faktarutor\" href=\"http:\/\/wp.kristdemokraterna.se\/varnamo\/i-varnamopolitiken-sedan-1964\/40-ar-for-manniskovardet-faktarutor\/\">Snabbfakta<\/a>]<\/p>\n<p>L\u00e4s mer om kristdemokraternas historia i Sverige:<br \/>\n[<a title=\"Kristdemokraternas historia i Sverige\" href=\"http:\/\/www.kristdemokraterna.se\/Om-oss\/Historia\/\" target=\"_blank\" rel=\"noopener\">http:\/\/www.kristdemokraterna.se\/Om-oss\/Historia\/<\/a>]<\/p>\n","protected":false},"excerpt":{"rendered":"<p>Den 24 juli 1998 publicerade Kristdemokraterna V\u00e4rnamo sin hemsida,\u00a0www.jonkoping.kristdemokraterna.se\/varnamo, en av de f\u00f6rsta lokala partihemsidorna\u00a0s\u00e5v\u00e4l i kommunen som i landet. Den f\u00f6rsta versionen skrevs\u00a0i HTML 3.2 f\u00f6r att vara l\u00e4sbar i s\u00e5 m\u00e5nga webbl\u00e4sare\u00a0som m\u00f6jligt d\u00e5. Ganska snart stod det dock klart att webbplatsens struktur\u00a0och den valda HTML-versionen saknade m\u00f6jligheter att m\u00f6ta framtidens\u00a0krav p\u00e5 separation <a class=\"read-more-link\" href=\"https:\/\/wp.kristdemokraterna.se\/varnamo\/om-oss\/i-varnamopolitiken-sedan-1964\/pa-webben-sedan-1998\/\">Read More<\/a><\/p>\n","protected":false},"author":412,"featured_media":9638,"parent":3895,"menu_order":0,"comment_status":"closed","ping_status":"closed","template":"","meta":{"_acf_changed":false,"footnotes":""},"class_list":["post-2814","page","type-page","status-publish","hentry"],"acf":[],"yoast_head":"<!-- This site is optimized with the Yoast SEO plugin v27.3 - https:\/\/yoast.com\/product\/yoast-seo-wordpress\/ -->\n<title>P\u00e5 webben sedan 1998 - KRISTDEMOKRATERNA V\u00c4RNAMO<\/title>\n<meta name=\"robots\" content=\"index, follow, max-snippet:-1, max-image-preview:large, max-video-preview:-1\" \/>\n<link rel=\"canonical\" href=\"https:\/\/wp.kristdemokraterna.se\/varnamo\/om-oss\/i-varnamopolitiken-sedan-1964\/pa-webben-sedan-1998\/\" \/>\n<meta property=\"og:locale\" content=\"sv_SE\" \/>\n<meta property=\"og:type\" content=\"article\" \/>\n<meta property=\"og:title\" content=\"P\u00e5 webben sedan 1998 - KRISTDEMOKRATERNA V\u00c4RNAMO\" \/>\n<meta property=\"og:description\" content=\"Den 24 juli 1998 publicerade Kristdemokraterna V\u00e4rnamo sin hemsida,\u00a0www.jonkoping.kristdemokraterna.se\/varnamo, en av de f\u00f6rsta lokala partihemsidorna\u00a0s\u00e5v\u00e4l i kommunen som i landet. Den f\u00f6rsta versionen skrevs\u00a0i HTML 3.2 f\u00f6r att vara l\u00e4sbar i s\u00e5 m\u00e5nga webbl\u00e4sare\u00a0som m\u00f6jligt d\u00e5. Ganska snart stod det dock klart att webbplatsens struktur\u00a0och den valda HTML-versionen saknade m\u00f6jligheter att m\u00f6ta framtidens\u00a0krav p\u00e5 separation Read More\" \/>\n<meta property=\"og:url\" content=\"https:\/\/wp.kristdemokraterna.se\/varnamo\/om-oss\/i-varnamopolitiken-sedan-1964\/pa-webben-sedan-1998\/\" \/>\n<meta property=\"og:site_name\" content=\"KRISTDEMOKRATERNA V\u00c4RNAMO\" \/>\n<meta property=\"article:publisher\" content=\"https:\/\/www.facebook.com\/KDVarnamo\/\" \/>\n<meta property=\"article:modified_time\" content=\"2018-03-17T13:21:04+00:00\" \/>\n<meta property=\"og:image\" content=\"http:\/\/wp.kristdemokraterna.se\/varnamo\/files\/2010\/08\/hemsida_version1.jpg\" \/>\n<meta name=\"twitter:card\" content=\"summary_large_image\" \/>\n<meta name=\"twitter:site\" content=\"@KDVarnamo\" \/>\n<meta name=\"twitter:label1\" content=\"Ber\u00e4knad l\u00e4stid\" \/>\n\t<meta name=\"twitter:data1\" content=\"2 minuter\" \/>\n<script type=\"application\/ld+json\" class=\"yoast-schema-graph\">{\"@context\":\"https:\\\/\\\/schema.org\",\"@graph\":[{\"@type\":\"WebPage\",\"@id\":\"https:\\\/\\\/wp.kristdemokraterna.se\\\/varnamo\\\/om-oss\\\/i-varnamopolitiken-sedan-1964\\\/pa-webben-sedan-1998\\\/\",\"url\":\"https:\\\/\\\/wp.kristdemokraterna.se\\\/varnamo\\\/om-oss\\\/i-varnamopolitiken-sedan-1964\\\/pa-webben-sedan-1998\\\/\",\"name\":\"P\u00e5 webben sedan 1998 - KRISTDEMOKRATERNA V\u00c4RNAMO\",\"isPartOf\":{\"@id\":\"https:\\\/\\\/wp.kristdemokraterna.se\\\/varnamo\\\/#website\"},\"primaryImageOfPage\":{\"@id\":\"https:\\\/\\\/wp.kristdemokraterna.se\\\/varnamo\\\/om-oss\\\/i-varnamopolitiken-sedan-1964\\\/pa-webben-sedan-1998\\\/#primaryimage\"},\"image\":{\"@id\":\"https:\\\/\\\/wp.kristdemokraterna.se\\\/varnamo\\\/om-oss\\\/i-varnamopolitiken-sedan-1964\\\/pa-webben-sedan-1998\\\/#primaryimage\"},\"thumbnailUrl\":\"https:\\\/\\\/wp.kristdemokraterna.se\\\/varnamo\\\/files\\\/2022\\\/08\\\/kd-logo-blue.png\",\"datePublished\":\"2013-10-16T22:42:47+00:00\",\"dateModified\":\"2018-03-17T13:21:04+00:00\",\"breadcrumb\":{\"@id\":\"https:\\\/\\\/wp.kristdemokraterna.se\\\/varnamo\\\/om-oss\\\/i-varnamopolitiken-sedan-1964\\\/pa-webben-sedan-1998\\\/#breadcrumb\"},\"inLanguage\":\"sv-SE\",\"potentialAction\":[{\"@type\":\"ReadAction\",\"target\":[\"https:\\\/\\\/wp.kristdemokraterna.se\\\/varnamo\\\/om-oss\\\/i-varnamopolitiken-sedan-1964\\\/pa-webben-sedan-1998\\\/\"]}]},{\"@type\":\"ImageObject\",\"inLanguage\":\"sv-SE\",\"@id\":\"https:\\\/\\\/wp.kristdemokraterna.se\\\/varnamo\\\/om-oss\\\/i-varnamopolitiken-sedan-1964\\\/pa-webben-sedan-1998\\\/#primaryimage\",\"url\":\"https:\\\/\\\/wp.kristdemokraterna.se\\\/varnamo\\\/files\\\/2022\\\/08\\\/kd-logo-blue.png\",\"contentUrl\":\"https:\\\/\\\/wp.kristdemokraterna.se\\\/varnamo\\\/files\\\/2022\\\/08\\\/kd-logo-blue.png\",\"width\":2000,\"height\":2000,\"caption\":\"Kristdemokraternas logotyp\"},{\"@type\":\"BreadcrumbList\",\"@id\":\"https:\\\/\\\/wp.kristdemokraterna.se\\\/varnamo\\\/om-oss\\\/i-varnamopolitiken-sedan-1964\\\/pa-webben-sedan-1998\\\/#breadcrumb\",\"itemListElement\":[{\"@type\":\"ListItem\",\"position\":1,\"name\":\"Hem\",\"item\":\"https:\\\/\\\/wp.kristdemokraterna.se\\\/varnamo\\\/\"},{\"@type\":\"ListItem\",\"position\":2,\"name\":\"Om oss\",\"item\":\"https:\\\/\\\/wp.kristdemokraterna.se\\\/varnamo\\\/om-oss\\\/\"},{\"@type\":\"ListItem\",\"position\":3,\"name\":\"I v\u00e4rnamopolitiken sedan 1964\",\"item\":\"https:\\\/\\\/wp.kristdemokraterna.se\\\/varnamo\\\/om-oss\\\/i-varnamopolitiken-sedan-1964\\\/\"},{\"@type\":\"ListItem\",\"position\":4,\"name\":\"P\u00e5 webben sedan 1998\"}]},{\"@type\":\"WebSite\",\"@id\":\"https:\\\/\\\/wp.kristdemokraterna.se\\\/varnamo\\\/#website\",\"url\":\"https:\\\/\\\/wp.kristdemokraterna.se\\\/varnamo\\\/\",\"name\":\"KRISTDEMOKRATERNA V\u00c4RNAMO\",\"description\":\"Med hj\u00e4rta f\u00f6r V\u00e4rnamo\",\"publisher\":{\"@id\":\"https:\\\/\\\/wp.kristdemokraterna.se\\\/varnamo\\\/#organization\"},\"inLanguage\":\"sv-SE\"},{\"@type\":\"Organization\",\"@id\":\"https:\\\/\\\/wp.kristdemokraterna.se\\\/varnamo\\\/#organization\",\"name\":\"Kristdemokraterna V\u00e4rnamo\",\"url\":\"https:\\\/\\\/wp.kristdemokraterna.se\\\/varnamo\\\/\",\"logo\":{\"@type\":\"ImageObject\",\"inLanguage\":\"sv-SE\",\"@id\":\"https:\\\/\\\/wp.kristdemokraterna.se\\\/varnamo\\\/#\\\/schema\\\/logo\\\/image\\\/\",\"url\":\"https:\\\/\\\/wp.kristdemokraterna.se\\\/varnamo\\\/files\\\/2022\\\/08\\\/va\u2560ernamo-sida-bla-300dpi.png\",\"contentUrl\":\"https:\\\/\\\/wp.kristdemokraterna.se\\\/varnamo\\\/files\\\/2022\\\/08\\\/va\u2560ernamo-sida-bla-300dpi.png\",\"width\":1485,\"height\":681,\"caption\":\"Kristdemokraterna V\u00e4rnamo\"},\"image\":{\"@id\":\"https:\\\/\\\/wp.kristdemokraterna.se\\\/varnamo\\\/#\\\/schema\\\/logo\\\/image\\\/\"},\"sameAs\":[\"https:\\\/\\\/www.facebook.com\\\/KDVarnamo\\\/\",\"https:\\\/\\\/x.com\\\/KDVarnamo\",\"https:\\\/\\\/www.instagram.com\\\/\",\"https:\\\/\\\/www.youtube.com\\\/user\\\/studiokd\\\/videos\"]}]}<\/script>\n<!-- \/ Yoast SEO plugin. -->","yoast_head_json":{"title":"P\u00e5 webben sedan 1998 - KRISTDEMOKRATERNA V\u00c4RNAMO","robots":{"index":"index","follow":"follow","max-snippet":"max-snippet:-1","max-image-preview":"max-image-preview:large","max-video-preview":"max-video-preview:-1"},"canonical":"https:\/\/wp.kristdemokraterna.se\/varnamo\/om-oss\/i-varnamopolitiken-sedan-1964\/pa-webben-sedan-1998\/","og_locale":"sv_SE","og_type":"article","og_title":"P\u00e5 webben sedan 1998 - KRISTDEMOKRATERNA V\u00c4RNAMO","og_description":"Den 24 juli 1998 publicerade Kristdemokraterna V\u00e4rnamo sin hemsida,\u00a0www.jonkoping.kristdemokraterna.se\/varnamo, en av de f\u00f6rsta lokala partihemsidorna\u00a0s\u00e5v\u00e4l i kommunen som i landet. Den f\u00f6rsta versionen skrevs\u00a0i HTML 3.2 f\u00f6r att vara l\u00e4sbar i s\u00e5 m\u00e5nga webbl\u00e4sare\u00a0som m\u00f6jligt d\u00e5. Ganska snart stod det dock klart att webbplatsens struktur\u00a0och den valda HTML-versionen saknade m\u00f6jligheter att m\u00f6ta framtidens\u00a0krav p\u00e5 separation Read More","og_url":"https:\/\/wp.kristdemokraterna.se\/varnamo\/om-oss\/i-varnamopolitiken-sedan-1964\/pa-webben-sedan-1998\/","og_site_name":"KRISTDEMOKRATERNA V\u00c4RNAMO","article_publisher":"https:\/\/www.facebook.com\/KDVarnamo\/","article_modified_time":"2018-03-17T13:21:04+00:00","og_image":[{"url":"http:\/\/wp.kristdemokraterna.se\/varnamo\/files\/2010\/08\/hemsida_version1.jpg","type":"","width":"","height":""}],"twitter_card":"summary_large_image","twitter_site":"@KDVarnamo","twitter_misc":{"Ber\u00e4knad l\u00e4stid":"2 minuter"},"schema":{"@context":"https:\/\/schema.org","@graph":[{"@type":"WebPage","@id":"https:\/\/wp.kristdemokraterna.se\/varnamo\/om-oss\/i-varnamopolitiken-sedan-1964\/pa-webben-sedan-1998\/","url":"https:\/\/wp.kristdemokraterna.se\/varnamo\/om-oss\/i-varnamopolitiken-sedan-1964\/pa-webben-sedan-1998\/","name":"P\u00e5 webben sedan 1998 - KRISTDEMOKRATERNA V\u00c4RNAMO","isPartOf":{"@id":"https:\/\/wp.kristdemokraterna.se\/varnamo\/#website"},"primaryImageOfPage":{"@id":"https:\/\/wp.kristdemokraterna.se\/varnamo\/om-oss\/i-varnamopolitiken-sedan-1964\/pa-webben-sedan-1998\/#primaryimage"},"image":{"@id":"https:\/\/wp.kristdemokraterna.se\/varnamo\/om-oss\/i-varnamopolitiken-sedan-1964\/pa-webben-sedan-1998\/#primaryimage"},"thumbnailUrl":"https:\/\/wp.kristdemokraterna.se\/varnamo\/files\/2022\/08\/kd-logo-blue.png","datePublished":"2013-10-16T22:42:47+00:00","dateModified":"2018-03-17T13:21:04+00:00","breadcrumb":{"@id":"https:\/\/wp.kristdemokraterna.se\/varnamo\/om-oss\/i-varnamopolitiken-sedan-1964\/pa-webben-sedan-1998\/#breadcrumb"},"inLanguage":"sv-SE","potentialAction":[{"@type":"ReadAction","target":["https:\/\/wp.kristdemokraterna.se\/varnamo\/om-oss\/i-varnamopolitiken-sedan-1964\/pa-webben-sedan-1998\/"]}]},{"@type":"ImageObject","inLanguage":"sv-SE","@id":"https:\/\/wp.kristdemokraterna.se\/varnamo\/om-oss\/i-varnamopolitiken-sedan-1964\/pa-webben-sedan-1998\/#primaryimage","url":"https:\/\/wp.kristdemokraterna.se\/varnamo\/files\/2022\/08\/kd-logo-blue.png","contentUrl":"https:\/\/wp.kristdemokraterna.se\/varnamo\/files\/2022\/08\/kd-logo-blue.png","width":2000,"height":2000,"caption":"Kristdemokraternas logotyp"},{"@type":"BreadcrumbList","@id":"https:\/\/wp.kristdemokraterna.se\/varnamo\/om-oss\/i-varnamopolitiken-sedan-1964\/pa-webben-sedan-1998\/#breadcrumb","itemListElement":[{"@type":"ListItem","position":1,"name":"Hem","item":"https:\/\/wp.kristdemokraterna.se\/varnamo\/"},{"@type":"ListItem","position":2,"name":"Om oss","item":"https:\/\/wp.kristdemokraterna.se\/varnamo\/om-oss\/"},{"@type":"ListItem","position":3,"name":"I v\u00e4rnamopolitiken sedan 1964","item":"https:\/\/wp.kristdemokraterna.se\/varnamo\/om-oss\/i-varnamopolitiken-sedan-1964\/"},{"@type":"ListItem","position":4,"name":"P\u00e5 webben sedan 1998"}]},{"@type":"WebSite","@id":"https:\/\/wp.kristdemokraterna.se\/varnamo\/#website","url":"https:\/\/wp.kristdemokraterna.se\/varnamo\/","name":"KRISTDEMOKRATERNA V\u00c4RNAMO","description":"Med hj\u00e4rta f\u00f6r V\u00e4rnamo","publisher":{"@id":"https:\/\/wp.kristdemokraterna.se\/varnamo\/#organization"},"inLanguage":"sv-SE"},{"@type":"Organization","@id":"https:\/\/wp.kristdemokraterna.se\/varnamo\/#organization","name":"Kristdemokraterna V\u00e4rnamo","url":"https:\/\/wp.kristdemokraterna.se\/varnamo\/","logo":{"@type":"ImageObject","inLanguage":"sv-SE","@id":"https:\/\/wp.kristdemokraterna.se\/varnamo\/#\/schema\/logo\/image\/","url":"https:\/\/wp.kristdemokraterna.se\/varnamo\/files\/2022\/08\/va\u2560ernamo-sida-bla-300dpi.png","contentUrl":"https:\/\/wp.kristdemokraterna.se\/varnamo\/files\/2022\/08\/va\u2560ernamo-sida-bla-300dpi.png","width":1485,"height":681,"caption":"Kristdemokraterna V\u00e4rnamo"},"image":{"@id":"https:\/\/wp.kristdemokraterna.se\/varnamo\/#\/schema\/logo\/image\/"},"sameAs":["https:\/\/www.facebook.com\/KDVarnamo\/","https:\/\/x.com\/KDVarnamo","https:\/\/www.instagram.com\/","https:\/\/www.youtube.com\/user\/studiokd\/videos"]}]}},"_links":{"self":[{"href":"https:\/\/wp.kristdemokraterna.se\/varnamo\/wp-json\/wp\/v2\/pages\/2814","targetHints":{"allow":["GET"]}}],"collection":[{"href":"https:\/\/wp.kristdemokraterna.se\/varnamo\/wp-json\/wp\/v2\/pages"}],"about":[{"href":"https:\/\/wp.kristdemokraterna.se\/varnamo\/wp-json\/wp\/v2\/types\/page"}],"author":[{"embeddable":true,"href":"https:\/\/wp.kristdemokraterna.se\/varnamo\/wp-json\/wp\/v2\/users\/412"}],"replies":[{"embeddable":true,"href":"https:\/\/wp.kristdemokraterna.se\/varnamo\/wp-json\/wp\/v2\/comments?post=2814"}],"version-history":[{"count":16,"href":"https:\/\/wp.kristdemokraterna.se\/varnamo\/wp-json\/wp\/v2\/pages\/2814\/revisions"}],"predecessor-version":[{"id":8238,"href":"https:\/\/wp.kristdemokraterna.se\/varnamo\/wp-json\/wp\/v2\/pages\/2814\/revisions\/8238"}],"up":[{"embeddable":true,"href":"https:\/\/wp.kristdemokraterna.se\/varnamo\/wp-json\/wp\/v2\/pages\/3895"}],"wp:featuredmedia":[{"embeddable":true,"href":"https:\/\/wp.kristdemokraterna.se\/varnamo\/wp-json\/wp\/v2\/media\/9638"}],"wp:attachment":[{"href":"https:\/\/wp.kristdemokraterna.se\/varnamo\/wp-json\/wp\/v2\/media?parent=2814"}],"curies":[{"name":"wp","href":"https:\/\/api.w.org\/{rel}","templated":true}]}}