{"id":2817,"date":"2013-10-17T01:00:44","date_gmt":"2013-10-16T23:00:44","guid":{"rendered":"http:\/\/wp.kristdemokraterna.se\/varnamo\/?page_id=2817"},"modified":"2024-05-15T15:38:07","modified_gmt":"2024-05-15T13:38:07","slug":"kristdemokrati-var-ideologi-och-politik","status":"publish","type":"page","link":"https:\/\/wp.kristdemokraterna.se\/varnamo\/om-oss\/kristdemokrati-var-ideologi-och-politik\/","title":{"rendered":"Kristdemokrati &#8211; v\u00e5r ideologi och politik"},"content":{"rendered":"<h2>Kristdemokratins r\u00f6tter<\/h2>\n<p>Efter 1900-talets brutala krig var Europa och m\u00e4nniskov\u00e4rdet f\u00f6rtrampat under totalit\u00e4ra diktaturers st\u00f6vlar. De gamla ideologierna (liberalismen, konservatismen och socialismen) med sina r\u00f6tter i materialismen hade visat sin of\u00f6rm\u00e5ga att forma m\u00e4nskliga samh\u00e4llen. M\u00e4nniskor l\u00e4ngtade efter <em>demokrati<\/em>, <em>frihet<\/em> och <em>m\u00e4nsklig v\u00e4rdighet<\/em> och misstron mot utopistiska ideologier var h\u00f6g. Behovet av en realistisk politik som bygger p\u00e5 <em>fasta v\u00e4rden<\/em> var uppenbart.<\/p>\n<p>D\u00e4r l\u00e5g grogrunden f\u00f6r <em>den tredje v\u00e4gen<\/em>, varken h\u00f6ger eller v\u00e4nster, i europeisk politik \u2013 <em>kristdemokratin<\/em>.<\/p>\n<p>Kristdemokratin h\u00e4mtar sina id\u00e9er ifr\u00e5n\u00a0en tankeriktning som kan betraktas som materialismens motsats \u2013 <em>personalismen<\/em>. Denna har sina r\u00f6tter i den kristna kyrkans tv\u00e5tusen\u00e5riga t\u00e4nkande om hur m\u00e4nniskor b\u00f6r f\u00f6rh\u00e5lla sig till varandra f\u00f6r att forma det goda samh\u00e4llet \u2013 str\u00e4van efter <em>det gemensamma b\u00e4sta<\/em>.<\/p>\n<p>Personalismen utg\u00e5r ifr\u00e5n vad det \u00e4r att vara m\u00e4nniska och vad m\u00e4nniskor beh\u00f6ver. Typiskt f\u00f6r personalismen \u00e4r betonandet av det absoluta och okr\u00e4nkbara <em>m\u00e4nniskov\u00e4rdet<\/em>, <em>ofullkomlighetstanken<\/em>, behovet av sm\u00e5 <em>gemenskaper<\/em>, <em>solidaritet<\/em>, <em>f\u00f6rvaltarskapstanken<\/em> och <em>samh\u00e4llsgemenskapen<\/em>.<\/p>\n<div style=\"border: 2px solid #073192;padding: 4px;background-color: #eeeeee\">\n<h3>Personalism<\/h3>\n<p>Personalismen \u00e4r ett alternativ till s\u00e5v\u00e4l individualism som kollektivism. Typiskt f\u00f6r personalismen \u00e4r betonandet av:<\/p>\n<ul>\n<li><strong>m\u00e4nniskov\u00e4rdet<\/strong>\u00a0\u2013 m\u00e4nniskans v\u00e4rde\u00a0\u00e4r okr\u00e4nkbart, unikt och lika f\u00f6r alla.<\/li>\n<\/ul>\n<ul>\n<li><strong>ofullkomlighetstanken<\/strong>\u00a0\u2013 ingen m\u00e4nniska \u00e4r\u00a0fullkomlig, vi beh\u00f6ver varandra.<\/li>\n<\/ul>\n<ul>\n<li>behovet av\u00a0<strong>sm\u00e5 gemenskaper<\/strong>\u00a0\u2013 det \u00e4r\u00a0i de sm\u00e5 gemenskaperna (exempelvis familjen) vi utvecklas som personer.<\/li>\n<\/ul>\n<ul>\n<li><strong>solidaritet<\/strong>\u00a0\u2013 broderskap i praktisk handling, b\u00e5de\u00a0lokalt och globalt.<\/li>\n<\/ul>\n<ul>\n<li><strong>f\u00f6rvaltarskapstanken<\/strong>\u00a0\u2013 vi ska f\u00f6rvalta,\u00a0inte f\u00f6rbruka, milj\u00f6, ekonomi och andra tillg\u00e5ngar.<\/li>\n<\/ul>\n<ul>\n<li><strong>samh\u00e4llsgemenskap<\/strong>\u00a0\u2013 samh\u00e4llet\u00a0\u00e4r en gemenskap som best\u00e5r av b\u00e5de st\u00f6rre och mindre\u00a0gemenskaper.<\/li>\n<\/ul>\n<\/div>\n<p>Om solidaritet \u00e4r kristdemokratins inneh\u00e5ll s\u00e5 \u00e4r <em>subsidiaritet<\/em> dess politiska form. Det \u00e4r principen f\u00f6r hur makt ska f\u00f6rdelas mellan \u00f6ver- och underordnade gemenskaper: <em>beslut ska fattas p\u00e5 l\u00e4gsta m\u00f6jliga \u00e4ndam\u00e5lsenliga niv\u00e5!<\/em><\/p>\n<div style=\"border: 2px solid #073192;padding: 4px;background-color: #eeeeee\">\n<h3>Subsidiaritet<\/h3>\n<p>Subsidiaritetsprincipen handlar om maktf\u00f6rdelning och \u00f6verordnade gemenskapers\u00a0inblandning i, och st\u00f6d till, underordnade gemenskaper.\u00a0Den betonar:<\/p>\n<ul>\n<li>de sm\u00e5 gemenskapernas suver\u00e4nitet.<\/li>\n<\/ul>\n<ul>\n<li>att beslut ska fattas p\u00e5 l\u00e4gsta m\u00f6jliga \u00e4ndam\u00e5lsenliga niv\u00e5.<\/li>\n<\/ul>\n<ul>\n<li>att den h\u00f6gre niv\u00e5n ska st\u00f6dja den l\u00e4gre i dess str\u00e4van\u00a0att hantera sina angel\u00e4genheter p\u00e5 b\u00e4sta m\u00f6jliga s\u00e4tt.<\/li>\n<\/ul>\n<\/div>\n<p>Dessa nygamla id\u00e9er vann geh\u00f6r hos allt fler och ledde till att tidigare ganska sm\u00e5 kristdemokratiska partier (de f\u00f6rsta bildades redan i slutet av 1800-talet) blev statsb\u00e4rande regeringspartier runt om i Europa och fick ansvaret f\u00f6r \u00e5teruppbyggnaden av kontinenten efter andra v\u00e4rldskriget. Mot slutet av 1950-talet\u00a0hade folkr\u00f6relsen \u00e4ntligen b\u00f6rjat sl\u00e5 rot ocks\u00e5 i Sverige.<\/p>\n<h3>Kristdemokratins r\u00f6tter i Sverige<\/h3>\n<p>\u00c5ret var 1964. Sveriges st\u00f6rsta folkr\u00f6relse n\u00e5gonsin hade precis lyckats samla in \u00f6ver tv\u00e5 miljoner namn f\u00f6r att bevara kristendoms\u00e4mnets st\u00e4llning i skolan. M\u00e5nga ins\u00e5g att det fanns underlag f\u00f6r ett parti som s\u00f6ker sina ideologiska r\u00f6tter i den kristna traditionen och s\u00e4tter m\u00e4nniskov\u00e4rdet f\u00f6re pengav\u00e4rdet ocks\u00e5 i Sverige\u00a0och den 20 mars bildades KDS \u2013 Kristen Demokratisk Samling.<\/p>\n<p>L\u00e4s mer om Kristdemokraternas historia i Sverige h\u00e4r.<br \/>\n<a href=\"https:\/\/kristdemokraterna.se\/om-oss\/historia\/\" target=\"_blank\" rel=\"noopener\">Historia<\/a><\/p>\n<h3>Kristdemokratins r\u00f6tter i\u00a0V\u00e4rnamo<\/h3>\n<p>\u00c4ven i V\u00e4rnamo fanns det m\u00e4nniskor som l\u00e4ngtade efter ett nytt parti byggt p\u00e5 kristna v\u00e4rderingar. M\u00e5nga k\u00e4nde sig inte l\u00e4ngre hemma i sina gamla partier. Bara ett par veckor efter partiets bildande i Stockholm, grundades en lokalavdelning i V\u00e4rnamo, vilken d\u00e4rmed torde vara en av landets \u00e4ldsta lokalavdelningar.<\/p>\n<p>Sedan dess har Kristdemokraterna haft en sj\u00e4lvklar plats i v\u00e4rnamopolitikens centrum. Genom \u00e5ren har partiet lagt en m\u00e4ngd politiska f\u00f6rslag med m\u00e4nniskov\u00e4rdet i fokus och r\u00f6tterna i kristdemokratisk ideologi, till exempel Brog\u00e5rden, v\u00e4nort i u-land, g\u00e4sthemmet Svalan, ungdomsmottagning, bygg vindkraft, anh\u00f6rigkonsult, flexibilitet och m\u00e5ngfald i barnomsorgen, \u00f6kat ungdomsinflytande, tj\u00e4nstegarantier, trygghetsboenden och att ge nyblivna svenska medborgare en present i samband med nationaldagsfirandet.<\/p>\n<p>L\u00e4s mer om kristdemokraternas historia i V\u00e4rnamo h\u00e4r:<br \/>\n<a href=\"https:\/\/wp.kristdemokraterna.se\/varnamo\/om-oss\/i-varnamopolitiken-sedan-1964\/40-ar-for-manniskovardet-kristdemokraterna-i-varnamopolitikens-centrum\/\">40 \u00e5r f\u00f6r m\u00e4nniskov\u00e4rdet &#8211; Kristdemokraterna i v\u00e4rnamopolitikens centrum<\/a><\/p>\n<h3>Sammanfattning<\/h3>\n<p>Det goda samh\u00e4llet kan man bara bygga om man b\u00f6rjar fr\u00e5n r\u00e4tt h\u00e5ll. D\u00e4rf\u00f6r s\u00e4tter Kristdemokraterna\u00a0<em>barns och ungas uppv\u00e4xtvillkor<\/em> f\u00f6rst. Vi \u00e4r <em>familjens r\u00f6st<\/em>! F\u00f6r att kunna \u00e5stadkomma det\u00a0arbetar vi f\u00f6r ett\u00a0<em>tryggare och friare Sverige<\/em>\u00a0med en\u00a0<em>social och ekologisk marknadsekonomi<\/em>\u00a0som grund.<\/p>\n<h2>Hur f\u00f6rverkligar vi det i V\u00e4rnamo?<\/h2>\n<p>L\u00e4s v\u00e5rt kommunpolitiska program 2019-2022:<br \/>\n[<a href=\"http:\/\/wp.kristdemokraterna.se\/varnamo\/files\/2018\/06\/valprogram2018_faststallt.pdf\">V\u00e4lf\u00e4rdsl\u00f6ftet f\u00f6r V\u00e4rnamo kommun<\/a>]<\/p>\n<p>L\u00e4s om vad Kristdemokraterna g\u00f6r i V\u00e4rnamo:<br \/>\n[<a title=\"Nyheter fr\u00e5n Kristdemokraterna V\u00e4rnamo\" href=\"https:\/\/wp.kristdemokraterna.se\/varnamo\/blogg\">Nyheter<\/a>]<\/p>\n<hr \/>\n<h2>L\u00e4s mer<\/h2>\n<p>Enkel sammanfattning av kristdemokratisk\u00a0<strong>ideologi<\/strong>:<br \/>\n[<a title=\"L\u00e4nk till kristdemokraternas ideologi p\u00e5 Kristdemokraternas webbplats\" href=\"https:\/\/kristdemokraterna.se\/var-politik\/ideologi-och-principprogram\/\" target=\"_blank\" rel=\"noopener\">Ideologi<\/a>]<\/p>\n<p>Enkel sammanfattning av kristdemokratisk\u00a0<strong>politik<\/strong>:<br \/>\n[<a title=\"L\u00e4nk till kristdemokraternas ideologi p\u00e5 Kristdemokraternas webbplats\" href=\"https:\/\/kristdemokraterna.se\/var-politik\" target=\"_blank\" rel=\"noopener\">Politik<\/a>]<\/p>\n<p>Kristdemokraternas\u00a0<strong>principprogram<\/strong>:<br \/>\n[<a title=\"L\u00e4nk till kristdemokraternas principprogram p\u00e5 Kristdemokraternas webbplats\" href=\"http:\/\/www.kd.nu\/principprogram.pdf\" target=\"_blank\" rel=\"noopener\">Principprogram<\/a>]<\/p>\n<p>Kristdemokraternas aktuella<strong>\u00a0rapporter och dokument<\/strong>:<br \/>\n[<a title=\"L\u00e4nk till kristdemokraternas st\u00e4llningstaganden p\u00e5 Kristdemokraternas webbplats\" href=\"https:\/\/kristdemokraterna.se\/var-politik\/rapporter-och-dokument\" target=\"_blank\" rel=\"noopener\">Rapporter och dokument<\/a>]<\/p>\n<p><strong>Civitas<\/strong>\u00a0\u2013 Kristdemokratiskt id\u00e9institut:<br \/>\n[<a title=\"L\u00e4nk till Civitas \u2013 kristdemokraternas id\u00e9institut\" href=\"http:\/\/www.civitas.net\/\" target=\"_blank\" rel=\"noopener\">Civitas<\/a>]<\/p>\n","protected":false},"excerpt":{"rendered":"<p>Kristdemokratins r\u00f6tter Efter 1900-talets brutala krig var Europa och m\u00e4nniskov\u00e4rdet f\u00f6rtrampat under totalit\u00e4ra diktaturers st\u00f6vlar. De gamla ideologierna (liberalismen, konservatismen och socialismen) med sina r\u00f6tter i materialismen hade visat sin of\u00f6rm\u00e5ga att forma m\u00e4nskliga samh\u00e4llen. M\u00e4nniskor l\u00e4ngtade efter demokrati, frihet och m\u00e4nsklig v\u00e4rdighet och misstron mot utopistiska ideologier var h\u00f6g. Behovet av en realistisk politik <a class=\"read-more-link\" href=\"https:\/\/wp.kristdemokraterna.se\/varnamo\/om-oss\/kristdemokrati-var-ideologi-och-politik\/\">Read More<\/a><\/p>\n","protected":false},"author":412,"featured_media":9638,"parent":2348,"menu_order":0,"comment_status":"closed","ping_status":"closed","template":"","meta":{"_acf_changed":false,"footnotes":""},"class_list":["post-2817","page","type-page","status-publish","hentry"],"acf":[],"yoast_head":"<!-- This site is optimized with the Yoast SEO plugin v27.4 - https:\/\/yoast.com\/product\/yoast-seo-wordpress\/ -->\n<title>Kristdemokrati - v\u00e5r ideologi och politik - KRISTDEMOKRATERNA V\u00c4RNAMO<\/title>\n<meta name=\"robots\" content=\"index, follow, max-snippet:-1, max-image-preview:large, max-video-preview:-1\" \/>\n<link rel=\"canonical\" href=\"https:\/\/wp.kristdemokraterna.se\/varnamo\/om-oss\/kristdemokrati-var-ideologi-och-politik\/\" \/>\n<meta property=\"og:locale\" content=\"sv_SE\" \/>\n<meta property=\"og:type\" content=\"article\" \/>\n<meta property=\"og:title\" content=\"Kristdemokrati - v\u00e5r ideologi och politik - KRISTDEMOKRATERNA V\u00c4RNAMO\" \/>\n<meta property=\"og:description\" content=\"Kristdemokratins r\u00f6tter Efter 1900-talets brutala krig var Europa och m\u00e4nniskov\u00e4rdet f\u00f6rtrampat under totalit\u00e4ra diktaturers st\u00f6vlar. De gamla ideologierna (liberalismen, konservatismen och socialismen) med sina r\u00f6tter i materialismen hade visat sin of\u00f6rm\u00e5ga att forma m\u00e4nskliga samh\u00e4llen. M\u00e4nniskor l\u00e4ngtade efter demokrati, frihet och m\u00e4nsklig v\u00e4rdighet och misstron mot utopistiska ideologier var h\u00f6g. Behovet av en realistisk politik Read More\" \/>\n<meta property=\"og:url\" content=\"https:\/\/wp.kristdemokraterna.se\/varnamo\/om-oss\/kristdemokrati-var-ideologi-och-politik\/\" \/>\n<meta property=\"og:site_name\" content=\"KRISTDEMOKRATERNA V\u00c4RNAMO\" \/>\n<meta property=\"article:publisher\" content=\"https:\/\/www.facebook.com\/KDVarnamo\/\" \/>\n<meta property=\"article:modified_time\" content=\"2024-05-15T13:38:07+00:00\" \/>\n<meta property=\"og:image\" content=\"https:\/\/wp.kristdemokraterna.se\/varnamo\/files\/2022\/08\/va\u2560ernamo-sida-bla-300dpi.png\" \/>\n\t<meta property=\"og:image:width\" content=\"1485\" \/>\n\t<meta property=\"og:image:height\" content=\"681\" \/>\n\t<meta property=\"og:image:type\" content=\"image\/png\" \/>\n<meta name=\"twitter:card\" content=\"summary_large_image\" \/>\n<meta name=\"twitter:site\" content=\"@KDVarnamo\" \/>\n<meta name=\"twitter:label1\" content=\"Ber\u00e4knad l\u00e4stid\" \/>\n\t<meta name=\"twitter:data1\" content=\"3 minuter\" \/>\n<script type=\"application\/ld+json\" class=\"yoast-schema-graph\">{\"@context\":\"https:\\\/\\\/schema.org\",\"@graph\":[{\"@type\":\"WebPage\",\"@id\":\"https:\\\/\\\/wp.kristdemokraterna.se\\\/varnamo\\\/om-oss\\\/kristdemokrati-var-ideologi-och-politik\\\/\",\"url\":\"https:\\\/\\\/wp.kristdemokraterna.se\\\/varnamo\\\/om-oss\\\/kristdemokrati-var-ideologi-och-politik\\\/\",\"name\":\"Kristdemokrati - v\u00e5r ideologi och politik - KRISTDEMOKRATERNA V\u00c4RNAMO\",\"isPartOf\":{\"@id\":\"https:\\\/\\\/wp.kristdemokraterna.se\\\/varnamo\\\/#website\"},\"primaryImageOfPage\":{\"@id\":\"https:\\\/\\\/wp.kristdemokraterna.se\\\/varnamo\\\/om-oss\\\/kristdemokrati-var-ideologi-och-politik\\\/#primaryimage\"},\"image\":{\"@id\":\"https:\\\/\\\/wp.kristdemokraterna.se\\\/varnamo\\\/om-oss\\\/kristdemokrati-var-ideologi-och-politik\\\/#primaryimage\"},\"thumbnailUrl\":\"https:\\\/\\\/wp.kristdemokraterna.se\\\/varnamo\\\/files\\\/2022\\\/08\\\/kd-logo-blue.png\",\"datePublished\":\"2013-10-16T23:00:44+00:00\",\"dateModified\":\"2024-05-15T13:38:07+00:00\",\"breadcrumb\":{\"@id\":\"https:\\\/\\\/wp.kristdemokraterna.se\\\/varnamo\\\/om-oss\\\/kristdemokrati-var-ideologi-och-politik\\\/#breadcrumb\"},\"inLanguage\":\"sv-SE\",\"potentialAction\":[{\"@type\":\"ReadAction\",\"target\":[\"https:\\\/\\\/wp.kristdemokraterna.se\\\/varnamo\\\/om-oss\\\/kristdemokrati-var-ideologi-och-politik\\\/\"]}]},{\"@type\":\"ImageObject\",\"inLanguage\":\"sv-SE\",\"@id\":\"https:\\\/\\\/wp.kristdemokraterna.se\\\/varnamo\\\/om-oss\\\/kristdemokrati-var-ideologi-och-politik\\\/#primaryimage\",\"url\":\"https:\\\/\\\/wp.kristdemokraterna.se\\\/varnamo\\\/files\\\/2022\\\/08\\\/kd-logo-blue.png\",\"contentUrl\":\"https:\\\/\\\/wp.kristdemokraterna.se\\\/varnamo\\\/files\\\/2022\\\/08\\\/kd-logo-blue.png\",\"width\":2000,\"height\":2000,\"caption\":\"Kristdemokraternas logotyp\"},{\"@type\":\"BreadcrumbList\",\"@id\":\"https:\\\/\\\/wp.kristdemokraterna.se\\\/varnamo\\\/om-oss\\\/kristdemokrati-var-ideologi-och-politik\\\/#breadcrumb\",\"itemListElement\":[{\"@type\":\"ListItem\",\"position\":1,\"name\":\"Hem\",\"item\":\"https:\\\/\\\/wp.kristdemokraterna.se\\\/varnamo\\\/\"},{\"@type\":\"ListItem\",\"position\":2,\"name\":\"Om oss\",\"item\":\"https:\\\/\\\/wp.kristdemokraterna.se\\\/varnamo\\\/om-oss\\\/\"},{\"@type\":\"ListItem\",\"position\":3,\"name\":\"Kristdemokrati &#8211; v\u00e5r ideologi och politik\"}]},{\"@type\":\"WebSite\",\"@id\":\"https:\\\/\\\/wp.kristdemokraterna.se\\\/varnamo\\\/#website\",\"url\":\"https:\\\/\\\/wp.kristdemokraterna.se\\\/varnamo\\\/\",\"name\":\"KRISTDEMOKRATERNA V\u00c4RNAMO\",\"description\":\"Med hj\u00e4rta f\u00f6r V\u00e4rnamo\",\"publisher\":{\"@id\":\"https:\\\/\\\/wp.kristdemokraterna.se\\\/varnamo\\\/#organization\"},\"inLanguage\":\"sv-SE\"},{\"@type\":\"Organization\",\"@id\":\"https:\\\/\\\/wp.kristdemokraterna.se\\\/varnamo\\\/#organization\",\"name\":\"Kristdemokraterna V\u00e4rnamo\",\"url\":\"https:\\\/\\\/wp.kristdemokraterna.se\\\/varnamo\\\/\",\"logo\":{\"@type\":\"ImageObject\",\"inLanguage\":\"sv-SE\",\"@id\":\"https:\\\/\\\/wp.kristdemokraterna.se\\\/varnamo\\\/#\\\/schema\\\/logo\\\/image\\\/\",\"url\":\"https:\\\/\\\/wp.kristdemokraterna.se\\\/varnamo\\\/files\\\/2022\\\/08\\\/va\u2560ernamo-sida-bla-300dpi.png\",\"contentUrl\":\"https:\\\/\\\/wp.kristdemokraterna.se\\\/varnamo\\\/files\\\/2022\\\/08\\\/va\u2560ernamo-sida-bla-300dpi.png\",\"width\":1485,\"height\":681,\"caption\":\"Kristdemokraterna V\u00e4rnamo\"},\"image\":{\"@id\":\"https:\\\/\\\/wp.kristdemokraterna.se\\\/varnamo\\\/#\\\/schema\\\/logo\\\/image\\\/\"},\"sameAs\":[\"https:\\\/\\\/www.facebook.com\\\/KDVarnamo\\\/\",\"https:\\\/\\\/x.com\\\/KDVarnamo\",\"https:\\\/\\\/www.instagram.com\\\/\",\"https:\\\/\\\/www.youtube.com\\\/user\\\/studiokd\\\/videos\"]}]}<\/script>\n<!-- \/ Yoast SEO plugin. -->","yoast_head_json":{"title":"Kristdemokrati - v\u00e5r ideologi och politik - KRISTDEMOKRATERNA V\u00c4RNAMO","robots":{"index":"index","follow":"follow","max-snippet":"max-snippet:-1","max-image-preview":"max-image-preview:large","max-video-preview":"max-video-preview:-1"},"canonical":"https:\/\/wp.kristdemokraterna.se\/varnamo\/om-oss\/kristdemokrati-var-ideologi-och-politik\/","og_locale":"sv_SE","og_type":"article","og_title":"Kristdemokrati - v\u00e5r ideologi och politik - KRISTDEMOKRATERNA V\u00c4RNAMO","og_description":"Kristdemokratins r\u00f6tter Efter 1900-talets brutala krig var Europa och m\u00e4nniskov\u00e4rdet f\u00f6rtrampat under totalit\u00e4ra diktaturers st\u00f6vlar. De gamla ideologierna (liberalismen, konservatismen och socialismen) med sina r\u00f6tter i materialismen hade visat sin of\u00f6rm\u00e5ga att forma m\u00e4nskliga samh\u00e4llen. M\u00e4nniskor l\u00e4ngtade efter demokrati, frihet och m\u00e4nsklig v\u00e4rdighet och misstron mot utopistiska ideologier var h\u00f6g. Behovet av en realistisk politik Read More","og_url":"https:\/\/wp.kristdemokraterna.se\/varnamo\/om-oss\/kristdemokrati-var-ideologi-och-politik\/","og_site_name":"KRISTDEMOKRATERNA V\u00c4RNAMO","article_publisher":"https:\/\/www.facebook.com\/KDVarnamo\/","article_modified_time":"2024-05-15T13:38:07+00:00","og_image":[{"width":1485,"height":681,"url":"https:\/\/wp.kristdemokraterna.se\/varnamo\/files\/2022\/08\/va\u2560ernamo-sida-bla-300dpi.png","type":"image\/png"}],"twitter_card":"summary_large_image","twitter_site":"@KDVarnamo","twitter_misc":{"Ber\u00e4knad l\u00e4stid":"3 minuter"},"schema":{"@context":"https:\/\/schema.org","@graph":[{"@type":"WebPage","@id":"https:\/\/wp.kristdemokraterna.se\/varnamo\/om-oss\/kristdemokrati-var-ideologi-och-politik\/","url":"https:\/\/wp.kristdemokraterna.se\/varnamo\/om-oss\/kristdemokrati-var-ideologi-och-politik\/","name":"Kristdemokrati - v\u00e5r ideologi och politik - KRISTDEMOKRATERNA V\u00c4RNAMO","isPartOf":{"@id":"https:\/\/wp.kristdemokraterna.se\/varnamo\/#website"},"primaryImageOfPage":{"@id":"https:\/\/wp.kristdemokraterna.se\/varnamo\/om-oss\/kristdemokrati-var-ideologi-och-politik\/#primaryimage"},"image":{"@id":"https:\/\/wp.kristdemokraterna.se\/varnamo\/om-oss\/kristdemokrati-var-ideologi-och-politik\/#primaryimage"},"thumbnailUrl":"https:\/\/wp.kristdemokraterna.se\/varnamo\/files\/2022\/08\/kd-logo-blue.png","datePublished":"2013-10-16T23:00:44+00:00","dateModified":"2024-05-15T13:38:07+00:00","breadcrumb":{"@id":"https:\/\/wp.kristdemokraterna.se\/varnamo\/om-oss\/kristdemokrati-var-ideologi-och-politik\/#breadcrumb"},"inLanguage":"sv-SE","potentialAction":[{"@type":"ReadAction","target":["https:\/\/wp.kristdemokraterna.se\/varnamo\/om-oss\/kristdemokrati-var-ideologi-och-politik\/"]}]},{"@type":"ImageObject","inLanguage":"sv-SE","@id":"https:\/\/wp.kristdemokraterna.se\/varnamo\/om-oss\/kristdemokrati-var-ideologi-och-politik\/#primaryimage","url":"https:\/\/wp.kristdemokraterna.se\/varnamo\/files\/2022\/08\/kd-logo-blue.png","contentUrl":"https:\/\/wp.kristdemokraterna.se\/varnamo\/files\/2022\/08\/kd-logo-blue.png","width":2000,"height":2000,"caption":"Kristdemokraternas logotyp"},{"@type":"BreadcrumbList","@id":"https:\/\/wp.kristdemokraterna.se\/varnamo\/om-oss\/kristdemokrati-var-ideologi-och-politik\/#breadcrumb","itemListElement":[{"@type":"ListItem","position":1,"name":"Hem","item":"https:\/\/wp.kristdemokraterna.se\/varnamo\/"},{"@type":"ListItem","position":2,"name":"Om oss","item":"https:\/\/wp.kristdemokraterna.se\/varnamo\/om-oss\/"},{"@type":"ListItem","position":3,"name":"Kristdemokrati &#8211; v\u00e5r ideologi och politik"}]},{"@type":"WebSite","@id":"https:\/\/wp.kristdemokraterna.se\/varnamo\/#website","url":"https:\/\/wp.kristdemokraterna.se\/varnamo\/","name":"KRISTDEMOKRATERNA V\u00c4RNAMO","description":"Med hj\u00e4rta f\u00f6r V\u00e4rnamo","publisher":{"@id":"https:\/\/wp.kristdemokraterna.se\/varnamo\/#organization"},"inLanguage":"sv-SE"},{"@type":"Organization","@id":"https:\/\/wp.kristdemokraterna.se\/varnamo\/#organization","name":"Kristdemokraterna V\u00e4rnamo","url":"https:\/\/wp.kristdemokraterna.se\/varnamo\/","logo":{"@type":"ImageObject","inLanguage":"sv-SE","@id":"https:\/\/wp.kristdemokraterna.se\/varnamo\/#\/schema\/logo\/image\/","url":"https:\/\/wp.kristdemokraterna.se\/varnamo\/files\/2022\/08\/va\u2560ernamo-sida-bla-300dpi.png","contentUrl":"https:\/\/wp.kristdemokraterna.se\/varnamo\/files\/2022\/08\/va\u2560ernamo-sida-bla-300dpi.png","width":1485,"height":681,"caption":"Kristdemokraterna V\u00e4rnamo"},"image":{"@id":"https:\/\/wp.kristdemokraterna.se\/varnamo\/#\/schema\/logo\/image\/"},"sameAs":["https:\/\/www.facebook.com\/KDVarnamo\/","https:\/\/x.com\/KDVarnamo","https:\/\/www.instagram.com\/","https:\/\/www.youtube.com\/user\/studiokd\/videos"]}]}},"_links":{"self":[{"href":"https:\/\/wp.kristdemokraterna.se\/varnamo\/wp-json\/wp\/v2\/pages\/2817","targetHints":{"allow":["GET"]}}],"collection":[{"href":"https:\/\/wp.kristdemokraterna.se\/varnamo\/wp-json\/wp\/v2\/pages"}],"about":[{"href":"https:\/\/wp.kristdemokraterna.se\/varnamo\/wp-json\/wp\/v2\/types\/page"}],"author":[{"embeddable":true,"href":"https:\/\/wp.kristdemokraterna.se\/varnamo\/wp-json\/wp\/v2\/users\/412"}],"replies":[{"embeddable":true,"href":"https:\/\/wp.kristdemokraterna.se\/varnamo\/wp-json\/wp\/v2\/comments?post=2817"}],"version-history":[{"count":27,"href":"https:\/\/wp.kristdemokraterna.se\/varnamo\/wp-json\/wp\/v2\/pages\/2817\/revisions"}],"predecessor-version":[{"id":9689,"href":"https:\/\/wp.kristdemokraterna.se\/varnamo\/wp-json\/wp\/v2\/pages\/2817\/revisions\/9689"}],"up":[{"embeddable":true,"href":"https:\/\/wp.kristdemokraterna.se\/varnamo\/wp-json\/wp\/v2\/pages\/2348"}],"wp:featuredmedia":[{"embeddable":true,"href":"https:\/\/wp.kristdemokraterna.se\/varnamo\/wp-json\/wp\/v2\/media\/9638"}],"wp:attachment":[{"href":"https:\/\/wp.kristdemokraterna.se\/varnamo\/wp-json\/wp\/v2\/media?parent=2817"}],"curies":[{"name":"wp","href":"https:\/\/api.w.org\/{rel}","templated":true}]}}