{"id":2927,"date":"2013-10-20T14:58:35","date_gmt":"2013-10-20T12:58:35","guid":{"rendered":"http:\/\/wp.kristdemokraterna.se\/varnamo\/?page_id=2927"},"modified":"2022-08-18T20:25:37","modified_gmt":"2022-08-18T18:25:37","slug":"val","status":"publish","type":"page","link":"https:\/\/wp.kristdemokraterna.se\/varnamo\/val\/","title":{"rendered":"Val"},"content":{"rendered":"<p>Val<\/p>\n<h2>V\u00e5ra valdokument i V\u00e4rnamo kommun<\/h2>\n<p>[<a title=\"Valet 2014\" href=\"http:\/\/wp.kristdemokraterna.se\/varnamo\/val\/val-2014\/\">Val 2014<\/a>] |\u00a0[<a title=\"Valet 2010\" href=\"http:\/\/wp.kristdemokraterna.se\/varnamo\/val\/val-2010\/\">Val 2010<\/a>] |\u00a0[<a title=\"Valet 2006\" href=\"http:\/\/wp.kristdemokraterna.se\/varnamo\/val\/val-2006\/\">Val 2006<\/a>] |\u00a0[<a title=\"Valet 2002\" href=\"http:\/\/wp.kristdemokraterna.se\/varnamo\/val\/val-2002\/\">Val 2002<\/a>] |\u00a0[<a title=\"Valet 1998\" href=\"http:\/\/wp.kristdemokraterna.se\/varnamo\/val\/val-1998\/\">Val 1998<\/a>]<\/p>\n<h2>V\u00e5ra valresultat i V\u00e4rnamo kommun<\/h2>\n<p>Kristdemokraterna har deltagit i valen till V\u00e4rnamo kommunfullm\u00e4ktige sedan 1967, d\u00e5 man lyckades erh\u00e5lla tre mandat. Valresultat tidigare \u00e4n 1973 avser d\u00e5varande V\u00e4rnamo stad.<\/p>\n<h3>Antal r\u00f6ster<\/h3>\n<div id=\"attachment_4055\" style=\"width: 590px\" class=\"wp-caption alignnone\"><a href=\"http:\/\/wp.kristdemokraterna.se\/varnamo\/files\/2013\/12\/valresultat_antal-1.png\"><img loading=\"lazy\" decoding=\"async\" aria-describedby=\"caption-attachment-4055\" class=\" wp-image-4055\" title=\"Stapeldiagram \u00f6ver Kristdemokraternas r\u00f6stantal i V\u00e4rnamo kommun\" src=\"http:\/\/wp.kristdemokraterna.se\/varnamo\/files\/2013\/12\/valresultat_antal-1.png\" alt=\"Stapeldiagram \u00f6ver Kristdemokraternas r\u00f6stantal i V\u00e4rnamo kommun\" width=\"580\" height=\"389\" \/><\/a><p id=\"caption-attachment-4055\" class=\"wp-caption-text\">Stapeldiagram \u00f6ver Kristdemokraternas r\u00f6stantal i V\u00e4rnamo kommun (klicka i diagrammet f\u00f6r att f\u00f6rstora det)<\/p><\/div>\n<h3>Andel r\u00f6ster<\/h3>\n<div id=\"attachment_4054\" style=\"width: 590px\" class=\"wp-caption alignnone\"><a href=\"http:\/\/wp.kristdemokraterna.se\/varnamo\/files\/2013\/12\/valresultat_andel-1.png\"><img loading=\"lazy\" decoding=\"async\" aria-describedby=\"caption-attachment-4054\" class=\" wp-image-4054\" title=\"Stapeldiagram \u00f6ver Kristdemokraternas r\u00f6standel i V\u00e4rnamo kommun\" src=\"http:\/\/wp.kristdemokraterna.se\/varnamo\/files\/2013\/12\/valresultat_andel-1.png\" alt=\"Stapeldiagram \u00f6ver Kristdemokraternas r\u00f6standel i V\u00e4rnamo kommun\" width=\"580\" height=\"389\" \/><\/a><p id=\"caption-attachment-4054\" class=\"wp-caption-text\">Stapeldiagram \u00f6ver Kristdemokraternas r\u00f6standel i V\u00e4rnamo kommun (klicka i diagrammet f\u00f6r att f\u00f6rstora det)<\/p><\/div>\n<h3>Mandat i kommunfullm\u00e4ktige<\/h3>\n<div id=\"attachment_4056\" style=\"width: 590px\" class=\"wp-caption alignnone\"><a href=\"http:\/\/wp.kristdemokraterna.se\/varnamo\/files\/2013\/12\/valresultat_mandat-1.png\"><img loading=\"lazy\" decoding=\"async\" aria-describedby=\"caption-attachment-4056\" class=\" wp-image-4056\" title=\"Stapeldiagram \u00f6ver Kristdemokraternas mandat i V\u00e4rnamo kommun\" src=\"http:\/\/wp.kristdemokraterna.se\/varnamo\/files\/2013\/12\/valresultat_mandat-1.png\" alt=\"Stapeldiagram \u00f6ver Kristdemokraternas mandat i V\u00e4rnamo kommun\" width=\"580\" height=\"389\" \/><\/a><p id=\"caption-attachment-4056\" class=\"wp-caption-text\">Stapeldiagram \u00f6ver Kristdemokraternas mandat i V\u00e4rnamo kommun (klicka i diagrammet f\u00f6r att f\u00f6rstora det)<\/p><\/div>\n<h3>Tabell<\/h3>\n<table border=\"1\" width=\"auto\" cellspacing=\"0\" cellpadding=\"2\">\n<tbody>\n<tr>\n<td width=\"59\" height=\"17\">\u00a0Val\u00e5r<\/td>\n<td colspan=\"3\" width=\"176\">Antal<\/td>\n<td colspan=\"3\" width=\"176\">Procent<\/td>\n<td width=\"59\">Mandat<\/td>\n<\/tr>\n<tr>\n<td height=\"17\"><\/td>\n<td>Riksdag<\/td>\n<td>Landsting<\/td>\n<td>Kommun<\/td>\n<td>Riksdag<\/td>\n<td>Landsting<\/td>\n<td>Kommun<\/td>\n<td>Kommun<\/td>\n<\/tr>\n<tr>\n<td height=\"17\">1967<\/td>\n<td><\/td>\n<td><\/td>\n<td><\/td>\n<td><\/td>\n<td><\/td>\n<td><\/td>\n<td>3<\/td>\n<\/tr>\n<tr>\n<td height=\"17\">1970<\/td>\n<td><\/td>\n<td><\/td>\n<td><\/td>\n<td><\/td>\n<td><\/td>\n<td><\/td>\n<td>3<\/td>\n<\/tr>\n<tr>\n<td height=\"17\">1973<\/td>\n<td>1277<\/td>\n<td>1491<\/td>\n<td>1582<\/td>\n<td>6,80<\/td>\n<td>8,00<\/td>\n<td>8,50<\/td>\n<td>3<\/td>\n<\/tr>\n<tr>\n<td height=\"17\">1976<\/td>\n<td>941<\/td>\n<td>1507<\/td>\n<td>1622<\/td>\n<td>4,70<\/td>\n<td>7,40<\/td>\n<td>7,90<\/td>\n<td>4<\/td>\n<\/tr>\n<tr>\n<td height=\"17\">1979<\/td>\n<td>973<\/td>\n<td>1686<\/td>\n<td>1819<\/td>\n<td>4,80<\/td>\n<td>8,30<\/td>\n<td>8,90<\/td>\n<td>4<\/td>\n<\/tr>\n<tr>\n<td height=\"17\">1982<\/td>\n<td>1440<\/td>\n<td>1949<\/td>\n<td>1953<\/td>\n<td>7,10<\/td>\n<td>9,40<\/td>\n<td>9,40<\/td>\n<td>4<\/td>\n<\/tr>\n<tr>\n<td height=\"17\">1985<\/td>\n<td>1831<\/td>\n<td>1861<\/td>\n<td>1833<\/td>\n<td>8,90<\/td>\n<td>9,00<\/td>\n<td>8,90<\/td>\n<td>4<\/td>\n<\/tr>\n<tr>\n<td height=\"17\">1988<\/td>\n<td>2272<\/td>\n<td>2388<\/td>\n<td>2170<\/td>\n<td>11,30<\/td>\n<td>14,30<\/td>\n<td>14,00<\/td>\n<td>4<\/td>\n<\/tr>\n<tr>\n<td height=\"17\">1991<\/td>\n<td>3531<\/td>\n<td>2462<\/td>\n<td>2829<\/td>\n<td>17,40<\/td>\n<td>17,30<\/td>\n<td>13,90<\/td>\n<td>8<\/td>\n<\/tr>\n<tr>\n<td height=\"17\">1994<\/td>\n<td>2480<\/td>\n<td>2300<\/td>\n<td>2169<\/td>\n<td>12,10<\/td>\n<td>11,40<\/td>\n<td>13,90<\/td>\n<td>7<\/td>\n<\/tr>\n<tr>\n<td height=\"17\">1998<\/td>\n<td>4518<\/td>\n<td>3684<\/td>\n<td>2936<\/td>\n<td>23,50<\/td>\n<td>19,60<\/td>\n<td>15,30<\/td>\n<td>8<\/td>\n<\/tr>\n<tr>\n<td height=\"17\">2002<\/td>\n<td>4029<\/td>\n<td>3618<\/td>\n<td>2936<\/td>\n<td>20,80<\/td>\n<td>19,20<\/td>\n<td>15,30<\/td>\n<td>7<\/td>\n<\/tr>\n<tr>\n<td height=\"17\">2006<\/td>\n<td>3098<\/td>\n<td>2899<\/td>\n<td>2671<\/td>\n<td>15,50<\/td>\n<td>14,91<\/td>\n<td>13,47<\/td>\n<td>7<\/td>\n<\/tr>\n<tr>\n<td height=\"17\">2010<\/td>\n<td>2638<\/td>\n<td>2607<\/td>\n<td>2300<\/td>\n<td>12,56<\/td>\n<td>12,66<\/td>\n<td>11,04<\/td>\n<td>6<\/td>\n<\/tr>\n<tr>\n<td height=\"17\">2014<\/td>\n<td>2134<\/td>\n<td>2657<\/td>\n<td>2311<\/td>\n<td>9,78<\/td>\n<td>12,38<\/td>\n<td>10,67<\/td>\n<td>6<\/td>\n<\/tr>\n<\/tbody>\n<\/table>\n<h2>\u00d6vriga val och folkomr\u00f6stningar sedan 1994<\/h2>\n<p>L\u00e4nkarna leder till sidor som finns p\u00e5 Valmyndighetens eller SCB:s webbplatser.<\/p>\n<p>[<a title=\"L\u00e4nk till Val till Europaparlamentet 2004 p\u00e5 Valmyndighetens hemsida\" href=\"http:\/\/www.val.se\/val\/ep2009\/slutresultat\/kommun\/06\/83\/index.html\" target=\"_blank\" rel=\"noopener\">Val till Europaparlamentet 2009<\/a>]<br \/>\nChrister Fjordevik, V\u00e4rnamo, kandiderade 2009<\/p>\n<p>[<a title=\"L\u00e4nk till Val till Europaparlamentet 2004 p\u00e5 Valmyndighetens hemsida\" href=\"http:\/\/www.val.se\/val\/ep2004\/resultat\/slutresultat\/table_0683K.html\" target=\"_blank\" rel=\"noopener\">Val till Europaparlamentet 2004<\/a>]<\/p>\n<p>[<a title=\"L\u00e4nk till folkomr\u00f6stning om Euron 2003 p\u00e5 Valmyndighetens hemsida\" href=\"http:\/\/www.val.se\/val\/emu2003\/resultat\/slutresultat\/table_0683K.html\" target=\"_blank\" rel=\"noopener\">Folkomr\u00f6stning om Euron 2003<\/a>]<br \/>\nKristdemokraterna var f\u00f6r att Euron skulle inf\u00f6ras som valuta i Sverige<\/p>\n<p>[<a title=\"L\u00e4nk till Val till Europaparlamentet fr\u00e5n och med 2005 p\u00e5 scb:s hemsida\" href=\"http:\/\/www.scb.se\/sv_\/Hitta-statistik\/Statistik-efter-amne\/Demokrati\/Allmanna-val\/Europaparlamentsval-valresultat-\/12376\/2014A01\/\" target=\"_blank\" rel=\"noopener\">Val till Europaparlamentet fr\u00e5n och med 1995<\/a>]<br \/>\nChrister Fjordevik, V\u00e4rnamo, kandiderade 1999<\/p>\n<p>[<a title=\"L\u00e4nk till Folkomr\u00f6stningar genom \u00e5ren p\u00e5 scb:s hemsida\" href=\"http:\/\/www.scb.se\/sv_\/Hitta-statistik\/Statistik-efter-amne\/Demokrati\/Allmanna-val\/Folkomrostningar-valresultat\/76849\/2003A02C\/Tidigare-folkomrostningar\/Folkomrostningar-1922-2003\/\" target=\"_blank\" rel=\"noopener\">Folkomr\u00f6stningar genom \u00e5ren<\/a>]<br \/>\nKristdemokraterna var f\u00f6r ett medlemskap i EU och mot k\u00e4rnkraft (Linje 3)<\/p>\n<hr \/>\n<h2>L\u00e4s mer<\/h2>\n<p>Utf\u00f6rliga resultat fr\u00e5n de senaste kommunfullm\u00e4ktigevalen finns p\u00e5 nedanst\u00e5ende l\u00e4nkar till Valmyndighetens webbplats.<\/p>\n<p>[<a title=\"L\u00e4nk till kommunfullm\u00e4ktigevalet 2010 p\u00e5 Valmyndighetens webbplats\" href=\"http:\/\/www.val.se\/val\/val2014\/slutresultat\/K\/kommun\/06\/83\/index.html\" target=\"_blank\" rel=\"noopener\">Valet 2014<\/a>]<\/p>\n<p>[<a title=\"L\u00e4nk till kommunfullm\u00e4ktigevalet 2010 p\u00e5 Valmyndighetens webbplats\" href=\"http:\/\/www.val.se\/val\/val2010\/slutresultat\/K\/kommun\/06\/83\/index.html\" target=\"_blank\" rel=\"noopener\">Valet 2010<\/a>]<\/p>\n<p>[<a title=\"L\u00e4nk till kommunfullm\u00e4ktigevalet 2006 p\u00e5 Valmyndighetens webbplats\" href=\"http:\/\/www.val.se\/val\/val2006\/slutlig\/K\/kommun\/06\/83\/roster.html\" target=\"_blank\" rel=\"noopener\">Valet 2006<\/a>]<\/p>\n<p>[<a title=\"L\u00e4nk till kommunfullm\u00e4ktigevalet 2002 p\u00e5 Valmyndighetens webbplats\" href=\"http:\/\/www.val.se\/val\/val_02\/slutresultat\/06K\/0683\/0683.html\" target=\"_blank\" rel=\"noopener\">Valet 2002<\/a>]<\/p>\n<p>[<a title=\"L\u00e4nk till kommunfullm\u00e4ktigevalet 1998 p\u00e5 Valmyndighetens webbplats\" href=\"http:\/\/www.val.se\/val\/val_98\/slutres\/kommun\/pmk0683.html\" target=\"_blank\" rel=\"noopener\">Valet 1998<\/a>]<\/p>\n","protected":false},"excerpt":{"rendered":"<p>Val V\u00e5ra valdokument i V\u00e4rnamo kommun [Val 2014] |\u00a0[Val 2010] |\u00a0[Val 2006] |\u00a0[Val 2002] |\u00a0[Val 1998] V\u00e5ra valresultat i V\u00e4rnamo kommun Kristdemokraterna har deltagit i valen till V\u00e4rnamo kommunfullm\u00e4ktige sedan 1967, d\u00e5 man lyckades erh\u00e5lla tre mandat. Valresultat tidigare \u00e4n 1973 avser d\u00e5varande V\u00e4rnamo stad. Antal r\u00f6ster Andel r\u00f6ster Mandat i kommunfullm\u00e4ktige Tabell \u00a0Val\u00e5r Antal <a class=\"read-more-link\" href=\"https:\/\/wp.kristdemokraterna.se\/varnamo\/val\/\">Read More<\/a><\/p>\n","protected":false},"author":412,"featured_media":9638,"parent":0,"menu_order":0,"comment_status":"closed","ping_status":"closed","template":"","meta":{"_acf_changed":false,"footnotes":""},"class_list":["post-2927","page","type-page","status-publish","hentry"],"acf":[],"yoast_head":"<!-- This site is optimized with the Yoast SEO plugin v27.3 - https:\/\/yoast.com\/product\/yoast-seo-wordpress\/ -->\n<title>Val - KRISTDEMOKRATERNA V\u00c4RNAMO<\/title>\n<meta name=\"description\" content=\"P\u00e5 denna sida kan du hitta valdokument och valresultat f\u00f6r Kristdemokraterna V\u00e4rnamo fr\u00e5n \u00e5r 1967 och fram\u00e5t.\" \/>\n<meta name=\"robots\" content=\"index, follow, max-snippet:-1, max-image-preview:large, max-video-preview:-1\" \/>\n<link rel=\"canonical\" href=\"https:\/\/wp.kristdemokraterna.se\/varnamo\/val\/\" \/>\n<meta property=\"og:locale\" content=\"sv_SE\" \/>\n<meta property=\"og:type\" content=\"article\" \/>\n<meta property=\"og:title\" content=\"Val - KRISTDEMOKRATERNA V\u00c4RNAMO\" \/>\n<meta property=\"og:description\" content=\"P\u00e5 denna sida kan du hitta valdokument och valresultat f\u00f6r Kristdemokraterna V\u00e4rnamo fr\u00e5n \u00e5r 1967 och fram\u00e5t.\" \/>\n<meta property=\"og:url\" content=\"https:\/\/wp.kristdemokraterna.se\/varnamo\/val\/\" \/>\n<meta property=\"og:site_name\" content=\"KRISTDEMOKRATERNA V\u00c4RNAMO\" \/>\n<meta property=\"article:publisher\" content=\"https:\/\/www.facebook.com\/KDVarnamo\/\" \/>\n<meta property=\"article:modified_time\" content=\"2022-08-18T18:25:37+00:00\" \/>\n<meta property=\"og:image\" content=\"http:\/\/wp.kristdemokraterna.se\/varnamo\/files\/2013\/12\/valresultat_antal-1.png\" \/>\n<meta name=\"twitter:card\" content=\"summary_large_image\" \/>\n<meta name=\"twitter:site\" content=\"@KDVarnamo\" \/>\n<meta name=\"twitter:label1\" content=\"Ber\u00e4knad l\u00e4stid\" \/>\n\t<meta name=\"twitter:data1\" content=\"1 minut\" \/>\n<script type=\"application\/ld+json\" class=\"yoast-schema-graph\">{\"@context\":\"https:\\\/\\\/schema.org\",\"@graph\":[{\"@type\":\"WebPage\",\"@id\":\"https:\\\/\\\/wp.kristdemokraterna.se\\\/varnamo\\\/val\\\/\",\"url\":\"https:\\\/\\\/wp.kristdemokraterna.se\\\/varnamo\\\/val\\\/\",\"name\":\"Val - KRISTDEMOKRATERNA V\u00c4RNAMO\",\"isPartOf\":{\"@id\":\"https:\\\/\\\/wp.kristdemokraterna.se\\\/varnamo\\\/#website\"},\"primaryImageOfPage\":{\"@id\":\"https:\\\/\\\/wp.kristdemokraterna.se\\\/varnamo\\\/val\\\/#primaryimage\"},\"image\":{\"@id\":\"https:\\\/\\\/wp.kristdemokraterna.se\\\/varnamo\\\/val\\\/#primaryimage\"},\"thumbnailUrl\":\"https:\\\/\\\/wp.kristdemokraterna.se\\\/varnamo\\\/files\\\/2022\\\/08\\\/kd-logo-blue.png\",\"datePublished\":\"2013-10-20T12:58:35+00:00\",\"dateModified\":\"2022-08-18T18:25:37+00:00\",\"description\":\"P\u00e5 denna sida kan du hitta valdokument och valresultat f\u00f6r Kristdemokraterna V\u00e4rnamo fr\u00e5n \u00e5r 1967 och fram\u00e5t.\",\"breadcrumb\":{\"@id\":\"https:\\\/\\\/wp.kristdemokraterna.se\\\/varnamo\\\/val\\\/#breadcrumb\"},\"inLanguage\":\"sv-SE\",\"potentialAction\":[{\"@type\":\"ReadAction\",\"target\":[\"https:\\\/\\\/wp.kristdemokraterna.se\\\/varnamo\\\/val\\\/\"]}]},{\"@type\":\"ImageObject\",\"inLanguage\":\"sv-SE\",\"@id\":\"https:\\\/\\\/wp.kristdemokraterna.se\\\/varnamo\\\/val\\\/#primaryimage\",\"url\":\"https:\\\/\\\/wp.kristdemokraterna.se\\\/varnamo\\\/files\\\/2022\\\/08\\\/kd-logo-blue.png\",\"contentUrl\":\"https:\\\/\\\/wp.kristdemokraterna.se\\\/varnamo\\\/files\\\/2022\\\/08\\\/kd-logo-blue.png\",\"width\":2000,\"height\":2000,\"caption\":\"Kristdemokraternas logotyp\"},{\"@type\":\"BreadcrumbList\",\"@id\":\"https:\\\/\\\/wp.kristdemokraterna.se\\\/varnamo\\\/val\\\/#breadcrumb\",\"itemListElement\":[{\"@type\":\"ListItem\",\"position\":1,\"name\":\"Hem\",\"item\":\"https:\\\/\\\/wp.kristdemokraterna.se\\\/varnamo\\\/\"},{\"@type\":\"ListItem\",\"position\":2,\"name\":\"Val\"}]},{\"@type\":\"WebSite\",\"@id\":\"https:\\\/\\\/wp.kristdemokraterna.se\\\/varnamo\\\/#website\",\"url\":\"https:\\\/\\\/wp.kristdemokraterna.se\\\/varnamo\\\/\",\"name\":\"KRISTDEMOKRATERNA V\u00c4RNAMO\",\"description\":\"Med hj\u00e4rta f\u00f6r V\u00e4rnamo\",\"publisher\":{\"@id\":\"https:\\\/\\\/wp.kristdemokraterna.se\\\/varnamo\\\/#organization\"},\"inLanguage\":\"sv-SE\"},{\"@type\":\"Organization\",\"@id\":\"https:\\\/\\\/wp.kristdemokraterna.se\\\/varnamo\\\/#organization\",\"name\":\"Kristdemokraterna V\u00e4rnamo\",\"url\":\"https:\\\/\\\/wp.kristdemokraterna.se\\\/varnamo\\\/\",\"logo\":{\"@type\":\"ImageObject\",\"inLanguage\":\"sv-SE\",\"@id\":\"https:\\\/\\\/wp.kristdemokraterna.se\\\/varnamo\\\/#\\\/schema\\\/logo\\\/image\\\/\",\"url\":\"https:\\\/\\\/wp.kristdemokraterna.se\\\/varnamo\\\/files\\\/2022\\\/08\\\/va\u2560ernamo-sida-bla-300dpi.png\",\"contentUrl\":\"https:\\\/\\\/wp.kristdemokraterna.se\\\/varnamo\\\/files\\\/2022\\\/08\\\/va\u2560ernamo-sida-bla-300dpi.png\",\"width\":1485,\"height\":681,\"caption\":\"Kristdemokraterna V\u00e4rnamo\"},\"image\":{\"@id\":\"https:\\\/\\\/wp.kristdemokraterna.se\\\/varnamo\\\/#\\\/schema\\\/logo\\\/image\\\/\"},\"sameAs\":[\"https:\\\/\\\/www.facebook.com\\\/KDVarnamo\\\/\",\"https:\\\/\\\/x.com\\\/KDVarnamo\",\"https:\\\/\\\/www.instagram.com\\\/\",\"https:\\\/\\\/www.youtube.com\\\/user\\\/studiokd\\\/videos\"]}]}<\/script>\n<!-- \/ Yoast SEO plugin. -->","yoast_head_json":{"title":"Val - KRISTDEMOKRATERNA V\u00c4RNAMO","description":"P\u00e5 denna sida kan du hitta valdokument och valresultat f\u00f6r Kristdemokraterna V\u00e4rnamo fr\u00e5n \u00e5r 1967 och fram\u00e5t.","robots":{"index":"index","follow":"follow","max-snippet":"max-snippet:-1","max-image-preview":"max-image-preview:large","max-video-preview":"max-video-preview:-1"},"canonical":"https:\/\/wp.kristdemokraterna.se\/varnamo\/val\/","og_locale":"sv_SE","og_type":"article","og_title":"Val - KRISTDEMOKRATERNA V\u00c4RNAMO","og_description":"P\u00e5 denna sida kan du hitta valdokument och valresultat f\u00f6r Kristdemokraterna V\u00e4rnamo fr\u00e5n \u00e5r 1967 och fram\u00e5t.","og_url":"https:\/\/wp.kristdemokraterna.se\/varnamo\/val\/","og_site_name":"KRISTDEMOKRATERNA V\u00c4RNAMO","article_publisher":"https:\/\/www.facebook.com\/KDVarnamo\/","article_modified_time":"2022-08-18T18:25:37+00:00","og_image":[{"url":"http:\/\/wp.kristdemokraterna.se\/varnamo\/files\/2013\/12\/valresultat_antal-1.png","type":"","width":"","height":""}],"twitter_card":"summary_large_image","twitter_site":"@KDVarnamo","twitter_misc":{"Ber\u00e4knad l\u00e4stid":"1 minut"},"schema":{"@context":"https:\/\/schema.org","@graph":[{"@type":"WebPage","@id":"https:\/\/wp.kristdemokraterna.se\/varnamo\/val\/","url":"https:\/\/wp.kristdemokraterna.se\/varnamo\/val\/","name":"Val - KRISTDEMOKRATERNA V\u00c4RNAMO","isPartOf":{"@id":"https:\/\/wp.kristdemokraterna.se\/varnamo\/#website"},"primaryImageOfPage":{"@id":"https:\/\/wp.kristdemokraterna.se\/varnamo\/val\/#primaryimage"},"image":{"@id":"https:\/\/wp.kristdemokraterna.se\/varnamo\/val\/#primaryimage"},"thumbnailUrl":"https:\/\/wp.kristdemokraterna.se\/varnamo\/files\/2022\/08\/kd-logo-blue.png","datePublished":"2013-10-20T12:58:35+00:00","dateModified":"2022-08-18T18:25:37+00:00","description":"P\u00e5 denna sida kan du hitta valdokument och valresultat f\u00f6r Kristdemokraterna V\u00e4rnamo fr\u00e5n \u00e5r 1967 och fram\u00e5t.","breadcrumb":{"@id":"https:\/\/wp.kristdemokraterna.se\/varnamo\/val\/#breadcrumb"},"inLanguage":"sv-SE","potentialAction":[{"@type":"ReadAction","target":["https:\/\/wp.kristdemokraterna.se\/varnamo\/val\/"]}]},{"@type":"ImageObject","inLanguage":"sv-SE","@id":"https:\/\/wp.kristdemokraterna.se\/varnamo\/val\/#primaryimage","url":"https:\/\/wp.kristdemokraterna.se\/varnamo\/files\/2022\/08\/kd-logo-blue.png","contentUrl":"https:\/\/wp.kristdemokraterna.se\/varnamo\/files\/2022\/08\/kd-logo-blue.png","width":2000,"height":2000,"caption":"Kristdemokraternas logotyp"},{"@type":"BreadcrumbList","@id":"https:\/\/wp.kristdemokraterna.se\/varnamo\/val\/#breadcrumb","itemListElement":[{"@type":"ListItem","position":1,"name":"Hem","item":"https:\/\/wp.kristdemokraterna.se\/varnamo\/"},{"@type":"ListItem","position":2,"name":"Val"}]},{"@type":"WebSite","@id":"https:\/\/wp.kristdemokraterna.se\/varnamo\/#website","url":"https:\/\/wp.kristdemokraterna.se\/varnamo\/","name":"KRISTDEMOKRATERNA V\u00c4RNAMO","description":"Med hj\u00e4rta f\u00f6r V\u00e4rnamo","publisher":{"@id":"https:\/\/wp.kristdemokraterna.se\/varnamo\/#organization"},"inLanguage":"sv-SE"},{"@type":"Organization","@id":"https:\/\/wp.kristdemokraterna.se\/varnamo\/#organization","name":"Kristdemokraterna V\u00e4rnamo","url":"https:\/\/wp.kristdemokraterna.se\/varnamo\/","logo":{"@type":"ImageObject","inLanguage":"sv-SE","@id":"https:\/\/wp.kristdemokraterna.se\/varnamo\/#\/schema\/logo\/image\/","url":"https:\/\/wp.kristdemokraterna.se\/varnamo\/files\/2022\/08\/va\u2560ernamo-sida-bla-300dpi.png","contentUrl":"https:\/\/wp.kristdemokraterna.se\/varnamo\/files\/2022\/08\/va\u2560ernamo-sida-bla-300dpi.png","width":1485,"height":681,"caption":"Kristdemokraterna V\u00e4rnamo"},"image":{"@id":"https:\/\/wp.kristdemokraterna.se\/varnamo\/#\/schema\/logo\/image\/"},"sameAs":["https:\/\/www.facebook.com\/KDVarnamo\/","https:\/\/x.com\/KDVarnamo","https:\/\/www.instagram.com\/","https:\/\/www.youtube.com\/user\/studiokd\/videos"]}]}},"_links":{"self":[{"href":"https:\/\/wp.kristdemokraterna.se\/varnamo\/wp-json\/wp\/v2\/pages\/2927","targetHints":{"allow":["GET"]}}],"collection":[{"href":"https:\/\/wp.kristdemokraterna.se\/varnamo\/wp-json\/wp\/v2\/pages"}],"about":[{"href":"https:\/\/wp.kristdemokraterna.se\/varnamo\/wp-json\/wp\/v2\/types\/page"}],"author":[{"embeddable":true,"href":"https:\/\/wp.kristdemokraterna.se\/varnamo\/wp-json\/wp\/v2\/users\/412"}],"replies":[{"embeddable":true,"href":"https:\/\/wp.kristdemokraterna.se\/varnamo\/wp-json\/wp\/v2\/comments?post=2927"}],"version-history":[{"count":27,"href":"https:\/\/wp.kristdemokraterna.se\/varnamo\/wp-json\/wp\/v2\/pages\/2927\/revisions"}],"predecessor-version":[{"id":9642,"href":"https:\/\/wp.kristdemokraterna.se\/varnamo\/wp-json\/wp\/v2\/pages\/2927\/revisions\/9642"}],"wp:featuredmedia":[{"embeddable":true,"href":"https:\/\/wp.kristdemokraterna.se\/varnamo\/wp-json\/wp\/v2\/media\/9638"}],"wp:attachment":[{"href":"https:\/\/wp.kristdemokraterna.se\/varnamo\/wp-json\/wp\/v2\/media?parent=2927"}],"curies":[{"name":"wp","href":"https:\/\/api.w.org\/{rel}","templated":true}]}}