{"id":3691,"date":"2013-11-27T22:49:52","date_gmt":"2013-11-27T21:49:52","guid":{"rendered":"http:\/\/wp.kristdemokraterna.se\/varnamo\/?page_id=3691"},"modified":"2022-08-14T16:22:51","modified_gmt":"2022-08-14T14:22:51","slug":"medlemsbrevet-vitsippan","status":"publish","type":"page","link":"https:\/\/wp.kristdemokraterna.se\/varnamo\/om-oss\/medlemsbrevet-vitsippan\/","title":{"rendered":"Medlemsbrevet Vitsippan"},"content":{"rendered":"<h2>Medlemsbrevet Vitsippan<\/h2>\n<p>Medlemsbrevet Vitsippan \u00e4r v\u00e5rt informationsblad till alla medlemmar. Det inneh\u00e5ller information b\u00e5de fr\u00e5n partiavdelningen i V\u00e4rnamo kommun och fr\u00e5n partidistriktet i J\u00f6nk\u00f6pings l\u00e4n.<\/p>\n<h3>2022<\/h3>\n<ul>\n<li><a href=\"http:\/\/wp.kristdemokraterna.se\/varnamo\/files\/2022\/08\/vitsippan_202208.pdf\">Vitsippan_202208<\/a><\/li>\n<li><a href=\"http:\/\/wp.kristdemokraterna.se\/varnamo\/files\/2022\/08\/vitsippan_202205.pdf\">Vitsippan_202205<\/a><\/li>\n<li><a href=\"http:\/\/wp.kristdemokraterna.se\/varnamo\/files\/2022\/08\/vitsippan_202203.pdf\">Vitsippan_202203<\/a><\/li>\n<\/ul>\n<h3>2021<\/h3>\n<ul>\n<li><a href=\"http:\/\/wp.kristdemokraterna.se\/varnamo\/files\/2022\/08\/vitsippan_202112.pdf\">Vitsippan_202112<\/a><\/li>\n<li><a href=\"http:\/\/wp.kristdemokraterna.se\/varnamo\/files\/2022\/08\/vitsippan_202111.pdf\">Vitsippan_202111<\/a><\/li>\n<li><a href=\"http:\/\/wp.kristdemokraterna.se\/varnamo\/files\/2021\/08\/vitsippan_202108.pdf\">Vitsippan_202108<\/a><\/li>\n<li><a href=\"http:\/\/wp.kristdemokraterna.se\/varnamo\/files\/2022\/08\/vitsippan_202106.pdf\">Vitsippan_202106<\/a><\/li>\n<li><a href=\"http:\/\/wp.kristdemokraterna.se\/varnamo\/files\/2022\/08\/vitsippan_202103.pdf\">Vitsippan_202103<\/a><\/li>\n<\/ul>\n<h3>2020<\/h3>\n<ul>\n<li><a href=\"http:\/\/wp.kristdemokraterna.se\/varnamo\/files\/2021\/01\/vitsippan_202012.pdf\">Vitsippan_202012<\/a><\/li>\n<li><a href=\"http:\/\/wp.kristdemokraterna.se\/varnamo\/files\/2021\/01\/vitsippan_202009.pdf\">Vitsippan_202009<\/a><\/li>\n<\/ul>\n<h3>2019<\/h3>\n<ul>\n<li><a href=\"https:\/\/wp.kristdemokraterna.se\/varnamo\/files\/2021\/01\/vitsippan_201912.pdf\">Vitsippan_201912<\/a><\/li>\n<li><a href=\"https:\/\/wp.kristdemokraterna.se\/varnamo\/files\/2019\/10\/vitsippan_201910.pdf\">Vitsippan_201910<\/a><\/li>\n<li><a href=\"https:\/\/wp.kristdemokraterna.se\/varnamo\/files\/2019\/10\/vitsippan_201905.pdf\">Vitsippan_201905<\/a><\/li>\n<li><a href=\"https:\/\/wp.kristdemokraterna.se\/varnamo\/files\/2019\/10\/vitsippan_201903.pdf\">Vitsippan_201903<\/a><\/li>\n<\/ul>\n<h3>2018<\/h3>\n<ul>\n<li><a href=\"https:\/\/wp.kristdemokraterna.se\/varnamo\/files\/2019\/01\/vitsippan_201812.pdf\" target=\"_blank\" rel=\"noopener noreferrer\">Vitsippan_201812<\/a><\/li>\n<li><a href=\"https:\/\/wp.kristdemokraterna.se\/varnamo\/files\/2018\/08\/vitsippan_201808.pdf\" target=\"_blank\" rel=\"noopener noreferrer\">Vitsippan_201808<\/a><\/li>\n<li><a href=\"https:\/\/wp.kristdemokraterna.se\/varnamo\/files\/2018\/05\/vitsippan_201805.pdf\" target=\"_blank\" rel=\"noopener noreferrer\">Vitsippan_201805<\/a><\/li>\n<li><a href=\"https:\/\/wp.kristdemokraterna.se\/varnamo\/files\/2018\/02\/vitsippan_201802.pdf\" target=\"_blank\" rel=\"noopener noreferrer\">Vitsippan_201802<\/a><\/li>\n<\/ul>\n<h3>2017<\/h3>\n<ul>\n<li><a href=\"https:\/\/wp.kristdemokraterna.se\/varnamo\/files\/2017\/12\/vitsippan_201712.pdf\" target=\"_blank\" rel=\"noopener noreferrer\">Vitsippan_201712<\/a><\/li>\n<li><a href=\"https:\/\/wp.kristdemokraterna.se\/varnamo\/files\/2017\/10\/vitsippan_201710.pdf\" target=\"_blank\" rel=\"noopener noreferrer\">Vitsippan_201710<\/a><\/li>\n<li><a href=\"https:\/\/wp.kristdemokraterna.se\/varnamo\/files\/2017\/08\/vitsippan_201706.pdf\" target=\"_blank\" rel=\"noopener noreferrer\">Vitsippan_201706<\/a><\/li>\n<li><a href=\"https:\/\/wp.kristdemokraterna.se\/varnamo\/files\/2017\/02\/vitsippan_201702.pdf\" target=\"_blank\" rel=\"noopener noreferrer\">Vitsippan_201702<\/a><\/li>\n<\/ul>\n<h3>2016<\/h3>\n<ul>\n<li><a href=\"https:\/\/wp.kristdemokraterna.se\/varnamo\/files\/2016\/12\/vitsippan_201612.pdf\" target=\"_blank\" rel=\"noopener noreferrer\">vitsippan-201612<\/a><\/li>\n<li><a href=\"https:\/\/wp.kristdemokraterna.se\/varnamo\/files\/2016\/10\/vitsippan_201610.pdf\" target=\"_blank\" rel=\"noopener noreferrer\">Vitsippan-201610<\/a><\/li>\n<li><a href=\"https:\/\/wp.kristdemokraterna.se\/varnamo\/files\/2016\/05\/vitsippan_201605.pdf\" target=\"_blank\" rel=\"noopener noreferrer\">Vitsippan_201605<\/a><\/li>\n<li><a href=\"https:\/\/wp.kristdemokraterna.se\/varnamo\/files\/2016\/01\/vitsippan_201601.pdf\" target=\"_blank\" rel=\"noopener noreferrer\">Vitsippan_201601<\/a><\/li>\n<\/ul>\n<h3>2015<\/h3>\n<ul>\n<li><a href=\"https:\/\/wp.kristdemokraterna.se\/varnamo\/files\/2015\/11\/vitsippan_201510.pdf\" target=\"_blank\" rel=\"noopener noreferrer\">Vitsippan_201510<\/a><\/li>\n<li><a href=\"https:\/\/wp.kristdemokraterna.se\/varnamo\/files\/2015\/07\/vitsippan_201507.pdf\" target=\"_blank\" rel=\"noopener noreferrer\">Vitsippan_201507<\/a><\/li>\n<li><a href=\"https:\/\/wp.kristdemokraterna.se\/varnamo\/files\/2015\/04\/20150504_enkvallomideologiochprincipprogrammet.pdf\" target=\"_blank\" rel=\"noopener noreferrer\">20150504_EnKvallOmIdeologiOchPrincipprogrammet<\/a><\/li>\n<li><a title=\"Vitsippan februari 2015\" href=\"https:\/\/wp.kristdemokraterna.se\/varnamo\/files\/2015\/02\/vitsippan_201502.pdf\" target=\"_blank\" rel=\"noopener noreferrer\">Vitsippan_201502<\/a><\/li>\n<li><a title=\"Vitsippan januari 2015\" href=\"https:\/\/wp.kristdemokraterna.se\/varnamo\/files\/2015\/01\/vitsippan_201501.pdf\" target=\"_blank\" rel=\"noopener noreferrer\">Vitsippan_201501<\/a><\/li>\n<\/ul>\n<h3>2014<\/h3>\n<ul>\n<li><a title=\"Inbjudan till h\u00f6stfest 2014\" href=\"https:\/\/wp.kristdemokraterna.se\/varnamo\/files\/2014\/11\/20141121_hostfest.pdf\" target=\"_blank\" rel=\"noopener noreferrer\">20141121_Hostfest<\/a><\/li>\n<li><a title=\"Vitsippan juni 2014\" href=\"https:\/\/wp.kristdemokraterna.se\/varnamo\/files\/2014\/06\/vitsippan_201406.pdf\" target=\"_blank\" rel=\"noopener noreferrer\">Vitsippan_201406<\/a><\/li>\n<li><a title=\"Vitsippan maj 2014\" href=\"https:\/\/wp.kristdemokraterna.se\/varnamo\/files\/2014\/05\/vitsippan_201405.pdf\" target=\"_blank\" rel=\"noopener noreferrer\">Vitsippan_201405<\/a><\/li>\n<\/ul>\n<h3>2013<\/h3>\n<ul>\n<li><a style=\"font-style: normal\" title=\"Vitsippan december 2013\" href=\"https:\/\/wp.kristdemokraterna.se\/varnamo\/files\/2014\/01\/Vitsippan_201312.pdf\" target=\"_blank\" rel=\"noopener noreferrer\">Vitsippan_201312<\/a><\/li>\n<li><a title=\"Vitsippan oktober 2013\" href=\"https:\/\/wp.kristdemokraterna.se\/varnamo\/files\/2014\/01\/Vitsippan_201310a.pdf\" target=\"_blank\" rel=\"noopener noreferrer\">Vitsippan_201310<\/a><\/li>\n<\/ul>\n<h3>2012<\/h3>\n<ul>\n<li><a style=\"font-style: normal\" title=\"Vitsippan november 2012\" href=\"https:\/\/wp.kristdemokraterna.se\/varnamo\/files\/2013\/11\/Vitsippan_201211.pdf\" target=\"_blank\" rel=\"noopener noreferrer\">Vitsippan_201211<\/a><\/li>\n<li><a style=\"font-style: normal\" title=\"Vitsippan april 2012\" href=\"https:\/\/wp.kristdemokraterna.se\/varnamo\/files\/2013\/11\/Vitsippan_201204.pdf\" target=\"_blank\" rel=\"noopener noreferrer\">Vitsippan_201204<\/a><\/li>\n<\/ul>\n<h2>Medlemsbrev<\/h2>\n<p>Innan Vitsippan hade vi ett eget lokalt medlemsbrev.<\/p>\n<h3>2011<\/h3>\n<ul>\n<li><a style=\"font-style: normal\" title=\"Medlemsbrev 2 2011\" href=\"https:\/\/wp.kristdemokraterna.se\/varnamo\/files\/2013\/11\/Medlemsbrev2011_2.pdf\" target=\"_blank\" rel=\"noopener noreferrer\">Medlemsbrev2011_2<\/a><\/li>\n<li><a style=\"font-style: normal\" title=\"Medlemsbrev 1 2011\" href=\"https:\/\/wp.kristdemokraterna.se\/varnamo\/files\/2013\/11\/Medlemsbrev2011_1.pdf\" target=\"_blank\" rel=\"noopener noreferrer\">Medlemsbrev2011_1<\/a><\/li>\n<\/ul>\n<h3><b>2010<\/b><\/h3>\n<ul>\n<li><a style=\"font-style: normal\" title=\"Medlemsbrev 5 2010\" href=\"https:\/\/wp.kristdemokraterna.se\/varnamo\/files\/2013\/11\/Medlemsbrev2010_5.pdf\" target=\"_blank\" rel=\"noopener noreferrer\">Medlemsbrev2010_5<\/a><\/li>\n<li><a style=\"font-style: normal\" title=\"Medlemsbrev 4 2010\" href=\"https:\/\/wp.kristdemokraterna.se\/varnamo\/files\/2013\/11\/Medlemsbrev2010_4.pdf\" target=\"_blank\" rel=\"noopener noreferrer\">Medlemsbrev2010_4<\/a><\/li>\n<li><a style=\"font-style: normal\" title=\"Medlemsbrev 3 2010\" href=\"https:\/\/wp.kristdemokraterna.se\/varnamo\/files\/2013\/11\/Medlemsbrev2010_3.pdf\" target=\"_blank\" rel=\"noopener noreferrer\">Medlemsbrev2010_3<\/a><\/li>\n<li><a style=\"font-style: normal\" title=\"Medlemsbrev 2 2010\" href=\"https:\/\/wp.kristdemokraterna.se\/varnamo\/files\/2013\/11\/Medlemsbrev2010_2.pdf\" target=\"_blank\" rel=\"noopener noreferrer\">Medlemsbrev2010_2<\/a><\/li>\n<li><a style=\"font-style: normal\" title=\"Medlemsbrev 1 2010\" href=\"https:\/\/wp.kristdemokraterna.se\/varnamo\/files\/2013\/11\/Medlemsbrev2010_1.pdf\" target=\"_blank\" rel=\"noopener noreferrer\">Medlemsbrev2010_1<\/a><\/li>\n<\/ul>\n<h3>2009<\/h3>\n<ul>\n<li><a style=\"font-style: normal\" title=\"Medlemsbrev 2 2009\" href=\"https:\/\/wp.kristdemokraterna.se\/varnamo\/files\/2013\/11\/Medlemsbrev2009_2.pdf\" target=\"_blank\" rel=\"noopener noreferrer\">Medlemsbrev2009_2<\/a><\/li>\n<li><a style=\"font-style: normal\" title=\"Medlemsbrev 1 2009\" href=\"https:\/\/wp.kristdemokraterna.se\/varnamo\/files\/2013\/11\/Medlemsbrev2009_1.pdf\" target=\"_blank\" rel=\"noopener noreferrer\">Medlemsbrev2009_1<\/a><\/li>\n<\/ul>\n<h3>2008<\/h3>\n<ul>\n<li><a style=\"font-style: normal\" title=\"Medlemsbrev 2 2008\" href=\"https:\/\/wp.kristdemokraterna.se\/varnamo\/files\/2013\/11\/Medlemsbrev2008_2.pdf\" target=\"_blank\" rel=\"noopener noreferrer\">Medlemsbrev2008_2<\/a><\/li>\n<li><a style=\"font-style: normal\" title=\"Medlemsbrev 1 2008\" href=\"https:\/\/wp.kristdemokraterna.se\/varnamo\/files\/2013\/11\/Medlemsbrev2008_1.pdf\" target=\"_blank\" rel=\"noopener noreferrer\">Medlemsbrev2008_1<\/a><\/li>\n<\/ul>\n<h3>2007<\/h3>\n<ul>\n<li><a style=\"font-style: normal\" title=\"Medlemsbrev 2 2007\" href=\"https:\/\/wp.kristdemokraterna.se\/varnamo\/files\/2013\/11\/Medlemsbrev2007_2.pdf\" target=\"_blank\" rel=\"noopener noreferrer\">Medlemsbrev2007_2<\/a><\/li>\n<li><a style=\"font-style: normal\" title=\"Medlemsbrev 1 2007\" href=\"https:\/\/wp.kristdemokraterna.se\/varnamo\/files\/2013\/11\/Medlemsbrev2007_1.pdf\" target=\"_blank\" rel=\"noopener noreferrer\">Medlemsbrev2007_1<\/a><\/li>\n<\/ul>\n<h3>2006<\/h3>\n<ul>\n<li><a style=\"font-style: normal\" title=\"Medlemsbrev 3 2006\" href=\"https:\/\/wp.kristdemokraterna.se\/varnamo\/files\/2013\/11\/Medlemsbrev2006_3.pdf\" target=\"_blank\" rel=\"noopener noreferrer\">Medlemsbrev2006_3<\/a><\/li>\n<li><a style=\"font-style: normal\" title=\"Medlemsbrev 2 2006\" href=\"https:\/\/wp.kristdemokraterna.se\/varnamo\/files\/2013\/11\/Medlemsbrev2006_2.pdf\" target=\"_blank\" rel=\"noopener noreferrer\">Medlemsbrev2006_2<\/a><\/li>\n<li><a style=\"font-style: normal\" title=\"Medlemsbrev 1 2006\" href=\"https:\/\/wp.kristdemokraterna.se\/varnamo\/files\/2013\/11\/Medlemsbrev2006_1.pdf\" target=\"_blank\" rel=\"noopener noreferrer\">Medlemsbrev2006_1<\/a><\/li>\n<\/ul>\n<h3>2005<\/h3>\n<ul>\n<li><a style=\"font-style: normal\" title=\"Medlemsbrev 3 2005\" href=\"https:\/\/wp.kristdemokraterna.se\/varnamo\/files\/2013\/11\/Medlemsbrev2005_3.pdf\" target=\"_blank\" rel=\"noopener noreferrer\">Medlemsbrev2005_3<\/a><\/li>\n<li><a style=\"font-style: normal\" title=\"Medlemsbrev 2 2005\" href=\"https:\/\/wp.kristdemokraterna.se\/varnamo\/files\/2013\/11\/Medlemsbrev2005_2.pdf\" target=\"_blank\" rel=\"noopener noreferrer\">Medlemsbrev2005_2<\/a><\/li>\n<li><a style=\"font-style: normal\" title=\"Medlemsbrev 1 2005\" href=\"https:\/\/wp.kristdemokraterna.se\/varnamo\/files\/2013\/11\/Medlemsbrev2005_1.pdf\" target=\"_blank\" rel=\"noopener noreferrer\">Medlemsbrev2005_1<\/a><\/li>\n<\/ul>\n<h3>2004<\/h3>\n<ul>\n<li><a style=\"font-style: normal\" title=\"Medlemsbrev 4 2004\" href=\"https:\/\/wp.kristdemokraterna.se\/varnamo\/files\/2013\/11\/Medlemsbrev2004_4.pdf\" target=\"_blank\" rel=\"noopener noreferrer\">Medlemsbrev2004_4<\/a><\/li>\n<li><a style=\"font-style: normal\" title=\"Medlemsbrev 3 2004\" href=\"https:\/\/wp.kristdemokraterna.se\/varnamo\/files\/2013\/11\/Medlemsbrev2004_3.pdf\" target=\"_blank\" rel=\"noopener noreferrer\">Medlemsbrev2004_3<\/a><\/li>\n<li><a style=\"font-style: normal\" title=\"Medlemsbrev 2 2004\" href=\"https:\/\/wp.kristdemokraterna.se\/varnamo\/files\/2013\/11\/Medlemsbrev2004_2.pdf\" target=\"_blank\" rel=\"noopener noreferrer\">Medlemsbrev2004_2<\/a><\/li>\n<li><a style=\"font-style: normal\" title=\"Medlemsbrev 1 2004\" href=\"https:\/\/wp.kristdemokraterna.se\/varnamo\/files\/2013\/11\/Medlemsbrev2004_1.pdf\" target=\"_blank\" rel=\"noopener noreferrer\">Medlemsbrev2004_1<\/a><\/li>\n<\/ul>\n<h3>2003<\/h3>\n<ul>\n<li><a style=\"font-style: normal\" title=\"Medlemsbrev 1 2003\" href=\"https:\/\/wp.kristdemokraterna.se\/varnamo\/files\/2013\/11\/Medlemsbrev2003_1.pdf\" target=\"_blank\" rel=\"noopener noreferrer\">Medlemsbrev2003_1<\/a><\/li>\n<\/ul>\n","protected":false},"excerpt":{"rendered":"<p>Medlemsbrevet Vitsippan Medlemsbrevet Vitsippan \u00e4r v\u00e5rt informationsblad till alla medlemmar. Det inneh\u00e5ller information b\u00e5de fr\u00e5n partiavdelningen i V\u00e4rnamo kommun och fr\u00e5n partidistriktet i J\u00f6nk\u00f6pings l\u00e4n. 2022 Vitsippan_202208 Vitsippan_202205 Vitsippan_202203 2021 Vitsippan_202112 Vitsippan_202111 Vitsippan_202108 Vitsippan_202106 Vitsippan_202103 2020 Vitsippan_202012 Vitsippan_202009 2019 Vitsippan_201912 Vitsippan_201910 Vitsippan_201905 Vitsippan_201903 2018 Vitsippan_201812 Vitsippan_201808 Vitsippan_201805 Vitsippan_201802 2017 Vitsippan_201712 Vitsippan_201710 Vitsippan_201706 Vitsippan_201702 2016 vitsippan-201612 <a class=\"read-more-link\" href=\"https:\/\/wp.kristdemokraterna.se\/varnamo\/om-oss\/medlemsbrevet-vitsippan\/\">Read More<\/a><\/p>\n","protected":false},"author":412,"featured_media":9638,"parent":2348,"menu_order":0,"comment_status":"closed","ping_status":"closed","template":"","meta":{"_acf_changed":false,"footnotes":""},"class_list":["post-3691","page","type-page","status-publish","hentry"],"acf":[],"yoast_head":"<!-- This site is optimized with the Yoast SEO plugin v27.3 - https:\/\/yoast.com\/product\/yoast-seo-wordpress\/ -->\n<title>Medlemsbrevet Vitsippan - KRISTDEMOKRATERNA V\u00c4RNAMO<\/title>\n<meta name=\"description\" content=\"Medlemsbrevet Vitsippan \u00e4r v\u00e5rt informationsblad till alla medlemmar. Det inneh\u00e5ller information fr\u00e5n partiavdelningen och partidistriktet.\" \/>\n<meta name=\"robots\" content=\"index, follow, max-snippet:-1, max-image-preview:large, max-video-preview:-1\" \/>\n<link rel=\"canonical\" href=\"https:\/\/wp.kristdemokraterna.se\/varnamo\/om-oss\/medlemsbrevet-vitsippan\/\" \/>\n<meta property=\"og:locale\" content=\"sv_SE\" \/>\n<meta property=\"og:type\" content=\"article\" \/>\n<meta property=\"og:title\" content=\"Medlemsbrevet Vitsippan - KRISTDEMOKRATERNA V\u00c4RNAMO\" \/>\n<meta property=\"og:description\" content=\"Medlemsbrevet Vitsippan \u00e4r v\u00e5rt informationsblad till alla medlemmar. Det inneh\u00e5ller information fr\u00e5n partiavdelningen och partidistriktet.\" \/>\n<meta property=\"og:url\" content=\"https:\/\/wp.kristdemokraterna.se\/varnamo\/om-oss\/medlemsbrevet-vitsippan\/\" \/>\n<meta property=\"og:site_name\" content=\"KRISTDEMOKRATERNA V\u00c4RNAMO\" \/>\n<meta property=\"article:publisher\" content=\"https:\/\/www.facebook.com\/KDVarnamo\/\" \/>\n<meta property=\"article:modified_time\" content=\"2022-08-14T14:22:51+00:00\" \/>\n<meta property=\"og:image\" content=\"http:\/\/wp.kristdemokraterna.se\/varnamo\/files\/2022\/08\/vitsippan_innehallsbild.jpg\" \/>\n\t<meta property=\"og:image:width\" content=\"478\" \/>\n\t<meta property=\"og:image:height\" content=\"262\" \/>\n\t<meta property=\"og:image:type\" content=\"image\/jpeg\" \/>\n<meta name=\"twitter:card\" content=\"summary_large_image\" \/>\n<meta name=\"twitter:image\" content=\"https:\/\/wp.kristdemokraterna.se\/varnamo\/files\/2022\/08\/vitsippan_innehallsbild.jpg\" \/>\n<meta name=\"twitter:site\" content=\"@KDVarnamo\" \/>\n<meta name=\"twitter:label1\" content=\"Ber\u00e4knad l\u00e4stid\" \/>\n\t<meta name=\"twitter:data1\" content=\"1 minut\" \/>\n<script type=\"application\/ld+json\" class=\"yoast-schema-graph\">{\"@context\":\"https:\\\/\\\/schema.org\",\"@graph\":[{\"@type\":\"WebPage\",\"@id\":\"https:\\\/\\\/wp.kristdemokraterna.se\\\/varnamo\\\/om-oss\\\/medlemsbrevet-vitsippan\\\/\",\"url\":\"https:\\\/\\\/wp.kristdemokraterna.se\\\/varnamo\\\/om-oss\\\/medlemsbrevet-vitsippan\\\/\",\"name\":\"Medlemsbrevet Vitsippan - KRISTDEMOKRATERNA V\u00c4RNAMO\",\"isPartOf\":{\"@id\":\"https:\\\/\\\/wp.kristdemokraterna.se\\\/varnamo\\\/#website\"},\"primaryImageOfPage\":{\"@id\":\"https:\\\/\\\/wp.kristdemokraterna.se\\\/varnamo\\\/om-oss\\\/medlemsbrevet-vitsippan\\\/#primaryimage\"},\"image\":{\"@id\":\"https:\\\/\\\/wp.kristdemokraterna.se\\\/varnamo\\\/om-oss\\\/medlemsbrevet-vitsippan\\\/#primaryimage\"},\"thumbnailUrl\":\"https:\\\/\\\/wp.kristdemokraterna.se\\\/varnamo\\\/files\\\/2022\\\/08\\\/kd-logo-blue.png\",\"datePublished\":\"2013-11-27T21:49:52+00:00\",\"dateModified\":\"2022-08-14T14:22:51+00:00\",\"description\":\"Medlemsbrevet Vitsippan \u00e4r v\u00e5rt informationsblad till alla medlemmar. Det inneh\u00e5ller information fr\u00e5n partiavdelningen och partidistriktet.\",\"breadcrumb\":{\"@id\":\"https:\\\/\\\/wp.kristdemokraterna.se\\\/varnamo\\\/om-oss\\\/medlemsbrevet-vitsippan\\\/#breadcrumb\"},\"inLanguage\":\"sv-SE\",\"potentialAction\":[{\"@type\":\"ReadAction\",\"target\":[\"https:\\\/\\\/wp.kristdemokraterna.se\\\/varnamo\\\/om-oss\\\/medlemsbrevet-vitsippan\\\/\"]}]},{\"@type\":\"ImageObject\",\"inLanguage\":\"sv-SE\",\"@id\":\"https:\\\/\\\/wp.kristdemokraterna.se\\\/varnamo\\\/om-oss\\\/medlemsbrevet-vitsippan\\\/#primaryimage\",\"url\":\"https:\\\/\\\/wp.kristdemokraterna.se\\\/varnamo\\\/files\\\/2022\\\/08\\\/kd-logo-blue.png\",\"contentUrl\":\"https:\\\/\\\/wp.kristdemokraterna.se\\\/varnamo\\\/files\\\/2022\\\/08\\\/kd-logo-blue.png\",\"width\":2000,\"height\":2000,\"caption\":\"Kristdemokraternas logotyp\"},{\"@type\":\"BreadcrumbList\",\"@id\":\"https:\\\/\\\/wp.kristdemokraterna.se\\\/varnamo\\\/om-oss\\\/medlemsbrevet-vitsippan\\\/#breadcrumb\",\"itemListElement\":[{\"@type\":\"ListItem\",\"position\":1,\"name\":\"Hem\",\"item\":\"https:\\\/\\\/wp.kristdemokraterna.se\\\/varnamo\\\/\"},{\"@type\":\"ListItem\",\"position\":2,\"name\":\"Om oss\",\"item\":\"https:\\\/\\\/wp.kristdemokraterna.se\\\/varnamo\\\/om-oss\\\/\"},{\"@type\":\"ListItem\",\"position\":3,\"name\":\"Medlemsbrevet Vitsippan\"}]},{\"@type\":\"WebSite\",\"@id\":\"https:\\\/\\\/wp.kristdemokraterna.se\\\/varnamo\\\/#website\",\"url\":\"https:\\\/\\\/wp.kristdemokraterna.se\\\/varnamo\\\/\",\"name\":\"KRISTDEMOKRATERNA V\u00c4RNAMO\",\"description\":\"Med hj\u00e4rta f\u00f6r V\u00e4rnamo\",\"publisher\":{\"@id\":\"https:\\\/\\\/wp.kristdemokraterna.se\\\/varnamo\\\/#organization\"},\"inLanguage\":\"sv-SE\"},{\"@type\":\"Organization\",\"@id\":\"https:\\\/\\\/wp.kristdemokraterna.se\\\/varnamo\\\/#organization\",\"name\":\"Kristdemokraterna V\u00e4rnamo\",\"url\":\"https:\\\/\\\/wp.kristdemokraterna.se\\\/varnamo\\\/\",\"logo\":{\"@type\":\"ImageObject\",\"inLanguage\":\"sv-SE\",\"@id\":\"https:\\\/\\\/wp.kristdemokraterna.se\\\/varnamo\\\/#\\\/schema\\\/logo\\\/image\\\/\",\"url\":\"https:\\\/\\\/wp.kristdemokraterna.se\\\/varnamo\\\/files\\\/2022\\\/08\\\/va\u2560ernamo-sida-bla-300dpi.png\",\"contentUrl\":\"https:\\\/\\\/wp.kristdemokraterna.se\\\/varnamo\\\/files\\\/2022\\\/08\\\/va\u2560ernamo-sida-bla-300dpi.png\",\"width\":1485,\"height\":681,\"caption\":\"Kristdemokraterna V\u00e4rnamo\"},\"image\":{\"@id\":\"https:\\\/\\\/wp.kristdemokraterna.se\\\/varnamo\\\/#\\\/schema\\\/logo\\\/image\\\/\"},\"sameAs\":[\"https:\\\/\\\/www.facebook.com\\\/KDVarnamo\\\/\",\"https:\\\/\\\/x.com\\\/KDVarnamo\",\"https:\\\/\\\/www.instagram.com\\\/\",\"https:\\\/\\\/www.youtube.com\\\/user\\\/studiokd\\\/videos\"]}]}<\/script>\n<!-- \/ Yoast SEO plugin. -->","yoast_head_json":{"title":"Medlemsbrevet Vitsippan - KRISTDEMOKRATERNA V\u00c4RNAMO","description":"Medlemsbrevet Vitsippan \u00e4r v\u00e5rt informationsblad till alla medlemmar. Det inneh\u00e5ller information fr\u00e5n partiavdelningen och partidistriktet.","robots":{"index":"index","follow":"follow","max-snippet":"max-snippet:-1","max-image-preview":"max-image-preview:large","max-video-preview":"max-video-preview:-1"},"canonical":"https:\/\/wp.kristdemokraterna.se\/varnamo\/om-oss\/medlemsbrevet-vitsippan\/","og_locale":"sv_SE","og_type":"article","og_title":"Medlemsbrevet Vitsippan - KRISTDEMOKRATERNA V\u00c4RNAMO","og_description":"Medlemsbrevet Vitsippan \u00e4r v\u00e5rt informationsblad till alla medlemmar. Det inneh\u00e5ller information fr\u00e5n partiavdelningen och partidistriktet.","og_url":"https:\/\/wp.kristdemokraterna.se\/varnamo\/om-oss\/medlemsbrevet-vitsippan\/","og_site_name":"KRISTDEMOKRATERNA V\u00c4RNAMO","article_publisher":"https:\/\/www.facebook.com\/KDVarnamo\/","article_modified_time":"2022-08-14T14:22:51+00:00","og_image":[{"width":478,"height":262,"url":"http:\/\/wp.kristdemokraterna.se\/varnamo\/files\/2022\/08\/vitsippan_innehallsbild.jpg","type":"image\/jpeg"}],"twitter_card":"summary_large_image","twitter_image":"https:\/\/wp.kristdemokraterna.se\/varnamo\/files\/2022\/08\/vitsippan_innehallsbild.jpg","twitter_site":"@KDVarnamo","twitter_misc":{"Ber\u00e4knad l\u00e4stid":"1 minut"},"schema":{"@context":"https:\/\/schema.org","@graph":[{"@type":"WebPage","@id":"https:\/\/wp.kristdemokraterna.se\/varnamo\/om-oss\/medlemsbrevet-vitsippan\/","url":"https:\/\/wp.kristdemokraterna.se\/varnamo\/om-oss\/medlemsbrevet-vitsippan\/","name":"Medlemsbrevet Vitsippan - KRISTDEMOKRATERNA V\u00c4RNAMO","isPartOf":{"@id":"https:\/\/wp.kristdemokraterna.se\/varnamo\/#website"},"primaryImageOfPage":{"@id":"https:\/\/wp.kristdemokraterna.se\/varnamo\/om-oss\/medlemsbrevet-vitsippan\/#primaryimage"},"image":{"@id":"https:\/\/wp.kristdemokraterna.se\/varnamo\/om-oss\/medlemsbrevet-vitsippan\/#primaryimage"},"thumbnailUrl":"https:\/\/wp.kristdemokraterna.se\/varnamo\/files\/2022\/08\/kd-logo-blue.png","datePublished":"2013-11-27T21:49:52+00:00","dateModified":"2022-08-14T14:22:51+00:00","description":"Medlemsbrevet Vitsippan \u00e4r v\u00e5rt informationsblad till alla medlemmar. Det inneh\u00e5ller information fr\u00e5n partiavdelningen och partidistriktet.","breadcrumb":{"@id":"https:\/\/wp.kristdemokraterna.se\/varnamo\/om-oss\/medlemsbrevet-vitsippan\/#breadcrumb"},"inLanguage":"sv-SE","potentialAction":[{"@type":"ReadAction","target":["https:\/\/wp.kristdemokraterna.se\/varnamo\/om-oss\/medlemsbrevet-vitsippan\/"]}]},{"@type":"ImageObject","inLanguage":"sv-SE","@id":"https:\/\/wp.kristdemokraterna.se\/varnamo\/om-oss\/medlemsbrevet-vitsippan\/#primaryimage","url":"https:\/\/wp.kristdemokraterna.se\/varnamo\/files\/2022\/08\/kd-logo-blue.png","contentUrl":"https:\/\/wp.kristdemokraterna.se\/varnamo\/files\/2022\/08\/kd-logo-blue.png","width":2000,"height":2000,"caption":"Kristdemokraternas logotyp"},{"@type":"BreadcrumbList","@id":"https:\/\/wp.kristdemokraterna.se\/varnamo\/om-oss\/medlemsbrevet-vitsippan\/#breadcrumb","itemListElement":[{"@type":"ListItem","position":1,"name":"Hem","item":"https:\/\/wp.kristdemokraterna.se\/varnamo\/"},{"@type":"ListItem","position":2,"name":"Om oss","item":"https:\/\/wp.kristdemokraterna.se\/varnamo\/om-oss\/"},{"@type":"ListItem","position":3,"name":"Medlemsbrevet Vitsippan"}]},{"@type":"WebSite","@id":"https:\/\/wp.kristdemokraterna.se\/varnamo\/#website","url":"https:\/\/wp.kristdemokraterna.se\/varnamo\/","name":"KRISTDEMOKRATERNA V\u00c4RNAMO","description":"Med hj\u00e4rta f\u00f6r V\u00e4rnamo","publisher":{"@id":"https:\/\/wp.kristdemokraterna.se\/varnamo\/#organization"},"inLanguage":"sv-SE"},{"@type":"Organization","@id":"https:\/\/wp.kristdemokraterna.se\/varnamo\/#organization","name":"Kristdemokraterna V\u00e4rnamo","url":"https:\/\/wp.kristdemokraterna.se\/varnamo\/","logo":{"@type":"ImageObject","inLanguage":"sv-SE","@id":"https:\/\/wp.kristdemokraterna.se\/varnamo\/#\/schema\/logo\/image\/","url":"https:\/\/wp.kristdemokraterna.se\/varnamo\/files\/2022\/08\/va\u2560ernamo-sida-bla-300dpi.png","contentUrl":"https:\/\/wp.kristdemokraterna.se\/varnamo\/files\/2022\/08\/va\u2560ernamo-sida-bla-300dpi.png","width":1485,"height":681,"caption":"Kristdemokraterna V\u00e4rnamo"},"image":{"@id":"https:\/\/wp.kristdemokraterna.se\/varnamo\/#\/schema\/logo\/image\/"},"sameAs":["https:\/\/www.facebook.com\/KDVarnamo\/","https:\/\/x.com\/KDVarnamo","https:\/\/www.instagram.com\/","https:\/\/www.youtube.com\/user\/studiokd\/videos"]}]}},"_links":{"self":[{"href":"https:\/\/wp.kristdemokraterna.se\/varnamo\/wp-json\/wp\/v2\/pages\/3691","targetHints":{"allow":["GET"]}}],"collection":[{"href":"https:\/\/wp.kristdemokraterna.se\/varnamo\/wp-json\/wp\/v2\/pages"}],"about":[{"href":"https:\/\/wp.kristdemokraterna.se\/varnamo\/wp-json\/wp\/v2\/types\/page"}],"author":[{"embeddable":true,"href":"https:\/\/wp.kristdemokraterna.se\/varnamo\/wp-json\/wp\/v2\/users\/412"}],"replies":[{"embeddable":true,"href":"https:\/\/wp.kristdemokraterna.se\/varnamo\/wp-json\/wp\/v2\/comments?post=3691"}],"version-history":[{"count":43,"href":"https:\/\/wp.kristdemokraterna.se\/varnamo\/wp-json\/wp\/v2\/pages\/3691\/revisions"}],"predecessor-version":[{"id":9630,"href":"https:\/\/wp.kristdemokraterna.se\/varnamo\/wp-json\/wp\/v2\/pages\/3691\/revisions\/9630"}],"up":[{"embeddable":true,"href":"https:\/\/wp.kristdemokraterna.se\/varnamo\/wp-json\/wp\/v2\/pages\/2348"}],"wp:featuredmedia":[{"embeddable":true,"href":"https:\/\/wp.kristdemokraterna.se\/varnamo\/wp-json\/wp\/v2\/media\/9638"}],"wp:attachment":[{"href":"https:\/\/wp.kristdemokraterna.se\/varnamo\/wp-json\/wp\/v2\/media?parent=3691"}],"curies":[{"name":"wp","href":"https:\/\/api.w.org\/{rel}","templated":true}]}}