{"id":3895,"date":"2013-11-28T18:12:54","date_gmt":"2013-11-28T17:12:54","guid":{"rendered":"http:\/\/wp.kristdemokraterna.se\/varnamo\/?page_id=3895"},"modified":"2018-03-06T22:11:01","modified_gmt":"2018-03-06T21:11:01","slug":"i-varnamopolitiken-sedan-1964","status":"publish","type":"page","link":"https:\/\/wp.kristdemokraterna.se\/varnamo\/om-oss\/i-varnamopolitiken-sedan-1964\/","title":{"rendered":"I v\u00e4rnamopolitiken sedan 1964"},"content":{"rendered":"<p>\u00c5ret var 1964. Sveriges st\u00f6rsta folkr\u00f6relse n\u00e5gonsin hade precis lyckats samla in \u00f6ver tv\u00e5 miljoner namn f\u00f6r att bevara kristendoms\u00e4mnets st\u00e4llning i skolan. M\u00e5nga ins\u00e5g att det fanns underlag f\u00f6r ett parti som s\u00f6ker sina ideologiska r\u00f6tter i den kristna traditionen och s\u00e4tter m\u00e4nniskov\u00e4rdet f\u00f6re pengav\u00e4rdet ocks\u00e5 i Sverige\u00a0och den 20 mars bildades KDS \u2013 Kristen Demokratisk Samling.<\/p>\n<p>\u00c4ven i V\u00e4rnamo fanns det m\u00e4nniskor som l\u00e4ngtade efter ett nytt parti byggt p\u00e5 kristna v\u00e4rderingar. M\u00e5nga k\u00e4nde sig inte l\u00e4ngre hemma i sina gamla partier. Bara ett par veckor efter partiets bildande i Stockholm, grundades en lokalavdelning i <a title=\"L\u00e4nk till V\u00e4rnamo kommuns webbplats\" href=\"http:\/\/www.varnamo.se\/\" target=\"_blank\" rel=\"noopener\">V\u00e4rnamo kommun<\/a>, vilken d\u00e4rmed torde vara\u00a0en av\u00a0<a title=\"L\u00e4nk till kristdemokraternas webbplats\" href=\"http:\/\/www.kristdemokraterna.se\/\" target=\"_blank\" rel=\"noopener\">Kristdemokraternas<\/a>\u00a0\u00e4ldsta lokalavdelningar.<\/p>\n<p>Sedan dess har Kristdemokraterna haft en sj\u00e4lvklar plats i v\u00e4rnamopolitikens centrum. Genom \u00e5ren har partiet lagt en m\u00e4ngd politiska f\u00f6rslag med m\u00e4nniskov\u00e4rdet i fokus och r\u00f6tterna i kristdemokratisk ideologi, till exempel Brog\u00e5rden, v\u00e4nort i u-land, g\u00e4sthemmet Svalan, ungdomsmottagning, bygg vindkraft, anh\u00f6rigkonsult, flexibilitet och m\u00e5ngfald i barnomsorgen, \u00f6kat ungdomsinflytande, tj\u00e4nstegarantier, trygghetsboenden och att ge nyblivna svenska medborgare en present i samband med nationaldagsfirandet.<\/p>\n<p>Idag \u00e4r partiavdelningen i V\u00e4rnamo kommun en av de tyngsta avdelningarna i\u00a0<a title=\"L\u00e4nk till webbplatsen f\u00f6r kristdemokraterna i J\u00f6nk\u00f6pings l\u00e4n\" href=\"http:\/\/www.jonkopingslan.kristdemokraterna.se\/\" target=\"_blank\" rel=\"noopener\">J\u00f6nk\u00f6pings partidistrikt<\/a>\u00a0av Kristdemokraterna, som i sin tur \u00e4r det st\u00f6rsta distriktet i partiet.<\/p>\n<p>I samband med <a title=\"40 \u00e5r f\u00f6r m\u00e4nniskov\u00e4rdet\" href=\"http:\/\/wp.kristdemokraterna.se\/varnamo\/2004\/03\/29\/40-ar-for-manniskovardet\/\">Kristdemokraternas 40-\u00e5rsfirande i V\u00e4rnamo den 29 mars 2004<\/a> tog man fram en historik \u00f6ver de 40 f\u00f6rsta \u00e5ren:\u00a0<em>40 \u00e5r f\u00f6r m\u00e4nniskov\u00e4rdet \u2013 Kristdemokraterna i V\u00e4rnamopolitikens centrum<\/em>. H\u00e4r finns \u00e4ven en historik f\u00f6r denna webbplats.<\/p>\n<ul>\n<li>[<a style=\"font-style: normal\" title=\"40 \u00e5r f\u00f6r m\u00e4nniskov\u00e4rdet \u2013 Kristdemokraterna i V\u00e4rnamopolitikens centrum\" href=\"http:\/\/wp.kristdemokraterna.se\/varnamo\/i-varnamopolitiken-sedan-1964\/40-ar-for-manniskovardet-kristdemokraterna-i-varnamopolitikens-centrum\/\">40 \u00e5r f\u00f6r m\u00e4nniskov\u00e4rdet \u2013 Kristdemokraterna i V\u00e4rnamopolitikens centrum<\/a>]<\/li>\n<li>[<em><a style=\"font-style: normal\" title=\"40 \u00e5r f\u00f6r m\u00e4nniskov\u00e4rdet \u2013 faktarutor\" href=\"http:\/\/wp.kristdemokraterna.se\/varnamo\/i-varnamopolitiken-sedan-1964\/40-ar-for-manniskovardet-faktarutor\/\">40 \u00e5r f\u00f6r m\u00e4nniskov\u00e4rdet \u2013 faktarutor<\/a><\/em>]<\/li>\n<li>[<a title=\"P\u00e5 webben sedan 1998\" href=\"http:\/\/wp.kristdemokraterna.se\/varnamo\/i-varnamopolitiken-sedan-1964\/pa-webben-sedan-1998\/\">P\u00e5 webben sedan 1998<\/a>]<\/li>\n<\/ul>\n<hr \/>\n<h2>L\u00e4s mer<\/h2>\n<p>40 \u00e5r f\u00f6r m\u00e4nniskov\u00e4rdet \u2013 Kristdemokraterna i V\u00e4rnamopolitikens centrum:<br \/>\n[<a title=\"40 \u00e5r f\u00f6r m\u00e4nniskov\u00e4rdet \u2013 Kristdemokraterna i V\u00e4rnamopolitikens centrum\" href=\"http:\/\/wp.kristdemokraterna.se\/varnamo\/i-varnamopolitiken-sedan-1964\/40-ar-for-manniskovardet-kristdemokraterna-i-varnamopolitikens-centrum\/\">Historik<\/a>]<\/p>\n<p>Snabbfakta om Kristdemokraternas historia i V\u00e4rnamo:<br \/>\n[<a title=\"40 \u00e5r f\u00f6r m\u00e4nniskov\u00e4rdet \u2013 faktarutor\" href=\"http:\/\/wp.kristdemokraterna.se\/varnamo\/i-varnamopolitiken-sedan-1964\/40-ar-for-manniskovardet-faktarutor\/\">Snabbfakta<\/a>]<\/p>\n<p>P\u00e5 webben sedan 1998<br \/>\n[<a title=\"P\u00e5 webben sedan 1998\" href=\"http:\/\/wp.kristdemokraterna.se\/varnamo\/i-varnamopolitiken-sedan-1964\/pa-webben-sedan-1998\/\">Webbplatsens historia<\/a>]<\/p>\n<p>L\u00e4s mer om kristdemokraternas historia i Sverige:<br \/>\n[<a title=\"Kristdemokraternas historia i Sverige\" href=\"http:\/\/www.kristdemokraterna.se\/Om-oss\/Historia\/\" target=\"_blank\" rel=\"noopener\">Historia<\/a>]<\/p>\n<p>L\u00e4s mer om vad Kristdemokraterna g\u00f6r i V\u00e4rnamo:<br \/>\n[<a href=\"http:\/\/wp.kristdemokraterna.se\/varnamo\/blogg\/\">Nyheter<\/a>]<\/p>\n","protected":false},"excerpt":{"rendered":"<p>\u00c5ret var 1964. Sveriges st\u00f6rsta folkr\u00f6relse n\u00e5gonsin hade precis lyckats samla in \u00f6ver tv\u00e5 miljoner namn f\u00f6r att bevara kristendoms\u00e4mnets st\u00e4llning i skolan. M\u00e5nga ins\u00e5g att det fanns underlag f\u00f6r ett parti som s\u00f6ker sina ideologiska r\u00f6tter i den kristna traditionen och s\u00e4tter m\u00e4nniskov\u00e4rdet f\u00f6re pengav\u00e4rdet ocks\u00e5 i Sverige\u00a0och den 20 mars bildades KDS \u2013 <a class=\"read-more-link\" href=\"https:\/\/wp.kristdemokraterna.se\/varnamo\/om-oss\/i-varnamopolitiken-sedan-1964\/\">Read More<\/a><\/p>\n","protected":false},"author":412,"featured_media":9638,"parent":2348,"menu_order":0,"comment_status":"closed","ping_status":"closed","template":"","meta":{"_acf_changed":false,"footnotes":""},"class_list":["post-3895","page","type-page","status-publish","hentry"],"acf":[],"yoast_head":"<!-- This site is optimized with the Yoast SEO plugin v27.3 - https:\/\/yoast.com\/product\/yoast-seo-wordpress\/ -->\n<title>I v\u00e4rnamopolitiken sedan 1964 - KRISTDEMOKRATERNA V\u00c4RNAMO<\/title>\n<meta name=\"robots\" content=\"index, follow, max-snippet:-1, max-image-preview:large, max-video-preview:-1\" \/>\n<link rel=\"canonical\" href=\"https:\/\/wp.kristdemokraterna.se\/varnamo\/om-oss\/i-varnamopolitiken-sedan-1964\/\" \/>\n<meta property=\"og:locale\" content=\"sv_SE\" \/>\n<meta property=\"og:type\" content=\"article\" \/>\n<meta property=\"og:title\" content=\"I v\u00e4rnamopolitiken sedan 1964 - KRISTDEMOKRATERNA V\u00c4RNAMO\" \/>\n<meta property=\"og:description\" content=\"\u00c5ret var 1964. Sveriges st\u00f6rsta folkr\u00f6relse n\u00e5gonsin hade precis lyckats samla in \u00f6ver tv\u00e5 miljoner namn f\u00f6r att bevara kristendoms\u00e4mnets st\u00e4llning i skolan. M\u00e5nga ins\u00e5g att det fanns underlag f\u00f6r ett parti som s\u00f6ker sina ideologiska r\u00f6tter i den kristna traditionen och s\u00e4tter m\u00e4nniskov\u00e4rdet f\u00f6re pengav\u00e4rdet ocks\u00e5 i Sverige\u00a0och den 20 mars bildades KDS \u2013 Read More\" \/>\n<meta property=\"og:url\" content=\"https:\/\/wp.kristdemokraterna.se\/varnamo\/om-oss\/i-varnamopolitiken-sedan-1964\/\" \/>\n<meta property=\"og:site_name\" content=\"KRISTDEMOKRATERNA V\u00c4RNAMO\" \/>\n<meta property=\"article:publisher\" content=\"https:\/\/www.facebook.com\/KDVarnamo\/\" \/>\n<meta property=\"article:modified_time\" content=\"2018-03-06T21:11:01+00:00\" \/>\n<meta property=\"og:image\" content=\"https:\/\/wp.kristdemokraterna.se\/varnamo\/files\/2022\/08\/va\u2560ernamo-sida-bla-300dpi.png\" \/>\n\t<meta property=\"og:image:width\" content=\"1485\" \/>\n\t<meta property=\"og:image:height\" content=\"681\" \/>\n\t<meta property=\"og:image:type\" content=\"image\/png\" \/>\n<meta name=\"twitter:card\" content=\"summary_large_image\" \/>\n<meta name=\"twitter:site\" content=\"@KDVarnamo\" \/>\n<meta name=\"twitter:label1\" content=\"Ber\u00e4knad l\u00e4stid\" \/>\n\t<meta name=\"twitter:data1\" content=\"2 minuter\" \/>\n<script type=\"application\/ld+json\" class=\"yoast-schema-graph\">{\"@context\":\"https:\\\/\\\/schema.org\",\"@graph\":[{\"@type\":\"WebPage\",\"@id\":\"https:\\\/\\\/wp.kristdemokraterna.se\\\/varnamo\\\/om-oss\\\/i-varnamopolitiken-sedan-1964\\\/\",\"url\":\"https:\\\/\\\/wp.kristdemokraterna.se\\\/varnamo\\\/om-oss\\\/i-varnamopolitiken-sedan-1964\\\/\",\"name\":\"I v\u00e4rnamopolitiken sedan 1964 - KRISTDEMOKRATERNA V\u00c4RNAMO\",\"isPartOf\":{\"@id\":\"https:\\\/\\\/wp.kristdemokraterna.se\\\/varnamo\\\/#website\"},\"primaryImageOfPage\":{\"@id\":\"https:\\\/\\\/wp.kristdemokraterna.se\\\/varnamo\\\/om-oss\\\/i-varnamopolitiken-sedan-1964\\\/#primaryimage\"},\"image\":{\"@id\":\"https:\\\/\\\/wp.kristdemokraterna.se\\\/varnamo\\\/om-oss\\\/i-varnamopolitiken-sedan-1964\\\/#primaryimage\"},\"thumbnailUrl\":\"https:\\\/\\\/wp.kristdemokraterna.se\\\/varnamo\\\/files\\\/2022\\\/08\\\/kd-logo-blue.png\",\"datePublished\":\"2013-11-28T17:12:54+00:00\",\"dateModified\":\"2018-03-06T21:11:01+00:00\",\"breadcrumb\":{\"@id\":\"https:\\\/\\\/wp.kristdemokraterna.se\\\/varnamo\\\/om-oss\\\/i-varnamopolitiken-sedan-1964\\\/#breadcrumb\"},\"inLanguage\":\"sv-SE\",\"potentialAction\":[{\"@type\":\"ReadAction\",\"target\":[\"https:\\\/\\\/wp.kristdemokraterna.se\\\/varnamo\\\/om-oss\\\/i-varnamopolitiken-sedan-1964\\\/\"]}]},{\"@type\":\"ImageObject\",\"inLanguage\":\"sv-SE\",\"@id\":\"https:\\\/\\\/wp.kristdemokraterna.se\\\/varnamo\\\/om-oss\\\/i-varnamopolitiken-sedan-1964\\\/#primaryimage\",\"url\":\"https:\\\/\\\/wp.kristdemokraterna.se\\\/varnamo\\\/files\\\/2022\\\/08\\\/kd-logo-blue.png\",\"contentUrl\":\"https:\\\/\\\/wp.kristdemokraterna.se\\\/varnamo\\\/files\\\/2022\\\/08\\\/kd-logo-blue.png\",\"width\":2000,\"height\":2000,\"caption\":\"Kristdemokraternas logotyp\"},{\"@type\":\"BreadcrumbList\",\"@id\":\"https:\\\/\\\/wp.kristdemokraterna.se\\\/varnamo\\\/om-oss\\\/i-varnamopolitiken-sedan-1964\\\/#breadcrumb\",\"itemListElement\":[{\"@type\":\"ListItem\",\"position\":1,\"name\":\"Hem\",\"item\":\"https:\\\/\\\/wp.kristdemokraterna.se\\\/varnamo\\\/\"},{\"@type\":\"ListItem\",\"position\":2,\"name\":\"Om oss\",\"item\":\"https:\\\/\\\/wp.kristdemokraterna.se\\\/varnamo\\\/om-oss\\\/\"},{\"@type\":\"ListItem\",\"position\":3,\"name\":\"I v\u00e4rnamopolitiken sedan 1964\"}]},{\"@type\":\"WebSite\",\"@id\":\"https:\\\/\\\/wp.kristdemokraterna.se\\\/varnamo\\\/#website\",\"url\":\"https:\\\/\\\/wp.kristdemokraterna.se\\\/varnamo\\\/\",\"name\":\"KRISTDEMOKRATERNA V\u00c4RNAMO\",\"description\":\"Med hj\u00e4rta f\u00f6r V\u00e4rnamo\",\"publisher\":{\"@id\":\"https:\\\/\\\/wp.kristdemokraterna.se\\\/varnamo\\\/#organization\"},\"inLanguage\":\"sv-SE\"},{\"@type\":\"Organization\",\"@id\":\"https:\\\/\\\/wp.kristdemokraterna.se\\\/varnamo\\\/#organization\",\"name\":\"Kristdemokraterna V\u00e4rnamo\",\"url\":\"https:\\\/\\\/wp.kristdemokraterna.se\\\/varnamo\\\/\",\"logo\":{\"@type\":\"ImageObject\",\"inLanguage\":\"sv-SE\",\"@id\":\"https:\\\/\\\/wp.kristdemokraterna.se\\\/varnamo\\\/#\\\/schema\\\/logo\\\/image\\\/\",\"url\":\"https:\\\/\\\/wp.kristdemokraterna.se\\\/varnamo\\\/files\\\/2022\\\/08\\\/va\u2560ernamo-sida-bla-300dpi.png\",\"contentUrl\":\"https:\\\/\\\/wp.kristdemokraterna.se\\\/varnamo\\\/files\\\/2022\\\/08\\\/va\u2560ernamo-sida-bla-300dpi.png\",\"width\":1485,\"height\":681,\"caption\":\"Kristdemokraterna V\u00e4rnamo\"},\"image\":{\"@id\":\"https:\\\/\\\/wp.kristdemokraterna.se\\\/varnamo\\\/#\\\/schema\\\/logo\\\/image\\\/\"},\"sameAs\":[\"https:\\\/\\\/www.facebook.com\\\/KDVarnamo\\\/\",\"https:\\\/\\\/x.com\\\/KDVarnamo\",\"https:\\\/\\\/www.instagram.com\\\/\",\"https:\\\/\\\/www.youtube.com\\\/user\\\/studiokd\\\/videos\"]}]}<\/script>\n<!-- \/ Yoast SEO plugin. -->","yoast_head_json":{"title":"I v\u00e4rnamopolitiken sedan 1964 - KRISTDEMOKRATERNA V\u00c4RNAMO","robots":{"index":"index","follow":"follow","max-snippet":"max-snippet:-1","max-image-preview":"max-image-preview:large","max-video-preview":"max-video-preview:-1"},"canonical":"https:\/\/wp.kristdemokraterna.se\/varnamo\/om-oss\/i-varnamopolitiken-sedan-1964\/","og_locale":"sv_SE","og_type":"article","og_title":"I v\u00e4rnamopolitiken sedan 1964 - KRISTDEMOKRATERNA V\u00c4RNAMO","og_description":"\u00c5ret var 1964. Sveriges st\u00f6rsta folkr\u00f6relse n\u00e5gonsin hade precis lyckats samla in \u00f6ver tv\u00e5 miljoner namn f\u00f6r att bevara kristendoms\u00e4mnets st\u00e4llning i skolan. M\u00e5nga ins\u00e5g att det fanns underlag f\u00f6r ett parti som s\u00f6ker sina ideologiska r\u00f6tter i den kristna traditionen och s\u00e4tter m\u00e4nniskov\u00e4rdet f\u00f6re pengav\u00e4rdet ocks\u00e5 i Sverige\u00a0och den 20 mars bildades KDS \u2013 Read More","og_url":"https:\/\/wp.kristdemokraterna.se\/varnamo\/om-oss\/i-varnamopolitiken-sedan-1964\/","og_site_name":"KRISTDEMOKRATERNA V\u00c4RNAMO","article_publisher":"https:\/\/www.facebook.com\/KDVarnamo\/","article_modified_time":"2018-03-06T21:11:01+00:00","og_image":[{"width":1485,"height":681,"url":"https:\/\/wp.kristdemokraterna.se\/varnamo\/files\/2022\/08\/va\u2560ernamo-sida-bla-300dpi.png","type":"image\/png"}],"twitter_card":"summary_large_image","twitter_site":"@KDVarnamo","twitter_misc":{"Ber\u00e4knad l\u00e4stid":"2 minuter"},"schema":{"@context":"https:\/\/schema.org","@graph":[{"@type":"WebPage","@id":"https:\/\/wp.kristdemokraterna.se\/varnamo\/om-oss\/i-varnamopolitiken-sedan-1964\/","url":"https:\/\/wp.kristdemokraterna.se\/varnamo\/om-oss\/i-varnamopolitiken-sedan-1964\/","name":"I v\u00e4rnamopolitiken sedan 1964 - KRISTDEMOKRATERNA V\u00c4RNAMO","isPartOf":{"@id":"https:\/\/wp.kristdemokraterna.se\/varnamo\/#website"},"primaryImageOfPage":{"@id":"https:\/\/wp.kristdemokraterna.se\/varnamo\/om-oss\/i-varnamopolitiken-sedan-1964\/#primaryimage"},"image":{"@id":"https:\/\/wp.kristdemokraterna.se\/varnamo\/om-oss\/i-varnamopolitiken-sedan-1964\/#primaryimage"},"thumbnailUrl":"https:\/\/wp.kristdemokraterna.se\/varnamo\/files\/2022\/08\/kd-logo-blue.png","datePublished":"2013-11-28T17:12:54+00:00","dateModified":"2018-03-06T21:11:01+00:00","breadcrumb":{"@id":"https:\/\/wp.kristdemokraterna.se\/varnamo\/om-oss\/i-varnamopolitiken-sedan-1964\/#breadcrumb"},"inLanguage":"sv-SE","potentialAction":[{"@type":"ReadAction","target":["https:\/\/wp.kristdemokraterna.se\/varnamo\/om-oss\/i-varnamopolitiken-sedan-1964\/"]}]},{"@type":"ImageObject","inLanguage":"sv-SE","@id":"https:\/\/wp.kristdemokraterna.se\/varnamo\/om-oss\/i-varnamopolitiken-sedan-1964\/#primaryimage","url":"https:\/\/wp.kristdemokraterna.se\/varnamo\/files\/2022\/08\/kd-logo-blue.png","contentUrl":"https:\/\/wp.kristdemokraterna.se\/varnamo\/files\/2022\/08\/kd-logo-blue.png","width":2000,"height":2000,"caption":"Kristdemokraternas logotyp"},{"@type":"BreadcrumbList","@id":"https:\/\/wp.kristdemokraterna.se\/varnamo\/om-oss\/i-varnamopolitiken-sedan-1964\/#breadcrumb","itemListElement":[{"@type":"ListItem","position":1,"name":"Hem","item":"https:\/\/wp.kristdemokraterna.se\/varnamo\/"},{"@type":"ListItem","position":2,"name":"Om oss","item":"https:\/\/wp.kristdemokraterna.se\/varnamo\/om-oss\/"},{"@type":"ListItem","position":3,"name":"I v\u00e4rnamopolitiken sedan 1964"}]},{"@type":"WebSite","@id":"https:\/\/wp.kristdemokraterna.se\/varnamo\/#website","url":"https:\/\/wp.kristdemokraterna.se\/varnamo\/","name":"KRISTDEMOKRATERNA V\u00c4RNAMO","description":"Med hj\u00e4rta f\u00f6r V\u00e4rnamo","publisher":{"@id":"https:\/\/wp.kristdemokraterna.se\/varnamo\/#organization"},"inLanguage":"sv-SE"},{"@type":"Organization","@id":"https:\/\/wp.kristdemokraterna.se\/varnamo\/#organization","name":"Kristdemokraterna V\u00e4rnamo","url":"https:\/\/wp.kristdemokraterna.se\/varnamo\/","logo":{"@type":"ImageObject","inLanguage":"sv-SE","@id":"https:\/\/wp.kristdemokraterna.se\/varnamo\/#\/schema\/logo\/image\/","url":"https:\/\/wp.kristdemokraterna.se\/varnamo\/files\/2022\/08\/va\u2560ernamo-sida-bla-300dpi.png","contentUrl":"https:\/\/wp.kristdemokraterna.se\/varnamo\/files\/2022\/08\/va\u2560ernamo-sida-bla-300dpi.png","width":1485,"height":681,"caption":"Kristdemokraterna V\u00e4rnamo"},"image":{"@id":"https:\/\/wp.kristdemokraterna.se\/varnamo\/#\/schema\/logo\/image\/"},"sameAs":["https:\/\/www.facebook.com\/KDVarnamo\/","https:\/\/x.com\/KDVarnamo","https:\/\/www.instagram.com\/","https:\/\/www.youtube.com\/user\/studiokd\/videos"]}]}},"_links":{"self":[{"href":"https:\/\/wp.kristdemokraterna.se\/varnamo\/wp-json\/wp\/v2\/pages\/3895","targetHints":{"allow":["GET"]}}],"collection":[{"href":"https:\/\/wp.kristdemokraterna.se\/varnamo\/wp-json\/wp\/v2\/pages"}],"about":[{"href":"https:\/\/wp.kristdemokraterna.se\/varnamo\/wp-json\/wp\/v2\/types\/page"}],"author":[{"embeddable":true,"href":"https:\/\/wp.kristdemokraterna.se\/varnamo\/wp-json\/wp\/v2\/users\/412"}],"replies":[{"embeddable":true,"href":"https:\/\/wp.kristdemokraterna.se\/varnamo\/wp-json\/wp\/v2\/comments?post=3895"}],"version-history":[{"count":11,"href":"https:\/\/wp.kristdemokraterna.se\/varnamo\/wp-json\/wp\/v2\/pages\/3895\/revisions"}],"predecessor-version":[{"id":7835,"href":"https:\/\/wp.kristdemokraterna.se\/varnamo\/wp-json\/wp\/v2\/pages\/3895\/revisions\/7835"}],"up":[{"embeddable":true,"href":"https:\/\/wp.kristdemokraterna.se\/varnamo\/wp-json\/wp\/v2\/pages\/2348"}],"wp:featuredmedia":[{"embeddable":true,"href":"https:\/\/wp.kristdemokraterna.se\/varnamo\/wp-json\/wp\/v2\/media\/9638"}],"wp:attachment":[{"href":"https:\/\/wp.kristdemokraterna.se\/varnamo\/wp-json\/wp\/v2\/media?parent=3895"}],"curies":[{"name":"wp","href":"https:\/\/api.w.org\/{rel}","templated":true}]}}