{"id":3899,"date":"2013-11-28T17:25:44","date_gmt":"2013-11-28T16:25:44","guid":{"rendered":"http:\/\/wp.kristdemokraterna.se\/varnamo\/?page_id=3899"},"modified":"2018-03-06T22:11:01","modified_gmt":"2018-03-06T21:11:01","slug":"40-ar-for-manniskovardet-faktarutor","status":"publish","type":"page","link":"https:\/\/wp.kristdemokraterna.se\/varnamo\/om-oss\/i-varnamopolitiken-sedan-1964\/40-ar-for-manniskovardet-faktarutor\/","title":{"rendered":"40 \u00e5r f\u00f6r m\u00e4nniskov\u00e4rdet \u2013 faktarutor"},"content":{"rendered":"<p>Lokalavdelningen i\u00a0<a title=\"L\u00e4nk till V\u00e4rnamo kommuns webbplats\" href=\"http:\/\/www.varnamo.se\/\" target=\"_blank\" rel=\"noopener\">V\u00e4rnamo kommun<\/a>\u00a0\u00e4r en av\u00a0<a title=\"L\u00e4nk till kristdemokraternas webbplats\" href=\"http:\/\/www.kristdemokraterna.se\/\" target=\"_blank\" rel=\"noopener\">Kristdemokraternas<\/a>\u00a0\u00e4ldsta. Den startade redan samma \u00e5r som partiet, d\u00e5varande\u00a0<abbr title=\"Kristen Demokratisk Samling, senare Kristdemokratiska samh\u00e4llspartiet, numera Kristdemokraterna\">KDS<\/abbr>, bildades \u2013 1964. Idag \u00e4r v\u00e4rnamoavdelningen en av de tyngsta avdelningarna i\u00a0<a title=\"L\u00e4nk till webbplatsen f\u00f6r kristdemokraterna i J\u00f6nk\u00f6pings l\u00e4n\" href=\"http:\/\/www.jonkopingslan.kristdemokraterna.se\/\" target=\"_blank\" rel=\"noopener\">j\u00f6nk\u00f6pingsdistriktet<\/a>\u00a0av Kristdemokraterna, som i sin tur \u00e4r det st\u00f6rsta distriktet i partiet.<\/p>\n<p>Denna historik skrevs till lokalavdelningens 40-\u00e5rsjubileum den 29 mars 2004.<\/p>\n<hr \/>\n<p>Denna sida ger en snabb sammanst\u00e4llning av historien i n\u00e5gra faktarutor. Det finns \u00e4ven en\u00a0<a title=\"40 \u00e5r f\u00f6r m\u00e4nniskov\u00e4rdet \u2013 Kristdemokraterna i V\u00e4rnamopolitikens centrum\" href=\"http:\/\/wp.kristdemokraterna.se\/varnamo\/40-ar-for-manniskovardet-kristdemokraterna-i-varnamopolitikens-centrum\/\">utf\u00f6rligare historik<\/a>\u00a0f\u00f6r dig som vill veta mer.<\/p>\n<p>[<a title=\"L\u00e4nk till Viktiga \u00e5rtal\" href=\"#artal\">Viktiga \u00e5rtal<\/a>] | [<a title=\"L\u00e4nkt till Ordf\u00f6rande\" href=\"#ordforanden\">Ordf\u00f6rande<\/a>] | [<a title=\"L\u00e4nk till Motioner\" href=\"#motioner\">Motioner<\/a>] | [<a title=\"L\u00e4nk till Vitsippspriset\" href=\"#vitsippspriset\">Vitsippspriset<\/a>]<\/p>\n<hr \/>\n<h2 id=\"artal\">Viktiga \u00e5rtal<\/h2>\n<dl>\n<dt>1964<\/dt>\n<dd>En lokalavdelning av Kristen Demokratisk Samling (<abbr title=\"Kristen Demokratisk Samling\">KDS<\/abbr>) startar i V\u00e4rnamo<\/dd>\n<dt>1966<\/dt>\n<dd>En lokalavdelning av Kristen Demokratisk Ungdom (<abbr title=\"Kristen Demokratisk Ungdom\">KDU<\/abbr>) startar i V\u00e4rnamo<\/dd>\n<dt>1967<\/dt>\n<dd><abbr title=\"Kristen Demokratisk Samling\">KDS<\/abbr>\u00a0f\u00e5r in tre ledam\u00f6ter i V\u00e4rnamo kommunfullm\u00e4ktige<\/dd>\n<dt>1969<\/dt>\n<dd><abbr title=\"Kristen Demokratisk Samling\">KDS<\/abbr>\u00a0och\u00a0<abbr title=\"Kristen Demokratisk Ungdom\">KDU<\/abbr>\u00a0f\u00f6rv\u00e4rvar partilokalen p\u00e5 V\u00e4xj\u00f6v\u00e4gen<\/dd>\n<dt>1976<\/dt>\n<dd><abbr title=\"Kristen Demokratisk Samling\">KDS<\/abbr>\u00a0f\u00e5r in en fj\u00e4rde ledamot i V\u00e4rnamo kommunfullm\u00e4ktige<\/dd>\n<dt>1982<\/dt>\n<dd>Kristdemokratiska kvinnof\u00f6rbundet (<abbr title=\"Kristdemokratiska kvinnof\u00f6rbundet\">kd-k<\/abbr>) bildas<\/dd>\n<dt>1985<\/dt>\n<dd><abbr title=\"Kristen Demokratisk Samling\">KDS<\/abbr>\u00a0blir en del av borgerliga majoritetsalliansen i V\u00e4rnamo &#8211; Samarbetspartierna<\/dd>\n<dt>1987<\/dt>\n<dd>Partiet byter namn till Kristdemokratiska samh\u00e4llspartiet (<abbr title=\"Kristdemokratiska samh\u00e4llspartiet\">KdS<\/abbr>)<\/dd>\n<dt>1988<\/dt>\n<dd><abbr title=\"Kristdemokratiska samh\u00e4llspartiet\">KdS<\/abbr>\u00a0f\u00e5r sin f\u00f6rsta ordf\u00f6randepost &#8211; Christer Fjordevik i Skolstyrelsen<\/dd>\n<dt>1991<\/dt>\n<dd><abbr title=\"Kristdemokratiska samh\u00e4llspartiet\">KdS<\/abbr>\u00a0dubblar antalet ledam\u00f6ter till \u00e5tta i V\u00e4rnamo kommunfullm\u00e4ktige<\/dd>\n<dt>1992<\/dt>\n<dd>Kristdemokratiska Seniorf\u00f6rbundet (<abbr title=\"Kristdemokratiska Seniorf\u00f6rbundet\">KdS<\/abbr>) bildas<\/dd>\n<dt>1995<\/dt>\n<dd>En lokalavdelning av Seniorf\u00f6rbundet startar i V\u00e4rnamo<\/dd>\n<dt>1996<\/dt>\n<dd>Partiet byter namn till Kristdemokraterna (<abbr title=\"Kristdemokraterna\">kd<\/abbr>)<\/dd>\n<dt>1997<\/dt>\n<dd>Vitsippspriset delas ut f\u00f6r f\u00f6rsta g\u00e5ngen<\/dd>\n<dt>1998<\/dt>\n<dd>Kristdemokraterna V\u00e4rnamo startar sin hemsida p\u00e5 Internet<\/dd>\n<dt>2002<\/dt>\n<dd>Kristdemokraterna blir n\u00e4st st\u00f6rst av Samarbetspartierna och inviger sin nya partilokal p\u00e5 Storgatan<\/dd>\n<dt>2003<\/dt>\n<dd>Kristdemokraterna f\u00e5r sin f\u00f6rsta kommunalr\u00e5dspost i V\u00e4rnamo &#8211; Christer Fjordevik 1:e vice ordf\u00f6rande i Kommunstyrelsen<\/dd>\n<\/dl>\n<hr \/>\n<h2 id=\"ordforanden\">Ordf\u00f6randen<\/h2>\n<dl>\n<dt>1964-1969<\/dt>\n<dd>Sven Eric Toorell<\/dd>\n<dt>1969-1977<\/dt>\n<dd>Lars Sj\u00f6holm<\/dd>\n<dt>1977-1995<\/dt>\n<dd>Herrmy Nenkert<\/dd>\n<dt>1995-1998<\/dt>\n<dd>Helen Krogell<\/dd>\n<dt>1998-<\/dt>\n<dd>Arnold Carlzon<\/dd>\n<\/dl>\n<hr \/>\n<h2 id=\"motioner\">Motioner<\/h2>\n<p>N\u00e5gra exempel p\u00e5 uppm\u00e4rksammade kristdemokratiska initiativ \u00e4r:<\/p>\n<ul>\n<li>G\u00f6r Brog\u00e5rden till\u00a0ett hem f\u00f6r alkoholskadade<\/li>\n<li>Bibliotek p\u00e5 Vr\u00e5en<\/li>\n<li>Buss \u00e4nda fram till V\u00e4rnamo sjukhus<\/li>\n<li>V\u00e4nort i u-land<\/li>\n<li>V\u00e5rd i livets slutskede p\u00e5 g\u00e4sthemmet Svalan<\/li>\n<li>\u00d6ppna Vr\u00e5env\u00e4gen f\u00f6r genomfartstrafik<\/li>\n<li>Belysning utmed cykelv\u00e4gen till ridstallet i S\u00f6rsj\u00f6<\/li>\n<li>Ungdomsmottagning i V\u00e4rnamo<\/li>\n<li>Present till nyblivna svenska medborgare i samband med nationaldagsfirandet<\/li>\n<li>B\u00e5ttrafik till Ohs<\/li>\n<li>F\u00e4ltassistenter p\u00e5 sta&#8217;n<\/li>\n<\/ul>\n<hr \/>\n<h2 id=\"vitsippspriset\">Vitsippspriset<\/h2>\n<p>Sedan 1997 har Kristdemokraterna V\u00e4rnamo delat ut Vitsippspriset varje \u00e5r, i samband med Alla hj\u00e4rtans dag &#8211; en dag som alltmer har kommit att bli en kristdemokratisk hj\u00e4rteangel\u00e4genhet. Med Vitsippspriset vill Kristdemokraterna V\u00e4rnamo uppmuntra och uppm\u00e4rksamma positiva f\u00f6reteelser i v\u00e5rt n\u00e4rsamh\u00e4lle, oavsett om de sker i det tysta eller i str\u00e5lkastarljuset. Priset ska i f\u00f6rsta hand ses som en uppmuntran och ett erk\u00e4nnande till n\u00e5gon enskild eller organisation som har utr\u00e4ttat n\u00e5got behj\u00e4rtansv\u00e4rt. Hittills har Vitsippspriset delats ut till f\u00f6ljande mottagare i V\u00e4rnamo kommun:<\/p>\n<dl>\n<dt>2004<\/dt>\n<dd>Tjernobylbarnens v\u00e4nner i Bredaryd med omnejd f\u00f6r att de inspirerat till en bred uppslutning av bygdens folk f\u00f6r en betydelsefull humanit\u00e4r insats<\/dd>\n<dt>2003<\/dt>\n<dd>Anita M\u00e5rtensson, K\u00e4rda, f\u00f6r sitt engagemang i arbetet med projekt Grannar &amp; V\u00e4nner p\u00e5 Mossleomr\u00e5det.<\/dd>\n<dt>2002<\/dt>\n<dd>Internationella ungdomsf\u00f6reningen vid Finnvedens gymnasium, f\u00f6r att de \u00f6kar f\u00f6rst\u00e5elsen f\u00f6r kulturella olikheter och d\u00e4rmed bidrar till en \u00f6kad integration i det svenska samh\u00e4llet<\/dd>\n<dt>2001<\/dt>\n<dd>Sven Lundh, V\u00e4rnamo, f\u00f6r att han med vision\u00e4r kraft, sm\u00e5l\u00f6ndsk envishet och trogen en id\u00e9 har f\u00e5tt m\u00e5nga att arbeta mot samma m\u00e5l.<\/dd>\n<dt>2000<\/dt>\n<dd>Anders Berglund, V\u00e4rnamo, f\u00f6r ideellt engagemang och sj\u00e4lvuppoffrande medm\u00e4nsklighet.<\/dd>\n<dt>1999<\/dt>\n<dd>Gunnar Johansson, V\u00e4rnamo, f\u00f6r kreativitet och initiativkraft.<\/dd>\n<dt>1998<\/dt>\n<dd>De f\u00f6r\u00e4ldraf\u00f6reningar som driver nattcaf\u00e9 p\u00e5 fredagkv\u00e4llarna.<\/dd>\n<dt>1997<\/dt>\n<dd>Personalen p\u00e5 g\u00e4sthemmet Svalan &#8211; v\u00e5rd i livets slutskede.<\/dd>\n<\/dl>\n<p>Mer information om pristagarna finns i:<br \/>\n[<a title=\"Vitsippspriset\" href=\"http:\/\/wp.kristdemokraterna.se\/varnamo\/vitsippspriset\/\">Vitsippspriset<\/a>]<\/p>\n<hr \/>\n<h2>L\u00e4s mer<\/h2>\n<p>40 \u00e5r f\u00f6r m\u00e4nniskov\u00e4rdet \u2013 Kristdemokraterna i V\u00e4rnamopolitikens centrum:<br \/>\n[<a title=\"40 \u00e5r f\u00f6r m\u00e4nniskov\u00e4rdet \u2013 Kristdemokraterna i V\u00e4rnamopolitikens centrum\" href=\"http:\/\/wp.kristdemokraterna.se\/varnamo\/i-varnamopolitiken-sedan-1964\/40-ar-for-manniskovardet-kristdemokraterna-i-varnamopolitikens-centrum\/\">Historik<\/a>]<\/p>\n<p>P\u00e5 webben sedan 1998<br \/>\n[<a title=\"P\u00e5 webben sedan 1998\" href=\"http:\/\/wp.kristdemokraterna.se\/varnamo\/i-varnamopolitiken-sedan-1964\/pa-webben-sedan-1998\/\">Webbplatsens historia<\/a>]<\/p>\n<p>L\u00e4s mer om kristdemokraternas historia i Sverige:<br \/>\n[<a title=\"Kristdemokraternas historia i Sverige\" href=\"http:\/\/www.kristdemokraterna.se\/Om-oss\/Historia\/\">http:\/\/www.kristdemokraterna.se\/Om-oss\/Historia\/<\/a>]<\/p>\n","protected":false},"excerpt":{"rendered":"<p>Lokalavdelningen i\u00a0V\u00e4rnamo kommun\u00a0\u00e4r en av\u00a0Kristdemokraternas\u00a0\u00e4ldsta. Den startade redan samma \u00e5r som partiet, d\u00e5varande\u00a0KDS, bildades \u2013 1964. Idag \u00e4r v\u00e4rnamoavdelningen en av de tyngsta avdelningarna i\u00a0j\u00f6nk\u00f6pingsdistriktet\u00a0av Kristdemokraterna, som i sin tur \u00e4r det st\u00f6rsta distriktet i partiet. Denna historik skrevs till lokalavdelningens 40-\u00e5rsjubileum den 29 mars 2004. Denna sida ger en snabb sammanst\u00e4llning av historien i <a class=\"read-more-link\" href=\"https:\/\/wp.kristdemokraterna.se\/varnamo\/om-oss\/i-varnamopolitiken-sedan-1964\/40-ar-for-manniskovardet-faktarutor\/\">Read More<\/a><\/p>\n","protected":false},"author":412,"featured_media":9638,"parent":3895,"menu_order":0,"comment_status":"closed","ping_status":"closed","template":"","meta":{"_acf_changed":false,"footnotes":""},"class_list":["post-3899","page","type-page","status-publish","hentry"],"acf":[],"yoast_head":"<!-- This site is optimized with the Yoast SEO plugin v27.3 - https:\/\/yoast.com\/product\/yoast-seo-wordpress\/ -->\n<title>40 \u00e5r f\u00f6r m\u00e4nniskov\u00e4rdet \u2013 faktarutor - KRISTDEMOKRATERNA V\u00c4RNAMO<\/title>\n<meta name=\"robots\" content=\"index, follow, max-snippet:-1, max-image-preview:large, max-video-preview:-1\" \/>\n<link rel=\"canonical\" href=\"https:\/\/wp.kristdemokraterna.se\/varnamo\/om-oss\/i-varnamopolitiken-sedan-1964\/40-ar-for-manniskovardet-faktarutor\/\" \/>\n<meta property=\"og:locale\" content=\"sv_SE\" \/>\n<meta property=\"og:type\" content=\"article\" \/>\n<meta property=\"og:title\" content=\"40 \u00e5r f\u00f6r m\u00e4nniskov\u00e4rdet \u2013 faktarutor - KRISTDEMOKRATERNA V\u00c4RNAMO\" \/>\n<meta property=\"og:description\" content=\"Lokalavdelningen i\u00a0V\u00e4rnamo kommun\u00a0\u00e4r en av\u00a0Kristdemokraternas\u00a0\u00e4ldsta. Den startade redan samma \u00e5r som partiet, d\u00e5varande\u00a0KDS, bildades \u2013 1964. Idag \u00e4r v\u00e4rnamoavdelningen en av de tyngsta avdelningarna i\u00a0j\u00f6nk\u00f6pingsdistriktet\u00a0av Kristdemokraterna, som i sin tur \u00e4r det st\u00f6rsta distriktet i partiet. Denna historik skrevs till lokalavdelningens 40-\u00e5rsjubileum den 29 mars 2004. Denna sida ger en snabb sammanst\u00e4llning av historien i Read More\" \/>\n<meta property=\"og:url\" content=\"https:\/\/wp.kristdemokraterna.se\/varnamo\/om-oss\/i-varnamopolitiken-sedan-1964\/40-ar-for-manniskovardet-faktarutor\/\" \/>\n<meta property=\"og:site_name\" content=\"KRISTDEMOKRATERNA V\u00c4RNAMO\" \/>\n<meta property=\"article:publisher\" content=\"https:\/\/www.facebook.com\/KDVarnamo\/\" \/>\n<meta property=\"article:modified_time\" content=\"2018-03-06T21:11:01+00:00\" \/>\n<meta property=\"og:image\" content=\"https:\/\/wp.kristdemokraterna.se\/varnamo\/files\/2022\/08\/va\u2560ernamo-sida-bla-300dpi.png\" \/>\n\t<meta property=\"og:image:width\" content=\"1485\" \/>\n\t<meta property=\"og:image:height\" content=\"681\" \/>\n\t<meta property=\"og:image:type\" content=\"image\/png\" \/>\n<meta name=\"twitter:card\" content=\"summary_large_image\" \/>\n<meta name=\"twitter:site\" content=\"@KDVarnamo\" \/>\n<meta name=\"twitter:label1\" content=\"Ber\u00e4knad l\u00e4stid\" \/>\n\t<meta name=\"twitter:data1\" content=\"3 minuter\" \/>\n<script type=\"application\/ld+json\" class=\"yoast-schema-graph\">{\"@context\":\"https:\\\/\\\/schema.org\",\"@graph\":[{\"@type\":\"WebPage\",\"@id\":\"https:\\\/\\\/wp.kristdemokraterna.se\\\/varnamo\\\/om-oss\\\/i-varnamopolitiken-sedan-1964\\\/40-ar-for-manniskovardet-faktarutor\\\/\",\"url\":\"https:\\\/\\\/wp.kristdemokraterna.se\\\/varnamo\\\/om-oss\\\/i-varnamopolitiken-sedan-1964\\\/40-ar-for-manniskovardet-faktarutor\\\/\",\"name\":\"40 \u00e5r f\u00f6r m\u00e4nniskov\u00e4rdet \u2013 faktarutor - KRISTDEMOKRATERNA V\u00c4RNAMO\",\"isPartOf\":{\"@id\":\"https:\\\/\\\/wp.kristdemokraterna.se\\\/varnamo\\\/#website\"},\"primaryImageOfPage\":{\"@id\":\"https:\\\/\\\/wp.kristdemokraterna.se\\\/varnamo\\\/om-oss\\\/i-varnamopolitiken-sedan-1964\\\/40-ar-for-manniskovardet-faktarutor\\\/#primaryimage\"},\"image\":{\"@id\":\"https:\\\/\\\/wp.kristdemokraterna.se\\\/varnamo\\\/om-oss\\\/i-varnamopolitiken-sedan-1964\\\/40-ar-for-manniskovardet-faktarutor\\\/#primaryimage\"},\"thumbnailUrl\":\"https:\\\/\\\/wp.kristdemokraterna.se\\\/varnamo\\\/files\\\/2022\\\/08\\\/kd-logo-blue.png\",\"datePublished\":\"2013-11-28T16:25:44+00:00\",\"dateModified\":\"2018-03-06T21:11:01+00:00\",\"breadcrumb\":{\"@id\":\"https:\\\/\\\/wp.kristdemokraterna.se\\\/varnamo\\\/om-oss\\\/i-varnamopolitiken-sedan-1964\\\/40-ar-for-manniskovardet-faktarutor\\\/#breadcrumb\"},\"inLanguage\":\"sv-SE\",\"potentialAction\":[{\"@type\":\"ReadAction\",\"target\":[\"https:\\\/\\\/wp.kristdemokraterna.se\\\/varnamo\\\/om-oss\\\/i-varnamopolitiken-sedan-1964\\\/40-ar-for-manniskovardet-faktarutor\\\/\"]}]},{\"@type\":\"ImageObject\",\"inLanguage\":\"sv-SE\",\"@id\":\"https:\\\/\\\/wp.kristdemokraterna.se\\\/varnamo\\\/om-oss\\\/i-varnamopolitiken-sedan-1964\\\/40-ar-for-manniskovardet-faktarutor\\\/#primaryimage\",\"url\":\"https:\\\/\\\/wp.kristdemokraterna.se\\\/varnamo\\\/files\\\/2022\\\/08\\\/kd-logo-blue.png\",\"contentUrl\":\"https:\\\/\\\/wp.kristdemokraterna.se\\\/varnamo\\\/files\\\/2022\\\/08\\\/kd-logo-blue.png\",\"width\":2000,\"height\":2000,\"caption\":\"Kristdemokraternas logotyp\"},{\"@type\":\"BreadcrumbList\",\"@id\":\"https:\\\/\\\/wp.kristdemokraterna.se\\\/varnamo\\\/om-oss\\\/i-varnamopolitiken-sedan-1964\\\/40-ar-for-manniskovardet-faktarutor\\\/#breadcrumb\",\"itemListElement\":[{\"@type\":\"ListItem\",\"position\":1,\"name\":\"Hem\",\"item\":\"https:\\\/\\\/wp.kristdemokraterna.se\\\/varnamo\\\/\"},{\"@type\":\"ListItem\",\"position\":2,\"name\":\"Om oss\",\"item\":\"https:\\\/\\\/wp.kristdemokraterna.se\\\/varnamo\\\/om-oss\\\/\"},{\"@type\":\"ListItem\",\"position\":3,\"name\":\"I v\u00e4rnamopolitiken sedan 1964\",\"item\":\"https:\\\/\\\/wp.kristdemokraterna.se\\\/varnamo\\\/om-oss\\\/i-varnamopolitiken-sedan-1964\\\/\"},{\"@type\":\"ListItem\",\"position\":4,\"name\":\"40 \u00e5r f\u00f6r m\u00e4nniskov\u00e4rdet \u2013 faktarutor\"}]},{\"@type\":\"WebSite\",\"@id\":\"https:\\\/\\\/wp.kristdemokraterna.se\\\/varnamo\\\/#website\",\"url\":\"https:\\\/\\\/wp.kristdemokraterna.se\\\/varnamo\\\/\",\"name\":\"KRISTDEMOKRATERNA V\u00c4RNAMO\",\"description\":\"Med hj\u00e4rta f\u00f6r V\u00e4rnamo\",\"publisher\":{\"@id\":\"https:\\\/\\\/wp.kristdemokraterna.se\\\/varnamo\\\/#organization\"},\"inLanguage\":\"sv-SE\"},{\"@type\":\"Organization\",\"@id\":\"https:\\\/\\\/wp.kristdemokraterna.se\\\/varnamo\\\/#organization\",\"name\":\"Kristdemokraterna V\u00e4rnamo\",\"url\":\"https:\\\/\\\/wp.kristdemokraterna.se\\\/varnamo\\\/\",\"logo\":{\"@type\":\"ImageObject\",\"inLanguage\":\"sv-SE\",\"@id\":\"https:\\\/\\\/wp.kristdemokraterna.se\\\/varnamo\\\/#\\\/schema\\\/logo\\\/image\\\/\",\"url\":\"https:\\\/\\\/wp.kristdemokraterna.se\\\/varnamo\\\/files\\\/2022\\\/08\\\/va\u2560ernamo-sida-bla-300dpi.png\",\"contentUrl\":\"https:\\\/\\\/wp.kristdemokraterna.se\\\/varnamo\\\/files\\\/2022\\\/08\\\/va\u2560ernamo-sida-bla-300dpi.png\",\"width\":1485,\"height\":681,\"caption\":\"Kristdemokraterna V\u00e4rnamo\"},\"image\":{\"@id\":\"https:\\\/\\\/wp.kristdemokraterna.se\\\/varnamo\\\/#\\\/schema\\\/logo\\\/image\\\/\"},\"sameAs\":[\"https:\\\/\\\/www.facebook.com\\\/KDVarnamo\\\/\",\"https:\\\/\\\/x.com\\\/KDVarnamo\",\"https:\\\/\\\/www.instagram.com\\\/\",\"https:\\\/\\\/www.youtube.com\\\/user\\\/studiokd\\\/videos\"]}]}<\/script>\n<!-- \/ Yoast SEO plugin. -->","yoast_head_json":{"title":"40 \u00e5r f\u00f6r m\u00e4nniskov\u00e4rdet \u2013 faktarutor - KRISTDEMOKRATERNA V\u00c4RNAMO","robots":{"index":"index","follow":"follow","max-snippet":"max-snippet:-1","max-image-preview":"max-image-preview:large","max-video-preview":"max-video-preview:-1"},"canonical":"https:\/\/wp.kristdemokraterna.se\/varnamo\/om-oss\/i-varnamopolitiken-sedan-1964\/40-ar-for-manniskovardet-faktarutor\/","og_locale":"sv_SE","og_type":"article","og_title":"40 \u00e5r f\u00f6r m\u00e4nniskov\u00e4rdet \u2013 faktarutor - KRISTDEMOKRATERNA V\u00c4RNAMO","og_description":"Lokalavdelningen i\u00a0V\u00e4rnamo kommun\u00a0\u00e4r en av\u00a0Kristdemokraternas\u00a0\u00e4ldsta. Den startade redan samma \u00e5r som partiet, d\u00e5varande\u00a0KDS, bildades \u2013 1964. Idag \u00e4r v\u00e4rnamoavdelningen en av de tyngsta avdelningarna i\u00a0j\u00f6nk\u00f6pingsdistriktet\u00a0av Kristdemokraterna, som i sin tur \u00e4r det st\u00f6rsta distriktet i partiet. Denna historik skrevs till lokalavdelningens 40-\u00e5rsjubileum den 29 mars 2004. Denna sida ger en snabb sammanst\u00e4llning av historien i Read More","og_url":"https:\/\/wp.kristdemokraterna.se\/varnamo\/om-oss\/i-varnamopolitiken-sedan-1964\/40-ar-for-manniskovardet-faktarutor\/","og_site_name":"KRISTDEMOKRATERNA V\u00c4RNAMO","article_publisher":"https:\/\/www.facebook.com\/KDVarnamo\/","article_modified_time":"2018-03-06T21:11:01+00:00","og_image":[{"width":1485,"height":681,"url":"https:\/\/wp.kristdemokraterna.se\/varnamo\/files\/2022\/08\/va\u2560ernamo-sida-bla-300dpi.png","type":"image\/png"}],"twitter_card":"summary_large_image","twitter_site":"@KDVarnamo","twitter_misc":{"Ber\u00e4knad l\u00e4stid":"3 minuter"},"schema":{"@context":"https:\/\/schema.org","@graph":[{"@type":"WebPage","@id":"https:\/\/wp.kristdemokraterna.se\/varnamo\/om-oss\/i-varnamopolitiken-sedan-1964\/40-ar-for-manniskovardet-faktarutor\/","url":"https:\/\/wp.kristdemokraterna.se\/varnamo\/om-oss\/i-varnamopolitiken-sedan-1964\/40-ar-for-manniskovardet-faktarutor\/","name":"40 \u00e5r f\u00f6r m\u00e4nniskov\u00e4rdet \u2013 faktarutor - KRISTDEMOKRATERNA V\u00c4RNAMO","isPartOf":{"@id":"https:\/\/wp.kristdemokraterna.se\/varnamo\/#website"},"primaryImageOfPage":{"@id":"https:\/\/wp.kristdemokraterna.se\/varnamo\/om-oss\/i-varnamopolitiken-sedan-1964\/40-ar-for-manniskovardet-faktarutor\/#primaryimage"},"image":{"@id":"https:\/\/wp.kristdemokraterna.se\/varnamo\/om-oss\/i-varnamopolitiken-sedan-1964\/40-ar-for-manniskovardet-faktarutor\/#primaryimage"},"thumbnailUrl":"https:\/\/wp.kristdemokraterna.se\/varnamo\/files\/2022\/08\/kd-logo-blue.png","datePublished":"2013-11-28T16:25:44+00:00","dateModified":"2018-03-06T21:11:01+00:00","breadcrumb":{"@id":"https:\/\/wp.kristdemokraterna.se\/varnamo\/om-oss\/i-varnamopolitiken-sedan-1964\/40-ar-for-manniskovardet-faktarutor\/#breadcrumb"},"inLanguage":"sv-SE","potentialAction":[{"@type":"ReadAction","target":["https:\/\/wp.kristdemokraterna.se\/varnamo\/om-oss\/i-varnamopolitiken-sedan-1964\/40-ar-for-manniskovardet-faktarutor\/"]}]},{"@type":"ImageObject","inLanguage":"sv-SE","@id":"https:\/\/wp.kristdemokraterna.se\/varnamo\/om-oss\/i-varnamopolitiken-sedan-1964\/40-ar-for-manniskovardet-faktarutor\/#primaryimage","url":"https:\/\/wp.kristdemokraterna.se\/varnamo\/files\/2022\/08\/kd-logo-blue.png","contentUrl":"https:\/\/wp.kristdemokraterna.se\/varnamo\/files\/2022\/08\/kd-logo-blue.png","width":2000,"height":2000,"caption":"Kristdemokraternas logotyp"},{"@type":"BreadcrumbList","@id":"https:\/\/wp.kristdemokraterna.se\/varnamo\/om-oss\/i-varnamopolitiken-sedan-1964\/40-ar-for-manniskovardet-faktarutor\/#breadcrumb","itemListElement":[{"@type":"ListItem","position":1,"name":"Hem","item":"https:\/\/wp.kristdemokraterna.se\/varnamo\/"},{"@type":"ListItem","position":2,"name":"Om oss","item":"https:\/\/wp.kristdemokraterna.se\/varnamo\/om-oss\/"},{"@type":"ListItem","position":3,"name":"I v\u00e4rnamopolitiken sedan 1964","item":"https:\/\/wp.kristdemokraterna.se\/varnamo\/om-oss\/i-varnamopolitiken-sedan-1964\/"},{"@type":"ListItem","position":4,"name":"40 \u00e5r f\u00f6r m\u00e4nniskov\u00e4rdet \u2013 faktarutor"}]},{"@type":"WebSite","@id":"https:\/\/wp.kristdemokraterna.se\/varnamo\/#website","url":"https:\/\/wp.kristdemokraterna.se\/varnamo\/","name":"KRISTDEMOKRATERNA V\u00c4RNAMO","description":"Med hj\u00e4rta f\u00f6r V\u00e4rnamo","publisher":{"@id":"https:\/\/wp.kristdemokraterna.se\/varnamo\/#organization"},"inLanguage":"sv-SE"},{"@type":"Organization","@id":"https:\/\/wp.kristdemokraterna.se\/varnamo\/#organization","name":"Kristdemokraterna V\u00e4rnamo","url":"https:\/\/wp.kristdemokraterna.se\/varnamo\/","logo":{"@type":"ImageObject","inLanguage":"sv-SE","@id":"https:\/\/wp.kristdemokraterna.se\/varnamo\/#\/schema\/logo\/image\/","url":"https:\/\/wp.kristdemokraterna.se\/varnamo\/files\/2022\/08\/va\u2560ernamo-sida-bla-300dpi.png","contentUrl":"https:\/\/wp.kristdemokraterna.se\/varnamo\/files\/2022\/08\/va\u2560ernamo-sida-bla-300dpi.png","width":1485,"height":681,"caption":"Kristdemokraterna V\u00e4rnamo"},"image":{"@id":"https:\/\/wp.kristdemokraterna.se\/varnamo\/#\/schema\/logo\/image\/"},"sameAs":["https:\/\/www.facebook.com\/KDVarnamo\/","https:\/\/x.com\/KDVarnamo","https:\/\/www.instagram.com\/","https:\/\/www.youtube.com\/user\/studiokd\/videos"]}]}},"_links":{"self":[{"href":"https:\/\/wp.kristdemokraterna.se\/varnamo\/wp-json\/wp\/v2\/pages\/3899","targetHints":{"allow":["GET"]}}],"collection":[{"href":"https:\/\/wp.kristdemokraterna.se\/varnamo\/wp-json\/wp\/v2\/pages"}],"about":[{"href":"https:\/\/wp.kristdemokraterna.se\/varnamo\/wp-json\/wp\/v2\/types\/page"}],"author":[{"embeddable":true,"href":"https:\/\/wp.kristdemokraterna.se\/varnamo\/wp-json\/wp\/v2\/users\/412"}],"replies":[{"embeddable":true,"href":"https:\/\/wp.kristdemokraterna.se\/varnamo\/wp-json\/wp\/v2\/comments?post=3899"}],"version-history":[{"count":15,"href":"https:\/\/wp.kristdemokraterna.se\/varnamo\/wp-json\/wp\/v2\/pages\/3899\/revisions"}],"predecessor-version":[{"id":7661,"href":"https:\/\/wp.kristdemokraterna.se\/varnamo\/wp-json\/wp\/v2\/pages\/3899\/revisions\/7661"}],"up":[{"embeddable":true,"href":"https:\/\/wp.kristdemokraterna.se\/varnamo\/wp-json\/wp\/v2\/pages\/3895"}],"wp:featuredmedia":[{"embeddable":true,"href":"https:\/\/wp.kristdemokraterna.se\/varnamo\/wp-json\/wp\/v2\/media\/9638"}],"wp:attachment":[{"href":"https:\/\/wp.kristdemokraterna.se\/varnamo\/wp-json\/wp\/v2\/media?parent=3899"}],"curies":[{"name":"wp","href":"https:\/\/api.w.org\/{rel}","templated":true}]}}