{"id":3903,"date":"2013-11-28T14:25:48","date_gmt":"2013-11-28T13:25:48","guid":{"rendered":"http:\/\/wp.kristdemokraterna.se\/varnamo\/?page_id=3903"},"modified":"2018-03-06T22:11:01","modified_gmt":"2018-03-06T21:11:01","slug":"vitsippspriset","status":"publish","type":"page","link":"https:\/\/wp.kristdemokraterna.se\/varnamo\/vitsippspriset\/","title":{"rendered":"Vitsippspriset"},"content":{"rendered":"<p>Sedan 1997 har Kristdemokraterna V\u00e4rnamo delat ut Vitsippspriset varje \u00e5r i samband med Alla hj\u00e4rtans dag.\u00a0Vitsippan \u00e4r Kristdemokraternas partiblomma. Associationerna g\u00e5r till v\u00e5rens ob\u00e4ndiga v\u00e4xtkraft och att vitsippan \u00e4r s\u00e5 sv\u00e5r att utrota, precis som m\u00e4nniskors engagemang i samh\u00e4llet. Vitsippspriset delas ut f\u00f6r sm\u00e5 och stora insatser som \u00e4r viktiga f\u00f6r samh\u00e4llet, ofta utf\u00f6rda i det tysta.<\/p>\n<div style=\"width: 310px\" class=\"wp-caption aligncenter\"><a href=\"http:\/\/wp.kristdemokraterna.se\/varnamo\/files\/2013\/03\/vitsippspriset.png\"><img loading=\"lazy\" decoding=\"async\" title=\"Vitsippspriset, en formsk\u00f6nt designad vas i kristall. (Foto: H\u00e5kan Johansson)\" src=\"http:\/\/wp.kristdemokraterna.se\/varnamo\/files\/2013\/03\/vitsippspriset.png\" alt=\"Vitsippspriset, en formsk\u00f6nt designad vas i kristall. (Foto: H\u00e5kan Johansson)\" width=\"300\" height=\"400\" \/><\/a><p class=\"wp-caption-text\">Vitsippspriset, en formsk\u00f6nt designad vas i kristall. (Foto: H\u00e5kan Johansson)<\/p><\/div>\n<h2>Samtliga mottagare av Vitsippspriset<\/h2>\n<p>[<a title=\"Vitsippspristagare sedan 1997\" href=\"http:\/\/wp.kristdemokraterna.se\/varnamo\/kategorier\/nyheter\/vitsippspriset\/\">Vitsippspristagare sedan 1997<\/a>]<\/p>\n","protected":false},"excerpt":{"rendered":"<p>Sedan 1997 har Kristdemokraterna V\u00e4rnamo delat ut Vitsippspriset varje \u00e5r i samband med Alla hj\u00e4rtans dag.\u00a0Vitsippan \u00e4r Kristdemokraternas partiblomma. Associationerna g\u00e5r till v\u00e5rens ob\u00e4ndiga v\u00e4xtkraft och att vitsippan \u00e4r s\u00e5 sv\u00e5r att utrota, precis som m\u00e4nniskors engagemang i samh\u00e4llet. Vitsippspriset delas ut f\u00f6r sm\u00e5 och stora insatser som \u00e4r viktiga f\u00f6r samh\u00e4llet, ofta utf\u00f6rda i <a class=\"read-more-link\" href=\"https:\/\/wp.kristdemokraterna.se\/varnamo\/vitsippspriset\/\">Read More<\/a><\/p>\n","protected":false},"author":412,"featured_media":9638,"parent":0,"menu_order":0,"comment_status":"closed","ping_status":"closed","template":"","meta":{"_acf_changed":false,"footnotes":""},"class_list":["post-3903","page","type-page","status-publish","hentry"],"acf":[],"yoast_head":"<!-- This site is optimized with the Yoast SEO plugin v27.4 - https:\/\/yoast.com\/product\/yoast-seo-wordpress\/ -->\n<title>Vitsippspriset - KRISTDEMOKRATERNA V\u00c4RNAMO<\/title>\n<meta name=\"robots\" content=\"index, follow, max-snippet:-1, max-image-preview:large, max-video-preview:-1\" \/>\n<link rel=\"canonical\" href=\"https:\/\/wp.kristdemokraterna.se\/varnamo\/vitsippspriset\/\" \/>\n<meta property=\"og:locale\" content=\"sv_SE\" \/>\n<meta property=\"og:type\" content=\"article\" \/>\n<meta property=\"og:title\" content=\"Vitsippspriset - KRISTDEMOKRATERNA V\u00c4RNAMO\" \/>\n<meta property=\"og:description\" content=\"Sedan 1997 har Kristdemokraterna V\u00e4rnamo delat ut Vitsippspriset varje \u00e5r i samband med Alla hj\u00e4rtans dag.\u00a0Vitsippan \u00e4r Kristdemokraternas partiblomma. Associationerna g\u00e5r till v\u00e5rens ob\u00e4ndiga v\u00e4xtkraft och att vitsippan \u00e4r s\u00e5 sv\u00e5r att utrota, precis som m\u00e4nniskors engagemang i samh\u00e4llet. Vitsippspriset delas ut f\u00f6r sm\u00e5 och stora insatser som \u00e4r viktiga f\u00f6r samh\u00e4llet, ofta utf\u00f6rda i Read More\" \/>\n<meta property=\"og:url\" content=\"https:\/\/wp.kristdemokraterna.se\/varnamo\/vitsippspriset\/\" \/>\n<meta property=\"og:site_name\" content=\"KRISTDEMOKRATERNA V\u00c4RNAMO\" \/>\n<meta property=\"article:publisher\" content=\"https:\/\/www.facebook.com\/KDVarnamo\/\" \/>\n<meta property=\"article:modified_time\" content=\"2018-03-06T21:11:01+00:00\" \/>\n<meta property=\"og:image\" content=\"http:\/\/wp.kristdemokraterna.se\/varnamo\/files\/2013\/03\/vitsippspriset.png\" \/>\n<meta name=\"twitter:card\" content=\"summary_large_image\" \/>\n<meta name=\"twitter:site\" content=\"@KDVarnamo\" \/>\n<script type=\"application\/ld+json\" class=\"yoast-schema-graph\">{\"@context\":\"https:\\\/\\\/schema.org\",\"@graph\":[{\"@type\":\"WebPage\",\"@id\":\"https:\\\/\\\/wp.kristdemokraterna.se\\\/varnamo\\\/vitsippspriset\\\/\",\"url\":\"https:\\\/\\\/wp.kristdemokraterna.se\\\/varnamo\\\/vitsippspriset\\\/\",\"name\":\"Vitsippspriset - KRISTDEMOKRATERNA V\u00c4RNAMO\",\"isPartOf\":{\"@id\":\"https:\\\/\\\/wp.kristdemokraterna.se\\\/varnamo\\\/#website\"},\"primaryImageOfPage\":{\"@id\":\"https:\\\/\\\/wp.kristdemokraterna.se\\\/varnamo\\\/vitsippspriset\\\/#primaryimage\"},\"image\":{\"@id\":\"https:\\\/\\\/wp.kristdemokraterna.se\\\/varnamo\\\/vitsippspriset\\\/#primaryimage\"},\"thumbnailUrl\":\"https:\\\/\\\/wp.kristdemokraterna.se\\\/varnamo\\\/files\\\/2022\\\/08\\\/kd-logo-blue.png\",\"datePublished\":\"2013-11-28T13:25:48+00:00\",\"dateModified\":\"2018-03-06T21:11:01+00:00\",\"breadcrumb\":{\"@id\":\"https:\\\/\\\/wp.kristdemokraterna.se\\\/varnamo\\\/vitsippspriset\\\/#breadcrumb\"},\"inLanguage\":\"sv-SE\",\"potentialAction\":[{\"@type\":\"ReadAction\",\"target\":[\"https:\\\/\\\/wp.kristdemokraterna.se\\\/varnamo\\\/vitsippspriset\\\/\"]}]},{\"@type\":\"ImageObject\",\"inLanguage\":\"sv-SE\",\"@id\":\"https:\\\/\\\/wp.kristdemokraterna.se\\\/varnamo\\\/vitsippspriset\\\/#primaryimage\",\"url\":\"https:\\\/\\\/wp.kristdemokraterna.se\\\/varnamo\\\/files\\\/2022\\\/08\\\/kd-logo-blue.png\",\"contentUrl\":\"https:\\\/\\\/wp.kristdemokraterna.se\\\/varnamo\\\/files\\\/2022\\\/08\\\/kd-logo-blue.png\",\"width\":2000,\"height\":2000,\"caption\":\"Kristdemokraternas logotyp\"},{\"@type\":\"BreadcrumbList\",\"@id\":\"https:\\\/\\\/wp.kristdemokraterna.se\\\/varnamo\\\/vitsippspriset\\\/#breadcrumb\",\"itemListElement\":[{\"@type\":\"ListItem\",\"position\":1,\"name\":\"Hem\",\"item\":\"https:\\\/\\\/wp.kristdemokraterna.se\\\/varnamo\\\/\"},{\"@type\":\"ListItem\",\"position\":2,\"name\":\"Vitsippspriset\"}]},{\"@type\":\"WebSite\",\"@id\":\"https:\\\/\\\/wp.kristdemokraterna.se\\\/varnamo\\\/#website\",\"url\":\"https:\\\/\\\/wp.kristdemokraterna.se\\\/varnamo\\\/\",\"name\":\"KRISTDEMOKRATERNA V\u00c4RNAMO\",\"description\":\"Med hj\u00e4rta f\u00f6r V\u00e4rnamo\",\"publisher\":{\"@id\":\"https:\\\/\\\/wp.kristdemokraterna.se\\\/varnamo\\\/#organization\"},\"inLanguage\":\"sv-SE\"},{\"@type\":\"Organization\",\"@id\":\"https:\\\/\\\/wp.kristdemokraterna.se\\\/varnamo\\\/#organization\",\"name\":\"Kristdemokraterna V\u00e4rnamo\",\"url\":\"https:\\\/\\\/wp.kristdemokraterna.se\\\/varnamo\\\/\",\"logo\":{\"@type\":\"ImageObject\",\"inLanguage\":\"sv-SE\",\"@id\":\"https:\\\/\\\/wp.kristdemokraterna.se\\\/varnamo\\\/#\\\/schema\\\/logo\\\/image\\\/\",\"url\":\"https:\\\/\\\/wp.kristdemokraterna.se\\\/varnamo\\\/files\\\/2022\\\/08\\\/va\u2560ernamo-sida-bla-300dpi.png\",\"contentUrl\":\"https:\\\/\\\/wp.kristdemokraterna.se\\\/varnamo\\\/files\\\/2022\\\/08\\\/va\u2560ernamo-sida-bla-300dpi.png\",\"width\":1485,\"height\":681,\"caption\":\"Kristdemokraterna V\u00e4rnamo\"},\"image\":{\"@id\":\"https:\\\/\\\/wp.kristdemokraterna.se\\\/varnamo\\\/#\\\/schema\\\/logo\\\/image\\\/\"},\"sameAs\":[\"https:\\\/\\\/www.facebook.com\\\/KDVarnamo\\\/\",\"https:\\\/\\\/x.com\\\/KDVarnamo\",\"https:\\\/\\\/www.instagram.com\\\/\",\"https:\\\/\\\/www.youtube.com\\\/user\\\/studiokd\\\/videos\"]}]}<\/script>\n<!-- \/ Yoast SEO plugin. -->","yoast_head_json":{"title":"Vitsippspriset - KRISTDEMOKRATERNA V\u00c4RNAMO","robots":{"index":"index","follow":"follow","max-snippet":"max-snippet:-1","max-image-preview":"max-image-preview:large","max-video-preview":"max-video-preview:-1"},"canonical":"https:\/\/wp.kristdemokraterna.se\/varnamo\/vitsippspriset\/","og_locale":"sv_SE","og_type":"article","og_title":"Vitsippspriset - KRISTDEMOKRATERNA V\u00c4RNAMO","og_description":"Sedan 1997 har Kristdemokraterna V\u00e4rnamo delat ut Vitsippspriset varje \u00e5r i samband med Alla hj\u00e4rtans dag.\u00a0Vitsippan \u00e4r Kristdemokraternas partiblomma. Associationerna g\u00e5r till v\u00e5rens ob\u00e4ndiga v\u00e4xtkraft och att vitsippan \u00e4r s\u00e5 sv\u00e5r att utrota, precis som m\u00e4nniskors engagemang i samh\u00e4llet. Vitsippspriset delas ut f\u00f6r sm\u00e5 och stora insatser som \u00e4r viktiga f\u00f6r samh\u00e4llet, ofta utf\u00f6rda i Read More","og_url":"https:\/\/wp.kristdemokraterna.se\/varnamo\/vitsippspriset\/","og_site_name":"KRISTDEMOKRATERNA V\u00c4RNAMO","article_publisher":"https:\/\/www.facebook.com\/KDVarnamo\/","article_modified_time":"2018-03-06T21:11:01+00:00","og_image":[{"url":"http:\/\/wp.kristdemokraterna.se\/varnamo\/files\/2013\/03\/vitsippspriset.png","type":"","width":"","height":""}],"twitter_card":"summary_large_image","twitter_site":"@KDVarnamo","schema":{"@context":"https:\/\/schema.org","@graph":[{"@type":"WebPage","@id":"https:\/\/wp.kristdemokraterna.se\/varnamo\/vitsippspriset\/","url":"https:\/\/wp.kristdemokraterna.se\/varnamo\/vitsippspriset\/","name":"Vitsippspriset - KRISTDEMOKRATERNA V\u00c4RNAMO","isPartOf":{"@id":"https:\/\/wp.kristdemokraterna.se\/varnamo\/#website"},"primaryImageOfPage":{"@id":"https:\/\/wp.kristdemokraterna.se\/varnamo\/vitsippspriset\/#primaryimage"},"image":{"@id":"https:\/\/wp.kristdemokraterna.se\/varnamo\/vitsippspriset\/#primaryimage"},"thumbnailUrl":"https:\/\/wp.kristdemokraterna.se\/varnamo\/files\/2022\/08\/kd-logo-blue.png","datePublished":"2013-11-28T13:25:48+00:00","dateModified":"2018-03-06T21:11:01+00:00","breadcrumb":{"@id":"https:\/\/wp.kristdemokraterna.se\/varnamo\/vitsippspriset\/#breadcrumb"},"inLanguage":"sv-SE","potentialAction":[{"@type":"ReadAction","target":["https:\/\/wp.kristdemokraterna.se\/varnamo\/vitsippspriset\/"]}]},{"@type":"ImageObject","inLanguage":"sv-SE","@id":"https:\/\/wp.kristdemokraterna.se\/varnamo\/vitsippspriset\/#primaryimage","url":"https:\/\/wp.kristdemokraterna.se\/varnamo\/files\/2022\/08\/kd-logo-blue.png","contentUrl":"https:\/\/wp.kristdemokraterna.se\/varnamo\/files\/2022\/08\/kd-logo-blue.png","width":2000,"height":2000,"caption":"Kristdemokraternas logotyp"},{"@type":"BreadcrumbList","@id":"https:\/\/wp.kristdemokraterna.se\/varnamo\/vitsippspriset\/#breadcrumb","itemListElement":[{"@type":"ListItem","position":1,"name":"Hem","item":"https:\/\/wp.kristdemokraterna.se\/varnamo\/"},{"@type":"ListItem","position":2,"name":"Vitsippspriset"}]},{"@type":"WebSite","@id":"https:\/\/wp.kristdemokraterna.se\/varnamo\/#website","url":"https:\/\/wp.kristdemokraterna.se\/varnamo\/","name":"KRISTDEMOKRATERNA V\u00c4RNAMO","description":"Med hj\u00e4rta f\u00f6r V\u00e4rnamo","publisher":{"@id":"https:\/\/wp.kristdemokraterna.se\/varnamo\/#organization"},"inLanguage":"sv-SE"},{"@type":"Organization","@id":"https:\/\/wp.kristdemokraterna.se\/varnamo\/#organization","name":"Kristdemokraterna V\u00e4rnamo","url":"https:\/\/wp.kristdemokraterna.se\/varnamo\/","logo":{"@type":"ImageObject","inLanguage":"sv-SE","@id":"https:\/\/wp.kristdemokraterna.se\/varnamo\/#\/schema\/logo\/image\/","url":"https:\/\/wp.kristdemokraterna.se\/varnamo\/files\/2022\/08\/va\u2560ernamo-sida-bla-300dpi.png","contentUrl":"https:\/\/wp.kristdemokraterna.se\/varnamo\/files\/2022\/08\/va\u2560ernamo-sida-bla-300dpi.png","width":1485,"height":681,"caption":"Kristdemokraterna V\u00e4rnamo"},"image":{"@id":"https:\/\/wp.kristdemokraterna.se\/varnamo\/#\/schema\/logo\/image\/"},"sameAs":["https:\/\/www.facebook.com\/KDVarnamo\/","https:\/\/x.com\/KDVarnamo","https:\/\/www.instagram.com\/","https:\/\/www.youtube.com\/user\/studiokd\/videos"]}]}},"_links":{"self":[{"href":"https:\/\/wp.kristdemokraterna.se\/varnamo\/wp-json\/wp\/v2\/pages\/3903","targetHints":{"allow":["GET"]}}],"collection":[{"href":"https:\/\/wp.kristdemokraterna.se\/varnamo\/wp-json\/wp\/v2\/pages"}],"about":[{"href":"https:\/\/wp.kristdemokraterna.se\/varnamo\/wp-json\/wp\/v2\/types\/page"}],"author":[{"embeddable":true,"href":"https:\/\/wp.kristdemokraterna.se\/varnamo\/wp-json\/wp\/v2\/users\/412"}],"replies":[{"embeddable":true,"href":"https:\/\/wp.kristdemokraterna.se\/varnamo\/wp-json\/wp\/v2\/comments?post=3903"}],"version-history":[{"count":12,"href":"https:\/\/wp.kristdemokraterna.se\/varnamo\/wp-json\/wp\/v2\/pages\/3903\/revisions"}],"predecessor-version":[{"id":7849,"href":"https:\/\/wp.kristdemokraterna.se\/varnamo\/wp-json\/wp\/v2\/pages\/3903\/revisions\/7849"}],"wp:featuredmedia":[{"embeddable":true,"href":"https:\/\/wp.kristdemokraterna.se\/varnamo\/wp-json\/wp\/v2\/media\/9638"}],"wp:attachment":[{"href":"https:\/\/wp.kristdemokraterna.se\/varnamo\/wp-json\/wp\/v2\/media?parent=3903"}],"curies":[{"name":"wp","href":"https:\/\/api.w.org\/{rel}","templated":true}]}}