{"id":7959,"date":"2018-03-06T16:48:40","date_gmt":"2018-03-06T15:48:40","guid":{"rendered":"http:\/\/wp.kristdemokraterna.se\/varnamo\/?page_id=7959"},"modified":"2022-08-18T20:31:26","modified_gmt":"2022-08-18T18:31:26","slug":"kristdemokraterna-varnamo","status":"publish","type":"page","link":"https:\/\/wp.kristdemokraterna.se\/varnamo\/","title":{"rendered":"Kristdemokraterna V\u00e4rnamo &#8211; Startsida"},"content":{"rendered":"<p><strong><a href=\"https:\/\/www.kristdemokraterna.se\">Kristdemokraterna<\/a> <a href=\"https:\/\/kommun.varnamo.se\">V\u00e4rnamo<\/a>: V\u00e5rt m\u00e5l \u00e4r ett samh\u00e4lle d\u00e4r friheten att forma sitt eget liv g\u00e5r hand i hand med ansvaret f\u00f6r sin medm\u00e4nniska. Vi vill bygga ett samh\u00e4lle som h\u00e5ller samman. Ingen ska beh\u00f6va st\u00e5 tillbaka. Ingen ska hamna efter.<\/strong><a href=\"https:\/\/wp.kristdemokraterna.se\/varnamo\"><img loading=\"lazy\" decoding=\"async\" class=\"size-large wp-image-7396\" src=\"http:\/\/wp.kristdemokraterna.se\/varnamo\/files\/2017\/04\/https-kristdemokraterna.se-wp-content-uploads-2017-04-kd_standard_cmyk-540x500.jpg\" alt=\"Kristdemokraterna V\u00e4rnamo\" width=\"1\" height=\"1\" srcset=\"https:\/\/wp.kristdemokraterna.se\/varnamo\/files\/2017\/04\/https-kristdemokraterna.se-wp-content-uploads-2017-04-kd_standard_cmyk-540x500.jpg 540w, https:\/\/wp.kristdemokraterna.se\/varnamo\/files\/2017\/04\/https-kristdemokraterna.se-wp-content-uploads-2017-04-kd_standard_cmyk-150x150.jpg 150w, https:\/\/wp.kristdemokraterna.se\/varnamo\/files\/2017\/04\/https-kristdemokraterna.se-wp-content-uploads-2017-04-kd_standard_cmyk-300x278.jpg 300w, https:\/\/wp.kristdemokraterna.se\/varnamo\/files\/2017\/04\/https-kristdemokraterna.se-wp-content-uploads-2017-04-kd_standard_cmyk-478x262.jpg 478w, https:\/\/wp.kristdemokraterna.se\/varnamo\/files\/2017\/04\/https-kristdemokraterna.se-wp-content-uploads-2017-04-kd_standard_cmyk-645x350.jpg 645w, https:\/\/wp.kristdemokraterna.se\/varnamo\/files\/2017\/04\/https-kristdemokraterna.se-wp-content-uploads-2017-04-kd_standard_cmyk-140x96.jpg 140w, https:\/\/wp.kristdemokraterna.se\/varnamo\/files\/2017\/04\/https-kristdemokraterna.se-wp-content-uploads-2017-04-kd_standard_cmyk.jpg 754w\" sizes=\"auto, (max-width: 1px) 100vw, 1px\" \/><\/a><\/p>\n","protected":false},"excerpt":{"rendered":"<p>Kristdemokraterna V\u00e4rnamo: V\u00e5rt m\u00e5l \u00e4r ett samh\u00e4lle d\u00e4r friheten att forma sitt eget liv g\u00e5r hand i hand med ansvaret f\u00f6r sin medm\u00e4nniska. Vi vill bygga ett samh\u00e4lle som h\u00e5ller samman. Ingen ska beh\u00f6va st\u00e5 tillbaka. Ingen ska hamna efter.<\/p>\n","protected":false},"author":444,"featured_media":9638,"parent":0,"menu_order":0,"comment_status":"closed","ping_status":"closed","template":"index.php","meta":{"_acf_changed":false,"footnotes":""},"class_list":["post-7959","page","type-page","status-publish","hentry"],"acf":[],"yoast_head":"<!-- This site is optimized with the Yoast SEO plugin v27.3 - https:\/\/yoast.com\/product\/yoast-seo-wordpress\/ -->\n<title>- KRISTDEMOKRATERNA V\u00c4RNAMO - Med hj\u00e4rta f\u00f6r V\u00e4rnamo<\/title>\n<meta name=\"description\" content=\"Startsida f\u00f6r Kristdemokraterna V\u00e4rnamo. H\u00e4r kan du hitta information om kontaktuppgifter, politik och f\u00f6rtroendevalda med mera\" \/>\n<meta name=\"robots\" content=\"index, follow, max-snippet:-1, max-image-preview:large, max-video-preview:-1\" \/>\n<link rel=\"canonical\" href=\"https:\/\/wp.kristdemokraterna.se\/varnamo\/\" \/>\n<meta property=\"og:locale\" content=\"sv_SE\" \/>\n<meta property=\"og:type\" content=\"article\" \/>\n<meta property=\"og:title\" content=\"- KRISTDEMOKRATERNA V\u00c4RNAMO - Med hj\u00e4rta f\u00f6r V\u00e4rnamo\" \/>\n<meta property=\"og:description\" content=\"Startsida f\u00f6r Kristdemokraterna V\u00e4rnamo. H\u00e4r kan du hitta information om kontaktuppgifter, politik och f\u00f6rtroendevalda med mera\" \/>\n<meta property=\"og:url\" content=\"https:\/\/wp.kristdemokraterna.se\/varnamo\/\" \/>\n<meta property=\"og:site_name\" content=\"KRISTDEMOKRATERNA V\u00c4RNAMO\" \/>\n<meta property=\"article:publisher\" content=\"https:\/\/www.facebook.com\/KDVarnamo\/\" \/>\n<meta property=\"article:modified_time\" content=\"2022-08-18T18:31:26+00:00\" \/>\n<meta property=\"og:image\" content=\"http:\/\/wp.kristdemokraterna.se\/varnamo\/files\/2017\/04\/https-kristdemokraterna.se-wp-content-uploads-2017-04-kd_standard_cmyk.jpg\" \/>\n\t<meta property=\"og:image:width\" content=\"754\" \/>\n\t<meta property=\"og:image:height\" content=\"698\" \/>\n\t<meta property=\"og:image:type\" content=\"image\/jpeg\" \/>\n<meta name=\"twitter:card\" content=\"summary_large_image\" \/>\n<meta name=\"twitter:image\" content=\"https:\/\/wp.kristdemokraterna.se\/varnamo\/files\/2017\/04\/https-kristdemokraterna.se-wp-content-uploads-2017-04-kd_standard_cmyk.jpg\" \/>\n<meta name=\"twitter:site\" content=\"@KDVarnamo\" \/>\n<meta name=\"twitter:label1\" content=\"Ber\u00e4knad l\u00e4stid\" \/>\n\t<meta name=\"twitter:data1\" content=\"1 minut\" \/>\n<script type=\"application\/ld+json\" class=\"yoast-schema-graph\">{\"@context\":\"https:\\\/\\\/schema.org\",\"@graph\":[{\"@type\":\"WebPage\",\"@id\":\"https:\\\/\\\/wp.kristdemokraterna.se\\\/varnamo\\\/\",\"url\":\"https:\\\/\\\/wp.kristdemokraterna.se\\\/varnamo\\\/\",\"name\":\"- KRISTDEMOKRATERNA V\u00c4RNAMO - Med hj\u00e4rta f\u00f6r V\u00e4rnamo\",\"isPartOf\":{\"@id\":\"https:\\\/\\\/wp.kristdemokraterna.se\\\/varnamo\\\/#website\"},\"primaryImageOfPage\":{\"@id\":\"https:\\\/\\\/wp.kristdemokraterna.se\\\/varnamo\\\/#primaryimage\"},\"image\":{\"@id\":\"https:\\\/\\\/wp.kristdemokraterna.se\\\/varnamo\\\/#primaryimage\"},\"thumbnailUrl\":\"https:\\\/\\\/wp.kristdemokraterna.se\\\/varnamo\\\/files\\\/2022\\\/08\\\/kd-logo-blue.png\",\"datePublished\":\"2018-03-06T15:48:40+00:00\",\"dateModified\":\"2022-08-18T18:31:26+00:00\",\"description\":\"Startsida f\u00f6r Kristdemokraterna V\u00e4rnamo. H\u00e4r kan du hitta information om kontaktuppgifter, politik och f\u00f6rtroendevalda med mera\",\"breadcrumb\":{\"@id\":\"https:\\\/\\\/wp.kristdemokraterna.se\\\/varnamo\\\/#breadcrumb\"},\"inLanguage\":\"sv-SE\",\"potentialAction\":[{\"@type\":\"ReadAction\",\"target\":[\"https:\\\/\\\/wp.kristdemokraterna.se\\\/varnamo\\\/\"]}]},{\"@type\":\"ImageObject\",\"inLanguage\":\"sv-SE\",\"@id\":\"https:\\\/\\\/wp.kristdemokraterna.se\\\/varnamo\\\/#primaryimage\",\"url\":\"https:\\\/\\\/wp.kristdemokraterna.se\\\/varnamo\\\/files\\\/2022\\\/08\\\/kd-logo-blue.png\",\"contentUrl\":\"https:\\\/\\\/wp.kristdemokraterna.se\\\/varnamo\\\/files\\\/2022\\\/08\\\/kd-logo-blue.png\",\"width\":2000,\"height\":2000,\"caption\":\"Kristdemokraternas logotyp\"},{\"@type\":\"BreadcrumbList\",\"@id\":\"https:\\\/\\\/wp.kristdemokraterna.se\\\/varnamo\\\/#breadcrumb\",\"itemListElement\":[{\"@type\":\"ListItem\",\"position\":1,\"name\":\"Hem\",\"item\":\"https:\\\/\\\/wp.kristdemokraterna.se\\\/varnamo\\\/\"},{\"@type\":\"ListItem\",\"position\":2,\"name\":\"Kristdemokraterna V\u00e4rnamo &#8211; Startsida\"}]},{\"@type\":\"WebSite\",\"@id\":\"https:\\\/\\\/wp.kristdemokraterna.se\\\/varnamo\\\/#website\",\"url\":\"https:\\\/\\\/wp.kristdemokraterna.se\\\/varnamo\\\/\",\"name\":\"KRISTDEMOKRATERNA V\u00c4RNAMO\",\"description\":\"Med hj\u00e4rta f\u00f6r V\u00e4rnamo\",\"publisher\":{\"@id\":\"https:\\\/\\\/wp.kristdemokraterna.se\\\/varnamo\\\/#organization\"},\"inLanguage\":\"sv-SE\"},{\"@type\":\"Organization\",\"@id\":\"https:\\\/\\\/wp.kristdemokraterna.se\\\/varnamo\\\/#organization\",\"name\":\"Kristdemokraterna V\u00e4rnamo\",\"url\":\"https:\\\/\\\/wp.kristdemokraterna.se\\\/varnamo\\\/\",\"logo\":{\"@type\":\"ImageObject\",\"inLanguage\":\"sv-SE\",\"@id\":\"https:\\\/\\\/wp.kristdemokraterna.se\\\/varnamo\\\/#\\\/schema\\\/logo\\\/image\\\/\",\"url\":\"https:\\\/\\\/wp.kristdemokraterna.se\\\/varnamo\\\/files\\\/2022\\\/08\\\/va\u2560ernamo-sida-bla-300dpi.png\",\"contentUrl\":\"https:\\\/\\\/wp.kristdemokraterna.se\\\/varnamo\\\/files\\\/2022\\\/08\\\/va\u2560ernamo-sida-bla-300dpi.png\",\"width\":1485,\"height\":681,\"caption\":\"Kristdemokraterna V\u00e4rnamo\"},\"image\":{\"@id\":\"https:\\\/\\\/wp.kristdemokraterna.se\\\/varnamo\\\/#\\\/schema\\\/logo\\\/image\\\/\"},\"sameAs\":[\"https:\\\/\\\/www.facebook.com\\\/KDVarnamo\\\/\",\"https:\\\/\\\/x.com\\\/KDVarnamo\",\"https:\\\/\\\/www.instagram.com\\\/\",\"https:\\\/\\\/www.youtube.com\\\/user\\\/studiokd\\\/videos\"]}]}<\/script>\n<!-- \/ Yoast SEO plugin. -->","yoast_head_json":{"title":"- KRISTDEMOKRATERNA V\u00c4RNAMO - Med hj\u00e4rta f\u00f6r V\u00e4rnamo","description":"Startsida f\u00f6r Kristdemokraterna V\u00e4rnamo. H\u00e4r kan du hitta information om kontaktuppgifter, politik och f\u00f6rtroendevalda med mera","robots":{"index":"index","follow":"follow","max-snippet":"max-snippet:-1","max-image-preview":"max-image-preview:large","max-video-preview":"max-video-preview:-1"},"canonical":"https:\/\/wp.kristdemokraterna.se\/varnamo\/","og_locale":"sv_SE","og_type":"article","og_title":"- KRISTDEMOKRATERNA V\u00c4RNAMO - Med hj\u00e4rta f\u00f6r V\u00e4rnamo","og_description":"Startsida f\u00f6r Kristdemokraterna V\u00e4rnamo. H\u00e4r kan du hitta information om kontaktuppgifter, politik och f\u00f6rtroendevalda med mera","og_url":"https:\/\/wp.kristdemokraterna.se\/varnamo\/","og_site_name":"KRISTDEMOKRATERNA V\u00c4RNAMO","article_publisher":"https:\/\/www.facebook.com\/KDVarnamo\/","article_modified_time":"2022-08-18T18:31:26+00:00","og_image":[{"width":754,"height":698,"url":"http:\/\/wp.kristdemokraterna.se\/varnamo\/files\/2017\/04\/https-kristdemokraterna.se-wp-content-uploads-2017-04-kd_standard_cmyk.jpg","type":"image\/jpeg"}],"twitter_card":"summary_large_image","twitter_image":"https:\/\/wp.kristdemokraterna.se\/varnamo\/files\/2017\/04\/https-kristdemokraterna.se-wp-content-uploads-2017-04-kd_standard_cmyk.jpg","twitter_site":"@KDVarnamo","twitter_misc":{"Ber\u00e4knad l\u00e4stid":"1 minut"},"schema":{"@context":"https:\/\/schema.org","@graph":[{"@type":"WebPage","@id":"https:\/\/wp.kristdemokraterna.se\/varnamo\/","url":"https:\/\/wp.kristdemokraterna.se\/varnamo\/","name":"- KRISTDEMOKRATERNA V\u00c4RNAMO - Med hj\u00e4rta f\u00f6r V\u00e4rnamo","isPartOf":{"@id":"https:\/\/wp.kristdemokraterna.se\/varnamo\/#website"},"primaryImageOfPage":{"@id":"https:\/\/wp.kristdemokraterna.se\/varnamo\/#primaryimage"},"image":{"@id":"https:\/\/wp.kristdemokraterna.se\/varnamo\/#primaryimage"},"thumbnailUrl":"https:\/\/wp.kristdemokraterna.se\/varnamo\/files\/2022\/08\/kd-logo-blue.png","datePublished":"2018-03-06T15:48:40+00:00","dateModified":"2022-08-18T18:31:26+00:00","description":"Startsida f\u00f6r Kristdemokraterna V\u00e4rnamo. H\u00e4r kan du hitta information om kontaktuppgifter, politik och f\u00f6rtroendevalda med mera","breadcrumb":{"@id":"https:\/\/wp.kristdemokraterna.se\/varnamo\/#breadcrumb"},"inLanguage":"sv-SE","potentialAction":[{"@type":"ReadAction","target":["https:\/\/wp.kristdemokraterna.se\/varnamo\/"]}]},{"@type":"ImageObject","inLanguage":"sv-SE","@id":"https:\/\/wp.kristdemokraterna.se\/varnamo\/#primaryimage","url":"https:\/\/wp.kristdemokraterna.se\/varnamo\/files\/2022\/08\/kd-logo-blue.png","contentUrl":"https:\/\/wp.kristdemokraterna.se\/varnamo\/files\/2022\/08\/kd-logo-blue.png","width":2000,"height":2000,"caption":"Kristdemokraternas logotyp"},{"@type":"BreadcrumbList","@id":"https:\/\/wp.kristdemokraterna.se\/varnamo\/#breadcrumb","itemListElement":[{"@type":"ListItem","position":1,"name":"Hem","item":"https:\/\/wp.kristdemokraterna.se\/varnamo\/"},{"@type":"ListItem","position":2,"name":"Kristdemokraterna V\u00e4rnamo &#8211; Startsida"}]},{"@type":"WebSite","@id":"https:\/\/wp.kristdemokraterna.se\/varnamo\/#website","url":"https:\/\/wp.kristdemokraterna.se\/varnamo\/","name":"KRISTDEMOKRATERNA V\u00c4RNAMO","description":"Med hj\u00e4rta f\u00f6r V\u00e4rnamo","publisher":{"@id":"https:\/\/wp.kristdemokraterna.se\/varnamo\/#organization"},"inLanguage":"sv-SE"},{"@type":"Organization","@id":"https:\/\/wp.kristdemokraterna.se\/varnamo\/#organization","name":"Kristdemokraterna V\u00e4rnamo","url":"https:\/\/wp.kristdemokraterna.se\/varnamo\/","logo":{"@type":"ImageObject","inLanguage":"sv-SE","@id":"https:\/\/wp.kristdemokraterna.se\/varnamo\/#\/schema\/logo\/image\/","url":"https:\/\/wp.kristdemokraterna.se\/varnamo\/files\/2022\/08\/va\u2560ernamo-sida-bla-300dpi.png","contentUrl":"https:\/\/wp.kristdemokraterna.se\/varnamo\/files\/2022\/08\/va\u2560ernamo-sida-bla-300dpi.png","width":1485,"height":681,"caption":"Kristdemokraterna V\u00e4rnamo"},"image":{"@id":"https:\/\/wp.kristdemokraterna.se\/varnamo\/#\/schema\/logo\/image\/"},"sameAs":["https:\/\/www.facebook.com\/KDVarnamo\/","https:\/\/x.com\/KDVarnamo","https:\/\/www.instagram.com\/","https:\/\/www.youtube.com\/user\/studiokd\/videos"]}]}},"_links":{"self":[{"href":"https:\/\/wp.kristdemokraterna.se\/varnamo\/wp-json\/wp\/v2\/pages\/7959","targetHints":{"allow":["GET"]}}],"collection":[{"href":"https:\/\/wp.kristdemokraterna.se\/varnamo\/wp-json\/wp\/v2\/pages"}],"about":[{"href":"https:\/\/wp.kristdemokraterna.se\/varnamo\/wp-json\/wp\/v2\/types\/page"}],"author":[{"embeddable":true,"href":"https:\/\/wp.kristdemokraterna.se\/varnamo\/wp-json\/wp\/v2\/users\/444"}],"replies":[{"embeddable":true,"href":"https:\/\/wp.kristdemokraterna.se\/varnamo\/wp-json\/wp\/v2\/comments?post=7959"}],"version-history":[{"count":107,"href":"https:\/\/wp.kristdemokraterna.se\/varnamo\/wp-json\/wp\/v2\/pages\/7959\/revisions"}],"predecessor-version":[{"id":9626,"href":"https:\/\/wp.kristdemokraterna.se\/varnamo\/wp-json\/wp\/v2\/pages\/7959\/revisions\/9626"}],"wp:featuredmedia":[{"embeddable":true,"href":"https:\/\/wp.kristdemokraterna.se\/varnamo\/wp-json\/wp\/v2\/media\/9638"}],"wp:attachment":[{"href":"https:\/\/wp.kristdemokraterna.se\/varnamo\/wp-json\/wp\/v2\/media?parent=7959"}],"curies":[{"name":"wp","href":"https:\/\/api.w.org\/{rel}","templated":true}]}}