{"id":2046,"date":"2018-06-13T13:55:14","date_gmt":"2018-06-13T11:55:14","guid":{"rendered":"http:\/\/wp.kristdemokraterna.se\/vasterbotten\/?page_id=2046"},"modified":"2022-05-19T11:00:04","modified_gmt":"2022-05-19T09:00:04","slug":"kdu","status":"publish","type":"page","link":"https:\/\/wp.kristdemokraterna.se\/vasterbotten\/partidistriktet\/kdu\/","title":{"rendered":"Ungdomsf\u00f6rbundet KDU"},"content":{"rendered":"<p><strong>Kontakta\u00a0KDU V\u00e4sterbotten:\u00a0<\/strong><\/p>\n<p>Frida Fr\u00f6berg, ordf\u00f6rande KDU V\u00e4sterbotten<\/p>\n<p>Telefon: 070-699 00 41<\/p>\n<p>Jakob \u00d6hman, vice ordf\u00f6rande KDU V\u00e4sterbotten<\/p>\n<p>Telefon: 070-174 44 91<\/p>\n<p><a href=\"http:\/\/kdu.se\"><strong>kdu.se<\/strong><\/a><\/p>\n","protected":false},"excerpt":{"rendered":"<p>Kontakta\u00a0KDU V\u00e4sterbotten:\u00a0 Frida Fr\u00f6berg, ordf\u00f6rande KDU V\u00e4sterbotten Telefon: 070-699 00 41 Jakob \u00d6hman, vice ordf\u00f6rande KDU V\u00e4sterbotten Telefon: 070-174 44 91 kdu.se<\/p>\n","protected":false},"author":786,"featured_media":0,"parent":1917,"menu_order":3,"comment_status":"closed","ping_status":"closed","template":"page.php","meta":{"_acf_changed":false,"footnotes":""},"class_list":["post-2046","page","type-page","status-publish","hentry"],"acf":[],"yoast_head":"<!-- This site is optimized with the Yoast SEO plugin v27.3 - https:\/\/yoast.com\/product\/yoast-seo-wordpress\/ -->\n<title>Ungdomsf\u00f6rbundet KDU - KRISTDEMOKRATERNA i V\u00e4sterbotten<\/title>\n<meta name=\"robots\" content=\"index, follow, max-snippet:-1, max-image-preview:large, max-video-preview:-1\" \/>\n<link rel=\"canonical\" href=\"https:\/\/wp.kristdemokraterna.se\/vasterbotten\/partidistriktet\/kdu\/\" \/>\n<meta property=\"og:locale\" content=\"sv_SE\" \/>\n<meta property=\"og:type\" content=\"article\" \/>\n<meta property=\"og:title\" content=\"Ungdomsf\u00f6rbundet KDU - KRISTDEMOKRATERNA i V\u00e4sterbotten\" \/>\n<meta property=\"og:description\" content=\"Kontakta\u00a0KDU V\u00e4sterbotten:\u00a0 Frida Fr\u00f6berg, ordf\u00f6rande KDU V\u00e4sterbotten Telefon: 070-699 00 41 Jakob \u00d6hman, vice ordf\u00f6rande KDU V\u00e4sterbotten Telefon: 070-174 44 91 kdu.se\" \/>\n<meta property=\"og:url\" content=\"https:\/\/wp.kristdemokraterna.se\/vasterbotten\/partidistriktet\/kdu\/\" \/>\n<meta property=\"og:site_name\" content=\"KRISTDEMOKRATERNA i V\u00e4sterbotten\" \/>\n<meta property=\"article:publisher\" content=\"https:\/\/www.facebook.com\/kdvasterbotten\/\" \/>\n<meta property=\"article:modified_time\" content=\"2022-05-19T09:00:04+00:00\" \/>\n<meta name=\"twitter:card\" content=\"summary_large_image\" \/>\n<meta name=\"twitter:site\" content=\"@kdvasterbotten\" \/>\n<meta name=\"twitter:label1\" content=\"Ber\u00e4knad l\u00e4stid\" \/>\n\t<meta name=\"twitter:data1\" content=\"1 minut\" \/>\n<script type=\"application\/ld+json\" class=\"yoast-schema-graph\">{\"@context\":\"https:\\\/\\\/schema.org\",\"@graph\":[{\"@type\":\"WebPage\",\"@id\":\"https:\\\/\\\/wp.kristdemokraterna.se\\\/vasterbotten\\\/partidistriktet\\\/kdu\\\/\",\"url\":\"https:\\\/\\\/wp.kristdemokraterna.se\\\/vasterbotten\\\/partidistriktet\\\/kdu\\\/\",\"name\":\"Ungdomsf\u00f6rbundet KDU - KRISTDEMOKRATERNA i V\u00e4sterbotten\",\"isPartOf\":{\"@id\":\"https:\\\/\\\/wp.kristdemokraterna.se\\\/vasterbotten\\\/#website\"},\"datePublished\":\"2018-06-13T11:55:14+00:00\",\"dateModified\":\"2022-05-19T09:00:04+00:00\",\"breadcrumb\":{\"@id\":\"https:\\\/\\\/wp.kristdemokraterna.se\\\/vasterbotten\\\/partidistriktet\\\/kdu\\\/#breadcrumb\"},\"inLanguage\":\"sv-SE\",\"potentialAction\":[{\"@type\":\"ReadAction\",\"target\":[\"https:\\\/\\\/wp.kristdemokraterna.se\\\/vasterbotten\\\/partidistriktet\\\/kdu\\\/\"]}]},{\"@type\":\"BreadcrumbList\",\"@id\":\"https:\\\/\\\/wp.kristdemokraterna.se\\\/vasterbotten\\\/partidistriktet\\\/kdu\\\/#breadcrumb\",\"itemListElement\":[{\"@type\":\"ListItem\",\"position\":1,\"name\":\"Hem\",\"item\":\"https:\\\/\\\/wp.kristdemokraterna.se\\\/vasterbotten\\\/\"},{\"@type\":\"ListItem\",\"position\":2,\"name\":\"Partidistriktet\",\"item\":\"https:\\\/\\\/wp.kristdemokraterna.se\\\/vasterbotten\\\/partidistriktet\\\/\"},{\"@type\":\"ListItem\",\"position\":3,\"name\":\"Ungdomsf\u00f6rbundet KDU\"}]},{\"@type\":\"WebSite\",\"@id\":\"https:\\\/\\\/wp.kristdemokraterna.se\\\/vasterbotten\\\/#website\",\"url\":\"https:\\\/\\\/wp.kristdemokraterna.se\\\/vasterbotten\\\/\",\"name\":\"KRISTDEMOKRATERNA i V\u00e4sterbotten\",\"description\":\"Varje m\u00e4nniska ska bem\u00f6tas med v\u00e4rdighet!\",\"inLanguage\":\"sv-SE\"}]}<\/script>\n<!-- \/ Yoast SEO plugin. -->","yoast_head_json":{"title":"Ungdomsf\u00f6rbundet KDU - KRISTDEMOKRATERNA i V\u00e4sterbotten","robots":{"index":"index","follow":"follow","max-snippet":"max-snippet:-1","max-image-preview":"max-image-preview:large","max-video-preview":"max-video-preview:-1"},"canonical":"https:\/\/wp.kristdemokraterna.se\/vasterbotten\/partidistriktet\/kdu\/","og_locale":"sv_SE","og_type":"article","og_title":"Ungdomsf\u00f6rbundet KDU - KRISTDEMOKRATERNA i V\u00e4sterbotten","og_description":"Kontakta\u00a0KDU V\u00e4sterbotten:\u00a0 Frida Fr\u00f6berg, ordf\u00f6rande KDU V\u00e4sterbotten Telefon: 070-699 00 41 Jakob \u00d6hman, vice ordf\u00f6rande KDU V\u00e4sterbotten Telefon: 070-174 44 91 kdu.se","og_url":"https:\/\/wp.kristdemokraterna.se\/vasterbotten\/partidistriktet\/kdu\/","og_site_name":"KRISTDEMOKRATERNA i V\u00e4sterbotten","article_publisher":"https:\/\/www.facebook.com\/kdvasterbotten\/","article_modified_time":"2022-05-19T09:00:04+00:00","twitter_card":"summary_large_image","twitter_site":"@kdvasterbotten","twitter_misc":{"Ber\u00e4knad l\u00e4stid":"1 minut"},"schema":{"@context":"https:\/\/schema.org","@graph":[{"@type":"WebPage","@id":"https:\/\/wp.kristdemokraterna.se\/vasterbotten\/partidistriktet\/kdu\/","url":"https:\/\/wp.kristdemokraterna.se\/vasterbotten\/partidistriktet\/kdu\/","name":"Ungdomsf\u00f6rbundet KDU - KRISTDEMOKRATERNA i V\u00e4sterbotten","isPartOf":{"@id":"https:\/\/wp.kristdemokraterna.se\/vasterbotten\/#website"},"datePublished":"2018-06-13T11:55:14+00:00","dateModified":"2022-05-19T09:00:04+00:00","breadcrumb":{"@id":"https:\/\/wp.kristdemokraterna.se\/vasterbotten\/partidistriktet\/kdu\/#breadcrumb"},"inLanguage":"sv-SE","potentialAction":[{"@type":"ReadAction","target":["https:\/\/wp.kristdemokraterna.se\/vasterbotten\/partidistriktet\/kdu\/"]}]},{"@type":"BreadcrumbList","@id":"https:\/\/wp.kristdemokraterna.se\/vasterbotten\/partidistriktet\/kdu\/#breadcrumb","itemListElement":[{"@type":"ListItem","position":1,"name":"Hem","item":"https:\/\/wp.kristdemokraterna.se\/vasterbotten\/"},{"@type":"ListItem","position":2,"name":"Partidistriktet","item":"https:\/\/wp.kristdemokraterna.se\/vasterbotten\/partidistriktet\/"},{"@type":"ListItem","position":3,"name":"Ungdomsf\u00f6rbundet KDU"}]},{"@type":"WebSite","@id":"https:\/\/wp.kristdemokraterna.se\/vasterbotten\/#website","url":"https:\/\/wp.kristdemokraterna.se\/vasterbotten\/","name":"KRISTDEMOKRATERNA i V\u00e4sterbotten","description":"Varje m\u00e4nniska ska bem\u00f6tas med v\u00e4rdighet!","inLanguage":"sv-SE"}]}},"_links":{"self":[{"href":"https:\/\/wp.kristdemokraterna.se\/vasterbotten\/wp-json\/wp\/v2\/pages\/2046","targetHints":{"allow":["GET"]}}],"collection":[{"href":"https:\/\/wp.kristdemokraterna.se\/vasterbotten\/wp-json\/wp\/v2\/pages"}],"about":[{"href":"https:\/\/wp.kristdemokraterna.se\/vasterbotten\/wp-json\/wp\/v2\/types\/page"}],"author":[{"embeddable":true,"href":"https:\/\/wp.kristdemokraterna.se\/vasterbotten\/wp-json\/wp\/v2\/users\/786"}],"replies":[{"embeddable":true,"href":"https:\/\/wp.kristdemokraterna.se\/vasterbotten\/wp-json\/wp\/v2\/comments?post=2046"}],"version-history":[{"count":13,"href":"https:\/\/wp.kristdemokraterna.se\/vasterbotten\/wp-json\/wp\/v2\/pages\/2046\/revisions"}],"predecessor-version":[{"id":2549,"href":"https:\/\/wp.kristdemokraterna.se\/vasterbotten\/wp-json\/wp\/v2\/pages\/2046\/revisions\/2549"}],"up":[{"embeddable":true,"href":"https:\/\/wp.kristdemokraterna.se\/vasterbotten\/wp-json\/wp\/v2\/pages\/1917"}],"wp:attachment":[{"href":"https:\/\/wp.kristdemokraterna.se\/vasterbotten\/wp-json\/wp\/v2\/media?parent=2046"}],"curies":[{"name":"wp","href":"https:\/\/api.w.org\/{rel}","templated":true}]}}