{"id":2350,"date":"2019-12-17T16:57:20","date_gmt":"2019-12-17T15:57:20","guid":{"rendered":"http:\/\/wp.kristdemokraterna.se\/vasterbotten\/?page_id=2350"},"modified":"2025-09-29T10:25:55","modified_gmt":"2025-09-29T08:25:55","slug":"seniorforbundet","status":"publish","type":"page","link":"https:\/\/wp.kristdemokraterna.se\/vasterbotten\/partidistriktet\/seniorforbundet\/","title":{"rendered":"Seniorf\u00f6rbundet"},"content":{"rendered":"<p><strong>Kontakta Seniorf\u00f6rbundet V\u00e4sterbotten:<\/strong><\/p>\n<p><strong>Ordf\u00f6rande<\/strong><br \/>\nAnn-Christine Forsman<br \/>\nannchristinforsman@gmail.com<br \/>\n070-253 92 21<\/p>\n<p><strong>Vice ordf\u00f6rande<\/strong><br \/>\nSven-\u00c5ke Granberg<br \/>\nsven-ake.granberg@hotmail.com<br \/>\n070-245 29 22<\/p>\n<p><a href=\"http:\/\/wp.kristdemokraterna.se\/kdsenior\/\">KD Senior<\/a><\/p>\n","protected":false},"excerpt":{"rendered":"<p>Kontakta Seniorf\u00f6rbundet V\u00e4sterbotten: Ordf\u00f6rande Ann-Christine Forsman annchristinforsman@gmail.com 070-253 92 21 Vice ordf\u00f6rande Sven-\u00c5ke Granberg sven-ake.granberg@hotmail.com 070-245 29 22 KD Senior<\/p>\n","protected":false},"author":863,"featured_media":0,"parent":1917,"menu_order":5,"comment_status":"closed","ping_status":"closed","template":"","meta":{"_acf_changed":false,"footnotes":""},"class_list":["post-2350","page","type-page","status-publish","hentry"],"acf":[],"yoast_head":"<!-- This site is optimized with the Yoast SEO plugin v27.3 - https:\/\/yoast.com\/product\/yoast-seo-wordpress\/ -->\n<title>Seniorf\u00f6rbundet - KRISTDEMOKRATERNA i V\u00e4sterbotten<\/title>\n<meta name=\"robots\" content=\"index, follow, max-snippet:-1, max-image-preview:large, max-video-preview:-1\" \/>\n<link rel=\"canonical\" href=\"https:\/\/wp.kristdemokraterna.se\/vasterbotten\/partidistriktet\/seniorforbundet\/\" \/>\n<meta property=\"og:locale\" content=\"sv_SE\" \/>\n<meta property=\"og:type\" content=\"article\" \/>\n<meta property=\"og:title\" content=\"Seniorf\u00f6rbundet - KRISTDEMOKRATERNA i V\u00e4sterbotten\" \/>\n<meta property=\"og:description\" content=\"Kontakta Seniorf\u00f6rbundet V\u00e4sterbotten: Ordf\u00f6rande Ann-Christine Forsman annchristinforsman@gmail.com 070-253 92 21 Vice ordf\u00f6rande Sven-\u00c5ke Granberg sven-ake.granberg@hotmail.com 070-245 29 22 KD Senior\" \/>\n<meta property=\"og:url\" content=\"https:\/\/wp.kristdemokraterna.se\/vasterbotten\/partidistriktet\/seniorforbundet\/\" \/>\n<meta property=\"og:site_name\" content=\"KRISTDEMOKRATERNA i V\u00e4sterbotten\" \/>\n<meta property=\"article:publisher\" content=\"https:\/\/www.facebook.com\/kdvasterbotten\/\" \/>\n<meta property=\"article:modified_time\" content=\"2025-09-29T08:25:55+00:00\" \/>\n<meta name=\"twitter:card\" content=\"summary_large_image\" \/>\n<meta name=\"twitter:site\" content=\"@kdvasterbotten\" \/>\n<meta name=\"twitter:label1\" content=\"Ber\u00e4knad l\u00e4stid\" \/>\n\t<meta name=\"twitter:data1\" content=\"1 minut\" \/>\n<script type=\"application\/ld+json\" class=\"yoast-schema-graph\">{\"@context\":\"https:\\\/\\\/schema.org\",\"@graph\":[{\"@type\":\"WebPage\",\"@id\":\"https:\\\/\\\/wp.kristdemokraterna.se\\\/vasterbotten\\\/partidistriktet\\\/seniorforbundet\\\/\",\"url\":\"https:\\\/\\\/wp.kristdemokraterna.se\\\/vasterbotten\\\/partidistriktet\\\/seniorforbundet\\\/\",\"name\":\"Seniorf\u00f6rbundet - KRISTDEMOKRATERNA i V\u00e4sterbotten\",\"isPartOf\":{\"@id\":\"https:\\\/\\\/wp.kristdemokraterna.se\\\/vasterbotten\\\/#website\"},\"datePublished\":\"2019-12-17T15:57:20+00:00\",\"dateModified\":\"2025-09-29T08:25:55+00:00\",\"breadcrumb\":{\"@id\":\"https:\\\/\\\/wp.kristdemokraterna.se\\\/vasterbotten\\\/partidistriktet\\\/seniorforbundet\\\/#breadcrumb\"},\"inLanguage\":\"sv-SE\",\"potentialAction\":[{\"@type\":\"ReadAction\",\"target\":[\"https:\\\/\\\/wp.kristdemokraterna.se\\\/vasterbotten\\\/partidistriktet\\\/seniorforbundet\\\/\"]}]},{\"@type\":\"BreadcrumbList\",\"@id\":\"https:\\\/\\\/wp.kristdemokraterna.se\\\/vasterbotten\\\/partidistriktet\\\/seniorforbundet\\\/#breadcrumb\",\"itemListElement\":[{\"@type\":\"ListItem\",\"position\":1,\"name\":\"Hem\",\"item\":\"https:\\\/\\\/wp.kristdemokraterna.se\\\/vasterbotten\\\/\"},{\"@type\":\"ListItem\",\"position\":2,\"name\":\"Partidistriktet\",\"item\":\"https:\\\/\\\/wp.kristdemokraterna.se\\\/vasterbotten\\\/partidistriktet\\\/\"},{\"@type\":\"ListItem\",\"position\":3,\"name\":\"Seniorf\u00f6rbundet\"}]},{\"@type\":\"WebSite\",\"@id\":\"https:\\\/\\\/wp.kristdemokraterna.se\\\/vasterbotten\\\/#website\",\"url\":\"https:\\\/\\\/wp.kristdemokraterna.se\\\/vasterbotten\\\/\",\"name\":\"KRISTDEMOKRATERNA i V\u00e4sterbotten\",\"description\":\"Varje m\u00e4nniska ska bem\u00f6tas med v\u00e4rdighet!\",\"inLanguage\":\"sv-SE\"}]}<\/script>\n<!-- \/ Yoast SEO plugin. -->","yoast_head_json":{"title":"Seniorf\u00f6rbundet - KRISTDEMOKRATERNA i V\u00e4sterbotten","robots":{"index":"index","follow":"follow","max-snippet":"max-snippet:-1","max-image-preview":"max-image-preview:large","max-video-preview":"max-video-preview:-1"},"canonical":"https:\/\/wp.kristdemokraterna.se\/vasterbotten\/partidistriktet\/seniorforbundet\/","og_locale":"sv_SE","og_type":"article","og_title":"Seniorf\u00f6rbundet - KRISTDEMOKRATERNA i V\u00e4sterbotten","og_description":"Kontakta Seniorf\u00f6rbundet V\u00e4sterbotten: Ordf\u00f6rande Ann-Christine Forsman annchristinforsman@gmail.com 070-253 92 21 Vice ordf\u00f6rande Sven-\u00c5ke Granberg sven-ake.granberg@hotmail.com 070-245 29 22 KD Senior","og_url":"https:\/\/wp.kristdemokraterna.se\/vasterbotten\/partidistriktet\/seniorforbundet\/","og_site_name":"KRISTDEMOKRATERNA i V\u00e4sterbotten","article_publisher":"https:\/\/www.facebook.com\/kdvasterbotten\/","article_modified_time":"2025-09-29T08:25:55+00:00","twitter_card":"summary_large_image","twitter_site":"@kdvasterbotten","twitter_misc":{"Ber\u00e4knad l\u00e4stid":"1 minut"},"schema":{"@context":"https:\/\/schema.org","@graph":[{"@type":"WebPage","@id":"https:\/\/wp.kristdemokraterna.se\/vasterbotten\/partidistriktet\/seniorforbundet\/","url":"https:\/\/wp.kristdemokraterna.se\/vasterbotten\/partidistriktet\/seniorforbundet\/","name":"Seniorf\u00f6rbundet - KRISTDEMOKRATERNA i V\u00e4sterbotten","isPartOf":{"@id":"https:\/\/wp.kristdemokraterna.se\/vasterbotten\/#website"},"datePublished":"2019-12-17T15:57:20+00:00","dateModified":"2025-09-29T08:25:55+00:00","breadcrumb":{"@id":"https:\/\/wp.kristdemokraterna.se\/vasterbotten\/partidistriktet\/seniorforbundet\/#breadcrumb"},"inLanguage":"sv-SE","potentialAction":[{"@type":"ReadAction","target":["https:\/\/wp.kristdemokraterna.se\/vasterbotten\/partidistriktet\/seniorforbundet\/"]}]},{"@type":"BreadcrumbList","@id":"https:\/\/wp.kristdemokraterna.se\/vasterbotten\/partidistriktet\/seniorforbundet\/#breadcrumb","itemListElement":[{"@type":"ListItem","position":1,"name":"Hem","item":"https:\/\/wp.kristdemokraterna.se\/vasterbotten\/"},{"@type":"ListItem","position":2,"name":"Partidistriktet","item":"https:\/\/wp.kristdemokraterna.se\/vasterbotten\/partidistriktet\/"},{"@type":"ListItem","position":3,"name":"Seniorf\u00f6rbundet"}]},{"@type":"WebSite","@id":"https:\/\/wp.kristdemokraterna.se\/vasterbotten\/#website","url":"https:\/\/wp.kristdemokraterna.se\/vasterbotten\/","name":"KRISTDEMOKRATERNA i V\u00e4sterbotten","description":"Varje m\u00e4nniska ska bem\u00f6tas med v\u00e4rdighet!","inLanguage":"sv-SE"}]}},"_links":{"self":[{"href":"https:\/\/wp.kristdemokraterna.se\/vasterbotten\/wp-json\/wp\/v2\/pages\/2350","targetHints":{"allow":["GET"]}}],"collection":[{"href":"https:\/\/wp.kristdemokraterna.se\/vasterbotten\/wp-json\/wp\/v2\/pages"}],"about":[{"href":"https:\/\/wp.kristdemokraterna.se\/vasterbotten\/wp-json\/wp\/v2\/types\/page"}],"author":[{"embeddable":true,"href":"https:\/\/wp.kristdemokraterna.se\/vasterbotten\/wp-json\/wp\/v2\/users\/863"}],"replies":[{"embeddable":true,"href":"https:\/\/wp.kristdemokraterna.se\/vasterbotten\/wp-json\/wp\/v2\/comments?post=2350"}],"version-history":[{"count":8,"href":"https:\/\/wp.kristdemokraterna.se\/vasterbotten\/wp-json\/wp\/v2\/pages\/2350\/revisions"}],"predecessor-version":[{"id":2857,"href":"https:\/\/wp.kristdemokraterna.se\/vasterbotten\/wp-json\/wp\/v2\/pages\/2350\/revisions\/2857"}],"up":[{"embeddable":true,"href":"https:\/\/wp.kristdemokraterna.se\/vasterbotten\/wp-json\/wp\/v2\/pages\/1917"}],"wp:attachment":[{"href":"https:\/\/wp.kristdemokraterna.se\/vasterbotten\/wp-json\/wp\/v2\/media?parent=2350"}],"curies":[{"name":"wp","href":"https:\/\/api.w.org\/{rel}","templated":true}]}}