{"id":2578,"date":"2022-05-19T13:11:12","date_gmt":"2022-05-19T11:11:12","guid":{"rendered":"https:\/\/wp.kristdemokraterna.se\/vasterbotten\/?page_id=2578"},"modified":"2022-05-19T13:11:12","modified_gmt":"2022-05-19T11:11:12","slug":"regionlista-vasterbottens-lan-sodra","status":"publish","type":"page","link":"https:\/\/wp.kristdemokraterna.se\/vasterbotten\/regionlista-vasterbottens-lan-sodra\/","title":{"rendered":"Regionlista V\u00e4sterbottens l\u00e4n s\u00f6dra"},"content":{"rendered":"<p><img loading=\"lazy\" decoding=\"async\" class=\"alignnone size-large wp-image-2579\" src=\"http:\/\/wp.kristdemokraterna.se\/vasterbotten\/files\/2022\/05\/screenshot-2022-05-19-at-13.08.22-637x1024.png\" alt=\"\" width=\"637\" height=\"1024\" srcset=\"https:\/\/wp.kristdemokraterna.se\/vasterbotten\/files\/2022\/05\/screenshot-2022-05-19-at-13.08.22-637x1024.png 637w, https:\/\/wp.kristdemokraterna.se\/vasterbotten\/files\/2022\/05\/screenshot-2022-05-19-at-13.08.22-187x300.png 187w, https:\/\/wp.kristdemokraterna.se\/vasterbotten\/files\/2022\/05\/screenshot-2022-05-19-at-13.08.22-768x1234.png 768w, https:\/\/wp.kristdemokraterna.se\/vasterbotten\/files\/2022\/05\/screenshot-2022-05-19-at-13.08.22-125x200.png 125w, https:\/\/wp.kristdemokraterna.se\/vasterbotten\/files\/2022\/05\/screenshot-2022-05-19-at-13.08.22-370x594.png 370w, https:\/\/wp.kristdemokraterna.se\/vasterbotten\/files\/2022\/05\/screenshot-2022-05-19-at-13.08.22-770x1237.png 770w, https:\/\/wp.kristdemokraterna.se\/vasterbotten\/files\/2022\/05\/screenshot-2022-05-19-at-13.08.22-450x723.png 450w, https:\/\/wp.kristdemokraterna.se\/vasterbotten\/files\/2022\/05\/screenshot-2022-05-19-at-13.08.22-250x402.png 250w, https:\/\/wp.kristdemokraterna.se\/vasterbotten\/files\/2022\/05\/screenshot-2022-05-19-at-13.08.22-340x546.png 340w, https:\/\/wp.kristdemokraterna.se\/vasterbotten\/files\/2022\/05\/screenshot-2022-05-19-at-13.08.22-35x56.png 35w, https:\/\/wp.kristdemokraterna.se\/vasterbotten\/files\/2022\/05\/screenshot-2022-05-19-at-13.08.22.png 828w\" sizes=\"auto, (max-width: 637px) 100vw, 637px\" \/><\/p>\n","protected":false},"excerpt":{"rendered":"","protected":false},"author":1024,"featured_media":0,"parent":0,"menu_order":0,"comment_status":"closed","ping_status":"closed","template":"","meta":{"_acf_changed":false,"footnotes":""},"class_list":["post-2578","page","type-page","status-publish","hentry"],"acf":[],"yoast_head":"<!-- This site is optimized with the Yoast SEO plugin v27.3 - https:\/\/yoast.com\/product\/yoast-seo-wordpress\/ -->\n<title>Regionlista V\u00e4sterbottens l\u00e4n s\u00f6dra - KRISTDEMOKRATERNA i V\u00e4sterbotten<\/title>\n<meta name=\"robots\" content=\"index, follow, max-snippet:-1, max-image-preview:large, max-video-preview:-1\" \/>\n<link rel=\"canonical\" href=\"https:\/\/wp.kristdemokraterna.se\/vasterbotten\/regionlista-vasterbottens-lan-sodra\/\" \/>\n<meta property=\"og:locale\" content=\"sv_SE\" \/>\n<meta property=\"og:type\" content=\"article\" \/>\n<meta property=\"og:title\" content=\"Regionlista V\u00e4sterbottens l\u00e4n s\u00f6dra - KRISTDEMOKRATERNA i V\u00e4sterbotten\" \/>\n<meta property=\"og:url\" content=\"https:\/\/wp.kristdemokraterna.se\/vasterbotten\/regionlista-vasterbottens-lan-sodra\/\" \/>\n<meta property=\"og:site_name\" content=\"KRISTDEMOKRATERNA i V\u00e4sterbotten\" \/>\n<meta property=\"article:publisher\" content=\"https:\/\/www.facebook.com\/kdvasterbotten\/\" \/>\n<meta property=\"og:image\" content=\"http:\/\/wp.kristdemokraterna.se\/vasterbotten\/files\/2022\/05\/screenshot-2022-05-19-at-13.08.22-637x1024.png\" \/>\n<meta name=\"twitter:card\" content=\"summary_large_image\" \/>\n<meta name=\"twitter:site\" content=\"@kdvasterbotten\" \/>\n<script type=\"application\/ld+json\" class=\"yoast-schema-graph\">{\"@context\":\"https:\\\/\\\/schema.org\",\"@graph\":[{\"@type\":\"WebPage\",\"@id\":\"https:\\\/\\\/wp.kristdemokraterna.se\\\/vasterbotten\\\/regionlista-vasterbottens-lan-sodra\\\/\",\"url\":\"https:\\\/\\\/wp.kristdemokraterna.se\\\/vasterbotten\\\/regionlista-vasterbottens-lan-sodra\\\/\",\"name\":\"Regionlista V\u00e4sterbottens l\u00e4n s\u00f6dra - KRISTDEMOKRATERNA i V\u00e4sterbotten\",\"isPartOf\":{\"@id\":\"https:\\\/\\\/wp.kristdemokraterna.se\\\/vasterbotten\\\/#website\"},\"primaryImageOfPage\":{\"@id\":\"https:\\\/\\\/wp.kristdemokraterna.se\\\/vasterbotten\\\/regionlista-vasterbottens-lan-sodra\\\/#primaryimage\"},\"image\":{\"@id\":\"https:\\\/\\\/wp.kristdemokraterna.se\\\/vasterbotten\\\/regionlista-vasterbottens-lan-sodra\\\/#primaryimage\"},\"thumbnailUrl\":\"http:\\\/\\\/wp.kristdemokraterna.se\\\/vasterbotten\\\/files\\\/2022\\\/05\\\/screenshot-2022-05-19-at-13.08.22-637x1024.png\",\"datePublished\":\"2022-05-19T11:11:12+00:00\",\"breadcrumb\":{\"@id\":\"https:\\\/\\\/wp.kristdemokraterna.se\\\/vasterbotten\\\/regionlista-vasterbottens-lan-sodra\\\/#breadcrumb\"},\"inLanguage\":\"sv-SE\",\"potentialAction\":[{\"@type\":\"ReadAction\",\"target\":[\"https:\\\/\\\/wp.kristdemokraterna.se\\\/vasterbotten\\\/regionlista-vasterbottens-lan-sodra\\\/\"]}]},{\"@type\":\"ImageObject\",\"inLanguage\":\"sv-SE\",\"@id\":\"https:\\\/\\\/wp.kristdemokraterna.se\\\/vasterbotten\\\/regionlista-vasterbottens-lan-sodra\\\/#primaryimage\",\"url\":\"http:\\\/\\\/wp.kristdemokraterna.se\\\/vasterbotten\\\/files\\\/2022\\\/05\\\/screenshot-2022-05-19-at-13.08.22-637x1024.png\",\"contentUrl\":\"http:\\\/\\\/wp.kristdemokraterna.se\\\/vasterbotten\\\/files\\\/2022\\\/05\\\/screenshot-2022-05-19-at-13.08.22-637x1024.png\"},{\"@type\":\"BreadcrumbList\",\"@id\":\"https:\\\/\\\/wp.kristdemokraterna.se\\\/vasterbotten\\\/regionlista-vasterbottens-lan-sodra\\\/#breadcrumb\",\"itemListElement\":[{\"@type\":\"ListItem\",\"position\":1,\"name\":\"Hem\",\"item\":\"https:\\\/\\\/wp.kristdemokraterna.se\\\/vasterbotten\\\/\"},{\"@type\":\"ListItem\",\"position\":2,\"name\":\"Regionlista V\u00e4sterbottens l\u00e4n s\u00f6dra\"}]},{\"@type\":\"WebSite\",\"@id\":\"https:\\\/\\\/wp.kristdemokraterna.se\\\/vasterbotten\\\/#website\",\"url\":\"https:\\\/\\\/wp.kristdemokraterna.se\\\/vasterbotten\\\/\",\"name\":\"KRISTDEMOKRATERNA i V\u00e4sterbotten\",\"description\":\"Varje m\u00e4nniska ska bem\u00f6tas med v\u00e4rdighet!\",\"inLanguage\":\"sv-SE\"}]}<\/script>\n<!-- \/ Yoast SEO plugin. -->","yoast_head_json":{"title":"Regionlista V\u00e4sterbottens l\u00e4n s\u00f6dra - KRISTDEMOKRATERNA i V\u00e4sterbotten","robots":{"index":"index","follow":"follow","max-snippet":"max-snippet:-1","max-image-preview":"max-image-preview:large","max-video-preview":"max-video-preview:-1"},"canonical":"https:\/\/wp.kristdemokraterna.se\/vasterbotten\/regionlista-vasterbottens-lan-sodra\/","og_locale":"sv_SE","og_type":"article","og_title":"Regionlista V\u00e4sterbottens l\u00e4n s\u00f6dra - KRISTDEMOKRATERNA i V\u00e4sterbotten","og_url":"https:\/\/wp.kristdemokraterna.se\/vasterbotten\/regionlista-vasterbottens-lan-sodra\/","og_site_name":"KRISTDEMOKRATERNA i V\u00e4sterbotten","article_publisher":"https:\/\/www.facebook.com\/kdvasterbotten\/","og_image":[{"url":"http:\/\/wp.kristdemokraterna.se\/vasterbotten\/files\/2022\/05\/screenshot-2022-05-19-at-13.08.22-637x1024.png","type":"","width":"","height":""}],"twitter_card":"summary_large_image","twitter_site":"@kdvasterbotten","schema":{"@context":"https:\/\/schema.org","@graph":[{"@type":"WebPage","@id":"https:\/\/wp.kristdemokraterna.se\/vasterbotten\/regionlista-vasterbottens-lan-sodra\/","url":"https:\/\/wp.kristdemokraterna.se\/vasterbotten\/regionlista-vasterbottens-lan-sodra\/","name":"Regionlista V\u00e4sterbottens l\u00e4n s\u00f6dra - KRISTDEMOKRATERNA i V\u00e4sterbotten","isPartOf":{"@id":"https:\/\/wp.kristdemokraterna.se\/vasterbotten\/#website"},"primaryImageOfPage":{"@id":"https:\/\/wp.kristdemokraterna.se\/vasterbotten\/regionlista-vasterbottens-lan-sodra\/#primaryimage"},"image":{"@id":"https:\/\/wp.kristdemokraterna.se\/vasterbotten\/regionlista-vasterbottens-lan-sodra\/#primaryimage"},"thumbnailUrl":"http:\/\/wp.kristdemokraterna.se\/vasterbotten\/files\/2022\/05\/screenshot-2022-05-19-at-13.08.22-637x1024.png","datePublished":"2022-05-19T11:11:12+00:00","breadcrumb":{"@id":"https:\/\/wp.kristdemokraterna.se\/vasterbotten\/regionlista-vasterbottens-lan-sodra\/#breadcrumb"},"inLanguage":"sv-SE","potentialAction":[{"@type":"ReadAction","target":["https:\/\/wp.kristdemokraterna.se\/vasterbotten\/regionlista-vasterbottens-lan-sodra\/"]}]},{"@type":"ImageObject","inLanguage":"sv-SE","@id":"https:\/\/wp.kristdemokraterna.se\/vasterbotten\/regionlista-vasterbottens-lan-sodra\/#primaryimage","url":"http:\/\/wp.kristdemokraterna.se\/vasterbotten\/files\/2022\/05\/screenshot-2022-05-19-at-13.08.22-637x1024.png","contentUrl":"http:\/\/wp.kristdemokraterna.se\/vasterbotten\/files\/2022\/05\/screenshot-2022-05-19-at-13.08.22-637x1024.png"},{"@type":"BreadcrumbList","@id":"https:\/\/wp.kristdemokraterna.se\/vasterbotten\/regionlista-vasterbottens-lan-sodra\/#breadcrumb","itemListElement":[{"@type":"ListItem","position":1,"name":"Hem","item":"https:\/\/wp.kristdemokraterna.se\/vasterbotten\/"},{"@type":"ListItem","position":2,"name":"Regionlista V\u00e4sterbottens l\u00e4n s\u00f6dra"}]},{"@type":"WebSite","@id":"https:\/\/wp.kristdemokraterna.se\/vasterbotten\/#website","url":"https:\/\/wp.kristdemokraterna.se\/vasterbotten\/","name":"KRISTDEMOKRATERNA i V\u00e4sterbotten","description":"Varje m\u00e4nniska ska bem\u00f6tas med v\u00e4rdighet!","inLanguage":"sv-SE"}]}},"_links":{"self":[{"href":"https:\/\/wp.kristdemokraterna.se\/vasterbotten\/wp-json\/wp\/v2\/pages\/2578","targetHints":{"allow":["GET"]}}],"collection":[{"href":"https:\/\/wp.kristdemokraterna.se\/vasterbotten\/wp-json\/wp\/v2\/pages"}],"about":[{"href":"https:\/\/wp.kristdemokraterna.se\/vasterbotten\/wp-json\/wp\/v2\/types\/page"}],"author":[{"embeddable":true,"href":"https:\/\/wp.kristdemokraterna.se\/vasterbotten\/wp-json\/wp\/v2\/users\/1024"}],"replies":[{"embeddable":true,"href":"https:\/\/wp.kristdemokraterna.se\/vasterbotten\/wp-json\/wp\/v2\/comments?post=2578"}],"version-history":[{"count":1,"href":"https:\/\/wp.kristdemokraterna.se\/vasterbotten\/wp-json\/wp\/v2\/pages\/2578\/revisions"}],"predecessor-version":[{"id":2580,"href":"https:\/\/wp.kristdemokraterna.se\/vasterbotten\/wp-json\/wp\/v2\/pages\/2578\/revisions\/2580"}],"wp:attachment":[{"href":"https:\/\/wp.kristdemokraterna.se\/vasterbotten\/wp-json\/wp\/v2\/media?parent=2578"}],"curies":[{"name":"wp","href":"https:\/\/api.w.org\/{rel}","templated":true}]}}