{"id":2599,"date":"2022-05-19T13:45:00","date_gmt":"2022-05-19T11:45:00","guid":{"rendered":"https:\/\/wp.kristdemokraterna.se\/vasterbotten\/?page_id=2599"},"modified":"2022-05-19T13:45:00","modified_gmt":"2022-05-19T11:45:00","slug":"dorotea","status":"publish","type":"page","link":"https:\/\/wp.kristdemokraterna.se\/vasterbotten\/dorotea\/","title":{"rendered":"Dorotea"},"content":{"rendered":"<p><img loading=\"lazy\" decoding=\"async\" class=\"alignnone size-large wp-image-2600\" src=\"http:\/\/wp.kristdemokraterna.se\/vasterbotten\/files\/2022\/05\/dorotea-ny-1024x576.jpg\" alt=\"\" width=\"1024\" height=\"576\" srcset=\"https:\/\/wp.kristdemokraterna.se\/vasterbotten\/files\/2022\/05\/dorotea-ny-1024x576.jpg 1024w, https:\/\/wp.kristdemokraterna.se\/vasterbotten\/files\/2022\/05\/dorotea-ny-300x169.jpg 300w, https:\/\/wp.kristdemokraterna.se\/vasterbotten\/files\/2022\/05\/dorotea-ny-768x432.jpg 768w, https:\/\/wp.kristdemokraterna.se\/vasterbotten\/files\/2022\/05\/dorotea-ny-1536x864.jpg 1536w, https:\/\/wp.kristdemokraterna.se\/vasterbotten\/files\/2022\/05\/dorotea-ny-2048x1152.jpg 2048w, https:\/\/wp.kristdemokraterna.se\/vasterbotten\/files\/2022\/05\/dorotea-ny-356x200.jpg 356w, https:\/\/wp.kristdemokraterna.se\/vasterbotten\/files\/2022\/05\/dorotea-ny-370x208.jpg 370w, https:\/\/wp.kristdemokraterna.se\/vasterbotten\/files\/2022\/05\/dorotea-ny-770x433.jpg 770w, https:\/\/wp.kristdemokraterna.se\/vasterbotten\/files\/2022\/05\/dorotea-ny-450x253.jpg 450w, https:\/\/wp.kristdemokraterna.se\/vasterbotten\/files\/2022\/05\/dorotea-ny-280x158.jpg 280w, https:\/\/wp.kristdemokraterna.se\/vasterbotten\/files\/2022\/05\/dorotea-ny-340x191.jpg 340w, https:\/\/wp.kristdemokraterna.se\/vasterbotten\/files\/2022\/05\/dorotea-ny-200x113.jpg 200w, https:\/\/wp.kristdemokraterna.se\/vasterbotten\/files\/2022\/05\/dorotea-ny-100x56.jpg 100w\" sizes=\"auto, (max-width: 1024px) 100vw, 1024px\" \/><\/p>\n<p>Toppkandidater i kommunvalet: Margareta Berg, Lotta Nilsson &amp; Ann-Charlotte Nilsson<\/p>\n<p><strong>VALPROGRAM<\/strong><\/p>\n<p><img loading=\"lazy\" decoding=\"async\" class=\"alignnone size-large wp-image-2601\" src=\"http:\/\/wp.kristdemokraterna.se\/vasterbotten\/files\/2022\/05\/screenshot-2022-05-19-at-13.44.31-624x1024.png\" alt=\"\" width=\"624\" height=\"1024\" srcset=\"https:\/\/wp.kristdemokraterna.se\/vasterbotten\/files\/2022\/05\/screenshot-2022-05-19-at-13.44.31-624x1024.png 624w, https:\/\/wp.kristdemokraterna.se\/vasterbotten\/files\/2022\/05\/screenshot-2022-05-19-at-13.44.31-183x300.png 183w, https:\/\/wp.kristdemokraterna.se\/vasterbotten\/files\/2022\/05\/screenshot-2022-05-19-at-13.44.31-768x1259.png 768w, https:\/\/wp.kristdemokraterna.se\/vasterbotten\/files\/2022\/05\/screenshot-2022-05-19-at-13.44.31-122x200.png 122w, https:\/\/wp.kristdemokraterna.se\/vasterbotten\/files\/2022\/05\/screenshot-2022-05-19-at-13.44.31-370x607.png 370w, https:\/\/wp.kristdemokraterna.se\/vasterbotten\/files\/2022\/05\/screenshot-2022-05-19-at-13.44.31-770x1263.png 770w, https:\/\/wp.kristdemokraterna.se\/vasterbotten\/files\/2022\/05\/screenshot-2022-05-19-at-13.44.31-450x738.png 450w, https:\/\/wp.kristdemokraterna.se\/vasterbotten\/files\/2022\/05\/screenshot-2022-05-19-at-13.44.31-245x402.png 245w, https:\/\/wp.kristdemokraterna.se\/vasterbotten\/files\/2022\/05\/screenshot-2022-05-19-at-13.44.31-340x558.png 340w, https:\/\/wp.kristdemokraterna.se\/vasterbotten\/files\/2022\/05\/screenshot-2022-05-19-at-13.44.31-34x56.png 34w, https:\/\/wp.kristdemokraterna.se\/vasterbotten\/files\/2022\/05\/screenshot-2022-05-19-at-13.44.31.png 844w\" sizes=\"auto, (max-width: 624px) 100vw, 624px\" \/><\/p>\n","protected":false},"excerpt":{"rendered":"<p>Toppkandidater i kommunvalet: Margareta Berg, Lotta Nilsson &amp; Ann-Charlotte Nilsson VALPROGRAM<\/p>\n","protected":false},"author":1024,"featured_media":0,"parent":0,"menu_order":0,"comment_status":"closed","ping_status":"closed","template":"","meta":{"_acf_changed":false,"footnotes":""},"class_list":["post-2599","page","type-page","status-publish","hentry"],"acf":[],"yoast_head":"<!-- This site is optimized with the Yoast SEO plugin v27.3 - https:\/\/yoast.com\/product\/yoast-seo-wordpress\/ -->\n<title>Dorotea - KRISTDEMOKRATERNA i V\u00e4sterbotten<\/title>\n<meta name=\"robots\" content=\"index, follow, max-snippet:-1, max-image-preview:large, max-video-preview:-1\" \/>\n<link rel=\"canonical\" href=\"https:\/\/wp.kristdemokraterna.se\/vasterbotten\/dorotea\/\" \/>\n<meta property=\"og:locale\" content=\"sv_SE\" \/>\n<meta property=\"og:type\" content=\"article\" \/>\n<meta property=\"og:title\" content=\"Dorotea - KRISTDEMOKRATERNA i V\u00e4sterbotten\" \/>\n<meta property=\"og:description\" content=\"Toppkandidater i kommunvalet: Margareta Berg, Lotta Nilsson &amp; Ann-Charlotte Nilsson VALPROGRAM\" \/>\n<meta property=\"og:url\" content=\"https:\/\/wp.kristdemokraterna.se\/vasterbotten\/dorotea\/\" \/>\n<meta property=\"og:site_name\" content=\"KRISTDEMOKRATERNA i V\u00e4sterbotten\" \/>\n<meta property=\"article:publisher\" content=\"https:\/\/www.facebook.com\/kdvasterbotten\/\" \/>\n<meta property=\"og:image\" content=\"http:\/\/wp.kristdemokraterna.se\/vasterbotten\/files\/2022\/05\/dorotea-ny-1024x576.jpg\" \/>\n<meta name=\"twitter:card\" content=\"summary_large_image\" \/>\n<meta name=\"twitter:site\" content=\"@kdvasterbotten\" \/>\n<meta name=\"twitter:label1\" content=\"Ber\u00e4knad l\u00e4stid\" \/>\n\t<meta name=\"twitter:data1\" content=\"1 minut\" \/>\n<script type=\"application\/ld+json\" class=\"yoast-schema-graph\">{\"@context\":\"https:\\\/\\\/schema.org\",\"@graph\":[{\"@type\":\"WebPage\",\"@id\":\"https:\\\/\\\/wp.kristdemokraterna.se\\\/vasterbotten\\\/dorotea\\\/\",\"url\":\"https:\\\/\\\/wp.kristdemokraterna.se\\\/vasterbotten\\\/dorotea\\\/\",\"name\":\"Dorotea - KRISTDEMOKRATERNA i V\u00e4sterbotten\",\"isPartOf\":{\"@id\":\"https:\\\/\\\/wp.kristdemokraterna.se\\\/vasterbotten\\\/#website\"},\"primaryImageOfPage\":{\"@id\":\"https:\\\/\\\/wp.kristdemokraterna.se\\\/vasterbotten\\\/dorotea\\\/#primaryimage\"},\"image\":{\"@id\":\"https:\\\/\\\/wp.kristdemokraterna.se\\\/vasterbotten\\\/dorotea\\\/#primaryimage\"},\"thumbnailUrl\":\"http:\\\/\\\/wp.kristdemokraterna.se\\\/vasterbotten\\\/files\\\/2022\\\/05\\\/dorotea-ny-1024x576.jpg\",\"datePublished\":\"2022-05-19T11:45:00+00:00\",\"breadcrumb\":{\"@id\":\"https:\\\/\\\/wp.kristdemokraterna.se\\\/vasterbotten\\\/dorotea\\\/#breadcrumb\"},\"inLanguage\":\"sv-SE\",\"potentialAction\":[{\"@type\":\"ReadAction\",\"target\":[\"https:\\\/\\\/wp.kristdemokraterna.se\\\/vasterbotten\\\/dorotea\\\/\"]}]},{\"@type\":\"ImageObject\",\"inLanguage\":\"sv-SE\",\"@id\":\"https:\\\/\\\/wp.kristdemokraterna.se\\\/vasterbotten\\\/dorotea\\\/#primaryimage\",\"url\":\"http:\\\/\\\/wp.kristdemokraterna.se\\\/vasterbotten\\\/files\\\/2022\\\/05\\\/dorotea-ny-1024x576.jpg\",\"contentUrl\":\"http:\\\/\\\/wp.kristdemokraterna.se\\\/vasterbotten\\\/files\\\/2022\\\/05\\\/dorotea-ny-1024x576.jpg\"},{\"@type\":\"BreadcrumbList\",\"@id\":\"https:\\\/\\\/wp.kristdemokraterna.se\\\/vasterbotten\\\/dorotea\\\/#breadcrumb\",\"itemListElement\":[{\"@type\":\"ListItem\",\"position\":1,\"name\":\"Hem\",\"item\":\"https:\\\/\\\/wp.kristdemokraterna.se\\\/vasterbotten\\\/\"},{\"@type\":\"ListItem\",\"position\":2,\"name\":\"Dorotea\"}]},{\"@type\":\"WebSite\",\"@id\":\"https:\\\/\\\/wp.kristdemokraterna.se\\\/vasterbotten\\\/#website\",\"url\":\"https:\\\/\\\/wp.kristdemokraterna.se\\\/vasterbotten\\\/\",\"name\":\"KRISTDEMOKRATERNA i V\u00e4sterbotten\",\"description\":\"Varje m\u00e4nniska ska bem\u00f6tas med v\u00e4rdighet!\",\"inLanguage\":\"sv-SE\"}]}<\/script>\n<!-- \/ Yoast SEO plugin. -->","yoast_head_json":{"title":"Dorotea - KRISTDEMOKRATERNA i V\u00e4sterbotten","robots":{"index":"index","follow":"follow","max-snippet":"max-snippet:-1","max-image-preview":"max-image-preview:large","max-video-preview":"max-video-preview:-1"},"canonical":"https:\/\/wp.kristdemokraterna.se\/vasterbotten\/dorotea\/","og_locale":"sv_SE","og_type":"article","og_title":"Dorotea - KRISTDEMOKRATERNA i V\u00e4sterbotten","og_description":"Toppkandidater i kommunvalet: Margareta Berg, Lotta Nilsson &amp; Ann-Charlotte Nilsson VALPROGRAM","og_url":"https:\/\/wp.kristdemokraterna.se\/vasterbotten\/dorotea\/","og_site_name":"KRISTDEMOKRATERNA i V\u00e4sterbotten","article_publisher":"https:\/\/www.facebook.com\/kdvasterbotten\/","og_image":[{"url":"http:\/\/wp.kristdemokraterna.se\/vasterbotten\/files\/2022\/05\/dorotea-ny-1024x576.jpg","type":"","width":"","height":""}],"twitter_card":"summary_large_image","twitter_site":"@kdvasterbotten","twitter_misc":{"Ber\u00e4knad l\u00e4stid":"1 minut"},"schema":{"@context":"https:\/\/schema.org","@graph":[{"@type":"WebPage","@id":"https:\/\/wp.kristdemokraterna.se\/vasterbotten\/dorotea\/","url":"https:\/\/wp.kristdemokraterna.se\/vasterbotten\/dorotea\/","name":"Dorotea - KRISTDEMOKRATERNA i V\u00e4sterbotten","isPartOf":{"@id":"https:\/\/wp.kristdemokraterna.se\/vasterbotten\/#website"},"primaryImageOfPage":{"@id":"https:\/\/wp.kristdemokraterna.se\/vasterbotten\/dorotea\/#primaryimage"},"image":{"@id":"https:\/\/wp.kristdemokraterna.se\/vasterbotten\/dorotea\/#primaryimage"},"thumbnailUrl":"http:\/\/wp.kristdemokraterna.se\/vasterbotten\/files\/2022\/05\/dorotea-ny-1024x576.jpg","datePublished":"2022-05-19T11:45:00+00:00","breadcrumb":{"@id":"https:\/\/wp.kristdemokraterna.se\/vasterbotten\/dorotea\/#breadcrumb"},"inLanguage":"sv-SE","potentialAction":[{"@type":"ReadAction","target":["https:\/\/wp.kristdemokraterna.se\/vasterbotten\/dorotea\/"]}]},{"@type":"ImageObject","inLanguage":"sv-SE","@id":"https:\/\/wp.kristdemokraterna.se\/vasterbotten\/dorotea\/#primaryimage","url":"http:\/\/wp.kristdemokraterna.se\/vasterbotten\/files\/2022\/05\/dorotea-ny-1024x576.jpg","contentUrl":"http:\/\/wp.kristdemokraterna.se\/vasterbotten\/files\/2022\/05\/dorotea-ny-1024x576.jpg"},{"@type":"BreadcrumbList","@id":"https:\/\/wp.kristdemokraterna.se\/vasterbotten\/dorotea\/#breadcrumb","itemListElement":[{"@type":"ListItem","position":1,"name":"Hem","item":"https:\/\/wp.kristdemokraterna.se\/vasterbotten\/"},{"@type":"ListItem","position":2,"name":"Dorotea"}]},{"@type":"WebSite","@id":"https:\/\/wp.kristdemokraterna.se\/vasterbotten\/#website","url":"https:\/\/wp.kristdemokraterna.se\/vasterbotten\/","name":"KRISTDEMOKRATERNA i V\u00e4sterbotten","description":"Varje m\u00e4nniska ska bem\u00f6tas med v\u00e4rdighet!","inLanguage":"sv-SE"}]}},"_links":{"self":[{"href":"https:\/\/wp.kristdemokraterna.se\/vasterbotten\/wp-json\/wp\/v2\/pages\/2599","targetHints":{"allow":["GET"]}}],"collection":[{"href":"https:\/\/wp.kristdemokraterna.se\/vasterbotten\/wp-json\/wp\/v2\/pages"}],"about":[{"href":"https:\/\/wp.kristdemokraterna.se\/vasterbotten\/wp-json\/wp\/v2\/types\/page"}],"author":[{"embeddable":true,"href":"https:\/\/wp.kristdemokraterna.se\/vasterbotten\/wp-json\/wp\/v2\/users\/1024"}],"replies":[{"embeddable":true,"href":"https:\/\/wp.kristdemokraterna.se\/vasterbotten\/wp-json\/wp\/v2\/comments?post=2599"}],"version-history":[{"count":1,"href":"https:\/\/wp.kristdemokraterna.se\/vasterbotten\/wp-json\/wp\/v2\/pages\/2599\/revisions"}],"predecessor-version":[{"id":2602,"href":"https:\/\/wp.kristdemokraterna.se\/vasterbotten\/wp-json\/wp\/v2\/pages\/2599\/revisions\/2602"}],"wp:attachment":[{"href":"https:\/\/wp.kristdemokraterna.se\/vasterbotten\/wp-json\/wp\/v2\/media?parent=2599"}],"curies":[{"name":"wp","href":"https:\/\/api.w.org\/{rel}","templated":true}]}}