{"id":2603,"date":"2022-05-19T13:51:32","date_gmt":"2022-05-19T11:51:32","guid":{"rendered":"https:\/\/wp.kristdemokraterna.se\/vasterbotten\/?page_id=2603"},"modified":"2022-05-19T13:51:32","modified_gmt":"2022-05-19T11:51:32","slug":"vindeln","status":"publish","type":"page","link":"https:\/\/wp.kristdemokraterna.se\/vasterbotten\/vindeln\/","title":{"rendered":"Vindeln"},"content":{"rendered":"<p><img loading=\"lazy\" decoding=\"async\" class=\"alignnone size-large wp-image-2604\" src=\"http:\/\/wp.kristdemokraterna.se\/vasterbotten\/files\/2022\/05\/vindeln-ny-1024x576.jpg\" alt=\"\" width=\"1024\" height=\"576\" srcset=\"https:\/\/wp.kristdemokraterna.se\/vasterbotten\/files\/2022\/05\/vindeln-ny-1024x576.jpg 1024w, https:\/\/wp.kristdemokraterna.se\/vasterbotten\/files\/2022\/05\/vindeln-ny-300x169.jpg 300w, https:\/\/wp.kristdemokraterna.se\/vasterbotten\/files\/2022\/05\/vindeln-ny-768x432.jpg 768w, https:\/\/wp.kristdemokraterna.se\/vasterbotten\/files\/2022\/05\/vindeln-ny-1536x864.jpg 1536w, https:\/\/wp.kristdemokraterna.se\/vasterbotten\/files\/2022\/05\/vindeln-ny-2048x1152.jpg 2048w, https:\/\/wp.kristdemokraterna.se\/vasterbotten\/files\/2022\/05\/vindeln-ny-356x200.jpg 356w, https:\/\/wp.kristdemokraterna.se\/vasterbotten\/files\/2022\/05\/vindeln-ny-370x208.jpg 370w, https:\/\/wp.kristdemokraterna.se\/vasterbotten\/files\/2022\/05\/vindeln-ny-770x433.jpg 770w, https:\/\/wp.kristdemokraterna.se\/vasterbotten\/files\/2022\/05\/vindeln-ny-450x253.jpg 450w, https:\/\/wp.kristdemokraterna.se\/vasterbotten\/files\/2022\/05\/vindeln-ny-280x158.jpg 280w, https:\/\/wp.kristdemokraterna.se\/vasterbotten\/files\/2022\/05\/vindeln-ny-340x191.jpg 340w, https:\/\/wp.kristdemokraterna.se\/vasterbotten\/files\/2022\/05\/vindeln-ny-200x113.jpg 200w, https:\/\/wp.kristdemokraterna.se\/vasterbotten\/files\/2022\/05\/vindeln-ny-100x56.jpg 100w\" sizes=\"auto, (max-width: 1024px) 100vw, 1024px\" \/><\/p>\n<p>Toppkandidater i kommunvalet: Daniel Jaede, Ida Israelsson &amp; Nicholas Nordlander<\/p>\n<p><strong>VALPROGRAM<\/strong><\/p>\n<p><img loading=\"lazy\" decoding=\"async\" class=\"alignnone size-large wp-image-2605\" src=\"http:\/\/wp.kristdemokraterna.se\/vasterbotten\/files\/2022\/05\/screenshot-2022-05-19-at-13.51.02-640x1024.png\" alt=\"\" width=\"640\" height=\"1024\" srcset=\"https:\/\/wp.kristdemokraterna.se\/vasterbotten\/files\/2022\/05\/screenshot-2022-05-19-at-13.51.02-640x1024.png 640w, https:\/\/wp.kristdemokraterna.se\/vasterbotten\/files\/2022\/05\/screenshot-2022-05-19-at-13.51.02-188x300.png 188w, https:\/\/wp.kristdemokraterna.se\/vasterbotten\/files\/2022\/05\/screenshot-2022-05-19-at-13.51.02-768x1228.png 768w, https:\/\/wp.kristdemokraterna.se\/vasterbotten\/files\/2022\/05\/screenshot-2022-05-19-at-13.51.02-125x200.png 125w, https:\/\/wp.kristdemokraterna.se\/vasterbotten\/files\/2022\/05\/screenshot-2022-05-19-at-13.51.02-370x592.png 370w, https:\/\/wp.kristdemokraterna.se\/vasterbotten\/files\/2022\/05\/screenshot-2022-05-19-at-13.51.02-770x1231.png 770w, https:\/\/wp.kristdemokraterna.se\/vasterbotten\/files\/2022\/05\/screenshot-2022-05-19-at-13.51.02-450x720.png 450w, https:\/\/wp.kristdemokraterna.se\/vasterbotten\/files\/2022\/05\/screenshot-2022-05-19-at-13.51.02-251x402.png 251w, https:\/\/wp.kristdemokraterna.se\/vasterbotten\/files\/2022\/05\/screenshot-2022-05-19-at-13.51.02-340x544.png 340w, https:\/\/wp.kristdemokraterna.se\/vasterbotten\/files\/2022\/05\/screenshot-2022-05-19-at-13.51.02-35x56.png 35w, https:\/\/wp.kristdemokraterna.se\/vasterbotten\/files\/2022\/05\/screenshot-2022-05-19-at-13.51.02.png 928w\" sizes=\"auto, (max-width: 640px) 100vw, 640px\" \/><\/p>\n","protected":false},"excerpt":{"rendered":"<p>Toppkandidater i kommunvalet: Daniel Jaede, Ida Israelsson &amp; Nicholas Nordlander VALPROGRAM<\/p>\n","protected":false},"author":1024,"featured_media":0,"parent":0,"menu_order":0,"comment_status":"closed","ping_status":"closed","template":"","meta":{"_acf_changed":false,"footnotes":""},"class_list":["post-2603","page","type-page","status-publish","hentry"],"acf":[],"yoast_head":"<!-- This site is optimized with the Yoast SEO plugin v27.4 - https:\/\/yoast.com\/product\/yoast-seo-wordpress\/ -->\n<title>Vindeln - KRISTDEMOKRATERNA i V\u00e4sterbotten<\/title>\n<meta name=\"robots\" content=\"index, follow, max-snippet:-1, max-image-preview:large, max-video-preview:-1\" \/>\n<link rel=\"canonical\" href=\"https:\/\/wp.kristdemokraterna.se\/vasterbotten\/vindeln\/\" \/>\n<meta property=\"og:locale\" content=\"sv_SE\" \/>\n<meta property=\"og:type\" content=\"article\" \/>\n<meta property=\"og:title\" content=\"Vindeln - KRISTDEMOKRATERNA i V\u00e4sterbotten\" \/>\n<meta property=\"og:description\" content=\"Toppkandidater i kommunvalet: Daniel Jaede, Ida Israelsson &amp; Nicholas Nordlander VALPROGRAM\" \/>\n<meta property=\"og:url\" content=\"https:\/\/wp.kristdemokraterna.se\/vasterbotten\/vindeln\/\" \/>\n<meta property=\"og:site_name\" content=\"KRISTDEMOKRATERNA i V\u00e4sterbotten\" \/>\n<meta property=\"article:publisher\" content=\"https:\/\/www.facebook.com\/kdvasterbotten\/\" \/>\n<meta property=\"og:image\" content=\"http:\/\/wp.kristdemokraterna.se\/vasterbotten\/files\/2022\/05\/vindeln-ny-1024x576.jpg\" \/>\n<meta name=\"twitter:card\" content=\"summary_large_image\" \/>\n<meta name=\"twitter:site\" content=\"@kdvasterbotten\" \/>\n<meta name=\"twitter:label1\" content=\"Ber\u00e4knad l\u00e4stid\" \/>\n\t<meta name=\"twitter:data1\" content=\"1 minut\" \/>\n<script type=\"application\/ld+json\" class=\"yoast-schema-graph\">{\"@context\":\"https:\\\/\\\/schema.org\",\"@graph\":[{\"@type\":\"WebPage\",\"@id\":\"https:\\\/\\\/wp.kristdemokraterna.se\\\/vasterbotten\\\/vindeln\\\/\",\"url\":\"https:\\\/\\\/wp.kristdemokraterna.se\\\/vasterbotten\\\/vindeln\\\/\",\"name\":\"Vindeln - KRISTDEMOKRATERNA i V\u00e4sterbotten\",\"isPartOf\":{\"@id\":\"https:\\\/\\\/wp.kristdemokraterna.se\\\/vasterbotten\\\/#website\"},\"primaryImageOfPage\":{\"@id\":\"https:\\\/\\\/wp.kristdemokraterna.se\\\/vasterbotten\\\/vindeln\\\/#primaryimage\"},\"image\":{\"@id\":\"https:\\\/\\\/wp.kristdemokraterna.se\\\/vasterbotten\\\/vindeln\\\/#primaryimage\"},\"thumbnailUrl\":\"http:\\\/\\\/wp.kristdemokraterna.se\\\/vasterbotten\\\/files\\\/2022\\\/05\\\/vindeln-ny-1024x576.jpg\",\"datePublished\":\"2022-05-19T11:51:32+00:00\",\"breadcrumb\":{\"@id\":\"https:\\\/\\\/wp.kristdemokraterna.se\\\/vasterbotten\\\/vindeln\\\/#breadcrumb\"},\"inLanguage\":\"sv-SE\",\"potentialAction\":[{\"@type\":\"ReadAction\",\"target\":[\"https:\\\/\\\/wp.kristdemokraterna.se\\\/vasterbotten\\\/vindeln\\\/\"]}]},{\"@type\":\"ImageObject\",\"inLanguage\":\"sv-SE\",\"@id\":\"https:\\\/\\\/wp.kristdemokraterna.se\\\/vasterbotten\\\/vindeln\\\/#primaryimage\",\"url\":\"http:\\\/\\\/wp.kristdemokraterna.se\\\/vasterbotten\\\/files\\\/2022\\\/05\\\/vindeln-ny-1024x576.jpg\",\"contentUrl\":\"http:\\\/\\\/wp.kristdemokraterna.se\\\/vasterbotten\\\/files\\\/2022\\\/05\\\/vindeln-ny-1024x576.jpg\"},{\"@type\":\"BreadcrumbList\",\"@id\":\"https:\\\/\\\/wp.kristdemokraterna.se\\\/vasterbotten\\\/vindeln\\\/#breadcrumb\",\"itemListElement\":[{\"@type\":\"ListItem\",\"position\":1,\"name\":\"Hem\",\"item\":\"https:\\\/\\\/wp.kristdemokraterna.se\\\/vasterbotten\\\/\"},{\"@type\":\"ListItem\",\"position\":2,\"name\":\"Vindeln\"}]},{\"@type\":\"WebSite\",\"@id\":\"https:\\\/\\\/wp.kristdemokraterna.se\\\/vasterbotten\\\/#website\",\"url\":\"https:\\\/\\\/wp.kristdemokraterna.se\\\/vasterbotten\\\/\",\"name\":\"KRISTDEMOKRATERNA i V\u00e4sterbotten\",\"description\":\"Varje m\u00e4nniska ska bem\u00f6tas med v\u00e4rdighet!\",\"inLanguage\":\"sv-SE\"}]}<\/script>\n<!-- \/ Yoast SEO plugin. -->","yoast_head_json":{"title":"Vindeln - KRISTDEMOKRATERNA i V\u00e4sterbotten","robots":{"index":"index","follow":"follow","max-snippet":"max-snippet:-1","max-image-preview":"max-image-preview:large","max-video-preview":"max-video-preview:-1"},"canonical":"https:\/\/wp.kristdemokraterna.se\/vasterbotten\/vindeln\/","og_locale":"sv_SE","og_type":"article","og_title":"Vindeln - KRISTDEMOKRATERNA i V\u00e4sterbotten","og_description":"Toppkandidater i kommunvalet: Daniel Jaede, Ida Israelsson &amp; Nicholas Nordlander VALPROGRAM","og_url":"https:\/\/wp.kristdemokraterna.se\/vasterbotten\/vindeln\/","og_site_name":"KRISTDEMOKRATERNA i V\u00e4sterbotten","article_publisher":"https:\/\/www.facebook.com\/kdvasterbotten\/","og_image":[{"url":"http:\/\/wp.kristdemokraterna.se\/vasterbotten\/files\/2022\/05\/vindeln-ny-1024x576.jpg","type":"","width":"","height":""}],"twitter_card":"summary_large_image","twitter_site":"@kdvasterbotten","twitter_misc":{"Ber\u00e4knad l\u00e4stid":"1 minut"},"schema":{"@context":"https:\/\/schema.org","@graph":[{"@type":"WebPage","@id":"https:\/\/wp.kristdemokraterna.se\/vasterbotten\/vindeln\/","url":"https:\/\/wp.kristdemokraterna.se\/vasterbotten\/vindeln\/","name":"Vindeln - KRISTDEMOKRATERNA i V\u00e4sterbotten","isPartOf":{"@id":"https:\/\/wp.kristdemokraterna.se\/vasterbotten\/#website"},"primaryImageOfPage":{"@id":"https:\/\/wp.kristdemokraterna.se\/vasterbotten\/vindeln\/#primaryimage"},"image":{"@id":"https:\/\/wp.kristdemokraterna.se\/vasterbotten\/vindeln\/#primaryimage"},"thumbnailUrl":"http:\/\/wp.kristdemokraterna.se\/vasterbotten\/files\/2022\/05\/vindeln-ny-1024x576.jpg","datePublished":"2022-05-19T11:51:32+00:00","breadcrumb":{"@id":"https:\/\/wp.kristdemokraterna.se\/vasterbotten\/vindeln\/#breadcrumb"},"inLanguage":"sv-SE","potentialAction":[{"@type":"ReadAction","target":["https:\/\/wp.kristdemokraterna.se\/vasterbotten\/vindeln\/"]}]},{"@type":"ImageObject","inLanguage":"sv-SE","@id":"https:\/\/wp.kristdemokraterna.se\/vasterbotten\/vindeln\/#primaryimage","url":"http:\/\/wp.kristdemokraterna.se\/vasterbotten\/files\/2022\/05\/vindeln-ny-1024x576.jpg","contentUrl":"http:\/\/wp.kristdemokraterna.se\/vasterbotten\/files\/2022\/05\/vindeln-ny-1024x576.jpg"},{"@type":"BreadcrumbList","@id":"https:\/\/wp.kristdemokraterna.se\/vasterbotten\/vindeln\/#breadcrumb","itemListElement":[{"@type":"ListItem","position":1,"name":"Hem","item":"https:\/\/wp.kristdemokraterna.se\/vasterbotten\/"},{"@type":"ListItem","position":2,"name":"Vindeln"}]},{"@type":"WebSite","@id":"https:\/\/wp.kristdemokraterna.se\/vasterbotten\/#website","url":"https:\/\/wp.kristdemokraterna.se\/vasterbotten\/","name":"KRISTDEMOKRATERNA i V\u00e4sterbotten","description":"Varje m\u00e4nniska ska bem\u00f6tas med v\u00e4rdighet!","inLanguage":"sv-SE"}]}},"_links":{"self":[{"href":"https:\/\/wp.kristdemokraterna.se\/vasterbotten\/wp-json\/wp\/v2\/pages\/2603","targetHints":{"allow":["GET"]}}],"collection":[{"href":"https:\/\/wp.kristdemokraterna.se\/vasterbotten\/wp-json\/wp\/v2\/pages"}],"about":[{"href":"https:\/\/wp.kristdemokraterna.se\/vasterbotten\/wp-json\/wp\/v2\/types\/page"}],"author":[{"embeddable":true,"href":"https:\/\/wp.kristdemokraterna.se\/vasterbotten\/wp-json\/wp\/v2\/users\/1024"}],"replies":[{"embeddable":true,"href":"https:\/\/wp.kristdemokraterna.se\/vasterbotten\/wp-json\/wp\/v2\/comments?post=2603"}],"version-history":[{"count":1,"href":"https:\/\/wp.kristdemokraterna.se\/vasterbotten\/wp-json\/wp\/v2\/pages\/2603\/revisions"}],"predecessor-version":[{"id":2606,"href":"https:\/\/wp.kristdemokraterna.se\/vasterbotten\/wp-json\/wp\/v2\/pages\/2603\/revisions\/2606"}],"wp:attachment":[{"href":"https:\/\/wp.kristdemokraterna.se\/vasterbotten\/wp-json\/wp\/v2\/media?parent=2603"}],"curies":[{"name":"wp","href":"https:\/\/api.w.org\/{rel}","templated":true}]}}