{"id":2619,"date":"2022-05-19T14:08:45","date_gmt":"2022-05-19T12:08:45","guid":{"rendered":"https:\/\/wp.kristdemokraterna.se\/vasterbotten\/?page_id=2619"},"modified":"2022-05-19T14:08:45","modified_gmt":"2022-05-19T12:08:45","slug":"robertsfors","status":"publish","type":"page","link":"https:\/\/wp.kristdemokraterna.se\/vasterbotten\/robertsfors\/","title":{"rendered":"Robertsfors"},"content":{"rendered":"<p><img loading=\"lazy\" decoding=\"async\" class=\"alignnone size-large wp-image-2620\" src=\"http:\/\/wp.kristdemokraterna.se\/vasterbotten\/files\/2022\/05\/robertsfors-1024x791.jpg\" alt=\"\" width=\"1024\" height=\"791\" srcset=\"https:\/\/wp.kristdemokraterna.se\/vasterbotten\/files\/2022\/05\/robertsfors-1024x791.jpg 1024w, https:\/\/wp.kristdemokraterna.se\/vasterbotten\/files\/2022\/05\/robertsfors-300x232.jpg 300w, https:\/\/wp.kristdemokraterna.se\/vasterbotten\/files\/2022\/05\/robertsfors-768x593.jpg 768w, https:\/\/wp.kristdemokraterna.se\/vasterbotten\/files\/2022\/05\/robertsfors-1536x1187.jpg 1536w, https:\/\/wp.kristdemokraterna.se\/vasterbotten\/files\/2022\/05\/robertsfors-2048x1583.jpg 2048w, https:\/\/wp.kristdemokraterna.se\/vasterbotten\/files\/2022\/05\/robertsfors-259x200.jpg 259w, https:\/\/wp.kristdemokraterna.se\/vasterbotten\/files\/2022\/05\/robertsfors-370x286.jpg 370w, https:\/\/wp.kristdemokraterna.se\/vasterbotten\/files\/2022\/05\/robertsfors-770x595.jpg 770w, https:\/\/wp.kristdemokraterna.se\/vasterbotten\/files\/2022\/05\/robertsfors-450x348.jpg 450w, https:\/\/wp.kristdemokraterna.se\/vasterbotten\/files\/2022\/05\/robertsfors-280x216.jpg 280w, https:\/\/wp.kristdemokraterna.se\/vasterbotten\/files\/2022\/05\/robertsfors-340x263.jpg 340w, https:\/\/wp.kristdemokraterna.se\/vasterbotten\/files\/2022\/05\/robertsfors-200x155.jpg 200w, https:\/\/wp.kristdemokraterna.se\/vasterbotten\/files\/2022\/05\/robertsfors-72x56.jpg 72w\" sizes=\"auto, (max-width: 1024px) 100vw, 1024px\" \/><\/p>\n<p>Toppkandidater i kommunvalet: Per-Martin Jonasson, Gun-Britt Jonasson, Lennart Ekman &amp; Gabrielle Bostr\u00f6m<\/p>\n<p><strong>VALPROGRAM<\/strong><\/p>\n<p><img loading=\"lazy\" decoding=\"async\" class=\"alignnone size-large wp-image-2621\" src=\"http:\/\/wp.kristdemokraterna.se\/vasterbotten\/files\/2022\/05\/screenshot-2022-05-19-at-14.07.35-797x1024.png\" alt=\"\" width=\"797\" height=\"1024\" srcset=\"https:\/\/wp.kristdemokraterna.se\/vasterbotten\/files\/2022\/05\/screenshot-2022-05-19-at-14.07.35-797x1024.png 797w, https:\/\/wp.kristdemokraterna.se\/vasterbotten\/files\/2022\/05\/screenshot-2022-05-19-at-14.07.35-234x300.png 234w, https:\/\/wp.kristdemokraterna.se\/vasterbotten\/files\/2022\/05\/screenshot-2022-05-19-at-14.07.35-768x986.png 768w, https:\/\/wp.kristdemokraterna.se\/vasterbotten\/files\/2022\/05\/screenshot-2022-05-19-at-14.07.35-156x200.png 156w, https:\/\/wp.kristdemokraterna.se\/vasterbotten\/files\/2022\/05\/screenshot-2022-05-19-at-14.07.35-370x475.png 370w, https:\/\/wp.kristdemokraterna.se\/vasterbotten\/files\/2022\/05\/screenshot-2022-05-19-at-14.07.35-770x989.png 770w, https:\/\/wp.kristdemokraterna.se\/vasterbotten\/files\/2022\/05\/screenshot-2022-05-19-at-14.07.35-450x578.png 450w, https:\/\/wp.kristdemokraterna.se\/vasterbotten\/files\/2022\/05\/screenshot-2022-05-19-at-14.07.35-280x360.png 280w, https:\/\/wp.kristdemokraterna.se\/vasterbotten\/files\/2022\/05\/screenshot-2022-05-19-at-14.07.35-340x437.png 340w, https:\/\/wp.kristdemokraterna.se\/vasterbotten\/files\/2022\/05\/screenshot-2022-05-19-at-14.07.35-44x56.png 44w, https:\/\/wp.kristdemokraterna.se\/vasterbotten\/files\/2022\/05\/screenshot-2022-05-19-at-14.07.35.png 928w\" sizes=\"auto, (max-width: 797px) 100vw, 797px\" \/><\/p>\n","protected":false},"excerpt":{"rendered":"<p>Toppkandidater i kommunvalet: Per-Martin Jonasson, Gun-Britt Jonasson, Lennart Ekman &amp; Gabrielle Bostr\u00f6m VALPROGRAM<\/p>\n","protected":false},"author":1024,"featured_media":0,"parent":0,"menu_order":0,"comment_status":"closed","ping_status":"closed","template":"","meta":{"_acf_changed":false,"footnotes":""},"class_list":["post-2619","page","type-page","status-publish","hentry"],"acf":[],"yoast_head":"<!-- This site is optimized with the Yoast SEO plugin v27.4 - https:\/\/yoast.com\/product\/yoast-seo-wordpress\/ -->\n<title>Robertsfors - KRISTDEMOKRATERNA i V\u00e4sterbotten<\/title>\n<meta name=\"robots\" content=\"index, follow, max-snippet:-1, max-image-preview:large, max-video-preview:-1\" \/>\n<link rel=\"canonical\" href=\"https:\/\/wp.kristdemokraterna.se\/vasterbotten\/robertsfors\/\" \/>\n<meta property=\"og:locale\" content=\"sv_SE\" \/>\n<meta property=\"og:type\" content=\"article\" \/>\n<meta property=\"og:title\" content=\"Robertsfors - KRISTDEMOKRATERNA i V\u00e4sterbotten\" \/>\n<meta property=\"og:description\" content=\"Toppkandidater i kommunvalet: Per-Martin Jonasson, Gun-Britt Jonasson, Lennart Ekman &amp; Gabrielle Bostr\u00f6m VALPROGRAM\" \/>\n<meta property=\"og:url\" content=\"https:\/\/wp.kristdemokraterna.se\/vasterbotten\/robertsfors\/\" \/>\n<meta property=\"og:site_name\" content=\"KRISTDEMOKRATERNA i V\u00e4sterbotten\" \/>\n<meta property=\"article:publisher\" content=\"https:\/\/www.facebook.com\/kdvasterbotten\/\" \/>\n<meta property=\"og:image\" content=\"http:\/\/wp.kristdemokraterna.se\/vasterbotten\/files\/2022\/05\/robertsfors-1024x791.jpg\" \/>\n<meta name=\"twitter:card\" content=\"summary_large_image\" \/>\n<meta name=\"twitter:site\" content=\"@kdvasterbotten\" \/>\n<script type=\"application\/ld+json\" class=\"yoast-schema-graph\">{\"@context\":\"https:\\\/\\\/schema.org\",\"@graph\":[{\"@type\":\"WebPage\",\"@id\":\"https:\\\/\\\/wp.kristdemokraterna.se\\\/vasterbotten\\\/robertsfors\\\/\",\"url\":\"https:\\\/\\\/wp.kristdemokraterna.se\\\/vasterbotten\\\/robertsfors\\\/\",\"name\":\"Robertsfors - KRISTDEMOKRATERNA i V\u00e4sterbotten\",\"isPartOf\":{\"@id\":\"https:\\\/\\\/wp.kristdemokraterna.se\\\/vasterbotten\\\/#website\"},\"primaryImageOfPage\":{\"@id\":\"https:\\\/\\\/wp.kristdemokraterna.se\\\/vasterbotten\\\/robertsfors\\\/#primaryimage\"},\"image\":{\"@id\":\"https:\\\/\\\/wp.kristdemokraterna.se\\\/vasterbotten\\\/robertsfors\\\/#primaryimage\"},\"thumbnailUrl\":\"http:\\\/\\\/wp.kristdemokraterna.se\\\/vasterbotten\\\/files\\\/2022\\\/05\\\/robertsfors-1024x791.jpg\",\"datePublished\":\"2022-05-19T12:08:45+00:00\",\"breadcrumb\":{\"@id\":\"https:\\\/\\\/wp.kristdemokraterna.se\\\/vasterbotten\\\/robertsfors\\\/#breadcrumb\"},\"inLanguage\":\"sv-SE\",\"potentialAction\":[{\"@type\":\"ReadAction\",\"target\":[\"https:\\\/\\\/wp.kristdemokraterna.se\\\/vasterbotten\\\/robertsfors\\\/\"]}]},{\"@type\":\"ImageObject\",\"inLanguage\":\"sv-SE\",\"@id\":\"https:\\\/\\\/wp.kristdemokraterna.se\\\/vasterbotten\\\/robertsfors\\\/#primaryimage\",\"url\":\"http:\\\/\\\/wp.kristdemokraterna.se\\\/vasterbotten\\\/files\\\/2022\\\/05\\\/robertsfors-1024x791.jpg\",\"contentUrl\":\"http:\\\/\\\/wp.kristdemokraterna.se\\\/vasterbotten\\\/files\\\/2022\\\/05\\\/robertsfors-1024x791.jpg\"},{\"@type\":\"BreadcrumbList\",\"@id\":\"https:\\\/\\\/wp.kristdemokraterna.se\\\/vasterbotten\\\/robertsfors\\\/#breadcrumb\",\"itemListElement\":[{\"@type\":\"ListItem\",\"position\":1,\"name\":\"Hem\",\"item\":\"https:\\\/\\\/wp.kristdemokraterna.se\\\/vasterbotten\\\/\"},{\"@type\":\"ListItem\",\"position\":2,\"name\":\"Robertsfors\"}]},{\"@type\":\"WebSite\",\"@id\":\"https:\\\/\\\/wp.kristdemokraterna.se\\\/vasterbotten\\\/#website\",\"url\":\"https:\\\/\\\/wp.kristdemokraterna.se\\\/vasterbotten\\\/\",\"name\":\"KRISTDEMOKRATERNA i V\u00e4sterbotten\",\"description\":\"Varje m\u00e4nniska ska bem\u00f6tas med v\u00e4rdighet!\",\"inLanguage\":\"sv-SE\"}]}<\/script>\n<!-- \/ Yoast SEO plugin. -->","yoast_head_json":{"title":"Robertsfors - KRISTDEMOKRATERNA i V\u00e4sterbotten","robots":{"index":"index","follow":"follow","max-snippet":"max-snippet:-1","max-image-preview":"max-image-preview:large","max-video-preview":"max-video-preview:-1"},"canonical":"https:\/\/wp.kristdemokraterna.se\/vasterbotten\/robertsfors\/","og_locale":"sv_SE","og_type":"article","og_title":"Robertsfors - KRISTDEMOKRATERNA i V\u00e4sterbotten","og_description":"Toppkandidater i kommunvalet: Per-Martin Jonasson, Gun-Britt Jonasson, Lennart Ekman &amp; Gabrielle Bostr\u00f6m VALPROGRAM","og_url":"https:\/\/wp.kristdemokraterna.se\/vasterbotten\/robertsfors\/","og_site_name":"KRISTDEMOKRATERNA i V\u00e4sterbotten","article_publisher":"https:\/\/www.facebook.com\/kdvasterbotten\/","og_image":[{"url":"http:\/\/wp.kristdemokraterna.se\/vasterbotten\/files\/2022\/05\/robertsfors-1024x791.jpg","type":"","width":"","height":""}],"twitter_card":"summary_large_image","twitter_site":"@kdvasterbotten","schema":{"@context":"https:\/\/schema.org","@graph":[{"@type":"WebPage","@id":"https:\/\/wp.kristdemokraterna.se\/vasterbotten\/robertsfors\/","url":"https:\/\/wp.kristdemokraterna.se\/vasterbotten\/robertsfors\/","name":"Robertsfors - KRISTDEMOKRATERNA i V\u00e4sterbotten","isPartOf":{"@id":"https:\/\/wp.kristdemokraterna.se\/vasterbotten\/#website"},"primaryImageOfPage":{"@id":"https:\/\/wp.kristdemokraterna.se\/vasterbotten\/robertsfors\/#primaryimage"},"image":{"@id":"https:\/\/wp.kristdemokraterna.se\/vasterbotten\/robertsfors\/#primaryimage"},"thumbnailUrl":"http:\/\/wp.kristdemokraterna.se\/vasterbotten\/files\/2022\/05\/robertsfors-1024x791.jpg","datePublished":"2022-05-19T12:08:45+00:00","breadcrumb":{"@id":"https:\/\/wp.kristdemokraterna.se\/vasterbotten\/robertsfors\/#breadcrumb"},"inLanguage":"sv-SE","potentialAction":[{"@type":"ReadAction","target":["https:\/\/wp.kristdemokraterna.se\/vasterbotten\/robertsfors\/"]}]},{"@type":"ImageObject","inLanguage":"sv-SE","@id":"https:\/\/wp.kristdemokraterna.se\/vasterbotten\/robertsfors\/#primaryimage","url":"http:\/\/wp.kristdemokraterna.se\/vasterbotten\/files\/2022\/05\/robertsfors-1024x791.jpg","contentUrl":"http:\/\/wp.kristdemokraterna.se\/vasterbotten\/files\/2022\/05\/robertsfors-1024x791.jpg"},{"@type":"BreadcrumbList","@id":"https:\/\/wp.kristdemokraterna.se\/vasterbotten\/robertsfors\/#breadcrumb","itemListElement":[{"@type":"ListItem","position":1,"name":"Hem","item":"https:\/\/wp.kristdemokraterna.se\/vasterbotten\/"},{"@type":"ListItem","position":2,"name":"Robertsfors"}]},{"@type":"WebSite","@id":"https:\/\/wp.kristdemokraterna.se\/vasterbotten\/#website","url":"https:\/\/wp.kristdemokraterna.se\/vasterbotten\/","name":"KRISTDEMOKRATERNA i V\u00e4sterbotten","description":"Varje m\u00e4nniska ska bem\u00f6tas med v\u00e4rdighet!","inLanguage":"sv-SE"}]}},"_links":{"self":[{"href":"https:\/\/wp.kristdemokraterna.se\/vasterbotten\/wp-json\/wp\/v2\/pages\/2619","targetHints":{"allow":["GET"]}}],"collection":[{"href":"https:\/\/wp.kristdemokraterna.se\/vasterbotten\/wp-json\/wp\/v2\/pages"}],"about":[{"href":"https:\/\/wp.kristdemokraterna.se\/vasterbotten\/wp-json\/wp\/v2\/types\/page"}],"author":[{"embeddable":true,"href":"https:\/\/wp.kristdemokraterna.se\/vasterbotten\/wp-json\/wp\/v2\/users\/1024"}],"replies":[{"embeddable":true,"href":"https:\/\/wp.kristdemokraterna.se\/vasterbotten\/wp-json\/wp\/v2\/comments?post=2619"}],"version-history":[{"count":1,"href":"https:\/\/wp.kristdemokraterna.se\/vasterbotten\/wp-json\/wp\/v2\/pages\/2619\/revisions"}],"predecessor-version":[{"id":2622,"href":"https:\/\/wp.kristdemokraterna.se\/vasterbotten\/wp-json\/wp\/v2\/pages\/2619\/revisions\/2622"}],"wp:attachment":[{"href":"https:\/\/wp.kristdemokraterna.se\/vasterbotten\/wp-json\/wp\/v2\/media?parent=2619"}],"curies":[{"name":"wp","href":"https:\/\/api.w.org\/{rel}","templated":true}]}}