{"id":2627,"date":"2022-05-19T14:18:22","date_gmt":"2022-05-19T12:18:22","guid":{"rendered":"https:\/\/wp.kristdemokraterna.se\/vasterbotten\/?page_id=2627"},"modified":"2022-08-28T15:22:56","modified_gmt":"2022-08-28T13:22:56","slug":"vannas","status":"publish","type":"page","link":"https:\/\/wp.kristdemokraterna.se\/vasterbotten\/vannas\/","title":{"rendered":"V\u00e4nn\u00e4s"},"content":{"rendered":"<p><img loading=\"lazy\" decoding=\"async\" class=\"size-large wp-image-2628 aligncenter\" src=\"http:\/\/wp.kristdemokraterna.se\/vasterbotten\/files\/2022\/05\/vannas-ny-1024x576.jpg\" alt=\"\" width=\"1024\" height=\"576\" srcset=\"https:\/\/wp.kristdemokraterna.se\/vasterbotten\/files\/2022\/05\/vannas-ny-1024x576.jpg 1024w, https:\/\/wp.kristdemokraterna.se\/vasterbotten\/files\/2022\/05\/vannas-ny-300x169.jpg 300w, https:\/\/wp.kristdemokraterna.se\/vasterbotten\/files\/2022\/05\/vannas-ny-768x432.jpg 768w, https:\/\/wp.kristdemokraterna.se\/vasterbotten\/files\/2022\/05\/vannas-ny-1536x864.jpg 1536w, https:\/\/wp.kristdemokraterna.se\/vasterbotten\/files\/2022\/05\/vannas-ny-2048x1152.jpg 2048w, https:\/\/wp.kristdemokraterna.se\/vasterbotten\/files\/2022\/05\/vannas-ny-356x200.jpg 356w, https:\/\/wp.kristdemokraterna.se\/vasterbotten\/files\/2022\/05\/vannas-ny-370x208.jpg 370w, https:\/\/wp.kristdemokraterna.se\/vasterbotten\/files\/2022\/05\/vannas-ny-770x433.jpg 770w, https:\/\/wp.kristdemokraterna.se\/vasterbotten\/files\/2022\/05\/vannas-ny-450x253.jpg 450w, https:\/\/wp.kristdemokraterna.se\/vasterbotten\/files\/2022\/05\/vannas-ny-280x158.jpg 280w, https:\/\/wp.kristdemokraterna.se\/vasterbotten\/files\/2022\/05\/vannas-ny-340x191.jpg 340w, https:\/\/wp.kristdemokraterna.se\/vasterbotten\/files\/2022\/05\/vannas-ny-200x113.jpg 200w, https:\/\/wp.kristdemokraterna.se\/vasterbotten\/files\/2022\/05\/vannas-ny-100x56.jpg 100w\" sizes=\"auto, (max-width: 1024px) 100vw, 1024px\" \/><\/p>\n<p>Toppkandidater i kommunvalet: Sandra Bingebo, Martin Hermansson, Elisabeth Essebro &amp; Hans-Inge Smetana.<\/p>\n<p style=\"text-align: center\"><a href=\"http:\/\/wp.kristdemokraterna.se\/vasterbotten\/files\/2022\/08\/valprogram-vannas-23-26.pdf\"><strong>VALPROGRAM<\/strong><\/a><\/p>\n<p style=\"text-align: center\"><a href=\"http:\/\/wp.kristdemokraterna.se\/vasterbotten\/files\/2022\/08\/sammanfattning-vannas-23-26-.pdf\"><strong>SAMMANFATTNING AV VALPROGRAM<\/strong><\/a><\/p>\n<p><img loading=\"lazy\" decoding=\"async\" class=\"size-large wp-image-2629 aligncenter\" src=\"http:\/\/wp.kristdemokraterna.se\/vasterbotten\/files\/2022\/05\/screenshot-2022-05-19-at-14.17.45-652x1024.png\" alt=\"\" width=\"652\" height=\"1024\" srcset=\"https:\/\/wp.kristdemokraterna.se\/vasterbotten\/files\/2022\/05\/screenshot-2022-05-19-at-14.17.45-652x1024.png 652w, https:\/\/wp.kristdemokraterna.se\/vasterbotten\/files\/2022\/05\/screenshot-2022-05-19-at-14.17.45-191x300.png 191w, https:\/\/wp.kristdemokraterna.se\/vasterbotten\/files\/2022\/05\/screenshot-2022-05-19-at-14.17.45-768x1207.png 768w, https:\/\/wp.kristdemokraterna.se\/vasterbotten\/files\/2022\/05\/screenshot-2022-05-19-at-14.17.45-127x200.png 127w, https:\/\/wp.kristdemokraterna.se\/vasterbotten\/files\/2022\/05\/screenshot-2022-05-19-at-14.17.45-370x581.png 370w, https:\/\/wp.kristdemokraterna.se\/vasterbotten\/files\/2022\/05\/screenshot-2022-05-19-at-14.17.45-770x1210.png 770w, https:\/\/wp.kristdemokraterna.se\/vasterbotten\/files\/2022\/05\/screenshot-2022-05-19-at-14.17.45-450x707.png 450w, https:\/\/wp.kristdemokraterna.se\/vasterbotten\/files\/2022\/05\/screenshot-2022-05-19-at-14.17.45-256x402.png 256w, https:\/\/wp.kristdemokraterna.se\/vasterbotten\/files\/2022\/05\/screenshot-2022-05-19-at-14.17.45-340x534.png 340w, https:\/\/wp.kristdemokraterna.se\/vasterbotten\/files\/2022\/05\/screenshot-2022-05-19-at-14.17.45-36x56.png 36w, https:\/\/wp.kristdemokraterna.se\/vasterbotten\/files\/2022\/05\/screenshot-2022-05-19-at-14.17.45.png 928w\" sizes=\"auto, (max-width: 652px) 100vw, 652px\" \/><\/p>\n","protected":false},"excerpt":{"rendered":"<p>Toppkandidater i kommunvalet: Sandra Bingebo, Martin Hermansson, Elisabeth Essebro &amp; Hans-Inge Smetana. VALPROGRAM SAMMANFATTNING AV VALPROGRAM<\/p>\n","protected":false},"author":1024,"featured_media":0,"parent":0,"menu_order":0,"comment_status":"closed","ping_status":"closed","template":"","meta":{"_acf_changed":false,"footnotes":""},"class_list":["post-2627","page","type-page","status-publish","hentry"],"acf":[],"yoast_head":"<!-- This site is optimized with the Yoast SEO plugin v27.3 - https:\/\/yoast.com\/product\/yoast-seo-wordpress\/ -->\n<title>V\u00e4nn\u00e4s - KRISTDEMOKRATERNA i V\u00e4sterbotten<\/title>\n<meta name=\"robots\" content=\"index, follow, max-snippet:-1, max-image-preview:large, max-video-preview:-1\" \/>\n<link rel=\"canonical\" href=\"https:\/\/wp.kristdemokraterna.se\/vasterbotten\/vannas\/\" \/>\n<meta property=\"og:locale\" content=\"sv_SE\" \/>\n<meta property=\"og:type\" content=\"article\" \/>\n<meta property=\"og:title\" content=\"V\u00e4nn\u00e4s - KRISTDEMOKRATERNA i V\u00e4sterbotten\" \/>\n<meta property=\"og:description\" content=\"Toppkandidater i kommunvalet: Sandra Bingebo, Martin Hermansson, Elisabeth Essebro &amp; Hans-Inge Smetana. VALPROGRAM SAMMANFATTNING AV VALPROGRAM\" \/>\n<meta property=\"og:url\" content=\"https:\/\/wp.kristdemokraterna.se\/vasterbotten\/vannas\/\" \/>\n<meta property=\"og:site_name\" content=\"KRISTDEMOKRATERNA i V\u00e4sterbotten\" \/>\n<meta property=\"article:publisher\" content=\"https:\/\/www.facebook.com\/kdvasterbotten\/\" \/>\n<meta property=\"article:modified_time\" content=\"2022-08-28T13:22:56+00:00\" \/>\n<meta property=\"og:image\" content=\"http:\/\/wp.kristdemokraterna.se\/vasterbotten\/files\/2022\/05\/vannas-ny-1024x576.jpg\" \/>\n<meta name=\"twitter:card\" content=\"summary_large_image\" \/>\n<meta name=\"twitter:site\" content=\"@kdvasterbotten\" \/>\n<script type=\"application\/ld+json\" class=\"yoast-schema-graph\">{\"@context\":\"https:\\\/\\\/schema.org\",\"@graph\":[{\"@type\":\"WebPage\",\"@id\":\"https:\\\/\\\/wp.kristdemokraterna.se\\\/vasterbotten\\\/vannas\\\/\",\"url\":\"https:\\\/\\\/wp.kristdemokraterna.se\\\/vasterbotten\\\/vannas\\\/\",\"name\":\"V\u00e4nn\u00e4s - KRISTDEMOKRATERNA i V\u00e4sterbotten\",\"isPartOf\":{\"@id\":\"https:\\\/\\\/wp.kristdemokraterna.se\\\/vasterbotten\\\/#website\"},\"primaryImageOfPage\":{\"@id\":\"https:\\\/\\\/wp.kristdemokraterna.se\\\/vasterbotten\\\/vannas\\\/#primaryimage\"},\"image\":{\"@id\":\"https:\\\/\\\/wp.kristdemokraterna.se\\\/vasterbotten\\\/vannas\\\/#primaryimage\"},\"thumbnailUrl\":\"http:\\\/\\\/wp.kristdemokraterna.se\\\/vasterbotten\\\/files\\\/2022\\\/05\\\/vannas-ny-1024x576.jpg\",\"datePublished\":\"2022-05-19T12:18:22+00:00\",\"dateModified\":\"2022-08-28T13:22:56+00:00\",\"breadcrumb\":{\"@id\":\"https:\\\/\\\/wp.kristdemokraterna.se\\\/vasterbotten\\\/vannas\\\/#breadcrumb\"},\"inLanguage\":\"sv-SE\",\"potentialAction\":[{\"@type\":\"ReadAction\",\"target\":[\"https:\\\/\\\/wp.kristdemokraterna.se\\\/vasterbotten\\\/vannas\\\/\"]}]},{\"@type\":\"ImageObject\",\"inLanguage\":\"sv-SE\",\"@id\":\"https:\\\/\\\/wp.kristdemokraterna.se\\\/vasterbotten\\\/vannas\\\/#primaryimage\",\"url\":\"http:\\\/\\\/wp.kristdemokraterna.se\\\/vasterbotten\\\/files\\\/2022\\\/05\\\/vannas-ny-1024x576.jpg\",\"contentUrl\":\"http:\\\/\\\/wp.kristdemokraterna.se\\\/vasterbotten\\\/files\\\/2022\\\/05\\\/vannas-ny-1024x576.jpg\"},{\"@type\":\"BreadcrumbList\",\"@id\":\"https:\\\/\\\/wp.kristdemokraterna.se\\\/vasterbotten\\\/vannas\\\/#breadcrumb\",\"itemListElement\":[{\"@type\":\"ListItem\",\"position\":1,\"name\":\"Hem\",\"item\":\"https:\\\/\\\/wp.kristdemokraterna.se\\\/vasterbotten\\\/\"},{\"@type\":\"ListItem\",\"position\":2,\"name\":\"V\u00e4nn\u00e4s\"}]},{\"@type\":\"WebSite\",\"@id\":\"https:\\\/\\\/wp.kristdemokraterna.se\\\/vasterbotten\\\/#website\",\"url\":\"https:\\\/\\\/wp.kristdemokraterna.se\\\/vasterbotten\\\/\",\"name\":\"KRISTDEMOKRATERNA i V\u00e4sterbotten\",\"description\":\"Varje m\u00e4nniska ska bem\u00f6tas med v\u00e4rdighet!\",\"inLanguage\":\"sv-SE\"}]}<\/script>\n<!-- \/ Yoast SEO plugin. -->","yoast_head_json":{"title":"V\u00e4nn\u00e4s - KRISTDEMOKRATERNA i V\u00e4sterbotten","robots":{"index":"index","follow":"follow","max-snippet":"max-snippet:-1","max-image-preview":"max-image-preview:large","max-video-preview":"max-video-preview:-1"},"canonical":"https:\/\/wp.kristdemokraterna.se\/vasterbotten\/vannas\/","og_locale":"sv_SE","og_type":"article","og_title":"V\u00e4nn\u00e4s - KRISTDEMOKRATERNA i V\u00e4sterbotten","og_description":"Toppkandidater i kommunvalet: Sandra Bingebo, Martin Hermansson, Elisabeth Essebro &amp; Hans-Inge Smetana. VALPROGRAM SAMMANFATTNING AV VALPROGRAM","og_url":"https:\/\/wp.kristdemokraterna.se\/vasterbotten\/vannas\/","og_site_name":"KRISTDEMOKRATERNA i V\u00e4sterbotten","article_publisher":"https:\/\/www.facebook.com\/kdvasterbotten\/","article_modified_time":"2022-08-28T13:22:56+00:00","og_image":[{"url":"http:\/\/wp.kristdemokraterna.se\/vasterbotten\/files\/2022\/05\/vannas-ny-1024x576.jpg","type":"","width":"","height":""}],"twitter_card":"summary_large_image","twitter_site":"@kdvasterbotten","schema":{"@context":"https:\/\/schema.org","@graph":[{"@type":"WebPage","@id":"https:\/\/wp.kristdemokraterna.se\/vasterbotten\/vannas\/","url":"https:\/\/wp.kristdemokraterna.se\/vasterbotten\/vannas\/","name":"V\u00e4nn\u00e4s - KRISTDEMOKRATERNA i V\u00e4sterbotten","isPartOf":{"@id":"https:\/\/wp.kristdemokraterna.se\/vasterbotten\/#website"},"primaryImageOfPage":{"@id":"https:\/\/wp.kristdemokraterna.se\/vasterbotten\/vannas\/#primaryimage"},"image":{"@id":"https:\/\/wp.kristdemokraterna.se\/vasterbotten\/vannas\/#primaryimage"},"thumbnailUrl":"http:\/\/wp.kristdemokraterna.se\/vasterbotten\/files\/2022\/05\/vannas-ny-1024x576.jpg","datePublished":"2022-05-19T12:18:22+00:00","dateModified":"2022-08-28T13:22:56+00:00","breadcrumb":{"@id":"https:\/\/wp.kristdemokraterna.se\/vasterbotten\/vannas\/#breadcrumb"},"inLanguage":"sv-SE","potentialAction":[{"@type":"ReadAction","target":["https:\/\/wp.kristdemokraterna.se\/vasterbotten\/vannas\/"]}]},{"@type":"ImageObject","inLanguage":"sv-SE","@id":"https:\/\/wp.kristdemokraterna.se\/vasterbotten\/vannas\/#primaryimage","url":"http:\/\/wp.kristdemokraterna.se\/vasterbotten\/files\/2022\/05\/vannas-ny-1024x576.jpg","contentUrl":"http:\/\/wp.kristdemokraterna.se\/vasterbotten\/files\/2022\/05\/vannas-ny-1024x576.jpg"},{"@type":"BreadcrumbList","@id":"https:\/\/wp.kristdemokraterna.se\/vasterbotten\/vannas\/#breadcrumb","itemListElement":[{"@type":"ListItem","position":1,"name":"Hem","item":"https:\/\/wp.kristdemokraterna.se\/vasterbotten\/"},{"@type":"ListItem","position":2,"name":"V\u00e4nn\u00e4s"}]},{"@type":"WebSite","@id":"https:\/\/wp.kristdemokraterna.se\/vasterbotten\/#website","url":"https:\/\/wp.kristdemokraterna.se\/vasterbotten\/","name":"KRISTDEMOKRATERNA i V\u00e4sterbotten","description":"Varje m\u00e4nniska ska bem\u00f6tas med v\u00e4rdighet!","inLanguage":"sv-SE"}]}},"_links":{"self":[{"href":"https:\/\/wp.kristdemokraterna.se\/vasterbotten\/wp-json\/wp\/v2\/pages\/2627","targetHints":{"allow":["GET"]}}],"collection":[{"href":"https:\/\/wp.kristdemokraterna.se\/vasterbotten\/wp-json\/wp\/v2\/pages"}],"about":[{"href":"https:\/\/wp.kristdemokraterna.se\/vasterbotten\/wp-json\/wp\/v2\/types\/page"}],"author":[{"embeddable":true,"href":"https:\/\/wp.kristdemokraterna.se\/vasterbotten\/wp-json\/wp\/v2\/users\/1024"}],"replies":[{"embeddable":true,"href":"https:\/\/wp.kristdemokraterna.se\/vasterbotten\/wp-json\/wp\/v2\/comments?post=2627"}],"version-history":[{"count":6,"href":"https:\/\/wp.kristdemokraterna.se\/vasterbotten\/wp-json\/wp\/v2\/pages\/2627\/revisions"}],"predecessor-version":[{"id":2786,"href":"https:\/\/wp.kristdemokraterna.se\/vasterbotten\/wp-json\/wp\/v2\/pages\/2627\/revisions\/2786"}],"wp:attachment":[{"href":"https:\/\/wp.kristdemokraterna.se\/vasterbotten\/wp-json\/wp\/v2\/media?parent=2627"}],"curies":[{"name":"wp","href":"https:\/\/api.w.org\/{rel}","templated":true}]}}